{"id":8763,"date":"2024-09-04T20:13:20","date_gmt":"2024-09-04T20:13:20","guid":{"rendered":"https:\/\/travelshelper.com\/staging\/?page_id=8763"},"modified":"2026-03-13T17:33:52","modified_gmt":"2026-03-13T17:33:52","slug":"dallas","status":"publish","type":"page","link":"https:\/\/travelshelper.com\/hu\/destinations\/north-america\/united-states\/dallas\/","title":{"rendered":"Dallas"},"content":{"rendered":"<p>Dallas megtestes\u00edti a texasi nagyv\u00e1rosi szellemet: hatalmas, dinamikus \u00e9s tele d\u00e9li st\u00edlussal. Dallasban 2020-ban 1 304 379 lakos \u00e9lt, ezzel az Egyes\u00fclt \u00c1llamok 9., Texas pedig harmadik legnagyobb v\u00e1rosa (Houston \u00e9s San Antonio ut\u00e1n). Agglomer\u00e1ci\u00f3ja (Dallas\u2013Fort Worth) hatalmas, t\u00f6bb mint 7,63 milli\u00f3 emberrel (a 4. legnagyobb amerikai metr\u00f3). Dallas gazdas\u00e1ga nagyon er\u0151s \u00e9s soksz\u00edn\u0171: a metr\u00f3 GDP-je 2022-ben k\u00f6r\u00fclbel\u00fcl 689,9 milli\u00e1rd doll\u00e1r volt. A t\u00f6rt\u00e9nelmileg gyapotra, szarvasmarh\u00e1ra \u00e9s olajra \u00e9p\u00fclt modern Dallas a v\u00e9delem, a technol\u00f3gia, a telekommunik\u00e1ci\u00f3, a banki szektor \u00e9s a k\u00f6zleked\u00e9s k\u00f6zpontja. A v\u00e1ros hat\u00e1rain bel\u00fcl 11 Fortune 500-as k\u00f6zpontnak ad otthont \u2013 olyan v\u00e1llalatok, mint az AT&amp;T, a Southwest Airlines, a Texas Instruments \u00e9s a Tenet Healthcare. A k\u00f6zeli Fort Worth-szel egy\u00fctt a metr\u00f3 23 Fortune 500-as v\u00e1llalatnak ad otthont (a 2. Texasban). Ezek a p\u00e9nz\u00fcgyi \u00e9s v\u00e1llalati szektorok hat\u00e1rozz\u00e1k meg Dallas jelleg\u00e9t: \u00fczleti f\u0151v\u00e1ros luxus felh\u0151karcol\u00f3kkal \u00e9s egy nemzetk\u00f6zi rep\u00fcl\u0151t\u00e9rrel (DFW), amely a vil\u00e1g egyik legforgalmasabbja.<\/p>\n<p>Dallas \u00c9szak-Texasban fekszik, az Egyes\u00fclt \u00c1llamok d\u00e9li r\u00e9sz\u00e9nek s\u00edk part menti s\u00edks\u00e1g\u00e1n. T\u00e1vol esik az \u00f3ce\u00e1nt\u00f3l, \u00edgy az orsz\u00e1g egyik legnagyobb sz\u00e1razf\u00f6ldi metropolisza. A v\u00e1ros tengerszint feletti magass\u00e1ga k\u00f6r\u00fclbel\u00fcl 150 m\u00e9ter. F\u00f6ldrajzilag Dallasban nincsenek term\u00e9szetes akad\u00e1lyok \u2013 k\u00f6ztudottan lapos \u00e9s r\u00e1csos mint\u00e1zat\u00fa, ami el\u0151seg\u00edti a terjeszked\u00e9st. A Trinity foly\u00f3 kanyarog a v\u00e1roson kereszt\u00fcl, a Dallas V\u00e1rosh\u00e1za \u00e9s a Klyde Warren Park pedig mellette \u00e9p\u00fclt. A v\u00e1ros \u00e9ghajlata p\u00e1r\u00e1s szubtr\u00f3pusi (K\u00f6ppen Cfa). A nyarak nagyon forr\u00f3k \u00e9s p\u00e1r\u00e1sak: a j\u00falius-augusztusban az \u00e1tlagos maximumh\u0151m\u00e9rs\u00e9klet el\u00e9ri a 32 \u00b0C k\u00f6zep\u00e9t, a h\u0151index pedig gyakran meghaladja a 43 \u00b0C-ot. A l\u00e1togat\u00f3knak perzsel\u0151 naps\u00fct\u00e9sre \u00e9s id\u0151nk\u00e9nt heves zivatarokra kell sz\u00e1m\u00edtaniuk. A telek enyh\u00e9k: janu\u00e1rban az \u00e1tlagos maximumh\u0151m\u00e9rs\u00e9klet 13 \u00b0C k\u00f6r\u00fcl van, ritka fagyokkal \u00e9s ritka havaz\u00e1ssal (az \u00e1tlagos h\u00f3mennyis\u00e9g csak ~3,8 cm). A hirtelen hidegfrontok n\u00e9h\u00e1ny napos t\u00e9li id\u0151j\u00e1r\u00e1st hozhatnak, de \u00e1ltal\u00e1ban a dallasi telek r\u00f6videk \u00e9s m\u00e9rs\u00e9keltek. A tavasz \u00e9s az \u0151sz kellemes \u00e1tmeneti \u00e9vszakok vadvir\u00e1gvir\u00e1gz\u00e1ssal (k\u00e9kvir\u00e1gokkal) \u00e9s kellemes h\u0151m\u00e9rs\u00e9klettel.<\/p>\n<p>Miel\u0151tt Dallas v\u00e1ross\u00e1 v\u00e1lt, a k\u00f6rny\u00e9k caddo, wichita, tawakoni \u00e9s komancs t\u00f6rzsek otthona volt. N\u00e9vleg spanyol (\u00e9s k\u00e9s\u0151bb mexik\u00f3i) ter\u00fclet volt, am\u00edg Texas 1836-ban elnyerte f\u00fcggetlens\u00e9g\u00e9t. Dallas modern t\u00f6rt\u00e9nete 1841-ben kezd\u0151d\u00f6tt, amikor John Neely Bryan keresked\u0151 felm\u00e9rte a Trinity foly\u00f3 \u201efeh\u00e9r szikl\u00e1s \u00e1tkel\u0151hely\u00e9t\u201d, \u00e9s kereskedelmi \u00e1llom\u00e1st hozott l\u00e9tre. K\u00e9t \u00e9vvel k\u00e9s\u0151bb v\u00e9gleg letelepedett ott, \u00e9s a k\u00f6z\u00f6ss\u00e9get Dallasnak nevezte el (val\u00f3sz\u00edn\u0171leg George M. Dallas aleln\u00f6k ut\u00e1n, b\u00e1r az elm\u00e9letek megoszlanak). A Texasi K\u00f6zt\u00e1rsas\u00e1g 1845-ben annekt\u00e1lta a ter\u00fcletet, \u00e9s 1846-ban megalakult Dallas megye. A v\u00e1rost 1856-ban bejegyezt\u00e9k. \u00c9vtizedekig szer\u00e9ny foly\u00f3parti v\u00e1ros \u00e9s hat\u00e1r menti el\u0151\u0151rs volt.<\/p>\n<p>Az igazi fellend\u00fcl\u00e9st a polg\u00e1rh\u00e1bor\u00fa ut\u00e1ni vas\u00fat\u00e9p\u00edt\u00e9sek jelentett\u00e9k. Az 1880-as \u00e9s 90-es \u00e9vekre Dallas a gyapot kereskedelmi \u00e9s ipari k\u00f6zpontj\u00e1v\u00e1 v\u00e1lt (gyapotgy\u00e1rokat \u00e9s rakt\u00e1rakat \u00e9p\u00edtett), valamint Texast kelet fel\u00e9 \u00f6sszek\u00f6t\u0151 vas\u00fati csom\u00f3pontt\u00e1. A Praetorian Building (1909) az egyik els\u0151 felh\u0151karcol\u00f3 volt a Mississippit\u0151l nyugatra, Dallas n\u00f6vekv\u0151 amb\u00edci\u00f3it szimboliz\u00e1lva. Az olaj felfedez\u00e9se a k\u00f6zeli Kelet-Texasban 1930-ban szinte egyik napr\u00f3l a m\u00e1sikra Dallast energia-finansz\u00edroz\u00e1si f\u0151v\u00e1ross\u00e1 tette; sz\u00e1mos bank \u00e9s v\u00e1llalkoz\u00e1s telepedett ide, hogy kiszolg\u00e1lja az olajipart. A m\u00e1sodik vil\u00e1gh\u00e1bor\u00fa idej\u00e9n Dallas hatalmas gy\u00e1rakban katonai j\u00e1rm\u0171veket \u00e9s rep\u00fcl\u0151g\u00e9peket gy\u00e1rtott, tov\u00e1bb er\u0151s\u00edtve ipari szerep\u00e9t.<\/p>\n<p>Dallas s\u00f6t\u00e9tebb t\u00f6rt\u00e9nelmi pillanata John F. Kennedy eln\u00f6k 1963. november 22-i meggyilkol\u00e1sa volt a Dealey Plaz\u00e1ban. A Texas School Book Depository (ma a Sixth Floor Museum) uralja a belv\u00e1rosi kultur\u00e1lis t\u00far\u00e1kat, mik\u00f6zben a v\u00e1ros ezzel az \u00f6r\u00f6ks\u00e9ggel k\u00fczd. A h\u00e1bor\u00fa ut\u00e1ni \u00e9vtizedekben Dallas terjeszked\u0151 metropolissz\u00e1 n\u0151tte ki mag\u00e1t, k\u00fclv\u00e1rosokat annekt\u00e1lva \u00e9s \u00faj aut\u00f3p\u00e1ly\u00e1kat \u00e9p\u00edtve (I-35E, I-30, I-45, I-20). P\u00e9nz\u00fcgyi \u00e9s banki k\u00f6zpontt\u00e1 v\u00e1lt (a p\u00e9nz\u00fcgyekben \u201eBig D\u201d), mik\u00f6zben \u00e9l\u00e9nk m\u0171v\u00e9szeti \u00e9letet is el\u0151seg\u00edtett (a Dallas Theater Center, a DART k\u00f6nny\u0171vas\u00fat az 1990-es \u00e9vekben) \u00e9s kultur\u00e1lis identit\u00e1st (a Reunion Tower 1978-ban ny\u00edlt meg, a M\u0171v\u00e9szeti Negyed kib\u0151v\u00fclt). A figyelemre m\u00e9lt\u00f3 esem\u00e9nyek k\u00f6z\u00e9 tartozik a Petroleum Building 1934-es (\u00e1ltal\u00e1nos) vagy 1960-as (tenger\u00e9szeti) bomb\u00e1z\u00e1sa (belf\u00f6ldi terrorcselekm\u00e9nyek), valamint olyan modern trag\u00e9di\u00e1k, mint a 2016-os rend\u0151ri t\u00e1mad\u00e1s. \u00d6sszefoglalva, Dallas t\u00f6rt\u00e9nelme a hat\u00e1r menti kereskedelmi \u00e1llom\u00e1sb\u00f3l olaj- \u00e9s technol\u00f3giai nagyhatalomm\u00e1 v\u00e1l\u00e1s t\u00f6rt\u00e9nete, fellend\u00fcl\u00e9s, fellend\u00fcl\u00e9s \u00e9s fel\u00faj\u00edt\u00e1s fejezeteivel.<\/p>\n<p>Dallas \u00f6tv\u00f6zi a d\u00e9li vend\u00e9gszeretetet a nagyv\u00e1rosi ny\u00fczsg\u00e9ssel. A helyiek magabiztosak, udvariasak \u00e9s n\u00e9ha hivalkod\u00f3ak. Az emberek j\u00f3l \u00f6lt\u00f6zk\u00f6dnek (a cowboy csizm\u00e1k vagy az \u00fczleti \u00f6lt\u00f6ny\u00f6k ugyanolyan gyakoriak), \u00e9s az \u201euram\/\u00farn\u0151m\u201d udvariass\u00e1g sz\u00e9les k\u00f6rben elterjedt. A v\u00e1ros kult\u00far\u00e1ja gazdag olvaszt\u00f3t\u00e9gely: az er\u0151s afroamerikai, spanyol \u00e9s \u00e1zsiai k\u00f6z\u00f6ss\u00e9gek mind hozz\u00e1j\u00e1rulnak a v\u00e1ros mozaikj\u00e1hoz. A texasi b\u00fcszkes\u00e9g m\u00e9lyen gy\u00f6kerezik: a Dallas Cowboys futballcsapat\u00e1nak hat\u00e1sa mindenhol \u00e9rezhet\u0151 (egyesek szerint az \u00e1llamban t\u00f6bb a hamis Rolex, mint az igazi; \u00e9s sokan \u201eJerry World\u201d sapk\u00e1t viselnek). De a futballon t\u00fal Dallas kozmopolita oldala is megmutatkozik a m\u0171v\u00e9szeti negyed\u00e9ben, a kifinomult \u00e9ttermekben (high-end steakhouse-ok, tex-mex \u00e9s glob\u00e1lis konyha) \u00e9s a legmodernebb ipar\u00e1gakban.<\/p>\n<p>Dallasban sz\u00e1mos fesztiv\u00e1l \u00e9s hagyom\u00e1ny tal\u00e1lhat\u00f3. A M\u0171v\u00e9szeti H\u00f3nap (okt\u00f3ber) alatt az orsz\u00e1g legnagyobb, \u00f6sszef\u00fcgg\u0151 v\u00e1rosi m\u0171v\u00e9szeti negyede megny\u00edlik, \u00e9s a Kort\u00e1rs M\u0171v\u00e9szeti V\u00e1s\u00e1r is a v\u00e1rosba \u00e9rkezik. A Dallas Nemzetk\u00f6zi Filmfesztiv\u00e1l nemzetk\u00f6zi mozit mutat be. A Pride Dallas nagyszab\u00e1s\u00fa (Dallasban \u00e9l az Egyes\u00fclt \u00c1llamok egyik legnagyobb LMBT k\u00f6z\u00f6ss\u00e9ge, \u00e9s b\u00fcszke arra, hogy vend\u00e9gszeret\u0151). A Juneteenth \u00fcnneps\u00e9gek fontosak (Dallas volt az \u00fcnnep egyik els\u0151 befogad\u00f3ja). Ny\u00e1ron a Texasi \u00c1llami V\u00e1s\u00e1r (amelyet a k\u00f6zeli Fair Parkban rendeznek okt\u00f3berben) f\u0151 vonzer\u0151, Big Tex-szel, hull\u00e1mvasutakkal \u00e9s s\u00fclt \u00e9telekkel (val\u00f3ban minden nagyobb). J\u00falius negyedik\u00e9n v\u00e1rosszerte t\u0171zij\u00e1t\u00e9kot rendeznek (&#034;Fourth at the Star&#034; a Cowboys stadion k\u00f6zel\u00e9ben vagy a belv\u00e1rosi t\u0171zij\u00e1t\u00e9k).<\/p>\n<p>A k\u00f6rny\u00e9kbeli \u00e9let v\u00e1ltozatos: Deep Ellum \u00e9l\u0151zen\u00e9t\u0151l \u00e9s falfestm\u00e9nyekt\u0151l l\u00fcktet, Uptown Dallas (az Oak Lawn sug\u00e1r\u00fat ment\u00e9n) b\u00e1rokt\u00f3l \u00e9s \u00e9ttermekt\u0151l ny\u00fczs\u00f6g, az Oak Cliffben tal\u00e1lhat\u00f3 Bishop Arts pedig egy men\u0151 falura hasonl\u00edt. Er\u0151s BBQ \u00e9s Tex-Mex \u00e9telkult\u00fara is jellemzi: taco kocsik, grillez\u0151helyek \u00e9s texasi laza \u00e9ttermek mindenhol megtal\u00e1lhat\u00f3k (Dallasnak m\u00e9g saj\u00e1t \u201eMargarita Mile\u201d-ja is van a kokt\u00e9lokhoz). \u00d6sszess\u00e9g\u00e9ben Dallas hangulata meleg, de p\u00f6rg\u0151s \u2013 egy hely, ahol alkudoznak \u00e9s kapcsolatokat \u00e9p\u00edtenek az emberek, m\u00e9gis gyakran egy j\u00e9ghideg Dr Pepperrel (Texas kedvenc \u00fcd\u00edt\u0151j\u00e9vel) vagy egy marhaszegyes tac\u00f3val z\u00e1rj\u00e1k a napot.<\/p>\n<p>Dallas ikonikus v\u00e1rosk\u00e9peket \u00e9s v\u00e1ltozatos l\u00e1tnival\u00f3kat k\u00edn\u00e1l. A legismertebb szimb\u00f3lum a Reunion Tower \u2013 a g\u00f6mb alak\u00fa kil\u00e1t\u00f3 a Trinity foly\u00f3 ment\u00e9n \u2013, melynek GeO-Deck terasz\u00e1r\u00f3l 360\u00b0-os panor\u00e1ma ny\u00edlik a v\u00e1rosra. A k\u00f6zelben tal\u00e1lhat\u00f3 a Perot Term\u00e9szettudom\u00e1nyi \u00e9s Tudom\u00e1nyos M\u00fazeum, egy felt\u0171n\u0151 \u00e9p\u00edt\u00e9szeti nevezetess\u00e9g, tele interakt\u00edv ki\u00e1ll\u00edt\u00e1sokkal geol\u00f3gi\u00e1r\u00f3l, \u0171rkutat\u00e1sr\u00f3l \u00e9s dinoszaurusz fossz\u00edli\u00e1kr\u00f3l. A CityPASS \u00e9s a turisztikai list\u00e1k kiemelik Dallas egyik legfontosabb l\u00e1tv\u00e1nyoss\u00e1gak\u00e9nt. A Dallas Arbor\u00e9tum \u00e9s Botanikus Kert (a v\u00e1rost\u00f3l keletre, a White Rock-t\u00f3 partj\u00e1n) h\u00edres szezon\u00e1lis vir\u00e1gki\u00e1ll\u00edt\u00e1sair\u00f3l (tavaszi tulip\u00e1nok, ny\u00e1ri r\u00f3zs\u00e1k, \u0151szi any\u00e1kvir\u00e1gok) \u00e9s az \u00e9ves tavaszi ki\u00e1ll\u00edt\u00e1s\u00e1r\u00f3l.<\/p>\n<p>A belv\u00e1ros M\u0171v\u00e9szeti Negyed\u00e9ben (az orsz\u00e1g legnagyobb m\u0171v\u00e9szeti negyed\u00e9ben) tal\u00e1lhat\u00f3 a Dallas M\u0171v\u00e9szeti M\u00fazeum \u00e9s a Nasher Szobr\u00e1szati \u200b\u200bK\u00f6zpont, amely a m\u0171v\u00e9szet szerelmeseit vonzza. A belv\u00e1ros Dealey Plaz\u00e1j\u00e1val szemben tal\u00e1lhat\u00f3 a Sixth Floor M\u00fazeum (a r\u00e9gi K\u00f6nyvt\u00e1rban), amely a JFK mer\u00e9nylet\u00e9r\u0151l sz\u00f3l. A Dallas \u00c1llatkert (CityPASS opci\u00f3) \u00e9s a Dallas Vil\u00e1g Akv\u00e1rium (t\u00f6rt\u00e9nelmi v\u00e1rosi akv\u00e1rium) n\u00e9pszer\u0171 csal\u00e1di helyek. A sportrajong\u00f3k ell\u00e1togathatnak az AT&amp;T Stadionba vagy az American Airlines Centerbe, vagy megn\u00e9zhetik a Cowboys, a Mavericks (NBA) vagy a Stars (NHL) meccseit. A helyt\u00f6rt\u00e9neti \u00e9rdekess\u00e9gek k\u00f6z\u00fcl \u00e9rdemes megeml\u00edteni a George W. Bush Eln\u00f6ki K\u00f6zpontot (SMU campus) \u00e9s a Dallas Holokauszt \u00e9s Emberi Jogok M\u00fazeum\u00e1t (a West Enden).<\/p>\n<p>B\u0151ven akad szabadt\u00e9ri kikapcsol\u00f3d\u00e1si lehet\u0151s\u00e9g: a Katy Trail egy 5,6 kilom\u00e9teres v\u00e1rosi t\u00fara\u00fatvonal Uptownon kereszt\u00fcl; a White Rock Lake Parkban evez\u00e9sre \u00e9s fut\u00e1sra is lehet\u0151s\u00e9g ny\u00edlik; a Klyde Warren Park (amely a Woodall Rodgers aut\u00f3p\u00e1lya felett tal\u00e1lhat\u00f3) pedig egy z\u00f6ld o\u00e1zis food truckokkal \u00e9s ingyenes programokkal. \u00c9rdemes ell\u00e1togatni a t\u00f6rt\u00e9nelmi Deep Ellum utcai m\u0171v\u00e9szeti \u00e9s zenei klubjaiba, a fel\u00faj\u00edtott Perot Sz\u00ednh\u00e1zba West Dallasban, valamint a vibr\u00e1l\u00f3 Bishop Arts Districtbe, ahol butikok \u00e9s k\u00e1v\u00e9z\u00f3k v\u00e1rj\u00e1k a l\u00e1togat\u00f3kat. R\u00f6viden, Dallas kihagyhatatlan l\u00e1tnival\u00f3i a magaslatokt\u00f3l (Perot M\u00fazeum ki\u00e1ll\u00edt\u00e1sai, Reunion terasz) a helyiekig (a M\u0171v\u00e9szeti Negyed, Bishop Arts \u00e9ttermei) terjednek.<\/p>\n<p>Dallas jelent\u0151s k\u00f6zleked\u00e9si csom\u00f3pont. A Dallas \u00e9s Fort Worth k\u00f6z\u00f6tt tal\u00e1lhat\u00f3 Dallas\/Fort Worth Nemzetk\u00f6zi Rep\u00fcl\u0151t\u00e9r (DFW) a vil\u00e1g egyik legforgalmasabb rep\u00fcl\u0151tere, ahonnan vil\u00e1gszerte indulnak k\u00f6zvetlen j\u00e1ratokat. Az \u00e9szak-dallasban tal\u00e1lhat\u00f3 Love Field (DAL) sz\u00e1mos belf\u00f6ldi j\u00e1ratot fogad (d\u00e9lnyugati ir\u00e1nyban, Alaszk\u00e1ban). Az \u00e1llamk\u00f6zi h\u00e1l\u00f3zat kiterjedt: az I-35E \u00e9szak-d\u00e9li, az I-30 kelet-nyugati ir\u00e1nyban a belv\u00e1roson kereszt\u00fcl, az I-45 d\u00e9li, az I-20 d\u00e9li \u00e9s az I-635 hurokvonal veszi k\u00f6r\u00fcl a v\u00e1rost. A Dallas Area Rapid Transit (DART) k\u00f6nny\u0171vasutat (n\u00e9gy vonal, k\u00f6r\u00fclbel\u00fcl 90 m\u00e9rf\u00f6ldet lefedve) \u00e9s buszokat k\u00edn\u00e1l; a z\u00f6ld \u00e9s a narancss\u00e1rga vonalak \u00f6sszek\u00f6tik a rep\u00fcl\u0151teret a belv\u00e1rossal. A DART narancss\u00e1rga vonala k\u00f6zvetlen j\u00e1ratot biztos\u00edt DFW-b\u0151l a belv\u00e1rosba \u00e9s a Kongresszusi K\u00f6zpont k\u00f6zel\u00e9be.<\/p>\n<p>Dallas nagyon aut\u00f3k\u00f6zpont\u00fa \u2013 id\u0151nk\u00e9nt nagy forgalomra sz\u00e1m\u00edts, \u00e9s hosszabb utakra tervezz. A belv\u00e1rosban b\u0151s\u00e9ges a parkol\u00e1si lehet\u0151s\u00e9g, de dr\u00e1ga lehet; sok l\u00e1togat\u00f3 a DART-ot vagy a k\u00f6z\u00f6s fuvaroz\u00e1st haszn\u00e1lja, hogy elker\u00fclje. Dallas belv\u00e1ros\u00e1ban olyan k\u00f6rny\u00e9kek, mint az Uptown, a Downtown \u00e9s a Deep Ellum, gyalogosan is megk\u00f6zel\u00edthet\u0151k. A ker\u00e9kp\u00e1roz\u00e1s elterjedt (van egy k\u00f6z\u00f6s program \u00e9s z\u00f6ld utak), de vigy\u00e1zz a h\u0151s\u00e9ggel.<\/p>\n<p>Dallas a k\u00f6zponti id\u0151z\u00f3n\u00e1ban tal\u00e1lhat\u00f3 (UTC-6). Az angol \u00e9s a spanyol nyelvet sz\u00e9les k\u00f6rben besz\u00e9lik. A legt\u00f6bb amerikai v\u00e1roshoz hasonl\u00f3an vigyen mag\u00e1val amerikai doll\u00e1rt, \u00e9s ellen\u0151rizze az id\u0151j\u00e1r\u00e1st (a ny\u00e1ri viharok dr\u00e1maiak lehetnek). Az \u00e9ttermekben a 15\u201320% borraval\u00f3 a szok\u00e1sos. Dallas \u00e1ltal\u00e1ban biztons\u00e1gos a turisztikai ter\u00fcleteken; az er\u0151szakos b\u0171ncselekm\u00e9nyek gyakran D\u00e9l-Dallas \u00e9s Oak Cliff t\u00e1voli r\u00e9szein koncentr\u00e1l\u00f3dnak, ez\u00e9rt az \u00e1ltal\u00e1nos \u00e9bers\u00e9g aj\u00e1nlott. A napv\u00e9delem kulcsfontoss\u00e1g\u00fa (a le\u00e9g\u00e9s m\u00e9g a felh\u0151karcol\u00f3k t\u00fckr\u00f6z\u0151d\u0151 \u00fcveg\u00e9b\u0151l is sz\u00e1rmazhat). Az alkoholfogyaszt\u00e1s als\u00f3 korhat\u00e1ra 21 \u00e9v, \u00e9s Texasban nagy hangs\u00falyt fektetnek a grillez\u00e9si etikettre (elfogadhat\u00f3 a texasi politik\u00e1r\u00f3l besz\u00e9lni, de ne kavarjon bele egy texasi marhaszegybe!).<\/p>\n<p>\u00d6sszefoglalva, Dallas egy energikus, modern v\u00e1ros, m\u00e9ly hagyom\u00e1nyos gy\u00f6kerekkel. L\u00e1tv\u00e1nyoss\u00e1gai \u00e9s st\u00edlusa mer\u00e9sz texasi szellemis\u00e9get t\u00fckr\u00f6z, m\u00edg k\u00f6rny\u00e9kei igazi d\u00e9li melegs\u00e9ggel fogadj\u00e1k az idel\u00e1togat\u00f3kat. A high-tech k\u00f6zpontt\u00f3l a vil\u00e1gsz\u00ednvonal\u00fa m\u0171v\u00e9szeti negyedig, a legend\u00e1s tex-mext\u0151l a cowboy hagyom\u00e1nyokig, Dallas komplex, kozmopolita d\u00e9li \u00e9lm\u00e9nyt k\u00edn\u00e1l \u2013 egy v\u00e1rost, amely egyszerre f\u00f6ldh\u00f6zragadt \u00e9s \u00edg\u00e9retes.<a href=\"https:\/\/travelshelper.com\/hu\/uticelok\/eszak-amerika\/amerikai-egyesult-allamok\/berkeley-springs\/\" target=\"_self\" aria-labelledby=\"uael-post-8997\"><br \/>\n<\/a><\/p>","protected":false},"excerpt":{"rendered":"<p>Dallas egy \u00e9l\u00e9nk \u00e9s dinamikus metropolisz Texas \u00e1llamban, az Amerikai Egyes\u00fclt \u00c1llamokban. 7,5 milli\u00f3 lakos\u00e1val a Dallas-Fort Worth metroplex legn\u00e9pesebb v\u00e1rosa, Texas legn\u00e9pesebb nagyv\u00e1rosi ter\u00fclete, \u00e9s az Egyes\u00fclt \u00c1llamok negyedik legn\u00e9pesebb nagyv\u00e1rosi ter\u00fclete. Dallas megye sz\u00e9khelye, Dallas Collin, Denton, Kaufman \u00e9s Rockwall megy\u00e9kbe ny\u00falik. Houston \u00e9s San Antonio ut\u00e1n Dallas az Egyes\u00fclt \u00c1llamok kilencedik legn\u00e9pesebb v\u00e1rosa, \u00e9s Texas harmadik legn\u00e9pesebb v\u00e1rosa a 2020-as n\u00e9psz\u00e1ml\u00e1l\u00e1s alapj\u00e1n. Dallas, az \u00c9szak-Texas r\u00e9gi\u00f3ban, az Egyes\u00fclt \u00c1llamok d\u00e9li r\u00e9sz\u00e9nek legnagyobb nagyv\u00e1rosi ter\u00fclet\u00e9nek k\u00f6zpontja, \u00e9s az Egyes\u00fclt \u00c1llamok legnagyobb sz\u00e1razf\u00f6ldi nagyv\u00e1rosi ter\u00fclete, amelynek nincs haj\u00f3zhat\u00f3 tengeri kapcsolata.<\/p>","protected":false},"author":1,"featured_media":3097,"parent":8072,"menu_order":0,"comment_status":"closed","ping_status":"closed","template":"elementor_theme","meta":{"_eb_attr":"","footnotes":""},"class_list":["post-8763","page","type-page","status-publish","has-post-thumbnail"],"_links":{"self":[{"href":"https:\/\/travelshelper.com\/hu\/wp-json\/wp\/v2\/pages\/8763","targetHints":{"allow":["GET"]}}],"collection":[{"href":"https:\/\/travelshelper.com\/hu\/wp-json\/wp\/v2\/pages"}],"about":[{"href":"https:\/\/travelshelper.com\/hu\/wp-json\/wp\/v2\/types\/page"}],"author":[{"embeddable":true,"href":"https:\/\/travelshelper.com\/hu\/wp-json\/wp\/v2\/users\/1"}],"replies":[{"embeddable":true,"href":"https:\/\/travelshelper.com\/hu\/wp-json\/wp\/v2\/comments?post=8763"}],"version-history":[{"count":0,"href":"https:\/\/travelshelper.com\/hu\/wp-json\/wp\/v2\/pages\/8763\/revisions"}],"up":[{"embeddable":true,"href":"https:\/\/travelshelper.com\/hu\/wp-json\/wp\/v2\/pages\/8072"}],"wp:featuredmedia":[{"embeddable":true,"href":"https:\/\/travelshelper.com\/hu\/wp-json\/wp\/v2\/media\/3097"}],"wp:attachment":[{"href":"https:\/\/travelshelper.com\/hu\/wp-json\/wp\/v2\/media?parent=8763"}],"curies":[{"name":"wp","href":"https:\/\/api.w.org\/{rel}","templated":true}]}}