{"id":8723,"date":"2024-09-04T14:00:30","date_gmt":"2024-09-04T14:00:30","guid":{"rendered":"https:\/\/travelshelper.com\/staging\/?page_id=8723"},"modified":"2026-03-13T17:42:21","modified_gmt":"2026-03-13T17:42:21","slug":"fort-lauderdale","status":"publish","type":"page","link":"https:\/\/travelshelper.com\/hu\/destinations\/north-america\/united-states\/fort-lauderdale\/","title":{"rendered":"Fort Lauderdale"},"content":{"rendered":"<p>Fort Lauderdale egy k\u00f6zepes m\u00e9ret\u0171 tengerparti v\u00e1ros D\u00e9lkelet-Florid\u00e1ban, nagyj\u00e1b\u00f3l 23 m\u00e9rf\u00f6ldre \u00e9szakra Miamit\u00f3l. Jelenlegi lakoss\u00e1ga k\u00f6r\u00fclbel\u00fcl 185 000 f\u0151, \u00edgy Broward megye legnagyobb v\u00e1rosa \u00e9s a miami nagyv\u00e1rosi ter\u00fclet jelent\u0151s horgonypontja. A v\u00e1ros gazdas\u00e1ga a turizmus, a tengeri ipar \u00e9s a szolg\u00e1ltat\u00e1si szektorok kever\u00e9ke: a Port Everglades (a k\u00f6zeli m\u00e9lyv\u00edzi kik\u00f6t\u0151) \u00e9s a Fort Lauderdale\u2013Hollywood nemzetk\u00f6zi rep\u00fcl\u0151t\u00e9r a gazdas\u00e1gi f\u0151 motorok. Az egy f\u0151re jut\u00f3 j\u00f6vedelem viszonylag magas \u2013 a legfrissebb adatok szerint az \u00e1tlagos h\u00e1ztart\u00e1si j\u00f6vedelem k\u00f6r\u00fclbel\u00fcl 128 000 doll\u00e1r, b\u00e1r a lakosok k\u00f6zel 15%-a \u00e9l a szeg\u00e9nys\u00e9gi k\u00fcsz\u00f6b alatt. Demogr\u00e1fiailag Fort Lauderdale t\u00f6bbs\u00e9g\u00e9ben feh\u00e9r (k\u00f6r\u00fclbel\u00fcl 61%), a lakosok nagyj\u00e1b\u00f3l 32%-a vallja mag\u00e1t fekete vagy afroamerikainak. A lakoss\u00e1g k\u00f6zel negyede k\u00fclf\u00f6ld\u00f6n sz\u00fcletett, k\u00fcl\u00f6n\u00f6sen Latin-Amerik\u00e1b\u00f3l \u00e9s a Karib-t\u00e9rs\u00e9gb\u0151l, ami gazdag t\u00f6bbnyelv\u0171 jelleget k\u00f6lcs\u00f6n\u00f6z a v\u00e1rosnak. Az angol domin\u00e1l, de a spanyol \u00e9s a haiti kreol nyelv is sz\u00e9les k\u00f6rben hallhat\u00f3 az utc\u00e1kon. R\u00f6viden, Fort Lauderdale \u201esz\u00e1mokban m\u00e9rve\u201d egy k\u00f6zepes m\u00e9ret\u0171, tehet\u0151s amerikai v\u00e1ros profilj\u00e1t mutatja, soksz\u00edn\u0171, kozmopolita lakoss\u00e1ggal, amelyet er\u0151s turisztikai \u00e9s szolg\u00e1ltat\u00f3 gazdas\u00e1g jellemez.<\/p>\n<p>F\u00f6ldrajzilag Fort Lauderdale Florida atlanti partj\u00e1n fekszik \u2013 D\u00e9l-Florida alacsonyan fekv\u0151 part menti s\u00edks\u00e1g\u00e1nak r\u00e9szek\u00e9nt. Egy keskeny f\u00f6lds\u00e1vot foglal el az \u00f3ce\u00e1n \u00e9s sz\u00e1mos z\u00e1tonysziget, valamint a part menti v\u00edzi utak k\u00f6z\u00f6tt. A v\u00e1rost n\u00e9ha \u201eAmerika Velenc\u00e9j\u00e9nek\u201d is nevezik a 165 m\u00e9rf\u00f6ldnyi haj\u00f3zhat\u00f3 csatorn\u00e1ja miatt. A t\u00e1j s\u00edk \u00e9s buja, tr\u00f3pusi\/szubtr\u00f3pusi p\u00e1lm\u00e1kkal, mangroveerd\u0151kkel szeg\u00e9lyezett v\u00edzi utakkal \u00e9s part menti vizes \u00e9l\u0151helyek foltjaival. Az \u00e9ghajlat k\u00f6zismerten naps\u00fct\u00e9ses \u00e9s meleg: Fort Lauderdale-ben \u00e1tlagosan k\u00f6r\u00fclbel\u00fcl 3000 naps\u00fct\u00e9ses \u00f3ra van \u00e9vente. A t\u00e9li nappali maximumok 60-70\u00b0F (k\u00f6r\u00fclbel\u00fcl 20\u00b0C) k\u00f6z\u00f6tt vannak, ny\u00e1ron pedig rendszeresen 80-90\u00b0F (27-35\u00b0C) k\u00f6z\u00e9 emelkednek, amit az \u00e1lland\u00f3 \u00f3ce\u00e1ni szell\u0151 m\u00e9rs\u00e9kel. A csapad\u00e9k szezon\u00e1lis (t\u00f6bbnyire ny\u00e1ri zivatarok), \u00e9s a fagyok gyakorlatilag ismeretlenek. R\u00f6viden, a v\u00e1ros f\u00e9ltr\u00f3pusi \u00e9ghajlattal rendelkezik, meleg, p\u00e1r\u00e1s nyarakkal, enyhe telekkel \u00e9s az Atlanti-\u00f3ce\u00e1n fel\u0151l \u00e1lland\u00f3 passz\u00e1tszelekkel \u2013 ezek a k\u00f6r\u00fclm\u00e9nyek hat\u00e1rozz\u00e1k meg a v\u00e1ros kellemes, naps\u00fct\u00f6tte k\u00f6rnyezet\u00e9t.<\/p>\n<p>Fort Lauderdale eredete ink\u00e1bb egy katonai el\u0151\u0151rsre, mintsem \u0151si legend\u00e1ra vezethet\u0151 vissza. A v\u00e1ros nev\u00e9t egy kis er\u0151d\u00edtm\u00e9nyr\u0151l kapta, amelyet William Lauderdale \u0151rnagy \u00e9p\u00edtett a New Riveren 1838-ban a m\u00e1sodik szeminolh\u00e1bor\u00fa alatt. A katonai kezdetet k\u00f6vet\u0151en a ter\u00fclet ritk\u00e1n lakott volt a 19. sz\u00e1zad v\u00e9g\u00e9ig. A folyamatos n\u00f6veked\u00e9s a Florida East Coast Railway meg\u00e9rkez\u00e9s\u00e9vel \u00e9s az 1920-as \u00e9vek floridai f\u00f6ldbirtok-fellend\u00fcl\u00e9s\u00e9vel kezd\u0151d\u00f6tt. Fort Lauderdale-t hivatalosan 1911-ben bejegyezt\u00e9k, \u00e9s 1915-ben az \u00fajonnan l\u00e9trehozott Broward megye sz\u00e9khely\u00e9v\u00e9 nevezt\u00e9k ki. A korai vir\u00e1gz\u00e1st majdnem kisiklatta az 1926-os nagy miami hurrik\u00e1n \u00e9s a nagy gazdas\u00e1gi vil\u00e1gv\u00e1ls\u00e1g, amelyek jelent\u0151sen lelass\u00edtott\u00e1k a fejl\u0151d\u00e9st.<\/p>\n<p>A v\u00e1ros szerencs\u00e9je \u00fajj\u00e1\u00e9ledt a m\u00e1sodik vil\u00e1gh\u00e1bor\u00fa alatt \u00e9s ut\u00e1n. Egy nagy haditenger\u00e9szeti l\u00e9gib\u00e1zis t\u00f6bb ezer katon\u00e1t vonzott, lerakva a h\u00e1bor\u00fa ut\u00e1ni n\u00e9pess\u00e9grobban\u00e1s magvait. Az 1950-es \u00e9s 60-as \u00e9vekre a k\u00fclv\u00e1rosi lak\u00f3\u00f6vezetek kib\u0151v\u00fcltek, \u00e9s a v\u00e1ros jelent\u0151s \u00fcd\u00fcl\u0151helly\u00e9 v\u00e1lt. Az egykor szer\u00e9ny hal\u00e1szfalu modern v\u00e1ross\u00e1 alakult \u00e1t, sz\u00e1llod\u00e1kkal, bev\u00e1s\u00e1rl\u00f3negyedekkel \u00e9s kik\u00f6t\u0151kkel. A 20. sz\u00e1zad v\u00e9g\u00e9re Fort Lauderdale a vil\u00e1g egyik legnagyobb jachtk\u00f6zpontj\u00e1v\u00e1 \u00e9s a h\u00f3madarak \u201et\u00e9li j\u00e1tsz\u00f3ter\u00e9v\u00e9\u201d v\u00e1lt. A haj\u00f3z\u00e1si ipar is otthonra tal\u00e1lt itt \u2013 ma Port Everglades a vil\u00e1g egyik legforgalmasabb haj\u00f3z\u00e1si kik\u00f6t\u0151je. E v\u00e1ltoz\u00e1sok sor\u00e1n Fort Lauderdale meg\u0151rizte \u201eparti \u00fcd\u00fcl\u0151hely\u201d identit\u00e1s\u00e1t, m\u00e9g akkor is, amikor k\u00f3rh\u00e1zakat, egyetemeket (k\u00f6zt\u00fck a Florida Atlantic University campus\u00e1t) \u00e9s egy belv\u00e1rosi p\u00e9nz\u00fcgyi negyedet \u00e9p\u00edtett. Az elm\u00falt \u00e9vekben a v\u00e1ros a v\u00e1rosrevitaliz\u00e1ci\u00f3ra \u00f6sszpontos\u00edtott: \u00faj felh\u0151karcol\u00f3k a v\u00edzparton, fel\u00faj\u00edtott t\u00f6rt\u00e9nelmi nevezetess\u00e9gek \u00e9s kultur\u00e1lis int\u00e9zm\u00e9nyek form\u00e1lt\u00e1k \u00e1t l\u00e1tk\u00e9p\u00e9t. De a korai fellend\u00fcl\u00e9s \u00e9s visszaes\u00e9s \u00e9vtizedeinek \u00f6r\u00f6ks\u00e9ge m\u00e9g mindig megmutatkozik Fort Lauderdale r\u00e9tegzett karakter\u00e9ben \u2013 az 1920-as \u00e9vekbeli art deco t\u00e1rsash\u00e1zakt\u00f3l a Las Olason az ultramodern tornyokig az Intracoastalon.<\/p>\n<p>Fort Lauderdale ma egy nyugodt, m\u00e9gis kifinomult tengerparti v\u00e1rosnak \u00e9rz\u0151dik. Hangulata a \u201ed\u00e9l-floridai \u00fcd\u00fcl\u0151hely\u201d \u00e9s a multikultur\u00e1lis h\u00e1tt\u00e9r kever\u00e9ke. A helyi kult\u00fara t\u00fckr\u00f6zi a nagysz\u00e1m\u00fa spanyol \u00e9s karibi k\u00f6z\u00f6ss\u00e9get. A fesztiv\u00e1lok \u00e9s rendezv\u00e9nyek b\u0151s\u00e9gesek \u00e9s v\u00e1ltozatosak \u2013 p\u00e9ld\u00e1ul az \u00e9venk\u00e9nti Szent Patrik-napi felvonul\u00e1s a belv\u00e1rosban nagy vonzer\u0151, a karibi t\u00e9m\u00e1j\u00fa strandpartik \u00e9s a nagy haj\u00f3ki\u00e1ll\u00edt\u00e1sok mellett. Az angol a k\u00f6z\u00f6s nyelv, de b\u00e1rmelyik utc\u00e1ban hallani lehet spanyolt, haiti kreolt vagy franci\u00e1t. Val\u00f3j\u00e1ban a lakosok t\u00f6bb mint 21%-a k\u00fclf\u00f6ld\u00f6n sz\u00fcletett, ami glob\u00e1lis \u00edzt k\u00f6lcs\u00f6n\u00f6z az \u00e9ttermeknek \u00e9s \u00fczleteknek (kubai k\u00e1v\u00e9z\u00f3k, jamaicai p\u00e9ks\u00e9gek stb.).<\/p>\n<p>Fort Lauderdale lakosai \u00e1ltal\u00e1ban laza \u00e9s szabadt\u00e9ri tev\u00e9kenys\u00e9geknek \u00edrj\u00e1k le a v\u00e1rosi \u00e9letet. Egy tipikus rutin mag\u00e1ban foglalhatja a kora reggeli strandol\u00e1st vagy csatornaparti tev\u00e9kenys\u00e9geket (fut\u00e1s, cs\u00f3nak\u00e1z\u00e1s, j\u00f3ga), egy kellemes eb\u00e9det a Las Olas Boulevardon vagy a v\u00edzparton, \u00e9s esti \u00f6sszej\u00f6veteleket szabadt\u00e9ri pubokban vagy gal\u00e9ri\u00e1kban. Ez egy olyan hely, ahol a t\u00e1rsas\u00e1gi \u00e9let nagy r\u00e9sze a szabadban zajlik: utcai k\u00e1v\u00e9z\u00f3k, tengeri fesztiv\u00e1lok, golfp\u00e1ly\u00e1k \u00e9s m\u0171v\u00e9szeti v\u00e1s\u00e1rok. Az olyan k\u00f6rny\u00e9kek, mint a Coral Ridge \u00e9s a Victoria Park, meleg \u00e9s bar\u00e1ts\u00e1gos hangulat\u00faak, \u201efloridai laza\u201d st\u00edlussal. Az emberek \u00e1ltal\u00e1ban megk\u00f6zel\u00edthet\u0151ek \u2013 a sz\u00f6rfoktat\u00f3k \u00e9s a j\u00f3gatan\u00e1rok a v\u00e1ros vezet\u0151ivel besz\u00e9lgetnek a tal\u00e1lkoz\u00f3kon. M\u00e9g a legforgalmasabb turisztikai szezonban is a v\u00e1ros p\u00e1lmaf\u00e1kkal szeg\u00e9lyezett sug\u00e1r\u00fatjai \u00e9s kilom\u00e9ternyi v\u00edzparti parkja a t\u00e9r \u00e9s a nyugalom \u00e9rzet\u00e9t keltik. \u00d6sszefoglalva, Fort Lauderdale hangulata a kozmopolita k\u00e9nyelmet a laza tengeri temp\u00f3val \u00f6tv\u00f6zi; a l\u00e1togat\u00f3k gyakran megjegyzik, hogy a \u201eMiami kistestv\u00e9re\u201d szem\u00e9lyis\u00e9ge kevesebb ny\u00fczsg\u00e9ssel \u00e9s t\u00f6bb naps\u00fct\u00e9ssel j\u00e1r a v\u00edzparton.<\/p>\n<p>Fort Lauderdale l\u00e1tnival\u00f3inak k\u00f6z\u00e9ppontj\u00e1ban a naps\u00fct\u00e9s, a tenger \u00e9s a kult\u00fara \u00e1ll. Els\u0151sorban a Fort Lauderdale Beach tal\u00e1lhat\u00f3, egy h\u00e9t m\u00e9rf\u00f6ld hossz\u00fa, sima, vil\u00e1gos sz\u00edn\u0171 homokos szakasz, amelyet egy sz\u00e9les, p\u00e1lmaf\u00e1kkal \u00e1rny\u00e9kolt s\u00e9t\u00e1ny szeg\u00e9lyez. Ezt a strandot sz\u00e9les k\u00f6rben \u201eFlorida egyik legjobb strandjak\u00e9nt\u201d tartj\u00e1k sz\u00e1mon. A sek\u00e9ly, meleg v\u00edz, a v\u00edziment\u0151k \u00e1ltal fel\u00fcgyelt partok \u00e9s a k\u00f6nny\u0171 parkol\u00e1s ide\u00e1liss\u00e1 teszi csal\u00e1dok sz\u00e1m\u00e1ra. A strand mellett tal\u00e1lhat\u00f3 a Las Olas Boulevard, egy m\u00e9rf\u00f6ld hossz\u00fa, \u00e9tkez\u00e9si \u00e9s bev\u00e1s\u00e1rl\u00f3utca, amely \u00f6sszek\u00f6ti a belv\u00e1rost az \u00f3ce\u00e1nnal. Las Olas t\u00f6bb mint 100 \u00fczlettel, butikkal \u00e9s m\u0171v\u00e9szeti gal\u00e9ri\u00e1val, valamint tucatnyi utcai k\u00e1v\u00e9z\u00f3val \u00e9s bisztr\u00f3val b\u00fcszk\u00e9lkedhet. Ez a v\u00e1ros divatos s\u00e9t\u00e1nya, ahol a helyiek \u00e9s a l\u00e1togat\u00f3k keverednek, k\u00fcl\u00f6n\u00f6sen est\u00e9nk\u00e9nt \u00e9s h\u00e9tv\u00e9g\u00e9n.<\/p>\n<p>A sz\u00e1razf\u00f6ld belsej\u00e9ben tal\u00e1lhat\u00f3 a Fort Lauderdale foly\u00f3parti s\u00e9t\u00e1ny (m\u00e1s n\u00e9ven M\u0171v\u00e9szeti \u00e9s Sz\u00f3rakoztat\u00f3 Negyed) amely v\u00e1ltozatoss\u00e1got k\u00edn\u00e1l. Ez a 4 kilom\u00e9teres foly\u00f3parti \u00f6sv\u00e9ny a New River ment\u00e9n halad a v\u00e1ros belv\u00e1ros\u00e1n \u00e9s m\u00fazeumi negyed\u00e9n kereszt\u00fcl. A foly\u00f3parti s\u00e9t\u00e1nyon parkok, k\u00f6zt\u00e9ri m\u0171v\u00e9szeti alkot\u00e1sok \u00e9s v\u00edzparti \u00e9ttermek tal\u00e1lhat\u00f3k. T\u00edz line\u00e1ris parkon halad \u00e1t, ahol jachtokat, v\u00edzibicikliket \u00e9s alkalmank\u00e9nt v\u00e1rosn\u00e9z\u0151 gondol\u00e1kat lehet megfigyelni (s\u0151t, ingyenes v\u00edzitaxi is k\u00f6zlekedik). A foly\u00f3parti s\u00e9t\u00e1ny olyan fontos nevezetess\u00e9geket k\u00f6t \u00f6ssze, mint a Broward Center for the Performing Arts \u00e9s az interakt\u00edv Museum of Discovery and Science. A term\u00e9szet megismer\u00e9s\u00e9hez kihagyhatatlan a Bonnet House M\u00fazeum \u00e9s Kert: egy 1920-as \u00e9vekbeli birtok, amely a v\u00e1ros fejl\u0151d\u00e9s\u00e9nek k\u00f6zep\u00e9n fekszik. Az \u00e9vsz\u00e1zados Bonnet House (egy h\u00e1zm\u00fazeum) 14 hekt\u00e1rnyi buja kertet foglal mag\u00e1ban, egy m\u0171alkot\u00e1sokkal \u00e9s r\u00e9gis\u00e9gekkel teli t\u00f6rt\u00e9nelmi otthonnal. Ez a botanikai \u00e9s \u00e9p\u00edt\u00e9szeti o\u00e1zis \u2013 strandokkal, mangroveerd\u0151kkel \u00e9s kertekkel \u2013 \u00edzel\u00edt\u0151t ad a r\u00e9gi Florida hangulat\u00e1b\u00f3l. Tov\u00e1bbi kiemelt l\u00e1tnival\u00f3k k\u00f6z\u00e9 tartozik a Stranahan-h\u00e1z (Fort Lauderdale legr\u00e9gebbi fennmaradt \u00e9p\u00edtm\u00e9nye, ma helyt\u00f6rt\u00e9neti m\u00fazeum), valamint sz\u00e1mos kik\u00f6t\u0151, amelyek v\u00e1rosn\u00e9z\u0151 haj\u00f3kir\u00e1ndul\u00e1sokat \u00e9s a fest\u0151i v\u00edzi utakhoz val\u00f3 hozz\u00e1f\u00e9r\u00e9st k\u00edn\u00e1lnak.<\/p>\n<p>A golfoz\u00f3k \u00e9s a v\u00e1s\u00e1rl\u00e1sm\u00e1ni\u00e1sok egyar\u00e1nt a v\u00e1ros sz\u00e1mos golfp\u00e1ly\u00e1j\u00e1t \u00e9s bev\u00e1s\u00e1rl\u00f3k\u00f6zpontj\u00e1t (mint p\u00e9ld\u00e1ul az el\u0151kel\u0151 Galleria Mall \u00e9s a Sawgrass Mills) tartj\u00e1k a legf\u0151bb l\u00e1tv\u00e1nyoss\u00e1goknak. \u00c9jszaka a v\u00e1ros jachtokkal szeg\u00e9lyezett Las Olas Boulevardj\u00e1t a tet\u0151t\u00e9ri b\u00e1rokb\u00f3l \u00e9rkez\u0151 zene vil\u00e1g\u00edtja meg, amely t\u00e1rsas\u00e1gi k\u00f6zpontk\u00e9nt szolg\u00e1l. A csal\u00e1di sz\u00f3rakoz\u00e1s szerelmeseinek a Felfedez\u00e9sek \u00e9s Tudom\u00e1nyok M\u00fazeuma (dinoszaurusz-ki\u00e1ll\u00edt\u00e1sokkal \u00e9s IMAX mozival) \u00f6r\u00f6k kedvenc. Nem szabad figyelmen k\u00edv\u00fcl hagyni: Fort Lauderdale, mint haj\u00f3z\u00e1si f\u0151v\u00e1ros, a hatalmas Port Everglades-t sokan l\u00e1togatj\u00e1k \u2013 ak\u00e1r egy karibi haj\u00f3\u00fatr\u00f3l van sz\u00f3, ak\u00e1r a hatalmas \u00f3ce\u00e1nj\u00e1r\u00f3k \u00e9rkez\u00e9s\u00e9nek \u00e9s t\u00e1voz\u00e1s\u00e1nak megfigyel\u00e9s\u00e9r\u0151l, ami \u00f6nmag\u00e1ban is \u00e9lm\u00e9ny.<\/p>\n<p>Fort Lauderdale k\u00f6nnyen megk\u00f6zel\u00edthet\u0151. F\u0151 rep\u00fcl\u0151tere a Fort Lauderdale\u2013Hollywood International (FLL), amely egy forgalmas csom\u00f3pont a belf\u00f6ldi \u00e9s nemzetk\u00f6zi j\u00e1ratok sz\u00e1m\u00e1ra. Az FLL k\u00f6zvetlen j\u00e1ratokkal b\u00fcszk\u00e9lkedhet 140 c\u00e9l\u00e1llom\u00e1ssal, \u00e9s naponta t\u00f6bb mint 80 000 utast szolg\u00e1l ki. Ingyenes transzferj\u00e1rat k\u00f6ti \u00f6ssze a rep\u00fcl\u0151t\u00e9ri termin\u00e1lokat a k\u00f6zeli Tri-Rail ing\u00e1z\u00f3 vas\u00fat\u00e1llom\u00e1ssal (Dania Beachen), amely gyakori region\u00e1lis vonatj\u00e1ratokat biztos\u00edt a d\u00e9l-floridai partvid\u00e9k ment\u00e9n. (A Tri-Rail vonal Miamival \u00e9s Palm Beach-szel k\u00f6ti \u00f6ssze, meg\u00e1ll\u00f3val a Hollywood-Ft. Lauderdale rep\u00fcl\u0151t\u00e9r k\u00f6zel\u00e9ben.) Alternat\u00edv megold\u00e1sk\u00e9nt sok utas rep\u00fcl a k\u00f6zeli Miami Nemzetk\u00f6zi Rep\u00fcl\u0151t\u00e9rre, mind\u00f6ssze 30 m\u00e9rf\u00f6ldre d\u00e9lre, \u00e9s aut\u00f3val vagy busszal sz\u00e1ll \u00e1t Fort Lauderdale-be. Aut\u00f3val az Interstate 95-\u00f6s aut\u00f3p\u00e1lya \u00e9szak-d\u00e9li ir\u00e1nyban halad \u00e1t a v\u00e1roson, a floridai Turnpike pedig Orland\u00f3val \u00e9s azon t\u00fali v\u00e1rosokkal k\u00f6ti \u00f6ssze.<\/p>\n<p>Fort Lauderdale belv\u00e1rosa \u00e9s a strandr\u00e9sz gyalogosan is k\u00f6nnyen megk\u00f6zel\u00edthet\u0151, k\u00fcl\u00f6n\u00f6sen Las Olas \u00e9s a Riverwalk k\u00f6rny\u00e9ke. A v\u00e1ros ingyenes helyi buszj\u00e1ratot (a Sun Trolley-t) \u00fczemeltet sz\u00e1mos k\u00f6rforgalomban, ami hasznos a turisztikai \u00f6vezetekben. A Broward megyei rendszeres buszj\u00e1ratok a legt\u00f6bb k\u00f6rny\u00e9ket \u00f6sszek\u00f6tik, a Tri-Rail pedig ing\u00e1z\u00f3 \u00fatvonalakat szolg\u00e1l ki. Taxik \u00e9s fuvarmegoszt\u00f3 szolg\u00e1ltat\u00e1sok sz\u00e9les k\u00f6rben el\u00e9rhet\u0151k. Sok l\u00e1togat\u00f3 sz\u00e1m\u00e1ra a legk\u00f6nnyebb aut\u00f3t b\u00e9relni, mivel az olyan l\u00e1tnival\u00f3k, mint a Sawgrass Mills vagy az Everglades kir\u00e1ndul\u00e1sok t\u00e1volabb vannak. A forgalom f\u0151szezonban (december-\u00e1prilis) \u00e9s az \u00fcnnepi h\u00e9tv\u00e9g\u00e9ken nagy lehet, ez\u00e9rt \u00e9rdemes plusz utaz\u00e1si id\u0151t sz\u00e1molni.<\/p>\n<p>Fort Lauderdale-ben amerikai doll\u00e1rt haszn\u00e1lnak. A hivatalos nyelv az angol, b\u00e1r sok helyi lakos spanyolul vagy kreolul is besz\u00e9l. Az \u00e9ttermekben \u00e9s taxikban szok\u00e1s k\u00f6r\u00fclbel\u00fcl 15\u201320%-os borraval\u00f3t adni. A v\u00e1ros strandk\u00f6zpont\u00fas\u00e1ga miatt elengedhetetlen a k\u00f6nny\u0171 ny\u00e1ri ruh\u00e1zat, a f\u00fcrd\u0151ruha \u00e9s a napv\u00e9delem. Mivel karibi \u00fati c\u00e9l, hajnalban\/alkonyatkor vigy\u00e1zz a sz\u00fanyogokra. Az \u00f6lt\u00f6zk\u00f6d\u00e9si szab\u00e1lyok lazaak (m\u00e9g a jobb \u00e9ttermekben is \u00e1ltal\u00e1ban megfelel\u0151 a r\u00f6vidnadr\u00e1g \u00e9s a p\u00f3l\u00f3 a f\u00e9rfiaknak). Fort Lauderdale \u00e1ltal\u00e1ban biztons\u00e1gos, de a szok\u00e1sos v\u00e1rosi biztons\u00e1gi \u00f3vint\u00e9zked\u00e9sek \u00e9rv\u00e9nyesek \u2013 \u0151rizd meg az \u00e9rt\u00e9kt\u00e1rgyaidat, l\u00e9gy \u00e9ber a forgalmas j\u00e1rd\u00e1kon, \u00e9s ker\u00fcld az elhagyatott strandokat \u00e9jszaka. \u00d6sszess\u00e9g\u00e9ben a hangulat bar\u00e1ts\u00e1gos \u00e9s nyitott, t\u00fckr\u00f6zve a v\u00e1ros l\u00e1togat\u00f3k\u00f6zpont\u00fa jelleg\u00e9t.<a href=\"https:\/\/travelshelper.com\/hu\/uticelok\/eszak-amerika\/amerikai-egyesult-allamok\/berkeley-springs\/\" target=\"_self\" aria-labelledby=\"uael-post-8997\"><br \/>\n<\/a><\/p>","protected":false},"excerpt":{"rendered":"<p>Fort Lauderdale egy energikus tengerparti v\u00e1ros az amerikai Florida \u00e1llamban, k\u00f6r\u00fclbel\u00fcl 48 km-re Miamit\u00f3l \u00e9szakra, az Atlanti-\u00f3ce\u00e1n partj\u00e1n. A 2020-as n\u00e9psz\u00e1ml\u00e1l\u00e1s adatai szerint Fort Lauderdale, Broward megye megyesz\u00e9khelye \u00e9s legn\u00e9pesebb v\u00e1rosa, 182 260 lakossal b\u00fcszk\u00e9lkedhet. A 2019-es adatok szerint Fort Lauderdale 6 166 488 f\u0151s lakoss\u00e1g\u00e1val a miami agglomer\u00e1ci\u00f3 harmadik legn\u00e9pesebb v\u00e1rosa Miami \u00e9s Hialeah ut\u00e1n. Ez teszi ezt a v\u00e1rost Florida tizedik legn\u00e9pesebb v\u00e1ros\u00e1v\u00e1.<\/p>","protected":false},"author":1,"featured_media":2720,"parent":8072,"menu_order":0,"comment_status":"closed","ping_status":"closed","template":"elementor_theme","meta":{"_eb_attr":"","footnotes":""},"class_list":["post-8723","page","type-page","status-publish","has-post-thumbnail"],"_links":{"self":[{"href":"https:\/\/travelshelper.com\/hu\/wp-json\/wp\/v2\/pages\/8723","targetHints":{"allow":["GET"]}}],"collection":[{"href":"https:\/\/travelshelper.com\/hu\/wp-json\/wp\/v2\/pages"}],"about":[{"href":"https:\/\/travelshelper.com\/hu\/wp-json\/wp\/v2\/types\/page"}],"author":[{"embeddable":true,"href":"https:\/\/travelshelper.com\/hu\/wp-json\/wp\/v2\/users\/1"}],"replies":[{"embeddable":true,"href":"https:\/\/travelshelper.com\/hu\/wp-json\/wp\/v2\/comments?post=8723"}],"version-history":[{"count":0,"href":"https:\/\/travelshelper.com\/hu\/wp-json\/wp\/v2\/pages\/8723\/revisions"}],"up":[{"embeddable":true,"href":"https:\/\/travelshelper.com\/hu\/wp-json\/wp\/v2\/pages\/8072"}],"wp:featuredmedia":[{"embeddable":true,"href":"https:\/\/travelshelper.com\/hu\/wp-json\/wp\/v2\/media\/2720"}],"wp:attachment":[{"href":"https:\/\/travelshelper.com\/hu\/wp-json\/wp\/v2\/media?parent=8723"}],"curies":[{"name":"wp","href":"https:\/\/api.w.org\/{rel}","templated":true}]}}