{"id":8675,"date":"2024-09-04T10:54:39","date_gmt":"2024-09-04T10:54:39","guid":{"rendered":"https:\/\/travelshelper.com\/staging\/?page_id=8675"},"modified":"2026-03-13T18:05:45","modified_gmt":"2026-03-13T18:05:45","slug":"salt-lake-city","status":"publish","type":"page","link":"https:\/\/travelshelper.com\/hu\/destinations\/north-america\/united-states\/salt-lake-city\/","title":{"rendered":"Salt Lake City"},"content":{"rendered":"<p>A Utah \u00e1llambeli Salt Lake City egy magas hegyi v\u00f6lgyben ter\u00fcl el a Wasatch-hegys\u00e9g l\u00e1b\u00e1n\u00e1l. K\u00f6r\u00fclbel\u00fcl 1200 m\u00e9terrel a tengerszint felett fekszik, az Uinta \u00e9s a Wasatch hegycs\u00facsai meredeken emelkednek kelet fel\u00e9. A v\u00e1ros r\u00e1csa (a Templom t\u00e9rn\u00e9l kiindulva) pontos \u00e9szak-d\u00e9li\/kelet-nyugati mint\u00e1zatban h\u00faz\u00f3dik. A l\u00e1tk\u00e9pet a Salt Lake-i templom \u00e9s az LDS egyh\u00e1z belv\u00e1rosi komplexuma uralja. Sok ir\u00e1nyban a Nagy-s\u00f3st\u00f3 \u00e9s a sivatagi medenc\u00e9k l\u00e1that\u00f3k a horizonton. Az \u00f6sszbenyom\u00e1s egy tiszta, rendezett v\u00e1ros, amely a rideg, h\u00f3f\u00f6dte hegyi h\u00e1tt\u00e9r el\u0151tt \u00e1ll. A f\u00e9ny gyakran er\u0151s (a magass\u00e1gnak \u00e9s a sz\u00e1raz leveg\u0151nek k\u00f6sz\u00f6nhet\u0151en), \u00e9s a t\u00e9l b\u0151s\u00e9ges havaz\u00e1st hoz, amely a k\u00f6rnyez\u0151 hegyl\u00e1bakat t\u00e9li j\u00e1tsz\u00f3t\u00e9rr\u00e9 v\u00e1ltoztatja. Salt Lake City egyszerre modernnek (a technol\u00f3giai ipar n\u00f6veked\u00e9s\u00e9vel) \u00e9s hat\u00e1rvid\u00e9kinek (a 19. sz\u00e1zadi mormon pion\u00edr \u00f6r\u00f6ks\u00e9ggel) \u00e9rz\u0151dik.<\/p>\n<p>Salt Lake City Utah f\u0151v\u00e1rosa \u00e9s egyben legnagyobb v\u00e1rosa. Lakosainak sz\u00e1ma 2020-ban 199 723 f\u0151 volt, \u00e9s folyamatosan n\u00f6vekszik: 2023-ra el\u00e9rte a 203 888 f\u0151t (nagyj\u00e1b\u00f3l +1,3%-kal 2022 \u00f3ta). A nagyv\u00e1rosi ter\u00fclet lakoss\u00e1ga k\u00f6r\u00fclbel\u00fcl 1,2 milli\u00f3; az \u00f6sszes\u00edtett statisztikai ter\u00fclet (Salt Lake City\u2013Ogden\u2013Provo) k\u00f6zel 2,7 milli\u00f3. A v\u00e1ros faji\/etnikai megoszl\u00e1sa \u200b\u200ba k\u00f6vetkez\u0151: t\u00f6bbs\u00e9g\u00e9ben feh\u00e9r (nem spanyol ajk\u00fa) lakosok, k\u00f6r\u00fclbel\u00fcl 65%-ban, spanyol vagy latin-amerikai lakosok k\u00f6r\u00fclbel\u00fcl 9%-ban, \u00e1zsiaiak pedig 5%-ban ar\u00e1nyban ar\u00e1nyosak. (A nagysz\u00e1m\u00fa mormon egyh\u00e1zi tags\u00e1g k\u00f6z\u00f6tt sok latin-amerikai tag is van; Utah \u00e1llam eg\u00e9sz ter\u00fclet\u00e9n a spanyol ajk\u00faak ar\u00e1nya k\u00f6r\u00fclbel\u00fcl 14%.) Salt Lake Cityben a h\u00e1ztart\u00e1sok medi\u00e1nj\u00f6vedelme viszonylag magas, k\u00f6r\u00fclbel\u00fcl 75 000 doll\u00e1r\/\u00e9v (a nagyv\u00e1rosi ter\u00fclet, amelyet er\u0151s gazdas\u00e1g t\u00e1pl\u00e1l, az orsz\u00e1g egyik legmagasabb medi\u00e1nj\u00f6vedelm\u00e9vel rendelkezik).<\/p>\n<p>Salt Lake City gazdas\u00e1ga diverzifik\u00e1l\u00f3dott. T\u00f6rt\u00e9nelmileg region\u00e1lis kereskedelmi \u00e9s b\u00e1ny\u00e1szati \u200b\u200bk\u00f6zpont volt, ma pedig a technol\u00f3gia, a p\u00e9nz\u00fcgy \u00e9s az eg\u00e9szs\u00e9g\u00fcgy ter\u00e9n nevezetes. Region\u00e1lis banki k\u00f6zpontk\u00e9nt ismert, olyan v\u00e1llalatok k\u00f6zpontja, mint a Zions Bancorp \u00e9s a Questar (mindkett\u0151 Fortune 1000). Tov\u00e1bbi nagyv\u00e1llalatok k\u00f6z\u00e9 tartozik az Intermountain Health (k\u00f3rh\u00e1zak), a Sinclair Oil \u00e9s a Smith&#039;s Food &amp; Drug. Az elm\u00falt \u00e9vtizedekben az SLC technol\u00f3giai k\u00f6zpontk\u00e9nt sz\u00e1rnyalt \u2013 gyakran a \u201eSzil\u00edcium-lejt\u0151k\u201d sz\u00edv\u00e9nek nevezik. 2022-ben k\u00f6r\u00fclbel\u00fcl 67 500 technol\u00f3giai munkahely volt a v\u00e1rosban, ami 12%-os n\u00f6veked\u00e9st jelent 2019 \u00f3ta. A kulcsfontoss\u00e1g\u00fa technol\u00f3giai munkaad\u00f3k az Adobe-t\u00f3l \u00e9s a Qualtrics-t\u0151l sz\u00e1mos startupig terjednek. Salt Lake City Utah s\u00edturisztikai ipar\u00e1nak k\u00f6zpontja is. Olyan v\u00e1llalatok, mint az Adobe, az eBay \u00e9s a Qualtrics, nagy irod\u00e1kkal rendelkeznek SLC-ben, \u00e9s a v\u00e1ros adott otthont a 2002-es t\u00e9li olimpi\u00e1nak (ami n\u00f6velte nemzetk\u00f6zi ismerts\u00e9g\u00e9t).<\/p>\n<p>Salt Lake City az Egyes\u00fclt \u00c1llamok nyugati hegyvid\u00e9k\u00e9n fekszik. \u00c9szak-Utahban tal\u00e1lhat\u00f3, k\u00f6r\u00fclbel\u00fcl 32 kilom\u00e9terre d\u00e9lkeletre a Nagy-s\u00f3st\u00f3t\u00f3l. A v\u00e1ros egy lapos v\u00f6lgyben fekszik, amelyet keletr\u0151l a meredek Wasatch-hegys\u00e9g (3333 m\u00e9ter feletti cs\u00facsokkal), nyugatr\u00f3l pedig az Oquirrh-hegys\u00e9g szeg\u00e9lyez. A Nagy-s\u00f3st\u00f3 s\u00f3s vize tiszta napokon \u00e9szaknyugaton is l\u00e1that\u00f3. Ez a magasan sivatagos v\u00f6lgyi fekv\u00e9s f\u00e9lsz\u00e1raz \u00e9ghajlatot jelent: a telek hidegek \u00e9s havasak, m\u00edg a nyarak forr\u00f3k \u00e9s sz\u00e1razak. A K\u00f6ppen-f\u00e9le \u00e9ghajlati besorol\u00e1s szerint a mediterr\u00e1n (Csa) \u00e9s a sz\u00e1raz-ny\u00e1ri kontinent\u00e1lis (Dsa) \u00e9ghajlat hat\u00e1r\u00e1n helyezkedik el. A gyakorlatban a nyarak hossz\u00faak, forr\u00f3k \u00e9s t\u00f6bbnyire naposak (gyakran 35\u201335\u00b0C), m\u00edg a telek hidegek, a hegyekben t\u00f6bb mint 127 cm h\u00f3 tal\u00e1lhat\u00f3 (a v\u00e1rosi telek \u00e1tlagos h\u0151m\u00e9rs\u00e9klete 9\u201312\u00b0C). Az alacsony p\u00e1ratartalom miatt a magas h\u0151m\u00e9rs\u00e9klet gyakran \u00e9jszaka meredeken cs\u00f6kken, \u00e9s a naps\u00fct\u00e9s intenz\u00edv.<\/p>\n<p>Salt Lake Cityt 1847 j\u00falius\u00e1ban alap\u00edtott\u00e1k mormon \u00fatt\u00f6r\u0151k Brigham Young vezet\u00e9s\u00e9vel. Mivel olyan helyet kerestek, ahol szabadon gyakorolhatj\u00e1k vall\u00e1sukat, ezek a telepesek bel\u00e9ptek a Salt Lake-v\u00f6lgybe (akkoriban Mexik\u00f3 r\u00e9sze), \u00e9s telep\u00fcl\u00e9s\u00fcket \u201eNagy Salt Lake City\u201d-nek nevezt\u00e9k el (k\u00e9s\u0151bb r\u00f6vid\u00edtve). A k\u00f6vetkez\u0151 \u00e9vtizedekben az \u00f6nt\u00f6z\u00e9si projektek z\u00f6ldd\u00e9 tett\u00e9k a sivatagi v\u00f6lgyet, \u00e9s Salt Lake a ter\u00fclet kereskedelmi \u00e9s kultur\u00e1lis k\u00f6zpontj\u00e1v\u00e1 v\u00e1lt. Utah Ter\u00fclet f\u0151v\u00e1rosa, k\u00e9s\u0151bb pedig (1896 ut\u00e1n) az \u00e1llam f\u0151v\u00e1rosa lett. Fontos m\u00e9rf\u00f6ldk\u00f6vek k\u00f6z\u00e9 tartozik a Salt Lake-i templom befejez\u00e9se (1893) \u2013 amelynek magasod\u00f3 tornyai ma is a v\u00e1ros szimb\u00f3lumai \u2013, valamint a transzkontinent\u00e1lis vas\u00fatvonal meg\u00e9p\u00edt\u00e9se (1869), amely Salt Lake-et az orsz\u00e1ggal k\u00f6t\u00f6tte \u00f6ssze.<\/p>\n<p>A 20. sz\u00e1zadban Salt Lake City iparra tett szert (b\u00e1ny\u00e1szat, v\u00e9delem \u00e9s tehersz\u00e1ll\u00edt\u00e1s). Kulcsfontoss\u00e1g\u00fa fordul\u00f3pont volt a 2002-es t\u00e9li olimpiai j\u00e1t\u00e9kok megrendez\u00e9se, amely nemzetk\u00f6zi figyelmet keltett, \u00e9s \u00faj helysz\u00ednek l\u00e9trehoz\u00e1s\u00e1hoz vezetett (p\u00e9ld\u00e1ul a v\u00e1roson k\u00edv\u00fcli Olimpiai T\u00e9li Park). Az ut\u00f3bbi id\u0151ben Salt Lake City egy v\u00e1rosiasabb identit\u00e1st \u00f6lt\u00f6tt mag\u00e1ra: revitaliz\u00e1lta a belv\u00e1rost, b\u0151v\u00edtette a kultur\u00e1lis rendezv\u00e9nyeket, \u00e9s szabadt\u00e9ri kikapcsol\u00f3d\u00e1si k\u00f6zpontk\u00e9nt rekl\u00e1mozta mag\u00e1t. A technol\u00f3gia \u00e9s a p\u00e9nz\u00fcgyek fejl\u0151d\u00e9se a 2010-es \u00e9vekben \u00e9s azon t\u00fal is \u00e1talak\u00edtotta a v\u00e1rost.<\/p>\n<p>Salt Lake City helyi jelleg\u00e9t mormon \u00f6r\u00f6ks\u00e9ge \u00e9s hegyvid\u00e9ki \u00e9letm\u00f3dja alak\u00edtja. A belv\u00e1ros k\u00f6z\u00e9ppontj\u00e1ban a Templom t\u00e9r, Az Utols\u00f3 Napok Szentjeinek J\u00e9zus Krisztus Egyh\u00e1za (LDS Egyh\u00e1z) sz\u00e9khelye \u00e1ll. Itt a t\u00f6rt\u00e9nelmi Salt Lake-i templom, a Tabern\u00e1kulum \u00e9s az egyh\u00e1zi irod\u00e1k egy nyugodt, eleg\u00e1ns negyedet alkotnak. A vall\u00e1s (LDS) befoly\u00e1solja a kult\u00far\u00e1t: sok lakos j\u00e1r templomba, \u00e9s a csal\u00e1dbar\u00e1t \u00e9rt\u00e9kek hangs\u00falyosak. Gyakran hallani visszhangz\u00f3 k\u00f3rusokat \u00e9s l\u00e1tni hegyesfej\u0171 templom\u00e9p\u00edt\u00e9szetet.<\/p>\n<p>SLC azonban meglep\u0151en liber\u00e1lis \u00e9s kozmopolita is. Utah konzervat\u00edv h\u00edrnev\u00e9hez k\u00e9pest maga a v\u00e1ros demokrat\u00e1kra szavazott a k\u00f6zelm\u00faltbeli v\u00e1laszt\u00e1sokon, \u00e9s nagysz\u00e1m\u00fa LMBT k\u00f6z\u00f6ss\u00e9ggel rendelkezik. Minden \u00e9vben megrendezik a nagy l\u00e1togatotts\u00e1g\u00fa Utah Pride Fesztiv\u00e1lt. A sz\u00e1mos, \u00e1llamon k\u00edv\u00fclr\u0151l \u00e9rkez\u0151 (akiket a munka \u00e9s a s\u00edkult\u00fara vonz) jelenl\u00e9te hozz\u00e1j\u00e1rul a progressz\u00edv hangulathoz. A v\u00e1rosban v\u00e1ltozatos \u00e9ttermek \u00e9s \u00e9jszakai \u00e9let tal\u00e1lhat\u00f3. A magaslati fekv\u00e9s \u00e9s a szabadt\u00e9ri tev\u00e9kenys\u00e9gek ir\u00e1nt \u00e9rdekl\u0151d\u0151 lakoss\u00e1g miatt Salt Lake City laza, sportos hangulat\u00fa \u2013 az emberek val\u00f3sz\u00edn\u0171leg a m\u00falt h\u00e9tv\u00e9gi s\u00edel\u00e9sr\u0151l vagy hegyi ker\u00e9kp\u00e1roz\u00e1sr\u00f3l besz\u00e9lgetnek.<\/p>\n<p>A hivatalos nyelv az angol; egy jelent\u0151s latin kisebbs\u00e9g besz\u00e9l spanyolul. Az \u00e9let egyik figyelemre m\u00e9lt\u00f3 aspektusa itt a vend\u00e9gszeretet \u00e9s az \u00f6nk\u00e9ntess\u00e9g szelleme (az Utols\u00f3 Napok Szentj\u00e9nek k\u00f6z\u00f6ss\u00e9gi szolg\u00e1lat\u00e1nak kult\u00far\u00e1ja, valamint a hat\u00e1rvid\u00e9ki seg\u00edt\u0151k\u00e9szs\u00e9g). Fesztiv\u00e1lok \u00e9s rendezv\u00e9nyek b\u0151s\u00e9gesek, a ny\u00e1ri belv\u00e1rosi termel\u0151i piact\u00f3l az \u00e1llami v\u00e1s\u00e1rokig \u00e9s m\u0171v\u00e9szeti fesztiv\u00e1lokig. Salt Lake City egy h\u00edres k\u00f3rusnak (\u201eA Tabernacle Choir at Temple Square\u201d) \u00e9s szimfonikus zenekarnak ad otthont, amely er\u0151s zenei hagyom\u00e1nyokat t\u00fckr\u00f6z. A temp\u00f3 tekintet\u00e9ben nem olyan siet\u0151s, mint a nagyobb v\u00e1rosok, \u00e9s nem is \u00e1lmos; egyens\u00falyt k\u00edn\u00e1l a v\u00e1rosi ny\u00fczsg\u00e9s \u00e9s a term\u00e9szet k\u00f6zvetlen el\u00e9rhet\u0151s\u00e9ge k\u00f6z\u00f6tt. A lakosok \u00e1ltal\u00e1ban eg\u00e9szs\u00e9gtudatosak, k\u00f6rnyezettudatosak (megjegyezve a k\u00f6zelm\u00faltbeli leveg\u0151min\u0151s\u00e9gi agg\u00e1lyokat), \u00e9s b\u00fcszk\u00e9k fest\u0151i k\u00f6rnyezet\u00fckre.<\/p>\n<p><strong>Legfontosabb l\u00e1tnival\u00f3k:<\/strong><\/p>\n<ul>\n<li><strong>Templom t\u00e9r<\/strong> \u2013 A v\u00e1ros spiritu\u00e1lis \u00e9s t\u00f6rt\u00e9nelmi k\u00f6zpontja. Itt tal\u00e1lhat\u00f3 a Salt Lake templom (LDS) \u00e9s a Tabernacle, a vil\u00e1gh\u00edr\u0171 Mormon Tabernacle K\u00f3rus otthona. A ter\u00fclet nyitva \u00e1ll a l\u00e1togat\u00f3k sz\u00e1m\u00e1ra, naponta ingyenes orgonahangversenyekkel \u00e9s vezetett t\u00far\u00e1kkal. Megtestes\u00edti Salt Lake mormon \u00fatt\u00f6r\u0151k \u00e1ltal alap\u00edtott v\u00e1ros\u00e1nak identit\u00e1s\u00e1t.<\/li>\n<li><strong>Clark Planet\u00e1rium \u00e9s Felfedez\u0151kapu<\/strong> \u2013 A belv\u00e1ros The Gateway negyed\u00e9nek sz\u00e9l\u00e9n tal\u00e1lhat\u00f3 a planet\u00e1rium, amely \u0171rtudom\u00e1nyi bemutat\u00f3kat \u00e9s egy IMAX mozit k\u00edn\u00e1l. Mellette tal\u00e1lhat\u00f3 a Discovery Gateway, Utah gyermekm\u00fazeuma, amely interakt\u00edv tudom\u00e1nyos \u00e9s technol\u00f3giai ki\u00e1ll\u00edt\u00e1sokat k\u00edn\u00e1l. (Ezek az int\u00e9zm\u00e9nyek k\u00f6z\u00f6s helyis\u00e9gekben helyezkednek el, \u00e9s kiemelik Salt Lake City csal\u00e1dbar\u00e1t, oktat\u00f3 jelleg\u0171 sz\u00f3rakoztat\u00e1sra helyezett hangs\u00faly\u00e1t.)<\/li>\n<li><strong>Utah-i Sz\u00e9pm\u0171v\u00e9szeti M\u00fazeum \u00e9s Term\u00e9szettudom\u00e1nyi M\u00fazeum<\/strong> \u2013 A Utah-i Egyetem kampus\u00e1n tal\u00e1lhat\u00f3 az orsz\u00e1g egyik legkiemelked\u0151bb m\u0171v\u00e9szeti gy\u0171jtem\u00e9nye Nyugaton. A k\u00f6zelben tal\u00e1lhat\u00f3 a Utah-i Term\u00e9szettudom\u00e1nyi M\u00fazeum (\u00e9p\u00edt\u00e9szetileg a fenti hegyek ihlett\u00e9k). Egy\u00fcttesen \u00e1tfog\u00f3 kultur\u00e1lis programot k\u00edn\u00e1lnak: az \u00f3korit\u00f3l a kort\u00e1rsig terjed\u0151 m\u0171v\u00e9szeti alkot\u00e1sok, valamint term\u00e9szettudom\u00e1nyi ki\u00e1ll\u00edt\u00e1sok (dinoszaurusz-fossz\u00edli\u00e1k, indi\u00e1n t\u00e1rgyak stb.). A Salt Lake City hossz\u00fa telei miatt a fedett m\u00fazeumok \u00e9rt\u00e9kesek, \u00e9s ezek a legjobbak.<\/li>\n<li><strong>Nagy-s\u00f3st\u00f3 \u00e9s Antilop-sziget \u00c1llami Park<\/strong> \u2013 A nagy, s\u00f3s Nagy-s\u00f3t\u00f3 a v\u00e1rost\u00f3l \u00e9szaknyugatra fekszik (sok pontr\u00f3l l\u00e1that\u00f3). Ez a nyugati f\u00e9lteke legnagyobb s\u00f3s viz\u0171 tava. A l\u00e1togat\u00f3k aut\u00f3val eljuthatnak a t\u00f3ban tal\u00e1lhat\u00f3 Antelope-szigetre \u2013 Utah legnagyobb \u00e1llami parkj\u00e1ba \u2013, hogy b\u00f6l\u00e9nycsord\u00e1k k\u00f6z\u00f6tt t\u00far\u00e1zzanak \u00e9s a rendk\u00edv\u00fcl \u00fasz\u00f3 s\u00f3s v\u00edzben \u00faszk\u00e1ljanak.<\/li>\n<li><strong>S\u00edel\u00e9s \u00e9s szabadt\u00e9ri kikapcsol\u00f3d\u00e1s<\/strong> \u2013 B\u00e1r nem a v\u00e1roson bel\u00fcl tal\u00e1lhat\u00f3, Salt Lake City h\u00edres a \u201eMillennium \u2013 Ski City USA\u201d n\u00e9ven. A belv\u00e1rost\u00f3l 30\u201360 percre vil\u00e1gsz\u00ednvonal\u00fa s\u00edk\u00f6zpontok tal\u00e1lhat\u00f3k (Alta, Snowbird, Park City). Ny\u00e1ron ugyanezek a hegyek t\u00far\u00e1z\u00e1si \u00e9s hegyi ker\u00e9kp\u00e1roz\u00e1si lehet\u0151s\u00e9geket k\u00edn\u00e1lnak. A v\u00e1rosban a Red Butte Garden, a Liberty Park \u00e9s a cs\u00f3nak\u00e1z\u00e1si lehet\u0151s\u00e9gek k\u00f6z\u00e9 tartozik a v\u00edzt\u00e1roz\u00f3k. Az \u00e9l\u00e9nk szabadt\u00e9ri kult\u00fara jelent\u0151s \u201el\u00e1tv\u00e1nyoss\u00e1g\u201d a l\u00e1togat\u00f3k \u00e9s a helyiek sz\u00e1m\u00e1ra egyar\u00e1nt.<\/li>\n<li><strong>T\u00f6rt\u00e9nelmi Templom t\u00e9r (\u00c9ttermek \u00e9s bev\u00e1s\u00e1rl\u00f3k\u00f6zpontok)<\/strong> \u2013 Este felfedezhetj\u00fck a Temple Square f\u00e9nyeit, vagy pihenhet\u00fcnk a City Creek Centerben (egy belv\u00e1rosi szabadt\u00e9ri bev\u00e1s\u00e1rl\u00f3k\u00f6zpont, melyen egy patak folyik kereszt\u00fcl). Az eredeti v\u00e1rosi h\u00e1l\u00f3zatnak k\u00f6sz\u00f6nhet\u0151en k\u00f6nnyen megk\u00f6zel\u00edthet\u0151k a sz\u00ednh\u00e1zak (Eccles Sz\u00ednh\u00e1z) \u00e9s a mormon t\u00e9m\u00e1j\u00fa kort\u00e1rs konyha (pl. s\u00e9fek \u00e1ltal \u00fczemeltetett \u00e9ttermek) egyre n\u00f6vekv\u0151 gasztron\u00f3miai sz\u00ednt\u00e9r. A v\u00e1rosban als\u00f3bb lig\u00e1s baseball is m\u0171k\u00f6dik (a Real Salt Lake focicsapat most egy \u00faj belv\u00e1rosi stadionban j\u00e1tszik), de ezek ink\u00e1bb helyi jelleg\u0171ek.<\/li>\n<\/ul>\n<p><strong>Gyakorlati pillanatk\u00e9p:<\/strong><\/p>\n<ul>\n<li><strong>Megk\u00f6zel\u00edt\u00e9s:<\/strong> A Salt Lake City Nemzetk\u00f6zi Rep\u00fcl\u0151t\u00e9r (SLC) a f\u0151 rep\u00fcl\u0151t\u00e9r, ahonnan az Egyes\u00fclt \u00c1llamokba \u00e9s sz\u00e1mos nemzetk\u00f6zi j\u00e1rat indul. Nagyj\u00e1b\u00f3l 8 kilom\u00e9terre nyugatra tal\u00e1lhat\u00f3 a belv\u00e1rost\u00f3l, k\u00f6nnyen megk\u00f6zel\u00edthet\u0151 taxival vagy a Utah Transit Authority (UTA) Trax Blue Line k\u00f6nny\u0171vas\u00fatj\u00e1val. Behajtva Salt Lake City-t k\u00e9t f\u0151 \u00e1llamk\u00f6zi aut\u00f3p\u00e1lya keresztezi: az I-15 (\u00e9szak-d\u00e9li) \u00e9s az I-80 (kelet-nyugati), amelyek egyar\u00e1nt \u00e1tszelik a belv\u00e1rost.<\/li>\n<li><strong>K\u00f6zleked\u00e9s:<\/strong> A v\u00e1ros \u00e1tfog\u00f3 k\u00f6zleked\u00e9si rendszerrel rendelkezik, amelyet az UTA \u00fczemeltet, bele\u00e9rtve a TRAX k\u00f6nny\u0171vasutat (h\u00e1rom vonal, amely a belv\u00e1rost \u00e9s a k\u00fclv\u00e1rosokat \u00f6sszek\u00f6ti) \u00e9s egy buszh\u00e1l\u00f3zatot. A TRAX k\u00e9k vonal \u00f6sszek\u00f6ti a belv\u00e1rost a rep\u00fcl\u0151t\u00e9rrel \u00e9s a d\u00e9li k\u00fclv\u00e1rosokkal. Maga a belv\u00e1ros a r\u00e1csos elrendez\u00e9s\u00e9nek k\u00f6sz\u00f6nhet\u0151en k\u00f6nnyen gyalogolhat\u00f3. A k\u00f6zvetlen v\u00e1rosk\u00f6zponton t\u00fal azonban aut\u00f3val vagy t\u00f6megk\u00f6zleked\u00e9ssel kell k\u00f6zlekedni \u2013 a v\u00f6lgy nagy. A ker\u00e9kp\u00e1roz\u00e1s is egyre gyakoribb a bels\u0151 k\u00f6rny\u00e9keken. A forgalom reggel \u00e9s este cs\u00facsosodhat ki, de cs\u00facsid\u0151n k\u00edv\u00fcl \u00e1ltal\u00e1ban kezelhet\u0151.<\/li>\n<li><strong>Alapvet\u0151 tippek:<\/strong> A hivatalos p\u00e9nznem az amerikai doll\u00e1r. Az angol a hivatalos nyelv, b\u00e1r sok \u00e9tterem spanyol nyelv\u0171 \u00e9tlapokat is k\u00edn\u00e1l. Kulcsfontoss\u00e1g\u00fa etikett: A utahiak gyakran k\u00e9t ujjal jelzik a jobb v\u00e1llukon a \u201ej\u00f3t\u201d (pozit\u00edv meger\u0151s\u00edt\u00e9s). A csal\u00e1di \u00e9rt\u00e9kek er\u0151sek, ez\u00e9rt egyes vall\u00e1si helysz\u00edneken visszafogott az \u00f6lt\u00f6zk\u00f6d\u00e9s (templomok vagy mormon imah\u00e1zak l\u00e1togat\u00e1sakor). T\u00e9len utaz\u00e1skor elengedhetetlen a h\u00f3felszerel\u00e9s. Biztons\u00e1g: Salt Lake City viszonylag biztons\u00e1gos; mint minden v\u00e1rosban, \u00e9jszaka j\u00f3l megvil\u00e1g\u00edtott helyen kell tart\u00f3zkodni. A leveg\u0151 nagyon sz\u00e1raz lehet, ez\u00e9rt fogyasszanak eleget. Hagyom\u00e1nyosan borraval\u00f3 (15\u201320% az \u00e9ttermekben) v\u00e1rhat\u00f3.<a href=\"https:\/\/travelshelper.com\/hu\/uticelok\/eszak-amerika\/amerikai-egyesult-allamok\/berkeley-springs\/\" target=\"_self\" aria-labelledby=\"uael-post-8997\"><br \/>\n<\/a><\/li>\n<\/ul>","protected":false},"excerpt":{"rendered":"<p>A Salt Lake Cityt, amelyet gyakran Salt Lake-k\u00e9nt vagy SLC-k\u00e9nt emlegetnek, Utah f\u0151v\u00e1rosa \u00e9s egyben legn\u00e9pesebb v\u00e1rosa. Salt Lake megye megyesz\u00e9khelye, amely az \u00e1llam legn\u00e9pesebb megy\u00e9je. A 2020-as n\u00e9psz\u00e1ml\u00e1l\u00e1si adatok szerint 1 257 936 lakos\u00fa v\u00e1ros a Salt Lake City Metropolitan Statistical Area (MSA) k\u00f6zpontj\u00e1t alkotja. Salt Lake City a Salt Lake City\u2013Ogden\u2013Provo Egyes\u00edtett Statisztikai Ter\u00fclet n\u00e9ven ismert nagyobb metropoliszhoz is tartozik. A 2021-es becs\u00fclt 2 746 164 lakos\u00fa ter\u00fclet \u2013 a folyamatos v\u00e1rosi \u00e9s el\u0151v\u00e1rosi fejl\u0151d\u00e9s folyos\u00f3ja, amely 190 km hosszan h\u00faz\u00f3dik \u2013 az orsz\u00e1g 22. legnagyobbja. A 2020-ban 200 134 lakos\u00fa Salt Lake City az Egyes\u00fclt \u00c1llamok \u00f6sszes v\u00e1rosa k\u00f6z\u00f6tt a 117. helyen \u00e1ll. A Nagy-medenc\u00e9ben tal\u00e1lhat\u00f3 mind\u00f6ssze k\u00e9t f\u0151 v\u00e1rosi ter\u00fclet k\u00f6z\u00fcl a nevadai Reno a m\u00e1sik; egyben az egyik k\u00f6zponti k\u00f6zpontja is.<\/p>","protected":false},"author":1,"featured_media":3102,"parent":8072,"menu_order":0,"comment_status":"closed","ping_status":"closed","template":"elementor_theme","meta":{"_eb_attr":"","footnotes":""},"class_list":["post-8675","page","type-page","status-publish","has-post-thumbnail"],"_links":{"self":[{"href":"https:\/\/travelshelper.com\/hu\/wp-json\/wp\/v2\/pages\/8675","targetHints":{"allow":["GET"]}}],"collection":[{"href":"https:\/\/travelshelper.com\/hu\/wp-json\/wp\/v2\/pages"}],"about":[{"href":"https:\/\/travelshelper.com\/hu\/wp-json\/wp\/v2\/types\/page"}],"author":[{"embeddable":true,"href":"https:\/\/travelshelper.com\/hu\/wp-json\/wp\/v2\/users\/1"}],"replies":[{"embeddable":true,"href":"https:\/\/travelshelper.com\/hu\/wp-json\/wp\/v2\/comments?post=8675"}],"version-history":[{"count":0,"href":"https:\/\/travelshelper.com\/hu\/wp-json\/wp\/v2\/pages\/8675\/revisions"}],"up":[{"embeddable":true,"href":"https:\/\/travelshelper.com\/hu\/wp-json\/wp\/v2\/pages\/8072"}],"wp:featuredmedia":[{"embeddable":true,"href":"https:\/\/travelshelper.com\/hu\/wp-json\/wp\/v2\/media\/3102"}],"wp:attachment":[{"href":"https:\/\/travelshelper.com\/hu\/wp-json\/wp\/v2\/media?parent=8675"}],"curies":[{"name":"wp","href":"https:\/\/api.w.org\/{rel}","templated":true}]}}