{"id":8654,"date":"2024-09-04T01:48:30","date_gmt":"2024-09-04T01:48:30","guid":{"rendered":"https:\/\/travelshelper.com\/staging\/?page_id=8654"},"modified":"2026-03-13T21:30:23","modified_gmt":"2026-03-13T21:30:23","slug":"vail","status":"publish","type":"page","link":"https:\/\/travelshelper.com\/hu\/destinations\/north-america\/united-states\/vail\/","title":{"rendered":"Vail"},"content":{"rendered":"<p>Vail, Colorado egy kis hegyi v\u00e1ros; \u00e1lland\u00f3 lakoss\u00e1ga 4835 f\u0151 volt a 2020-as n\u00e9psz\u00e1ml\u00e1l\u00e1skor. A v\u00e1ros k\u00f6r\u00fclbel\u00fcl 4,7 n\u00e9gyzetm\u00e9rf\u00f6ldet foglal el Eagle megy\u00e9ben. Ez enyhe cs\u00f6kken\u00e9s a fellend\u00fcl\u00e9s \u00e9veihez k\u00e9pest (a n\u00e9pess\u00e9g 2010-ben tet\u0151z\u00f6tt, alig t\u00f6bb mint 5000 f\u0151vel, \u00e9s az\u00f3ta 4000-5000 k\u00f6r\u00fcl ingadozik). Fontos, hogy Vail hivatalos n\u00e9psz\u00e1ml\u00e1l\u00e1si adatai nem tartalmazz\u00e1k a sz\u00e1mos r\u00e9szmunkaid\u0151s lakost \u00e9s szezon\u00e1lis munk\u00e1st, akik b\u00e9rlak\u00e1sokban \u00e9lnek. A t\u00e9li s\u00edszezon \u00e9s a ny\u00e1ri rendezv\u00e9nyek alatt a lakoss\u00e1g sz\u00e1ma gyakorlatilag megdupl\u00e1z\u00f3dik vagy megh\u00e1romszoroz\u00f3dik.<\/p>\n<p>Vail lakoss\u00e1ga t\u00falnyom\u00f3r\u00e9szt feh\u00e9r. 2020-ban a lakosok t\u00f6bb mint 86%-a feh\u00e9rnek vallotta mag\u00e1t; a spanyol\/latin-amerikaiak a v\u00e1ros lakoss\u00e1g\u00e1nak k\u00f6r\u00fclbel\u00fcl 10%-\u00e1t teszik ki. Nagyon kev\u00e9s afroamerikai, \u0151slakos amerikai vagy \u00e1zsiai \u00e9l Vailben (mindegyik 2% alatt). Az \u00e1tlag\u00e9letkor magas: 50,2 \u00e9v. A k\u00f6z\u00f6ss\u00e9g id\u0151sebb, a lakosok k\u00f6zel 30%-a 60\u201379 \u00e9v k\u00f6z\u00f6tti, \u00e9s csak k\u00f6r\u00fclbel\u00fcl 8%-a 20 \u00e9v alatti. Ez t\u00fckr\u00f6zi mind a tehet\u0151s nyugd\u00edjas n\u00e9pess\u00e9get, mind a m\u00e1sodik otthonnal rendelkez\u0151k t\u00fals\u00faly\u00e1t.<\/p>\n<p>Vail gazdas\u00e1ga szinte teljes eg\u00e9sz\u00e9ben a turizmusra \u00e9p\u00fcl. A Vail S\u00edk\u00f6zpont (1962-ben ny\u00edlt meg) a k\u00f6zpont; egykor Colorado legnagyobb s\u00edterepe volt, ma pedig a Vail Resorts birodalm\u00e1nak r\u00e9sze. T\u00e9len a l\u00e1togat\u00f3k el\u00e1rasztj\u00e1k a falut, sz\u00e1llod\u00e1kban \u00e9s apartmanokban sz\u00e1llnak meg, \u00e9tteremben \u00e9tkeznek, v\u00e1s\u00e1rolnak \u00e9s s\u00edelnek. Ny\u00e1ron a t\u00far\u00e1z\u00e1s, a hegyi ker\u00e9kp\u00e1roz\u00e1s \u00e9s a golf (Turtle Creek golfp\u00e1lya) vonzza a nyaral\u00f3kat. A v\u00e1ros sz\u00e1mos \u00e9tterme \u00e9s m\u0171v\u00e9szeti gal\u00e9ri\u00e1ja eg\u00e9sz \u00e9vben vir\u00e1gzik, de \u00e9rezhet\u0151 szezon\u00e1lis cs\u00facsokkal. A j\u00f6vedelmi szintek magasak: a h\u00e1ztart\u00e1sok medi\u00e1nj\u00f6vedelme (2019) k\u00f6r\u00fclbel\u00fcl 100 400 doll\u00e1r volt. Az otthonok rendk\u00edv\u00fcl dr\u00e1g\u00e1k itt \u2013 \u00e1tlagosan t\u00f6bb mint 1 milli\u00f3 doll\u00e1r \u2013, \u00e9s sokan szolg\u00e1ltat\u00e1si munkak\u00f6rben (sz\u00e1llodai szem\u00e9lyzet, s\u00edoktat\u00f3k stb.) dolgoznak, nem pedig teljes munkaid\u0151ben laknak. \u00d6sszess\u00e9g\u00e9ben Vail gazdas\u00e1ga nagym\u00e9rt\u00e9kben t\u00e1maszkodik a s\u00edel\u00e9sre \u00e9s a kapcsol\u00f3d\u00f3 ipar\u00e1gakra, valamint a vir\u00e1gz\u00f3 kultur\u00e1lis \u00e9s konferencia rendezv\u00e9nyekre.<\/p>\n<p>Vail Colorado k\u00f6z\u00e9ps\u0151 r\u00e9sz\u00e9n, a Szikl\u00e1s-hegys\u00e9gben tal\u00e1lhat\u00f3, Denvert\u0151l k\u00f6r\u00fclbel\u00fcl 160 kilom\u00e9terre nyugatra. Nagyj\u00e1b\u00f3l 2440 m\u00e9teres tengerszint feletti magass\u00e1gban fekszik az Eagle River v\u00f6lgy\u00e9ben, egy gleccserek \u00e1ltal v\u00e1jt sz\u00e9les alpesi v\u00f6lgyben. A v\u00e1ros l\u00e9nyeg\u00e9ben h\u00e1rom r\u00e9szre oszlik: Kelet-Vailre, Vail Village-re \u00e9s Lionsheadre (nyugat-Vail), amelyek mindegyike a 70-es \u00e1llamk\u00f6zi aut\u00f3p\u00e1lya (I-70) ment\u00e9n h\u00faz\u00f3dik. A k\u00f6rnyez\u0151 terep klasszikus magas Szikl\u00e1s-hegys\u00e9gre hasonl\u00edt: magas cs\u00facsok (3600 m\u00e9ter felett) \u00f6lelik k\u00f6r\u00fcl a v\u00f6lgyet, s\u0171r\u0171 t\u0171level\u0171 erd\u0151kkel a k\u00f6z\u00e9pmagass\u00e1gon \u00e9s alpesi tundr\u00e1val a fahat\u00e1r felett.<\/p>\n<p>Vail Eagle megy\u00e9ben tal\u00e1lhat\u00f3 (az \u00e1llam \u00e9szak-k\u00f6z\u00e9ps\u0151 r\u00e9sz\u00e9n), nagyj\u00e1b\u00f3l f\u00e9l\u00faton Glenwood Springs \u00e9s Summit megye \u00fcd\u00fcl\u0151helyei (Breckenridge, Keystone) k\u00f6z\u00f6tt. A legk\u00f6zelebbi s\u00edp\u00e1ly\u00e1kkal \u00f6sszek\u00f6t\u00f6tt v\u00e1ros Beaver Creek, aut\u00f3p\u00e1ly\u00e1n 20 percre nyugatra. Geol\u00f3giailag Vail egy fenns\u00edkon (Eagle River Valley) fekszik, amelyt\u0151l keletre egy magas v\u00edzv\u00e1laszt\u00f3 (Vail Pass) tal\u00e1lhat\u00f3. A 6-os \u00e9s az I-70-es aut\u00f3p\u00e1lya Vailt Denverrel (keleten) \u00e9s Glenwood\/Crested Butte-tal (nyugaton) k\u00f6ti \u00f6ssze.<\/p>\n<p>A falut a t\u00e1volban a Szent Kereszt-hegy \u00e9s a Buffalo-hegy tark\u00edtja. A v\u00e1roson kereszt\u00fclfolyik az Eagle foly\u00f3, b\u00e1r csatorn\u00e1zott \u00e9s ny\u00e1ron gyakran alacsony a v\u00edzszintje. A k\u00f6zvetlen vid\u00e9k t\u00fara- \u00e9s terepker\u00e9kp\u00e1r-\u00fatvonalakat k\u00edn\u00e1l, a ny\u00e1ri r\u00e9teken pedig j\u00e1vorszarvas-csord\u00e1kat lehet megpillantani. Szinte minden t\u00e1jr\u00f3l hegyvid\u00e9ki l\u00e1tk\u00e9p uralja a l\u00e1tv\u00e1nyt.<\/p>\n<p>Vail kontinent\u00e1lis hegyvid\u00e9ki \u00e9ghajlat\u00fa. A telek hidegek \u00e9s havasak (elengedhetetlenek a s\u00edel\u00e9shez); a janu\u00e1ri \u00e1tlagos h\u0151m\u00e9rs\u00e9kleti cs\u00facsok 20-30\u00b0F k\u00f6z\u00f6tt vannak, heves havaz\u00e1ssal (\u00e1tlagosan t\u00f6bb mint 300 h\u00fcvelyknyi havaz\u00e1s \u00e9vente). A nyarak enyh\u00e9k vagy melegek (j\u00faliusi maximumok 20-25\u00b0C k\u00f6r\u00fcl, az \u00e9jszak\u00e1k 40-15\u00b0C-ra h\u0171v\u00f6sek). A magas tengerszint feletti magass\u00e1g miatt a naps\u00fct\u00e9s intenz\u00edv, az \u00e9jszak\u00e1k pedig eg\u00e9sz \u00e9vben h\u0171v\u00f6sek. A legt\u00f6bb csapad\u00e9k t\u00e9len hullik h\u00f3 form\u00e1j\u00e1ban, a ny\u00e1ri monszun pedig d\u00e9lut\u00e1nonk\u00e9nt zivatarokat hoz. Az eredm\u00e9ny egy klasszikus n\u00e9gy \u00e9vszakos k\u00f6rnyezet: m\u00e9ly porh\u00f3 \u00e9s jeges \u00e9jszak\u00e1k t\u00e9len, buja z\u00f6ld \u00e9s vadvir\u00e1gos t\u00e1jak ny\u00e1ron, valamint l\u00e1tv\u00e1nyos \u0151szi sz\u00ednek a ny\u00e1rfaligetekben.<\/p>\n<p>Vail t\u00f6rt\u00e9nete r\u00f6vid \u00e9s a s\u00edel\u00e9shez k\u00f6t\u0151dik. A 20. sz\u00e1zad elej\u00e9n be\u00e9p\u00edtetlen tanyavid\u00e9k volt. <strong>1962:<\/strong> Egy Pete Seibert (m\u00e1sodik vil\u00e1gh\u00e1bor\u00fas veter\u00e1n \u00e9s s\u00edoktat\u00f3) \u00e9s Earl Eaton vezette csoport egy ranchot v\u00e1s\u00e1rolt a k\u00f6rny\u00e9ken. Egy eur\u00f3pai st\u00edlus\u00fa s\u00edk\u00f6zpontot k\u00e9pzeltek el. A Vail S\u00edk\u00f6zpont hivatalosan 1962 december\u00e9ben ny\u00edlt meg egyetlen felvon\u00f3val \u00e9s k\u00e9t libeg\u0151vel. A \u201eVail\u201d n\u00e9v Charles Vail, egy aut\u00f3p\u00e1lya-m\u00e9rn\u00f6k (\u00e9s Colorado egyik eredeti aut\u00f3p\u00e1lya-biztosa) el\u0151tt tiszteleg, aki egy korai utat (6-os f\u0151\u00fat) tervezett a Vail-h\u00e1g\u00f3n kereszt\u00fcl.<\/p>\n<p>A korai falut tudatosan tervezt\u00e9k. 1966-ra Vailt v\u00e1rosk\u00e9nt nyilv\u00e1ntartott\u00e1k. Az 1960-as \u00e9s 70-es \u00e9vekben a Vail-hegy n\u00f6vekedett (\u00faj felvon\u00f3k, p\u00e1ly\u00e1k), \u00e9s a falu a Lionshead l\u00e1b\u00e1ig terjeszkedett. A turist\u00e1k \u00f6z\u00f6nl\u00f6ttek: 1969-re Vail m\u00e1r Colorado legn\u00e9pszer\u0171bb s\u00edk\u00f6zpontja volt. A \u201eChina Bowl\u201d 1988-as bevezet\u00e9se Vailt \u00c9szak-Amerika egyik legnagyobb s\u00edterep\u00e9v\u00e9 tette. Id\u0151vel Vail ismertt\u00e9 v\u00e1lt mind a... <em>hatalmas s\u00edter\u00fclet<\/em> \u00e9s annak <em>b\u00e1jos alpesi st\u00edlus\u00fa falvak<\/em>, bajor \u00e9p\u00edt\u00e9szettel \u00e9s eur\u00f3pai st\u00edlus\u00fa dekor\u00e1ci\u00f3val (az eredeti Homestead \u00e9s Cascade Gardens \u00e9p\u00fcletekkel f\u0171szerezve).<\/p>\n<p>Vail folyamatosan moderniz\u00e1l\u00f3dott. Miut\u00e1n m\u00e1s \u00fcd\u00fcl\u0151helyekkel egyes\u00fclt, a Vail S\u00edk\u00f6zpont ma m\u00e1r a Vail Resorts, Inc., egy nagy r\u00e9szv\u00e9nyt\u00e1rsas\u00e1g r\u00e9sze. A hegy folyamatosan b\u0151v\u00edti kapuit \u00e9s szolg\u00e1ltat\u00e1sait. Ek\u00f6zben Vail Village \u00e9s Lionshead luxus c\u00e9lpontokk\u00e1 v\u00e1ltak luxus\u00fczletekkel, m\u0171v\u00e9szeti gal\u00e9ri\u00e1kkal \u00e9s nemzetk\u00f6zi \u00e9ttermekkel. 2023-ban a v\u00e1ros m\u00e9g azzal is h\u00edrekbe ker\u00fclt, hogy vitatott m\u00f3don fizetett az \u00faj munk\u00e1ssz\u00e1ll\u00e1sok \u00e9p\u00edt\u00e9s\u00e9nek megakad\u00e1lyoz\u00e1s\u00e1\u00e9rt, hogy meg\u0151rizze jelleg\u00e9t \u2013 ami a magas ingatlan\u00e9rt\u00e9kek jele. A fejleszt\u00e9sek ellen\u00e9re Vail tov\u00e1bbra is dicsekszik eredet\u00e9vel: a s\u00edfelvon\u00f3k, a r\u00e9gi \u00e9p\u00fcletek (mint p\u00e9ld\u00e1ul az 1962-es Tivoli Lodge) \u00e9s az \u00e9ves fesztiv\u00e1lok (film, zene, t\u00e1nc) \u00e9letben tartj\u00e1k az \u00fatt\u00f6r\u0151 szellemet.<\/p>\n<p>Vail kult\u00far\u00e1ja egy hegyi \u00fcd\u00fcl\u0151hely kult\u00far\u00e1ja, amely kozmopolita von\u00e1sokkal keveredik. Szinte minden lakos besz\u00e9l angolul. A v\u00e1ros szezon\u00e1lisan k\u00fclf\u00f6ldi lakoss\u00e1got vonz (s\u00edoktat\u00f3k \u00e9s sz\u00e1llodai szem\u00e9lyzet a vil\u00e1g minden t\u00e1j\u00e1r\u00f3l), de a helyi \u00e1lland\u00f3 lakoss\u00e1g t\u00falnyom\u00f3r\u00e9szt feh\u00e9r, egy kis spanyol ajk\u00fa kisebbs\u00e9ggel. Er\u0151s a szabadt\u00e9ri tev\u00e9kenys\u00e9gek \u00e9s a wellness ethos: a lakosok nagyon \u00e9rdekl\u0151dnek a fitnesz, a term\u00e9szet \u00e9s a kulin\u00e1ris trendek ir\u00e1nt.<\/p>\n<p>Vail sz\u00e1mos fesztiv\u00e1lnak \u00e9s rendezv\u00e9nynek ad otthont, amelyek meghat\u00e1rozz\u00e1k a v\u00e1ros jelleg\u00e9t. Ny\u00e1ron a Bravo! Vail klasszikus zenei fesztiv\u00e1l vil\u00e1gsz\u00ednvonal\u00fa zenekarokat hoz a hegyekbe. A Vail Filmfesztiv\u00e1l minden tavasszal f\u00fcggetlen filmeseket \u00e9s filmszt\u00e1rokat vonz (gyakran a lionsheadi Landmark Sz\u00ednh\u00e1zban). A Vail Nemzetk\u00f6zi T\u00e1ncfesztiv\u00e1l (ny\u00e1ron t\u00e1nct\u00e1rsulatok) \u00e9s a Taste of Vail (\u00e9tel- \u00e9s borfesztiv\u00e1l) gazdag\u00edtja a kultur\u00e1lis napt\u00e1rat. A t\u00e9li kiemelt esem\u00e9nyek k\u00f6z\u00e9 tartozik a Burton US Open snowboardbajnoks\u00e1g \u00e9s a v\u00e1ros eg\u00e9sz\u00e9re kiterjed\u0151 Snow Days \u00fcnneps\u00e9g (s\u00edversenyek, t\u0171zij\u00e1t\u00e9k stb.). Lionshead faluban egy 4 hetes Bluegrass koncertsorozat \u00e9s egy \u00e9ves h\u00fasv\u00e9ti toj\u00e1svad\u00e1szat is van \u2013 k\u00f6z\u00f6ss\u00e9gi hagyom\u00e1nyok, amelyek a helyi csal\u00e1dokat a turist\u00e1kkal \u00f6tv\u00f6zik.<\/p>\n<p>Eleg\u00e1ns jellege ellen\u00e9re Vail meg\u0151rizte bar\u00e1ts\u00e1gos, kisv\u00e1rosi hangulat\u00e1t. A falvak (Vail \u00e9s Lionshead) gyalogosbar\u00e1t \u201ef\u0151utc\u00e1k\u201d szabadt\u00e9ri \u00fczletekkel, helyi butikokkal \u00e9s k\u00e1v\u00e9z\u00f3kkal. T\u00e9len az utc\u00e1k \u00fcnnepi hangulatot \u00e1rasztanak, \u00fcnnepi f\u00e9nyekkel \u00e9s gyapj\u00faruh\u00e1s csal\u00e1dokkal; ny\u00e1ron vir\u00e1gkosarak d\u00edsz\u00edtik a l\u00e1mpaoszlopokat. A s\u00edcip\u0151k ugyanolyan gyakoriak, mint a t\u00farabakancsok. A helyiek a lejt\u0151k\u00f6n \u201eHogy vagy?\u201d-nal \u00fcdv\u00f6z\u00f6lhetik egym\u00e1st. Az \u00f6sszhat\u00e1s a term\u00e9szet \u00e9s a kozmopolitas\u00e1g tal\u00e1lkoz\u00e1sa: vil\u00e1gsz\u00ednvonal\u00fa \u00fcd\u00fcl\u0151helyeket \u00e9s \u00e9ttermeket tal\u00e1lhatsz csal\u00e1di k\u00e1v\u00e9z\u00f3k \u00e9s az ikonikus Betty Ford Alpesi Kert (a vil\u00e1g legmagasabban fekv\u0151 botanikus kertje) mellett. A v\u00e1rosban egyszerre \u00e9rz\u0151dik a zords\u00e1g \u00e9s a kifinomults\u00e1g. R\u00f6viden, Vailben az \u00e9let a hegyekre \u00e9s a term\u00e9szetre \u00f6sszpontosul, de mindezt egy csipetnyi eleganci\u00e1val teszik \u2013 \u00f6sszhangban azzal a h\u00edrn\u00e9vvel, amelyet Colorado jellegzetes s\u00edv\u00e1rosak\u00e9nt tartanak sz\u00e1mon.<\/p>\n<p>Vail l\u00e1tnival\u00f3it a hegyi sportok \u00e9s az alpesi b\u00e1j uralja. A f\u0151bb l\u00e1tnival\u00f3k a k\u00f6vetkez\u0151k:<\/p>\n<ul>\n<li><strong>Vail s\u00edterep:<\/strong> A f\u0151 attrakci\u00f3 eg\u00e9sz \u00e9vben. T\u00e9len t\u00f6bb mint 5000 hekt\u00e1rnyi s\u00edelhet\u0151 ter\u00fcletet k\u00edn\u00e1l, t\u00f6bb mint 30 felvon\u00f3val. A kezd\u0151k a Golden Peak k\u00f6rny\u00e9k\u00e9n tanulhatnak, m\u00edg a profik a h\u00e1ts\u00f3 bowlingp\u00e1ly\u00e1kat (mint p\u00e9ld\u00e1ul a Blue Sky Basin) keresik fel. Ny\u00e1ron a \u00fcd\u00fcl\u0151hely \u00e1talakul: alpesi cs\u00faszd\u00e1k, hegyi hull\u00e1mvasutak, fest\u0151i gondolat\u00far\u00e1k, frizbigolf \u00e9s t\u00fara\u00fatvonalak b\u0151ven k\u00edn\u00e1lnak k\u00edn\u00e1latot. A Vail Gondola (Golden Peak) \u00e9s az Eagle Bahn Gondola (Lionshead) a v\u00e1ros jellegzetes cs\u00faszd\u00e1i, l\u00e9legzetel\u00e1ll\u00edt\u00f3 panor\u00e1m\u00e1t ny\u00fajtva a k\u00f6rnyez\u0151 cs\u00facsokra.<\/li>\n<li><strong>Vail falu \u00e9s Lionshead:<\/strong> Ezek a gyalogosfalvak \u00f6nmagukban is l\u00e1tv\u00e1nyoss\u00e1gok. Bajor st\u00edlus\u00fa \u00e9p\u00edt\u00e9szettel szeg\u00e9lyezettek, macskak\u00f6ves s\u00e9t\u00e1nyokkal, t\u00e9len j\u00e9gp\u00e1ly\u00e1val, valamint t\u00f6bb mint 100 \u00fczlettel \u00e9s \u00e9tteremmel rendelkeznek. A hangulatos utc\u00e1kon s\u00e9t\u00e1lva a l\u00e1togat\u00f3k \u00e9l\u0151 zenekarokkal tal\u00e1lkozhatnak a t\u00e9ri sz\u00ednpadokon, jelmezes karakterekkel (p\u00e9ld\u00e1ul fel\u00f6lt\u00f6z\u00f6tt medv\u00e9kkel) vagy zen\u00e9szekkel a s\u00edel\u00e9s ut\u00e1ni kikapcsol\u00f3d\u00e1st ny\u00fajt\u00f3 helysz\u00edneken. Mindk\u00e9t falu el\u0151ad\u00f3m\u0171v\u00e9szeti helysz\u00ednekkel \u00e9s ingyenes ny\u00e1ri koncertekkel b\u00fcszk\u00e9lkedhet.<\/li>\n<li><strong>Betty Ford Alpesi Kertek:<\/strong> Vail faluban megb\u00fav\u00f3 ez a vil\u00e1g legmagasabban fekv\u0151 botanikus kertje (2560 m). \u0150shonos alpesi n\u00f6v\u00e9nyeket mutat be \u2013 sz\u00ednes vadvir\u00e1gokat, magasod\u00f3 ny\u00e1rf\u00e1kat \u00e9s k\u00e9zzel k\u00e9sz\u00edtett szobrokat. A kert ingyenesen l\u00e1togathat\u00f3, \u00e9s b\u00e9k\u00e9s kikapcsol\u00f3d\u00e1st k\u00edn\u00e1l a ny\u00fczsg\u00e9s k\u00f6zepette.<\/li>\n<li><strong>Kalandhegygerinc:<\/strong> A Lionshead Gondola k\u00f6zel\u00e9ben tal\u00e1lhat\u00f3 az Adventure Ridge egy mini vid\u00e1mpark a hegy tetej\u00e9n. H\u00f3gumiz\u00e1st, bungee trambulint, mini motoros sz\u00e1nokat (t\u00e9len), valamint dr\u00f3tk\u00f6t\u00e9lp\u00e1ly\u00e1kat \u00e9s \u00edj\u00e1szatot (ny\u00e1ron) k\u00edn\u00e1l. Csal\u00e1dbar\u00e1t hely a f\u00e1k felett.<\/li>\n<li><strong>Ford Park:<\/strong> Egy nyilv\u00e1nos park Kelet-Vailben, ahol t\u00e9len korcsolyap\u00e1lya \u00e9s j\u00e9gkorongversenyek is vannak. Olyan esem\u00e9nyeknek ad otthont, mint a Vail Lacrosse Shootout, \u00e9s a helyiek k\u00f6r\u00e9ben is n\u00e9pszer\u0171 kikapcsol\u00f3d\u00e1si hely.<\/li>\n<li><strong>Vail Term\u00e9szetv\u00e9delmi K\u00f6zpont:<\/strong> A v\u00e1ros sz\u00e9l\u00e9n tal\u00e1lhat\u00f3, t\u00fara\u00fatvonalakkal kapcsolatos inform\u00e1ci\u00f3k, term\u00e9szetv\u00e9delmi programok \u00e9s ny\u00e1ri t\u00e1borok k\u00f6zpontja. Sz\u00e1mos k\u00f6nny\u0171 t\u00fara\u00fatvonal \u00e9s vadon \u00e9l\u0151 \u00e1llatok (szarvasok, mormot\u00e1k, sasok) megfigyel\u00e9s\u00e9nek kapuja.<\/li>\n<li><strong>T\u00f6rt\u00e9nelmi helyek:<\/strong> Vail meg\u0151rizte n\u00e9h\u00e1ny t\u00f6rt\u00e9nelmi gy\u00f6ngyszem\u00e9t, p\u00e9ld\u00e1ul a r\u00e9gi v\u00e1rosh\u00e1z\u00e1t (ma a posta \u00e9p\u00fclete) \u00e9s az 1962-ben tervezett Tivoli Lodge \u00e9p\u00edt\u00e9szet\u00e9t (b\u00e1r nagy r\u00e9sz\u00e9t \u00e1talak\u00edtott\u00e1k). A Heritage Trail r\u00e9gi b\u00e1ny\u00e1szati \u200b\u200b\u00e9s tanyasi ter\u00fcletek mellett halad el a v\u00e1rosban.<\/li>\n<\/ul>\n<p>Sok l\u00e1togat\u00f3 Vailt haszn\u00e1lja kiindul\u00f3pontk\u00e9nt a t\u00e1gabb r\u00e9gi\u00f3 felfedez\u00e9s\u00e9hez. A k\u00f6zeli Gore Range Trail t\u00fara\u00fatvonalak, fest\u0151i aut\u00f3utak (pl. az Independence Pass-t\u00f3l Aspenig ny\u00e1ron) \u00e9s a White River Nemzeti Erd\u0151 mind egy \u00f3r\u00e1nyi aut\u00f3\u00fatra tal\u00e1lhat\u00f3k. De a legt\u00f6bbek sz\u00e1m\u00e1ra a kihagyhatatlan l\u00e1tnival\u00f3k tov\u00e1bbra is a hegyek, a falusi hangulat \u00e9s a Vail \u00e9vszakait meghat\u00e1roz\u00f3 fesztiv\u00e1lok.<\/p>\n<p>Vail aut\u00f3val a 70-es \u00e1llamk\u00f6zi aut\u00f3p\u00e1ly\u00e1n k\u00f6zel\u00edthet\u0151 meg. Denverb\u0151l az I-70-es aut\u00f3p\u00e1ly\u00e1n nyugat fel\u00e9 haladva (az Eisenhower-alag\u00faton kereszt\u00fcl) k\u00f6r\u00fclbel\u00fcl 160 kilom\u00e9tert kell megtenni Vailig (176-os kij\u00e1rat). T\u00e1j\u00e9koztat\u00e1sul k\u00f6z\u00f6lj\u00fck, hogy t\u00e9len az I-70-es aut\u00f3p\u00e1lya lez\u00e1rhat\u00f3 vagy h\u00f3l\u00e1ncot ig\u00e9nyelhet Denver \u00e9s Vail k\u00f6z\u00f6tt, ez\u00e9rt mindig ellen\u0151rizz\u00fck az \u00fatinform\u00e1ci\u00f3kat. Az Eagle Megyei Region\u00e1lis Rep\u00fcl\u0151t\u00e9r (EGE) mind\u00f6ssze 48 kilom\u00e9terre nyugatra tal\u00e1lhat\u00f3 Vailt\u0151l (Gypsum k\u00f6zel\u00e9ben), \u00e9s t\u00e9len sz\u00e1mos amerikai v\u00e1rosb\u00f3l ind\u00edt k\u00f6zvetlen j\u00e1ratokat. A nagyobb l\u00e9git\u00e1rsas\u00e1gok (Delta, United, American stb.) eg\u00e9sz \u00e9vben szolg\u00e1lj\u00e1k ki a Denveri Nemzetk\u00f6zi Rep\u00fcl\u0151t\u00e9r (DEN) j\u00e1ratait, amely aut\u00f3p\u00e1ly\u00e1n 2 \u00f3r\u00e1nyira van. Nincs vas\u00fat\u00e1llom\u00e1s; a legk\u00f6zelebbi Amtrak Glenwood Springsben (nyugat) vagy Denverben (kelet) tal\u00e1lhat\u00f3. T\u00e9len intercity buszok (Bustang vagy Greyhound) k\u00f6tik \u00f6ssze Denvert Vaillel, az Aspen \u00e9s az Eagle rep\u00fcl\u0151terekr\u0151l pedig transzferj\u00e1ratok k\u00f6zlekednek.<\/p>\n<p>Vail k\u00e9t faluja t\u00e9len aut\u00f3mentes \u00f6vezet (a parkol\u00e1s a falvakon k\u00edv\u00fcl lehets\u00e9ges), \u00e9s ingyenes v\u00e1rosi transzfer k\u00f6zlekedik Lionshead \u00e9s Vail falu k\u00f6z\u00f6tt. A v\u00e1ros parkol\u00e1s ut\u00e1n rendk\u00edv\u00fcl gyalogosbar\u00e1t. Sok sz\u00e1lloda h\u00f3talpat, ker\u00e9kp\u00e1rt vagy ak\u00e1r elektromos rollert is b\u00e9relhet helyi haszn\u00e1latra. A taxik \u00e9s az Uber\/Lyft rendszeresen k\u00f6zlekedik. A v\u00e1roson k\u00edv\u00fcli utaz\u00e1shoz ism\u00e9t az aut\u00f3 a legk\u00e9nyelmesebb. Nyilv\u00e1nos parkol\u00f3h\u00e1zak (t\u00e9len f\u0171t\u00f6ttek) b\u0151s\u00e9gesen \u00e1llnak rendelkez\u00e9sre, b\u00e1r a f\u0151szezonban megtelhetnek. A falu utc\u00e1i keskenyek lehetnek; sz\u00e1m\u00edtsunk lassan mozg\u00f3 golfkocsikra, k\u00f3borl\u00f3 gyalogosokra \u00e9s id\u0151nk\u00e9nt \u00f6szv\u00e9rszarvasokra az \u00faton.<\/p>\n<p>Hozz magaddal hegyi id\u0151j\u00e1r\u00e1snak megfelel\u0151 ruh\u00e1zatot: r\u00e9teges \u00f6lt\u00f6zk\u00f6d\u00e9st, t\u00e9len v\u00edz\u00e1ll\u00f3 felszerel\u00e9st \u00e9s eg\u00e9sz \u00e9vben j\u00f3 f\u00e9nyv\u00e9d\u0151t (az UV-sug\u00e1rz\u00e1s 2400 m\u00e9teres magass\u00e1gban er\u0151s). A b\u0151s\u00e9ges v\u00edzfogyaszt\u00e1s seg\u00edt megel\u0151zni a magaslati betegs\u00e9get. Mivel az USA-ban vagyunk, a p\u00e9nznem az USD, \u00e9s a pinc\u00e9rek borraval\u00f3ja ~18\u201320% (az \u00e9ttermi \u00e9telek gyakran dr\u00e1g\u00e1k). Az \u00e9let ritmusa akt\u00edv; a helyiek gyakran meg\u00e1llnak s\u00edel\u00e9s vagy t\u00far\u00e1z\u00e1s k\u00f6zben besz\u00e9lgetni, de a kiszolg\u00e1l\u00e1s a forgalmas helyeken is \u00e9l\u00e9nknek t\u0171nhet. A vailiak nagyra \u00e9rt\u00e9kelik az udvariass\u00e1got \u2013 az ajt\u00f3k tart\u00e1sa, a biccent\u00e9ssel vagy a \u201ehogy vagy\u201d-val val\u00f3 \u00fcdv\u00f6zl\u00e9s gyakori. T\u00e9len \u00e1llj f\u00e9lre az \u00f6sv\u00e9nyeken, hogy m\u00e1sok elhaladhassanak. Ha s\u00edelsz, ne feledd a hegyi k\u00f3dexet (lejt\u0151n engedj el, ne \u00e1llj meg az ereszked\u0151 sorban stb.). Vail nagyon biztons\u00e1gos, s\u0151t ker\u00e9kp\u00e1rbar\u00e1t is. Csak l\u00e9gy tekintettel a v\u00e1ltoz\u00f3 id\u0151j\u00e1r\u00e1sra, \u00e9s mint mindig a hegyvid\u00e9ki ter\u00fcleteken, figyelj a vadon \u00e9l\u0151 \u00e1llatokra (szarvasok \u00e9s j\u00e1vorszarvasok kelnek \u00e1t az utakon, n\u00e9ha hajnalban\/alkonyatkor). A d\u00e9li t\u00f6meg is ny\u00fczsg\u0151 lehet; gondosan tartsd be a sebess\u00e9gkorl\u00e1toz\u00e1sokat \u00e9s a parkol\u00e1si szab\u00e1lyokat. \u00c9s v\u00e9g\u00fcl \u2013 a csapv\u00edz k\u00f6ztudottan j\u00f3 (\u201ej\u00e9ghideg a Szikl\u00e1s-hegys\u00e9gb\u0151l\u201d); a csapokb\u00f3l is lehet inni (a v\u00e1ros vize az Eagle foly\u00f3b\u00f3l sz\u00e1rmazik).<\/p>\n<table>\n<thead>\n<tr>\n<th>Kateg\u00f3ria<\/th>\n<th>R\u00e9szletek<\/th>\n<\/tr>\n<\/thead>\n<tbody>\n<tr>\n<td scope=\"row\">Elhelyezked\u00e9s<\/td>\n<td>Vail, Colorado, Amerikai Egyes\u00fclt \u00c1llamok<\/td>\n<\/tr>\n<tr>\n<td scope=\"row\">Resort Altitude<\/td>\n<td>8120 l\u00e1b (2475 m) az alj\u00e1n\u00e1l, 11 570 l\u00e1b (3527 m) a cs\u00facson<\/td>\n<\/tr>\n<tr>\n<td scope=\"row\">S\u00edszezon<\/td>\n<td>November v\u00e9g\u00e9t\u0151l \u00e1prilis k\u00f6zep\u00e9ig<\/td>\n<\/tr>\n<tr>\n<td scope=\"row\">S\u00edb\u00e9rlet \u00e1rak<\/td>\n<td>V\u00e1ltoz\u00f3; Epic napijegy 95 doll\u00e1rt\u00f3l\/nap<\/td>\n<\/tr>\n<tr>\n<td scope=\"row\">Nyitva tart\u00e1s<\/td>\n<td>9:00 \u2013 16:00<\/td>\n<\/tr>\n<tr>\n<td scope=\"row\">A p\u00e1ly\u00e1k sz\u00e1ma<\/td>\n<td>195<\/td>\n<\/tr>\n<tr>\n<td scope=\"row\">A p\u00e1lya teljes hossza<\/td>\n<td>5289 hekt\u00e1r (2141 hekt\u00e1r)<\/td>\n<\/tr>\n<tr>\n<td scope=\"row\">Leghosszabb fut\u00e1s<\/td>\n<td>Riva-gerinc, 6,4 km<\/td>\n<\/tr>\n<tr>\n<td scope=\"row\">K\u00f6nny\u0171 lejt\u0151k<\/td>\n<td>18%<\/td>\n<\/tr>\n<tr>\n<td scope=\"row\">M\u00e9rs\u00e9kelt lejt\u0151k<\/td>\n<td>29%<\/td>\n<\/tr>\n<tr>\n<td scope=\"row\">Speci\u00e1lis lejt\u0151k<\/td>\n<td>53%<\/td>\n<\/tr>\n<tr>\n<td scope=\"row\">A lejt\u0151k ir\u00e1nya<\/td>\n<td>\u00c9szak, \u00c9szakkelet, Kelet<\/td>\n<\/tr>\n<tr>\n<td scope=\"row\">\u00c9jszakai s\u00edel\u00e9s<\/td>\n<td>Nem el\u00e9rhet\u0151<\/td>\n<\/tr>\n<tr>\n<td scope=\"row\">H\u00f3k\u00e9sz\u00edt\u00e9s<\/td>\n<td>Igen, 461 holdon (186 hekt\u00e1ron)<\/td>\n<\/tr>\n<tr>\n<td scope=\"row\">\u00d6sszes emel\u00e9s<\/td>\n<td>31<\/td>\n<\/tr>\n<tr>\n<td scope=\"row\">Felfel\u00e9 kapacit\u00e1s<\/td>\n<td>63 400 s\u00edel\u0151 \u00f3r\u00e1nk\u00e9nt<\/td>\n<\/tr>\n<tr>\n<td scope=\"row\">Legmagasabb lift<\/td>\n<td>11 570 l\u00e1b (3527 m)<\/td>\n<\/tr>\n<tr>\n<td scope=\"row\">Gondol\u00e1k\/Sikl\u00f3felvon\u00f3k<\/td>\n<td>2<\/td>\n<\/tr>\n<tr>\n<td scope=\"row\">Libeg\u0151k<\/td>\n<td>17<\/td>\n<\/tr>\n<tr>\n<td scope=\"row\">Drag Lifts<\/td>\n<td>12<\/td>\n<\/tr>\n<tr>\n<td scope=\"row\">Snow Parkok<\/td>\n<td>3<\/td>\n<\/tr>\n<tr>\n<td scope=\"row\">S\u00edk\u00f6lcs\u00f6nz\u0151k<\/td>\n<td>El\u00e9rhet\u0151<\/td>\n<\/tr>\n<tr>\n<td scope=\"row\">After-ski<\/td>\n<td>Sz\u00e1mos b\u00e1r, \u00e9tterem \u00e9s sz\u00f3rakoz\u00e1si lehet\u0151s\u00e9g Vail Village-ben<\/td>\n<\/tr>\n<\/tbody>\n<\/table>","protected":false},"excerpt":{"rendered":"<p>Vail a Szikl\u00e1s-hegys\u00e9gben tal\u00e1lhat\u00f3, \u00e9s \u00f6nkorm\u00e1nyzati \u00f6nkorm\u00e1nyzatk\u00e9nt m\u0171k\u00f6dik Eagle megy\u00e9ben, Colorado \u00e1llamban, az Egyes\u00fclt \u00c1llamokban. Vail lakoss\u00e1ga a 2020-as n\u00e9psz\u00e1ml\u00e1l\u00e1s szerint 4835 f\u0151, \u00e9s nagyszer\u0171 term\u00e9szeti sz\u00e9ps\u00e9geir\u0151l, \u00e9l\u00e9nk k\u00f6z\u00f6ss\u00e9g\u00e9r\u0151l \u00e9s els\u0151 oszt\u00e1ly\u00fa l\u00e9tes\u00edtm\u00e9nyeir\u0151l ismert. A v\u00e1ros legink\u00e1bb a Vail S\u00edk\u00f6zpontr\u00f3l ismert, amely Colorado legnagyobb s\u00edterepe, \u00e9s a vil\u00e1g minden t\u00e1j\u00e1r\u00f3l vonzza a vend\u00e9geket. A luxus sz\u00e1llod\u00e1k, a v\u00e1ltozatos \u00e9tkez\u00e9si lehet\u0151s\u00e9gek \u00e9s sz\u00e1mos \u00e9ves rendezv\u00e9ny, k\u00f6zt\u00fck a Vail Filmfesztiv\u00e1l, a Vail Resorts Snow Days \u00e9s a Bravo! Vail mellett ez a vezet\u0151 \u00fati c\u00e9l kiv\u00e9teles s\u00edel\u00e9si \u00e9s snowboardoz\u00e1si lehet\u0151s\u00e9geir\u0151l is h\u00edres.<\/p>","protected":false},"author":1,"featured_media":3879,"parent":8072,"menu_order":0,"comment_status":"closed","ping_status":"closed","template":"elementor_theme","meta":{"_eb_attr":"","footnotes":""},"class_list":["post-8654","page","type-page","status-publish","has-post-thumbnail"],"_links":{"self":[{"href":"https:\/\/travelshelper.com\/hu\/wp-json\/wp\/v2\/pages\/8654","targetHints":{"allow":["GET"]}}],"collection":[{"href":"https:\/\/travelshelper.com\/hu\/wp-json\/wp\/v2\/pages"}],"about":[{"href":"https:\/\/travelshelper.com\/hu\/wp-json\/wp\/v2\/types\/page"}],"author":[{"embeddable":true,"href":"https:\/\/travelshelper.com\/hu\/wp-json\/wp\/v2\/users\/1"}],"replies":[{"embeddable":true,"href":"https:\/\/travelshelper.com\/hu\/wp-json\/wp\/v2\/comments?post=8654"}],"version-history":[{"count":0,"href":"https:\/\/travelshelper.com\/hu\/wp-json\/wp\/v2\/pages\/8654\/revisions"}],"up":[{"embeddable":true,"href":"https:\/\/travelshelper.com\/hu\/wp-json\/wp\/v2\/pages\/8072"}],"wp:featuredmedia":[{"embeddable":true,"href":"https:\/\/travelshelper.com\/hu\/wp-json\/wp\/v2\/media\/3879"}],"wp:attachment":[{"href":"https:\/\/travelshelper.com\/hu\/wp-json\/wp\/v2\/media?parent=8654"}],"curies":[{"name":"wp","href":"https:\/\/api.w.org\/{rel}","templated":true}]}}