{"id":8395,"date":"2024-09-03T19:44:52","date_gmt":"2024-09-03T19:44:52","guid":{"rendered":"https:\/\/travelshelper.com\/staging\/?page_id=8395"},"modified":"2026-03-13T18:41:29","modified_gmt":"2026-03-13T18:41:29","slug":"santa-monica","status":"publish","type":"page","link":"https:\/\/travelshelper.com\/hu\/destinations\/north-america\/united-states\/santa-monica\/","title":{"rendered":"Santa Monica"},"content":{"rendered":"<p>Santa Monica egy tengerparti v\u00e1ros Los Angeles megye nyugati oldal\u00e1n, ahol a Santa Monica-\u00f6b\u00f6l tal\u00e1lkozik a Csendes-\u00f3ce\u00e1nnal. K\u00f6r\u00fclbel\u00fcl 5 kilom\u00e9ter hosszan h\u00faz\u00f3dik homokos tengerpart \u00e9s lapos sziklafalak ment\u00e9n. A t\u00e1j sz\u00e9les, aszfaltozott \u00f3ce\u00e1nparti \u00f6sv\u00e9nyeket, ker\u00e9kp\u00e1rutakat \u00e9s tengerre n\u00e9z\u0151 parkokat foglal mag\u00e1ban (legh\u00edresebb a szikl\u00e1k felett elter\u00fcl\u0151 Palisades Park). Az \u00e9ghajlat eg\u00e9sz \u00e9vben enyhe: meleg, sz\u00e1raz nyarak \u00e9s enyhe telek, hasonl\u00f3an a k\u00f6zeli Los Angeleshez, de ny\u00e1ron \u00e1ltal\u00e1ban egy kicsit h\u0171v\u00f6sebb az \u00f3ce\u00e1n miatt. A k\u00f6rny\u00e9ken reggeli k\u00f6d (j\u00faniusi hom\u00e1ly) tal\u00e1lhat\u00f3, amely d\u00e9lut\u00e1nra gyakran naps\u00fct\u00e9ses \u00e9gboltra oszlik. A tipikus h\u0151m\u00e9rs\u00e9klet ny\u00e1ron 22\u00b0C, t\u00e9len pedig 15\u00b0C k\u00f6z\u00f6tt mozog, gyakorlatilag fagymentesen. A nap \u00e9vente k\u00f6r\u00fclbel\u00fcl 310 napon s\u00fct, \u00edgy Santa Monica l\u00e9nyeg\u00e9ben strandbar\u00e1t v\u00e1ros.<\/p>\n<p>Santa Monica lakoss\u00e1ga k\u00f6r\u00fclbel\u00fcl 88 000 f\u0151 (2025-\u00f6s becsl\u00e9s). Az elm\u00falt \u00e9vtizedekben kiss\u00e9 cs\u00f6kkent a 2020-as cs\u00facshoz k\u00e9pest, ami a kis f\u00f6ldter\u00fcletet \u00e9s a magas lakhat\u00e1si k\u00f6lts\u00e9geket t\u00fckr\u00f6zi. Az \u00e1tlag\u00e9letkor a 40-es \u00e9vek elej\u00e9n van, a h\u00e1ztart\u00e1sok medi\u00e1nj\u00f6vedelme pedig nagyj\u00e1b\u00f3l 110 000 doll\u00e1r (ami az amerikai viszonylatban nagyon magas). A lakoss\u00e1g t\u00falnyom\u00f3r\u00e9szt feh\u00e9r (kb. 67%), \u00e1zsiai (~10%), valamint kisebb sz\u00e1zal\u00e9kban fekete (5%) \u00e9s spanyol ajk\u00fa (b\u00e1rmely rasszb\u00f3l k\u00f6r\u00fclbel\u00fcl 13% spanyol ajk\u00fa) lakosok alkotj\u00e1k. A v\u00e1rosban jelent\u0151s a kreat\u00edv oszt\u00e1ly \u00e9s a technol\u00f3giai munkaer\u0151, amint azt az al\u00e1bbiakban t\u00e1rgyaljuk.<\/p>\n<p>Santa Monica 2025-\u00f6s becsl\u00e9se szerint 87 900 lakosa van. A v\u00e1ros n\u00e9ps\u0171r\u0171s\u00e9ge magas (n\u00e9gyzetm\u00e9rf\u00f6ldenk\u00e9nt t\u00f6bb mint 10 000 f\u0151). Demogr\u00e1fiailag a lakosok 67%-a feh\u00e9rnek, 9,8%-a \u00e1zsiainak \u00e9s 4,9%-a fekete b\u0151r\u0171nek vallja mag\u00e1t, a fennmarad\u00f3 r\u00e9szt pedig m\u00e1sok \u00e9s azok alkotj\u00e1k, akik k\u00e9t vagy t\u00f6bb rasszhoz tartoznak. A spanyol\/latin-amerikai lakosok a lakoss\u00e1g mintegy 11%-\u00e1t teszik ki. A h\u00e1ztart\u00e1sok k\u00f6r\u00fclbel\u00fcl 42%-a h\u00e1zasp\u00e1r.<\/p>\n<p>A helyi gazdas\u00e1g er\u0151s \u00e9s soksz\u00edn\u0171. Santa Monica a \u201eSzil\u00edciumpart\u201d r\u00e9sz\u00e9nek nevezi mag\u00e1t a technol\u00f3giai \u00e9s kreat\u00edv ipar\u00e1gak koncentr\u00e1ci\u00f3ja miatt. Val\u00f3j\u00e1ban a kreat\u00edv \u00e9s technol\u00f3giai szektor a legnagyobb munkaad\u00f3: t\u00f6bb mint 3100 informatikai, film-, vide\u00f3-, design- \u00e9s rekl\u00e1mipari v\u00e1llalkoz\u00e1s (p\u00e9ld\u00e1ul a Snap, a Hulu, a Lionsgate stb.) k\u00f6r\u00fclbel\u00fcl 29 000 embert foglalkoztat \u2013 ez a v\u00e1ros munkahelyeinek nagyj\u00e1b\u00f3l egyharmada. Tov\u00e1bbi jelent\u0151s \u00e1gazatok k\u00f6z\u00e9 tartozik az eg\u00e9szs\u00e9g\u00fcgy (10 000 munkahely), az oktat\u00e1s (Santa Monica F\u0151iskola) \u00e9s a turizmus\/vend\u00e9gl\u00e1t\u00e1s (sz\u00e1ll\u00e1shelyek, \u00e9ttermek). A turisztikai \u00e1gazat n\u00f6vekszik: 2023-ban k\u00f6r\u00fclbel\u00fcl 4,6 milli\u00f3 l\u00e1togat\u00f3 \u00e9rkezett Santa Monic\u00e1ba, ami a h\u00edres m\u00f3l\u00f3nak \u00e9s strandnak, valamint a v\u00e1ros bev\u00e1s\u00e1rl\u00f3negyedeinek k\u00f6sz\u00f6nhet\u0151en nagyj\u00e1b\u00f3l 940 milli\u00f3 doll\u00e1ros helyi k\u00f6lt\u00e9st gener\u00e1lt. A kiskereskedelem is figyelemre m\u00e9lt\u00f3 \u2013 a kis- \u00e9s k\u00f6z\u00e9pv\u00e1llalkoz\u00e1sok 2023-ban t\u00f6bb mint 3,2 milli\u00e1rd doll\u00e1r ad\u00f3k\u00f6teles \u00e1rbev\u00e9telt k\u00f6nyveltek el. R\u00f6viden, Santa Monica gazdas\u00e1ga a helyi kiskereskedelmi \u00e9s szolg\u00e1ltat\u00e1si munkahelyeket meglep\u0151en nagy kreat\u00edv technol\u00f3giai maggal \u00f6tv\u00f6zi (a digit\u00e1lis m\u00e9dia \u00e9s sz\u00f3rakoztat\u00f3ipari c\u00e9gek vil\u00e1gszinten legnagyobb koncentr\u00e1ci\u00f3ja Los Angeles nyugati r\u00e9sz\u00e9n tal\u00e1lhat\u00f3).<\/p>\n<p>A v\u00e1ros magas j\u00f6vedelemmel b\u00fcszk\u00e9lkedhet: az egy f\u0151re jut\u00f3 j\u00f6vedelem ~88 900 doll\u00e1r, a h\u00e1ztart\u00e1sok medi\u00e1n \u00e9rt\u00e9ke pedig ~109 700 doll\u00e1r, b\u00e1r a szeg\u00e9nys\u00e9gi r\u00e1ta (11,6%) j\u00f6vedelmi egyenl\u0151tlens\u00e9gre utal. Az ingatlan- \u00e9s turisztikai bev\u00e9telek a helyi szolg\u00e1ltat\u00e1sokat finansz\u00edrozz\u00e1k (p\u00e9ld\u00e1ul az \u00fczleti fejleszt\u00e9si negyedek utcai rendezv\u00e9nyeket \u00e9s karbantart\u00e1st szerveznek a belv\u00e1rosban). A fenntarthat\u00f3 \u00fczleti tev\u00e9kenys\u00e9g szint\u00e9n priorit\u00e1s: Santa Monica n\u00e9pszer\u0171s\u00edti a z\u00f6ld\u00e9p\u00edt\u00e9szetet \u00e9s a ker\u00e9kp\u00e1rutakat, \u00e9s k\u00f6rnyezetv\u00e9delmi politik\u00e1ja miatt a \u201elegfenntarthat\u00f3bb\u201d v\u00e1rosok k\u00f6z\u00e9 sorolt\u00e1k.<\/p>\n<p>Santa Monica D\u00e9l-Kaliforni\u00e1ban tal\u00e1lhat\u00f3, k\u00f6zvetlen\u00fcl Los Angeles v\u00e1ros\u00e1t\u00f3l (Venice v\u00e1rosr\u00e9sze) nyugatra, Los Angelest\u0151l (LAX) pedig 24 kilom\u00e9terre \u00e9szakra. Lapos szikl\u00e1kon fekszik a Santa Monica-\u00f6b\u00f6l felett. A Pacific Palisades park \u00e9s a Santa Monica-hegys\u00e9g \u00e9szakra tal\u00e1lhat\u00f3, m\u00edg a Venice Beach d\u00e9len hat\u00e1ros. 4,5 kilom\u00e9teres tengerpartja mag\u00e1ban foglalja a h\u00edres Santa Monica State Beach-et (r\u00f6plabdap\u00e1ly\u00e1kkal \u00e9s sz\u00e9les homokkal). A parton a v\u00e1ros nagyr\u00e9szt s\u00edk, enyh\u00e9n lejt a Palisades-t\u0151l a v\u00edzig. Az ikonikus Santa Monica m\u00f3l\u00f3 (1909-ben \u00e9p\u00fclt) beny\u00falik az \u00f6b\u00f6lbe, ahol egy kis vid\u00e1mpark, akv\u00e1rium \u00e9s a t\u00f6rt\u00e9nelmi m\u00f3l\u00f3i k\u00f6rhinta tal\u00e1lhat\u00f3 \u2013 a v\u00e1ros szimb\u00f3lumai. A f\u0151 kereskedelmi k\u00f6zpont a Third Street \u00e9s a Broadway k\u00f6rny\u00e9k\u00e9n tal\u00e1lhat\u00f3, amelyet Third Street Promenade-nak (egy ny\u00fczsg\u0151 gyalogos bev\u00e1s\u00e1rl\u00f3k\u00f6zpontnak) neveznek, valamint az \u00f3ce\u00e1nhoz k\u00f6zeli t\u00f6mb\u00f6kben (a \u201ebelv\u00e1rosban\u201d), amelyek mind \u00fczletekkel, utcai el\u0151ad\u00f3kkal \u00e9s \u00e9ttermekkel tel\u00edtettek.<\/p>\n<p>\u00c9ghajlati szempontb\u00f3l Santa Monica tengerparti elhelyezked\u00e9se nagyon csek\u00e9ly h\u0151m\u00e9rs\u00e9klet-ingadoz\u00e1st biztos\u00edt. Ahogy a Wikip\u00e9dia \u00e9ghajlati r\u00e9sze is megjegyzi, Santa Monica tengerparti mediterr\u00e1n \u00e9ghajlattal rendelkezik. A part menti k\u00f6d gyakran el\u0151fordul k\u00e9s\u0151 tavaszt\u00f3l ny\u00e1rig, de a v\u00e1ros \u00e1ltal\u00e1ban d\u00e9lre kitisztul. M\u00e9g a forr\u00f3, bels\u0151 napokon is h\u0171s\u00edti a strandot az \u00f3ce\u00e1ni szell\u0151. Az \u00e9ves csapad\u00e9kmennyis\u00e9g k\u00f6r\u00fclbel\u00fcl 38 cm, f\u0151k\u00e9nt t\u00e9len. A hossz\u00fa, sz\u00e1raz nyarak \u00e9s az enyhe telek miatt eg\u00e9sz \u00e9vben szabadt\u00e9ri k\u00e1v\u00e9z\u00f3k \u00e9s utcai fesztiv\u00e1lok zajlanak. A strandot \u00e9s a szikl\u00e1kat parkok veszik k\u00f6r\u00fcl (a Palisades Park a szikla tetej\u00e9n h\u00faz\u00f3dik, a Tongva Park egy \u00fajabb, \u00f3ce\u00e1nra n\u00e9z\u0151 park a belv\u00e1rosban), ami meger\u0151s\u00edti a v\u00e1ros \u00e9s a tenger integr\u00e1ci\u00f3j\u00e1t.<\/p>\n<p>Santa Monica t\u00f6rt\u00e9nete D\u00e9l-Kalifornia t\u00e1gabb \u00edv\u00e9t t\u00fckr\u00f6zi. A ter\u00fcletet az 1839-es mexik\u00f3i f\u00f6ldadom\u00e1nyoz\u00e1sok (Rancho San Vicente y Santa M\u00f3nica) sor\u00e1n nevezt\u00e9k el \u00e9s ig\u00e9nyelt\u00e9k. A v\u00e1rost hivatalosan 1886. november 30-\u00e1n alap\u00edtott\u00e1k. Korai \u00e9veiben Santa Monica Los Angeles tengerparti \u00fcd\u00fcl\u0151helyek\u00e9nt fejl\u0151d\u00f6tt \u2013 sz\u00e1llod\u00e1k, f\u00fcrd\u0151k \u00e9s sz\u00f3rakoztat\u00f3 m\u00f3l\u00f3k v\u00e1ltak vonzerej\u00e9v\u00e9. A 20. sz\u00e1zad elej\u00e9re kompj\u00e1ratok \u00e9s a Pacific Electric \u201eRed Car\u201d (villamos) k\u00f6t\u00f6tte \u00f6ssze Los Angeles-szel. Val\u00f3j\u00e1ban a sz\u00f3rakoztat\u00f3 m\u00f3l\u00f3k nagy dolognak sz\u00e1m\u00edtottak \u2013 a Santa Monica m\u00f3l\u00f3t kib\u0151v\u00edtett\u00e9k, \u00e9s az 1920-as \u00e9vekre jelent\u0151s l\u00e1tv\u00e1nyoss\u00e1gg\u00e1 v\u00e1lt.<\/p>\n<p>Kulcsfontoss\u00e1g\u00fa fejezet a Douglas Aircraft Company, amely az 1920-as \u00e9vekben egy jelent\u0151s rep\u00fcl\u0151g\u00e9pgy\u00e1rat hozott l\u00e9tre itt; Santa Monica 1940-re h\u00e1bor\u00fas k\u00f6zpontt\u00e1 v\u00e1lt, ahol t\u00edzezrek dolgoztak a rep\u00fcl\u0151g\u00e9piparban. A m\u00e1sodik vil\u00e1gh\u00e1bor\u00fa ut\u00e1n a Douglas\/McDonnell gy\u00e1r az 1970-es \u00e9vekig jelent\u0151s maradt, munkahelyeket teremtve \u00e9s l\u00e9trehozva a RAND agytr\u00f6szt\u00f6t. A Douglas l\u00e9tes\u00edtm\u00e9ny bez\u00e1r\u00e1sa (1968\u201370) csap\u00e1s volt, de seg\u00edtett utat nyitni a gazdas\u00e1gi diverzifik\u00e1ci\u00f3nak. A v\u00e1ros ellen\u00e1llt az aut\u00f3p\u00e1lya-b\u0151v\u00edt\u00e9snek (1975-ben le\u00e1ll\u00edtott\u00e1k a Santa Monica-i aut\u00f3p\u00e1lya nyugat fel\u00e9 tart\u00f3 folytat\u00e1s\u00e1t az Ocean Parkon t\u00fal), ami gyalogosbar\u00e1t belv\u00e1rost biztos\u00edtott. \u00c9vtizedek alatt kozmopolita kisv\u00e1ross\u00e1 alakult \u00e1t: a m\u00f3l\u00f3 \u00e9s a strand ikonikus maradt, de \u00faj kiskereskedelmi k\u00f6zpontok (Third Street) \u00e9s kis technol\u00f3giai v\u00e1llalatok kezdt\u00e9k meghat\u00e1rozni. Figyelemre m\u00e9lt\u00f3 esem\u00e9nyek: az 1980-as \u00e9vek v\u00e9g\u00e9n konfliktusok alakultak ki a fejleszt\u00e9s \u00e9s a meg\u0151rz\u00e9s k\u00f6z\u00f6tt (egyes tengerparti negyedek \u00faj felh\u0151karcol\u00f3k \u00e9p\u00edt\u00e9s\u00e9vel harcoltak). Ma a t\u00f6rt\u00e9nelmi, sz\u00e1zadk\u00f6zepi \u00e9p\u00fcletek \u00e9s a divatos \u00faj \u00fczletek kever\u00e9ke a folyamatos v\u00e1ltoz\u00e1sr\u00f3l tan\u00faskodik.<\/p>\n<p>Santa Monica eg\u00e9szs\u00e9ges, progressz\u00edv \u00e9s kreat\u00edv hangulat\u00e1r\u00f3l ismert. A v\u00e1ros egyszerre lak\u00f3- \u00e9s kereskedelmi jelleg\u0171; r\u00e9g\u00f3ta vonzza a m\u0171v\u00e9szeket, v\u00e1llalkoz\u00f3kat \u00e9s a fiatal szakembereket, valamint a gazdag nyugd\u00edjasokat. Az angol nyelv univerz\u00e1lis, a spanyolt pedig a szolg\u00e1ltat\u00e1si szektorban dolgoz\u00f3k \u00e9s bizonyos k\u00f6rny\u00e9kek k\u00f6r\u00e9ben besz\u00e9lik gyakran. Az \u00e9letm\u00f3d a fitneszre helyezi a hangs\u00falyt: fut\u00f3kat \u00e9s ker\u00e9kp\u00e1rosokat l\u00e1that az Ocean Avenue-n, j\u00f3gast\u00fadi\u00f3k szinte minden h\u00e1zt\u00f6mbben megtal\u00e1lhat\u00f3k, \u00e9s a termel\u0151i piacok a h\u00e9t sz\u00e1mos napj\u00e1n nyitva tartanak. A strandkult\u00fara nagy \u2013 v\u00edziment\u0151 tornyok, r\u00f6plabdap\u00e1ly\u00e1k \u00e9s laza sz\u00f6rfboltok mindenhol megtal\u00e1lhat\u00f3k. A v\u00e1ros k\u00fcl\u00f6n\u00f6sen gyerekbar\u00e1t (j\u00e1tsz\u00f3terek, iskol\u00e1k) \u00e9s h\u00e1zi\u00e1llatbar\u00e1t (bizonyos id\u0151pontokban p\u00f3r\u00e1z n\u00e9lk\u00fcl is lehet kuty\u00e1kat beengedni a strandra).<\/p>\n<p>Politikailag \u00e9s t\u00e1rsadalmilag Santa Monica meglehet\u0151sen liber\u00e1lis; az \u00f6nkorm\u00e1nyzati politik\u00e1k ezt t\u00fckr\u00f6zik. A v\u00e1ros b\u00fcszke a k\u00f6rnyezettudatoss\u00e1gra (szigor\u00fa \u00fajrahasznos\u00edt\u00e1s, meg\u00fajul\u00f3 energiac\u00e9lok, bizonyos m\u0171anyagok tilalma). A m\u0171v\u00e9szet \u00e9s a technol\u00f3gia keveredik itt: utcai falfestm\u00e9nyek \u00e9s gal\u00e9ri\u00e1k tal\u00e1lhat\u00f3k a k\u00f6z\u00f6ss\u00e9gi irod\u00e1k \u00e9s a startup inkub\u00e1torok mellett. A k\u00f6z\u00f6ss\u00e9gi esem\u00e9nyek er\u0151s\u00edtik a helyi jelleget: hetente rendeznek koncerteket a parkban, ny\u00e1ri filmest\u00e9ket \u00e9s szezon\u00e1lis \u00fcnneps\u00e9geket (p\u00e9ld\u00e1ul a Santa Monica Pier Twilight koncertsorozatot). A v\u00e1rosvezet\u00e9s \u00e9s a Kereskedelmi Kamara gyakran hangs\u00falyozza a \u201eV\u00e1s\u00e1rolj helyi term\u00e9keket\u201d \u00e9s a fenntarthat\u00f3 v\u00e1llalkoz\u00e1sokat, jelezve a k\u00f6z\u00f6ss\u00e9gi szellemis\u00e9gre val\u00f3 \u00f6sszpontos\u00edt\u00e1st.<\/p>\n<p>Bar\u00e1ts\u00e1goss\u00e1g szempontj\u00e1b\u00f3l Santa Monic\u00e1ban jellemz\u0151en bar\u00e1ts\u00e1gos \u00e9s laza a hangulat. M\u00e9g a belv\u00e1rosban is ritka az \u00fczleti \u00f6lt\u00f6zet; a strandruha vagy a h\u00e9tk\u00f6znapi v\u00e1rosi viselet a norma. Az emberek hajlamosak mosolyogni \u00e9s \u201ehell\u00f3val\u201d \u00fcdv\u00f6z\u00f6lni, b\u00e1r ez nem annyira vid\u00e9kies, mint tal\u00e1n Santa Barbara st\u00edlusa. Van egy kis v\u00e1rosi anonimit\u00e1s (mint b\u00e1rmelyik Los Angeles-i k\u00fclv\u00e1rosban), de sokan ismerik a szomsz\u00e9daikat. A forgalom siralmas (a helyiek tudj\u00e1k, hogy cs\u00facsforgalomban nem szabad felmenni a dombra a Los Angeles-i rep\u00fcl\u0151t\u00e9rre), \u00edgy a t\u00fcrelem az utakon kimondatlan szab\u00e1ly.<\/p>\n<p>Santa Monica l\u00e1tnival\u00f3i tengerpart-k\u00f6zpont\u00faak. Term\u00e9szetesen a Santa Monica m\u00f3l\u00f3 is kihagyhatatlan l\u00e1tnival\u00f3. M\u00e1sodik utcai k\u00f6rhinta, \u00f3ri\u00e1sker\u00e9k \u00e9s j\u00e1t\u00e9ktermek a r\u00e9gim\u00f3di sz\u00f3rakoztat\u00f3 hangulatot id\u00e9zik, a m\u00f3l\u00f3 hangulata pedig azonnal felismerhet\u0151 (ellent\u00e9tben semmi m\u00e1ssal Los Angelesben). A m\u00f3l\u00f3 Pacific Park vid\u00e1mparki attrakci\u00f3i, valamint egy kis akv\u00e1rium \u00e9s \u00e9tkezd\u00e9k a csal\u00e1dok \u00e9s az alkalmi l\u00e1togat\u00f3k sz\u00e1m\u00e1ra egyar\u00e1nt vonz\u00f3ak. A szomsz\u00e9dban tal\u00e1lhat\u00f3 a Palisades Park, egy szikla tetej\u00e9n elhelyezked\u0151 z\u00f6ld\u00f6vezet, ahonnan kil\u00e1t\u00e1s ny\u00edlik az \u00f3ce\u00e1nra, ide\u00e1lis ker\u00e9kp\u00e1roz\u00e1shoz vagy naplement\u00e9s s\u00e9t\u00e1khoz. Innen csod\u00e1lhatja meg Los Angeles egyik legikonikusabb kil\u00e1t\u00e1s\u00e1t: a v\u00e9gtelen Csendes-\u00f3ce\u00e1nt \u00e9s Malibu k\u00f6rvonalait \u00e9szakon.<\/p>\n<p>A Third Street Promenade egy m\u00e1sik n\u00e9pszer\u0171 l\u00e1tv\u00e1nyoss\u00e1g: egy gyalogosoknak fenntartott bev\u00e1s\u00e1rl\u00f3negyed, tele butikokkal, utcai el\u0151ad\u00f3kkal \u00e9s szabadt\u00e9ri k\u00e1v\u00e9z\u00f3kkal. Gyakran emlegetik Amerika egyik legjobb szabadt\u00e9ri bev\u00e1s\u00e1rl\u00f3k\u00f6zpontjak\u00e9nt. A k\u00f6zeli Santa Monica Place bev\u00e1s\u00e1rl\u00f3k\u00f6zpont (exkluz\u00edv bev\u00e1s\u00e1rl\u00f3k\u00f6zpont) \u00e9s a 4.\/Colorado m\u0171v\u00e9szeti negyed (az SMC Performing Arts Center) tov\u00e1bb n\u00f6velik vonzerej\u00e9t. Maga a strand \u2013 a Santa Monica State Beach \u2013 sz\u00e9les \u00e9s j\u00f3l karbantartott, r\u00f6plabdap\u00e1ly\u00e1kkal \u00e9s ker\u00e9kp\u00e1rutakkal, amelyek d\u00e9len a Venice Beachhez, \u00e9szakon pedig a Marina del Rey ker\u00e9kp\u00e1r\u00fathoz csatlakoznak.<\/p>\n<p>Tov\u00e1bbi kiemelt l\u00e1tnival\u00f3k k\u00f6z\u00e9 tartozik a Tongva Park &amp; \u200b\u200bGreenbelt (egy \u00fajabb, t\u00f6bbszintes park j\u00e1tsz\u00f3kertekkel \u00e9s sz\u00f6k\u0151kutakkal a belv\u00e1rosban) \u00e9s a Palisades Park (ahogy m\u00e1r eml\u00edtett\u00fck). A tengerparton tal\u00e1lhat\u00f3 a t\u00f6rt\u00e9nelmi Angels Knight Pier (Caruso&#039;s Beach House) \u00e9s az \u00c9letment\u0151 K\u00f6zpont Tornya. Sport \u00e9s szabadid\u0151: A Muscle Beach (Kalifornia eredeti szabadt\u00e9ri edz\u0151terme) \u00e9s az North Beach Playground sz\u00f3rakoztat\u00f3 l\u00e1tnival\u00f3k. A kult\u00far\u00e1ra \u00e9hes l\u00e1togat\u00f3kat a Santa Monica M\u0171v\u00e9szeti M\u00fazeum \u00e9s a Bergamot Station (egy m\u0171v\u00e9szeti komplexum tucatnyi gal\u00e9ri\u00e1val) is kiszolg\u00e1lja. Azok, akik helyi k\u00f6t\u0151d\u00e9sre v\u00e1gynak, s\u00e9t\u00e1lhatnak a Farmers Marketen az Arizona Avenue-n (eg\u00e9sz \u00e9vben, szerd\u00e1n \u00e9s szombaton).<\/p>\n<p>R\u00f6viden, a kihagyhatatlan teend\u0151k list\u00e1j\u00e1t az \u00f3ce\u00e1n \u00e9s a szabadt\u00e9ri \u00e9lvezetek hat\u00e1rozz\u00e1k meg: biciklit\u00fara a m\u00f3l\u00f3hoz, s\u00e9ta naplementekor, g\u00f6rkorcsoly\u00e1z\u00e1s a tengerparton, valamint \u00e9tkez\u00e9s a sz\u00e1mos tengerparti \u00e9tterem egyik\u00e9ben. Santa Monica klasszikus kaliforniai tengerparti v\u00e1rosi \u00e9lm\u00e9nyt k\u00edn\u00e1l, modern kori felfriss\u00edt\u00e9ssel, divatos \u00fczletekkel \u00e9s fenntarthat\u00f3 st\u00edlussal.<\/p>\n<p>Santa Monic\u00e1nak nincs saj\u00e1t kereskedelmi rep\u00fcl\u0151tere; a l\u00e1togat\u00f3k \u00e1ltal\u00e1ban a Los Angeles-i nemzetk\u00f6zi rep\u00fcl\u0151t\u00e9rre (LAX) rep\u00fclnek, amely mind\u00f6ssze 15 percnyi aut\u00f3\u00fatra d\u00e9lre tal\u00e1lhat\u00f3. A Burbank (BUR) \u00e9s a Long Beach (LGB) rep\u00fcl\u0151terek aut\u00f3val vagy transzferrel is megk\u00f6zel\u00edthet\u0151k. Aut\u00f3val az I-10-es aut\u00f3p\u00e1lya Santa Monic\u00e1ban \u00e9r v\u00e9get (ahol tal\u00e1lkozik az Ocean Avenue-val). Felsz\u00edni utc\u00e1kon kereszt\u00fcl Nyugat-Los Angelesbe \u00e9s azon t\u00falra is eljuthat. Az Amtrak Pacific Surfliner vonata a k\u00f6zeli Downtown Santa Monica \u00e1llom\u00e1son (a 4. utc\u00e1n\u00e1l) \u00e1ll meg, \u00e9s \u00f6sszek\u00f6ttet\u00e9sben \u00e1ll az LA\u2013San Diego \u00fatvonallal.<\/p>\n<p>Santa Monica viszonylag kicsi. Sok lakos \u00e9s l\u00e1togat\u00f3 gyalog vagy ker\u00e9kp\u00e1rral k\u00f6zlekedik, k\u00fcl\u00f6n\u00f6sen a belv\u00e1rosban \u00e9s a tengerparton. A t\u00f6megk\u00f6zleked\u00e9shez tartozik a Big Blue Bus (Santa Monica v\u00e1rosi buszh\u00e1l\u00f3zata) \u00e9s az LA Metro E Line (Expo Line) k\u00f6nny\u0171vas\u00fat, amely k\u00f6r\u00fclbel\u00fcl 8 percenk\u00e9nt k\u00f6ti \u00f6ssze Santa Monica belv\u00e1ros\u00e1t (Downtown Station) Los Angeles belv\u00e1ros\u00e1val \u00e9s azon t\u00fal. A taxik \u00e9s a k\u00f6z\u00f6s fuvaroz\u00e1s b\u0151s\u00e9gesen \u00e1llnak rendelkez\u00e9sre a k\u00f6zponti ter\u00fcleteken, de k\u00e9s\u0151 este a k\u00fcls\u0151 k\u00f6rny\u00e9keken sz\u0171k\u00f6sek lehetnek. A parkol\u00e1s gyakran fizet\u0151s az utc\u00e1kon \u00e9s a nyilv\u00e1nos parkol\u00f3h\u00e1zakban; k\u00e9rj\u00fck, vegye figyelembe az utcai takar\u00edt\u00e1si \u00fctemtervet. Mivel a forgalom elt\u00f6m\u00edtheti az aut\u00f3p\u00e1lya-bej\u00e1ratokat, sok helyi lakos ker\u00e9kp\u00e1rt vagy robog\u00f3t haszn\u00e1l r\u00f6vid t\u00e1vols\u00e1gokra (a robog\u00f3- \u00e9s ker\u00e9kp\u00e1rmegoszt\u00f3 programok n\u00e9pszer\u0171ek).<\/p>\n<p>A szok\u00e1sos kaliforniai borraval\u00f3k \u00e9rv\u00e9nyesek. A p\u00e9nznem az USD. Az angol nyelv univerz\u00e1lisan haszn\u00e1lhat\u00f3; a spanyol nyelv sz\u00e1mos szolg\u00e1ltat\u00e1si k\u00f6rnyezetben elterjedt (sok \u00fczlet felirata k\u00e9tnyelv\u0171). Az \u00e9ttermekben a borraval\u00f3 15\u201320% az alap. A szand\u00e1lok \u00e9s a strandruh\u00e1k napk\u00f6zben szinte b\u00e1rhol elfogadhat\u00f3k, b\u00e1r az eleg\u00e1ns \u00e9ttermekben vagy b\u00e1rokban csinosabb \u00f6lt\u00f6z\u00e9ket is v\u00e1laszthatnak. Santa Monica \u00e1ltal\u00e1ban biztons\u00e1gos \u2013 sokkal alacsonyabb a b\u0171n\u00f6z\u00e9s, mint Los Angeles belv\u00e1ros\u00e1ban. Azonban vigy\u00e1zzon a holmij\u00e1ra a zs\u00fafolt utc\u00e1kon \u00e9s strandokon. A v\u00e1ros nagyon gyalogos- \u00e9s ker\u00e9kp\u00e1rbar\u00e1t, de mindig tartsa be a helyi ker\u00e9kp\u00e1ros\/robog\u00f3s etikettet. Emellett meglehet\u0151sen nemzetk\u00f6zi \u00e9s elfogad\u00f3 is; a l\u00e1togat\u00f3knak k\u00e9nyelmesen kell \u00e9rezni\u00fck magukat, ha azt viselnek, amit szeretnek. Gyakorlati megjegyz\u00e9s: a helyi politika miatt Santa Monica nagyon k\u00f6rnyezettudatos \u2013 a l\u00e1togat\u00f3k sok parkban m\u0171anyag palackok helyett v\u00edzt\u00f6lt\u0151 \u00e1llom\u00e1sokat (sz\u00f6k\u0151kutakat) tal\u00e1lnak, \u00e9s az \u00e9ttermek gyakran \u00f6szt\u00f6nzik az \u00fajrafelhaszn\u00e1lhat\u00f3 szatyrok haszn\u00e1lat\u00e1t.<a href=\"https:\/\/travelshelper.com\/hu\/uticelok\/eszak-amerika\/amerikai-egyesult-allamok\/berkeley-springs\/\" target=\"_self\" aria-labelledby=\"uael-post-8997\"><br \/>\n<\/a><\/p>","protected":false},"excerpt":{"rendered":"<p>A fest\u0151i Santa Monica-\u00f6b\u00f6l ment\u00e9n, Kalifornia d\u00e9li partj\u00e1n fekv\u0151 Santa Monica egy \u00e9l\u00e9nk v\u00e1ros Los Angeles megy\u00e9ben. A 2020-as amerikai n\u00e9psz\u00e1ml\u00e1l\u00e1s szerint 93 076 lakos\u00fa Santa Monica egy j\u00f3l ismert \u00fcd\u00fcl\u0151v\u00e1ros, amelyet kellemes h\u0151m\u00e9rs\u00e9klet\u00e9r\u0151l, l\u00e9legzetel\u00e1ll\u00edt\u00f3 strandjair\u00f3l \u00e9s akt\u00edv sz\u00e1llodaipar\u00e1r\u00f3l dics\u00e9rnek. A v\u00e1ros \u2013 amely az \u00fczleti \u00e9s szabadid\u0151s tev\u00e9kenys\u00e9gek egyik f\u0151 k\u00f6zpontjak\u00e9nt is m\u0171k\u00f6dik \u2013 soksz\u00edn\u0171 gazdas\u00e1g\u00e1t t\u00e1mogat\u00f3 nagyv\u00e1llalatok k\u00f6z\u00f6tt szerepel a Hulu, a Universal Music Group, a Lionsgate, az Illumination \u00e9s a The Recording Academy.<\/p>","protected":false},"author":1,"featured_media":3396,"parent":8072,"menu_order":0,"comment_status":"closed","ping_status":"closed","template":"elementor_theme","meta":{"_eb_attr":"","footnotes":""},"class_list":["post-8395","page","type-page","status-publish","has-post-thumbnail"],"_links":{"self":[{"href":"https:\/\/travelshelper.com\/hu\/wp-json\/wp\/v2\/pages\/8395","targetHints":{"allow":["GET"]}}],"collection":[{"href":"https:\/\/travelshelper.com\/hu\/wp-json\/wp\/v2\/pages"}],"about":[{"href":"https:\/\/travelshelper.com\/hu\/wp-json\/wp\/v2\/types\/page"}],"author":[{"embeddable":true,"href":"https:\/\/travelshelper.com\/hu\/wp-json\/wp\/v2\/users\/1"}],"replies":[{"embeddable":true,"href":"https:\/\/travelshelper.com\/hu\/wp-json\/wp\/v2\/comments?post=8395"}],"version-history":[{"count":0,"href":"https:\/\/travelshelper.com\/hu\/wp-json\/wp\/v2\/pages\/8395\/revisions"}],"up":[{"embeddable":true,"href":"https:\/\/travelshelper.com\/hu\/wp-json\/wp\/v2\/pages\/8072"}],"wp:featuredmedia":[{"embeddable":true,"href":"https:\/\/travelshelper.com\/hu\/wp-json\/wp\/v2\/media\/3396"}],"wp:attachment":[{"href":"https:\/\/travelshelper.com\/hu\/wp-json\/wp\/v2\/media?parent=8395"}],"curies":[{"name":"wp","href":"https:\/\/api.w.org\/{rel}","templated":true}]}}