{"id":8389,"date":"2024-09-03T19:31:42","date_gmt":"2024-09-03T19:31:42","guid":{"rendered":"https:\/\/travelshelper.com\/staging\/?page_id=8389"},"modified":"2026-03-13T18:45:24","modified_gmt":"2026-03-13T18:45:24","slug":"santa-barbara","status":"publish","type":"page","link":"https:\/\/travelshelper.com\/hu\/destinations\/north-america\/united-states\/santa-barbara\/","title":{"rendered":"Santa Barbara"},"content":{"rendered":"<p>Santa Barbara Los Angelest\u0151l k\u00f6r\u00fclbel\u00fcl 160 kilom\u00e9terre \u00e9szaknyugatra fekszik, a Csendes-\u00f3ce\u00e1n \u00e9s a Santa Ynez-hegys\u00e9g k\u00f6z\u00f6tt megb\u00fav\u00f3 telep\u00fcl\u00e9s. A v\u00e1ros \u00f6b\u00f6lparti fekv\u00e9se leny\u0171g\u00f6z\u0151: \u00edvelt partvonal, homokos strandokkal, z\u00f6ld dombokkal. Az id\u0151j\u00e1r\u00e1s k\u00f6zismerten kellemes, gyakran hasonl\u00edtj\u00e1k a F\u00f6ldk\u00f6zi-tengerhez (s\u0151t, \u201eamerikai Rivi\u00e9r\u00e1nak\u201d is bec\u00e9zik). Meleg-ny\u00e1ri mediterr\u00e1n \u00e9ghajlat uralkodik enyhe, sz\u00e1raz nyarakkal \u00e9s h\u0171v\u00f6s, nedves telekkel. Az \u00e1tlagh\u0151m\u00e9rs\u00e9klet t\u00e9len 10\u00b0C \u00e9s ny\u00e1ron 21\u00b0C k\u00f6z\u00f6tt mozog (nyarank\u00e9nt el\u00e9rheti a 27\u00b0C-ot, de az \u00e9jszak\u00e1k h\u0171v\u00f6sek). A nap \u00e9vente t\u00f6bb mint 270 napon s\u00fct, \u00e9s p\u00e1lmaf\u00e1k vir\u00e1goznak a bany\u00e1nf\u00e1k \u00e9s a spanyol st\u00edlus\u00fa cser\u00e9ptet\u0151k mellett.<\/p>\n<p>Santa Barbara v\u00e1roshat\u00e1rain bel\u00fcl nagyj\u00e1b\u00f3l 88 000 lakos \u00e9l (2023-as becsl\u00e9s). A v\u00e1ros lakoss\u00e1ga az elm\u00falt \u00e9vekben stabil vagy enyh\u00e9n cs\u00f6kkent. Az \u00e1tlag\u00e9letkor k\u00f6r\u00fclbel\u00fcl 39 \u00e9v, \u00e9s a v\u00e1ros n\u00e9mileg id\u0151sebb, mint a tipikus kaliforniai (sok nyugd\u00edjas \u00e9s csal\u00e1dos). Gazdas\u00e1gilag j\u00f3m\u00f3d\u00fa: a h\u00e1ztart\u00e1sok medi\u00e1nj\u00f6vedelme k\u00f6r\u00fclbel\u00fcl 101 000 doll\u00e1r, a szeg\u00e9nys\u00e9gi r\u00e1ta pedig k\u00f6r\u00fclbel\u00fcl 13%. A Santa Barbaraiak k\u00f6r\u00fclbel\u00fcl 53%-a nem spanyol ajk\u00fa feh\u00e9r, \u00e9s nagyj\u00e1b\u00f3l 37%-uk spanyol vagy latin-amerikai sz\u00e1rmaz\u00e1s\u00fanak vallja mag\u00e1t (f\u0151k\u00e9nt mexik\u00f3i sz\u00e1rmaz\u00e1s\u00fanak). \u00c1zsiai \u00e9s fekete k\u00f6z\u00f6ss\u00e9gek is jelen vannak, de kisebb sz\u00e1mban (mindegyik n\u00e9h\u00e1ny sz\u00e1zal\u00e9kkal). Az \u00e1tlagos lak\u00e1s\u00e1r a korl\u00e1tozott hely \u00e9s a tengerparti vonzer\u0151 miatt figyelemre m\u00e9lt\u00f3an magas (t\u00f6bb mint 1,4 milli\u00f3 doll\u00e1r 2023-ban).<\/p>\n<p>A legfrissebb adatok szerint Santa Barbara v\u00e1ros lakoss\u00e1ga k\u00f6r\u00fclbel\u00fcl 88 000 f\u0151. 2022 \u00e9s 2023 k\u00f6z\u00f6tt ez az ar\u00e1ny kism\u00e9rt\u00e9kben cs\u00f6kkent (-0,7%). A v\u00e1ros medi\u00e1n h\u00e1ztart\u00e1si j\u00f6vedelme (101 672 doll\u00e1r) \u00e9s egy f\u0151re jut\u00f3 j\u00f6vedelme (~60 000 doll\u00e1r) orsz\u00e1gos \u00f6sszehasonl\u00edt\u00e1sban magas, ami sz\u00e1mos szakmai \u00e9s tudom\u00e1nyos munkahelyet t\u00fckr\u00f6z. Etnikailag a lakoss\u00e1g k\u00f6r\u00fclbel\u00fcl 53%-a feh\u00e9r, nem spanyol ajk\u00fa, k\u00f6r\u00fclbel\u00fcl 37%-a spanyol ajk\u00fa (b\u00e1rmely rasszb\u00f3l), az \u00e1zsiaiak (t\u00falnyom\u00f3r\u00e9szt filipp\u00edn\u00f3 \u00e9s k\u00ednai) k\u00f6r\u00fclbel\u00fcl 3-4%-ot tesznek ki.<\/p>\n<p>Santa Barbara gazdas\u00e1ga soksz\u00edn\u0171, de kisebb l\u00e9pt\u00e9k\u0171. Az oktat\u00e1s (bele\u00e9rtve a k\u00f6zeli Santa Barbara-i Kaliforniai Egyetemet is) jelent\u0151s munkaad\u00f3: az UCSB \u00f6nmag\u00e1ban a megye gazdas\u00e1g\u00e1nak t\u00f6bb mint 5%-\u00e1t teszi ki. A turizmus \u00e9s a vend\u00e9gl\u00e1t\u00e1s jelent\u0151s \u2013 a v\u00e1ros t\u00f6rt\u00e9nelmi spanyol \u00e9p\u00edt\u00e9szete, strandjai \u00e9s borvid\u00e9ke eg\u00e9sz \u00e9vben vonzza a l\u00e1togat\u00f3kat. A mez\u0151gazdas\u00e1g (eper, avok\u00e1d\u00f3, citrom, sz\u0151l\u0151) \u00e9s a bortermel\u00e9s fontos a k\u00f6rnyez\u0151 megy\u00e9ben. Az eg\u00e9szs\u00e9g\u00fcgy (Cottage Hospital, Pacific Clinics) \u00e9s a szakmai szolg\u00e1ltat\u00e1sok is jelen vannak. A technol\u00f3giai szektor szer\u00e9ny, de n\u00f6vekszik (Santa Barbara telekommunik\u00e1ci\u00f3s \u00e9s szoftverc\u00e9geket vonzott). \u00d6sszess\u00e9g\u00e9ben Santa Barbar\u00e1t nem egyetlen \u00f3ri\u00e1si ipar\u00e1g uralja; ehelyett a helyi \u00f6nkorm\u00e1nyzatok, az oktat\u00e1s, a turizmus \u00e9s a kisv\u00e1llalkoz\u00e1sok \u00e1llnak a gazdas\u00e1g h\u00e1tter\u00e9ben.<\/p>\n<p>Santa Barbara Kalifornia k\u00f6zponti partvid\u00e9k\u00e9n fekszik, nagyj\u00e1b\u00f3l f\u00e9l\u00faton Los Angeles \u00e9s a Bay Area k\u00f6z\u00f6tt (\u00e9s nem messze San Luis Obisp\u00f3t\u00f3l). D\u00e9lr\u0151l \u00e9s nyugatr\u00f3l a Csendes-\u00f3ce\u00e1n, \u00e9szakr\u00f3l a Santa Ynez-hegys\u00e9g, keletr\u0151l pedig lank\u00e1s dombok hat\u00e1rolj\u00e1k. Ez a f\u00f6ldrajzi fekv\u00e9s \u201etengeri r\u00e9teg\u201d \u00e9ghajlatot teremt: h\u0171v\u00f6s \u00f3ce\u00e1ni szell\u0151 f\u00faj \u00e1t a hegyi h\u00e1g\u00f3kon, \u00edgy a v\u00e1rosnak m\u00e9g ny\u00e1ron is kellemes h\u0151m\u00e9rs\u00e9kletet biztos\u00edt. A belv\u00e1ros a v\u00edzpart (Stearns Wharf) \u00e9s a State Street ment\u00e9n h\u00faz\u00f3dik, az \u00e9p\u00edt\u00e9szet pedig a spanyol gyarmati \u00fajj\u00e1sz\u00fclet\u00e9s st\u00edlus\u00e1t, a terrakotta tet\u0151ket \u00e9s a p\u00e1lmaf\u00e1kkal szeg\u00e9lyezett s\u00e9t\u00e1nyokat mutatja be. Beljebb a sz\u00e1razf\u00f6ld belsej\u00e9ben v\u00f6lgyek vezetnek Santa Ynez \u00e9s Solvang borvid\u00e9k\u00e9re. \u00d6sszess\u00e9g\u00e9ben a t\u00e1j (az \u00fagynevezett \u201emediterr\u00e1n\u201d) tavasszal buja kertekkel \u00e9s must\u00e1rs\u00e1rga dombokkal.<\/p>\n<p>A r\u00e9gi\u00f3 hivatalosan m\u00e9rs\u00e9kelt \u00f6vi: mind a NOAA, mind a US News Santa Barbara id\u0151j\u00e1r\u00e1s\u00e1t Amerika legjobbjai k\u00f6z\u00e9 sorolja. Az \u00e1tlagos csapad\u00e9kmennyis\u00e9g \u00e9vi k\u00f6r\u00fclbel\u00fcl 50 centim\u00e9ter, f\u0151k\u00e9nt t\u00e9len. A parti k\u00f6d (a \u201etengeri r\u00e9teg\u201d) gyakran leh\u0171ti a ny\u00e1ri reggeleket, amelyek d\u00e9lre elp\u00e1rolognak. A telek h\u0171v\u00f6sek, de ritk\u00e1n fagyosak, m\u00edg a nyarak melegek, de nem sz\u00e9ls\u0151s\u00e9gesek. A v\u00e1ros \u00e9ghajlat\u00e1t 2023-ban az US News &amp; World Report az Egyes\u00fclt \u00c1llamok els\u0151 sz\u00e1m\u00fa \u00e9ghajlat\u00e1ra rangsorolta. Ez az enyhe \u00e9ghajlat (\u00e9s a fest\u0151i \u00f3ce\u00e1ni\/hegyi h\u00e1tt\u00e9r) nagyban hozz\u00e1j\u00e1rul Santa Barbara idilli, nyugodt helyk\u00e9nt val\u00f3 h\u00edrnev\u00e9hez.<\/p>\n<p>Santa Barbar\u00e1nak m\u00e9ly gy\u00f6kerei vannak. Az \u0151slakos csumas n\u00e9p m\u00e1r \u00e9vezredek \u00f3ta \u00e9lt itt, miel\u0151tt az eur\u00f3paiak meg\u00e9rkeztek. Juan Rodr\u00edguez Cabrillo spanyol felfedez\u0151 1542-ben l\u00e1togatta meg a v\u00e1rost, \u00e9s a v\u00e1ros nev\u00e9t szentj\u00e9nek (Szent Borb\u00e1la) tisztelet\u00e9re kapta. A modern telep\u00fcl\u00e9s a spanyol Santa Barbara misszi\u00f3val kezd\u0151d\u00f6tt (nagys\u00e1g\u00e1r\u00f3l a \u201emisszi\u00f3k kir\u00e1lyn\u0151jek\u00e9nt\u201d ismert), amelyet 1786-ban alap\u00edtottak a ferencesek. Egy kis pueblo n\u0151tt a misszi\u00f3 k\u00f6r\u00fcl, valamint a Santa Barbara Presidio (katonai er\u0151d).<\/p>\n<p>Egy katasztrof\u00e1lis f\u00f6ldreng\u00e9s \u00e9s cunami 1812-ben (k\u00f6r\u00fclbel\u00fcl 7,1-es er\u0151ss\u00e9g\u0171) a tengerszinttel egyenl\u0151v\u00e9 tette a fiatal v\u00e1rost \u00e9s a misszi\u00f3t. A misszi\u00f3t \u00fajj\u00e1\u00e9p\u00edtett\u00e9k, \u00e9s ma a kaliforniai misszi\u00f3k k\u00f6z\u00fcl a legjobban meg\u0151rz\u00f6tt (m\u00e9g mindig akt\u00edv egyh\u00e1z). Mexik\u00f3 f\u00fcggetlens\u00e9g\u00e9t k\u00f6vet\u0151en (1821) Santa Barbara mexik\u00f3i f\u00f6ldadom\u00e1nyoz\u00e1si ter\u00fclet (ranchos) lett. Amikor Kalifornia az Egyes\u00fclt \u00c1llamok r\u00e9sz\u00e9v\u00e9 v\u00e1lt (az 1848-as Guadalupe Hidalgo-i b\u00e9keszerz\u0151d\u00e9s ut\u00e1n), Santa Barbara lassan amerikaniz\u00e1l\u00f3dott. 1872-ben egy rakpartot \u00e9p\u00edtettek (Stearns Wharf) a haj\u00f3z\u00e1si hozz\u00e1f\u00e9r\u00e9s jav\u00edt\u00e1sa \u00e9rdek\u00e9ben, \u00e9s az 1880-as \u00e9vekben vas\u00fat is el\u00e9rte a v\u00e1rost, megnyitva azt t\u00f6bb telepes \u00e9s turista el\u0151tt. Az 1800-as \u00e9vek v\u00e9g\u00e9re m\u00e1r tengerparti \u00fcd\u00fcl\u0151helyk\u00e9nt rekl\u00e1mozt\u00e1k (Charles Nordhoff \u00edr\u00e1sa magasztalta az \u00e9ghajlat\u00e1t).<\/p>\n<p>A 20. sz\u00e1zad egyszerre hozta a fellend\u00fcl\u00e9st \u00e9s a katasztr\u00f3f\u00e1t. Az 1890-es \u00e9vekben olajat fedeztek fel a partokon, ezzel elind\u00edtva Kalifornia k\u0151olajkorszak\u00e1t (a vil\u00e1gon az els\u0151 tengeri f\u00far\u00e1sok itt t\u00f6rt\u00e9ntek). 1925-ben egy 6,3-as er\u0151ss\u00e9g\u0171 f\u00f6ldreng\u00e9s (amelynek epicentruma a v\u00e1ros alatt volt) ism\u00e9t elpuszt\u00edtotta a belv\u00e1ros nagy r\u00e9sz\u00e9t, 13 ember hal\u00e1l\u00e1t okozva. A v\u00e1rost koherens spanyol-m\u00f3r \u00e9p\u00edt\u00e9szeti st\u00edlusban \u00e9p\u00edtett\u00e9k \u00fajj\u00e1, amely a mai belv\u00e1rosnak adja jellegzetes v\u00f6r\u00f6s cser\u00e9ptet\u0151i \u00e9s feh\u00e9r stukk\u00f3i megjelen\u00e9s\u00e9t. A h\u00e1bor\u00fa ut\u00e1ni n\u00f6veked\u00e9s \u00faj v\u00e1rosr\u00e9szeket, ipart (pl. rep\u00fcl\u0151g\u00e9pipari v\u00e1llalatokat) \u00e9s a modern turisztikai kereskedelmet hozott mag\u00e1val. Ma Santa Barbara t\u00f6rt\u00e9nelme a nevezetess\u00e9geir\u0151l ismert: a Mission \u00e9p\u00fclet\u00e9r\u0151l, a r\u00e9gi b\u00edr\u00f3s\u00e1gi toronyr\u00f3l, a Stearns rakpartr\u00f3l \u00e9s a viktori\u00e1nus h\u00e1zak csoportjair\u00f3l.<\/p>\n<p>Santa Barbara eleg\u00e1ns, m\u00e9gis ig\u00e9nytelen karakter\u0171, t\u00fckr\u00f6zi a d\u00e9l-kaliforniai lazas\u00e1got \u00e9s egy csipetnyi eur\u00f3pai hangulatot. \u00c1ltal\u00e1nosan besz\u00e9lnek angolul \u00e9s spanyolul \u2013 a lakosok t\u00f6bb mint egyharmada spanyol sz\u00e1rmaz\u00e1s\u00fa. A v\u00e1ros er\u0151teljesen \u00fcnnepli spanyol \u00e9s mexik\u00f3i \u00f6r\u00f6ks\u00e9g\u00e9t: az utcanevek spanyolok (a State Street eredetileg Calle Principal volt), \u00e9s a helyi hagyom\u00e1nyok k\u00f6z\u00e9 tartozik az augusztusi Old Spanish Days Fiesta \u2013 egy t\u00f6bbnapos felvonul\u00e1s \u00e9s utcai fesztiv\u00e1l t\u00e1ncokkal, zen\u00e9vel \u00e9s par\u00e1d\u00e9val. Ez az esem\u00e9ny (\u00e9s sok m\u00e1s, mint a Solstice Parades, a g\u00f6r\u00f6g fesztiv\u00e1lok \u00e9s a Ra\u00edces folkl\u00f3r t\u00e1ncok) kiemeli a bikultur\u00e1lis (latin) \u00f6r\u00f6ks\u00e9g fontoss\u00e1g\u00e1t. Ugyanakkor Santa Barbara m\u0171v\u00e9szi \u00e9s el\u0151kel\u0151 hangulat\u00fa: a Funk Zone negyed m\u0171v\u00e9szeti gal\u00e9ri\u00e1knak \u00e9s bork\u00f3stol\u00f3knak ad otthont, \u00e9s nagy elismer\u00e9s \u00f6vezi az oper\u00e1t, a sz\u00ednh\u00e1zat \u00e9s a vizu\u00e1lis m\u0171v\u00e9szeteket.<\/p>\n<p>A helyiek gyakran \u201elaza kifinomults\u00e1gk\u00e9nt\u201d jellemzik az itteni \u00e9letet. A nagyv\u00e1rosi m\u00e9rc\u00e9vel m\u00e9rve lass\u00fa a temp\u00f3: az emberek papucsban s\u00e9t\u00e1lnak a State Streeten, a szabadban vacsor\u00e1znak, vagy d\u00e9lut\u00e1nt t\u00f6ltenek a tengerparton. A szabadt\u00e9ri tev\u00e9kenys\u00e9gek a mindennapi \u00e9let r\u00e9sz\u00e9t k\u00e9pezik \u2013 sz\u00f6rf\u00f6z\u00e9s, t\u00far\u00e1z\u00e1s, ker\u00e9kp\u00e1roz\u00e1s. A fitnesz- \u00e9s wellnesskult\u00fara er\u0151s (sok j\u00f3gast\u00fadi\u00f3 \u00e9s biopiac). Ugyanakkor a gazdags\u00e1g is jelen van: egyes k\u00f6rny\u00e9kek (Montecito, Hope Ranch) nagyon tehet\u0151sek, \u00e9s a l\u00e1togat\u00f3k felfigyelnek a designer butikokra \u00e9s a luxus\u00fcd\u00fcl\u0151helyekre. De a hozz\u00e1\u00e1ll\u00e1s tov\u00e1bbra is bar\u00e1ts\u00e1gos \u00e9s k\u00f6z\u00f6ss\u00e9gk\u00f6zpont\u00fa: az interakci\u00f3k udvariasak, \u00e9s gyakori, hogy egy k\u00e1v\u00e9z\u00f3ban besz\u00e9lgetnek. Egy v\u00e1roson bel\u00fcl kisv\u00e1rosi hangulat uralkodik \u2013 a termel\u0151i piacon helyi v\u00e1lasztott tisztvisel\u0151ket l\u00e1thatunk. R\u00f6viden, Santa Barbara az \u201eamerikai Rivi\u00e9ra\u201d b\u00e1j\u00e1t (p\u00e1lmaf\u00e1kkal szeg\u00e9lyezett sug\u00e1rutak, mediterr\u00e1n k\u00e1v\u00e9z\u00f3k) \u00f6tv\u00f6zi a modern progressz\u00edv tudatoss\u00e1ggal (z\u00f6ld \u00fczleti kezdem\u00e9nyez\u00e9sek, ker\u00e9kp\u00e1ros infrastrukt\u00fara, a szabad terek meg\u0151rz\u00e9se).<\/p>\n<p>A jelent\u0151s esem\u00e9nyek Santa Barbar\u00e1nak k\u00fcl\u00f6nleges hangulatot k\u00f6lcs\u00f6n\u00f6znek: az Old Spanish Days Fiesta mellett ott van a Ny\u00e1ri Napfordul\u00f3 Felvonul\u00e1s (a helyi m\u0171v\u00e9szeteket d\u00edszes kocsikkal \u00fcnneplik), a Santa Barbara Nemzetk\u00f6zi Filmfesztiv\u00e1l (amely minden t\u00e9len hollywoodi szt\u00e1rokat vonz), \u00e9s a Ny\u00e1ri Koncertek a Bowlban (hegyi amfite\u00e1trumban tartott koncertek a csillagok alatt). A Kaliforniai Egyetem, Santa Barbara szint\u00e9n jelent\u0151s hallgat\u00f3i \u00e9s kultur\u00e1lis \u00e9letet k\u00edn\u00e1l a k\u00f6zelben (koncertek, m\u0171v\u00e9szeti ki\u00e1ll\u00edt\u00e1sok). Az \u00e9v sor\u00e1n az utcai \u00e9tkez\u00e9s, az utcazen\u00e9szek \u00e9s a h\u00e9tv\u00e9gi termel\u0151i piacok hozz\u00e1j\u00e1rulnak a bar\u00e1ts\u00e1gos, mediterr\u00e1n hangulathoz.<\/p>\n<p>Santa Barbara l\u00e1tnival\u00f3i bemutatj\u00e1k t\u00f6rt\u00e9nelm\u00e9t, term\u00e9szeti sz\u00e9ps\u00e9g\u00e9t \u00e9s szabadid\u0151s \u00e9letm\u00f3dj\u00e1t. A k\u00f6zpontban tal\u00e1lhat\u00f3 a State Street, egy sz\u00e9les, p\u00e1lmaf\u00e1kkal \u00e9s vir\u00e1gokkal szeg\u00e9lyezett sug\u00e1r\u00fat \u00fczletekkel, \u00e9ttermekkel \u00e9s a b\u00e1jos Funk Zone sik\u00e1torokkal, butikokkal \u00e9s m\u0171v\u00e9szeti terekkel. A v\u00edzparton tal\u00e1lhat\u00f3 a Stearns Wharf (1872-ben \u00e9p\u00fclt) egy r\u00e9gi, f\u00e1b\u00f3l k\u00e9sz\u00fclt m\u00f3l\u00f3 tengeri \u00e1rus\u00edt\u00f3 standokkal, akv\u00e1riummal \u00e9s panor\u00e1m\u00e1s kil\u00e1t\u00e1ssal az \u00f6b\u00f6lre. A Santa Barbara megyei b\u00edr\u00f3s\u00e1got gyakran emlegetik kihagyhatatlan l\u00e1tnival\u00f3k\u00e9nt: ez az 1929-ben \u00e9p\u00fclt \u201enagyszer\u0171 spanyol-m\u00f3r palota\u201d d\u00edszes csemp\u00e9kkel, kertekkel \u00e9s egy megm\u00e1szhat\u00f3 \u00f3ratoronnyal rendelkezik. Falfestm\u00e9nyei \u00e9s kertjei a v\u00e1ros t\u00f6rt\u00e9nelm\u00e9t \u00e1br\u00e1zolj\u00e1k, tiszta napokon pedig a kil\u00e1t\u00f3teraszr\u00f3l kil\u00e1t\u00e1s ny\u00edlik az \u00f3ce\u00e1nra.<\/p>\n<p>A belv\u00e1rost\u00f3l kiss\u00e9 \u00e9szakra tal\u00e1lhat\u00f3 az Old Mission Santa Barbara (a \u201eMisszi\u00f3k Kir\u00e1lyn\u0151je\u201d, amelyet 1786-ban alap\u00edtottak). A misszi\u00f3 \u00e9s r\u00f3zsakertjei vonzz\u00e1k a turist\u00e1kat \u00e9s a t\u00f6rt\u00e9nelem szerelmeseit. A k\u00f6zelben tal\u00e1lhat\u00f3 a Botanikus Kert (\u0151shonos n\u00f6v\u00e9nyekkel) \u00e9s a Mission R\u00f3zsakert b\u00e9k\u00e9s meg\u00e1ll\u00f3hely. A parton tal\u00e1lhat\u00f3 az East Beach \u00e9s a West Beach, a sz\u00e9les homokos parkok, amelyek n\u00e9pszer\u0171ek a r\u00f6plabd\u00e1z\u00f3k \u00e9s a piknikez\u0151k k\u00f6r\u00e9ben, valamint a Harbor (amely nyugodt kik\u00f6t\u0151kkel \u00e9s tengeri \u00e9ttermekkel rendelkezik). Egy r\u00f6vid aut\u00f3\u00fatra a part ment\u00e9n tal\u00e1lhat\u00f3 a Santa Barbara \u00c1llatkert egy szikl\u00e1n, \u00f3ce\u00e1nra n\u00e9z\u0151 kil\u00e1t\u00e1ssal (kis \u00e1llatkert, de csal\u00e1dok sz\u00e1m\u00e1ra is kiv\u00e1l\u00f3). A szabadban a Santa Barbara M\u0171v\u00e9szeti M\u00fazeum \u00e9s a SOFO (Figuero\u00e1t\u00f3l d\u00e9lre) kultur\u00e1lis tereket k\u00edn\u00e1l, a k\u00f6zeli dombokon (pl. inspir\u00e1ci\u00f3s pont) tal\u00e1lhat\u00f3 t\u00fara\u00fatvonalak pedig a v\u00e1ros \u00e9s a tenger l\u00e1tk\u00e9p\u00e9t t\u00e1rj\u00e1k fel.<\/p>\n<p>Kalandoz\u00e1sok a v\u00e1roson k\u00edv\u00fcl: A Csatorna-szigetek Nemzeti Park gyakran megk\u00f6zel\u00edthet\u0151 haj\u00f3val Santa Barbar\u00e1b\u00f3l (kajakoz\u00e1ssal \u00e9s vadvil\u00e1gi t\u00far\u00e1kkal Anacapa vagy Santa Cruz szigeteire). A borvid\u00e9k (Santa Ynez-v\u00f6lgy) r\u00f6vid aut\u00f3\u00fatra tal\u00e1lhat\u00f3 a sz\u00e1razf\u00f6ld belsej\u00e9ben, \u00e9s k\u00f3stol\u00f3termeivel \u00e9s napraforg\u00f3f\u00f6ldjeivel vonzza a l\u00e1togat\u00f3kat. \u00d6sszess\u00e9g\u00e9ben a kihagyhatatlan \u00e9lm\u00e9nyek k\u00f6z\u00e9 tartozik a spanyol \u00e9p\u00edt\u00e9szet\u0171 utc\u00e1kon val\u00f3 s\u00e9t\u00e1l\u00e1s, a meleg strandokon val\u00f3 pihen\u00e9s, valamint a helyi borok \u00e9s \u00e9telek k\u00f3stol\u00e1sa. Azok, akik a klasszikus kaliforniai b\u00e1jjal \u00e9rkeznek, sok \u00f6r\u00f6met fognak tal\u00e1lni itt.<\/p>\n<p>Santa Barbara saj\u00e1t kis SBA rep\u00fcl\u0151tere f\u0151k\u00e9nt a LAX\/SFO\/SLC csom\u00f3pontokba ind\u00edt j\u00e1ratokat. Sokan Los Angelesbe (LAX) vagy Santa Mari\u00e1ba (SMX) rep\u00fclnek, \u00e9s az US 101-es \u00faton vagy a fest\u0151i 1-es aut\u00f3p\u00e1ly\u00e1n aut\u00f3znak Santa Barbar\u00e1ba (k\u00f6r\u00fclbel\u00fcl 1,5-2 \u00f3ra az LAX-t\u00f3l). A Pacific Surfliner Amtrak vonat k\u00e9nyelmes vas\u00fati szolg\u00e1ltat\u00e1st ny\u00fajt a part ment\u00e9n San Dieg\u00f3t\u00f3l Los Angelesen \u00e1t Santa Barbar\u00e1ig \u00e9s San Luis Obispoig, Santa Barbara belv\u00e1ros\u00e1ban pedig egy \u00e1llom\u00e1ssal rendelkezik.<\/p>\n<p>A v\u00e1ros meglehet\u0151sen kompakt; a belv\u00e1ros \u00e9s a State Street k\u00f6nnyen megk\u00f6zel\u00edthet\u0151 gyalogosan. A f\u0151bb l\u00e1tnival\u00f3k azonban sz\u00e9tsz\u00f3rva helyezkednek el. A t\u00f6megk\u00f6zleked\u00e9s (SBMTD buszok) a legt\u00f6bb v\u00e1rosi \u00fatvonalat lefedi (p\u00e9ld\u00e1ul ingyenes transzfer a d\u00e9li parti vas\u00fatvonalakra). Sok l\u00e1togat\u00f3 aut\u00f3t b\u00e9rel, hogy eljuthasson a belv\u00e1roson k\u00edv\u00fcli strandokra \u00e9s k\u00f6rny\u00e9kekre (a strandokon a parkol\u00e1s \u00e1ltal\u00e1ban ingyenes). A ker\u00e9kp\u00e1roz\u00e1s n\u00e9pszer\u0171 a v\u00edzpart k\u00f6zel\u00e9ben l\u00e9v\u0151 s\u00edk ter\u00fcleteken. Olyan helyek el\u00e9r\u00e9s\u00e9hez, mint a Mission vagy a kik\u00f6t\u0151, a legegyszer\u0171bb aut\u00f3val vagy helyi busszal eljutni. Nincs gyorsvas\u00fati rendszer; taxik \u00e9s fuvarmegoszt\u00f3 szolg\u00e1ltat\u00e1sok m\u0171k\u00f6dnek, de kev\u00e9sb\u00e9 elterjedtek, mint Los Angelesben.<\/p>\n<p>A p\u00e9nznem az USD; mindenhol angolul besz\u00e9lnek, b\u00e1r gyakran hallani spanyolt is (sok v\u00e1llalkoz\u00e1s k\u00e9tnyelv\u0171 \u00e9tlapokat \u00e9s t\u00e1bl\u00e1kat tesz ki). Az \u00e9ttermekben \u00e9s k\u00e1v\u00e9z\u00f3kban a borraval\u00f3 (15%+) alapfelszerelts\u00e9g. Santa Barbara nagyon biztons\u00e1gosnak sz\u00e1m\u00edt \u2013 az er\u0151szakos b\u0171ncselekm\u00e9nyek ritk\u00e1k a turisztikai ter\u00fcleteken \u2013, de a szok\u00e1sos \u00f3vint\u00e9zked\u00e9sek \u00e9rv\u00e9nyesek (z\u00e1rd be az aut\u00f3dat, tartsd szemmel a holmijaidat a strandon). A v\u00e1ros hangulata laza, eleg\u00e1ns: a farmer vagy r\u00f6vidnadr\u00e1g \u00e9s egy csinos fels\u0151 t\u00f6k\u00e9letesen megfelel a legt\u00f6bb alkalomra. Eg\u00e9sz \u00e9vben aj\u00e1nlott naptej \u00e9s kalap visel\u00e9se (az UV-sug\u00e1rz\u00e1s er\u0151s lehet). Vezet\u00e9s k\u00f6zben \u00fcgyelj a k\u00e9tir\u00e1ny\u00fa ker\u00e9kp\u00e1rutakra \u00e9s a gyalogosokra. A helyiek udvariasak \u00e9s seg\u00edt\u0151k\u00e9szek; gyakori, hogy az idegeneket bar\u00e1ts\u00e1gos \u201ehell\u00f3val\u201d vagy mosollyal \u00fcdv\u00f6zlik. \u00d6sszess\u00e9g\u00e9ben a v\u00e1ros nagyon l\u00e1togat\u00f3bar\u00e1t, \u00e9s a v\u00e1rosban tal\u00e1lhat\u00f3 jelz\u00e9sek is j\u00f3k (a belv\u00e1rosi m\u00f3l\u00f3n\u00e1l tal\u00e1lhat\u00f3 L\u00e1togat\u00f3k\u00f6zpont hasznos inform\u00e1ci\u00f3forr\u00e1s).<a href=\"https:\/\/travelshelper.com\/hu\/uticelok\/eszak-amerika\/amerikai-egyesult-allamok\/berkeley-springs\/\" target=\"_self\" aria-labelledby=\"uael-post-8997\"><br \/>\n<\/a><\/p>","protected":false},"excerpt":{"rendered":"<p>Santa Barbara egy gy\u00f6ny\u00f6r\u0171 tengerparti v\u00e1ros, Kalifornia \u00e1llam Santa Barbara megy\u00e9j\u00e9nek megyesz\u00e9khelye. Alaszka ut\u00e1n ez a leghosszabb ilyen hossz\u00fa v\u00e1ros az Egyes\u00fclt \u00c1llamok nyugati partj\u00e1n, a partvid\u00e9k egy egyed\u00fcl\u00e1ll\u00f3, d\u00e9li fekv\u00e9s\u0171 szakasz\u00e1n megb\u00fav\u00f3 v\u00e1ros. Az \u00e9szak fel\u00e9 meredeken emelked\u0151 Santa Ynez-hegys\u00e9g \u00e9s a d\u00e9l fel\u00e9 h\u00faz\u00f3d\u00f3 Csendes-\u00f3ce\u00e1n leny\u0171g\u00f6z\u0151 term\u00e9szeti h\u00e1tteret teremt, amely a v\u00e1rost mediterr\u00e1n jelleg\u0171 \u00e9ghajlata miatt az \u201eAmerikai Rivi\u00e9ra\u201d n\u00e9vvel illette.<\/p>","protected":false},"author":1,"featured_media":3858,"parent":8072,"menu_order":0,"comment_status":"closed","ping_status":"closed","template":"elementor_theme","meta":{"_eb_attr":"","footnotes":""},"class_list":["post-8389","page","type-page","status-publish","has-post-thumbnail"],"_links":{"self":[{"href":"https:\/\/travelshelper.com\/hu\/wp-json\/wp\/v2\/pages\/8389","targetHints":{"allow":["GET"]}}],"collection":[{"href":"https:\/\/travelshelper.com\/hu\/wp-json\/wp\/v2\/pages"}],"about":[{"href":"https:\/\/travelshelper.com\/hu\/wp-json\/wp\/v2\/types\/page"}],"author":[{"embeddable":true,"href":"https:\/\/travelshelper.com\/hu\/wp-json\/wp\/v2\/users\/1"}],"replies":[{"embeddable":true,"href":"https:\/\/travelshelper.com\/hu\/wp-json\/wp\/v2\/comments?post=8389"}],"version-history":[{"count":0,"href":"https:\/\/travelshelper.com\/hu\/wp-json\/wp\/v2\/pages\/8389\/revisions"}],"up":[{"embeddable":true,"href":"https:\/\/travelshelper.com\/hu\/wp-json\/wp\/v2\/pages\/8072"}],"wp:featuredmedia":[{"embeddable":true,"href":"https:\/\/travelshelper.com\/hu\/wp-json\/wp\/v2\/media\/3858"}],"wp:attachment":[{"href":"https:\/\/travelshelper.com\/hu\/wp-json\/wp\/v2\/media?parent=8389"}],"curies":[{"name":"wp","href":"https:\/\/api.w.org\/{rel}","templated":true}]}}