{"id":8356,"date":"2024-09-03T18:11:00","date_gmt":"2024-09-03T18:11:00","guid":{"rendered":"https:\/\/travelshelper.com\/staging\/?page_id=8356"},"modified":"2026-03-13T18:15:46","modified_gmt":"2026-03-13T18:15:46","slug":"seattle","status":"publish","type":"page","link":"https:\/\/travelshelper.com\/hu\/destinations\/north-america\/united-states\/seattle\/","title":{"rendered":"Seattle"},"content":{"rendered":"<p>Seattle, Washington \u00e1llam a Csendes-\u00f3ce\u00e1n \u00e9szaknyugati r\u00e9sz\u00e9nek legnagyobb v\u00e1rosa. Lakosainak sz\u00e1ma 2024-ben k\u00f6r\u00fclbel\u00fcl 780 000 f\u0151 volt, a Seattle-i nagyv\u00e1rosi ter\u00fclet pedig nagyj\u00e1b\u00f3l 4,02 milli\u00f3 lakost sz\u00e1ml\u00e1l (ami a 15. legnagyobb az Egyes\u00fclt \u00c1llamokban). A v\u00e1ros gyorsan n\u00f6vekszik (t\u00f6bb mint 20%-os n\u00f6veked\u00e9s 2010 \u00e9s 2020 k\u00f6z\u00f6tt). Seattle soksz\u00edn\u0171bb, mint sok m\u00e1s amerikai v\u00e1ros: a lakosok nagyj\u00e1b\u00f3l 60%-a nem spanyol ajk\u00fa feh\u00e9r, k\u00f6r\u00fclbel\u00fcl 17%-uk \u00e1zsiai, \u00e9s jelent\u0151s fekete, spanyol ajk\u00fa \u00e9s t\u00f6bbnemzetis\u00e9g\u0171 k\u00f6z\u00f6ss\u00e9gek \u00e9lnek itt. A h\u00e1ztart\u00e1sok j\u00f3m\u00f3d\u00faak: a medi\u00e1n j\u00f6vedelem j\u00f3val meghaladja az orsz\u00e1gos \u00e1tlagot (k\u00f6r\u00fclbel\u00fcl 122 000 doll\u00e1r), ami Seattle er\u0151s gazdas\u00e1g\u00e1t t\u00fckr\u00f6zi. A r\u00e9gi\u00f3 GDP-je val\u00f3j\u00e1ban nagyj\u00e1b\u00f3l 518 milli\u00e1rd doll\u00e1r (2022), amelyet nagyv\u00e1llalatok t\u00e1mogatnak. H\u00e9t Fortune 500-as v\u00e1llalat sz\u00e9khelye Seattle-ben tal\u00e1lhat\u00f3 \u2013 nevezetesen az Amazon, a Starbucks, a Nordstrom, az Expedia \u00e9s a Zillow \u2013, a k\u00f6zeli k\u00fclv\u00e1rosokban pedig olyanok is tal\u00e1lhat\u00f3k, mint a Microsoft \u00e9s a Boeing. Az Amazon \u00e9s a Boeing k\u00fcl\u00f6n\u00f6sen meghat\u00e1rozta Seattle modern gazdas\u00e1g\u00e1t, m\u00edg a seattle-i kik\u00f6t\u0151 tov\u00e1bbra is \u00c9szak-Amerika egyik legforgalmasabb csendes-\u00f3ce\u00e1ni kik\u00f6t\u0151je.<\/p>\n<p>A seattle-iek az orsz\u00e1g egyik legmagasabb meg\u00e9lhet\u00e9si k\u00f6lts\u00e9geivel rendelkeznek (a lak\u00e1s\u00e1rak az amerikai v\u00e1rosok \u00e9lvonal\u00e1ba tartoznak), de az \u00e1tlagj\u00f6vedelmek is az egyik legmagasabbak. K\u00e9pzett munkaer\u0151j\u00fck \u00e9s glob\u00e1lis v\u00e1llalataik (az Amazon a vil\u00e1g m\u00e1sodik legnagyobb kiskeresked\u0151je) seg\u00edtenek fenntartani a dinamikus gazdas\u00e1got. Ez a j\u00f3l\u00e9t b\u0151s\u00e9ges k\u00e9nyelmi \u00e9s k\u00f6zszolg\u00e1ltat\u00e1sokban nyilv\u00e1nul meg. Seattle demogr\u00e1fiai adatai meglehet\u0151sen fiatalok (\u00e1tlag\u00e9letkor a 30-as \u00e9vek k\u00f6zep\u00e9n) \u00e9s j\u00f3l k\u00e9pzettek. A v\u00e1ros a technol\u00f3giai szakemberek \u00e9s innov\u00e1torok nagy sz\u00e1m\u00e1r\u00f3l ismert \u2013 olyan v\u00e1llalatok sz\u00fcl\u0151helye vagy n\u00f6veked\u00e9si k\u00f6zpontja, mint a Microsoft, az Amazon \u00e9s sz\u00e1mos startup. \u00d6sszefoglalva, Seattle egy nagy, etnikailag soksz\u00edn\u0171 v\u00e1ros, vir\u00e1gz\u00f3 high-tech \u00e9s rep\u00fcl\u0151g\u00e9pipari gazdas\u00e1ggal, valamint magas \u00e1tlagj\u00f6vedelmekkel, gazdag term\u00e9szeti sz\u00e9ps\u00e9gekkel k\u00f6r\u00fclv\u00e9ve.<\/p>\n<p>Seattle \u00c9szak-Amerika kontinens\u00e9n fekszik, az Egyes\u00fclt \u00c1llamok nyugati csendes-\u00f3ce\u00e1ni partj\u00e1n. Washington \u00e1llamban, a vil\u00e1g t\u00e1voli \u00e9szaknyugati r\u00e9sz\u00e9n tal\u00e1lhat\u00f3, a Puget Sound \u00e9s a Washington-t\u00f3 k\u00f6z\u00f6tti f\u00f6ldnyelven. F\u00f6ldrajzi szempontb\u00f3l a v\u00e1ros magja az Elliott-\u00f6b\u00f6lben, a Puget Sound egyik \u00f6bl\u00e9ben fekszik. A k\u00f6rnyez\u0151 t\u00e1j dr\u00e1mai: k\u00f6zvetlen\u00fcl nyugatra az Olympic-f\u00e9lsziget meredek dombjai \u00e9s \u00f6r\u00f6kz\u00f6ld erd\u0151i, keletre pedig a Cascade-hegys\u00e9g cs\u00facsai magasodnak (a Rainier-hegy t\u00f6bb mint 4200 m\u00e9ter magasra emelkedik, k\u00f6r\u00fclbel\u00fcl 100 kilom\u00e9terre d\u00e9lkeletre). A belv\u00e1rosi felh\u0151karcol\u00f3k a v\u00edzpart ment\u00e9n sorakoznak, de sok v\u00e1rosi n\u00e9z\u0151pontb\u00f3l v\u00edz \u00e9s hegyek keretezik a l\u00e1tk\u00e9pet. Seattle \u00e9ghajlata k\u00f6zismerten enyhe tengeri: a telek h\u0171v\u00f6sek, hossz\u00faak \u00e9s nedvesek, m\u00edg a nyarak melegek \u00e9s t\u00f6bbnyire sz\u00e1razak. Ritk\u00e1n van sz\u00e9ls\u0151s\u00e9gesen hideg vagy meleg. A gyakorlatban ez nyirkos, sz\u00fcrke teleket jelent szit\u00e1l\u00e1ssal (k\u00f6r\u00fclbel\u00fcl 150 nap m\u00e9rhet\u0151 es\u0151 egy \u00e9vben) \u00e9s r\u00f6vid, naps\u00fct\u00e9ses napokkal, m\u00edg a nyarak (j\u00falius-szeptember) \u00e1ltal\u00e1ban naps\u00fct\u00e9sesek, a h\u0151m\u00e9rs\u00e9klet gyakran 21-27\u00b0C k\u00f6z\u00f6tt mozog. A v\u00e1rosban id\u0151nk\u00e9nt esik a h\u00f3, de a k\u00f6zeli hegyekben heves havaz\u00e1s tapasztalhat\u00f3 (gyakran t\u00f6bb sz\u00e1z centim\u00e9ter h\u00f3 \u00e9vszakonk\u00e9nt), ami eg\u00e9sz \u00e9vben lehet\u0151v\u00e9 teszi a szabadt\u00e9ri kikapcsol\u00f3d\u00e1st. \u00d6sszess\u00e9g\u00e9ben Seattle buja, m\u00e9rs\u00e9kelt \u00e9ghajlat\u00fa k\u00f6rnyezetnek \u00f6rnyed, \u00f6r\u00f6kz\u00f6ld erd\u0151kkel \u00e9s enyhe \u00f3ce\u00e1ni szell\u0151vel; a l\u00e1togat\u00f3k gyakran eml\u00edtik, hogy tiszta id\u0151ben l\u00e1thatj\u00e1k a Mount Rainier-t.<\/p>\n<p>Seattle t\u00f6rt\u00e9nete r\u00e9gen kezd\u0151d\u00f6tt az \u0151slakos amerikai hal\u00e1szfalvakkal (a duwamisokkal \u00e9s m\u00e1s n\u00e9pekkel) a Puget Sound ment\u00e9n. A v\u00e1ros modern kora a 19. sz\u00e1zad k\u00f6zep\u00e9re ny\u00falik vissza. 1851-ben a Denny P\u00e1rt (korai \u00fatt\u00f6r\u0151k) partra sz\u00e1lltak Alki Pointn\u00e1l, majd keletre, Elliott Bay-be k\u00f6lt\u00f6ztek, \u00e9s 1852-ben megalap\u00edtott\u00e1k \u201eSeattle\u201d-t (amelyet egy helyi \u0151slakos t\u00f6rzsf\u0151n\u00f6kr\u0151l neveztek el). A korai ipar\u00e1gak a fakitermel\u00e9s \u00e9s a haj\u00f3\u00e9p\u00edt\u00e9s voltak, kihaszn\u00e1lva a hatalmas erd\u0151ket \u00e9s a m\u00e9lyv\u00edzi kik\u00f6t\u0151t. Az 1890-es \u00e9vek alaszkai aranyl\u00e1za Seattle-t kapuv\u00e1ross\u00e1 tette, \u00e9s 1909-ben adott otthont az Alaszka\u2013Yukon\u2013Csendes-\u00f3ce\u00e1ni Ki\u00e1ll\u00edt\u00e1snak, ami fellend\u00edtette az Egyetemi Negyed campus\u00e1nak n\u00f6veked\u00e9s\u00e9t. Hatalmas fellend\u00fcl\u00e9s k\u00f6vetkezett 1962-ben, amikor a v\u00e1ros megrendezte a Century 21 Expositiont \u2013 a vil\u00e1gki\u00e1ll\u00edt\u00e1st \u2013, amelynek \u00f6r\u00f6ks\u00e9gek\u00e9nt a Space Needle, a v\u00e1ros nevezetes kil\u00e1t\u00f3tornya \u00e9s a magasvas\u00fat maradt. Az optimizmusnak ezt a korszak\u00e1t az ipar \u00e9s a technol\u00f3gia felemelked\u00e9se k\u00f6vette: a rep\u00fcl\u0151g\u00e9pipar (a Boeing uralta a sz\u00e1zad k\u00f6zep\u00e9n), majd k\u00e9s\u0151bb a szoftveripar. Az 1970-es \u00e9s 1980-as \u00e9vekben olyan c\u00e9gek, mint a Microsoft (amelyet a k\u00f6zeli Redmondban alap\u00edtottak) \u00e9s k\u00e9s\u0151bb az Amazon (amelyet 1994-ben alap\u00edtottak a belv\u00e1rosban) Seattle-t technol\u00f3giai nagyhatalomm\u00e1 alak\u00edtott\u00e1k. Ezek a v\u00e1llalatok soksz\u00edn\u0171 munkaer\u0151t \u00e9s glob\u00e1lis figyelmet vonzottak. Az elm\u00falt \u00e9vtizedekben a v\u00e1ros folyamatosan fejl\u0151d\u00f6tt \u2013 a technol\u00f3giai \u00e9s biotechnol\u00f3giai ipar\u00e1gak fellend\u00fcltek, a kik\u00f6t\u0151n kereszt\u00fcli nemzetk\u00f6zi kereskedelem b\u0151v\u00fclt, \u00e9s a v\u00e1rosfejleszt\u00e9s \u00e1talak\u00edtotta a k\u00f6rny\u00e9keket (p\u00e9ld\u00e1ul a South Lake Unionban felh\u0151karcol\u00f3k tal\u00e1lhat\u00f3k). Mindek\u00f6zben Seattle \u00f6tv\u00f6zte hat\u00e1rvid\u00e9ki gy\u00f6kereit az innov\u00e1ci\u00f3val. P\u00e9ld\u00e1ul a Space Needle \u00e9p\u00edt\u00e9se az 1962-es v\u00e1s\u00e1rra tov\u00e1bbra is a helyiek b\u00fcszkes\u00e9g\u00e9nek t\u00e1rgya, \u00e9s a v\u00e1rosr\u00f3l alkotott elk\u00e9pzel\u00e9seit szimboliz\u00e1lja.<\/p>\n<p>Seattle kultur\u00e1lis jellege a szabadt\u00e9ri liberalizmus \u00e9s a v\u00e1rosi energia kever\u00e9ke. A domin\u00e1ns nyelv az angol, ami t\u00fckr\u00f6zi a v\u00e1ros angol-amerikai t\u00f6bbs\u00e9g\u00e9t, de sok m\u00e1s nyelvet is hallani: a vietnami, a mandarin, a spanyol \u00e9s a szom\u00e1liai gyakori a k\u00f6rny\u00e9keken. Seattle kult\u00far\u00e1ja mind a technol\u00f3giai amb\u00edci\u00f3t, mind a term\u00e9szet szeretet\u00e9t \u00e9rt\u00e9keli. L\u00e1thatunk majd h\u00e9tk\u00f6znapi \u00f6lt\u00f6z\u00e9kben (patagonia dzseki, k\u00e1v\u00e9scs\u00e9sze a kez\u00fcnkben) dolgoz\u00f3 szakembereket a belv\u00e1rosban ing\u00e1zni, valamint kajakosokat \u00e9s ker\u00e9kp\u00e1rosokat, akik kellemes napokon osztoznak az \u00faton. L\u00e9tezik egy \u00e1that\u00f3 \u201ek\u00e1v\u00e9kult\u00fara\u201d is: Seattle h\u00edres a k\u00e1v\u00e9 megsz\u00e1llotts\u00e1g\u00e1r\u00f3l, a Starbucksnak \u00e9s sz\u00e1mtalan f\u00fcggetlen k\u00e1v\u00e9z\u00f3nak ad otthont. A frissen p\u00f6rk\u00f6lt k\u00e1v\u00e9babok \u00e9s a k\u00e9zm\u0171ves latte art mindennapi l\u00e1tv\u00e1nyoss\u00e1gok. A zene \u00e9s a m\u0171v\u00e9szetek k\u00fcl\u00f6nleges helyet foglalnak el a helyi \u00e9letben. A v\u00e1ros t\u00f6rt\u00e9nelmi jazz gy\u00f6kerei (Jackson Street-i klubok) v\u00e9g\u00fcl \u00e1tadt\u00e1k a hely\u00fcket az 1990-es \u00e9vekben a grunge rock b\u00f6lcs\u0151jek\u00e9nt bet\u00f6lt\u00f6tt szerep\u00e9nek \u2013 olyan seattle-i zenekarok, mint a Nirvana \u00e9s a Pearl Jam, egy eg\u00e9sz gener\u00e1ci\u00f3t hat\u00e1roztak meg. Manaps\u00e1g az \u00e9l\u0151zene minden\u00fctt jelen van: a helyi k\u00f6rny\u00e9kbeli kocsm\u00e1k ny\u00edlt mikrofon esteket rendeznek, a Benaroya Hall szimfonikus koncerteknek ad otthont, \u00e9s olyan helysz\u00edneken, mint a Neumos vagy a The Crocodile, indie zenekarok vonulnak fel. Minden tavasszal megrendezik a Seattle-i Nemzetk\u00f6zi Filmfesztiv\u00e1lt (egy hatalmas esem\u00e9nyt), ny\u00e1ron pedig szinte minden h\u00e9tv\u00e9g\u00e9n kultur\u00e1lis utcai v\u00e1s\u00e1rokat rendeznek k\u00fcl\u00f6nb\u00f6z\u0151 ker\u00fcletekben. P\u00e9ld\u00e1ul a Memorial Day h\u00e9tv\u00e9g\u00e9j\u00e9n \u00e9lvezhetj\u00fck a Northwest Folklife Festivalt (n\u00e9pzene \u00e9s t\u00e1nc az egyetem ter\u00fclet\u00e9n) \u00e9s a Seafairt (v\u00edzirep\u00fcl\u0151-versenyek \u00e9s felvonul\u00e1sok) j\u00faliusban. A b\u00fcszkes\u00e9gfelvonul\u00e1sok, az etnikai utcai fesztiv\u00e1lok (mint p\u00e9ld\u00e1ul a k\u00ednai negyed hold\u00faj\u00e9vi fesztiv\u00e1lja) \u00e9s a Labor Day Bumbershoot m\u0171v\u00e9szeti fesztiv\u00e1l mind hatalmas t\u00f6megeket vonzanak.<\/p>\n<p>A mindennapi \u00e9let itt pragmatikus, kem\u00e9nyen dolgoz\u00f3s-j\u00e1t\u00e9kos hangulat\u00fa. A tipikus seattle-i lakos udvarias, de n\u00e9ha visszafogott \u2013 a t\u00fcrelem pr\u00f3b\u00e1ja az orvosi rendel\u0151ben gyakori lehet \u2013, de miut\u00e1n megismerkedett, bar\u00e1ts\u00e1goss\u00e1 v\u00e1lik. Az ing\u00e1z\u00e1s gyakran forgalmas vagy t\u00f6megk\u00f6zleked\u00e9ssel j\u00e1r (sokan a Link k\u00f6nny\u0171vasutat, buszokat \u00e9s kompokat haszn\u00e1lnak), \u00edgy az emberek hajlamosak id\u0151t szak\u00edtani a technikai eszk\u00f6z\u00f6k haszn\u00e1lat\u00e1ra olvas\u00e1sra vagy k\u00e1v\u00e9z\u00e1sra ing\u00e1z\u00e1s k\u00f6zben. Munka ut\u00e1n gyakori l\u00e1tni, hogy az emberek sportolnak (futnak a Green-tavon, m\u00e1sz\u00f3terembe j\u00e1rnak vagy helyi j\u00f3gast\u00fadi\u00f3ba j\u00e1rnak), mert a seattle-iek nagyra \u00e9rt\u00e9kelik a fizikai er\u0151nl\u00e9tet \u00e9s a term\u00e9szettel val\u00f3 kapcsolatot. Est\u00e9nk\u00e9nt gyakran tal\u00e1lkoznak bar\u00e1tok egy italra vagy a Sound naplement\u00e9j\u00e9re. \u00d6sszefoglalva, Seattle napk\u00f6zben v\u00e1rosiasnak \u00e9s innovat\u00edvnak \u00e9rz\u0151dik, de amikor a nap lenyugszik (\u00e9s vir\u00e1gba borulnak az \u00e9p\u00fcletek), meg\u0151rzi a szabadt\u00e9ri, laza hangulatot, amely t\u00fckr\u00f6zi \u00f6r\u00f6kz\u00f6ld k\u00f6rnyezet\u00e9t.<\/p>\n<p>Seattle sz\u00e1mos \u201ekihagyhatatlan\u201d hellyel b\u00fcszk\u00e9lkedhet. A legikonikusabb a Space Needle (1962-ben k\u00e9sz\u00fclt el), egy 180 m\u00e9ter magas kil\u00e1t\u00f3, amely 360\u00b0-os kil\u00e1t\u00e1st ny\u00fajt a belv\u00e1rosra \u00e9s a hegyekre (k\u00fcl\u00f6n\u00f6sen leny\u0171g\u00f6z\u0151 tiszta napokon). A Needle a Seattle Center k\u00f6zpontj\u00e1nak a k\u00f6zpontja, ahol a Popkult\u00fara M\u00fazeuma (MoPOP) \u00e9s a k\u00f6zeli Chihuly Garden &amp; Glass is tal\u00e1lhat\u00f3. A k\u00f6zelben tal\u00e1lhat\u00f3 a t\u00f6rt\u00e9nelmi egys\u00edn\u0171 vas\u00fat\u00e1llom\u00e1s (a v\u00e1s\u00e1rra \u00e9p\u00fclt) \u00e9s az IMAX Pacific Science Center. A belv\u00e1rosban tal\u00e1lhat\u00f3 Pike Place Market egy m\u00e1sik turisztikai m\u00e1gnes: egy \u00e9l\u00e9nk hal- \u00e9s z\u00f6lds\u00e9gpiac, amely 1907 \u00f3ta nyitva tart, \u00e9s \u201erep\u00fcl\u0151 hal\u201d hal\u00e1rusair\u00f3l, vir\u00e1gstandjair\u00f3l \u00e9s az eredeti Starbucks \u00fczlet\u00e9r\u0151l ismert. A k\u00f6zelben tal\u00e1lhat\u00f3 a v\u00edzpart \u00e9s a Seattle-i Akv\u00e1rium. A belv\u00e1rosi m\u0171v\u00e9szeti sor ment\u00e9n tal\u00e1lhat\u00f3 a Seattle-i M\u0171v\u00e9szeti M\u00fazeum (SAM) az Olimpiai Szoborparkkal (k\u00edv\u00fclr\u0151l, ingyenesen l\u00e1togathat\u00f3, kil\u00e1t\u00e1ssal a Puget Soundra). A Pioneer Square, Seattle t\u00f6rt\u00e9nelmi negyede, 19. sz\u00e1zadi t\u00e9gla\u00e9p\u00fcleteknek, m\u0171v\u00e9szeti gal\u00e9ri\u00e1knak \u00e9s az egyed\u00fcl\u00e1ll\u00f3 f\u00f6ldalatti t\u00far\u00e1nak (el\u00e1sott \u00fczletek megtekint\u00e9se) ad otthont. Tov\u00e1bbi kiemelked\u0151 l\u00e1tnival\u00f3k k\u00f6z\u00e9 tartozik a Lake Unionn\u00e1l tal\u00e1lhat\u00f3 T\u00f6rt\u00e9neti \u00e9s Ipari M\u00fazeum (MOHAI), a futurisztikus EMP \u00e9p\u00fclet (MoPOP), valamint a Seattle-i K\u00f6zk\u00f6nyvt\u00e1r K\u00f6zponti Fi\u00f3kja (egy \u00e9p\u00edt\u00e9szeti csoda). A term\u00e9szeti l\u00e1tv\u00e1nyoss\u00e1gok sosem messze vannak: a legt\u00f6bb l\u00e1togat\u00f3 nem hagyja ki a Bainbridge-szigetre tart\u00f3 komputat, ahonnan a k\u00e1v\u00e9z\u00f3kb\u00f3l megcsod\u00e1lhatja a v\u00e1ros l\u00e1tk\u00e9p\u00e9t, vagy egy r\u00f6vid kir\u00e1ndul\u00e1st a Queen Anne-dombon tal\u00e1lhat\u00f3 Kerry Parkba, ahonnan k\u00e9peslapra ill\u0151 panor\u00e1ma t\u00e1rul el\u00e9nk (el\u00f6l a Space Needle, h\u00e1tul a Mount Rainier). A sportrajong\u00f3k sz\u00e1m\u00e1ra a CenturyLink (Lumen) Field \u00e9s a T-Mobile Park eg\u00e9sz \u00e9vben ad otthont a Seahawks, a Sounders \u00e9s a Mariners meccseinek. R\u00f6viden, Seattle l\u00e1tnival\u00f3i a v\u00e1rosi m\u0171v\u00e9szett\u0151l \u00e9s \u00e9p\u00edt\u00e9szett\u0151l az autentikus piactereken \u00e1t a v\u00edzi \u00e9s hegyi l\u00e1tk\u00e9pek k\u00f6nny\u0171 megk\u00f6zel\u00edthet\u0151s\u00e9g\u00e9ig terjednek.<\/p>\n<p>A Seattle\u2013Tacoma Nemzetk\u00f6zi Rep\u00fcl\u0151t\u00e9r (SEA, k\u00f6zismert nev\u00e9n Sea-Tac) a f\u0151 \u00e1tj\u00e1r\u00f3, ahov\u00e1 a vil\u00e1g minden t\u00e1j\u00e1r\u00f3l \u00e9rkeznek j\u00e1ratok. A kisebb Boeing Field (King County rep\u00fcl\u0151t\u00e9r) szint\u00e9n kiszolg\u00e1l n\u00e9mi kereskedelmi \u00e9s mag\u00e1nforgalmat. Seattle-t az Interstate 5-\u00f6s aut\u00f3p\u00e1lya (\u00e9szak-d\u00e9li ir\u00e1nyban a v\u00e1ros ment\u00e9n) \u00e9s az I-90-es aut\u00f3p\u00e1lya (kelet fel\u00e9 Bellevue-ig \u00e9s azon t\u00fal) k\u00f6ti \u00f6ssze. Az Amtrak orsz\u00e1gos h\u00e1l\u00f3zata a belv\u00e1rosi King Street \u00e1llom\u00e1son \u00e1ll meg; a Cascades \u00fatvonal Vancouver BC-t szolg\u00e1lja ki, a Starlight \u00fatvonal pedig Los Angelesbe csatlakozik. A belv\u00e1rosi Colman Dockb\u00f3l indulnak kompok Bainbridge-be \u00e9s Bremertonba.<\/p>\n<p>Seattle-ben kiterjedt a t\u00f6megk\u00f6zleked\u00e9s. A Link k\u00f6nny\u0171vas\u00fat \u00f6sszek\u00f6ti \u00c9szak-Seattle-t a rep\u00fcl\u0151t\u00e9rrel \u00e9s a Federal Way-jel, \u00e9s hamarosan megny\u00edlik a Bellevue-ig tart\u00f3 meghosszabb\u00edt\u00e1s is. A buszj\u00e1ratok (King County Metro \u00e9s Sound Transit) sz\u00e9les k\u00f6rben lefedik a v\u00e1rost. A belv\u00e1ros \u00e9s Seattle Center k\u00f6z\u00f6tt egys\u00edn\u0171 vas\u00fat (1962-ben \u00e9p\u00fclt) k\u00f6zlekedik. Az utcah\u00e1l\u00f3zat dombos \u2013 p\u00e9ld\u00e1ul a Capitol Hill \u00e9s a Queen Anne meredeken emelkedik ki a belv\u00e1rosb\u00f3l \u2013, de maga a belv\u00e1ros is k\u00f6nnyen megk\u00f6zel\u00edthet\u0151 gyalogosan (k\u00fcl\u00f6n\u00f6sen az 1.\u20133. sug\u00e1r\u00fat folyos\u00f3ja). A v\u00e1ros ker\u00e9kp\u00e1rbar\u00e1t is, sz\u00e1mos ker\u00e9kp\u00e1rs\u00e1vval \u00e9s a Washington-t\u00f3 ment\u00e9n tal\u00e1lhat\u00f3 Burke-Gilman \u00f6sv\u00e9nnyel. Aut\u00f3val is lehet k\u00f6zlekedni, de fel kell k\u00e9sz\u00fclni a forgalmi torl\u00f3d\u00e1sokra, k\u00fcl\u00f6n\u00f6sen az I-5-\u00f6s aut\u00f3p\u00e1ly\u00e1n cs\u00facsforgalomban. Taxik \u00e9s fuvarmegoszt\u00f3 szolg\u00e1ltat\u00e1sok b\u0151s\u00e9gesen \u00e1llnak rendelkez\u00e9sre. A k\u00f6zeli szigetekre k\u00f6zleked\u0151 kompok \u00e9s a Soundon \u00e1t\u00edvel\u0151 kompok (pl. Kingstonba) jelent\u0151s k\u00f6zleked\u00e9si eszk\u00f6z\u00f6k.<\/p>\n<p>A p\u00e9nznem az USD, a nyelv angol. Seattle k\u00f6zismerten toler\u00e1ns \u00e9s progressz\u00edv; norm\u00e1lis, hogy sokf\u00e9le h\u00e1tter\u0171 \u00e9s politikai n\u00e9zet\u0171 emberrel tal\u00e1lkozunk. Az \u00e9ttermekben a borraval\u00f3 szok\u00e1sos (15\u201320%). Az etikett a tipikus amerikai v\u00e1rosi norm\u00e1kat k\u00f6veti: nyitva tartott ajt\u00f3k, r\u00f6vid szemkontaktus \u00e9s biccent\u00e9s vagy \u201eszia\u201d az utc\u00e1n, udvarias asztali modor. Biztons\u00e1gi szempontb\u00f3l Seattle viszonylag biztons\u00e1gos a turisztikai ter\u00fcleteken, de \u00e9jszaka a szok\u00e1sos v\u00e1rosi \u00f3vint\u00e9zked\u00e9seket kell betartani (maradjon j\u00f3l megvil\u00e1g\u00edtott helyeken, vigy\u00e1zzon az \u00e9rt\u00e9kt\u00e1rgyaira). A telek komorak \u00e9s id\u0151nk\u00e9nt jegesek lehetnek, ez\u00e9rt r\u00e9tegesen kell \u00f6lt\u00f6zk\u00f6dni. A helyiek gyakran r\u00e9tegesen \u00e9s lezser st\u00edlusban \u00f6lt\u00f6zk\u00f6dnek (farmer, pul\u00f3ver, es\u0151kab\u00e1t stb.).<a href=\"https:\/\/travelshelper.com\/hu\/uticelok\/eszak-amerika\/amerikai-egyesult-allamok\/berkeley-springs\/\" target=\"_self\" aria-labelledby=\"uael-post-8997\"><br \/>\n<\/a><\/p>","protected":false},"excerpt":{"rendered":"<p>Az Egyes\u00fclt \u00c1llamok nyugati partj\u00e1n fekv\u0151 Seattle egy ny\u00fczsg\u0151 kik\u00f6t\u0151v\u00e1ros. 2023-ban 755 078 lakos\u00e1val Seattle \u00c9szak-Amerika csendes-\u00f3ce\u00e1ni \u00e9szaknyugati r\u00e9gi\u00f3j\u00e1nak \u00e9s Washington \u00e1llamnak a legn\u00e9pesebb v\u00e1rosa. Itt tal\u00e1lhat\u00f3 Washington \u00e1llam King megy\u00e9je is. Az amerikai v\u00e1rosok k\u00f6z\u00f6tt a 18. legn\u00e9pesebb. 4,02 milli\u00f3 lakos\u00e1val a seattle-i nagyv\u00e1rosi ter\u00fclet az orsz\u00e1g tizen\u00f6t\u00f6dik legnagyobb nagyv\u00e1rosi ter\u00fclete. Az orsz\u00e1g leggyorsabban n\u00f6vekv\u0151 nagyv\u00e1rosai k\u00f6z\u00f6tt Seattle elk\u00e9peszt\u0151, 21,1%-os n\u00f6veked\u00e9st \u00e9rt el 2010 \u00e9s 2020 k\u00f6z\u00f6tt.<\/p>","protected":false},"author":1,"featured_media":4370,"parent":8072,"menu_order":0,"comment_status":"closed","ping_status":"closed","template":"elementor_theme","meta":{"_eb_attr":"","footnotes":""},"class_list":["post-8356","page","type-page","status-publish","has-post-thumbnail"],"_links":{"self":[{"href":"https:\/\/travelshelper.com\/hu\/wp-json\/wp\/v2\/pages\/8356","targetHints":{"allow":["GET"]}}],"collection":[{"href":"https:\/\/travelshelper.com\/hu\/wp-json\/wp\/v2\/pages"}],"about":[{"href":"https:\/\/travelshelper.com\/hu\/wp-json\/wp\/v2\/types\/page"}],"author":[{"embeddable":true,"href":"https:\/\/travelshelper.com\/hu\/wp-json\/wp\/v2\/users\/1"}],"replies":[{"embeddable":true,"href":"https:\/\/travelshelper.com\/hu\/wp-json\/wp\/v2\/comments?post=8356"}],"version-history":[{"count":0,"href":"https:\/\/travelshelper.com\/hu\/wp-json\/wp\/v2\/pages\/8356\/revisions"}],"up":[{"embeddable":true,"href":"https:\/\/travelshelper.com\/hu\/wp-json\/wp\/v2\/pages\/8072"}],"wp:featuredmedia":[{"embeddable":true,"href":"https:\/\/travelshelper.com\/hu\/wp-json\/wp\/v2\/media\/4370"}],"wp:attachment":[{"href":"https:\/\/travelshelper.com\/hu\/wp-json\/wp\/v2\/media?parent=8356"}],"curies":[{"name":"wp","href":"https:\/\/api.w.org\/{rel}","templated":true}]}}