{"id":8347,"date":"2024-09-03T16:48:42","date_gmt":"2024-09-03T16:48:42","guid":{"rendered":"https:\/\/travelshelper.com\/staging\/?page_id=8347"},"modified":"2026-03-13T18:07:24","modified_gmt":"2026-03-13T18:07:24","slug":"saint-louis","status":"publish","type":"page","link":"https:\/\/travelshelper.com\/hu\/destinations\/north-america\/united-states\/saint-louis\/","title":{"rendered":"Saint Louis"},"content":{"rendered":"<p>A Missouri \u00e1llambeli Saint Louis a hatalmas Mississippi foly\u00f3 nyugati partj\u00e1n fekszik. A v\u00e1ros l\u00e1tk\u00e9p\u00e9nek k\u00f6z\u00e9ppontja a csillog\u00f3 Gateway Arch, egy 190 m\u00e9teres rozsdamentes ac\u00e9l eml\u00e9km\u0171, amely a belv\u00e1rosb\u00f3l emelkedik ki. A foly\u00f3part \u00e9s a szikl\u00e1k fens\u00e9ges h\u00e1tteret alkotnak, a v\u00e1ros r\u00e1csa pedig a foly\u00f3t\u00f3l kelet fel\u00e9 h\u00faz\u00f3dik. St. Louis egyszerre nyugodt \u00e9s ny\u00fczsg\u0151: k\u00f6z\u00e9pnyugati melegs\u00e9g \u00e9rz\u0151dik benne, de b\u00fcszkes\u00e9g is \u00e9rz\u0151dik a m\u00faltj\u00e1b\u00f3l, mint nyugati kapu \u00e9s kultur\u00e1lis k\u00f6zpont. St. Louis t\u00f6bb identit\u00e1st is mag\u00e1ban foglal \u2013 francia gyarmati gy\u00f6kereket, n\u00e9met bev\u00e1ndorl\u00f3kat, majd k\u00e9s\u0151bb ipari \u00e9s tudom\u00e1nyos fellend\u00fcl\u00e9st \u2013, amelyek mind \u00e9p\u00edt\u00e9szet\u00e9ben, mind v\u00e1rosr\u00e9szeiben \u00e9rz\u0151dnek.<\/p>\n<p>Saint Louis egy f\u00fcggetlen v\u00e1ros Missouri \u00e1llamban (egyetlen megy\u00e9hez sem tartozik). Lakoss\u00e1ga k\u00f6r\u00fclbel\u00fcl 300 000 f\u0151, de az ut\u00f3bbi id\u0151ben enyhe cs\u00f6kken\u00e9s tapasztalhat\u00f3; p\u00e9ld\u00e1ul 2023-ban 293 109 f\u0151 volt (szemben a 2020-as k\u00f6r\u00fclbel\u00fcl 300 000 f\u0151vel). A v\u00e1ros lakoss\u00e1ga szinte egyenl\u0151en oszlik meg a feh\u00e9r \u00e9s az afroamerikai lakosok k\u00f6z\u00f6tt. 2023-as adatok szerint Saint Louis lakosainak k\u00f6r\u00fclbel\u00fcl 44,4%-a feh\u00e9r (nem spanyol ajk\u00fa), \u00e9s 42,9%-a fekete (nem spanyol ajk\u00fa). Egy\u00e9b csoportok k\u00f6z\u00e9 tartozik az 5% spanyol ajk\u00fa \u00e9s n\u00e9h\u00e1ny sz\u00e1zal\u00e9k \u00e1zsiai \u00e9s t\u00f6bbnemzetis\u00e9g\u0171. A h\u00e1ztart\u00e1sok medi\u00e1nj\u00f6vedelme szer\u00e9ny (k\u00f6r\u00fclbel\u00fcl 48 000 doll\u00e1r), ami t\u00fckr\u00f6zi a v\u00e1ros munk\u00e1soszt\u00e1lybeli \u00e9s szakmai ter\u00fcletek kever\u00e9k\u00e9t.<\/p>\n<p>Gazdas\u00e1gi szempontb\u00f3l a St. Louis-i r\u00e9gi\u00f3 jelent\u0151s. Nagy-St. Louis brutt\u00f3 hazai term\u00e9ke (GDP) 2022-ben k\u00f6r\u00fclbel\u00fcl 209,9 milli\u00e1rd doll\u00e1r volt. A helyi gazdas\u00e1g soksz\u00edn\u0171: r\u00e9g\u00f3ta er\u0151s a szolg\u00e1ltat\u00e1sok, a gy\u00e1rt\u00e1s, a kereskedelem \u00e9s a sz\u00e1ll\u00edt\u00e1s, valamint a rep\u00fcl\u0151g\u00e9pipar \u00e9s a v\u00e9delem ter\u00fclet\u00e9n. A f\u0151bb \u00e1gazatok k\u00f6z\u00e9 tartozik az eg\u00e9szs\u00e9g\u00fcgy, a p\u00e9nz\u00fcgy, a biotudom\u00e1nyok \u00e9s a v\u00e1llalati szolg\u00e1ltat\u00e1sok. Saint Louis 16 Fortune 1000-es v\u00e1llalatnak ad otthont (ezek k\u00f6z\u00fcl hat Fortune 500-as). A figyelemre m\u00e9lt\u00f3 v\u00e1llalati jelenl\u00e9t k\u00f6z\u00e9 tartozik a Boeing Defense (rep\u00fcl\u0151g\u00e9pipar), az Enterprise Holdings (aut\u00f3k\u00f6lcs\u00f6nz\u00e9s), valamint olyan p\u00e9nz\u00fcgyi c\u00e9gek, mint az Edward Jones \u00e9s az Ameren. Emellett a korm\u00e1nyzati \u00e9s sz\u00f6vets\u00e9gi munkahelyek sz\u00e1ma is jelent\u0151s (a St. Louis-i Federal Reserve Banknak \u00e9s az USDA-nak nagy irod\u00e1i vannak itt).<\/p>\n<p>Saint Louis az Egyes\u00fclt \u00c1llamok k\u00f6z\u00e9pnyugati r\u00e9sz\u00e9n (\u00c9szak-Amerika) fekszik, a Mississippi foly\u00f3 sz\u00e9les kanyarulat\u00e1n\u00e1l, a Missouri foly\u00f3val val\u00f3 torkolat\u00e1nak k\u00f6zel\u00e9ben. Missouri keleti r\u00e9sz\u00e9n tal\u00e1lhat\u00f3, nagyj\u00e1b\u00f3l az \u00e9szak-amerikai kontinens k\u00f6zep\u00e9n. Maga a v\u00e1ros nagyr\u00e9szt egy k\u00f6r\u00fclbel\u00fcl 122 m\u00e9teres tengerszint feletti magass\u00e1gban fekv\u0151 s\u00edks\u00e1gon fekszik, d\u00e9len szikl\u00e1kkal (a \u201eMississippi-hegys\u00e9g\u201d). Az \u00e9ghajlat p\u00e1r\u00e1s szubtr\u00f3pusi (K\u00f6ppen Cfa): a nyarak nagyon forr\u00f3k \u00e9s p\u00e1r\u00e1sak, a telek h\u0171v\u00f6sek vagy hidegek. A csapad\u00e9k nagyj\u00e1b\u00f3l egyenletesen oszlik el tavasszal \u00e9s ny\u00e1ron, t\u00e9len alkalmank\u00e9nt havazik. A Mississippi tavaszi \u00e1rvizet sz\u00e1ll\u00edt, amely t\u00f6rt\u00e9nelmileg befoly\u00e1solta a v\u00e1ros fejl\u0151d\u00e9s\u00e9t.<\/p>\n<p>Saint Louis-t 1764. febru\u00e1r 15-\u00e9n alap\u00edtotta Pierre Lacl\u00e8de \u00e9s Auguste Chouteau francia pr\u00e9mkeresked\u0151k azon a f\u00f6ld\u00f6n, amelyet a spanyolok (akkoriban k\u00f6z\u00f6sen ir\u00e1ny\u00edtottak) b\u00e9rbe adtak Lacl\u00e8de-nek. IX. Lajos francia kir\u00e1ly tisztelet\u00e9re nevezt\u00e9k el. Kor\u00e1bban a Mississippian \u0151slakos kult\u00far\u00e1i vir\u00e1goztak itt, \u00e9s a francia felfedez\u0151k, Louis Joliet \u00e9s Jacques Marquette 1673-ban \u00e1tkeltek itt. Saint Louis 1763-ban francia ellen\u0151rz\u00e9s al\u00f3l spanyol ellen\u0151rz\u00e9s al\u00e1 ker\u00fclt, majd vissza Franciaorsz\u00e1gba, v\u00e9g\u00fcl az 1803-as Louisiana Purchase-szel az Egyes\u00fclt \u00c1llamokba. Gyorsan a nyugati vil\u00e1g kapuj\u00e1v\u00e1 v\u00e1lt: a Lewis &amp; Clark Exped\u00edci\u00f3 1804-ben itt indult. A 19. sz\u00e1zadban fellend\u00fclt a n\u00f6veked\u00e9s a g\u0151zhaj\u00f3forgalomnak, a vasutaknak, valamint az 1904-es vil\u00e1gki\u00e1ll\u00edt\u00e1snak \u00e9s ny\u00e1ri olimpi\u00e1nak (\u201eLouisiana Purchase Exposition\u201d) k\u00f6sz\u00f6nhet\u0151en, amelyek a v\u00e1rost a vil\u00e1g sz\u00ednpad\u00e1ra emelt\u00e9k.<\/p>\n<p>Meghat\u00e1roz\u00f3 fordulat k\u00f6vetkezett be 1877-ben, amikor St. Louis megszavazta a k\u00f6rnyez\u0151 St. Louis megy\u00e9t\u0151l val\u00f3 elszakad\u00e1st \u00e9s f\u00fcggetlen v\u00e1ross\u00e1 v\u00e1l\u00e1s\u00e1t; ez korl\u00e1tozta a v\u00e1ros hat\u00e1rait \u00e9s korl\u00e1tozta a tov\u00e1bbi annekt\u00e1l\u00e1st, meghat\u00e1rozva modern m\u00e9ret\u00e9t. Az 1800-as \u00e9vekben \u00e9s az 1900-as \u00e9vek elej\u00e9n a v\u00e1ros gy\u00e1rt\u00e1si \u00e9s k\u00f6zleked\u00e9si csom\u00f3pont volt, amelyet \u201ekapuv\u00e1rosk\u00e9nt\u201d ismertek. Jelent\u0151s kultur\u00e1lis k\u00f6zpontt\u00e1 is v\u00e1lt \u2013 p\u00e9ld\u00e1ul Scott Joplin ragtime zeneszerz\u0151nek \u00e9s a korai jazz zen\u00e9szeknek adott otthont. A modern id\u0151kben St. Louisnak megvolt a maga r\u00e9sze a fellend\u00fcl\u00e9s \u00e9s a hanyatl\u00e1s ciklusaiban (ipari hanyatl\u00e1s a 20. sz\u00e1zad k\u00f6zep\u00e9n, majd a biotechnol\u00f3giai \u00e9s szolg\u00e1ltat\u00f3iparra val\u00f3 \u00f6sszpontos\u00edt\u00e1s). T\u00f6rt\u00e9nelm\u00e9b\u0151l megmaradtak olyan kulcsfontoss\u00e1g\u00fa nevezetess\u00e9gek, mint az ikonikus Arch (1963\u201365-ben \u00e9p\u00fclt) \u00e9s a meg\u0151rz\u00f6tt t\u00f6rt\u00e9nelmi negyedek.<\/p>\n<p>Saint Louis a k\u00f6z\u00e9pnyugati bar\u00e1ts\u00e1goss\u00e1g \u00e9s a kozmopolita st\u00edlus kever\u00e9k\u00e9t testes\u00edti meg. Kultur\u00e1lisan er\u0151s n\u00e9met \u00f6r\u00f6ks\u00e9ggel (Oktoberfest \u00fcnneps\u00e9gek a Soulard negyedben) \u00e9s francia gyarmati gy\u00f6kerekkel is rendelkezik. A v\u00e1ros egy nagy afroamerikai k\u00f6z\u00f6ss\u00e9gnek ad otthont, akik hozz\u00e1j\u00e1rulnak az \u00e9l\u00e9nk zen\u00e9hez (jazz\/blues t\u00f6rt\u00e9nelem) \u00e9s gasztron\u00f3miai \u00e9lethez (a barbecue helyi specialit\u00e1s). A spanyol \u00e9s vietnami k\u00f6z\u00f6ss\u00e9gek tov\u00e1bbi kultur\u00e1lis r\u00e9tegeket adnak hozz\u00e1. Figyelemre m\u00e9lt\u00f3, hogy St. Louis a k\u00f6z\u00e9pnyugat egyik legink\u00e1bb LMBTQ-bar\u00e1t v\u00e1ros\u00e1nak sz\u00e1m\u00edt, \u00e9l\u00e9nk Pride \u00fcnneps\u00e9gekkel \u00e9s sok lakos k\u00f6r\u00e9ben nyitott hozz\u00e1\u00e1ll\u00e1ssal.<\/p>\n<p>Nyelvj\u00e1r\u00e1sok tekintet\u00e9ben gyakorlatilag mindenki besz\u00e9l angolul, egyes bev\u00e1ndorl\u00f3 csal\u00e1dok spanyolul, vietnamiul, bosny\u00e1kul stb. is besz\u00e9lnek. Az \u00e9let temp\u00f3ja \u00e1ltal\u00e1ban m\u00e9rs\u00e9kelt; a lakosok \u00e9lvezhetik a s\u00e9t\u00e1kat a Forest Parkban, a helyi fesztiv\u00e1lokon val\u00f3 r\u00e9szv\u00e9telt, vagy a Cardinals baseball-meccseinek szurkol\u00e1s\u00e1t. A szabadt\u00e9ri \u00e9let kedvelt: a Forest Parkon k\u00edv\u00fcl a k\u00f6zeli Missouri foly\u00f3parti \u00f6sv\u00e9nyek \u00e9s a Katy Trail vonzza a term\u00e9szet szerelmeseit. Ahogy az egyik v\u00e1rosi kalauz kiemeli, St. Louis eg\u00e9sz \u00e9vben k\u00edn\u00e1l kultur\u00e1lis rendezv\u00e9nyeket, a szabadt\u00e9ri koncertekt\u0151l a felvonul\u00e1sokig. P\u00e9ld\u00e1ul olyan jellegzetes esem\u00e9nyek, mint a Soulard Mardi Gras, a PrideFest \u00e9s a zenei fesztiv\u00e1lok \u00e9l\u00e9nk\u00edtik a v\u00e1ros napt\u00e1r\u00e1t. A helyiek st\u00edlusa gyakran szer\u00e9ny \u2013 embereket l\u00e1thatunk s\u00f6rt kortyolgatni a s\u00f6rf\u0151zd\u00e9kben, hangulatos kocsm\u00e1kban \u00e9tkezni vagy kultur\u00e1lis v\u00e1s\u00e1rokon r\u00e9szt venni. \u00d6sszess\u00e9g\u00e9ben a v\u00e1ros meleg, szomsz\u00e9ds\u00e1g-alap\u00fa l\u00e9gk\u00f6rt \u00e1raszt: minden ter\u00fcletnek (mint p\u00e9ld\u00e1ul az Old North St. Louisnak vagy a Central West Endnek) megvan a maga karaktere.<\/p>\n<p><strong>Legfontosabb l\u00e1tnival\u00f3k:<\/strong><\/p>\n<ul>\n<li><strong>\u00c1tj\u00e1r\u00f3-\u00edv<\/strong> \u2013 St. Louis k\u00f6zponti eleme. Ez a 204 m\u00e9teres rozsdamentes ac\u00e9l bolt\u00edv a belv\u00e1rost koron\u00e1zza, \u00e9s a Gateway Arch Nemzeti Park r\u00e9sze. A l\u00e1togat\u00f3k villamossal felmehetnek a tetej\u00e9re, ahonnan megcsod\u00e1lhatj\u00e1k a foly\u00f3t, a v\u00e1rost \u00e9s a t\u00e1voli t\u00e1jat. A birtok \u00e9s az alj\u00e1n tal\u00e1lhat\u00f3 m\u00fazeum a v\u00e1ros nyugat fel\u00e9 terjeszked\u00e9s\u00e9t mutatja be. Az \u00edv a v\u00e1ros jelk\u00e9pe, \u00e9s kihagyhatatlan l\u00e1tnival\u00f3.<\/li>\n<li><strong>Missouri Botanikus Kert<\/strong> \u2013 Az Egyes\u00fclt \u00c1llamok egyik legr\u00e9gebbi botanikus kertje, amely vil\u00e1gh\u00edr\u0171 kert\u00e9szeti ki\u00e1ll\u00edt\u00e1sair\u00f3l. Jap\u00e1nkerteket, Climatron geod\u00e9ziai kupol\u00e1t \u00e9s hatalmas \u00fcvegh\u00e1zakat foglal mag\u00e1ban. A belv\u00e1ros csendes helye, gy\u00f6ny\u00f6r\u0171 hagyom\u00e1nyokkal, eg\u00e9sz \u00e9vben k\u00edn\u00e1l n\u00f6v\u00e9nyeket \u00e9s t\u00e1jakat.<\/li>\n<li><strong>Saint Louis \u00c1llatkert<\/strong> \u2013 A Forest Parkban tal\u00e1lhat\u00f3, ingyenesen l\u00e1togathat\u00f3 \u00e1llatkert k\u00f6vetkezetesen az orsz\u00e1g legjobbjai k\u00f6z\u00e9 tartozik. T\u00f6bb sz\u00e1z fajnak ad otthont gondosan megtervezett \u00e9l\u0151helyeken. Csal\u00e1dok \u00f6z\u00f6nlenek ide, hogy oroszl\u00e1nokat, medv\u00e9ket, madarakat, h\u00fcll\u0151ket \u00e9s m\u00e1s \u00e1llatokat l\u00e1ssanak (mindezt bel\u00e9p\u0151d\u00edj n\u00e9lk\u00fcl). Az \u00e1llatkert elk\u00f6telezetts\u00e9ge a term\u00e9szetv\u00e9delem \u00e9s a k\u00f6zoktat\u00e1s ir\u00e1nt figyelemre m\u00e9lt\u00f3.<\/li>\n<li><strong>Saint Louis M\u0171v\u00e9szeti M\u00fazeum \u00e9s Erdei Park<\/strong> \u2013 A M\u0171v\u00e9szeti M\u00fazeum (szint\u00e9n a Forest Parkban) \u00e1tfog\u00f3 gy\u0171jtem\u00e9nyt k\u00edn\u00e1l az egyiptomi t\u00e1rgyakt\u00f3l az impresszionista festm\u00e9nyekig. Mellette tal\u00e1lhat\u00f3 a Missouri T\u00f6rt\u00e9neti M\u00fazeum \u00e9s a Muny (egy t\u00f6rt\u00e9nelmi szabadt\u00e9ri sz\u00ednh\u00e1z). Maga a Forest Park hatalmas (1300 hekt\u00e1r), \u00e9s fest\u0151i tavakkal \u00e9s t\u00fara\u00fatvonalakkal rendelkezik. Az 1904-es vil\u00e1gki\u00e1ll\u00edt\u00e1s helysz\u00edne volt, \u00e9s ma is rekre\u00e1ci\u00f3s k\u00f6zpont.<\/li>\n<li><strong>V\u00e1rosi M\u00fazeum<\/strong> \u2013 Egyed\u00fcl\u00e1ll\u00f3 attrakci\u00f3 egy \u00e1talak\u00edtott cip\u0151gy\u00e1rban. Feln\u0151ttek \u00e9s gyerekek sz\u00e1m\u00e1ra egyar\u00e1nt j\u00e1tsz\u00f3t\u00e9r alagutakb\u00f3l, cs\u00faszd\u00e1kb\u00f3l \u00e9s \u00fajrahasznos\u00edtott anyagokb\u00f3l k\u00e9sz\u00fclt \u00e9p\u00edt\u00e9szeti k\u00fcl\u00f6nlegess\u00e9gekb\u0151l. (Hat futballp\u00e1ly\u00e1t foglal mag\u00e1ban, \u201efurcsa m\u00f3don csod\u00e1latos\u201d, \u00e9s rendk\u00edv\u00fcl n\u00e9pszer\u0171 a csal\u00e1dok \u00e9s a m\u0171v\u00e9szetkedvel\u0151k k\u00f6r\u00e9ben egyar\u00e1nt.)<\/li>\n<li><strong>Soulard Termel\u0151i Piac \u00e9s T\u00f6rt\u00e9nelmi Soulard Negyed<\/strong> \u2013 A Mississippit\u0151l nyugatra fekv\u0151 legr\u00e9gebbi termel\u0151i piac, a Soulard Market hetente t\u00f6bb napon is nyitva tart egy vaspavilon alatt. A k\u00f6rnyez\u0151 Soulard negyed (v\u00f6r\u00f6s t\u00e9gl\u00e1s sorh\u00e1zakkal) francia \u00e9s n\u00e9met hagyom\u00e1nyair\u00f3l, t\u00f6rt\u00e9nelmi \u00e9p\u00edt\u00e9szet\u00e9r\u0151l \u00e9s er\u0151s k\u00f6z\u00f6ss\u00e9gi szellem\u00e9r\u0151l ismert. A piac ad otthont a Soulard Mardi Gras-nak (Amerika egyik legnagyobb Mardi Gras bulij\u00e1nak) \u00e9s eg\u00e9sz \u00e9vben \u00e9l\u0151zen\u00e9s programoknak.<\/li>\n<li><strong>Egy\u00e9b nevezetess\u00e9gek<\/strong> \u2013 St. Louis sz\u00e1mos m\u00e1s nevezetess\u00e9ggel is b\u00fcszk\u00e9lkedhet: a St. Louis-i sz\u00e9kesegyh\u00e1z (h\u00edres mozaikkupol\u00e1j\u00e1val), a t\u00f6rt\u00e9nelmi Laclede&#039;s Landing foly\u00f3parti negyed, a fel\u00faj\u00edtott Union Station (sz\u00e1llod\u00e1val \u00e9s \u00f3ri\u00e1sker\u00e9kkel), valamint a Tudom\u00e1nyos K\u00f6zpont (ingyenes, kupol\u00e1s OMNIMAX-szal). A sport is vonzza a l\u00e1togat\u00f3kat: n\u00e9zzen meg egy Cardinals baseballmeccset a Busch Stadionban vagy egy Blues hokimeccset az Enterprise Centerben.<\/li>\n<\/ul>\n<p><strong>Gyakorlati pillanatk\u00e9p:<\/strong><\/p>\n<ul>\n<li><strong>Megk\u00f6zel\u00edt\u00e9s:<\/strong> A St. Louis Lambert Nemzetk\u00f6zi Rep\u00fcl\u0151t\u00e9r (STL) a f\u0151 rep\u00fcl\u0151t\u00e9r, amelyet az \u00f6sszes nagyobb l\u00e9git\u00e1rsas\u00e1g kiszolg\u00e1l, \u00e9s orsz\u00e1gszerte sz\u00e1mos napi j\u00e1ratot ind\u00edt. A MetroLink k\u00f6nny\u0171vas\u00fat mindk\u00e9t rep\u00fcl\u0151t\u00e9ri termin\u00e1lt k\u00f6zvetlen\u00fcl \u00f6sszek\u00f6ti St. Louis belv\u00e1ros\u00e1val (1. \u00e1llom\u00e1s az 1. termin\u00e1lon \u00e9s 2. \u00e1llom\u00e1s a 2. termin\u00e1lon). Az Amtrak Missouri River Runner j\u00e1rata mind a rep\u00fcl\u0151t\u00e9rr\u0151l (busszal\/vas\u00fattal), mind a belv\u00e1rosb\u00f3l (Gateway \u00e1llom\u00e1s) szolg\u00e1lja ki a v\u00e1rost. A f\u0151bb aut\u00f3p\u00e1ly\u00e1k (I-70, I-64, I-55, I-44) itt futnak \u00f6ssze, \u00edgy a v\u00e1ros aut\u00f3val k\u00f6nnyen megk\u00f6zel\u00edthet\u0151.<\/li>\n<li><strong>K\u00f6zleked\u00e9s:<\/strong> A MetroLink k\u00f6nny\u0171vas\u00fat \u00e9s a MetroBus a v\u00e1ros \u00e9s a megye nagy r\u00e9sz\u00e9t lefedi. Egy modern villamosvonal vezet kereszt\u00fcl a belv\u00e1roson \u00e9s a Central West Enden. Aut\u00f3k\u00f6lcs\u00f6nz\u00e9s, taxik \u00e9s fuvarmegoszt\u00e1s (Uber\/Lyft) sz\u00e9les k\u00f6rben el\u00e9rhet\u0151. St. Louis belv\u00e1rosa \u00e9s a k\u00f6rnyez\u0151 v\u00e1rosr\u00e9szek gyalogosan is k\u00f6nnyen megk\u00f6zel\u00edthet\u0151k, b\u00e1r a k\u00fclv\u00e1rosokba aut\u00f3val kell menni. A forgalom tipikusan k\u00f6zepes m\u00e9ret\u0171 v\u00e1ros; a n\u00e9pszer\u0171 ter\u00fcleteken (belv\u00e1ros, Forest Park) a parkol\u00e1s cs\u00facsid\u0151szakokban korl\u00e1tozott lehet.<\/li>\n<li><strong>Alapvet\u0151 tippek:<\/strong> A fizet\u0151eszk\u00f6z az amerikai doll\u00e1r. Az angol univerz\u00e1lisan haszn\u00e1lhat\u00f3, de sokan besz\u00e9lnek spanyolul (k\u00fcl\u00f6n\u00f6sen St. Louis nyugati \u00e9s d\u00e9li r\u00e9sz\u00e9n). Illem: A k\u00f6z\u00e9pnyugati udvariass\u00e1g uralkodik (az emberek \u00e1ltal\u00e1ban biccent\u00e9ssel vagy k\u00e9zfog\u00e1ssal \u00fcdv\u00f6zlik egym\u00e1st). Az \u00e9ttermekben a ~15\u201318% borraval\u00f3 szok\u00e1sos. Mint minden v\u00e1rosban, figyelj a k\u00f6rnyezetedre; egyes v\u00e1rosi negyedeket jobb elker\u00fclni \u00e9jszaka. \u00c1ltal\u00e1noss\u00e1gban elmondhat\u00f3, hogy a St. Louis-iak bar\u00e1ts\u00e1gosak \u00e9s egyenesek.<a href=\"https:\/\/travelshelper.com\/hu\/uticelok\/eszak-amerika\/amerikai-egyesult-allamok\/berkeley-springs\/\" target=\"_self\" aria-labelledby=\"uael-post-8997\"><br \/>\n<\/a><\/li>\n<\/ul>","protected":false},"excerpt":{"rendered":"<p>St. Louis egy el\u0151kel\u0151 v\u00e1ros az Egyes\u00fclt \u00c1llamok Missouri \u00e1llam\u00e1ban. Ide\u00e1lis helyen fekszik a Mississippi \u00e9s a Missouri foly\u00f3k tal\u00e1lkoz\u00e1s\u00e1n\u00e1l, ami r\u00e9g\u00f3ta l\u00e9tfontoss\u00e1g\u00fa kereskedelmi \u00e9s k\u00f6zleked\u00e9si k\u00f6zpontt\u00e1 teszi. A v\u00e1ros lakoss\u00e1ga 2020-ban 301 570 f\u0151 volt; az Illinois \u00e1llamig terjed\u0151 nagyv\u00e1rosi ter\u00fclet\u00e9nek becs\u00fclt lakoss\u00e1ga meghaladta a 2,8 milli\u00f3t. Ez Illinois m\u00e1sodik legfontosabb \u00e9s Missouri legnagyobb nagyv\u00e1rosi ter\u00fclet\u00e9v\u00e9 teszi. Ezenk\u00edv\u00fcl a v\u00e1ros \u00f6sszes\u00edtett statisztikai ter\u00fclete az Egyes\u00fclt \u00c1llamok 20. legnagyobbja.<\/p>","protected":false},"author":1,"featured_media":4727,"parent":8072,"menu_order":0,"comment_status":"closed","ping_status":"closed","template":"elementor_theme","meta":{"_eb_attr":"","footnotes":""},"class_list":["post-8347","page","type-page","status-publish","has-post-thumbnail"],"_links":{"self":[{"href":"https:\/\/travelshelper.com\/hu\/wp-json\/wp\/v2\/pages\/8347","targetHints":{"allow":["GET"]}}],"collection":[{"href":"https:\/\/travelshelper.com\/hu\/wp-json\/wp\/v2\/pages"}],"about":[{"href":"https:\/\/travelshelper.com\/hu\/wp-json\/wp\/v2\/types\/page"}],"author":[{"embeddable":true,"href":"https:\/\/travelshelper.com\/hu\/wp-json\/wp\/v2\/users\/1"}],"replies":[{"embeddable":true,"href":"https:\/\/travelshelper.com\/hu\/wp-json\/wp\/v2\/comments?post=8347"}],"version-history":[{"count":0,"href":"https:\/\/travelshelper.com\/hu\/wp-json\/wp\/v2\/pages\/8347\/revisions"}],"up":[{"embeddable":true,"href":"https:\/\/travelshelper.com\/hu\/wp-json\/wp\/v2\/pages\/8072"}],"wp:featuredmedia":[{"embeddable":true,"href":"https:\/\/travelshelper.com\/hu\/wp-json\/wp\/v2\/media\/4727"}],"wp:attachment":[{"href":"https:\/\/travelshelper.com\/hu\/wp-json\/wp\/v2\/media?parent=8347"}],"curies":[{"name":"wp","href":"https:\/\/api.w.org\/{rel}","templated":true}]}}