{"id":8341,"date":"2024-09-03T16:24:09","date_gmt":"2024-09-03T16:24:09","guid":{"rendered":"https:\/\/travelshelper.com\/staging\/?page_id=8341"},"modified":"2026-03-13T18:07:27","modified_gmt":"2026-03-13T18:07:27","slug":"portland","status":"publish","type":"page","link":"https:\/\/travelshelper.com\/hu\/destinations\/north-america\/united-states\/portland\/","title":{"rendered":"Portland"},"content":{"rendered":"<p>Portland, Oregon, a Willamette foly\u00f3 ment\u00e9n ter\u00fcl el, \u00f6r\u00f6kz\u00f6ldekkel bor\u00edtott dombok \u00e9s alacsony hegyek k\u00f6z\u00f6tt. A v\u00e1ros l\u00e1tk\u00e9pe szer\u00e9ny, \u00fcveg- \u00e9s ac\u00e9ltornyok tark\u00edtj\u00e1k, a keleti felh\u0151k reped\u00e9sein kereszt\u00fcl gyakran l\u00e1that\u00f3 a Mount Hood. A k\u00f6rnyezetet zord, es\u0151 t\u00e1pl\u00e1lta sz\u00e9ps\u00e9g jellemzi; f\u00e1k \u00e9s parkok keverednek a t\u00e9gla- \u00e9s fa\u00f6vezetekkel. Ebben a csendes-\u00f3ce\u00e1ni \u00e9szaknyugati k\u00f6rnyezetben form\u00e1l\u00f3dott Portland modern jellege \u2013 a v\u00e1rosi kult\u00fara \u00e9s a vad term\u00e9szet kever\u00e9ke.<\/p>\n<h2>Portland a sz\u00e1mok szerint<\/h2>\n<p>Portland lakoss\u00e1ga nagyj\u00e1b\u00f3l hatsz\u00e1zezer f\u0151 k\u00f6r\u00fcl van. A 2020-as n\u00e9psz\u00e1ml\u00e1l\u00e1si adatok szerint 652 503 lakosa volt a v\u00e1rosnak (szemben a 2010-es 583 776-tal). A jelenlegi becsl\u00e9sek 620-630 ezer k\u00f6r\u00fcl mozognak, ami az elm\u00falt \u00e9vek enyhe cs\u00f6kken\u00e9s\u00e9t t\u00fckr\u00f6zi. A v\u00e1ros lakoss\u00e1ga t\u00falnyom\u00f3r\u00e9szt feh\u00e9r (k\u00f6r\u00fclbel\u00fcl 70%), \u00e1zsiai-amerikai (~8%), fekete lakosok (~6%) \u00e9s spanyol\/latin-amerikaiak (~10%) alkotj\u00e1k a fennmarad\u00f3 r\u00e9sz\u00fcket. Portland gazdas\u00e1ga soksz\u00edn\u0171: er\u0151s technol\u00f3giai szektorral rendelkezik (n\u00e9ha \u201eSzil\u00edcium-erd\u0151nek\u201d is nevezik), \u00e9s olyan v\u00e1llalatok jelent\u0151s jelenl\u00e9t\u00e9vel, mint a Nike, az Intel \u00e9s a Columbia Sportswear. A gy\u00e1rt\u00e1s, k\u00fcl\u00f6n\u00f6sen a f\u00e9lvezet\u0151 chipek \u00e9s a sportruh\u00e1zat gy\u00e1rt\u00e1sa, fontos. Az eg\u00e9szs\u00e9g\u00fcgy, a p\u00e9nz\u00fcgy, az oktat\u00e1s, valamint a h\u00edres k\u00e9zm\u0171ves-\u00e9lelmiszeripari \u00e9s s\u00f6rf\u0151zdei szektor teszi teljess\u00e9 a gazdas\u00e1got. A nagy munkaad\u00f3k k\u00f6z\u00e9 tartoznak a korm\u00e1nyzati szervek, a high-tech c\u00e9gek \u00e9s az egyetemek.<\/p>\n<h2>Elhelyezked\u00e9s<\/h2>\n<p>Portland az Amerikai Egyes\u00fclt \u00c1llamok (\u00c9szak-Amerika) csendes-\u00f3ce\u00e1ni \u00e9szaknyugati r\u00e9sz\u00e9n, Oregon \u00e1llamban tal\u00e1lhat\u00f3. A Willamette \u00e9s a Columbia foly\u00f3k tal\u00e1lkoz\u00e1s\u00e1n\u00e1l fekszik. A v\u00e1ros egy k\u00f6r\u00fclbel\u00fcl 4,5-60 m\u00e9teres tengerszint feletti magass\u00e1gban elter\u00fcl\u0151 v\u00f6lgyben ter\u00fcl el, nyugaton \u00e9s keleten alacsony dombokkal. A k\u00f6zelben, \u00e9szakkeleten emelkedik a Cascade-hegys\u00e9g, amelynek h\u00f3f\u00f6dte vulk\u00e1njai (nevezetesen a 80 kilom\u00e9terre fekv\u0151 Mount Hood) tiszta napokon magasodnak a l\u00e1t\u00f3hat\u00e1r f\u00f6l\u00e9. Portland \u00e9ghajlata meleg-ny\u00e1ri mediterr\u00e1n (K\u00f6ppen Csb): a nyarak melegek \u00e9s sz\u00e1razak, a telek h\u0171v\u00f6sek, nedvesek \u00e9s gyakran borultak. A v\u00e1rosban t\u00e9len b\u0151s\u00e9ges es\u0151 esik, ami el\u0151seg\u00edti a buja n\u00f6v\u00e9nyzet kialakul\u00e1s\u00e1t, de a ny\u00e1ri asz\u00e1lyok jellemz\u0151ek. A h\u0151m\u00e9rs\u00e9klet ritk\u00e1n \u00e9ri el a sz\u00e9ls\u0151s\u00e9gesen magas vagy alacsony h\u0151m\u00e9rs\u00e9kletet a tengeri hat\u00e1soknak k\u00f6sz\u00f6nhet\u0151en, b\u00e1r id\u0151nk\u00e9nt h\u0151hull\u00e1mok vagy hideghull\u00e1mok fordulnak el\u0151.<\/p>\n<h2>T\u00f6rt\u00e9nelmi pillanatk\u00e9p<\/h2>\n<p>Portland ter\u00fclet\u00e9t el\u0151sz\u00f6r chinookan nyelvet besz\u00e9l\u0151 \u0151slakos amerikaiak n\u00e9pes\u00edtett\u00e9k be. Az 1840-es \u00e9vek elej\u00e9n amerikai telepesek \u2013 k\u00f6zt\u00fck Francis Pettygrove \u00e9s Asa Lovejoy \u2013 ig\u00e9nyt tartottak egy olyan f\u00f6ldter\u00fcletre, amely k\u00e9s\u0151bb Portland belv\u00e1ros\u00e1v\u00e1 v\u00e1lt. A legenda szerint 1845-ben Pettygrove (\u201eP\u201d) \u00e9s Lovejoy (\u201eL\u201d) k\u00f6z\u00f6tt egy p\u00e9nzfeldob\u00e1s d\u00f6nt\u00f6tte el a v\u00e1ros nev\u00e9t; Pettygrove fill\u00e9re nyert, \u00edgy Portland lett a neve (a \u201eBoston\u201d helyett). A v\u00e1rost 1851. febru\u00e1r 8-\u00e1n osztott\u00e1k fel. Portland gyorsan fejl\u0151d\u00f6tt, mint faanyag- \u00e9s kereskedelmi k\u00f6zpont, f\u00e1t \u00e9s b\u00faz\u00e1t sz\u00e1ll\u00edtva a foly\u00f3n lefel\u00e9 Kaliforni\u00e1ba \u00e9s azon t\u00falra. 1850-ben a ter\u00fclet f\u0151v\u00e1rosa lett (1855-ig). A 19. sz\u00e1zad v\u00e9g\u00e9re \u00e9s a 20. sz\u00e1zad elej\u00e9re Portland olyan beceneveket kapott, mint a \u201eR\u00f3zs\u00e1k V\u00e1rosa\u201d (1907-ben rendezte meg az els\u0151 R\u00f3zsafesztiv\u00e1lt), \u00e9s progressz\u00edv politik\u00e1ja r\u00e9v\u00e9n h\u00edrnevet szerzett mag\u00e1nak. A m\u00e9rf\u00f6ldk\u00f6vek k\u00f6z\u00e9 tartozik az 1851-es be\u00e9p\u00edt\u00e9s, a vasutak 1880-as \u00e9vekbeli meg\u00e9rkez\u00e9se, valamint az 1905-\u00f6s Lewis &amp; Clark Centennial Exposition, amely bemutatta a v\u00e1rost. A m\u00e1sodik vil\u00e1gh\u00e1bor\u00fa \u00e1tmeneti fellend\u00fcl\u00e9st hozott (haj\u00f3gy\u00e1rakkal \u00e9s egy Kaiser haj\u00f3gy\u00e1rral Vanportban, egy h\u00e1bor\u00fas lak\u00f3k\u00f6z\u00f6ss\u00e9gben). A katasztrof\u00e1lis 1948-as Vanporti \u00e1rv\u00edz \u2013 amely elpuszt\u00edtotta ezt a lak\u00f3telepet \u2013 egy m\u00e1sik fordul\u00f3pont volt, amely tart\u00f3s v\u00e1ltoz\u00e1sokhoz vezetett a v\u00e1ros lakoss\u00e1g\u00e1ban \u00e9s a lakhat\u00e1sban. Az elm\u00falt \u00e9vtizedekben Portland gazdas\u00e1ga a cs\u00facstechnol\u00f3gia \u00e9s a szolg\u00e1ltat\u00e1sok fel\u00e9 tol\u00f3dott el, kult\u00far\u00e1ja pedig a v\u00e1rosi fenntarthat\u00f3s\u00e1gra \u00e9s a m\u0171v\u00e9szetekre helyezte a hangs\u00falyt.<\/p>\n<h2>Kultur\u00e1lis hangulat<\/h2>\n<p>Portland helyi jellege eklektikus \u00e9s b\u00fcszk\u00e9n saj\u00e1tos. A v\u00e1ros \u00e9l\u00e9nk kultur\u00e1lis \u00e9let\u00e9vel vonzza az embereket \u2013 bele\u00e9rtve a k\u00e9zm\u0171ves s\u00f6rf\u0151zd\u00e9ket, az \u00e9tel\u00e1rusokat, a zenei fesztiv\u00e1lokat \u00e9s a vir\u00e1gz\u00f3 m\u0171v\u00e9szeti k\u00f6z\u00f6ss\u00e9get. Az angol az els\u0151dleges nyelv (a legt\u00f6bb csal\u00e1d besz\u00e9li), a bev\u00e1ndorl\u00f3negyedekben pedig n\u00e9h\u00e1ny spanyol, valamint k\u00fcl\u00f6nf\u00e9le \u00e1zsiai \u00e9s csendes-\u00f3ce\u00e1ni nyelvet is besz\u00e9lnek. A lakoss\u00e1g \u00e1ltal\u00e1ban progressz\u00edv \u00e9s a szabadban \u00e9l; sok lakos rendszeresen ker\u00e9kp\u00e1rozik vagy t\u00far\u00e1zik. A \u201eTartsuk Portlandet furcsas\u00e1gban\u201d \u2013 egy m\u00e1ra h\u00edres mott\u00f3 \u2013 egy olyan k\u00f6z\u00f6ss\u00e9get t\u00fckr\u00f6z, amely \u00e9rt\u00e9keli a f\u00fcggetlen \u00fczleti \u00e9letet \u00e9s az alternat\u00edv kult\u00far\u00e1t. Portland p\u00e9ld\u00e1ul h\u00edres gasztron\u00f3miai kult\u00far\u00e1j\u00e1r\u00f3l, rengeteg kiv\u00e1l\u00f3 szak\u00e1cskal, \u00e9tel\u00e1russal, piaccal \u00e9s s\u00f6rf\u0151zd\u00e9vel. Az \u00e9ves esem\u00e9nyek k\u00f6z\u00e9 tartozik a Portland Rose Festival (kora ny\u00e1r), az Oregon Brewers Festival \u00e9s sz\u00e1mos kultur\u00e1lis fesztiv\u00e1l, amelyek t\u00fckr\u00f6zik soksz\u00edn\u0171s\u00e9g\u00e9t. Az \u00e9let itt \u00e1ltal\u00e1ban nyugodt temp\u00f3j\u00fa: a szomsz\u00e9dok k\u00e1v\u00e9z\u00f3kban besz\u00e9lgetnek, a parkok j\u00f3l kihaszn\u00e1ltak, \u00e9s a gyalogl\u00e1s vagy a ker\u00e9kp\u00e1roz\u00e1s mindennapos. M\u00e9rete ellen\u00e9re Portland meg\u0151rizte a k\u00f6rny\u00e9k melegs\u00e9g\u00e9t \u00e9s bar\u00e1ts\u00e1gos vend\u00e9gszeretet\u00e9t. Ahogy az egyik \u00fatikalauz megjegyzi: \u201eAz emberek Portlandbe \u00f6z\u00f6nlenek egy darab\u00e9rt a pezsg\u0151 kult\u00far\u00e1j\u00e1b\u00f3l \u2013 az \u00e9telek\u00e9rt \u00e9s a s\u00f6r\u00e9rt, a m\u0171v\u00e9szetek\u00e9rt, a kultur\u00e1lis k\u00f6z\u00f6ss\u00e9gek\u00e9rt, a fesztiv\u00e1lok\u00e9rt vagy az \u00e9jszakai \u00e9let\u00e9rt\u201d.<\/p>\n<h2><strong>Legn\u00e9pszer\u0171bb l\u00e1tnival\u00f3k<\/strong><\/h2>\n<ul>\n<li><strong>Washington Park<\/strong> \u2013 Egy nagy, erd\u0151s park a belv\u00e1rost\u00f3l nyugatra. Itt tal\u00e1lhat\u00f3 a h\u00edres Nemzetk\u00f6zi R\u00f3zsateszt Kert \u00e9s a Portland Jap\u00e1nkert, mindkett\u0151 neves kert; az Oregoni \u00c1llatkert; \u00e9s a Hoyt Arbor\u00e9tum. A l\u00e1togat\u00f3k gyakran t\u00f6ltenek itt egy eg\u00e9sz napot r\u00f3zsa\u00e1gy\u00e1sok, koi tavak \u00e9s \u00e1rny\u00e9kos \u00f6sv\u00e9nyek k\u00f6z\u00f6tt.<\/li>\n<li><strong>Columbia foly\u00f3 szurdoka<\/strong> \u2013 B\u00e1r k\u00f6zvetlen\u00fcl a v\u00e1roson k\u00edv\u00fcl tal\u00e1lhat\u00f3, a Columbia-szurdok kihagyhatatlan egynapos kir\u00e1ndul\u00e1s. A szurdokon felfel\u00e9 vezet\u0151 fest\u0151i aut\u00f3p\u00e1lya dr\u00e1mai v\u00edzes\u00e9seket (k\u00f6zt\u00fck a magasod\u00f3 Multnomah-v\u00edzes\u00e9st) \u00e9s a Columbia foly\u00f3ra ny\u00edl\u00f3 kil\u00e1t\u00f3pontokat k\u00edn\u00e1l. Gyakran emlegetik Portland legn\u00e9pszer\u0171bb kir\u00e1ndul\u00e1si helysz\u00ednei k\u00f6z\u00f6tt.<\/li>\n<li><strong>Pittock-k\u00faria<\/strong> \u2013 Egy impoz\u00e1ns, dombtet\u0151n \u00e1ll\u00f3 k\u00faria, amelyet Henry Pittock (az oregoni \u00fajs\u00e1g alap\u00edt\u00f3ja) \u00e9p\u00edtett 1914-ben. Fel\u00faj\u00edtott\u00e1k \u00e9s m\u00fazeumk\u00e9nt nyitva tart, panor\u00e1m\u00e1s kil\u00e1t\u00e1st ny\u00fajt a v\u00e1rosra, \u00e9s betekint\u00e9st ny\u00fajt Portland 20. sz\u00e1zad eleji elitj\u00e9be. (A k\u00f6z\u00f6ss\u00e9gi er\u0151fesz\u00edt\u00e9sek mentett\u00e9k meg a lebont\u00e1st\u00f3l az 1960-as \u00e9vekben.)<\/li>\n<li><strong>Powell k\u00f6nyvv\u00e1rosa<\/strong> \u2013 A vil\u00e1g legnagyobb f\u00fcggetlen k\u00f6nyvesboltja, amely egy eg\u00e9sz h\u00e1zt\u00f6mb\u00f6t foglal el Portland belv\u00e1ros\u00e1ban. Polcain t\u00f6bb mint egymilli\u00f3 haszn\u00e1lt \u00e9s \u00faj k\u00f6nyv tal\u00e1lhat\u00f3. Olvas\u00f3sarkok \u00e9s egy k\u00e1v\u00e9z\u00f3 is tal\u00e1lhat\u00f3 benne. Irodalmi rendezv\u00e9nyek \u00e9s szerz\u0151i besz\u00e9lget\u00e9sek is gyakoriak itt.<\/li>\n<li><strong>Lan Su k\u00ednai kert<\/strong> \u2013 Egy b\u00e9k\u00e9s, autentikus szucsoui st\u00edlus\u00fa kert az \u00d3v\u00e1ros k\u00ednai negyed\u00e9ben. K\u00ednai k\u00e9zm\u0171vesek \u00e1ltal \u00e9p\u00edtett, kanyarg\u00f3s \u00f6sv\u00e9nyekkel, fedett pavilonokkal \u00e9s t\u00f3val k\u00f6r\u00fclvett t\u00e1jjal, amely nyugodt mened\u00e9ket ny\u00fajt a v\u00e1rosban.<\/li>\n<li><strong>Oregoni Tudom\u00e1nyos \u00e9s Ipari M\u00fazeum (OMSI)<\/strong> \u2013 Egy interakt\u00edv tudom\u00e1nyos m\u00fazeum a keleti v\u00edzparton. A m\u00fazeum kiemelt l\u00e1tnival\u00f3i k\u00f6z\u00e9 tartozik az OMNIMAX mozi, a planet\u00e1rium \u00e9s egy nyugd\u00edjazott amerikai haditenger\u00e9szeti tengeralattj\u00e1r\u00f3 (USS Blueback), amelyet a l\u00e1togat\u00f3k megtekinthetnek. N\u00e9pszer\u0171 a csal\u00e1dok k\u00f6r\u00e9ben az energi\u00e1val, a technol\u00f3gi\u00e1val \u00e9s a term\u00e9szettudom\u00e1nyokkal foglalkoz\u00f3 interakt\u00edv ki\u00e1ll\u00edt\u00e1sai miatt.<\/li>\n<li><strong>Portland szombati piac<\/strong> \u2013 Szabadt\u00e9ri m\u0171v\u00e9szeti \u00e9s k\u00e9zm\u0171ves piac az \u00d3v\u00e1ros k\u00ednai negyed\u00e9ben, tavaszt\u00f3l decemberig tart nyitva. Az 1974-ben alap\u00edtott piac m\u00e1ra az orsz\u00e1g egyik legnagyobb szabadt\u00e9ri piac\u00e1v\u00e1 n\u0151tte ki mag\u00e1t. A k\u00e9zm\u0171vesek k\u00e9zzel k\u00e9sz\u00edtett \u00e9kszereket, k\u00e9zm\u0171ves term\u00e9keket, ruh\u00e1kat \u00e9s \u00e9lelmiszereket \u00e1rulnak; \u00e9vente t\u00f6bb mint egymilli\u00f3 l\u00e1togat\u00f3t vonz.<\/li>\n<\/ul>\n<h2>Gyakorlati pillanatk\u00e9p<\/h2>\n<ul>\n<li><strong>Megk\u00f6zel\u00edt\u00e9s:<\/strong> A Portland Nemzetk\u00f6zi Rep\u00fcl\u0151t\u00e9r (PDX) a f\u0151 rep\u00fcl\u0151t\u00e9r, ahonnan k\u00f6zvetlen j\u00e1ratokat ind\u00edtanak sz\u00e1mos amerikai v\u00e1rosba \u00e9s nemzetk\u00f6zi c\u00e9l\u00e1llom\u00e1sra. A belv\u00e1rosb\u00f3l a MAX Light Rail piros vonala k\u00f6zvetlen kapcsolatot biztos\u00edt: az egyir\u00e1ny\u00fa \u00fat a rep\u00fcl\u0151t\u00e9rre k\u00f6r\u00fclbel\u00fcl 38 percig tart (a viteld\u00edj 2,80 doll\u00e1r). A TriMet buszai is kiszolg\u00e1lj\u00e1k a rep\u00fcl\u0151teret. Vonattal az Amtrak Cascades vonala k\u00f6ti \u00f6ssze Portlandet Seattle-lel \u00e9s Eugene-nel. A f\u0151bb aut\u00f3p\u00e1ly\u00e1k (I-5 \u00e9szak-d\u00e9li, I-84 kelet-nyugati, US 26) \u00f6sszek\u00f6tik a v\u00e1rost a region\u00e1lis c\u00e9l\u00e1llom\u00e1sokkal.<\/li>\n<li><strong>K\u00f6zleked\u00e9s:<\/strong> A TriMet rendszer (k\u00f6nny\u0171vas\u00fat, villamos \u00e9s buszok) Portland nagy r\u00e9sz\u00e9t lefedi. A ker\u00e9kp\u00e1roz\u00e1s nagyon n\u00e9pszer\u0171; a v\u00e1rost rendszeresen az Egyes\u00fclt \u00c1llamok legker\u00e9kp\u00e1rbar\u00e1tabb v\u00e1rosai k\u00f6z\u00f6tt tartj\u00e1k sz\u00e1mon. A belv\u00e1ros kompakt \u00e9s gyalogosan is k\u00f6nnyen megk\u00f6zel\u00edthet\u0151 (k\u00fcl\u00f6n\u00f6sen a Pioneer Courthouse Square \u00e9s a Pearl District). Aut\u00f3val is lehet k\u00f6zlekedni, de a forgalmas ker\u00fcletekben sz\u0171k\u00f6s vagy k\u00f6lts\u00e9ges lehet a parkol\u00e1s. Sok portlandi Hop k\u00e1rty\u00e1t vagy mobilalkalmaz\u00e1st haszn\u00e1l a busz- \u00e9s vonatjegyek fizet\u00e9s\u00e9hez. A k\u00f6z\u00f6s fuvaroz\u00e1si szolg\u00e1ltat\u00e1sok (Uber\/Lyft) minden\u00fctt jelen vannak.<\/li>\n<li><strong>Alapvet\u0151 tippek:<\/strong> A p\u00e9nznem az amerikai doll\u00e1r. Az angol az els\u0151dleges nyelv (sok lakos spanyolul is besz\u00e9l, k\u00fcl\u00f6n\u00f6sen Portland \u00e9szakkeleti r\u00e9sz\u00e9n). Az \u00e9ttermekben \u00e9s a taxikban a sz\u00e1mla nagyj\u00e1b\u00f3l 15\u201320%-\u00e1nak megfelel\u0151 borraval\u00f3 a szok\u00e1sos. Portland \u00e1ltal\u00e1ban biztons\u00e1gos a v\u00e1rosi m\u00e9rc\u00e9vel m\u00e9rve, de a szok\u00e1sos v\u00e1rosi \u00f3vint\u00e9zked\u00e9seket kell betartani (ker\u00fclni az elhagyatott ter\u00fcleteket \u00e9jszaka, \u00e9rt\u00e9kt\u00e1rgyakat biztons\u00e1gban tartani). A helyiek nagyra \u00e9rt\u00e9kelik az udvariass\u00e1got \u00e9s a k\u00f6rnyezettudatoss\u00e1got; a h\u00e9tk\u00f6znapi \u00f6lt\u00f6zet a norma.<a href=\"https:\/\/travelshelper.com\/hu\/uticelok\/eszak-amerika\/amerikai-egyesult-allamok\/berkeley-springs\/\" target=\"_self\" aria-labelledby=\"uael-post-8997\"><br \/>\n<\/a><\/li>\n<\/ul>","protected":false},"excerpt":{"rendered":"<p>Portland, a csendes-\u00f3ce\u00e1ni \u00e9szaknyugati r\u00e9gi\u00f3 bukolikus hangulat\u00fa r\u00e9sz\u00e9n megb\u00fajva, Oregon, az Egyes\u00fclt \u00c1llamok egyik \u00e1llam\u00e1nak legn\u00e9pesebb v\u00e1rosa. Sz\u00e1nd\u00e9kosan az \u00e1llam \u00e9szaknyugati r\u00e9sz\u00e9n elhelyezkedve, ez az energikus v\u00e1ros a Columbia \u00e9s a Willamette foly\u00f3k tal\u00e1lkoz\u00e1si helyek\u00e9nt szolg\u00e1l. Portland Multnomah megye, Oregon legn\u00e9pesebb megy\u00e9j\u00e9nek megyesz\u00e9khelye, \u00edgy n\u00e9lk\u00fcl\u00f6zhetetlen helyet foglal el az \u00e1llam k\u00f6zigazgat\u00e1si \u00e9s kultur\u00e1lis keret\u00e9ben. A 2020-as n\u00e9psz\u00e1ml\u00e1l\u00e1s szerint 652 503 lakos\u00e1val Portland az Egyes\u00fclt \u00c1llamok 26. legn\u00e9pesebb v\u00e1rosa, Seattle-lel a Csendes-\u00f3ce\u00e1n \u00e9szaknyugati r\u00e9sz\u00e9nek legn\u00e9pesebb v\u00e1rosa mellett a m\u00e1sodik legn\u00e9pesebb v\u00e1ros a nyugati parton. A k\u00f6zel 2,5 milli\u00f3 lakos\u00fa Portland agglomer\u00e1ci\u00f3 az Egyes\u00fclt \u00c1llamok 25. legn\u00e9pesebb agglomer\u00e1ci\u00f3ja. A Portland agglomer\u00e1ci\u00f3 figyelemre m\u00e9lt\u00f3 m\u00f3don Oregon lakoss\u00e1g\u00e1nak k\u00f6zel fel\u00e9nek ad otthont, ami hangs\u00falyozza k\u00f6zponti befoly\u00e1si \u00e9s tev\u00e9kenys\u00e9gi k\u00f6zpontj\u00e1nak fontoss\u00e1g\u00e1t.<\/p>","protected":false},"author":1,"featured_media":4170,"parent":8072,"menu_order":0,"comment_status":"closed","ping_status":"closed","template":"elementor_theme","meta":{"_eb_attr":"","footnotes":""},"class_list":["post-8341","page","type-page","status-publish","has-post-thumbnail"],"_links":{"self":[{"href":"https:\/\/travelshelper.com\/hu\/wp-json\/wp\/v2\/pages\/8341","targetHints":{"allow":["GET"]}}],"collection":[{"href":"https:\/\/travelshelper.com\/hu\/wp-json\/wp\/v2\/pages"}],"about":[{"href":"https:\/\/travelshelper.com\/hu\/wp-json\/wp\/v2\/types\/page"}],"author":[{"embeddable":true,"href":"https:\/\/travelshelper.com\/hu\/wp-json\/wp\/v2\/users\/1"}],"replies":[{"embeddable":true,"href":"https:\/\/travelshelper.com\/hu\/wp-json\/wp\/v2\/comments?post=8341"}],"version-history":[{"count":0,"href":"https:\/\/travelshelper.com\/hu\/wp-json\/wp\/v2\/pages\/8341\/revisions"}],"up":[{"embeddable":true,"href":"https:\/\/travelshelper.com\/hu\/wp-json\/wp\/v2\/pages\/8072"}],"wp:featuredmedia":[{"embeddable":true,"href":"https:\/\/travelshelper.com\/hu\/wp-json\/wp\/v2\/media\/4170"}],"wp:attachment":[{"href":"https:\/\/travelshelper.com\/hu\/wp-json\/wp\/v2\/media?parent=8341"}],"curies":[{"name":"wp","href":"https:\/\/api.w.org\/{rel}","templated":true}]}}