{"id":8331,"date":"2024-09-03T15:25:07","date_gmt":"2024-09-03T15:25:07","guid":{"rendered":"https:\/\/travelshelper.com\/staging\/?page_id=8331"},"modified":"2026-03-13T18:08:36","modified_gmt":"2026-03-13T18:08:36","slug":"palm-springs","status":"publish","type":"page","link":"https:\/\/travelshelper.com\/hu\/destinations\/north-america\/united-states\/palm-springs\/","title":{"rendered":"Palm Springs"},"content":{"rendered":"<p>Palm Springs egy k\u00f6zepes m\u00e9ret\u0171 v\u00e1ros \u00e9s \u00fcd\u00fcl\u0151hely D\u00e9l-Kalifornia Coachella-v\u00f6lgy\u00e9ben. A 2020-as n\u00e9psz\u00e1ml\u00e1l\u00e1skor a lakoss\u00e1g sz\u00e1ma 44 575 f\u0151 volt. A legt\u00f6bb, m\u00e9ret\u00e9hez hasonl\u00f3 v\u00e1rossal ellent\u00e9tben Palm Springsben nagysz\u00e1m\u00fa \u00e1tmeneti lakoss\u00e1g \u00e9l: t\u00e9len a hidegebb r\u00e9gi\u00f3kb\u00f3l \u00e9rkez\u0151 nyugd\u00edjasok \u00e9s \u201eh\u00f3madarak\u201d \u00f6z\u00f6nlenek ide, ideiglenesen megh\u00e1romszorozva az itt tart\u00f3zkod\u00f3k sz\u00e1m\u00e1t. Figyelemre m\u00e9lt\u00f3, hogy a teljes munkaid\u0151s lakosok t\u00f6bb mint 30%-a 65 \u00e9ves vagy id\u0151sebb, \u00e9s az 55 \u00e9v k\u00f6r\u00fcli medi\u00e1n \u00e9letkor t\u00fckr\u00f6zi a v\u00e1ros h\u00edrnev\u00e9t, mint nyugd\u00edjas mened\u00e9ket. Palm Springs gazdas\u00e1g\u00e1t a turizmus, az ingatlanpiac \u00e9s a szolg\u00e1ltat\u00e1si \u00e1gazatok hajtj\u00e1k. A h\u00e1ztart\u00e1sok medi\u00e1nj\u00f6vedelme k\u00f6r\u00fclbel\u00fcl 57 900 doll\u00e1r, a szeg\u00e9nys\u00e9g pedig k\u00f6r\u00fclbel\u00fcl 16%; az ingatlan\u00e1rak magasak (\u00e1tlagos otthoni \u00e1r ~398 000 doll\u00e1r) a ter\u00fclet vonzereje miatt. A helyi gazdas\u00e1g \u00e9vente t\u00f6bb milli\u00f3 l\u00e1togat\u00f3t vonz, k\u00fcl\u00f6n\u00f6sen golfoz\u00e1s, kultur\u00e1lis fesztiv\u00e1lok \u00e9s esk\u00fcv\u0151k, valamint a folyamatban l\u00e9v\u0151 film- \u00e9s technol\u00f3giai konferenci\u00e1k miatt.<\/p>\n<p>Palm Springs D\u00e9l-Kaliforni\u00e1ban, a Sonora-sivatagban fekszik, Los Angelest\u0151l k\u00f6r\u00fclbel\u00fcl 160 kilom\u00e9terre keletre. F\u00f6ldrajzilag a Coachella-v\u00f6lgyben fekszik \u2013 a sz\u00e9lesebb Colorado-sivatag r\u00e9szek\u00e9nt \u2013, amelyet hegyek szeg\u00e9lyeznek. Nyugaton a San Jacinto-hegys\u00e9g emelkedik (a San Jacinto-hegyn\u00e9l 3134 m\u00e9ter magasra), keleten pedig a Santa Rosa \u00e9s a Little San Bernardino-hegys\u00e9g. A v\u00f6lgytalp sz\u00e1raz \u00e9s lapos, nagyj\u00e1b\u00f3l 144 m\u00e9terrel a tengerszint felett van. Az \u00e9ghajlat sivatagos: Palm Springs h\u00edres forr\u00f3 sivatagi \u00e9ghajlat\u00e1r\u00f3l (K\u00f6ppen BWh), \u00e9vente t\u00f6bb mint 300 naps\u00fct\u00e9ses nappal. A nyarak rendk\u00edv\u00fcl forr\u00f3k (gyakran meghaladj\u00e1k a 43\u00b0C-ot), a telek pedig r\u00f6videk \u00e9s enyh\u00e9k, \u00e1ltal\u00e1ban fagypont felettiek. A csapad\u00e9k kev\u00e9s \u2013 az \u00e9ves \u00e1tlagos csapad\u00e9kmennyis\u00e9g mind\u00f6ssze 12,5 cm. Ez a k\u00f6ny\u00f6rtelen naps\u00fct\u00e9s csak a sz\u00e1razs\u00e1gt\u0171r\u0151 n\u00f6v\u00e9nyek (p\u00e1lmaf\u00e1k, kaktuszok) vir\u00e1gz\u00e1s\u00e1t teszi lehet\u0151v\u00e9 \u00f6nt\u00f6z\u00e9s n\u00e9lk\u00fcl. \u00d6sszess\u00e9g\u00e9ben Palm Springs elhelyezked\u00e9se \u00e9s \u00e9ghajlata a h\u00f3madarak paradicsom\u00e1v\u00e1 \u00e9s sz\u00f3 szerint o\u00e1ziss\u00e1 teszi a kop\u00e1r sivatag k\u00f6zep\u00e9n.<\/p>\n<p>Palm Springs k\u00f6rny\u00e9ke eredetileg a cahuilla n\u00e9p otthona volt \u00e9vsz\u00e1zadokkal az eur\u00f3paiak \u00e9rkez\u00e9se el\u0151tt. A term\u00e9szetes o\u00e1zisokat Se-Khi-nek (\u201eforr\u00e1sban l\u00e9v\u0151 v\u00edz\u201d) nevezt\u00e9k, \u00e9s a meleg, p\u00e1lma- \u00e9s t\u00f6lgyf\u00e1kkal szeg\u00e9lyezett forr\u00e1sokat t\u00e9len mened\u00e9kk\u00e9nt \u00e9s szertart\u00e1sokhoz haszn\u00e1lt\u00e1k. A cahuilla indi\u00e1nok Agua Caliente t\u00f6rzse ma rezerv\u00e1tumot tart fenn a v\u00e1ros alatt. A modern v\u00e1ros a 20. sz\u00e1zad elej\u00e9n kezdett form\u00e1t \u00f6lteni. Palm Springst hivatalosan 1938-ban alap\u00edtott\u00e1k, miut\u00e1n sivatagi gy\u00f3gy\u00fcd\u00fcl\u0151helyk\u00e9nt \u00e9s gy\u00fcm\u00f6lcsterm\u0151 o\u00e1zisk\u00e9nt hirdett\u00e9k (a korai gazdas\u00e1g datoly\u00e1t, citrusf\u00e9l\u00e9ket \u00e9s olajbogy\u00f3t termesztett).<\/p>\n<p>Palm Springs a m\u00e1sodik vil\u00e1gh\u00e1bor\u00fa ut\u00e1n igaz\u00e1n fellend\u00fclt. Hollywood-i szt\u00e1rok \u00e9s m\u00e1gn\u00e1sok fedezt\u00e9k fel a v\u00f6lgy naps\u00fct\u00e9ses \u00e9ghajlat\u00e1t, \u00e9s jellegzetes, sz\u00e1zadk\u00f6zepi modern h\u00e1zakat \u00e9s sz\u00e1llod\u00e1kat rendeltek meg. Olyan h\u00edress\u00e9gek, mint Frank Sinatra, John Wayne \u00e9s Lucille Ball \u00e9p\u00edtettek itt h\u00e1zakat. A korszak \u00e9p\u00edt\u00e9szete (lapos \u00e9p\u00fcletek, belt\u00e9ri-k\u00fclt\u00e9ri \u00e9let) Palm Springs identit\u00e1s\u00e1nak r\u00e9sz\u00e9v\u00e9 v\u00e1lt. A v\u00e1ros kultur\u00e1lis fejl\u0151d\u00e9se t\u00fckr\u00f6zte ezt a gazdags\u00e1got: sz\u00ednh\u00e1zak, gal\u00e9ri\u00e1k \u00e9s egy n\u00f6vekv\u0151 m\u0171v\u00e9szeti sz\u00ednt\u00e9r jelent meg az 1950-es \u00e9s 60-as \u00e9vekre. Az elm\u00falt \u00e9vtizedekben Palm Springs a meg\u0151rz\u00e9s \u00e9s a turizmus r\u00e9v\u00e9n \u00fajj\u00e1\u00e9lesztette sz\u00e1zadk\u00f6zepi \u00f6r\u00f6ks\u00e9g\u00e9t. A v\u00e1ros nemzetk\u00f6zileg ismert a \u201ePalm Springs Modern\u201d diz\u00e1jnj\u00e1r\u00f3l, \u00e9p\u00edt\u00e9szeti t\u00far\u00e1knak \u00e9s az 1950-es \u00e9vek \u00f6r\u00f6ks\u00e9g\u00e9t \u00fcnnepl\u0151 \u00e9ves Modernizmus H\u00e9t fesztiv\u00e1lnak ad otthont.<\/p>\n<p>Palm Springs jellegzetes \u00fcd\u00fcl\u0151v\u00e1rosi hangulattal rendelkezik. A hivatalos nyelv az angol, de sok lakos besz\u00e9l spanyolul vagy m\u00e1s nyelveken; a v\u00e1ros lakoss\u00e1g\u00e1nak k\u00f6r\u00fclbel\u00fcl 79%-a feh\u00e9r, 25%-a pedig spanyol\/latin-amerikai. Nemzetk\u00f6zi jellege nagyban k\u00f6sz\u00f6nhet\u0151 a turizmusnak: az Egyes\u00fclt \u00c1llamokb\u00f3l, Kanad\u00e1b\u00f3l \u00e9s m\u00e1s orsz\u00e1gokb\u00f3l \u00e9rkez\u0151 vend\u00e9gek golfozni, gy\u00f3gyf\u00fcrd\u0151zni \u00e9s kongresszusokon r\u00e9szt venni szoktak. Az \u00e9letm\u00f3d nyugodt \u00e9s a szabadid\u0151re \u00f6sszpontos\u00edt. A napokat a medence mellett, golfp\u00e1ly\u00e1kon vagy p\u00e1lmaf\u00e1kkal szeg\u00e9lyezett utc\u00e1kon t\u00f6ltik. N\u00e9pszer\u0171 id\u0151t\u00f6lt\u00e9sek k\u00f6z\u00e9 tartozik a hajnali j\u00f3ga, a veter\u00e1naut\u00f3-ki\u00e1ll\u00edt\u00e1sok \u00e9s az esti szabadt\u00e9ri \u00e9tkez\u00e9s a szell\u0151s teraszokon.<\/p>\n<p>Palm Springs b\u00fcszke vibr\u00e1l\u00f3 m\u0171v\u00e9szeti \u00e9s fesztiv\u00e1l\u00e9let\u00e9re is. A Modernizmus Hete (a febru\u00e1ri \u00e9s n\u00e9ha okt\u00f3beri \u00e9p\u00edt\u00e9szeti t\u00far\u00e1k) mellett a v\u00e1ros minden janu\u00e1rban egy h\u00edres Nemzetk\u00f6zi Filmfesztiv\u00e1lnak is otthont ad. Nagy LMBTQ+ k\u00f6z\u00f6ss\u00e9ggel \u00e9s kapcsol\u00f3d\u00f3 rendezv\u00e9nyekkel (pl. White Party, Pride) rendelkezik, ami t\u00fckr\u00f6zi Amerika egyik legmelegbar\u00e1tabb v\u00e1rosak\u00e9nt szerzett h\u00edrnev\u00e9t. A belv\u00e1rosban (Avenida Caballeros \u00e9s Palm Canyon Drive) eklektikus butikok, m\u0171v\u00e9szeti gal\u00e9ri\u00e1k \u00e9s sz\u00ednh\u00e1zak tal\u00e1lhat\u00f3k. \u00c9jszaka csillog\u00f3 f\u00e9nyf\u00fcz\u00e9rek vil\u00e1g\u00edtj\u00e1k meg az \u00e9ttermeket \u00e9s b\u00e1rokat, el\u0151kel\u0151-laza \u00e9jszakai \u00e9letet teremtve. \u00d6sszess\u00e9g\u00e9ben a hangulat a laza sivatagi b\u00e1jt \u00f6tv\u00f6zi a v\u00e1rosi st\u00edlus\u00fa energi\u00e1val a rendezv\u00e9nyek sor\u00e1n. A k\u00edv\u00fcl\u00e1ll\u00f3k gyakran felfigyelnek a v\u00e1ros meleg fogadtat\u00e1s\u00e1ra \u2013 \u201ePalm Springs sz\u00e9p\u201d \u2013 a helyi t\u00f6rt\u00e9nelem \u00e9s a sz\u00e1zadk\u00f6zepi elegancia ir\u00e1nti tudatos b\u00fcszkes\u00e9g k\u00f6zepette.<\/p>\n<p>Palm Springs l\u00e1togat\u00f3it vonzza a term\u00e9szeti \u00e9s \u00e9p\u00edt\u00e9szeti l\u00e1tv\u00e1nyoss\u00e1gok kombin\u00e1ci\u00f3ja. Ezek k\u00f6z\u00fcl a legfontosabb a Palm Springs-i felvon\u00f3. A 10 perces felvon\u00f3s felsz\u00e1ll\u00e1s sor\u00e1n a vend\u00e9gek 2373 m\u00e9ter magasra jutnak a sivatag talaj\u00e1r\u00f3l a hegyvid\u00e9ki magaslatokra. A forg\u00f3 kocsik \u00e9s az alpesi cs\u00facs\u00e1llom\u00e1s (2556 m\u00e9teres magass\u00e1gban) panor\u00e1m\u00e1s kil\u00e1t\u00e1st ny\u00fajtanak a v\u00f6lgyre, a t\u00e9li h\u00f3ra, a t\u00fara\u00fatvonalakra \u00e9s az \u00e9ttermekre. Ez egy 1963-as m\u00e9rn\u00f6ki csoda (m\u00e9g mindig az eredeti Rotair kocsikat haszn\u00e1lva), \u00e9s egyed\u00fcl\u00e1ll\u00f3 m\u00f3dja annak, hogy \u00f6t \u00e9ghajlati z\u00f3n\u00e1t fedezz\u00fcnk fel egyetlen utaz\u00e1s sor\u00e1n.<\/p>\n<p>A szabadt\u00e9ri tev\u00e9kenys\u00e9gek szerelmesei mind\u00f6ssze n\u00e9h\u00e1ny percnyi aut\u00f3\u00fatra aut\u00f3zhatnak a v\u00e1rosb\u00f3l, hogy felfedezz\u00e9k az Indian Canyons-t \u00e9s a Tahquitz-kanyont. Ezek a sivatagi o\u00e1zisok p\u00e1lmaf\u00e1kkal \u00e1rny\u00e9kolt patakmedreket \u00e9s \u0151slakos amerikai t\u00fara\u00fatvonalakat k\u00edn\u00e1lnak a magas kanyonfalakon kereszt\u00fcl. Egy er\u0151teljes m\u00e1sz\u00e1s a Cahuilla-v\u00edzes\u00e9sre vagy a Murray-kanyonra szezon\u00e1lis v\u00edzes\u00e9seket \u00e9s a Cahuilla \u00f6nt\u00f6z\u00e9si rendszer maradv\u00e1nyait t\u00e1rja fel. A zordabb sivatagi t\u00e1jak\u00e9rt l\u00e1togasson el a Joshua Tree Nemzeti Parkba (egy r\u00f6vid aut\u00f3\u00fatra keletre), amely ikonikus a joshua f\u00e1ir\u00f3l \u00e9s a kop\u00e1r sziklaalakzatair\u00f3l, \u00e9s egy bakancslist\u00e1s kir\u00e1ndul\u00e1s Palm Springsb\u0151l.<\/p>\n<p>Palm Springs sz\u00e1mos kultur\u00e1lis \u00e9s \u00e9p\u00edt\u00e9szeti helysz\u00ednnel is rendelkezik. A Palm Springs M\u0171v\u00e9szeti M\u00fazeum modern \u00e9s indi\u00e1n m\u0171v\u00e9szeti alkot\u00e1sokat mutat be. Az \u00e9p\u00edt\u00e9szet rajong\u00f3i h\u00edres h\u00e1zakat is megtekinthetnek: Frank Lloyd Wright k\u00f6zeli Taliesin Westje (t\u00e9li otthona \u00e9s \u00e9p\u00edt\u00e9szeti iskol\u00e1j\u00e1nak kampusza) nyitva \u00e1ll a t\u00far\u00e1k el\u0151tt. A v\u00e1ros modernista rezidenci\u00e1i \u2013 mint p\u00e9ld\u00e1ul a Kaufmann-h\u00e1z \u00e9s Elvis n\u00e1szutas nyaral\u00f3ja \u2013 aut\u00f3val vagy vezetett t\u00far\u00e1k keret\u00e9ben tekinthet\u0151k meg. A v\u00f6lgy alj\u00e1n a Coachella-v\u00f6lgyi Rezerv\u00e1tum \u00e9s a vadv\u00e9delmi mened\u00e9khelyek v\u00e9dik a helyi n\u00f6v\u00e9ny- \u00e9s \u00e1llatvil\u00e1got, m\u00edg a Moorten Botanikus Kert a Sonora-sivatagra jellemz\u0151 kaktuszokat \u00e9s pozsg\u00e1sokat mutatja be.<\/p>\n<p>Maga a belv\u00e1ros is ny\u00fczsg\u0151 l\u00e1tnival\u00f3kkal teli. A Palm Canyon Drive-on (a f\u0151utc\u00e1n) a sz\u00e1zad k\u00f6zep\u00e9nek neonrekl\u00e1mjai, a h\u00edress\u00e9geket tisztel\u0151 Walk of Stars s\u00e9t\u00e1nyon pedig a v\u00e1ros show-biznisz \u00f6r\u00f6ks\u00e9g\u00e9t id\u00e9zi. A k\u00f6zelben tal\u00e1lhat\u00f3 a L\u00e9gim\u00fazeum \u00e9s Frank Sinatra IGA szobra, amely a v\u00e1ros show-biznisz \u00f6r\u00f6ks\u00e9g\u00e9re eml\u00e9keztet. Az \u00ednyencek \u00e9s a v\u00e1s\u00e1rl\u00f3k egyar\u00e1nt \u00e9lvezhetik a heti termel\u0151i piacokat \u00e9s az eg\u00e9sz \u00e9vben megrendezett termel\u0151i piacokat, ahol friss term\u00e9keket \u00e9s k\u00e9zm\u0171ves term\u00e9keket \u00fcnnepelnek. R\u00f6viden, Palm Springs kihagyhatatlan l\u00e1tnival\u00f3i a sivatagi kil\u00e1t\u00e1st\u00f3l (villamos, kanyonok) a kultur\u00e1lis helysz\u00ednekig (sz\u00e1zad k\u00f6zep\u00e9nek t\u00far\u00e1i, m\u00fazeumok) terjednek \u2013 mindezt ringat\u00f3z\u00f3 p\u00e1lmaf\u00e1k \u00e9s a v\u00e9gtelen naps\u00fct\u00e9s k\u00f6ti \u00f6ssze.<\/p>\n<p>Palm Springs k\u00f6nnyen megk\u00f6zel\u00edthet\u0151. A Palm Springs Nemzetk\u00f6zi Rep\u00fcl\u0151t\u00e9r (PSP) a belv\u00e1rost\u00f3l nyugatra fekszik, \u00e9s a nagyobb csom\u00f3pontokb\u00f3l (Los Angeles, San Francisco, Phoenix) indul\u00f3 belf\u00f6ldi j\u00e1ratokat, valamint szezon\u00e1lis j\u00e1ratokat is fogad. A Los Angeles Nemzetk\u00f6zi Rep\u00fcl\u0151t\u00e9r (LAX) k\u00f6r\u00fclbel\u00fcl 120 m\u00e9rf\u00f6ldre nyugatra tal\u00e1lhat\u00f3, 2-2,5 \u00f3r\u00e1s aut\u00f3\u00fatra az I-10-es aut\u00f3p\u00e1ly\u00e1n. Az Amtrak Sunset Limited \u00e9s a Texas Eagle j\u00e1ratai a k\u00f6zeli Palm Springsben \u00e1llnak meg, \u00e9s a v\u00f6lgyet t\u00e1vols\u00e1gi buszok is szolg\u00e1lj\u00e1k ki. Az aut\u00f3sok sz\u00e1m\u00e1ra az Interstate 10-es aut\u00f3p\u00e1lya kelet-nyugati ir\u00e1nyban halad Palm Springsen kereszt\u00fcl (Los Angeles nyugati r\u00e9sz\u00e9vel \u00e9s Phoenix\/Arizona keleti r\u00e9sz\u00e9vel \u00f6sszek\u00f6ttet\u00e9sben), a CA-111 \u00e9s CA-62 pedig a k\u00f6rnyez\u0151 sivatagi ter\u00fcletekhez biztos\u00edt hozz\u00e1f\u00e9r\u00e9st.<\/p>\n<p>Palm Springs nagym\u00e9rt\u00e9kben aut\u00f3f\u00fcgg\u0151, k\u00fcl\u00f6n\u00f6sen a t\u00e1voli kanyonok vagy golfp\u00e1ly\u00e1k el\u00e9r\u00e9se \u00e9rdek\u00e9ben. A belv\u00e1ros azonban ker\u00e9kp\u00e1r- \u00e9s gyalogosbar\u00e1t, sz\u00e1mos sz\u00e1lloda k\u00edn\u00e1l ker\u00e9kp\u00e1rk\u00f6lcs\u00f6nz\u00e9st. A helyi t\u00f6megk\u00f6zleked\u00e9st a SunLine Transit Agency biztos\u00edtja, amely buszokat k\u00f6zlekedtet a f\u0151bb v\u00f6lgyfolyos\u00f3k ment\u00e9n (bele\u00e9rtve a Palm Canyon Dr.-t \u00e9s az East Palm Canyont). Egy region\u00e1lis k\u00f6nny\u0171vas\u00fati vonal (\u00e9p\u00edt\u00e9s alatt) v\u00e9g\u00fcl \u00f6sszek\u00f6ti Palm Springst a Coachella-v\u00f6lgy m\u00e1s v\u00e1rosaival. A legt\u00f6bb l\u00e1togat\u00f3 sz\u00e1m\u00e1ra a b\u00e9relt aut\u00f3 vagy a k\u00f6z\u00f6s fuvaroz\u00e1s a legegyszer\u0171bb. Palm Springsben b\u0151s\u00e9gesen van utcai parkol\u00e1si lehet\u0151s\u00e9g, \u00e9s gyakran ingyenes, kiv\u00e9ve a fizet\u0151s helyeket \u00e9s a k\u00fcl\u00f6nleges rendezv\u00e9nyek helysz\u00edneit.<\/p>\n<p>A p\u00e9nznem az amerikai doll\u00e1r, \u00e9s az angol nyelvet mindenki \u00e9rti (a spanyol a kiszolg\u00e1l\u00f3 szem\u00e9lyzet k\u00f6r\u00e9ben is elterjedt). Az \u00f6lt\u00f6zk\u00f6d\u00e9si szab\u00e1lyok a h\u00e9tk\u00f6znapi \u00fcd\u00fcl\u0151helyi viseletet \u00edrj\u00e1k el\u0151 \u2013 ny\u00e1ron r\u00f6vidnadr\u00e1gra, szand\u00e1lra \u00e9s napkalapra gondoljunk (t\u00e9li sivatagi \u00e9jszak\u00e1kon pedig egy k\u00f6nny\u0171 kab\u00e1tra). A sivatagi nap er\u0151sen t\u0171zhet; a f\u00e9nyv\u00e9d\u0151 \u00e9s a sok v\u00edz elengedhetetlen, k\u00fcl\u00f6n\u00f6sen t\u00far\u00e1z\u00e1skor. A borraval\u00f3 a szok\u00e1sos amerikai gyakorlatnak megfelel\u0151en t\u00f6rt\u00e9nik (15\u201320% \u00e9ttermekben, taxikban, idegenvezet\u0151kn\u00e9l). Az \u00e1ltal\u00e1nos udvariass\u00e1g a norma (egy biccent\u00e9s vagy a \u201ek\u00f6sz\u00f6n\u00f6m\u201d sokat sz\u00e1m\u00edt). A biztons\u00e1g \u00e1ltal\u00e1ban j\u00f3 \u2013 Palm Springsben kev\u00e9s a b\u0171ncselekm\u00e9ny a turisztikai ter\u00fcleteken, b\u00e1r mint minden v\u00e1rosban, itt is vigy\u00e1zni kell a zs\u00fafolt helyeken l\u00e9v\u0151 holmikra. Ny\u00e1ron vigy\u00e1zzunk a hegyvid\u00e9ki t\u00e1jakon a ny\u00e1ri monszunok okozta extr\u00e9m h\u0151s\u00e9gre \u00e9s vill\u00e1m\u00e1rvizekre. \u00d6sszess\u00e9g\u00e9ben az itteni tart\u00f3zkod\u00e1s \u00f6tv\u00f6zi a sivatagi szabads\u00e1got egy j\u00f3l fejlett turisztikai v\u00e1ros k\u00e9nyelm\u00e9vel.<a href=\"https:\/\/travelshelper.com\/hu\/uticelok\/eszak-amerika\/amerikai-egyesult-allamok\/berkeley-springs\/\" target=\"_self\" aria-labelledby=\"uael-post-8997\"><br \/>\n<\/a><\/p>","protected":false},"excerpt":{"rendered":"<p>Palm Springs egy sivatagi \u00fcd\u00fcl\u0151v\u00e1ros Riverside megy\u00e9ben, Kaliforni\u00e1ban, az Amerikai Egyes\u00fclt \u00c1llamokban, a Colorado-sivatag Coachella-v\u00f6lgy\u00e9ben. K\u00f6zel 240 km\u00b2-es ter\u00fclet\u00e9vel Riverside megye legnagyobb sz\u00e1razf\u00f6ldi v\u00e1rosa. A v\u00e1ros ter\u00fclet\u00e9nek t\u00f6bb mint 10%-\u00e1t kitev\u0151 Agua Caliente s\u00e1v, a Cahuilla indi\u00e1n rezerv\u00e1tum jellegzetes sakkt\u00e1bla mint\u00e1zatot mutat. A v\u00e1ros domborzat\u00e1nak egyik f\u0151 jellemz\u0151je mellett ez a rezerv\u00e1tum Kalifornia legn\u00e9pesebb rezerv\u00e1tum\u00e1nak k\u00f6zigazgat\u00e1si k\u00f6zpontja is.<\/p>","protected":false},"author":1,"featured_media":3401,"parent":8072,"menu_order":0,"comment_status":"closed","ping_status":"closed","template":"elementor_theme","meta":{"_eb_attr":"","footnotes":""},"class_list":["post-8331","page","type-page","status-publish","has-post-thumbnail"],"_links":{"self":[{"href":"https:\/\/travelshelper.com\/hu\/wp-json\/wp\/v2\/pages\/8331","targetHints":{"allow":["GET"]}}],"collection":[{"href":"https:\/\/travelshelper.com\/hu\/wp-json\/wp\/v2\/pages"}],"about":[{"href":"https:\/\/travelshelper.com\/hu\/wp-json\/wp\/v2\/types\/page"}],"author":[{"embeddable":true,"href":"https:\/\/travelshelper.com\/hu\/wp-json\/wp\/v2\/users\/1"}],"replies":[{"embeddable":true,"href":"https:\/\/travelshelper.com\/hu\/wp-json\/wp\/v2\/comments?post=8331"}],"version-history":[{"count":0,"href":"https:\/\/travelshelper.com\/hu\/wp-json\/wp\/v2\/pages\/8331\/revisions"}],"up":[{"embeddable":true,"href":"https:\/\/travelshelper.com\/hu\/wp-json\/wp\/v2\/pages\/8072"}],"wp:featuredmedia":[{"embeddable":true,"href":"https:\/\/travelshelper.com\/hu\/wp-json\/wp\/v2\/media\/3401"}],"wp:attachment":[{"href":"https:\/\/travelshelper.com\/hu\/wp-json\/wp\/v2\/media?parent=8331"}],"curies":[{"name":"wp","href":"https:\/\/api.w.org\/{rel}","templated":true}]}}