{"id":8325,"date":"2024-09-03T15:10:41","date_gmt":"2024-09-03T15:10:41","guid":{"rendered":"https:\/\/travelshelper.com\/staging\/?page_id=8325"},"modified":"2026-03-13T18:07:44","modified_gmt":"2026-03-13T18:07:44","slug":"phoenix","status":"publish","type":"page","link":"https:\/\/travelshelper.com\/hu\/destinations\/north-america\/united-states\/phoenix\/","title":{"rendered":"Phoenix"},"content":{"rendered":"<p>Phoenix Arizona hatalmas f\u0151v\u00e1rosa, \u00e9s ter\u00fclet\u00e9t tekintve az egyik legnagyobb amerikai v\u00e1ros. A 2020-as n\u00e9psz\u00e1ml\u00e1l\u00e1s szerint 1 608 139 lakosa volt, ezzel az orsz\u00e1g \u00f6t\u00f6dik legnagyobb v\u00e1rosa \u00e9s az \u00e1llam legn\u00e9pesebb f\u0151v\u00e1rosa. A phoenixi nagyv\u00e1rosi ter\u00fclet (bele\u00e9rtve az olyan k\u00fclv\u00e1rosokat, mint Scottsdale \u00e9s Mesa) t\u00f6bb mint 5,2 milli\u00f3 embert sz\u00e1ml\u00e1l, amivel az Egyes\u00fclt \u00c1llamok t\u00edz legnagyobb metropolisz\u00e1nak egyike. Phoenix soksz\u00edn\u0171: a lakosok k\u00f6r\u00fclbel\u00fcl 42%-a spanyol\/latin-amerikai, ami t\u00fckr\u00f6zi d\u00e9lnyugati kult\u00far\u00e1j\u00e1t \u00e9s Mexik\u00f3 k\u00f6zels\u00e9g\u00e9t. A v\u00e1rosban egyre t\u00f6bb \u00e1zsiai, afroamerikai \u00e9s \u0151slakos amerikai \u00e9l. Az \u00e1tlag\u00e9letkor a 30-as \u00e9vek k\u00f6zep\u00e9n van. Gazdas\u00e1gilag Phoenix er\u0151s: a metropolisz gazdas\u00e1ga (GDP) 2023-ban k\u00f6r\u00fclbel\u00fcl 398 milli\u00e1rd doll\u00e1r volt. A kulcsfontoss\u00e1g\u00fa ipar\u00e1gak k\u00f6z\u00e9 tartozik a technol\u00f3gia, az eg\u00e9szs\u00e9g\u00fcgy, az oktat\u00e1s \u00e9s az \u00e9p\u00edt\u0151ipar, amelyeket az \u00e9vtizedek \u00f3ta tart\u00f3 folyamatos n\u00e9pess\u00e9gn\u00f6veked\u00e9s t\u00e1pl\u00e1l (1960 \u00e9s 2000 k\u00f6z\u00f6tt \u00e1tlagosan ~4%-os \u00e9ves n\u00f6veked\u00e9s volt tapasztalhat\u00f3).<\/p>\n<p>Phoenix Arizona d\u00e9l-k\u00f6z\u00e9ps\u0151 r\u00e9sz\u00e9n, a sz\u00e9les Salt River-v\u00f6lgyben fekszik (gyakran a \u201eNap v\u00f6lgy\u00e9nek\u201d is nevezik). K\u00f6r\u00fclbel\u00fcl 327 m\u00e9teres tengerszint feletti magass\u00e1gban fekszik, sivatagos \u00e9s hegyvid\u00e9ki rezerv\u00e1tumok veszik k\u00f6r\u00fcl. A v\u00e1ros r\u00e1csa ment\u00e9n s\u00edk terep h\u00faz\u00f3dik, amelyet k\u00f6zeli dombok \u00e9s hegyek, mint p\u00e9ld\u00e1ul a Camelback-hegy \u00e9s a Piestewa-cs\u00facs (kb. 725 m\u00e9terrel magasodva a v\u00e1ros f\u00f6l\u00e9) \u00e9s a South Mountain (a vil\u00e1g egyik legnagyobb v\u00e1rosi parkja) tark\u00edtanak. A v\u00e1ros a Sonora-sivatag r\u00e9sze, amelyet saguaro kaktuszok, mesquite f\u00e1k \u00e9s kreozotcserj\u00e9sek jellemeznek.<\/p>\n<p>Az \u00e9ghajlat sivatagos. Phoenix forr\u00f3 nyarair\u00f3l \u00e9s enyhe teleir\u0151l ismert. A ny\u00e1ri nappali maximumok gyakran meghaladj\u00e1k a 43\u00b0C-ot, alacsony p\u00e1ratartalommal. A monszunes\u0151k ny\u00e1ri d\u00e9lut\u00e1nokon \u00e9rkeznek, r\u00f6vid id\u0151re leh\u0171tve \u00e9s t\u00e1pl\u00e1lva a n\u00f6v\u00e9nyzetet. A t\u00e9li napok naposak \u00e9s melegek (15-21\u00b0C), de az \u00e9jszak\u00e1k h\u0171v\u00f6sek lehetnek. \u00d6sszess\u00e9g\u00e9ben Phoenixben \u00e9vente k\u00f6r\u00fclbel\u00fcl 320 naps\u00fct\u00e9ses nap van. Sz\u00e1raz \u00e9ghajlata lehet\u0151v\u00e9 teszi a p\u00e1lmaf\u00e1k vir\u00e1gz\u00e1s\u00e1t (innen ered a n\u00e9v), \u00e9s eg\u00e9sz \u00e9vben tiszta eget biztos\u00edt.<\/p>\n<p>Phoenix eredete v\u00e1ratlanul r\u00e9gi egy nyugati amerikai v\u00e1roshoz k\u00e9pest. 1867-ben Jack Swilling farmer telep\u00edtette le, aki \u00f6nt\u00f6z\u0151csatorn\u00e1kat \u00e9p\u00edtett (az \u0151si Hohokam-csatorna \u00fatvonalait \u00fajra felhaszn\u00e1lva) a sivatag megm\u0171vel\u00e9s\u00e9re. 1881-ben v\u00e1ross\u00e1 nyilv\u00e1n\u00edtott\u00e1k, \u00e9s 1889-ben ter\u00fcleti f\u0151v\u00e1ross\u00e1 v\u00e1lt. A 20. sz\u00e1zad elej\u00e9re a mez\u0151gazdas\u00e1g (gyapot, citrusf\u00e9l\u00e9k, szarvasmarha) domin\u00e1lt \u2013 amit a helyiek a gazdas\u00e1g \u201e\u00f6t C-jek\u00e9nt\u201d emlegettek. A vas\u00fat megjelen\u00e9se (1895) \u00e9s a Sky Harbor rep\u00fcl\u0151t\u00e9r l\u00e9trehoz\u00e1sa (1928) fellend\u00edtette a n\u00f6veked\u00e9st.<\/p>\n<p>A m\u00e1sodik vil\u00e1gh\u00e1bor\u00fa \u00e9s a l\u00e9gkondicion\u00e1l\u00e1s bevezet\u00e9se \u00e1talak\u00edtotta Phoenixet. Egy kisv\u00e1rosb\u00f3l modern v\u00e1ross\u00e1 fejl\u0151d\u00f6tt. A cs\u00facstechnol\u00f3gi\u00e1s v\u00e1llalatok \u00e9s a katonai l\u00e9gib\u00e1zisok kihaszn\u00e1lt\u00e1k az \u00e9ghajlat adta lehet\u0151s\u00e9geket; a h\u00e1bor\u00fa ut\u00e1ni veter\u00e1nok \u00e9s a bev\u00e1ndorl\u00f3k k\u00fclv\u00e1rosi fejleszt\u00e9seket \u00e9p\u00edtettek. Az 1960-as \u00e9vekre Phoenix az egyik leggyorsabban n\u00f6vekv\u0151 amerikai v\u00e1ross\u00e1 v\u00e1lt. A v\u00e1ros adott otthont az 1960-as polg\u00e1rjogi menetel\u00e9snek (Kennedy \u201ekih\u00edv\u00f3 Bull Connor\u201d-j\u00e1t a v\u00f6lgyben mondt\u00e1k). A 20. sz\u00e1zad v\u00e9g\u00e9n belv\u00e1rosi felh\u0151karcol\u00f3k jelentek meg, \u00e9s a v\u00e1ros a szolg\u00e1ltat\u00e1sok \u00e9s a technol\u00f3giai ipar\u00e1gak fel\u00e9 fordult. Ma Phoenix ezt a modernit\u00e1st a vadnyugati \u00f6r\u00f6ks\u00e9g\u00e9re val\u00f3 b\u00fcszkes\u00e9ggel egyens\u00falyozza; a t\u00f6rt\u00e9nelmi parkok a korai nyugati falvak \u00e9s az \u0151slakos amerikai lel\u0151helyek maradv\u00e1nyait \u0151rzik. P\u00e9ld\u00e1ul a belv\u00e1rosban tal\u00e1lhat\u00f3 Pueblo Grande r\u00e9g\u00e9szeti lel\u0151hely Hohokam romokat tartalmaz, amelyek 2000 \u00e9vvel ezel\u0151ttre k\u00f6tik a mai Phoenixet.<\/p>\n<p>Phoenix egy d\u00e9lnyugati v\u00e1rosi mozaik. Az angol nyelv domin\u00e1ns, de a spanyol is gyakran hallhat\u00f3. A v\u00e1ros jellege \u00f6tv\u00f6zi a zord hat\u00e1rvid\u00e9ki gy\u00f6kereket a kozmopolita n\u00f6veked\u00e9ssel. Phoenixben \u00e9rz\u0151dik a \u201emeg tudom csin\u00e1lni\u201d hozz\u00e1\u00e1ll\u00e1s. A v\u00e1ros Amerika-szerte vonzza az \u00fajonnan \u00e9rkez\u0151ket, hozz\u00e1j\u00e1rulva a laza, m\u00e9gis v\u00e1llalkoz\u00f3 szellem\u0171 hangulathoz. A lakosok k\u00f6z\u00f6tt visszafogott bar\u00e1ts\u00e1goss\u00e1g uralkodik \u2013 tal\u00e1n a sivatagi k\u00f6rnyezet k\u00f6z\u00f6s kih\u00edv\u00e1sai miatt.<\/p>\n<p>\u00c9p\u00edt\u00e9szeti \u00e9s kultur\u00e1lis szempontb\u00f3l Phoenix sivatagi k\u00f6rnyezet\u00e9b\u0151l mer\u00edt ihletet. Sz\u00e1mos k\u00f6z\u00f6ss\u00e9gi rendezv\u00e9ny \u00fcnnepli az \u0151slakos amerikai \u00e9s a mexik\u00f3i-amerikai \u00f6r\u00f6ks\u00e9get. A Heard M\u00fazeum p\u00e9ld\u00e1ul az \u0151slakos amerikai m\u0171v\u00e9szetet mutatja be, \u00e9s sz\u00e1mos l\u00e1togat\u00f3t vonz. Az olyan \u00e9ves fesztiv\u00e1lok, mint a Phoenix Open golfverseny, a Phoenix Filmfesztiv\u00e1l \u00e9s a Charro Days\/D\u00eda de los Muertos, a helyi \u00e9rdekl\u0151d\u00e9st t\u00fckr\u00f6zik. A szabadt\u00e9ri \u00e9letm\u00f3d az \u00e9let r\u00e9sze itt: a h\u00e9tv\u00e9g\u00e9k gyakran hegyi \u00f6sv\u00e9nyeken t\u00far\u00e1znak, a sivatagban kempingeznek, vagy golfoznak. N\u00f6veked\u00e9se ellen\u00e9re Phoenix egyes r\u00e9szein m\u00e9g mindig hat\u00e1rvid\u00e9ki hangulatot \u00e1raszt \u2013 t\u00f6bbc\u00e9l\u00fa csatorn\u00e1k h\u00e1l\u00f3zat\u00e1val (ker\u00e9kp\u00e1roz\u00e1shoz), szabadt\u00e9ri bev\u00e1s\u00e1rl\u00f3k\u00f6zpontokkal \u00e9s d\u00e9lnyugati st\u00edlus\u00fa k\u00f6zt\u00e9ri m\u0171v\u00e9szettel rendelkezik. Az \u00e9p\u00edt\u00e9szet ir\u00e1nt is nagy elismer\u00e9s tapasztalhat\u00f3: Frank Lloyd Wright jelenl\u00e9te (a Taliesin Westen, a t\u00e9li komplexum\u00e1n kereszt\u00fcl) egy csipetnyi magas sz\u00ednvonal\u00fa designt k\u00f6lcs\u00f6n\u00f6z a v\u00e1rosnak. Az olyan k\u00f6rny\u00e9keken, mint a Downtown Roosevelt Row, \u00e9l\u00e9nk m\u0171v\u00e9szeti negyedek tal\u00e1lhat\u00f3k falfestm\u00e9nyekkel \u00e9s gal\u00e9ri\u00e1kkal.<\/p>\n<p>Phoenix \u00e9jszakai \u00e9lete is meglepi a l\u00e1togat\u00f3kat: a Camelback Roadon tal\u00e1lhat\u00f3 mini \u201eMelrose District\u201d s\u00f6rf\u0151zd\u00e9ket \u00e9s kis klubokat k\u00edn\u00e1l, m\u00edg Scottsdale (a szomsz\u00e9dos v\u00e1ros) eleg\u00e1ns \u00e9jszakai \u00e9lettel b\u00fcszk\u00e9lkedhet. Az \u00f6sszhat\u00e1s m\u00e9gis nyugodt a nagyobb v\u00e1rosokhoz k\u00e9pest \u2013 egy tipikus este egy sivatagi naplement\u00e9vel v\u00e9gz\u0151dhet saguaro f\u00e1k sziluettjei m\u00f6g\u00f6tt. R\u00f6viden, Phoenix egy modern sivatagi v\u00e1rosnak \u00e9rz\u0151dik: bar\u00e1ts\u00e1gos, naps\u00fct\u00f6tte, \u00e9s a szabadt\u00e9ri \u00e9let, a technol\u00f3giai amb\u00edci\u00f3k \u00e9s a d\u00e9lnyugati \u00f6r\u00f6ks\u00e9g jellemzi.<\/p>\n<p>Phoenix l\u00e1tnival\u00f3i a szabadt\u00e9ri kalandok \u00e9s a sivatagi kult\u00fara fel\u00e9 hajlanak. Ezek k\u00f6z\u00fcl a legfontosabb a Sivatagi Botanikus Kert, egy 140 hekt\u00e1ros \u00e9l\u0151 m\u00fazeum, amely sz\u00e1raz n\u00f6v\u00e9nyeket mutat be. A kert kanyarg\u00f3s \u00f6sv\u00e9nyei \u00e9s sivatagi t\u00e1ja lehet\u0151v\u00e9 teszik a l\u00e1togat\u00f3k sz\u00e1m\u00e1ra, hogy \u00f3ri\u00e1si saguar\u00f3kat, cholla erd\u0151ket \u00e9s vir\u00e1gz\u00f3 sivatagi vadvir\u00e1gokat csod\u00e1ljanak meg. A k\u00f6zeli Papago Park k\u00f6nny\u0171 t\u00far\u00e1kat k\u00edn\u00e1l (Hole-in-the-Rock t\u00fara egy homokk\u0151 kil\u00e1t\u00f3hoz), \u00e9s ad otthont a Phoenixi \u00c1llatkertnek \u00e9s a Jap\u00e1n Bar\u00e1ts\u00e1g Kertj\u00e9nek.<\/p>\n<p>A v\u00e1ros leny\u0171g\u00f6z\u0151 panor\u00e1m\u00e1ja \u00e9rdek\u00e9ben a Camelback-hegy Echo vagy Cholla \u00f6sv\u00e9nyei ikonikusak \u2013 ezekr\u0151l a gerincekr\u0151l az eg\u00e9sz v\u00f6lgy bel\u00e1that\u00f3. Hasonl\u00f3k\u00e9ppen, a South Mountain Park &amp; \u200b\u200bPreserve (a vil\u00e1g egyik legnagyobb v\u00e1rosi parkja) kih\u00edv\u00e1st jelent\u0151 t\u00far\u00e1kat \u00e9s fest\u0151i aut\u00f3utakat k\u00edn\u00e1l a v\u00e1ros d\u00e9li oldala felett. Phoenix eg\u00e9sz \u00e9vben s\u00fct a nap \u00e9s tiszta leveg\u0151je teszi ezeket az oda-vissza t\u00far\u00e1kat kifizet\u0151d\u0151v\u00e9.<\/p>\n<p>A v\u00e1roson bel\u00fcl sz\u00e1mos kultur\u00e1lis helysz\u00edn tal\u00e1lhat\u00f3. A Heard M\u00fazeum orsz\u00e1gosan h\u00edres az \u0151slakos amerikai m\u0171v\u00e9szet\u00e9r\u0151l \u00e9s t\u00e1rgyair\u00f3l; \u00e9vente k\u00f6r\u00fclbel\u00fcl negyedmilli\u00f3 l\u00e1togat\u00f3t vonz. Egy m\u00e1sik egyed\u00fcl\u00e1ll\u00f3 m\u00fazeum a Hangszerm\u00fazeum (2010-ben ny\u00edlt meg) \u2013 t\u00f6bb mint 15 000 hangszert \u0151riz a vil\u00e1g minden t\u00e1j\u00e1r\u00f3l, \u00edgy a vil\u00e1g legnagyobb ilyen jelleg\u0171 gy\u0171jtem\u00e9nye. A t\u00f6rt\u00e9nelem szerelmesei ell\u00e1togathatnak a Pueblo Grande romokhoz \u00e9s az Arizona Capitol M\u00fazeumhoz (amely az 1901-es ter\u00fcleti capitoliumon tal\u00e1lhat\u00f3). A m\u0171v\u00e9szetkedvel\u0151k a Phoenix M\u0171v\u00e9szeti M\u00fazeumban (a d\u00e9lnyugat legnagyobb vizu\u00e1lis m\u0171v\u00e9szeti gy\u0171jtem\u00e9ny\u00e9ben) t\u00f6ltenek id\u0151t, \u00e9s megn\u00e9zhetik a k\u00f6zt\u00e9ri m\u0171alkot\u00e1sokat, mint p\u00e9ld\u00e1ul Janet Echelman \u201eA titka a t\u00fcrelem\u201d c\u00edm\u0171 h\u00e1l\u00f3szobr\u00e1t a Civic Space Park felett.<\/p>\n<p>A sport \u00e9s a sz\u00f3rakoz\u00e1s is f\u0151 attrakci\u00f3. A phoenixi MLB Diamondbacks, az NBA Suns \u00e9s az NFL Cardinals csapatai nagy vonzer\u0151vel b\u00edrnak a szezonban. Az Arizona Science Center and Children&#039;s Museum (az orsz\u00e1g egyik legjobb gyermekm\u00fazeuma) sz\u00f3rakoztatja a csal\u00e1dokat. A szezon\u00e1lis esem\u00e9nyek k\u00f6z\u00e9 tartoznak a Fiesta Bowl futballm\u00e9rk\u0151z\u00e9sek, a Phoenix Raceway-en rendezett NASCAR-futamok \u00e9s a Phoenix Open golfverseny. R\u00f6viden, Phoenix kihagyhatatlan l\u00e1tnival\u00f3i k\u00f6z\u00e9 tartozik a sivatagi parkok, a kultur\u00e1lis int\u00e9zm\u00e9nyek \u00e9s a sz\u00f3rakoztat\u00f3 kikapcsol\u00f3d\u00e1s kever\u00e9ke: gondoljon egy reggelre a botanikus kertben, egy d\u00e9lut\u00e1ni t\u00far\u00e1ra, \u00e9s egy est\u00e9re egy tet\u0151t\u00e9ri b\u00e1rban, mik\u00f6zben a v\u00e1ros f\u00e9nyeit n\u00e9zi.<\/p>\n<p>Phoenix f\u0151 rep\u00fcl\u0151tere a Phoenix Sky Harbor Nemzetk\u00f6zi Rep\u00fcl\u0151t\u00e9r (PHX), amely k\u00f6zponti helyen tal\u00e1lhat\u00f3, \u00e9s minden nagyobb l\u00e9git\u00e1rsas\u00e1got kiszolg\u00e1l. K\u00f6zvetlen\u00fcl kapcsol\u00f3dik a legt\u00f6bb amerikai v\u00e1roshoz \u00e9s sz\u00e1mos nemzetk\u00f6zi csom\u00f3ponthoz. A Sky Harbor az orsz\u00e1g egyik legforgalmasabb rep\u00fcl\u0151tere, \u00e9s sz\u00e9lesk\u00f6r\u0171 szolg\u00e1ltat\u00e1sokkal rendelkezik. Ezenk\u00edv\u00fcl a v\u00e1rosban tal\u00e1lhat\u00f3 egy kelet-nyugati ir\u00e1ny\u00fa f\u0151\u00fatvonal (I-10), egy \u00e9szak-d\u00e9li ir\u00e1ny\u00fa I-17, valamint az US 60 \u00e9s 51 aut\u00f3p\u00e1lya, amely \u00e1tszeli a v\u00e1rost. Phoenix kiv\u00e1l\u00f3 k\u00f6z\u00fati kapcsolatokkal rendelkezik, de a sof\u0151r\u00f6knek fel kell k\u00e9sz\u00fclni\u00fck a forr\u00f3 id\u0151j\u00e1r\u00e1sra \u00e9s a cs\u00facsforgalmas aut\u00f3p\u00e1ly\u00e1kon tapasztalhat\u00f3 nagy forgalomra (k\u00fcl\u00f6n\u00f6sen az I-10-es cs\u00facsforgalm\u00e1ban). A vas\u00fati utasok sz\u00e1m\u00e1ra az Amtraknak van egy belv\u00e1rosi \u00e1llom\u00e1sa (a Phoenixi \u00e1llom\u00e1s), ahonnan Los Angelesbe \u00e9s Chicag\u00f3ba is indulnak j\u00e1ratok, b\u00e1r a menetrend korl\u00e1tozott. Intercity buszok (Greyhound, Flixbus) is k\u00f6zlekednek Phoenixben.<\/p>\n<p>Phoenix nagyon aut\u00f3orient\u00e1lt. A v\u00e1ros alaprajza t\u00e1gas, a t\u00f6megk\u00f6zleked\u00e9s pedig m\u00e9ret\u00e9hez k\u00e9pest korl\u00e1tozott. A Valley Metro buszokat \u00fczemeltet a nagyv\u00e1rosi ter\u00fcleten, \u00e9s egy k\u00f6nny\u0171vas\u00fati vonalat a belv\u00e1roson \u00e9s a Midtownon kereszt\u00fcl. A k\u00f6nny\u0171vas\u00fat jelenleg 38 m\u00e9rf\u00f6ldet tesz meg \u00c9szak-Phoenixt\u0151l a belv\u00e1roson \u00e1t Mes\u00e1ig; tov\u00e1bbi vonalakat terveznek. A munkav\u00e1llal\u00f3k kevesebb mint 4%-a haszn\u00e1l t\u00f6megk\u00f6zleked\u00e9st, \u00edgy a legt\u00f6bb l\u00e1togat\u00f3 aut\u00f3t b\u00e9rel vagy telekocsit haszn\u00e1l. Egyes k\u00f6rny\u00e9kek (belv\u00e1ros, Encanto ker\u00fclet, Roosevelt Row) gyalogosan is k\u00f6nnyen megk\u00f6zel\u00edthet\u0151k, \u00e9s sok sz\u00e1lloda ingyenes transzfert k\u00edn\u00e1l a k\u00f6zeli l\u00e1tnival\u00f3khoz. Vezet\u00e9s k\u00f6zben \u00fcgyeljen a ker\u00e9kp\u00e1rosokra \u00e9s motorosokra; Phoenixben sok van bel\u0151l\u00fck, k\u00fcl\u00f6n\u00f6sen h\u00e9tv\u00e9g\u00e9n.<\/p>\n<p>Az amerikai doll\u00e1r a fizet\u0151eszk\u00f6z, az angol az els\u0151dleges (a spanyol is gyakori, tekintettel a nagysz\u00e1m\u00fa spanyol ajk\u00fa k\u00f6z\u00f6ss\u00e9gre). A borraval\u00f3 (15\u201320%) szabv\u00e1nyos. Az \u00f6lt\u00f6zk\u00f6d\u00e9snek t\u00fckr\u00f6znie kell a h\u0151s\u00e9get: m\u00e9g t\u00e9len is k\u00e9nyelmesek a k\u00f6nny\u0171 r\u00e9tegek; ny\u00e1ron viseljen napv\u00e9d\u0151 ruh\u00e1zatot, kalapot \u00e9s napszem\u00fcveget. Hozzon mag\u00e1val \u00fajrafelhaszn\u00e1lhat\u00f3 vizes palackot \u2013 a kisz\u00e1rad\u00e1s vesz\u00e9lyt jelent. Phoenix meglehet\u0151sen biztons\u00e1gos a turisztikai \u00e9s \u00fczleti negyedekben; az I-17-es aut\u00f3p\u00e1ly\u00e1t\u00f3l d\u00e9lre vagy nyugatra fekv\u0151 k\u00f6rny\u00e9kek bizonytalanabbak lehetnek, k\u00fcl\u00f6n\u00f6sen s\u00f6t\u00e9ted\u00e9s ut\u00e1n, ez\u00e9rt a l\u00e1togat\u00f3knak a v\u00e1ros forgalmas r\u00e9szein kell maradniuk. A vadon \u00e9l\u0151 \u00e1llatok (cs\u00f6rg\u0151k\u00edgy\u00f3k, skorpi\u00f3k) a sivatagi parkokban \u00e9lnek \u2013 r\u00e1zza ki a cip\u0151j\u00e9t, \u00e9s ellen\u0151rizze a s\u00e1trak padl\u00f3j\u00e1t kempingez\u00e9skor. Azt is vegye figyelembe, hogy Arizon\u00e1ban szigor\u00fa t\u00f6rv\u00e9nyek vannak a h\u0151s\u00e9ggel kapcsolatban: soha ne hagyjon gyermekeket vagy h\u00e1zi\u00e1llatokat parkol\u00f3 aut\u00f3ban. V\u00e9g\u00fcl, Phoenixben er\u0151s aut\u00f3s kult\u00fara van, de ne feledkezzen meg a t\u00f6bbi helyi lakosr\u00f3l az \u00faton \u2013 mindig indexeljen, engedje meg a forgalmi dug\u00f3kat, \u00e9s legyen k\u00fcl\u00f6n\u00f6sen \u00f3vatos a kanyarg\u00f3s hegyi utakon, mint p\u00e9ld\u00e1ul a South Mountain Drive. Ezekkel az \u00f3vint\u00e9zked\u00e9sekkel a l\u00e1togat\u00f3k Phoenixet bar\u00e1ts\u00e1gos \u00e9s k\u00f6nnyen felfedezhet\u0151 v\u00e1rosnak tal\u00e1lj\u00e1k aut\u00f3val vagy gyalogosan.<a href=\"https:\/\/travelshelper.com\/hu\/uticelok\/eszak-amerika\/amerikai-egyesult-allamok\/berkeley-springs\/\" target=\"_self\" aria-labelledby=\"uael-post-8997\"><br \/>\n<\/a><\/p>","protected":false},"excerpt":{"rendered":"<p>Phoenix az Egyes\u00fclt \u00c1llamok Arizona \u00e1llam\u00e1nak f\u0151v\u00e1rosa \u00e9s egyben legn\u00e9pesebb v\u00e1rosa, 2020-as adatok szerint 1 608 139 lakossal. Ezzel az Egyes\u00fclt \u00c1llamok \u00f6t\u00f6dik legn\u00e9pesebb v\u00e1rosa \u00e9s az orsz\u00e1g legn\u00e9pesebb \u00e1llamf\u0151v\u00e1rosa. Phoenix jelent\u0151s\u00e9ge t\u00falmutat a telep\u00fcl\u00e9sek hat\u00e1rain; a phoenixi nagyv\u00e1rosi ter\u00fclet k\u00f6zpontja, amelyet n\u00e9ha a Nap-v\u00f6lgyk\u00e9nt is emlegetnek. K\u00f6zel 4,85 milli\u00f3 lakos\u00e1val ez a nagyv\u00e1rosi ter\u00fclet az Egyes\u00fclt \u00c1llamok d\u00e9lnyugati r\u00e9sz\u00e9nek legn\u00e9pesebb 2020-as adatai szerint. Az Egyes\u00fclt \u00c1llamok legnagyobb nagyv\u00e1rosi r\u00e9gi\u00f3j\u00e1nak, a Salt River Valley \u00e9s az Arizona Sun Corridornak a r\u00e9sze.<\/p>","protected":false},"author":1,"featured_media":4624,"parent":8072,"menu_order":0,"comment_status":"closed","ping_status":"closed","template":"elementor_theme","meta":{"_eb_attr":"","footnotes":""},"class_list":["post-8325","page","type-page","status-publish","has-post-thumbnail"],"_links":{"self":[{"href":"https:\/\/travelshelper.com\/hu\/wp-json\/wp\/v2\/pages\/8325","targetHints":{"allow":["GET"]}}],"collection":[{"href":"https:\/\/travelshelper.com\/hu\/wp-json\/wp\/v2\/pages"}],"about":[{"href":"https:\/\/travelshelper.com\/hu\/wp-json\/wp\/v2\/types\/page"}],"author":[{"embeddable":true,"href":"https:\/\/travelshelper.com\/hu\/wp-json\/wp\/v2\/users\/1"}],"replies":[{"embeddable":true,"href":"https:\/\/travelshelper.com\/hu\/wp-json\/wp\/v2\/comments?post=8325"}],"version-history":[{"count":0,"href":"https:\/\/travelshelper.com\/hu\/wp-json\/wp\/v2\/pages\/8325\/revisions"}],"up":[{"embeddable":true,"href":"https:\/\/travelshelper.com\/hu\/wp-json\/wp\/v2\/pages\/8072"}],"wp:featuredmedia":[{"embeddable":true,"href":"https:\/\/travelshelper.com\/hu\/wp-json\/wp\/v2\/media\/4624"}],"wp:attachment":[{"href":"https:\/\/travelshelper.com\/hu\/wp-json\/wp\/v2\/media?parent=8325"}],"curies":[{"name":"wp","href":"https:\/\/api.w.org\/{rel}","templated":true}]}}