{"id":8312,"date":"2024-09-03T14:51:45","date_gmt":"2024-09-03T14:51:45","guid":{"rendered":"https:\/\/travelshelper.com\/staging\/?page_id=8312"},"modified":"2026-03-13T18:08:17","modified_gmt":"2026-03-13T18:08:17","slug":"filadelfia","status":"publish","type":"page","link":"https:\/\/travelshelper.com\/hu\/destinations\/north-america\/united-states\/philadelphia\/","title":{"rendered":"Filadelfia"},"content":{"rendered":"<p>Philadelphia egy jelent\u0151s amerikai metropolisz t\u00f6rt\u00e9nelmi m\u00falttal. Lakoss\u00e1ga 2020-ban 1 603 797 f\u0151 volt, amivel az Egyes\u00fclt \u00c1llamok hatodik legnagyobb v\u00e1rosa. A t\u00e1gabb agglomer\u00e1ci\u00f3 t\u00f6bb mint 6,2 milli\u00f3 lakost sz\u00e1ml\u00e1l, amely Kelet-Pennsylvani\u00e1t, D\u00e9l-New Jersey-t \u00e9s Delaware-t foglalja mag\u00e1ban. Philadelphia gazdas\u00e1ga jelent\u0151s: a nagyv\u00e1rosi brutt\u00f3 hazai term\u00e9k (GDP) 2022-ben meghaladta az 518 milli\u00e1rd doll\u00e1rt. A v\u00e1ros soksz\u00edn\u0171: a lakosok k\u00f6r\u00fclbel\u00fcl 39%-a fekete\/afroamerikai, \u00e9s nagyj\u00e1b\u00f3l 15%-a spanyol\/latin-amerikai sz\u00e1rmaz\u00e1s\u00fanak vallja mag\u00e1t. A feln\u0151ttek k\u00f6zel 35%-a rendelkezik alapk\u00e9pz\u00e9ssel vagy magasabb v\u00e9gzetts\u00e9ggel, ami a v\u00e1ros sz\u00e1mos f\u0151iskol\u00e1j\u00e1t \u00e9s egyetem\u00e9t t\u00fckr\u00f6zi. A h\u00e1ztart\u00e1sok medi\u00e1nj\u00f6vedelme 52 900 doll\u00e1r k\u00f6r\u00fcl mozog, a philadelphiaiak mintegy 22,8%-a \u00e9l a szeg\u00e9nys\u00e9gi k\u00fcsz\u00f6b alatt.<\/p>\n<p>Philadelphia gazdas\u00e1g\u00e1t a p\u00e9nz\u00fcgy, az oktat\u00e1s \u00e9s az eg\u00e9szs\u00e9g\u00fcgy alapozza meg, foglalkoztat\u00e1si k\u00f6zpontokkal az University City campus\u00e1n, a k\u00f6zponti \u00fczleti negyedben \u00e9s a n\u00f6vekv\u0151 technol\u00f3giai \u00e9s startup szektorban. Emellett kultur\u00e1lis \u00e9s turisztikai k\u00f6zpont is; 2016-ban a v\u00e1ros becsl\u00e9sek szerint 42 milli\u00f3 belf\u00f6ldi l\u00e1togat\u00f3t vonzott. Az elm\u00falt \u00e9vekben Philadelphia lakoss\u00e1ga szer\u00e9ny m\u00e9rt\u00e9kben fellend\u00fclt, \u00e9vtizedekig tart\u00f3 hanyatl\u00e1s ut\u00e1n \u2013 a v\u00e1rostervez\u0151k megjegyzik, hogy v\u00e1rosi s\u0171r\u0171s\u00e9ge \u00e9s k\u00f6zponti szerepe az \u00e9szakkeleti r\u00e9gi\u00f3ban tart\u00f3s jelent\u0151s\u00e9ggel b\u00edr az iparban \u00e9s a kult\u00far\u00e1ban.<\/p>\n<p>Philadelphia az Egyes\u00fclt \u00c1llamok k\u00f6z\u00e9p-atlanti r\u00e9gi\u00f3j\u00e1ban tal\u00e1lhat\u00f3, Pennsylvania d\u00e9lkeleti r\u00e9sz\u00e9n, a Delaware foly\u00f3 partj\u00e1n. K\u00f6r\u00fclbel\u00fcl 32 kilom\u00e9terre fekszik a Delaware-\u00f6b\u00f6lt\u0151l \u00e9s 160 kilom\u00e9terre az Atlanti-\u00f3ce\u00e1nt\u00f3l, egy sz\u00e9les parti s\u00edks\u00e1gon, k\u00f6zvetlen\u00fcl az atlanti partt\u00f3l nyugatra. A v\u00e1ros terepe \u00e1ltal\u00e1ban s\u00edk, de a k\u00f6zpontt\u00f3l nyugatra dombokba emelkedik, bele\u00e9rtve a Wissahickon-szurdokot \u00e9s a Cobbs Creek Park legmagasabb pontj\u00e1t (~147 m\u00e9ter). \u00c9szaknyugatra fekszik az alacsony Pocono-hegys\u00e9g, nyugatra pedig az Appalache-hegys\u00e9g emelkedik.<\/p>\n<p>\u00c9ghajlatilag Philadelphia egy nedves szubtr\u00f3pusi z\u00f3na sz\u00e9l\u00e9n fekszik. A ny\u00e1r jellemz\u0151en forr\u00f3 \u00e9s p\u00e1r\u00e1s, gyakori zivatarokkal, m\u00edg a telek m\u00e9rs\u00e9kelten hidegek, id\u0151nk\u00e9nt havaz\u00e1ssal. Az \u0151sz \u00e9s a tavasz \u00e1ltal\u00e1ban enyhe, kellemes, de v\u00e1ltoz\u00e9kony is lehet. A v\u00e1rosban \u00e9vente k\u00f6r\u00fclbel\u00fcl 2500 naps\u00fct\u00e9ses \u00f3ra van. A Delaware \u00e9s a Schuylkill foly\u00f3k folynak \u00e1t a v\u00e1roson, \u00e9s a foly\u00f3parton fekv\u0151 Fairmount Park az orsz\u00e1g egyik legnagyobb v\u00e1rosi parkrendszere. Philadelphia elhelyezked\u00e9se \u2013 egy nagy \u00e9szakkeleti folyami kik\u00f6t\u0151 \u00e9s egy korai orsz\u00e1gos f\u0151v\u00e1ros \u2013 t\u00f6rt\u00e9nelmileg k\u00f6zleked\u00e9si keresztez\u0151d\u00e9ss\u00e9 tette, \u00e9s ma is az Amtrak \u00e9szakkeleti folyos\u00f3j\u00e1nak \u00e9s az \u00e1llamk\u00f6zi aut\u00f3p\u00e1lya-rendszernek (I-95, I-76) a k\u00f6zpontja.<\/p>\n<p>Philadelphia t\u00f6rt\u00e9nelme alapvet\u0151 fontoss\u00e1g\u00fa az Egyes\u00fclt \u00c1llamok sz\u00e1m\u00e1ra. Az angol kv\u00e9ker, William Penn \u00e1ltal 1682-ben alap\u00edtott v\u00e1rost \u201ez\u00f6ld vid\u00e9ki v\u00e1rosk\u00e9nt\u201d tervezt\u00e9k, amely vall\u00e1si toleranci\u00e1j\u00e1r\u00f3l \u00e9s rendezett utc\u00e1ir\u00f3l volt ismert. A gyarmati id\u0151kben Pennsylvania tartom\u00e1ny f\u0151v\u00e1rosa lett. Ahogy a fesz\u00fclts\u00e9gek Nagy-Britanni\u00e1val n\u0151ttek, Philadelphia az amerikai forradalom k\u00f6zpontj\u00e1v\u00e1 v\u00e1lt. A v\u00e1ros adott otthont az Els\u0151 \u00e9s a M\u00e1sodik Kontinent\u00e1lis Kongresszusnak, \u00e9s az orsz\u00e1g alap\u00edt\u00f3 aty\u00e1inak tal\u00e1lkoz\u00f3helye volt. 1776 j\u00falius\u00e1ban Philadelphia F\u00fcggetlens\u00e9gi Csarnok\u00e1ban vitatt\u00e1k meg \u00e9s fogadt\u00e1k el a F\u00fcggetlens\u00e9gi Nyilatkozatot. A v\u00e1ros r\u00f6vid ideig a fiatal k\u00f6zt\u00e1rsas\u00e1g f\u0151v\u00e1rosak\u00e9nt szolg\u00e1lt az 1780-as \u00e9vekben, \u00e9s itt fogalmazt\u00e1k meg \u00e9s \u00edrt\u00e1k al\u00e1 az Egyes\u00fclt \u00c1llamok alkotm\u00e1ny\u00e1t 1787-ben.<\/p>\n<p>A 19. sz\u00e1zadban \u00e9s a 20. sz\u00e1zad elej\u00e9n Philadelphia gyorsan terjeszkedett ipari \u00e9s kik\u00f6t\u0151v\u00e1rosk\u00e9nt. 19. sz\u00e1zadi gazdags\u00e1g\u00e1t a viktori\u00e1nus k\u00fari\u00e1k, a v\u00e1rosi eml\u00e9km\u0171vek \u00e9s a Benjamin Franklin Parkway n\u00e9ven ismert, f\u00e1kkal szeg\u00e9lyezett sug\u00e1r\u00fat (a Champs-\u00c9lys\u00e9es mint\u00e1j\u00e1ra) is bizony\u00edtja. A v\u00e1ros a textilipar, a nyomdaipar, a haj\u00f3gy\u00e1rt\u00e1s \u00e9s k\u00e9s\u0151bb a gy\u00e1rt\u00e1s k\u00f6zpontja volt. Emellett az oktat\u00e1s \u00e9s az orvostudom\u00e1ny k\u00f6zpontja is volt (korai amerikai orvosi iskol\u00e1knak \u00e9s k\u00f3rh\u00e1zaknak adott otthont). A 20. sz\u00e1zad k\u00f6zep\u00e9re Philadelphia n\u00e9pess\u00e9ge el\u00e9rte a cs\u00facsot, majd cs\u00f6kkent az ipar v\u00e1ltoz\u00e1s\u00e1val, de t\u00f6rt\u00e9nelmi negyedei (\u00d3v\u00e1ros, Rittenhouse t\u00e9r) megmaradtak. Ma Philadelphia olyan nevezetess\u00e9gekkel tiszteli gyarmati \u00f6r\u00f6ks\u00e9g\u00e9t, mint a Szabads\u00e1g Harangja \u00e9s a F\u00fcggetlens\u00e9g Csarnoka (mindkett\u0151 UNESCO Vil\u00e1g\u00f6r\u00f6ks\u00e9gi helysz\u00edn), \u00e9s ezt az \u00f6r\u00f6ks\u00e9get nemzeti m\u00fazeumokban \u00e9s \u00e9ves fesztiv\u00e1lokon \u00fcnnepli.<\/p>\n<p>A modern Philadelphia a v\u00e1rosr\u00e9szek sz\u00f6vev\u00e9nye, mindegyiknek megvan a maga jellegzetess\u00e9ge. T\u00f6bb mint egy tucat etnikai csoport form\u00e1lta a v\u00e1rost: olasz-amerikaiak D\u00e9l-Philadelphi\u00e1ban, \u00edrek \u00c9szakkelet-Philadelphi\u00e1ban, zsid\u00f3 k\u00f6z\u00f6ss\u00e9gek Nyugat-Philadelphi\u00e1ban, nagy afroamerikai \u00f6r\u00f6ks\u00e9g\u0171 v\u00e1rosr\u00e9szek \u00c9szak- \u00e9s Nyugat-Philadelphi\u00e1ban, valamint egy \u00e9l\u00e9nk puerto ric\u00f3i\/latin k\u00f6z\u00f6ss\u00e9g a v\u00e1ros \u201e\u00e9szakkeleti\u201d \u00e9s d\u00e9lnyugati r\u00e9sz\u00e9n. (Ma a v\u00e1ros lakoss\u00e1g\u00e1nak nagyj\u00e1b\u00f3l 41%-a fekete, 34%-a feh\u00e9r \u00e9s 15%-a spanyol ajk\u00fa.) Az angol nyelv domin\u00e1l, de a spanyolt is sz\u00e9les k\u00f6rben besz\u00e9lik (a lakosok t\u00f6bb mint 10%-a besz\u00e9l otthon spanyolul).<\/p>\n<p>A v\u00e1ros hangulata egyszerre nyers \u00e9s szenved\u00e9lyes. A philadelphiaiak k\u00f6zismerten egyenesek \u2013 b\u00fcszk\u00e9k v\u00e1rosuk ellen\u00e1ll\u00f3 k\u00e9pess\u00e9g\u00e9re. A mindennapi \u00e9letben gyakran \u00e9rz\u0151dik az ember bar\u00e1ti kem\u00e9nys\u00e9g: a helyiek hangosan szurkolnak az Eagles (NFL), Phillies (MLB), 76ers (NBA) \u00e9s Flyers (NHL) csapatainak, \u00e9s k\u00f6nnyed\u00e9n veszik a rivaliz\u00e1l\u00e1st (k\u00fcl\u00f6n\u00f6sen a szomsz\u00e9dos New Yorkkal \u00e9s Washingtonnal szemben). A v\u00e1ros utc\u00e1in az emberek c\u00e9ltudatosan s\u00e9t\u00e1lnak; a t\u00f6rt\u00e9nelmi v\u00f6r\u00f6s t\u00e9gl\u00e1s \u00e9p\u00fcletek modern felh\u0151karcol\u00f3k mellett \u00e1llnak. Az \u00e9tkez\u00e9si kult\u00fara a mindennapi \u00e9let sarokk\u00f6ve. A lakosok \u00e9s a l\u00e1togat\u00f3k gyors\u00e9teleket fogyasztanak, mint p\u00e9ld\u00e1ul a sajtos steak, a hoagie \u00e9s a puha perec a piaci standokon. A belv\u00e1rosi Reading Terminal Market eklektikus t\u00f6meggel pezseg, akik amis pit\u00e9ket, k\u00f6zel-keleti falafeleket, indiai curryket vagy zsid\u00f3 bageleket ragadnak magukkal \u2013 igazi \u00ednyenc l\u00e1tnival\u00f3. A m\u0171v\u00e9szeti \u00e9let \u00e9l\u00e9nk: olyan jelent\u0151s int\u00e9zm\u00e9nyek, mint a Philadelphia Museum of Art (h\u00edres a \u201eRocky steps\u201d-\u00e9r\u0151l), a Barnes Foundation, a Franklin Institute \u00e9s sz\u00e1mtalan gal\u00e9ria szeg\u00e9lyezik a Benjamin Franklin Parkway-t.<\/p>\n<p>A k\u00f6rny\u00e9kbeli fesztiv\u00e1lok \u00e9s rendezv\u00e9nyek kiemelik a v\u00e1ros soksz\u00edn\u0171s\u00e9g\u00e9t. Ny\u00e1ron etnikai utcai fesztiv\u00e1lokat (Olasz Piacfesztiv\u00e1l, Karibi J&#039;ouvert) \u00e9s j\u00falius 4-i \u00fcnneps\u00e9geket rendeznek a Delaware foly\u00f3 partj\u00e1n. Az \u00faj\u00e9v napj\u00e1n megrendezett \u00e9ves Mummers Parade (tollas jelmezekkel \u00e9s menetel\u0151 zenekarokkal) Philadelphia jellegzetess\u00e9ge. M\u00e9rete ellen\u00e9re Philadelphia er\u0151s helyi hangulatot \u00e1raszt: sarki \u00e9tkezd\u00e9k, b\u00fcszke fodr\u00e1szatok \u00e9s falfestm\u00e9nyek (a v\u00e1rosban sz\u00f3 szerint t\u00f6bb ezer tal\u00e1lhat\u00f3 bel\u0151l\u00fck). A meleg nyarak \u00e9s az enyhe tavaszok\/\u0151sz\u00f6k idej\u00e9n a t\u00e1rsas\u00e1gi \u00e9let nagy r\u00e9sze a szabadban zajlik \u2013 verandal\u00e9pcs\u0151k\u00f6n, sarki kocsm\u00e1kban \u00e9s naps\u00fct\u00f6tte parkokban. Ugyanakkor a v\u00e1ros gazdag ipari gy\u00f6kereinek k\u00f6sz\u00f6nhet\u0151en a munkamor\u00e1l is f\u00f6ldh\u00f6zragadt. R\u00f6viden, Philadelphia \u201ehangulata\u201d v\u00e1rosi \u00e9s t\u00f6rt\u00e9nelmi, \u00f6tv\u00f6zve a r\u00e9gi vil\u00e1g b\u00e1j\u00e1t a fizikai munk\u00e1sok hiteless\u00e9g\u00e9vel.<\/p>\n<p>Philadelphia gazdag l\u00e1tnival\u00f3kban, amelyek \u00e1tfogj\u00e1k t\u00f6rt\u00e9nelm\u00e9t \u00e9s kult\u00far\u00e1j\u00e1t. A k\u00f6zpont az \u00f3v\u00e1rosban tal\u00e1lhat\u00f3 F\u00fcggetlens\u00e9gi Nemzeti T\u00f6rt\u00e9nelmi Park. Itt \u00e1ll a F\u00fcggetlens\u00e9gi Csarnok \u00e9s a Szabads\u00e1g Harangja, ahol az orsz\u00e1g alap\u00edt\u00f3i gy\u0171ltek \u00f6ssze. A l\u00e1togat\u00f3k megtekinthetik azt a gy\u0171l\u00e9stermet, ahol mind a Nyilatkozatot, mind az Alkotm\u00e1nyt al\u00e1\u00edrt\u00e1k. A k\u00f6zelben olyan gyarmati kori helysz\u00ednek tal\u00e1lhat\u00f3k, mint a Kongresszusi Csarnok \u00e9s Betsy Ross h\u00e1za, amelyek a forradalmi t\u00f6rt\u00e9netet \u0151rzik. Csak n\u00e9h\u00e1ny h\u00e1zt\u00f6mbnyire modern l\u00e1tnival\u00f3k b\u0151velkednek.<\/p>\n<p>A Benjamin Franklin Parkway-n \u2013 melyet gyakran \u201ePhilly m\u00fazeumi m\u00e9rf\u00f6ldj\u00e9nek\u201d is neveznek \u2013 jelent\u0151s kultur\u00e1lis int\u00e9zm\u00e9nyek sorakoznak. Itt tal\u00e1lhat\u00f3 a Philadelphia M\u0171v\u00e9szeti M\u00fazeum (a v\u00e1ros falfestm\u00e9nyeinek kapuja \u00e9s a h\u00edres Rocky-szobor otthona) \u00e9s a Barnes Alap\u00edtv\u00e1ny (h\u00edres m\u0171v\u00e9szeti gy\u0171jtem\u00e9ny). A tudom\u00e1nyos \u00e9s t\u00f6rt\u00e9nelmi m\u00fazeumok (Franklin Int\u00e9zet, Nemzeti Alkotm\u00e1nyk\u00f6zpont, az \u00faj Amerikai Forradalom M\u00fazeuma) oktat\u00e1si c\u00e9lpontokat k\u00edn\u00e1lnak. Szint\u00e9n ezen a k\u00f6rny\u00e9ken tal\u00e1lhat\u00f3 a fel\u00faj\u00edtott Keleti \u00c1llami B\u00fcntet\u00e9s-v\u00e9grehajt\u00e1si Int\u00e9zet (g\u00f3tikus b\u00f6rt\u00f6nrom), amely k\u00eds\u00e9rteties betekint\u00e9st ny\u00fajt a 19. sz\u00e1zadi beb\u00f6rt\u00f6nz\u00e9sek vil\u00e1g\u00e1ba. Az \u00ednyenceknek a Reading Terminal Market (egy fedett \u00e9lelmiszerbaz\u00e1r egy 19. sz\u00e1zadi vas\u00fati f\u00e9szerben) kihagyhatatlan l\u00e1tnival\u00f3 \u2013 Amerika legjobb \u00e9lelmiszerpiacai k\u00f6z\u00e9 sorolj\u00e1k.<\/p>\n<p>Philadelphia foly\u00f3partjai \u00e9l\u00e9nk k\u00f6zterekk\u00e9 \u00fajj\u00e1sz\u00fclettek. A Delaware foly\u00f3 partj\u00e1n tal\u00e1lhat\u00f3 Spruce Street Harbor Park f\u00fcgg\u0151\u00e1gyakkal, \u00e9tel\u00e1rus\u00edt\u00f3kkal \u00e9s ny\u00e1ri rendezv\u00e9nyekkel v\u00e1rja a l\u00e1togat\u00f3kat. A Schuylkill foly\u00f3 partj\u00e1n a Schuylkill Banks s\u00e9t\u00e1ny \u00e9s kajak-cs\u00f3nakok fitnesz- \u00e9s szabadid\u0151s tev\u00e9kenys\u00e9geket k\u00edn\u00e1lnak. A t\u00f6rt\u00e9nelmi Fairmount Park (az orsz\u00e1g egyik legnagyobb v\u00e1rosi parkja) kilom\u00e9tereken \u00e1t h\u00faz\u00f3d\u00f3 \u00f6sv\u00e9nyeket, t\u00f6rt\u00e9nelmi k\u00fari\u00e1kat (mint p\u00e9ld\u00e1ul a Betsy Ross-h\u00e1z \u00e9s a Fairmount V\u00edzm\u0171vek) \u00e9s a m\u00e9lt\u00e1n elismert Philadelphia \u00c1llatkertet foglal mag\u00e1ban.<\/p>\n<p>A mindennapi \u00f6r\u00f6m\u00f6k is vonzer\u0151t jelentenek: egy grillezett sajtos steak stand vagy egy p\u00e9ks\u00e9g kirakata, a k\u00f6rny\u00e9k falaira festett sz\u00ednes falfestm\u00e9nyek (Philadelphia a vil\u00e1g \u201efalfestm\u00e9ny-f\u0151v\u00e1rosak\u00e9nt\u201d ismert), vagy a Fourth Street olasz piac (Amerika legr\u00e9gebbi szabadt\u00e9ri piaca). A sportrajong\u00f3k id\u0151z\u00edthetik a l\u00e1togat\u00e1st egy Eagles, Phillies vagy Sixers meccshez, hogy megtapasztalj\u00e1k a helyi szellemet. T\u00e9len a Blue Cross RiverRink egy szezon\u00e1lis j\u00e9gp\u00e1lya a foly\u00f3 mellett, ahol t\u0171zij\u00e1t\u00e9kot rendeznek a Benjamin Franklin h\u00edd felett.<\/p>\n<p>Philadelphia k\u00f6nnyen megk\u00f6zel\u00edthet\u0151. F\u0151 rep\u00fcl\u0151tere a Philadelphia International (PHL), egy nagy csom\u00f3pont, amely nemzetk\u00f6zi \u00e9s belf\u00f6ldi j\u00e1ratokat ind\u00edt. Vonattal a 30th Street Station a v\u00e1ros nagy Amtrak csom\u00f3pontja, az orsz\u00e1g harmadik legforgalmasabbja, gyakori j\u00e1ratokkal New Yorkba, Washingtonba \u00e9s azon t\u00falra. Az I-95-\u00f6s (\u00e9szakkelet-d\u00e9lnyugati) \u00e9s az I-76-os (nyugat fel\u00e9 Pittsburghig) \u00e1llamk\u00f6zi aut\u00f3p\u00e1ly\u00e1k a v\u00e1ros k\u00f6zel\u00e9ben futnak, de aut\u00f3val fel kell k\u00e9sz\u00fclni a v\u00e1rosi forgalmi torl\u00f3d\u00e1sokra \u00e9s a fizet\u0151s hidakra. Region\u00e1lis utaz\u00e1shoz a New Jersey-i PATCO Speedline (metr\u00f3) \u00e9s az NJ Transit vonatok k\u00f6tik \u00f6ssze Philadelphi\u00e1t Atlantic Cityvel \u00e9s a helyi NJ k\u00fclv\u00e1rosokkal.<\/p>\n<p>Philadelphia belv\u00e1rosa (Center City) kompakt \u00e9s gyalogosan k\u00f6nnyen megk\u00f6zel\u00edthet\u0151, sz\u00e1mozott utc\u00e1k h\u00e1l\u00f3zat\u00e1val \u00e9s jellegzetes v\u00e1rosr\u00e9szekkel. A t\u00f6megk\u00f6zleked\u00e9s kiterjedt: a SEPTA metr\u00f3kat (Market-Frankford \u00e9s Broad Street vonalak), villamosvonalakat, region\u00e1lis vas\u00fatvonalakat \u00e9s buszokat \u00fczemeltet. Sok ing\u00e1z\u00f3 a SEPTA-ra t\u00e1maszkodik \u2013 a philadelphiaiak k\u00f6zel 24%-a t\u00f6megk\u00f6zleked\u00e9ssel j\u00e1r dolgozni. A taxik \u00e9s a k\u00f6z\u00f6s fuvaroz\u00e1s elterjedt a belv\u00e1rosban, \u00e9s k\u00e9t villamosvonal fut az University City k\u00f6zel\u00e9ben. Center Cityb\u0151l minden k\u00f6nnyen megk\u00f6zel\u00edthet\u0151 gyalogosan vagy r\u00f6vid t\u00f6megk\u00f6zleked\u00e9si \u00fattal.<\/p>\n<p>A fizet\u0151eszk\u00f6z az amerikai doll\u00e1r, \u00e9s borraval\u00f3t kell fizetni (15\u201320% a ki\u00fcl\u0151s \u00e9ttermekben, 1\u20132 doll\u00e1r t\u00e1sk\u00e1nk\u00e9nt a londinerekn\u00e9l stb.). A f\u0151 nyelvek az angol \u00e9s a spanyol (sok \u00fczletben \u00e9s \u00e9tteremben spanyol feliratokat l\u00e1that). Besz\u00e9lget\u00e9s k\u00f6zben a philadelphiaiak \u00e9rt\u00e9kelik az egyenes \u00e9s bar\u00e1ts\u00e1gos l\u00e9gk\u00f6rt \u2013 egy gyors \u201eszia\u201d vagy \u201ehogy vagy?\u201d k\u00f6sz\u00f6n\u00e9s idegeneknek tipikus helyi udvariass\u00e1g. Biztons\u00e1gi szempontb\u00f3l Philadelphia turisztikai negyedei (\u00d3v\u00e1ros, Belv\u00e1ros, Egyetemv\u00e1ros) nappal \u00e1ltal\u00e1ban biztons\u00e1gosak, de \u00e9jszaka a kev\u00e9sb\u00e9 zs\u00fafolt \u00f6vezetekben a szok\u00e1sos \u00f3vatoss\u00e1ggal kell elj\u00e1rni. A forgalmas SEPTA \u00e1llom\u00e1sokon legyen tekintettel a holmij\u00e1ra. Az id\u0151j\u00e1r\u00e1s is k\u00f6zrej\u00e1tszhat: a t\u00e9li havaz\u00e1s r\u00f6vid id\u0151re megb\u00e9n\u00edthatja a k\u00f6zleked\u00e9st (sz\u00e1njon t\u00f6bb id\u0151t), m\u00edg a ny\u00e1ri zivatarok okozta \u00e1rad\u00e1sok megzavarhatj\u00e1k a forgalmat. \u00d6lt\u00f6zz\u00f6n k\u00e9nyelmesen a v\u00e1rosi j\u00e1rd\u00e1kon val\u00f3 s\u00e9t\u00e1l\u00e1shoz (k\u00fcl\u00f6n\u00f6sen a t\u00f6rt\u00e9nelmi negyedekben, ahol egyenetlen t\u00e9gl\u00e1k vagy macskak\u00f6vek vannak). A ny\u00e1r forr\u00f3 \u00e9s p\u00e1r\u00e1s lehet, ez\u00e9rt \u00e9rdemes k\u00f6nny\u0171 ruh\u00e1zatot \u00e9s eserny\u0151t vagy es\u0151kab\u00e1tot viselni. R\u00f6viden, Philadelphia egy k\u00f6nnyen \u00e9lvezhet\u0151 v\u00e1ros l\u00e1togat\u00f3k\u00e9nt: tervezze meg, hogy a vezetett t\u00f6rt\u00e9nelmi t\u00far\u00e1kat spont\u00e1n k\u00f6rny\u00e9kbeli felfedez\u00e9sekkel \u00f6tv\u00f6zi.<a href=\"https:\/\/travelshelper.com\/hu\/uticelok\/eszak-amerika\/amerikai-egyesult-allamok\/berkeley-springs\/\" target=\"_self\" aria-labelledby=\"uael-post-8997\"><br \/>\n<\/a><\/p>","protected":false},"excerpt":{"rendered":"<p>Philadelphia \u2013 m\u00e1s n\u00e9ven \u201ePhilly\u201d \u2013 1 603 796 lakos\u00e1val az Egyes\u00fclt \u00c1llamok hatodik legn\u00e9pesebb v\u00e1rosa, \u00e9s Pennsylvania \u00e1llam legn\u00e9pesebb v\u00e1rosa a 2020-as n\u00e9psz\u00e1ml\u00e1l\u00e1s szerint. Ez az energikus v\u00e1ros a Delaware-v\u00f6lgy v\u00e1rosi magja, amelyet n\u00e9ha Philadelphia nagyv\u00e1rosi r\u00e9gi\u00f3k\u00e9nt is emlegetnek. Philadelphia az amerikai nagyv\u00e1rosi ter\u00fcletek k\u00f6z\u00f6tt a nyolcadik helyen \u00e1ll, nagyv\u00e1rosi statisztikai ter\u00fclet\u00e9n 6,245 milli\u00f3 lakossal, az \u00f6sszes\u00edtett statisztikai ter\u00fclet\u00e9n pedig 7,366 milli\u00f3 lakossal, \u00edgy a t\u00f6rt\u00e9nelem, a kult\u00fara \u00e9s a tev\u00e9kenys\u00e9gek pezsg\u0151 k\u00f6zpontja.<\/p>","protected":false},"author":1,"featured_media":3027,"parent":8072,"menu_order":0,"comment_status":"closed","ping_status":"closed","template":"elementor_theme","meta":{"_eb_attr":"","footnotes":""},"class_list":["post-8312","page","type-page","status-publish","has-post-thumbnail"],"_links":{"self":[{"href":"https:\/\/travelshelper.com\/hu\/wp-json\/wp\/v2\/pages\/8312","targetHints":{"allow":["GET"]}}],"collection":[{"href":"https:\/\/travelshelper.com\/hu\/wp-json\/wp\/v2\/pages"}],"about":[{"href":"https:\/\/travelshelper.com\/hu\/wp-json\/wp\/v2\/types\/page"}],"author":[{"embeddable":true,"href":"https:\/\/travelshelper.com\/hu\/wp-json\/wp\/v2\/users\/1"}],"replies":[{"embeddable":true,"href":"https:\/\/travelshelper.com\/hu\/wp-json\/wp\/v2\/comments?post=8312"}],"version-history":[{"count":0,"href":"https:\/\/travelshelper.com\/hu\/wp-json\/wp\/v2\/pages\/8312\/revisions"}],"up":[{"embeddable":true,"href":"https:\/\/travelshelper.com\/hu\/wp-json\/wp\/v2\/pages\/8072"}],"wp:featuredmedia":[{"embeddable":true,"href":"https:\/\/travelshelper.com\/hu\/wp-json\/wp\/v2\/media\/3027"}],"wp:attachment":[{"href":"https:\/\/travelshelper.com\/hu\/wp-json\/wp\/v2\/media?parent=8312"}],"curies":[{"name":"wp","href":"https:\/\/api.w.org\/{rel}","templated":true}]}}