{"id":8297,"date":"2024-09-03T14:24:43","date_gmt":"2024-09-03T14:24:43","guid":{"rendered":"https:\/\/travelshelper.com\/staging\/?page_id=8297"},"modified":"2026-03-13T18:02:23","modified_gmt":"2026-03-13T18:02:23","slug":"new-orleans","status":"publish","type":"page","link":"https:\/\/travelshelper.com\/hu\/destinations\/north-america\/united-states\/new-orleans\/","title":{"rendered":"New Orleans"},"content":{"rendered":"<p>A d\u00e9lkelet-louisianai Mississippi foly\u00f3 als\u00f3 foly\u00e1sa ment\u00e9n fekv\u0151 New Orleans ma egy nagyj\u00e1b\u00f3l 380 000 lakos\u00fa v\u00e1ros (2020-as n\u00e9psz\u00e1ml\u00e1l\u00e1s), \u00edgy Louisiana legnagyobb v\u00e1rosa \u00e9s az amerikai D\u00e9l kultur\u00e1lis f\u0151v\u00e1rosa. 2025-ben a v\u00e1ros lakoss\u00e1g\u00e1t 351 000 f\u0151 k\u00f6r\u00fcl becs\u00fclik, a migr\u00e1ci\u00f3 \u00e9s a term\u00e9szeti katasztr\u00f3f\u00e1k miatti \u00e9vtizedes ingadoz\u00e1s ut\u00e1n. New Orleans demogr\u00e1fiai adatai jellegzetesek \u2013 t\u00f6bbs\u00e9g\u00e9ben afroamerikai k\u00f6z\u00f6ss\u00e9g (a legut\u00f3bbi becsl\u00e9sek szerint k\u00f6r\u00fclbel\u00fcl 55% fekete), jelent\u0151s feh\u00e9r (k\u00f6r\u00fclbel\u00fcl 32%), spanyol\/latin \u00e9s m\u00e1s kisebbs\u00e9gi lakoss\u00e1ggal. Gazdas\u00e1ga gazdagon diverzifik\u00e1lt: t\u00f6rt\u00e9nelmileg a kik\u00f6t\u0151kre, az olaj- \u00e9s petrolk\u00e9miai iparra \u00e9p\u00fclt, ma pedig a fels\u0151oktat\u00e1sra, az eg\u00e9szs\u00e9g\u00fcgyre \u00e9s k\u00fcl\u00f6n\u00f6sen a turizmusra \u00e9s a kreat\u00edv \u00e1gazatokra is \u00e9p\u00edt. Val\u00f3j\u00e1ban a turizmus \u00f6nmag\u00e1ban nagyj\u00e1b\u00f3l 5,5 milli\u00e1rd doll\u00e1ros gazdas\u00e1gi hat\u00e1st gener\u00e1lt 2017-ben, ami a v\u00e1ros forgalmiad\u00f3-bev\u00e9tel\u00e9nek mintegy 40%-\u00e1t tette ki.<\/p>\n<p>New Orleans enyhe szubtr\u00f3pusi \u00e9ghajlattal rendelkezik: buja telek \u00e9s hossz\u00fa, forr\u00f3 nyarak. Tengerszinten fekszik, a Mexik\u00f3i-\u00f6b\u00f6l partj\u00e1n \u2013 a v\u00e1ros fele val\u00f3j\u00e1ban a tengerszinten vagy az alatt fekszik, \u00e9s g\u00e1takra \u00e9s szivatty\u00fakra t\u00e1maszkodik az \u00e1rv\u00edzv\u00e9delemhez. Az \u00e9ves csapad\u00e9kmennyis\u00e9g b\u0151s\u00e9ges (k\u00f6r\u00fclbel\u00fcl 50 h\u00fcvelyk \u00e9vente), a f\u00fclledt nyarak gyakran 32\u00b0C f\u00f6l\u00e9 emelik a h\u0151m\u00e9rs\u00e9kletet, a telek pedig \u00e1ltal\u00e1ban j\u00f3val fagypont felett maradnak (janu\u00e1ri napi \u00e1tlagh\u0151m\u00e9rs\u00e9klet 0,7\u00b0C k\u00f6r\u00fcl). A v\u00e1ros szubtr\u00f3pusi k\u00f6rnyezete miatt kapta a \u201eT\u00f6r\u0151d\u0151 V\u00e1ros Elfelejtette\u201d becenevet, utalva a meleg \u00e9ghajlat\u00e1ra \u00e9s nyugodt temp\u00f3j\u00e1ra. A mocsaras, \u00f6bl\u00f6s, t\u00f6lgyes parkok \u00e9s a spanyolmoh\u00e1val cs\u00f6p\u00f6g\u0151 \u00e9l\u0151 t\u00f6lgyek minden\u00fctt jelen vannak a modern t\u00e1jban, m\u00e9g akkor is, ha a belv\u00e1rosban felh\u0151karcol\u00f3k emelkednek.<\/p>\n<p>New Orleans Louisiana kultur\u00e1lis, gazdas\u00e1gi \u00e9s tudom\u00e1nyos k\u00f6zpontja. A 2020-as amerikai n\u00e9psz\u00e1ml\u00e1l\u00e1s szerint a v\u00e1ros lakoss\u00e1ga 383 997 f\u0151 volt (a t\u00e1gabb New Orleans\u2013Metairie agglomer\u00e1ci\u00f3 lakoss\u00e1ga k\u00f6r\u00fclbel\u00fcl 1 milli\u00f3). 2025-re ez a sz\u00e1m v\u00e1rhat\u00f3an kism\u00e9rt\u00e9kben, ~351 000-re cs\u00f6kkent. A v\u00e1ros faji \u00f6sszet\u00e9tele t\u00f6bbs\u00e9g\u00e9ben afroamerikai (k\u00f6r\u00fclbel\u00fcl 55%), a feh\u00e9rek nagyj\u00e1b\u00f3l 32%-ot, a spanyol\/latin ajk\u00faak ~5%-ot, az \u00e1zsiaiak 2%-ot, a t\u00f6bbiek pedig \u0151slakos amerikaiak vagy t\u00f6bbnemzetis\u00e9g\u0171ek. Gazdas\u00e1gilag New Orleans k\u00f6r\u00fclbel\u00fcl 51 milli\u00e1rd doll\u00e1r \u00e9ves brutt\u00f3 metropoliszterm\u00e9ket termel (2023-as adatok), amivel az orsz\u00e1g 25 legnagyobb v\u00e1rosi gazdas\u00e1ga k\u00f6z\u00e9 tartozik. A Wall Street uralja New Yorkot, de New Orleans a Mexik\u00f3i-\u00f6b\u00f6l partvid\u00e9k\u00e9nek haj\u00f3z\u00e1s\u00e1t uralja: a vil\u00e1g egyik legnagyobb tengeri kik\u00f6t\u0151j\u00e9t \u00fczemelteti, \u00e9s vezet\u0151 olajfinom\u00edt\u00e1si \u00e9s petrolk\u00e9miai termel\u00e9si k\u00f6zpont. A v\u00e1ros emellett oktat\u00e1si \u00e9s eg\u00e9szs\u00e9g\u00fcgyi k\u00f6zpont is (olyan int\u00e9zm\u00e9nyeknek ad otthont, mint a Tulane Egyetem \u00e9s az Ochsner Health), valamint n\u00f6vekv\u0151 technol\u00f3giai k\u00f6zpont. D\u00f6nt\u0151 fontoss\u00e1g\u00fa, hogy a vend\u00e9gl\u00e1t\u00e1s \u00e9s a kreat\u00edv ipar\u00e1gak jelent\u0151s munkaad\u00f3k; a turizmus \u00e9s a rendezv\u00e9nyek \u00f6nmag\u00e1ban is milli\u00f3kat hoznak \u00e9vente. R\u00f6viden, a sz\u00e1mok alapj\u00e1n New Orleans egy k\u00f6zepes m\u00e9ret\u0171 d\u00e9li v\u00e1ros, amelynek kik\u00f6t\u0151i, energetikai \u00e9s kultur\u00e1lis szektorai miatt hatalmas gazdas\u00e1gi befoly\u00e1sa van.<\/p>\n<p>A Crescent City \u00c9szak-Amerik\u00e1ban fekszik, a M\u00e9ly-D\u00e9l sz\u00edv\u00e9ben. F\u00f6ldrajzilag a Mississippi foly\u00f3 keleti partj\u00e1n fekszik, k\u00f6r\u00fclbel\u00fcl 90 m\u00e9rf\u00f6ldre a Mexik\u00f3i-\u00f6b\u00f6lt\u0151l felfel\u00e9. A k\u00f6rnyezet s\u00edk parti s\u00edks\u00e1g: d\u00e9len mocsarak \u00e9s foly\u00f3delt\u00e1k, keleten pedig vizes \u00e9l\u0151helyek. Ez az alacsonyan fekv\u0151 terep azt jelenti, hogy New Orleans nagy r\u00e9sze a tengerszinten vagy az alatt fekszik, ami kiterjedt g\u00e1trendszert k\u00e9nyszer\u00edt ki. A s\u00edks\u00e1gon fekv\u0151 Denverrel vagy a hegyekben fekv\u0151 Denverrel ellent\u00e9tben New Orleans egy foly\u00f3 menti v\u00e1ros, amelyet minden ir\u00e1nyban v\u00edz form\u00e1l: nyugaton a nagy foly\u00f3, \u00e9szakon a Pontchartrain-t\u00f3, d\u00e9len pedig a Mexik\u00f3i-\u00f6b\u00f6l. Egy szellemes mond\u00e1s szerint \u201ea f\u00f6ld\u00f6n \u00fcl, v\u00edzen lebeg\u201d. A ny\u00e1ri meleget az \u00f6b\u00f6l menti szell\u0151 \u00e9s sz\u00e1mos csatorna m\u00e9rs\u00e9kli; a telek enyh\u00e9k.<\/p>\n<p>New Orleans eredete a 18. sz\u00e1zad elej\u00e9re ny\u00falik vissza. Jean-Baptiste Le Moyne de Bienville francia gyarmatos\u00edt\u00f3i 1718-ban alap\u00edtott\u00e1k a v\u00e1rost a Mississippi egy f\u00e9lhold alak\u00fa kanyarulat\u00e1ban. Fens\u00e9ges francia \u00e9p\u00edt\u00e9szete \u00e9s helynevei ezt a gyarmati m\u00faltat \u200b\u200bt\u00fckr\u00f6zik. 1763-ban, a h\u00e9t\u00e9ves h\u00e1bor\u00fat k\u00f6vet\u0151en Franciaorsz\u00e1g \u00e1tengedte Louisian\u00e1t (\u00e9s New Orleanst) Spanyolorsz\u00e1gnak, miel\u0151tt Nap\u00f3leon 1800-ban visszaadta volna francia k\u00e9zre. Mind\u00f6ssze h\u00e1rom \u00e9vvel k\u00e9s\u0151bb, 1803-ban az Egyes\u00fclt \u00c1llamok megszerezte New Orleanst a Louisiana Purchase keret\u00e9ben, megnyitva a Mississippi foly\u00f3t az amerikai kereskedelem el\u0151tt. New Orleans vir\u00e1gzott a polg\u00e1rh\u00e1bor\u00fa el\u0151tti korszakban: 1840-re az Egyes\u00fclt \u00c1llamok harmadik legnagyobb v\u00e1rosa, \u00e9s az eg\u00e9sz D\u00e9l legnagyobbja volt. Kik\u00f6t\u0151je mennyis\u00e9gben vetekedett Boston \u00e9s Philadelphia kik\u00f6t\u0151ivel, a gyapot \u00e9s a cukor pedig gazdag, b\u00e1r er\u0151sen r\u00e9tegzett v\u00e1ross\u00e1 tette. Fordul\u00f3pont j\u00f6tt el az 1812-es h\u00e1bor\u00fa alatt. 1815 janu\u00e1rj\u00e1ban Andrew Jackson t\u00e1bornok egy vegyes amerikai sereg \u00e9l\u00e9n legy\u0151zte a briteket a New Orleans-i csat\u00e1ban, ezzel megszil\u00e1rd\u00edtva a v\u00e1ros hely\u00e9t az amerikai t\u00f6rt\u00e9nelemben.<\/p>\n<p>A polg\u00e1rh\u00e1bor\u00fa ut\u00e1n New Orleans \u00e1tv\u00e9szelte a rekonstrukci\u00f3 \u00e9s a Jim Crow fesztiv\u00e1l korszak\u00e1t, \u00e9s a 20. sz\u00e1zadban is \u00e9l\u00e9nk kereskedelmi k\u00f6zpont maradt. A jazzzene az 1900-as \u00e9vek elej\u00e9n sz\u00fcletett itt, az 1920-as \u00e9vekre pedig a French Quarter \u00e9jszakai \u00e9lete legend\u00e1ss\u00e1 v\u00e1lt. A 20. sz\u00e1zad v\u00e9g\u00e9n a v\u00e1ros \u00e1tv\u00e9szelte a fellend\u00fcl\u00e9st \u00e9s a buk\u00e1st. 2005-ben a Katrina hurrik\u00e1n puszt\u00edt\u00f3 csap\u00e1st m\u00e9rt. A v\u00e1ros nagy r\u00e9sz\u00e9t el\u00f6nt\u00f6tte a g\u00e1tszakad\u00e1sok, t\u00f6bb mint 1800 lakos halt meg, a lakoss\u00e1g sz\u00e1ma pedig nagyj\u00e1b\u00f3l a fel\u00e9re cs\u00f6kkent. A helyre\u00e1ll\u00edt\u00e1s egyes r\u00e9szeken dr\u00e1mai volt: a belv\u00e1rost \u00e9s bizonyos v\u00e1rosr\u00e9szeket \u00fajj\u00e1\u00e9p\u00edtett\u00e9k, m\u00edg m\u00e1sok m\u00e9g mindig viselik a nyomokat. A mai New Orleans mindezen korszakok lenyomat\u00e1t viseli mag\u00e1n. T\u00f6rt\u00e9nelmi eml\u00e9kt\u00e1bl\u00e1k szeg\u00e9lyezik a Jackson Square-t (Bienville kora \u00f3ta), de az \u00fczletek kirakatai energia\u00fcgyi tan\u00e1csad\u00f3kat \u00e9s tech startupokat is hirdetnek. A Katrina hurrik\u00e1n katasztr\u00f3f\u00e1ja tov\u00e1bbra is meghat\u00e1roz\u00f3 m\u00e9rf\u00f6ldk\u0151, de a v\u00e1ros \u00fajj\u00e1\u00e9led\u00e9se is az, amely egyens\u00falyt teremt a m\u00falt ir\u00e1nti tisztelet \u00e9s a modern n\u00f6veked\u00e9s k\u00f6z\u00f6tt.<\/p>\n<p>New Orleans egyedi kultur\u00e1lis von\u00e1sokkal rendelkezik \u2013 francia, spanyol, afrikai, karibi \u00e9s d\u00e9li hat\u00e1sok kever\u00e9k\u00e9vel. Helyi jellege m\u00e1r a rep\u00fcl\u0151g\u00e9pb\u0151l vagy a haj\u00f3r\u00f3l val\u00f3 lesz\u00e1ll\u00e1s pillanat\u00e1ban egy\u00e9rtelm\u0171: francia nyelv\u0171 utcat\u00e1bl\u00e1k (pl. \u201eRue\u201d az utc\u00e1t jelenti), laza hangulat \u00e9s a j\u00e1rd\u00e1kon minden\u00fctt hallhat\u00f3 zene. A francia \u00e9s kreol \u00f6r\u00f6ks\u00e9g nemcsak az \u00e9p\u00edt\u00e9szetben, hanem az \u00e9l\u0151 hagyom\u00e1nyokban is megmaradt. A francia anyanyelv\u0171ek \u00e9s a louisianai kreol dialektusok ma m\u00e1r ritk\u00e1k, de n\u00e9h\u00e1ny id\u0151sebb ember m\u00e9g mindig ezeken a nyelveken besz\u00e9lget. Gyakrabban a mindennapi louisianai angolt cajun \u00e9s kreol kifejez\u00e9sekkel f\u0171szerezik (\u201elagniappe\u201d, a \u201elagniappe\u201d jelent\u00e9se \u201eegy kis extra\u201d stb.). A v\u00e1ros 2018-ban \u00fcnnepelte k\u00e9tsz\u00e1z \u00e9ves \u00e9vfordul\u00f3j\u00e1t francia-jiddis vid\u00e1ms\u00e1ggal, elismerve frankof\u00f3n gy\u00f6kereit.<\/p>\n<p>A hagyom\u00e1ny uralkodik New Orleansban. Ahogy egy kalauz k\u00f6lt\u0151ien megjegyzi: \u201eNew Orleans a szok\u00e1sok v\u00e1rosa, amelyek tiszteletre m\u00e9lt\u00f3 hagyom\u00e1nyokk\u00e1 fejl\u0151dtek.\u201d A vas\u00e1rnapi v\u00f6r\u00f6sbab, a dzsessztemet\u00e9sek \u00e9s a karnev\u00e1li \u00e1larcosb\u00e1lok mind mindennapi szok\u00e1sk\u00e9nt indultak, \u00e9s a v\u00e1ros nevezetess\u00e9geiv\u00e9 v\u00e1ltak. Az \u00e9ves Mardi Gras felvonul\u00e1si szezon (karnev\u00e1l) ennek az \u00f6r\u00f6ks\u00e9gnek a leg\u00e9l\u00e9nkebb kifejez\u0151d\u00e9se: hetekig tart\u00f3 \u00e1larcosb\u00e1lok \u00e9s eg\u00e9sz \u00e9jjel tart\u00f3 felvonul\u00e1sok, ahol jelmezes \u201ekrewes\u201d gy\u00f6ngy\u00f6ket dob\u00e1lnak az utc\u00e1kon. De m\u00e9g a Mardi Gras-on k\u00edv\u00fcl is \u00e1lland\u00f3 az \u00fcnnepl\u00e9s szelleme. \u00c9l\u0151 dzsesszzene \u00f6mlik ki minden este a Frenchmen Street klubjaib\u00f3l, \u00e9s fesztiv\u00e1lok t\u00f6ltik meg a napt\u00e1rat eg\u00e9sz \u00e9vben \u2013 a tavaszi Jazz &amp; Heritage Fesztiv\u00e1lt\u00f3l a ny\u00e1ri Congo Square Rhythms-\u00f6n \u00e1t a French Quarter Fesztiv\u00e1lig \u00e9s sz\u00e1mtalan etnikai felvonul\u00e1sig.<\/p>\n<p>M\u00e1s nagyv\u00e1rosokhoz k\u00e9pest New Orleans \u00e9lettemp\u00f3ja lass\u00fanak \u00e9rz\u0151dik. A helyiek b\u00fcszk\u00e9k d\u00e9li vend\u00e9gszeretet\u00fckre \u00e9s melegs\u00e9g\u00fckre. Az idegenek gyakran mosolyogva vagy bar\u00e1ts\u00e1gosan k\u00f6sz\u00f6nnek: \u201eHogy vagy?\u201d \u2013 m\u00e9g a csemegeboltban vagy egy bark\u00e1csboltban is. Ahogy egy l\u00e1togat\u00f3 megjegyezte: \u201eA lakosok melegs\u00e9get \u00e9s bar\u00e1ts\u00e1goss\u00e1got sug\u00e1roznak\u201d, ezt a tulajdons\u00e1got a v\u00e1ros kereszt\u00e9ny j\u00f3t\u00e9konys\u00e1g\u00e1nak \u00e9s r\u00e9gim\u00f3di b\u00e1j\u00e1nak tulajdon\u00edtj\u00e1k. A Jackson Square k\u00e1v\u00e9z\u00f3i megtelnek a szabadban, az emberek pedig laz\u00e1n elid\u0151znek k\u00e1v\u00e9 \u00e9s beignet-ek mellett. A napon j\u00e1tsz\u00f3 utcazen\u00e9szek ugyanolyan gyakoriak, mint a kisteheraut\u00f3k az utakon. M\u00e9gis, e j\u00f3kedv m\u00f6g\u00f6tt \u00e9les humor rejlik: a New Orleans-iak azt viccel\u0151dik, hogy a v\u00e1ros annyira laza, hogy \u201em\u00e9g az \u00f3r\u00e1k is j\u00e1rnak\u201d.<\/p>\n<p>Ezen b\u00e1jok ellen\u00e9re az \u00e9letnek itt megvan a maga nyers oldala is. A v\u00e1ros r\u00e9g\u00f3ta k\u00fczd\u00f6tt a gazdas\u00e1gi egyenl\u0151tlens\u00e9ggel \u00e9s a b\u0171n\u00f6z\u00e9ssel. \u00c9vtizedek \u00f3ta New Orleans Amerika egyik legmagasabb gyilkoss\u00e1gi r\u00e1t\u00e1j\u00e1val k\u00fczd\u00f6tt. Ez a val\u00f3s\u00e1g enyh\u00edti az egy\u00e9bk\u00e9nt szesz\u00e9lyes k\u00e9pet. Az elm\u00falt \u00f6t \u00e9vben a v\u00e1ros tett n\u00e9mi el\u0151rel\u00e9p\u00e9st a k\u00f6zbiztons\u00e1g ter\u00e9n; 2024 k\u00f6zep\u00e9re a bejelentett b\u0171ncselekm\u00e9nyek sz\u00e1ma k\u00f6r\u00fclbel\u00fcl 26%-kal cs\u00f6kkent az el\u0151z\u0151 \u00e9vhez k\u00e9pest. A l\u00e1togat\u00f3kat tov\u00e1bbra is arra intik, hogy legyenek \u00e9berek, k\u00fcl\u00f6n\u00f6sen s\u00f6t\u00e9ted\u00e9s ut\u00e1n. De egy \u00fajonnan \u00e9rkez\u0151 gyakrabban eml\u00e9kszik a kedves villamosvezet\u0151kre, a magn\u00f3liaf\u00e1k \u00e9des illat\u00e1ra \u00e9s a Caf\u00e9 du Monde-ban \u00e9l\u0151k k\u00f6nnyed nevet\u00e9s\u00e9re. V\u00e9gs\u0151 soron a \u201efrancia negyed hangulata\u201d \u2013 a bar\u00e1ts\u00e1gos, franci\u00e1ul besz\u00e9l\u0151, francia negyed felirat az utcasarkokon, a piros naperny\u0151k, a kov\u00e1csoltvas erk\u00e9lyek \u2013 az, ami maradand\u00f3 benyom\u00e1st hagy.<\/p>\n<p>New Orleans minden utaz\u00f3 sz\u00e1m\u00e1ra kihagyhatatlan l\u00e1tnival\u00f3k sokas\u00e1g\u00e1t k\u00edn\u00e1lja. Ezek k\u00f6z\u00fcl a legfontosabb a Francia Negyed, az 1718-ban alap\u00edtott t\u00f6rt\u00e9nelmi \u00f3v\u00e1ros. Sz\u00edve a Jackson Square \u2013 egy nyilv\u00e1nos t\u00e9r, amelyet a feh\u00e9r k\u0151b\u0151l \u00e9p\u00fclt Szent Lajos-sz\u00e9kesegyh\u00e1z (az Egyes\u00fclt \u00c1llamok legr\u00e9gebbi folyamatosan m\u0171k\u00f6d\u0151 katolikus katedr\u00e1lisa) ural. A teret \u00e9s a k\u00f6zeli Bourbon Streetet pasztellsz\u00edn\u0171 sorh\u00e1zak veszik k\u00f6r\u00fcl, d\u00edszes, vir\u00e1gokkal d\u00edsz\u00edtett vaserk\u00e9lyekkel. Itt legend\u00e1s helyekre l\u00e9phet\u00fcnk be: ringat\u00f3z\u00f3 torn\u00e1cuzen\u00e9szek, szobrok, utcai m\u0171v\u00e9szeti \u00e1rusok \u00e9s a vil\u00e1gh\u00edr\u0171 Caf\u00e9 du Monde, amely pralin\u00e9 beignet-eket \u00e9s cik\u00f3ri\u00e1s k\u00e1v\u00e9t k\u00edn\u00e1l. A negyedben tal\u00e1lhat\u00f3 a Preservation Hall is, ahol esti akusztikus jazzkoncerteket tartanak, valamint a Royal Street butikjai, ahol r\u00e9gis\u00e9geket \u00e9s k\u00e9pz\u0151m\u0171v\u00e9szeti t\u00e1rgyakat lehet v\u00e1s\u00e1rolni.<\/p>\n<p>A Negyeden t\u00fal is sz\u00e1mos l\u00e1tnival\u00f3 v\u00e1rja a l\u00e1togat\u00f3kat. A Warehouse Districtben tal\u00e1lhat\u00f3 Nemzeti II. Vil\u00e1gh\u00e1bor\u00fas M\u00fazeum t\u00f6bbsz\u00f6r is Amerika legjobb m\u00fazeumai k\u00f6z\u00e9 ker\u00fclt \u2013 a normandiai partrasz\u00e1ll\u00e1sr\u00f3l, a Midway-r\u0151l \u00e9s m\u00e1s esem\u00e9nyekr\u0151l sz\u00f3l\u00f3 mag\u00e1val ragad\u00f3 ki\u00e1ll\u00edt\u00e1sok vonzz\u00e1k a hadt\u00f6rt\u00e9net szerelmeseit. A m\u0171v\u00e9szet szerelmeseit a New Orleans-i M\u0171v\u00e9szeti M\u00fazeum (NOMA) \u00e9s a szomsz\u00e9dos Sydney \u00e9s Walda Besthoff Szoborpark vonzza a V\u00e1rosi Parkban. A Crescent City-iek csod\u00e1lj\u00e1k az Audubon Parkot \u00e9s \u00c1llatkertet a belv\u00e1rosban, s\u0151t, a helyiek \u00e1ltal kedvelt V\u00e1rosi Parkot is, az \u0151si t\u00f6lgyf\u00e1kkal \u00e9s botanikus kertekkel. Panor\u00e1m\u00e1s sz\u00f3rakoz\u00e1s\u00e9rt a foly\u00f3parti Steamboat Natchez naponta k\u00edn\u00e1l lap\u00e1tkerekes s\u00e9tahaj\u00f3z\u00e1st a v\u00e1ros l\u00e1tk\u00e9pe felett. Kihagyhatatlanok a f\u00f6ld feletti temet\u0151k (mint p\u00e9ld\u00e1ul a St. Louis No. 1) \u2013 h\u00e1tborzongat\u00f3 \u201eHalottak V\u00e1rosai\u201d, ahol d\u00edszes mauz\u00f3leumok adnak otthont New Orleans-iak gener\u00e1ci\u00f3inak.<\/p>\n<p>Klasszikus l\u00e1tnival\u00f3k k\u00f6z\u00e9 tartozik a n\u00e9h\u00e1ny m\u00e9rf\u00f6ldre fekv\u0151 Garden District, ahol a t\u00f6lgyf\u00e1k \u00e1rny\u00e9k\u00e1ban \u00e1ll\u00f3 utc\u00e1kat grandi\u00f3zus, 19. sz\u00e1zadi k\u00fari\u00e1k szeg\u00e9lyezik. A t\u00f6rt\u00e9nelmi St. Charles Avenue villamossal a t\u00f6lgyf\u00e1k lombkoron\u00e1ja ment\u00e9n utazhatunk, elhaladva a Loyola Egyetem mellett a Tulane Egyetem grandi\u00f3zus oszlopaiig. A v\u00e1rosban tal\u00e1lhat\u00f3 M\u0171v\u00e9szeti M\u00fazeum \u00e9s Konf\u00f6der\u00e1ci\u00f3s Eml\u00e9km\u0171 kultur\u00e1lisan orient\u00e1ltabb meg\u00e1ll\u00f3kat tesz teljess\u00e9. \u00d6sszess\u00e9g\u00e9ben kellemes fesz\u00fclts\u00e9g tapasztalhat\u00f3 a kopott t\u00f6rt\u00e9nelmi negyedek (a r\u00e9gi New Orleans \u201eeleg\u00e1ns eleganci\u00e1ja \u00e9s szel\u00edd hanyatl\u00e1sa\u201d) \u00e9s a gal\u00e9ri\u00e1kkal \u00e9s k\u00e1v\u00e9z\u00f3kkal teli, \u00fajj\u00e1\u00e9ledt modern negyedek k\u00f6z\u00f6tt. Minden sarkon \u00edzel\u00edt\u0151t kapunk a v\u00e1ros r\u00e9tegzett t\u00f6rt\u00e9net\u00e9b\u0151l: a Bourbon Street neonb\u00e1rjai vibr\u00e1lnak a francia gyarmati h\u00e1zak mellett; az alacsonyan h\u00faz\u00f3d\u00f3 t\u00f6lt\u00e9sek arra eml\u00e9keztetnek, hogy a hatalmas foly\u00f3 \u00e9s az \u00f6b\u00f6l soha nincs messze.<\/p>\n<p>New Orleans j\u00f3 k\u00f6zleked\u00e9si kapcsolatokkal rendelkezik. A Louis Armstrong New Orleans-i nemzetk\u00f6zi rep\u00fcl\u0151t\u00e9r (MSY) a belv\u00e1rost\u00f3l k\u00f6r\u00fclbel\u00fcl 11 m\u00e9rf\u00f6ldre nyugatra fekszik; t\u00f6bb tucat l\u00e9git\u00e1rsas\u00e1got \u00e9s k\u00f6zvetlen j\u00e1ratot szolg\u00e1l ki vil\u00e1gszerte. K\u00f6zelebb a kisebb Lakefront rep\u00fcl\u0151t\u00e9r, amely korl\u00e1tozott sz\u00e1m\u00fa ing\u00e1z\u00f3 j\u00e1ratot k\u00edn\u00e1l. A f\u0151bb aut\u00f3p\u00e1ly\u00e1k is itt futnak \u00f6ssze, \u00edgy a Mexik\u00f3i-\u00f6b\u00f6l partvid\u00e9k\u00e9nek keresztez\u0151d\u00e9se: a 10-es \u00e9s a 610-es \u00e1llamk\u00f6zi aut\u00f3p\u00e1lya k\u00f6rbej\u00e1rja a v\u00e1rost, m\u00edg az I-55 \u00e9s az I-59 \u00e9szak fel\u00e9 tart. Az Amtrak Crescent vonala (New Yorkb\u00f3l New Orleansba) naponta \u00e9rkezik az Union utastermin\u00e1lra, amely k\u00e9nyelmesen a villamosvonalak \u00e9s a buszp\u00e1lyaudvar mellett tal\u00e1lhat\u00f3. Aut\u00f3val a foly\u00f3 (US-61) vagy a Mexik\u00f3i-\u00f6b\u00f6l (US-90) ment\u00e9n vezet\u0151 fest\u0151i \u00fatvonalak eml\u00e9kezetes utaz\u00e1sokat k\u00edn\u00e1lnak.<\/p>\n<p>A v\u00e1rosba \u00e9rve a l\u00e1togat\u00f3k sz\u00e1mos k\u00f6zleked\u00e9si lehet\u0151s\u00e9g k\u00f6z\u00fcl v\u00e1laszthatnak. A v\u00e1ros h\u00edres z\u00f6ld-piros villamosai kulcsfontoss\u00e1g\u00fa folyos\u00f3kon k\u00f6zlekednek \u2013 a Riverfront, a Canal Street, a St. Charles (Garden District fel\u00e9) \u00e9s a Rampart-St. Claude vonalakon. Ezek a b\u00e1jos r\u00e9gi villamosok (n\u00e9melyik az 1920-as \u00e9vekb\u0151l sz\u00e1rmazik) egyszer\u0171 m\u00f3dot k\u00edn\u00e1lnak a f\u00f6ld feletti v\u00e1rosn\u00e9z\u00e9sre. Egy \u00e1tfog\u00f3 buszrendszer (RTA) lefedi az \u00f6sszes k\u00f6rny\u00e9ket, \u00e9s a modern k\u00f6nny\u0171vas\u00fati villamosvonal meghosszabb\u00edt\u00e1sa (mely 2016-ban ny\u00edlt meg) el\u00e9ri a Tulane Avenue-t. Taxik, fuvarmegoszt\u00f3 szolg\u00e1ltat\u00e1sok \u00e9s folyami kompok (Algiers Point fel\u00e9 a Mississippin \u00e1t) b\u0151s\u00e9gesen \u00e1llnak rendelkez\u00e9sre. Megjegyzend\u0151, hogy maga a French Quarter nagyon gyalogosan is bej\u00e1rhat\u00f3, \u00e9s nagyr\u00e9szt mentes az aut\u00f3forgalomt\u00f3l. Sok helyi lakos \u00e9s turista egyar\u00e1nt gyalogosan vagy b\u00e9relt ker\u00e9kp\u00e1rral k\u00f6zlekedik.<\/p>\n<p>A p\u00e9nznem az amerikai doll\u00e1r, \u00e9s az angolt vil\u00e1gszerte besz\u00e9lik (b\u00e1r sok \u00e9tlapon m\u00e9g mindig francia n\u00e9ven szerepelnek az \u00e9telek). A borraval\u00f3 szok\u00e1sos \u2013 az \u00e9ttermekben \u00e9s b\u00e1rokban k\u00f6r\u00fclbel\u00fcl 15\u201320%. A v\u00e1ros ny\u00fczsg\u00e9se \u00e9s \u00f6lt\u00f6zk\u00f6d\u00e9si szab\u00e1lyzata inform\u00e1lis; a h\u00e9tk\u00f6znapi viselet szinte b\u00e1rhol megfelel\u0151 (b\u00e1r az eleg\u00e1ns \u00e9ttermekben el\u0151fordulhat, hogy a f\u00e9rfiaknak zak\u00f3t kell viselni\u00fck). A New Orleans-iak gyorsan k\u00f6sz\u00f6nnek az \u201ey&#039;ll\u201d-nak, \u00edgy egy bar\u00e1ts\u00e1gos \u201ebonjour\u201d vagy \u201emerci\u201d (k\u00f6sz\u00f6n\u00f6m) elbesz\u00e9l\u00e9s mindig nagyra \u00e9rt\u00e9kelend\u0151. Kultur\u00e1lisan az emberek itt lassan mozognak \u2013 ha sietsz, tervezz t\u00f6bb id\u0151t a szok\u00e1sosn\u00e1l.<\/p>\n<p>T\u00f6rt\u00e9nelmileg New Orleansban magasabb volt a b\u0171n\u00f6z\u00e9si r\u00e1ta, mint sok m\u00e1s v\u00e1rosban, de a k\u00f6r\u00fclm\u00e9nyek k\u00f6rny\u00e9kenk\u00e9nt elt\u00e9r\u0151ek. A legturist\u00e1k \u00e1ltal legforgalmasabb ter\u00fcletek (French Quarter, CBD, Garden District) nappal \u00e1ltal\u00e1ban biztons\u00e1gosak. A l\u00e1togat\u00f3knak \u00e9jszaka a szok\u00e1sos \u00f3vint\u00e9zked\u00e9seket kell betartaniuk, kivil\u00e1g\u00edtott helyeken kell maradniuk, \u00e9s biztons\u00e1gban kell tartaniuk a holmijukat. Az NOPD megjegyzi, hogy az \u00e1ltal\u00e1nos b\u0171n\u00f6z\u00e9s 2024-ben cs\u00f6kkent. Mindenekel\u0151tt az \u00e9sszer\u0171 utaz\u00f3i viselked\u00e9s (\u00e9rt\u00e9kt\u00e1rgyak nem villogtat\u00e1sa, csoportos utaz\u00e1s, ha lehets\u00e9ges s\u00f6t\u00e9ted\u00e9s ut\u00e1n) seg\u00edt biztos\u00edtani a kellemes utaz\u00e1st. Els\u0151seg\u00e9ly vagy rend\u0151rs\u00e9gi seg\u00edts\u00e9g k\u00f6nnyen el\u00e9rhet\u0151 a belv\u00e1rosban. Ezeket a figyelmeztet\u00e9seket figyelembe v\u00e9ve New Orleans tov\u00e1bbra is bar\u00e1ts\u00e1gos v\u00e1ros marad \u2013 olyan, amely felejthetetlen zen\u00e9vel, \u00e9telekkel \u00e9s d\u00e9li vend\u00e9gszeretettel jutalmazza a nyitott gondolkod\u00e1s\u00fa l\u00e1togat\u00f3t.<a href=\"https:\/\/travelshelper.com\/hu\/uticelok\/eszak-amerika\/amerikai-egyesult-allamok\/berkeley-springs\/\" target=\"_self\" aria-labelledby=\"uael-post-8997\"><br \/>\n<\/a><\/p>","protected":false},"excerpt":{"rendered":"<p>New Orleans, amelyet gyakran NOLA-k\u00e9nt vagy Big Easy-k\u00e9nt emlegetnek, egy \u00f6sszevont v\u00e1ros-pl\u00e9b\u00e1nia Louisiana d\u00e9lkeleti r\u00e9sz\u00e9n, a Mississippi foly\u00f3 ment\u00e9n. 383 997 lakos\u00e1val a 2020-as amerikai n\u00e9psz\u00e1ml\u00e1l\u00e1s szerint ez a v\u00e1ros Louisiana \u00e9s a francia Louisiana ter\u00fclet legn\u00e9pesebb v\u00e1rosa. A M\u00e9ly-D\u00e9l harmadik legn\u00e9pesebb v\u00e1rosa, az Egyes\u00fclt \u00c1llamok d\u00e9lkeleti r\u00e9sz\u00e9n pedig a tizenkettedik legn\u00e9pesebb v\u00e1ros. Az Egyes\u00fclt \u00c1llamok Mexik\u00f3i-\u00f6b\u00f6l partvid\u00e9k\u00e9n New Orleans jelent\u0151s kik\u00f6t\u0151k\u00e9nt \u00e9s elismert kereskedelmi \u00e9s gazdas\u00e1gi k\u00f6zpontk\u00e9nt szolg\u00e1l.<\/p>","protected":false},"author":1,"featured_media":3170,"parent":8072,"menu_order":0,"comment_status":"closed","ping_status":"closed","template":"elementor_theme","meta":{"_eb_attr":"","footnotes":""},"class_list":["post-8297","page","type-page","status-publish","has-post-thumbnail"],"_links":{"self":[{"href":"https:\/\/travelshelper.com\/hu\/wp-json\/wp\/v2\/pages\/8297","targetHints":{"allow":["GET"]}}],"collection":[{"href":"https:\/\/travelshelper.com\/hu\/wp-json\/wp\/v2\/pages"}],"about":[{"href":"https:\/\/travelshelper.com\/hu\/wp-json\/wp\/v2\/types\/page"}],"author":[{"embeddable":true,"href":"https:\/\/travelshelper.com\/hu\/wp-json\/wp\/v2\/users\/1"}],"replies":[{"embeddable":true,"href":"https:\/\/travelshelper.com\/hu\/wp-json\/wp\/v2\/comments?post=8297"}],"version-history":[{"count":0,"href":"https:\/\/travelshelper.com\/hu\/wp-json\/wp\/v2\/pages\/8297\/revisions"}],"up":[{"embeddable":true,"href":"https:\/\/travelshelper.com\/hu\/wp-json\/wp\/v2\/pages\/8072"}],"wp:featuredmedia":[{"embeddable":true,"href":"https:\/\/travelshelper.com\/hu\/wp-json\/wp\/v2\/media\/3170"}],"wp:attachment":[{"href":"https:\/\/travelshelper.com\/hu\/wp-json\/wp\/v2\/media?parent=8297"}],"curies":[{"name":"wp","href":"https:\/\/api.w.org\/{rel}","templated":true}]}}