{"id":8250,"date":"2024-09-02T18:47:07","date_gmt":"2024-09-02T18:47:07","guid":{"rendered":"https:\/\/travelshelper.com\/staging\/?page_id=8250"},"modified":"2026-03-13T18:03:21","modified_gmt":"2026-03-13T18:03:21","slug":"myrtle-beach","status":"publish","type":"page","link":"https:\/\/travelshelper.com\/hu\/destinations\/north-america\/united-states\/myrtle-beach\/","title":{"rendered":"Myrtle Beach"},"content":{"rendered":"<p>Myrtle Beach egy szer\u00e9ny m\u00e9ret\u0171 tengerparti v\u00e1ros, amelynek gazdas\u00e1g\u00e1t \u00e9s kult\u00far\u00e1j\u00e1t a turizmus uralja. A v\u00e1ros lakoss\u00e1ga n\u00f6vekszik; a legfrissebb becsl\u00e9sek szerint Myrtle Beach lakosainak sz\u00e1ma 2025-ben k\u00f6r\u00fclbel\u00fcl 42 000 volt, ami nagyj\u00e1b\u00f3l 17%-os n\u00f6veked\u00e9st jelent 2020 \u00f3ta. (A k\u00f6zeli k\u00fclv\u00e1rosokat \u00e9s a be nem \u00e9p\u00edtett ter\u00fcleteket is bele\u00e9rtve, a nagyv\u00e1rosi ter\u00fclet lakoss\u00e1ga k\u00f6r\u00fclbel\u00fcl 250 000 f\u0151.) A h\u00e1ztart\u00e1sok medi\u00e1nj\u00f6vedelme k\u00f6r\u00fclbel\u00fcl 53 700 doll\u00e1r \u2013 k\u00f6zel az orsz\u00e1gos medi\u00e1nhoz \u2013, a szeg\u00e9nys\u00e9gi r\u00e1ta pedig k\u00f6r\u00fclbel\u00fcl 17%. A lakoss\u00e1g t\u00f6bbs\u00e9ge feh\u00e9r (k\u00f6r\u00fclbel\u00fcl 70%), a fekete vagy afroamerikai lakoss\u00e1g nagyj\u00e1b\u00f3l 14%-ot, m\u00e1s csoportok pedig kisebb sz\u00e1zal\u00e9kban k\u00e9pviseltetik magukat. A v\u00e1rosban viszonylag magas az \u00e1tlag\u00e9letkor (47 \u00e9v) a sok nyugd\u00edjas \u00e9s az a t\u00e9ny miatt, hogy sok csal\u00e1d j\u00f6n ide nyaralni.<\/p>\n<p>Myrtle Beach gazdas\u00e1ga a vend\u00e9gl\u00e1t\u00e1s k\u00f6r\u00e9 \u00e9p\u00fcl: sz\u00e1llod\u00e1k, golfp\u00e1ly\u00e1k, \u00e9ttermek \u00e9s sz\u00f3rakoztat\u00f3 komplexumok. Az egy f\u0151re jut\u00f3 j\u00f6vedelem alacsonyabb (k\u00f6r\u00fclbel\u00fcl 36 000 doll\u00e1r), mint az orsz\u00e1gos \u00e1tlag, ami t\u00fckr\u00f6zi a szezon\u00e1lis munkaer\u0151piacot (k\u00fcl\u00f6n\u00f6sen ny\u00e1ron rengeteg ideiglenes munkav\u00e1llal\u00f3 van). A f\u0151bb munkaad\u00f3k k\u00f6z\u00e9 tartoznak a vend\u00e9gl\u00e1t\u00f3l\u00e1ncok, az eg\u00e9szs\u00e9g\u00fcgyi rendszerek \u00e9s a Grand Strand k\u00f6rny\u00e9ki l\u00e1tnival\u00f3k. A v\u00e1rost \u00e9vente k\u00f6r\u00fclbel\u00fcl 15 milli\u00f3 l\u00e1togat\u00f3 keresi fel, \u00edgy a d\u00e9lkeleti r\u00e9gi\u00f3 egyik legl\u00e1togatottabb tengerparti v\u00e1rosa. R\u00f6viden, Myrtle Beach a sz\u00e1mokat tekintve egy kisv\u00e1ros (~40 ezer f\u0151), amely folyamatos n\u00f6veked\u00e9st mutat, strand- \u00e9s golfvez\u00e9relt gazdas\u00e1ggal, nagyr\u00e9szt feh\u00e9r lakoss\u00e1ggal, \u00e9s az \u00e1tlagos j\u00f6vedelem 50 ezer doll\u00e1r k\u00f6r\u00fcl mozog.<\/p>\n<p>Myrtle Beach az \u00c9szak-Karolina \u00e9s D\u00e9l-Karolina k\u00f6z\u00f6tti Grand Strand k\u00f6z\u00e9ps\u0151 r\u00e9sz\u00e9n fekszik, az atlanti partvid\u00e9k egy szakasz\u00e1n. F\u00f6ldrajzilag D\u00e9l-Karolina \u00e9szakkeleti r\u00e9sz\u00e9n (az Egyes\u00fclt \u00c1llamok d\u00e9l-atlanti r\u00e9gi\u00f3j\u00e1ban) tal\u00e1lhat\u00f3, keletr\u0151l az Atlanti-\u00f3ce\u00e1nnal szemben. Maga a v\u00e1ros z\u00e1tonyszigeteken fekszik, amelyeket az 1936 \u00f3ta m\u0171k\u00f6d\u0151 Intracoastal Waterway v\u00e1laszt el a sz\u00e1razf\u00f6ldt\u0151l. A terep s\u00edk, homokos strand \u00e9s d\u0171n\u00e9k, m\u00f6g\u00f6tt\u00fck s\u00f3s mocsarak tal\u00e1lhat\u00f3k. A sz\u00e1razf\u00f6ld belsej\u00e9ben fenyvesek \u00e9s vizes \u00e9l\u0151helyek tal\u00e1lhat\u00f3k. A legk\u00f6zelebbi nagyv\u00e1rosi ter\u00fcletek Wilmington, \u00c9szak-Karolina (119 km \u00e9szakkeletre) \u00e9s Charleston, D\u00e9l-Karolina (159 km d\u00e9lnyugatra).<\/p>\n<p>Myrtle Beach p\u00e1r\u00e1s szubtr\u00f3pusi \u00e9ghajlattal rendelkezik, hasonl\u00f3an Karolina t\u00f6bbi partvid\u00e9k\u00e9hez. A ny\u00e1r forr\u00f3 \u00e9s nagyon p\u00e1r\u00e1s; a j\u00faliusi \u00e9s augusztusi maximumok \u00e1tlagosan 27\u00b0C k\u00f6r\u00fcl mozognak, \u00e9s gyakran el\u00e9rik a 32\u00b0C-ot. A v\u00e1rosban \u00e9vente k\u00f6r\u00fclbel\u00fcl 132 cm es\u0151 esik, ny\u00e1ri zivatarok gyakoriak. A telek enyh\u00e9k: janu\u00e1rban a maximumok 12\u00b0C k\u00f6r\u00fcl, a minimumok -0\u00b0C k\u00f6r\u00fcl alakulnak, \u00e9s id\u0151nk\u00e9nt el\u0151fordulhatnak kisebb fagyok (de a havaz\u00e1s nagyon ritka). Hurrik\u00e1nok \u00e9s tr\u00f3pusi viharok fenyegethetnek j\u00faniust\u00f3l okt\u00f3berig, b\u00e1r a r\u00e9gi\u00f3 z\u00e1tonyszigetei gyakran ny\u00fajtanak n\u00e9mi v\u00e9delmet; mindazon\u00e1ltal a hurrik\u00e1nszezonban a l\u00e1togat\u00f3knak \u00e9rdemes figyelemmel k\u00eds\u00e9rni\u00fck az el\u0151rejelz\u00e9seket. \u00d6sszess\u00e9g\u00e9ben a l\u00e1togat\u00f3k hossz\u00fa, meleg nyarakat tal\u00e1lnak, amelyek t\u00f6k\u00e9letesek a strandol\u00e1shoz, \u00e9s nagyon enyhe teleket, amelyek ide\u00e1lisak a szezonon k\u00edv\u00fcli golfoz\u00e1shoz \u00e9s s\u00e9t\u00e1khoz.<\/p>\n<p>Myrtle Beach modern t\u00f6rt\u00e9nelme szorosan \u00f6sszef\u00fcgg a turizmus fejl\u0151d\u00e9s\u00e9vel a 19. sz\u00e1zad v\u00e9g\u00e9n \u00e9s a 20. sz\u00e1zad elej\u00e9n. Ezt megel\u0151z\u0151en a ter\u00fclet ritk\u00e1n lakott volt (a telep\u00fcl\u00e9sek a gyarmati f\u00f6ldadom\u00e1nyoz\u00e1sokra ny\u00falnak vissza, \u00e9s az 1700\u20131800-as \u00e9vekben gazd\u00e1lkod\u00e1s \u00e9s erd\u0151gazd\u00e1lkod\u00e1s folyt). A fordul\u00f3pont 1900 k\u00f6r\u00fcl j\u00f6tt el, amikor a Conway &amp; Seashore vas\u00fatvonalat meg\u00e9p\u00edtett\u00e9k a partig. 1901-ben ny\u00edlt meg az eredeti Seaside Inn sz\u00e1lloda, \u00e9s a v\u00e1ros \u00fcd\u00fcl\u0151helyk\u00e9nt kezdte rekl\u00e1mozni mag\u00e1t. Egy n\u00e9vad\u00f3 versenyen a buja viaszmirtuszcserje ihlette a \u201eMyrtle Beach\u201d nevet, \u00e9s a k\u00f6z\u00f6ss\u00e9g post\u00e1ja ezt a nevet vette fel. Myrtle Beach 1938-ban v\u00e1ross\u00e1 (\u00e9s k\u00e9s\u0151bb 1957-ben v\u00e1ross\u00e1) v\u00e1lt.<\/p>\n<p>Kezdetben a fejleszt\u00e9s lass\u00fa volt. Csak n\u00e9h\u00e1ny nyaral\u00f3 \u00e9s az 1901-ben \u00e9p\u00fclt pavilon tark\u00edtotta a partot. A m\u00e1sodik vil\u00e1gh\u00e1bor\u00fa ut\u00e1n a szabadid\u0151s turizmus fellend\u00fcl\u00e9se (\u00e9s Eisenhower eln\u00f6k aut\u00f3p\u00e1lya-projektjei) gyors n\u00f6veked\u00e9st v\u00e1ltott ki. Az ikonikus Myrtle Beach s\u00e9t\u00e1ny \u00e9s a SkyWheel sokkal k\u00e9s\u0151bb \u00e9rkezett (a SkyWheel 2011-ben ny\u00edlt meg), de a v\u00e1ros csal\u00e1di \u00fcd\u00fcl\u0151helyk\u00e9nt \u00e9s golf Mekk\u00e1jak\u00e9nt val\u00f3 felemelked\u00e9se az 1970-es \u00e9s 80-as \u00e9vekre megszil\u00e1rdult. Ma Myrtle Beach a Karolin\u00e1k \u201ecsal\u00e1di strandjak\u00e9nt\u201d ismert, amelynek t\u00f6rt\u00e9nete a csendes vas\u00fat\u00e1llom\u00e1st\u00f3l a nagy sz\u00f3rakoztat\u00f3 komplexumig tart\u00f3 folyamatos terjeszked\u00e9sr\u0151l sz\u00f3lt. Az alap\u00edt\u00f3 v\u00e1llalkoz\u00f3k \u00e9s a sz\u00e1zad k\u00f6zep\u00e9n a v\u00e1rost fellend\u00edt\u0151k a part menti turizmust k\u00e9pzelt\u00e9k el, \u00e9s ez a v\u00edzi\u00f3 tengerparti sz\u00e1llod\u00e1k, sz\u00f3rakoztat\u00f3 m\u00f3l\u00f3k \u00e9s hatalmas golfp\u00e1ly\u00e1k r\u00e9v\u00e9n val\u00f3sult meg.<\/p>\n<p>Myrtle Beach kult\u00far\u00e1j\u00e1t a csal\u00e1di sz\u00f3rakoz\u00e1s, a d\u00e9li bar\u00e1ts\u00e1goss\u00e1g \u00e9s a nyaral\u00f3v\u00e1rosi hangulat jellemzi. A helyiek t\u00falnyom\u00f3r\u00e9szt amerikaiak (az angolt gyakorlatilag mindenhol besz\u00e9lik, egy csipetnyi d\u00e9li akcentussal), enyhe hat\u00e1ssal az \u00e9szaki nyugd\u00edjasok \u00e9s a vend\u00e9gl\u00e1t\u00e1sban dolgoz\u00f3 bev\u00e1ndorl\u00f3k. Kev\u00e9s nemzetk\u00f6zi enkl\u00e1v\u00e9 tal\u00e1lhat\u00f3 itt; ez a hely szil\u00e1rdan vid\u00e9ki-d\u00e9li kult\u00fara, amely keveredik az \u00fcd\u00fcl\u0151helyi vend\u00e9gszeretettel.<\/p>\n<p>A hagyom\u00e1nyok a tengerparti kikapcsol\u00f3d\u00e1s \u00e9s sz\u00f3rakoz\u00e1s k\u00f6r\u00fcl forognak. A homok, a naps\u00fct\u00e9s \u00e9s a csal\u00e1ddal t\u00f6lt\u00f6tt id\u0151 alkotja a mindennapi \u00e9letst\u00edlus alapj\u00e1t: a helyi reggelek gyakran kocog\u00e1ssal vagy a m\u00f3l\u00f3n\u00e1l val\u00f3 horg\u00e1szattal kezd\u0151dnek, az est\u00e9k pedig t\u0171zij\u00e1t\u00e9kkal z\u00e1rulhatnak a s\u00e9t\u00e1nyon. Az \u00e9let temp\u00f3ja laza \u00e9s csal\u00e1dk\u00f6zpont\u00fa. A v\u00e1ros eg\u00e9sz \u00e9vben k\u00f6z\u00f6ss\u00e9gi fesztiv\u00e1loknak ad otthont: p\u00e9ld\u00e1ul a k\u00f6zeli Calabashban megrendezett K\u00e9k R\u00e1k Fesztiv\u00e1l (okt\u00f3ber) a tenger gy\u00fcm\u00f6lcseit \u00fcnnepli, a Carolina Country Music Fest (j\u00fanius) pedig koncerteket vonz. Kar\u00e1csony k\u00f6rny\u00e9k\u00e9n a v\u00e1ros kivil\u00e1gosodik az \u00fcnnepi felvonul\u00e1sok \u00e9s a Broadway at the Beach-en megrendezett T\u00e9li Csodaorsz\u00e1g idej\u00e9n. A golf is kultur\u00e1lis alap; a helyiek \u00e9s a turist\u00e1k egyar\u00e1nt l\u00e1togatj\u00e1k a p\u00e1ly\u00e1kat tavasszal \u00e9s \u0151sszel.<\/p>\n<p>A mindennapi rutinban a bar\u00e1ts\u00e1goss\u00e1g a v\u00e9djegy. A helyiek k\u00f6nnyen \u00fcdv\u00f6zlik az idegeneket, \u00e9s gyakran vend\u00e9gl\u00e1t\u00f3ipari szektorban dolgoznak \u2013 \u00edgy a kiszolg\u00e1l\u00e1s meleg (n\u00e9ha hars\u00e1nyan is). A turistakorszakbeli k\u00f6z\u00f6ss\u00e9gekben gyakran jellemz\u0151 a \u201eszia\u201d \u00e9s az integet\u00e9s kult\u00far\u00e1ja. Ugyanakkor van egyfajta otthonos hangulat is: az anyuk\u00e1k \u00e9s csal\u00e1dok \u00e1ltal vezetett \u00e9ttermekben garn\u00e9lar\u00e1kot \u00e9s kukoricadar\u00e1t szolg\u00e1lnak fel, a r\u00e1di\u00f3\u00e1llom\u00e1sokon sz\u00f6rfzene sz\u00f3l, a v\u00edziparkok pedig karnev\u00e1li hangulatot \u00e1rasztanak. \u00cdgy Myrtle Beach hangulata naps\u00fct\u00e9ses, vid\u00e1m \u00e9s laza hangulat\u00fa \u2013 egy olyan hely, ahol a csal\u00e1dok nappal a homokban pihennek, este pedig t\u0171zij\u00e1t\u00e9kot vagy tengerparti koncertet \u00e9lveznek.<\/p>\n<p>Myrtle Beach f\u0151bb l\u00e1tnival\u00f3i t\u00f6bbnyire szabadt\u00e9ri \u00e9s csal\u00e1dbar\u00e1t jelleg\u0171ek. Ezek k\u00f6z\u00fcl a legfontosabb a Myrtle Beach belv\u00e1ros\u00e1ban tal\u00e1lhat\u00f3 Boardwalk &amp; Promenade, egy egy m\u00e9rf\u00f6ldes, f\u00e1b\u00f3l k\u00e9sz\u00fclt s\u00e9t\u00e1ny, amelyet \u00fczletek, \u00e1rk\u00e1dok \u00e9s \u00e9ttermek szeg\u00e9lyeznek. A s\u00e9t\u00e1ny mellett \u00e1ll a SkyWheel, egy 60 m\u00e9teres \u00f3ri\u00e1sker\u00e9k, amely a feje f\u00f6l\u00f6tt ny\u00edlik, \u00e9s panor\u00e1m\u00e1s kil\u00e1t\u00e1st ny\u00fajt a tengerpartra. Ezeket a 2010-es \u00e9vekben \u00faj\u00edtott\u00e1k fel a v\u00e1ros belv\u00e1rosi tengerpartj\u00e1nak fellend\u00edt\u00e9s\u00e9re ir\u00e1nyul\u00f3 t\u00f6rekv\u00e9seinek r\u00e9szek\u00e9nt.<\/p>\n<p>A s\u00e9t\u00e1nyon t\u00fal maguk a strandok a f\u0151 vonzer\u0151t jelentik \u2013 96 kilom\u00e9ternyi \u00f6sszef\u00fcgg\u0151, homokos atlanti partszakasz. Az \u00fasz\u00e1s, a ejt\u0151erny\u0151z\u00e9s, a jetskiz\u00e9s \u00e9s a kal\u00f3zhaj\u00f3z\u00e1s n\u00e9pszer\u0171 nappali program. Csal\u00e1di l\u00e1tnival\u00f3k is b\u0151ven akadnak: p\u00e9ld\u00e1ul a Ripley&#039;s Aquarium a Broadway at the Beach-en \u00e9s a WonderWorks (egy d\u00f6nt\u00f6tt tudom\u00e1nyos m\u00fazeum) f\u0151 vonzer\u0151. A Broadway at the Beach egy komplett sz\u00f3rakoztat\u00f3 komplexum \u00fczletekkel, \u00e9ttermekkel, \u00e9jszakai \u00e9lettel \u00e9s minigolffal \u2013 mint egy mini v\u00e1ros egy kis t\u00f3 k\u00f6r\u00e9 \u00e9p\u00fclt. A k\u00f6zeli Barefoot Landing (a v\u00edzi \u00fat felett) sz\u00ednh\u00e1zakkal, \u00e9tkez\u00e9si lehet\u0151s\u00e9gekkel \u00e9s eg\u00e9sz \u00e9vben nyitva tart\u00f3 \u00fczletekkel v\u00e1rja a l\u00e1togat\u00f3kat. Tov\u00e1bbi nevezetess\u00e9gek k\u00f6z\u00e9 tartozik a Myrtle Waves v\u00edzipark, a Family Kingdom Vid\u00e1mpark (klasszikus tengerparti j\u00e1t\u00e9kok \u00e9s hull\u00e1mvasutak), valamint a Family Kingdom. A golf \u00e9s a term\u00e9szet is vonz\u00f3 l\u00e1tnival\u00f3k: a k\u00f6rny\u00e9ket szeg\u00e9lyez\u0151 p\u00e1ly\u00e1k (n\u00e9h\u00e1nyat olyan legend\u00e1k terveztek, mint Tiger Woods), \u00e9s az \u00e1llami parkok, mint p\u00e9ld\u00e1ul a Myrtle Beach \u00c1llami Park, t\u00fara\u00fatvonalakat, s\u00f3s mocsarak feletti s\u00e9t\u00e1nyokat \u00e9s egy vintage m\u00f3l\u00f3t k\u00edn\u00e1lnak. \u00d6sszefoglalva, Myrtle Beach kihagyhatatlan l\u00e1tnival\u00f3i a strandja \u00e9s a s\u00e9t\u00e1nya, valamint a csal\u00e1dbar\u00e1t helyek, mint p\u00e9ld\u00e1ul a SkyWheel \u00e9s a Ripley&#039;s Aquarium, amelyek mind a v\u00e1ros sz\u00f3rakoztat\u00f3, \u00f3ce\u00e1nparti kult\u00far\u00e1j\u00e1t testes\u00edtik meg.<\/p>\n<p>A legk\u00f6zelebbi rep\u00fcl\u0151t\u00e9r a Myrtle Beach Nemzetk\u00f6zi Rep\u00fcl\u0151t\u00e9r (MYR), mind\u00f6ssze n\u00e9h\u00e1ny m\u00e9rf\u00f6ldre \u00e9szaknyugatra a v\u00e1rost\u00f3l. Az MYR szezon\u00e1lis \u00e9s eg\u00e9sz \u00e9vben k\u00f6zleked\u0151 j\u00e1ratokat k\u00edn\u00e1l sz\u00e1mos amerikai v\u00e1rosb\u00f3l. A k\u00f6zeli f\u0151bb csom\u00f3pontok k\u00f6z\u00e9 tartozik Charleston (94 m\u00e9rf\u00f6ld d\u00e9lnyugatra), Charlotte (170 m\u00e9rf\u00f6ld \u00e9szaknyugatra) \u00e9s Raleigh-Durham (245 m\u00e9rf\u00f6ld \u00e9szakra). Aut\u00f3val Myrtle Beach megk\u00f6zel\u00edthet\u0151 az US 17-es aut\u00f3p\u00e1ly\u00e1n Wilmingtonb\u00f3l (\u00e9szakon) vagy Charlestonb\u00f3l (d\u00e9len), valamint az US 501-es \u00faton a 95-\u00f6s \u00e1llamk\u00f6zi aut\u00f3p\u00e1ly\u00e1r\u00f3l a sz\u00e1razf\u00f6ld belseje fel\u00e9. A Greyhound buszj\u00e1ratok is kiszolg\u00e1lj\u00e1k a ter\u00fcletet.<\/p>\n<p>Az aut\u00f3 a legk\u00e9nyelmesebb m\u00f3dja annak, hogy a k\u00f6zvetlen tengerparton t\u00fal is felfedezz\u00fck a v\u00e1rost. Maga a v\u00e1ros k\u00f6nnyen bej\u00e1rhat\u00f3 aut\u00f3val vagy az ingyenes Coast RTA villamossal (amely a belv\u00e1ros, a Broadway \u00e9s a strand k\u00f6r\u00fcl k\u00f6zlekedik). Sz\u00e1mos l\u00e1tnival\u00f3 az US 17 Business (\u201eKings Highway\u201d) vagy a 17-es elker\u00fcl\u0151 \u00fat ment\u00e9n vagy azok k\u00f6zel\u00e9ben tal\u00e1lhat\u00f3; azonban a forgalom ny\u00e1ri h\u00e9tv\u00e9g\u00e9ken megn\u0151het. A belv\u00e1rosban\/strandon bel\u00fcl r\u00f6vid t\u00e1vols\u00e1gokra taxik \u00e9s telekocsik \u00e1llnak rendelkez\u00e9sre, de n\u00e9mileg korl\u00e1tozottan. A kompakt belv\u00e1ros \u00e9s a s\u00e9t\u00e1ny gyalogosan is k\u00f6nnyen megk\u00f6zel\u00edthet\u0151, \u00e9s a legt\u00f6bb sz\u00e1lloda k\u00f6nnyen megk\u00f6zel\u00edthet\u0151 a strandt\u00f3l vagy a kocsm\u00e1kt\u00f3l gyalogosan.<\/p>\n<p>Amerikai doll\u00e1rt \u00e9s angol nyelvet haszn\u00e1lnak. Az \u00e9ttermekben szok\u00e1sos 15\u201318%-os borraval\u00f3t adni. Az \u00f6lt\u00f6zk\u00f6d\u00e9s rendk\u00edv\u00fcl laza (f\u00fcrd\u0151ruha, r\u00f6vidnadr\u00e1g, p\u00f3l\u00f3, papucs). A strandon a f\u00fcrd\u0151ruha \u00e9s a medenc\u00e9k vagy a s\u00e9t\u00e1ny k\u00f6zel\u00e9ben aj\u00e1nlott a f\u00fcrd\u0151ruha \u00e9s a takar\u00f3 visel\u00e9se, valamint a f\u00e9nyv\u00e9d\u0151 ism\u00e9telt haszn\u00e1lata. Fontos a napv\u00e9delem \u2013 a karolinai nap gyorsan le\u00e9ghet \u2013, \u00e9s k\u00e9s\u0151 ny\u00e1ron vigy\u00e1zzunk a med\u00faz\u00e1kra. A v\u00edzben er\u0151s \u00e1ramlatok lehetnek; \u00fasszunk a v\u00edziment\u0151k k\u00f6z\u00f6tt. Myrtle Beach \u00e1ltal\u00e1ban biztons\u00e1gos, b\u00e1r a zs\u00fafolt strandokon vagy a s\u00e9t\u00e1nyokon apr\u00f3 lop\u00e1sok el\u0151fordulhatnak. Az aut\u00f3ban l\u00e9v\u0151 \u00e9rt\u00e9kt\u00e1rgyakat tartsuk szem el\u0151l elrejtve, \u00e9s s\u00f6t\u00e9ted\u00e9s ut\u00e1n ker\u00fclj\u00fck a kivil\u00e1g\u00edtatlan ter\u00fcleteket. Ny\u00e1ron szezon\u00e1lis l\u00e1togat\u00f3k \u00f6z\u00f6nlenek el, \u00edgy a f\u0151szezonban a v\u00e1ros nagyon zs\u00fafolt; foglaljunk sz\u00e1ll\u00e1st \u00e9s l\u00e1tnival\u00f3kat j\u00f3 el\u0151re. Az \u0151sz (szeptember\u2013november) \u00e9s a tavasz kellemesen meleg \u00e9s kev\u00e9sb\u00e9 zs\u00fafolt, \u00edgy ide\u00e1lisak a csendesebb l\u00e1togat\u00e1shoz. V\u00e9g\u00fcl ne feledj\u00fck, hogy a d\u00e9liek itt a bar\u00e1ts\u00e1goss\u00e1gukr\u00f3l ismertek \u2013 egy egyszer\u0171 \u201eigen, asszonyom\/uram\u201d \u00e9s egy mosoly sokat sz\u00e1m\u00edt ebben az udvarias k\u00f6z\u00f6ss\u00e9gben.<a href=\"https:\/\/travelshelper.com\/hu\/uticelok\/eszak-amerika\/amerikai-egyesult-allamok\/berkeley-springs\/\" target=\"_self\" aria-labelledby=\"uael-post-8997\"><br \/>\n<\/a><\/p>","protected":false},"excerpt":{"rendered":"<p>Myrtle Beach, egy \u00fcd\u00fcl\u0151v\u00e1ros az Egyes\u00fclt \u00c1llamok keleti partj\u00e1n, Horry megy\u00e9ben, D\u00e9l-Karolin\u00e1ban tal\u00e1lhat\u00f3. Myrtle Beach egy \u00e9l\u00e9nk \u00e9s ny\u00fczsg\u0151 hely, amely egy 60 m\u00e9rf\u00f6ldes, folyamatos strandszakasz k\u00f6zep\u00e9n fekszik, amelyet \u201eGrand Strand\u201d n\u00e9ven ismernek. A 2020-as n\u00e9psz\u00e1ml\u00e1l\u00e1s szerint a v\u00e1ros eg\u00e9sz \u00e9vben 35 682 f\u0151s lakoss\u00e1g\u00e1val D\u00e9l-Karolina \u00f6sszes v\u00e1rosa k\u00f6z\u00f6tt a 13. helyen \u00e1ll.<\/p>","protected":false},"author":1,"featured_media":3259,"parent":8072,"menu_order":0,"comment_status":"closed","ping_status":"closed","template":"elementor_theme","meta":{"_eb_attr":"","footnotes":""},"class_list":["post-8250","page","type-page","status-publish","has-post-thumbnail"],"_links":{"self":[{"href":"https:\/\/travelshelper.com\/hu\/wp-json\/wp\/v2\/pages\/8250","targetHints":{"allow":["GET"]}}],"collection":[{"href":"https:\/\/travelshelper.com\/hu\/wp-json\/wp\/v2\/pages"}],"about":[{"href":"https:\/\/travelshelper.com\/hu\/wp-json\/wp\/v2\/types\/page"}],"author":[{"embeddable":true,"href":"https:\/\/travelshelper.com\/hu\/wp-json\/wp\/v2\/users\/1"}],"replies":[{"embeddable":true,"href":"https:\/\/travelshelper.com\/hu\/wp-json\/wp\/v2\/comments?post=8250"}],"version-history":[{"count":0,"href":"https:\/\/travelshelper.com\/hu\/wp-json\/wp\/v2\/pages\/8250\/revisions"}],"up":[{"embeddable":true,"href":"https:\/\/travelshelper.com\/hu\/wp-json\/wp\/v2\/pages\/8072"}],"wp:featuredmedia":[{"embeddable":true,"href":"https:\/\/travelshelper.com\/hu\/wp-json\/wp\/v2\/media\/3259"}],"wp:attachment":[{"href":"https:\/\/travelshelper.com\/hu\/wp-json\/wp\/v2\/media?parent=8250"}],"curies":[{"name":"wp","href":"https:\/\/api.w.org\/{rel}","templated":true}]}}