{"id":8219,"date":"2024-09-01T20:08:53","date_gmt":"2024-09-01T20:08:53","guid":{"rendered":"https:\/\/travelshelper.com\/staging\/?page_id=8219"},"modified":"2026-03-13T17:59:34","modified_gmt":"2026-03-13T17:59:34","slug":"miami-beach","status":"publish","type":"page","link":"https:\/\/travelshelper.com\/hu\/destinations\/north-america\/united-states\/miami-beach\/","title":{"rendered":"Miami Beach"},"content":{"rendered":"<p>Miami Beach lakoss\u00e1ga kisebb, de turisztikai szempontb\u00f3l messze fel\u00fclm\u00falja a s\u00faly\u00e1t. Mag\u00e1nak a v\u00e1rosnak 2025-ben k\u00f6r\u00fclbel\u00fcl 78 000 lakosa volt, szemben a 2020-as nagyj\u00e1b\u00f3l 82 000-rel. (Gyakorlatilag a nagyobb Miami agglomer\u00e1ci\u00f3 r\u00e9sze, amely \u00f6sszesen t\u00f6bb mint 6 milli\u00f3 embert sz\u00e1ml\u00e1l.) Miami Beach \u00e1tlag\u00e9letkora eltol\u00f3dik az id\u0151sebbhez k\u00e9pest \u2013 k\u00f6r\u00fclbel\u00fcl 47 \u00e9v \u2013, ami t\u00fckr\u00f6zi n\u00e9pszer\u0171s\u00e9g\u00e9t a nyugd\u00edjasok \u00e9s a t\u00e9li l\u00e1togat\u00f3k k\u00f6r\u00e9ben, b\u00e1r a szezon\u00e1lis n\u00e9pess\u00e9g a t\u00e9li h\u00f3napokban a h\u00f3madarak miatt megn\u0151. Gazdas\u00e1gi szempontb\u00f3l Miami Beach az ingatlanpiacra \u00e9s a vend\u00e9gl\u00e1t\u00e1sra \u00e9p\u00edt: a h\u00e1ztart\u00e1sok medi\u00e1nj\u00f6vedelme viszonylag magas (k\u00f6r\u00fclbel\u00fcl 67 000 doll\u00e1r) a gazdag k\u00f6rny\u00e9kek \u00e9s az \u00fcd\u00fcl\u0151helyekre \u00e9p\u00fcl\u0151 gazdas\u00e1g miatt. A munkan\u00e9lk\u00fclis\u00e9gi r\u00e1ta \u00e1ltal\u00e1ban alacsony, m\u00edg a szeg\u00e9nys\u00e9g alacsony az orsz\u00e1gos \u00f6sszehasonl\u00edt\u00e1sban (~14%). Faji \u00e9s etnikai szempontb\u00f3l a v\u00e1ros meglehet\u0151sen soksz\u00edn\u0171: k\u00f6r\u00fclbel\u00fcl 56% feh\u00e9rnek (nem spanyol ajk\u00fanak) vallja mag\u00e1t, jelent\u0151s spanyol\/latin-amerikai \u00e9s m\u00e1s kisebbs\u00e9gi k\u00f6z\u00f6ss\u00e9gekkel. A lakosok k\u00f6zel 60%-a besz\u00e9l spanyolul otthon, ami a latin-amerikai \u00e9s karibi migr\u00e1ci\u00f3 er\u0151s hat\u00e1s\u00e1t t\u00fckr\u00f6zi.<\/p>\n<p>Miami Beach egy tr\u00f3pusi \u00fcd\u00fcl\u0151v\u00e1ros, amely Florida atlanti partvid\u00e9k\u00e9n, a sz\u00e1razf\u00f6ld\u00f6n fekv\u0151 Miami v\u00e1ros\u00e1t\u00f3l keletre, egy szigetcsoporton fekszik. A v\u00e1ros mag\u00e1ban foglalja Miami Beach-szigetet (ahol South Beach tal\u00e1lhat\u00f3), a Normandia- \u00e9s Biscayne-szigeteket, valamint kisebb szigeteket \u2013 mindezt a Biscayne-\u00f6b\u00f6l v\u00e1lasztja el a sz\u00e1razf\u00f6ldt\u0151l. \u00c9szak-Amerika d\u00e9li cs\u00fccsk\u00e9ben, az Egyes\u00fclt \u00c1llamok Florida \u00e1llam\u00e1ban tal\u00e1lhat\u00f3, \u00edgy az Egyes\u00fclt \u00c1llamok d\u00e9lkeleti r\u00e9sz\u00e9nek tekintik. A t\u00e1j s\u00edk \u00e9s \u00f3ce\u00e1ni, kilom\u00e9tereken \u00e1t\u00edvel\u0151 homokos strandokkal, keleten az Atlanti-\u00f3ce\u00e1nnal, nyugaton pedig \u00f6bl\u00f6k\/lag\u00fan\u00e1k tal\u00e1lhat\u00f3k. Nincsenek hegyek vagy dombok \u2013 csak p\u00e1lmaf\u00e1k, p\u00e1lmaf\u00e1kkal szeg\u00e9lyezett s\u00e9t\u00e1nyok \u00e9s South Beach h\u00edres pasztellsz\u00edn\u0171 art deco \u00e9p\u00fcletei.<\/p>\n<p>Az \u00e9ghajlat val\u00f3ban tr\u00f3pusi. Miami Beachen forr\u00f3, p\u00e1r\u00e1s nyarak \u00e9s enyhe, meleg telek uralkodnak. A \u201etr\u00f3pusi monszun\u201d z\u00f3n\u00e1ba esik: ny\u00e1ron (m\u00e1just\u00f3l okt\u00f3berig) gyakoriak a d\u00e9lut\u00e1ni es\u0151z\u00e9sek \u00e9s a hurrik\u00e1nvesz\u00e9ly, a nappali maximumok gyakran 30\u00b0C felett alakulnak. A t\u00e9li h\u00f3napok melegek (janu\u00e1rban a maximumok 15\u00b0C \u00e9s 21\u00b0C k\u00f6z\u00f6tt vannak), \u00e9s ritk\u00e1n cs\u00f6kken a h\u0151m\u00e9rs\u00e9klet 10\u00b0C al\u00e1. Az es\u0151s \u00e9vszak ny\u00e1r v\u00e9g\u00e9n tet\u0151zik, ami az \u00e1tlagos \u00e9ves csapad\u00e9kmennyis\u00e9get 122 cm k\u00f6r\u00fclire n\u00f6veli, j\u00faliusban \u00e9s szeptemberben pedig k\u00fcl\u00f6n\u00f6sen csapad\u00e9kos. Hurrik\u00e1nok \u00e9s tr\u00f3pusi viharok fenyegethetnek j\u00faniust\u00f3l novemberig, ez\u00e9rt az ebben az \u00e9vszakban utaz\u00f3knak \u00e9rdemes figyelemmel k\u00eds\u00e9rni\u00fck az el\u0151rejelz\u00e9seket. \u00d6sszess\u00e9g\u00e9ben az \u00e9ghajlat eg\u00e9sz \u00e9vben strandbar\u00e1t, de ny\u00e1ron elengedhetetlen a napv\u00e9delem \u00e9s a k\u00f6nny\u0171 ruh\u00e1zat, m\u00edg a h\u0171v\u00f6sebb t\u00e9li est\u00e9kre egy k\u00f6nny\u0171 kab\u00e1t is elegend\u0151.<\/p>\n<p>Miami Beach \u00fcd\u00fcl\u0151helyk\u00e9nt val\u00f3 t\u00f6rt\u00e9nete a 20. sz\u00e1zad elej\u00e9re ny\u00falik vissza. A szigetek nagyr\u00e9szt lakatlanok voltak, am\u00edg az els\u0151 t\u00f6lt\u00e9s\u00fat meg nem \u00e9p\u00fclt. 1913-ban a fejleszt\u00e9sek beindultak, amikor John S. Collins p\u00e9nz\u00fcgyi szak\u00e9rt\u0151 befejezte a Biscayne-\u00f6b\u00f6l felett \u00e1t\u00edvel\u0151 Collins hidat, amely akkoriban a vil\u00e1g leghosszabb fah\u00eddja volt. Collins (\u00e9s k\u00e9s\u0151bb Carl Fisher, egy aut\u00f3m\u00e1gn\u00e1s \u00e9s hatvan\u00e9ves fejleszt\u0151) elkezdte eladni a f\u00f6ldeket \u00e9s sz\u00e1llod\u00e1kat \u00e9p\u00edteni. A \u201eMiami Beach\u201d v\u00e1ros\u00e1t hivatalosan 1915-ben alap\u00edtott\u00e1k. Miami Beach az 1920-as \u00e9vekben n\u00f6vekedett a floridai f\u00f6ldbummal egy\u00fctt; sz\u00e1mos ikonikus art deco sz\u00e1llod\u00e1ja 1923 \u00e9s 1943 k\u00f6z\u00f6tt \u00e9p\u00fclt. A South Beach-i Art Deco t\u00f6rt\u00e9nelmi negyed k\u00fcl\u00f6n\u00f6sen figyelemre m\u00e9lt\u00f3v\u00e1 v\u00e1lt \u2013 s\u0151t, 1979-ben felvett\u00e9k az Egyes\u00fclt \u00c1llamok Nemzeti T\u00f6rt\u00e9nelmi Helyeinek Jegyz\u00e9k\u00e9be, mint a vil\u00e1g legnagyobb art deco \u00e9p\u00edt\u00e9szeti gy\u0171jtem\u00e9ny\u00e9t.<\/p>\n<p>Az ezt k\u00f6vet\u0151 \u00e9vtizedekben hull\u00e1mv\u00f6lgyek voltak. A sz\u00e1zad k\u00f6zep\u00e9n Miami Beach n\u00e9pszer\u0171 kiruccan\u00e1si c\u00e9lpontt\u00e1 v\u00e1lt a nyugd\u00edjasok \u00e9s a h\u00edress\u00e9gek k\u00f6r\u00e9ben. Az 1960-as \u00e9s 70-es \u00e9vek hanyatl\u00e1st hoztak, mivel n\u00e9h\u00e1ny turista m\u00e1shov\u00e1 k\u00f6lt\u00f6z\u00f6tt, de az art deco \u00e9p\u00fcletek meg\u0151rz\u00e9s\u00e9re ir\u00e1nyul\u00f3 er\u0151fesz\u00edt\u00e9sek az 1980-as \u00e9s 90-es \u00e9vekben \u00fajj\u00e1\u00e9led\u00e9st ind\u00edtottak el. Ma Miami Beach vil\u00e1gh\u00edr\u0171 art deco m\u00fazeumv\u00e1ros, amely t\u00f6bbsz\u00f6r is meg\u00fajult. Korai t\u00f6rt\u00e9nelme \u2013 a Collins k\u00f3kuszligeteit\u0151l \u00e9s a Flamingo Hotelt\u0151l (kb. 1920) a mai csillog\u00f3 \u00fcd\u00fcl\u0151helyekig \u2013 a fenntarthat\u00f3 turizmus \u00e9s az ingatlanpiac \u00e1ltal vez\u00e9relt n\u00f6veked\u00e9s bizony\u00edt\u00e9ka.<\/p>\n<p>Miami Beach annyira kozmopolita, amennyire csak lehets\u00e9ges amerikai v\u00e1rosok. Az angol \u00e9s a spanyol nyelv egyar\u00e1nt elterjedt; s\u0151t, a lakoss\u00e1g t\u00f6bb mint fele otthon besz\u00e9l spanyolul. A v\u00e1ros kult\u00far\u00e1ja a kubai, haiti, eur\u00f3pai \u00e9s amerikai hat\u00e1sok vibr\u00e1l\u00f3 kever\u00e9ke, ami az \u00e9telekben, a zen\u00e9ben \u00e9s az utcai \u00e9letben is megmutatkozik. K\u00f6rny\u00e9kei jellegzetes karakterekkel rendelkeznek: a sikkes South Beach (SoBe) az \u00e9jszakai klubok csillog\u00e1s\u00e1r\u00f3l, a latin ritmusokr\u00f3l \u00e9s a nagysz\u00e1m\u00fa LMBT k\u00f6z\u00f6ss\u00e9gr\u0151l ismert; Mid-Beach \u00e9s North Beach nyugodtabb, csal\u00e1dbar\u00e1t lak\u00f3\u00f6vezeti hangulattal rendelkezik.<\/p>\n<p>Miami Beach \u00e9lete hagyom\u00e1nyosan a strand \u00e9s az \u00e9jszakai \u00e9let kult\u00far\u00e1ja k\u00f6r\u00fcl forog. K\u00fcl\u00f6n\u00f6sen South Beach h\u00edres a non-stop energi\u00e1j\u00e1r\u00f3l: eleg\u00e1ns klubokr\u00f3l, medencepartikr\u00f3l \u00e9s h\u00edress\u00e9gek \u00e1ltal teli rendezv\u00e9nyekr\u0151l (gondoljunk csak a meleg est\u00e9kre az Ocean Drive-on vagy a Club Space-en). Nappal a napoz\u00e1s, a v\u00edzi sportok \u00e9s a laza tengerparti lounge \u00e9letst\u00edlus mened\u00e9ke. A helyiek \u00e9lvezik a szabadt\u00e9ri fitnesz lehet\u0151s\u00e9geket a v\u00edzparti \u00f6sv\u00e9nyeken, \u00e9s a v\u00e1ros jelent\u0151s divat- \u00e9s m\u0171v\u00e9szeti sz\u00ednt\u00e9rrel rendelkezik (p\u00e9ld\u00e1ul Miami Beach minden decemberben ad otthont az \u00e9ves Art Basel kort\u00e1rs m\u0171v\u00e9szeti v\u00e1s\u00e1rnak, amely nemzetk\u00f6zi t\u00f6megeket vonz). A fesztiv\u00e1lok t\u00fckr\u00f6zik ezt a kever\u00e9ket \u2013 p\u00e9ld\u00e1ul a Calle Ocho\/Carnaval Miami a Little Havann\u00e1ban (m\u00e1rcius) \u00e9s a Miami Beach Pride (m\u00e1rcius) a latin-amerikai \u00e9s az LMBTQ kult\u00far\u00e1t \u00fcnnepli, m\u00edg a South Beach Food &amp; Wine Festival (febru\u00e1r) \u00e9s a Winter Music Conference (m\u00e1rcius) a vil\u00e1g minden t\u00e1j\u00e1r\u00f3l vonzza a kulin\u00e1ris \u00e9s t\u00e1nczenei t\u00f6megeket.<\/p>\n<p>A mindennapi \u00e9letben Miami Beach p\u00f6rg\u0151s \u00e9s n\u00e9mileg elb\u0171v\u00f6l\u0151. Sokan dolgoznak a turizmusban \u00e9s a vend\u00e9gl\u00e1t\u00e1sban, vagy a p\u00e9nz\u00fcgyi\/tech szektorban a k\u00f6zeli Miamiban. Van egyfajta laza luxus\u00e9rzet is \u2013 a k\u00e1v\u00e9z\u00f3kkal szeg\u00e9lyezett j\u00e1rd\u00e1kt\u00f3l a luxus butikokig \u00e9s a kubai k\u00e1v\u00e9z\u00f3kig. A buliz\u00e1s imidzse ellen\u00e9re a helyiek er\u0151s k\u00f6z\u00f6ss\u00e9gi szellemet is fenntartanak: a csal\u00e1dok \u00e9lvezik a tengerparti parkokat, \u00e9s laza, meleg hangulat fogadja az embereket, amikor a floridai naps\u00fct\u00e9sben \u00fcdv\u00f6zlik egym\u00e1st. R\u00f6viden, Miami Beach hangulata elektromos, eleg\u00e1ns \u00e9s multikultur\u00e1lis \u2013 egy tengerparti v\u00e1ros, ahol a latin-amerikai \u00edzek, a nemzetk\u00f6zi m\u0171v\u00e9szek \u00e9s az \u00f3ce\u00e1ni \u00e9l\u0151vil\u00e1g z\u00f6kken\u0151mentesen illeszkedik a mindennapokba.<\/p>\n<p>Miami Beach vonzerej\u00e9t nagyr\u00e9szt a strandjai, \u00e9p\u00edt\u00e9szete \u00e9s kultur\u00e1lis \u00e9lete adja. A legh\u00edresebb a South Beach (gyakran SoBe n\u00e9ven is emlegetik), egy h\u00e1rom kilom\u00e9ter hossz\u00fa, t\u00fcrkizk\u00e9k hull\u00e1mokkal \u00e9s feh\u00e9r homokkal tark\u00edtott strandszakasz. A szomsz\u00e9dos Art Deco negyed (k\u00f6zpontja az Ocean Drive \u00e9s a Collins Avenue) f\u0151 vonzer\u0151 \u2013 t\u00f6bb sz\u00e1z \u00e9l\u00e9nk pasztellsz\u00edn\u0171 sz\u00e1lloda, apartman \u00e9s nevezetess\u00e9g tal\u00e1lhat\u00f3 itt, amelyek az 1920-as \u00e9s 40-es \u00e9vekben \u00e9p\u00fcltek. A t\u00f6rt\u00e9nelmi negyed gyalogos vagy ker\u00e9kp\u00e1ros felfedez\u00e9se (pl. a Miami Beach \u00c9p\u00edt\u00e9szeti Negyed t\u00far\u00e1j\u00e1n) igazi \u00e9lm\u00e9ny.<\/p>\n<p>Tov\u00e1bbi kihagyhatatlan helyek k\u00f6z\u00e9 tartozik a Lincoln Road Mall, egy szabadt\u00e9ri gyalogos bev\u00e1s\u00e1rl\u00f3k\u00f6zpont v\u00e1s\u00e1rl\u00e1si \u00e9s \u00e9tkez\u00e9si lehet\u0151s\u00e9gekkel; a Wolfsonian-FIU m\u00fazeum (Art Deco design m\u00fazeum egy \u00e1talak\u00edtott 1920-as \u00e9vekbeli sz\u00e1llod\u00e1ban); a Bass M\u0171v\u00e9szeti M\u00fazeum (kort\u00e1rs m\u0171v\u00e9szet egy neorenesz\u00e1nsz \u00e9p\u00fcletben); \u00e9s a Holokauszt Eml\u00e9km\u0171 (mozg\u00f3 szabadt\u00e9ri szobor). A term\u00e9szet sz\u00e9ps\u00e9gei\u00e9rt \u00e9rdemes ell\u00e1togatni a Miami Beach Botanikus Kertbe \u00e9s a South Pointe Parkba (a South Beach cs\u00facs\u00e1n, vil\u00e1g\u00edt\u00f3toronyra n\u00e9z\u0151 kil\u00e1t\u00e1ssal) \u00e9s b\u00e9k\u00e9s mened\u00e9ket ny\u00fajtani. Egyetlen le\u00edr\u00e1s sem lehet teljes a Miami Beach s\u00e9t\u00e1ny n\u00e9lk\u00fcl, amely kilom\u00e9tereken \u00e1t \u00e9szakra h\u00faz\u00f3dik a homokos parton. \u00c9jszakai \u00e9let \u00e9s sz\u00f3rakoztat\u00f3 k\u00f6zpontok v\u00e1rj\u00e1k az Ocean Drive neonf\u00e9nyes klubjait, valamint pr\u00e9mium tet\u0151t\u00e9ri b\u00e1rokat.<\/p>\n<p>A k\u00f6zelben tal\u00e1lhat\u00f3 a havonta megrendezett Lincoln Road Market, ahol k\u00e9zm\u0171ves term\u00e9keket \u00e9s helyi \u00e9teleket k\u00edn\u00e1lnak. Ha a t\u00f6lt\u00e9sen t\u00falra mer\u00e9szkedsz, az Art Deco M\u00fazeum \u00e9s a Miami Beach Convention Center (az Art Basel helysz\u00edne) is ell\u00e1togathatsz ide. \u00d6sszefoglalva, Miami Beach kihagyhatatlan l\u00e1tnival\u00f3i a tengerparti kikapcsol\u00f3d\u00e1st \u00f6tv\u00f6zik a m\u0171v\u00e9szettel \u00e9s a diz\u00e1jnnal \u2013 a naps\u00fct\u00e9ses strandokt\u00f3l a vil\u00e1gsz\u00ednvonal\u00fa m\u0171v\u00e9szeti v\u00e1s\u00e1rokig \u2013, mindezt t\u00fckr\u00f6zve a v\u00e1ros tengerparti b\u00e1j\u00e1t \u00e9s glob\u00e1lis hangulat\u00e1t.<\/p>\n<p>Miami Beachnek nincs kereskedelmi rep\u00fcl\u0151tere, de k\u00f6nnyen megk\u00f6zel\u00edthet\u0151 a Miami Nemzetk\u00f6zi Rep\u00fcl\u0151t\u00e9ren (MIA), amely k\u00f6r\u00fclbel\u00fcl 12 m\u00e9rf\u00f6ldre fekszik Miami belv\u00e1ros\u00e1t\u00f3l. Az MIA sz\u00e1mos nemzetk\u00f6zi \u00e9s belf\u00f6ldi j\u00e1ratot k\u00edn\u00e1l. A Fort Lauderdale-Hollywood (FLL) \u00e9s a Palm Beach (PBI) rep\u00fcl\u0151terek szint\u00e9n 45-70 m\u00e9rf\u00f6ldes t\u00e1vols\u00e1gon bel\u00fcl tal\u00e1lhat\u00f3k, \u00e9s ig\u00e9nybe vehetik azokat. A rep\u00fcl\u0151t\u00e9rr\u0151l taxival, telekocsival vagy a Metrobus\/Miami Beach Airport Flyerrel juthat el Miami Beachre. A t\u00f6lt\u00e9sutak (Julia Tuttle \u00e9s Venetian) k\u00f6tik \u00f6ssze a szigeteket Miami v\u00e1ros\u00e1val.<\/p>\n<p>Miami Beachen bel\u00fcl az aut\u00f3 haszn\u00e1lata opcion\u00e1lis. South Beach k\u00f6nnyen megk\u00f6zel\u00edthet\u0151 gyalogosan \u00e9s ker\u00e9kp\u00e1rral is; az ingyenes Miami Beach villamosj\u00e1rat t\u00f6bb k\u00f6rj\u00e1ratot is \u00fczemeltet (South Beach, Collins, Mid-Beach \u00e9s North Beach vonalak). A Metrorail \u00e9s a Metrobus rendszerek Miami sz\u00e1razf\u00f6ldi r\u00e9sz\u00e9t szolg\u00e1lj\u00e1k ki, a Metrorail pedig a rep\u00fcl\u0151t\u00e9rrel \u00e9s a belv\u00e1rossal k\u00f6ti \u00f6ssze. Aut\u00f3val \u00e1ltal\u00e1ban parkol\u00f3h\u00e1zra van sz\u00fcks\u00e9g, \u00e9s a South Beach k\u00f6rny\u00e9k\u00e9n sz\u0171k\u00f6s lehet az utcai parkol\u00e1s. A megosztott fuvaroz\u00e1s\u00fa taxik (Uber\/Lyft) \u00e9s a Miami-Dade buszj\u00e1rat is kiszolg\u00e1lja Miami Beachet. \u00c1ltal\u00e1ban a gyalogl\u00e1st vagy a ker\u00e9kp\u00e1roz\u00e1st \u00e9rdemes South Beachen tervezni, \u00e9s esetleg aut\u00f3b\u00e9rl\u00e9st is \u00e9rdemes egynapos kir\u00e1ndul\u00e1sokhoz \u00e9szakra Palm Beachre vagy nyugatra az Evergladesbe.<\/p>\n<p>A fizet\u0151eszk\u00f6z amerikai doll\u00e1r; borraval\u00f3 (15\u201320% \u00e9ttermekben\/b\u00e1rokban) v\u00e1rhat\u00f3. Az angol \u00e9s a spanyol nyelvet sz\u00e9les k\u00f6rben \u00e9rtik (sok \u00e9tlap \u00e9s t\u00e1bla k\u00e9tnyelv\u0171). Az \u00f6lt\u00f6zk\u00f6d\u00e9s nagyon laza; nappal gyakori a strandruha, a papucs \u00e9s a r\u00f6vidnadr\u00e1g. A v\u00e1ros biztons\u00e1gos a turisztikai ter\u00fcleteken, de el\u0151fordulhat zsebtolvajl\u00e1s \u2013 figyeljen a holmij\u00e1ra a strandon \u00e9s a zs\u00fafolt teraszokon. A napv\u00e9delem eg\u00e9sz \u00e9vben elengedhetetlen (naptej, kalap) az er\u0151s UV-sug\u00e1rz\u00e1s miatt. Ha a hurrik\u00e1nszezonban (j\u00fanius\u2013november) l\u00e1togat el, figyeljen az id\u0151j\u00e1r\u00e1si riaszt\u00e1sokra (b\u00e1r a nagyobb hurrik\u00e1nok ritk\u00e1k). A ny\u00e1ri cs\u00facsid\u0151szakban ker\u00fclje a d\u00e9lut\u00e1ni strandol\u00e1st (a h\u0151indexek megugorhatnak), ehelyett v\u00e1lassza a kora reggelt vagy a k\u00e9s\u0151 d\u00e9lut\u00e1nt. V\u00e9g\u00fcl, a helyiekkel szembeni udvariass\u00e1g \u00e9s a 22 \u00f3ra ut\u00e1ni csendes \u00f3r\u00e1k tiszteletben tart\u00e1sa sokat seg\u00edt abban, hogy beilleszkedjen a strand szerelmeseinek \u00e9s a helyi lakosoknak a k\u00f6z\u00f6ss\u00e9g\u00e9be.<a href=\"https:\/\/travelshelper.com\/hu\/uticelok\/eszak-amerika\/amerikai-egyesult-allamok\/berkeley-springs\/\" target=\"_self\" aria-labelledby=\"uael-post-8997\"><br \/>\n<\/a><\/p>","protected":false},"excerpt":{"rendered":"<p>Miami Beach, a d\u00e9l-floridai Miami agglomer\u00e1ci\u00f3 r\u00e9sze, egy tengerparti \u00fcd\u00fcl\u0151v\u00e1ros Miami-Dade megy\u00e9ben, Florid\u00e1ban, \u00e9l\u00e9nk \u00e9s energikus hely. A nyugodt Biscayne-\u00f6b\u00f6l \u00e9s a nagy Atlanti-\u00f3ce\u00e1n k\u00f6z\u00f6tt tal\u00e1lhat\u00f3 term\u00e9szetes \u00e9s mesters\u00e9ges szigetcsoporton fekv\u0151 telep\u00fcl\u00e9s. Az \u00f6b\u00f6l term\u00e9szetes \u00faton v\u00e1lasztja el Miami Beachet a sz\u00e1razf\u00f6ldi Miami v\u00e1ros\u00e1t\u00f3l. Miami Beach sz\u00e1mos negyede k\u00f6z\u00fcl South Beach a legismertebb 2,5 n\u00e9gyzetm\u00e9rf\u00f6ldes (6,5 km\u00b2). Miami belv\u00e1ros\u00e1val \u00e9s PortMiamival egy\u00fctt South Beach alkotja D\u00e9l-Florida akt\u00edv \u00fczleti k\u00f6zpontj\u00e1t.<\/p>","protected":false},"author":1,"featured_media":3272,"parent":8072,"menu_order":0,"comment_status":"closed","ping_status":"closed","template":"elementor_theme","meta":{"_eb_attr":"","footnotes":""},"class_list":["post-8219","page","type-page","status-publish","has-post-thumbnail"],"_links":{"self":[{"href":"https:\/\/travelshelper.com\/hu\/wp-json\/wp\/v2\/pages\/8219","targetHints":{"allow":["GET"]}}],"collection":[{"href":"https:\/\/travelshelper.com\/hu\/wp-json\/wp\/v2\/pages"}],"about":[{"href":"https:\/\/travelshelper.com\/hu\/wp-json\/wp\/v2\/types\/page"}],"author":[{"embeddable":true,"href":"https:\/\/travelshelper.com\/hu\/wp-json\/wp\/v2\/users\/1"}],"replies":[{"embeddable":true,"href":"https:\/\/travelshelper.com\/hu\/wp-json\/wp\/v2\/comments?post=8219"}],"version-history":[{"count":0,"href":"https:\/\/travelshelper.com\/hu\/wp-json\/wp\/v2\/pages\/8219\/revisions"}],"up":[{"embeddable":true,"href":"https:\/\/travelshelper.com\/hu\/wp-json\/wp\/v2\/pages\/8072"}],"wp:featuredmedia":[{"embeddable":true,"href":"https:\/\/travelshelper.com\/hu\/wp-json\/wp\/v2\/media\/3272"}],"wp:attachment":[{"href":"https:\/\/travelshelper.com\/hu\/wp-json\/wp\/v2\/media?parent=8219"}],"curies":[{"name":"wp","href":"https:\/\/api.w.org\/{rel}","templated":true}]}}