{"id":8139,"date":"2024-09-01T13:05:58","date_gmt":"2024-09-01T13:05:58","guid":{"rendered":"https:\/\/travelshelper.com\/staging\/?page_id=8139"},"modified":"2026-03-13T17:53:48","modified_gmt":"2026-03-13T17:53:48","slug":"kansas-city","status":"publish","type":"page","link":"https:\/\/travelshelper.com\/hu\/destinations\/north-america\/united-states\/kansas-city\/","title":{"rendered":"Kansas City"},"content":{"rendered":"<p>Kansas City Missouri \u00e9s Kansas hat\u00e1r\u00e1n fekszik, de itt Kansas Cityre, Missouri \u00e1llamra koncentr\u00e1lunk (gyakran egyszer\u0171en csak \u201eKansas City\u201d, lakoss\u00e1ga ~500 000). Kansas City egy jelent\u0151s k\u00f6z\u00e9pnyugati metropolisz, amely t\u00f6rt\u00e9nelmileg a dzsesszzen\u00e9j\u00e9r\u0151l, a grillezett konyh\u00e1j\u00e1r\u00f3l \u00e9s a sz\u00f6k\u0151kutak h\u00e1l\u00f3zat\u00e1r\u00f3l \u2013 egy\u00e9b kultur\u00e1lis jellegzetess\u00e9gek mellett \u2013 ismert. Ma Kansas City k\u00f6r\u00fclbel\u00fcl 508 000 embernek ad otthont (2023-as becsl\u00e9s), a kiterjedt agglomer\u00e1ci\u00f3 lakoss\u00e1ga nagyj\u00e1b\u00f3l 2,1 milli\u00f3. A Nagy-s\u00edks\u00e1gon fekszik, a Missouri \u00e9s a Kansas foly\u00f3k tal\u00e1lkoz\u00e1s\u00e1n\u00e1l (Missouri d\u00e9li r\u00e9sze). Maga a v\u00e1ros t\u00f6bbnyire s\u00edk terepen fekszik, a h\u00edres k\u0151- \u00e9s grillez\u00e9si eszt\u00e9tik\u00e1val olyan k\u00f6rny\u00e9keken, mint a Country Club Plaza (spanyol ihlet\u00e9s\u0171 \u00e9p\u00edt\u00e9szet). Kansas City \u00e9ghajlata p\u00e1r\u00e1s kontinent\u00e1lis: forr\u00f3, p\u00e1r\u00e1s nyarak (gyakori zivatarok) \u00e9s hideg, havas telek (tavasszal torn\u00e1d\u00f3vesz\u00e9llyel).<\/p>\n<p>Gazdas\u00e1gi szempontb\u00f3l Kansas City sz\u00e9lesk\u00f6r\u0171 \u00e9s diverzifik\u00e1lt b\u00e1zissal rendelkezik. A metropolisz GDP-je k\u00f6r\u00fclbel\u00fcl 146 milli\u00e1rd doll\u00e1r. A f\u0151bb ipar\u00e1gak k\u00f6z\u00e9 tartoznak a biotudom\u00e1nyok (\u00e1llateg\u00e9szs\u00e9g\u00fcgy\/gy\u00f3gyszer\u00e9szeti kutat\u00e1s \u2013 Kansas City glob\u00e1lis vezet\u0151 szerepet t\u00f6lt be, 113 969 biotudom\u00e1nyi ter\u00fcleten dolgoz\u00f3val) \u00e9s az er\u0151s technol\u00f3giai szektor (2024-ben k\u00f6r\u00fclbel\u00fcl 77 700 alkalmazott a technol\u00f3giai szektorban). A logisztika \u00e9s az eloszt\u00e1s hatalmas, Kansas City \u201ekeresztez\u0151d\u00e9si\u201d elhelyezked\u00e9s\u00e9nek k\u00f6sz\u00f6nhet\u0151en (f\u0151 vas\u00fat\u00e1llom\u00e1sok \u00e9s aut\u00f3p\u00e1ly\u00e1k), t\u00f6bb mint 105 000 embert foglalkoztatva. A p\u00e9nz\u00fcgyi szolg\u00e1ltat\u00e1sok \u00e9s a biztos\u00edt\u00e1s (k\u00f6r\u00fclbel\u00fcl 77 000 munkahely) szint\u00e9n kiemelked\u0151. A feldolgoz\u00f3ipar (k\u00fcl\u00f6n\u00f6sen az \u00e9lelmiszer-feldolgoz\u00e1s, Missouri mez\u0151gazdas\u00e1gi kapcsolatai miatt) tov\u00e1bbra is a gazdas\u00e1g r\u00e9sze. Kansas Cityben, Missouri \u00e1llamban a h\u00e1ztart\u00e1sok medi\u00e1nj\u00f6vedelme nagyj\u00e1b\u00f3l 67 449 doll\u00e1r (2023), a szeg\u00e9nys\u00e9gi r\u00e1ta pedig k\u00f6r\u00fclbel\u00fcl 14,6%. Az elm\u00falt \u00e9vtizedekben Kansas City v\u00e1llalati k\u00f6zpontokat \u00e9s startupokat egyar\u00e1nt vonzott, ami t\u00fckr\u00f6zi k\u00f6zponti amerikai elhelyezked\u00e9s\u00e9t \u00e9s viszonylag alacsony meg\u00e9lhet\u00e9si k\u00f6lts\u00e9geit.<\/p>\n<h2>Kansas City sz\u00e1mokban<\/h2>\n<p>Kansas City, Missouri v\u00e1rosr\u00e9sz\u00e9nek lakoss\u00e1ga 2023-ban k\u00f6r\u00fclbel\u00fcl 508 233 f\u0151 volt. A demogr\u00e1fiai \u00f6sszet\u00e9tel v\u00e1ltozatos: k\u00f6r\u00fclbel\u00fcl 54,5% feh\u00e9r (nem spanyol ajk\u00fa), 25,5% afroamerikai \u00e9s 12,3% spanyol vagy latin-amerikai. A fennmarad\u00f3 r\u00e9szt \u00e1zsiaiak \u00e9s m\u00e1s etnikai csoportok alkotj\u00e1k. Ez a soksz\u00edn\u0171s\u00e9g \u00e9l\u00e9nk multikultur\u00e1lis sz\u00ednteret teremt (vegye figyelembe a v\u00e1ros d\u00e9li \u00e9s d\u00e9lnyugati oldal\u00e1n \u00e9l\u0151 jelent\u0151s spanyol ajk\u00fa k\u00f6z\u00f6ss\u00e9geket). Kansas City medi\u00e1n \u00e9letkora a 30-as \u00e9vek v\u00e9ge fel\u00e9 van. A h\u00e1ztart\u00e1sok medi\u00e1nj\u00f6vedelme (~67 000 doll\u00e1r) \u00e9s az ingatlanok \u00e9rt\u00e9ke szer\u00e9ny (az ingatlanok \u00e1tlagos \u00e9rt\u00e9ke 200 000 doll\u00e1r k\u00f6r\u00fcl van, b\u00e1r egyes ter\u00fcleteken enn\u00e9l j\u00f3val magasabb), ami a v\u00e1ros k\u00f6z\u00e9pnyugati kontextus\u00e1t t\u00fckr\u00f6zi.<\/p>\n<p>Metropolitan l\u00e9pt\u00e9k tekintet\u00e9ben Kansas City az egyik legnagyobb amerikai metropolisz: k\u00f6r\u00fclbel\u00fcl 2,1 milli\u00f3 lakossal, ami orsz\u00e1gosan a 30. legnagyobb (a 2020-as n\u00e9psz\u00e1ml\u00e1l\u00e1si adatok szerint). A t\u00e1gabb metropolisz gazdas\u00e1ga k\u00f6r\u00fclbel\u00fcl 146 milli\u00e1rd doll\u00e1r (2019), \u00edgy a Plains \u00e9s Ozarks er\u0151s region\u00e1lis \u00fczleti \u00e9s kultur\u00e1lis k\u00f6zpontja. Az egy f\u0151re jut\u00f3 metropoliszban magas a munkaer\u0151piaci r\u00e9szv\u00e9tel, \u00e9s jelent\u0151s a v\u00e1llalati jelenl\u00e9t. A sport \u00e9s az esem\u00e9nyek is hozz\u00e1j\u00e1rulnak: Kansas City profi csapatai (az NFL-b\u0151l a Chiefs, az MLB-b\u0151l a Royals, az MLS-b\u0151l a Sporting KC) orsz\u00e1gos figyelmet \u00e9s gazdas\u00e1gi hat\u00e1st keltenek.<\/p>\n<h2>Elhelyezked\u00e9s<\/h2>\n<p>Kansas City, Missouri \u00e1llam, az Egyes\u00fclt \u00c1llamok k\u00f6z\u00e9pnyugati r\u00e9sz\u00e9n, a Missouri \u00e9s Kansas hat\u00e1r\u00e1n fekszik. A Missouri foly\u00f3 (a belv\u00e1rost\u00f3l n\u00e9h\u00e1ny m\u00e9rf\u00f6ldre \u00e9szakra) \u00e9s mell\u00e9kfoly\u00f3ja, a Kansas foly\u00f3 (amely a kansasi oldalon folyik) tal\u00e1lkoz\u00e1s\u00e1n\u00e1l fekszik. A t\u00e1j els\u0151sorban s\u00edks\u00e1g, enyh\u00e9n lank\u00e1s dombokkal; a figyelemre m\u00e9lt\u00f3 magasabb pontok k\u00f6z\u00e9 tartozik a Penn Valley \u00e9s a Swope Parks. Kansas City tengerszint feletti magass\u00e1ga nagyj\u00e1b\u00f3l 260 m.<\/p>\n<p>A v\u00e1ros k\u00f6zleked\u00e9si keresztez\u0151d\u00e9s: a 70-es \u00e1llamk\u00f6zi aut\u00f3p\u00e1lya kelet-nyugati ir\u00e1nyban halad \u00e1t Kansas \u00e1llamon, \u00f6sszek\u00f6ttet\u00e9sben \u00e1llva St. Louisszal (kelet) \u00e9s Denverrel (nyugat); a 35-\u00f6s \u00e1llamk\u00f6zi aut\u00f3p\u00e1lya \u00e9szak fel\u00e9, Kansas fel\u00e9 (Des Moines-ig), d\u00e9l fel\u00e9 pedig Oklahoma City fel\u00e9 halad; a 29-es \u00e1llamk\u00f6zi aut\u00f3p\u00e1lya pedig \u00e9szak fel\u00e9, Iowa fel\u00e9 tart. A v\u00e1ros k\u00f6zponti amerikai elhelyezked\u00e9se azt jelenti, hogy Amerika nagy r\u00e9sze egynapos aut\u00f3\u00fatra tal\u00e1lhat\u00f3.<\/p>\n<p>Az \u00e9ghajlat kontinent\u00e1lis: a ny\u00e1r forr\u00f3 \u00e9s p\u00e1r\u00e1s (j\u00faliusban az \u00e1tlagos maximumh\u0151m\u00e9rs\u00e9klet ~32\u00b0C, f\u00fclledt \u00e9jszak\u00e1kkal). A telek hidegek (janu\u00e1rban a maximumh\u0151m\u00e9rs\u00e9klet 2\u00b0C k\u00f6r\u00fcl van, a minimumh\u0151m\u00e9rs\u00e9klet 10\u00b0C, \u00e9vente k\u00f6r\u00fclbel\u00fcl 50 cm h\u00f3 esik). A tavasz \u00e9s az \u0151sz \u00e1tmeneti id\u0151szak, b\u00e1r tavasszal heves zivatarok (\u00e9s alkalmank\u00e9nt torn\u00e1d\u00f3k) is el\u0151fordulhatnak. A szabadt\u00e9ri fesztiv\u00e1lok hirtelen id\u0151j\u00e1r\u00e1s-v\u00e1ltoz\u00e1soknak vannak kit\u00e9ve. \u00d6sszess\u00e9g\u00e9ben Kanzas Sierra Nevada n\u00e9gy k\u00fcl\u00f6nb\u00f6z\u0151 \u00e9vszakot mutat \u2013 ezt a t\u00e9nyez\u0151t a l\u00e1togat\u00f3knak figyelembe kell venni\u00fck a tervez\u00e9s sor\u00e1n.<\/p>\n<h2>T\u00f6rt\u00e9nelmi pillanatk\u00e9p<\/h2>\n<p>Kansas City eredete a 19. sz\u00e1zadi nyugati terjeszked\u00e9sre ny\u00falik vissza. Kezdetben folyami kik\u00f6t\u0151k\u00e9nt (Westport Landing) m\u0171k\u00f6d\u00f6tt a Missouri foly\u00f3n, a Kansas foly\u00f3r\u00f3l (\u00e9s v\u00e9gs\u0151 soron egy indi\u00e1n t\u00f6rzsr\u0151l) kapta a nev\u00e9t. A polg\u00e1rh\u00e1bor\u00fa ut\u00e1n a vas\u00fat\u00e9p\u00edt\u00e9seknek \u00e9s a Nyugat fel\u00e9 vezet\u0151 strat\u00e9giai elhelyezked\u00e9s\u00e9nek k\u00f6sz\u00f6nhet\u0151en gyorsan n\u00f6vekedett. 1870-re Kansas City m\u00e1r jelent\u0151s v\u00e1ros volt, a 20. sz\u00e1zad fordul\u00f3j\u00e1ra pedig az orsz\u00e1g kulcsfontoss\u00e1g\u00fa \u00e1llatteny\u00e9szt\u0151 \u00e9s h\u00fasfeldolgoz\u00f3 k\u00f6zpontja. Ebben a korszakban Kansas City a dzsesszzene \u00e9s az afroamerikai kult\u00fara fontos k\u00f6zpontj\u00e1v\u00e1 is v\u00e1lt (k\u00fcl\u00f6n\u00f6sen a 18. \u00e9s Vine ker\u00fcletben, ahol olyan legend\u00e1k l\u00e9ptek fel, mint Charlie Parker, \u00e9s ahol ma a Negro Leagues Baseball M\u00fazeum \u00e1ll).<\/p>\n<p>A 20. sz\u00e1zad folyam\u00e1n a v\u00e1ros a k\u00fclv\u00e1rosaival egy\u00fctt konszolid\u00e1l\u00f3dott (1940-es \u00e9s 1960-as \u00e9vek k\u00f6z\u00f6tt), \u00e9s folyamatosan terjeszkedett. A h\u00edres Country Club Plaza bev\u00e1s\u00e1rl\u00f3negyed 1922-ben \u00e9p\u00fclt, az egyik els\u0151 aut\u00f3-orient\u00e1lt bev\u00e1s\u00e1rl\u00f3k\u00f6zpontk\u00e9nt. A sz\u00e1zad k\u00f6zep\u00e9n bek\u00f6vetkezett hanyatl\u00e1s ut\u00e1n az 1990-es \u00e9vekben megkezd\u0151d\u00f6tt a revitaliz\u00e1ci\u00f3 a belv\u00e1ros fel\u00faj\u00edt\u00e1s\u00e1val \u00e9s \u00faj kultur\u00e1lis beruh\u00e1z\u00e1sokkal. Az elm\u00falt \u00e9vekben Kansas City modern irodatornyokb\u00f3l \u00e9s sz\u00e1llod\u00e1kb\u00f3l \u00e1ll\u00f3 \u00faj l\u00e1tk\u00e9ppel jelent meg. (Az egyik m\u00e9rf\u00f6ldk\u0151nek sz\u00e1m\u00edt\u00f3 fejleszt\u00e9s a 2011-ben megny\u00edlt Kauffman Center for the Performing Arts volt, amely tov\u00e1bbi n\u00f6veked\u00e9st hozott a belv\u00e1rosi Power &amp; Light Districtben.) Ma Kansas City tiszteleg jazz \u00f6r\u00f6ks\u00e9ge el\u0151tt (az Amerikai Jazzm\u00fazeum), \u00fcnnepli sportbajnokait (Super Bowl gy\u0151zelmek, World Series gy\u0151zelmek), \u00e9s fenntartja a k\u00f6z\u00e9pnyugati vend\u00e9gszeretetet. \u00cdgy a t\u00f6rt\u00e9nelmi narrat\u00edva a hat\u00e1r\u00e1tkel\u0151helyek, a vibr\u00e1l\u00f3 kultur\u00e1lis keresztez\u0151d\u00e9s \u00e9s a rugalmas v\u00e1rosi meg\u00fajul\u00e1s t\u00f6rt\u00e9nete.<\/p>\n<h2>Kultur\u00e1lis hangulat<\/h2>\n<p>Kansas City er\u0151s \u00e9s jellegzetes kultur\u00e1lis identit\u00e1ssal rendelkezik. A dzsesszzene el\u0151sz\u00f6r az 1920-as \u00e9s 30-as \u00e9vekben vir\u00e1gzott itt a 18th &amp; Vine utca klubjaiban, \u00e9s ma is akt\u00edv hagyom\u00e1ny. A v\u00e1ros minden este t\u00f6bb tucat dzsesszhelysz\u00ednt, klubot \u00e9s jam sessiont t\u00e1mogat. Az Amerikai Dzsesszm\u00fazeum (a t\u00f6rt\u00e9nelmi 18th &amp; Vine ker\u00fcletben) \u00e9s az \u00e9ves Kansas City Jazz &amp; Heritage Fesztiv\u00e1l minden ny\u00e1ron ezt az \u00f6r\u00f6ks\u00e9get t\u00fckr\u00f6zi.<\/p>\n<p>Ugyanilyen ikonikus a kansasi konyha grillez\u00e9si kult\u00far\u00e1ja: a v\u00e1ros t\u00f6bb mint 100 grillez\u0151 \u00e9tteremmel rendelkezik, \u00e9s a helyiek nagyon komolyan veszik a lassan f\u00fcst\u00f6lt h\u00fasokat. Mindegyik h\u00edres region\u00e1lis st\u00edlus (pl. \u00e9getett v\u00e9g\u0171, \u00e9des sz\u00f3szos) megtal\u00e1lhat\u00f3 itt, s\u0151t, van egy \u201eKC BBQ Experience\u201d mobilalkalmaz\u00e1s is, amely a pitmestereket \u00e9rt\u00e9keli. A grillez\u0151helyek (mint p\u00e9ld\u00e1ul az Arthur Bryant&#039;s, a Gates, a Jack Stack) \u00e9tkez\u00e9si nevezetess\u00e9gek, amelyeket gyakran emlegetnek a l\u00e1togat\u00f3k sz\u00e1m\u00e1ra k\u00f6telez\u0151 kipr\u00f3b\u00e1l\u00e1sk\u00e9nt.<\/p>\n<p>Egy m\u00e1sik k\u00fcl\u00f6nleges jellegzetess\u00e9ge Kansas City sz\u00e1mos sz\u00f6k\u0151k\u00fatja. A \u201esz\u00f6k\u0151kutak v\u00e1rosak\u00e9nt\u201d emlegetett Kansas City t\u00f6bb mint 200 d\u00edszsz\u00f6k\u0151k\u00fattal rendelkezik \u2013 \u00f6sszess\u00e9g\u00e9ben csak R\u00f3ma ut\u00e1n a m\u00e1sodik helyen. (Sz\u00f6k\u0151kutakat l\u00e1that parkokban, k\u00f6rforgalomban \u00e9s udvarokon szerte a v\u00e1rosban.) Ezek nem csup\u00e1n d\u00edszek, hanem k\u00f6zkedvelt v\u00e1rosi szimb\u00f3lumok \u2013 a Kansas City v\u00e1rosi b\u00fcszkes\u00e9g\u00e9nek \u00e9s a k\u00f6zterekre helyezett hangs\u00faly\u00e1nak a mutat\u00f3i.<\/p>\n<p>Ami a sportot \u00e9s a fesztiv\u00e1lokat illeti, Kansas City er\u0151s polg\u00e1ri b\u00fcszkes\u00e9get mutat. A Kansas City Chiefs k\u00f6zelm\u00faltbeli NFL-bajnoks\u00e1gai (2019-es \u00e9s 2022-es szezonokban) \u00fajra\u00e9lesztett\u00e9k a v\u00e1ros lelkesed\u00e9s\u00e9t; az olyan \u201e\u00fcnneps\u00e9gek\u201d, mint a gy\u0151zelmi felvonul\u00e1sok, jelent\u0151s k\u00f6z\u00f6ss\u00e9gi esem\u00e9nyekk\u00e9 v\u00e1lnak. A Kansas City Royals (MLB) \u00e9s a Sporting Kansas City (MLS) is vonzza a saj\u00e1t k\u00f6vet\u0151it. A v\u00e1ros neves esem\u00e9nyeknek is otthont ad: az American Royal \u00e1llatteny\u00e9szt\u00e9si \u00e9s rode\u00f3versenynek (1899 \u00f3ta), egy hatalmas \u00e1llatbemutat\u00f3nak, amelyet minden \u0151sszel megrendeznek, valamint a Boulevardia S\u00f6rfesztiv\u00e1lnak, amely a Kansas City n\u00f6vekv\u0151 k\u00e9zm\u0171ves s\u00f6rf\u0151zdei sz\u00ednter\u00e9t t\u00fckr\u00f6zi.<\/p>\n<p>A v\u00e1rosr\u00e9szek mindegyike hozz\u00e1j\u00e1rul a hangulathoz: a Westport \u00e9s a River Market negyedek \u00e9jszakai \u00e9let\u00e9r\u0151l \u00e9s \u00e9tkez\u00e9si lehet\u0151s\u00e9geir\u0151l ismertek; a Crossroads M\u0171v\u00e9szeti Negyedben gal\u00e9ri\u00e1k \u00e9s First Friday m\u0171v\u00e9szeti piacok tal\u00e1lhat\u00f3k; a 18th &amp; Vine T\u00f6rt\u00e9nelmi Jazz Negyed (ahol a Negro Leagues Baseball M\u00fazeum is tal\u00e1lhat\u00f3) a jazz \u00e9s a polg\u00e1rjogi t\u00f6rt\u00e9nelem kultur\u00e1lis k\u00f6zpontja. Minden k\u00f6rny\u00e9ken a helyiek \u00e1ltal\u00e1ban f\u00f6ldh\u00f6zragadt emberek \u00e9s bar\u00e1ts\u00e1gosak, t\u00fckr\u00f6zve a k\u00f6z\u00e9pnyugati vend\u00e9gszeretetet. Az angol nyelv mindenhol elterjedt, de a v\u00e1ros d\u00e9li oldal\u00e1n gyakran hallani spanyolt (n\u00e9h\u00e1ny iskol\u00e1ban \u00e9s \u00fczletben). \u00d6sszess\u00e9g\u00e9ben Kanzas Siti meleg, energikus l\u00e9gk\u00f6rt k\u00edn\u00e1l \u2013 nagyv\u00e1rosi l\u00e9pt\u00e9kben, de hazai sz\u00edvvel.<\/p>\n<h2>Legn\u00e9pszer\u0171bb l\u00e1tnival\u00f3k<\/h2>\n<p>Kansas City l\u00e1tnival\u00f3i kultur\u00e1lis int\u00e9zm\u00e9nyeket, t\u00f6rt\u00e9nelmet \u00e9s sz\u00f3rakoz\u00e1si lehet\u0151s\u00e9geket k\u00edn\u00e1lnak. A f\u0151bb vonzer\u0151k k\u00f6z\u00e9 tartoznak:<\/p>\n<ul>\n<li><strong>Nemzeti I. vil\u00e1gh\u00e1bor\u00fas M\u00fazeum \u00e9s Eml\u00e9km\u0171<\/strong> \u2013 A belv\u00e1rosi Liberty Memorial torny\u00e1ban tal\u00e1lhat\u00f3, ez az orsz\u00e1g egyik leg\u00e1tfog\u00f3bb els\u0151 vil\u00e1gh\u00e1bor\u00fas m\u00fazeuma. Az eml\u00e9ktoronyb\u00f3l panor\u00e1m\u00e1s kil\u00e1t\u00e1s ny\u00edlik a v\u00e1rosra.<\/li>\n<li><strong>Nelson-Atkins M\u0171v\u00e9szeti M\u00fazeum<\/strong> \u2013 Nemzetk\u00f6zileg elismert m\u0171v\u00e9szeti m\u00fazeum (Sosztakovics-szobr\u00e1r\u00f3l \u00e9s szabadt\u00e9ri \u201eSky Stations\u201d-eir\u0151l h\u00edres). A bel\u00e9p\u00e9s ingyenes, a m\u00fazeum gy\u0171jtem\u00e9nye pedig az \u00e1zsiai m\u0171v\u00e9szett\u0151l a kort\u00e1rs m\u0171v\u00e9szetig terjed. (A Nelson neoklasszicista \u00e9p\u00fclete \u00e9s t\u00fckr\u00f6z\u0151d\u0151 medenc\u00e9je \u00f6nmag\u00e1ban is fotog\u00e9n.)<\/li>\n<li><strong>Amerikai Jazzm\u00fazeum \u00e9s N\u00e9ger Liga Baseballm\u00fazeum<\/strong> \u2013 Mindkett\u0151 a t\u00f6rt\u00e9nelmi 18. \u00e9s Vine ker\u00fcletben tal\u00e1lhat\u00f3. A Jazz M\u00fazeum a KC jazz t\u00f6rt\u00e9net\u00e9t mutatja be (arch\u00edv felv\u00e9telekkel), m\u00edg a Negro Leagues M\u00fazeum az afroamerikai baseball \u00fatt\u00f6r\u0151it mutatja be. (Ezek az int\u00e9zm\u00e9nyek kiemelik a KC jelent\u0151s kultur\u00e1lis \u00f6r\u00f6ks\u00e9g\u00e9t.)<\/li>\n<li><strong>Country Club Plaza<\/strong> \u2013 Spanyol \u00e9p\u00edt\u00e9szeti st\u00edlusban tervezett, el\u0151kel\u0151 szabadt\u00e9ri bev\u00e1s\u00e1rl\u00f3negyed sz\u00f6k\u0151kutakkal \u00e9s cser\u00e9ptet\u0151kkel. N\u00e9pszer\u0171 hely v\u00e1s\u00e1rl\u00e1sra, \u00e9tkez\u00e9sre \u00e9s az emberek megfigyel\u00e9s\u00e9re, k\u00fcl\u00f6n\u00f6sen a H\u00e1laad\u00e1skor megrendezett \u00e9ves t\u00e9rkivil\u00e1g\u00edt\u00e1si \u00fcnneps\u00e9g alatt.<\/li>\n<li><strong>Union Station \u00e9s Science City<\/strong> \u2013 A t\u00f6rt\u00e9nelmi Union Station (1914-ben \u00e9p\u00fclt) ma m\u00e1r csal\u00e1dbar\u00e1t l\u00e1tv\u00e1nyoss\u00e1g \u00e9ttermekkel, interakt\u00edv tudom\u00e1nyos k\u00f6zponttal (Science City) \u00e9s alkalmi ki\u00e1ll\u00edt\u00e1sokkal. (Gyerekbar\u00e1t, de feln\u0151ttek sz\u00e1m\u00e1ra is \u00e9rdekes.)<\/li>\n<li><strong>Korona K\u00f6zpont<\/strong> \u2013 Az Union Station mellett tal\u00e1lhat\u00f3 a Crown Center egy vegyes funkci\u00f3j\u00fa komplexum a Hallmark v\u00e1llalati k\u00f6zpontj\u00e1val, \u00fczletekkel \u00e9s a Legoland Discovery Centerrel \u2013 nagyszer\u0171 hely csal\u00e1dok sz\u00e1m\u00e1ra. Mellette tal\u00e1lhat\u00f3 a <strong>Korona K\u00f6zponti T\u00e9r<\/strong> szezon\u00e1lis rendezv\u00e9nyeknek ad otthont (p\u00e9ld\u00e1ul az \u00e9ves j\u00e9gp\u00e1ly\u00e1nak).<\/li>\n<li><strong>Kansas City-i \u00c1llatkert<\/strong> \u2013 A Swope Parkban tal\u00e1lhat\u00f3, az orsz\u00e1g egyik legnagyobb \u00e1llatkertj\u00e9ben (egy 65 hekt\u00e1ros t\u00f3 k\u00f6r\u00e9 \u00e9p\u00fclt). Egy nagy afrikai ki\u00e1ll\u00edt\u00e1ssal rendelkezik elef\u00e1ntokkal, zsir\u00e1fokkal \u00e9s nagymacsk\u00e1kkal, valamint a Helzberg Penguin Plaza-val.<\/li>\n<li><strong>Boulevard aut\u00f3smozi<\/strong> \u2013 Klasszikus aut\u00f3smozi \u00e9lm\u00e9ny 1950 \u00f3ta. Ez a nosztalgikus hely a helyiek kedvence a ny\u00e1ri dupla vet\u00edt\u00e9sek miatt a csillagok alatt.<\/li>\n<li><strong>A Nelson-Atkins Szoborpark \u00e9s V\u00edzij\u00e1t\u00e9k<\/strong> \u2013 A fedett m\u00fazeum mellett a Nelson birtok\u00e1n szabadt\u00e9ri szobrok \u00e9s egy hatalmas sz\u00f6k\u0151k\u00fat is tal\u00e1lhat\u00f3, amelyet ny\u00e1ri est\u00e9ken sz\u00ednes f\u00e9nyekkel vil\u00e1g\u00edtanak meg.<\/li>\n<\/ul>\n<p>Ezek k\u00f6z\u00fcl sok felfedezhet\u0151 az ingyenes KC villamossal a belv\u00e1rosban (egy 2,2 m\u00e9rf\u00f6ldes vonal, amely a River Marketet k\u00f6ti \u00f6ssze a belv\u00e1roson kereszt\u00fcl az Union Stationnel \u00e9s a Crossroads-szal). Val\u00f3j\u00e1ban a KC k\u00f6zelm\u00faltbeli v\u00e1rosrehabilit\u00e1ci\u00f3ja gyalogosan is k\u00f6nnyebb\u00e9 tette a belv\u00e1rost, \u00faj \u00e9ttermekkel, s\u00f6rf\u0151zd\u00e9kkel \u00e9s k\u00f6zt\u00e9ri m\u0171v\u00e9szeti alkot\u00e1ssal (a k\u00f6r\u00fat Boulevardia negyede \u00e9s a River Market). \u00d6sszess\u00e9g\u00e9ben a l\u00e1tnival\u00f3k kiemelik Kansas City k\u00f6z\u00e9pnyugati \u00f6r\u00f6ks\u00e9g\u00e9nek (sz\u00f6k\u0151kutak, grillez\u00e9s, jazz) \u00e9s a nagyv\u00e1rosi m\u0171v\u00e9szetek \u00e9s sz\u00f3rakoztat\u00e1s kever\u00e9k\u00e9t.<\/p>\n<h2>Gyakorlati pillanatk\u00e9p<\/h2>\n<p>A f\u0151 rep\u00fcl\u0151t\u00e9r a Kansas City Nemzetk\u00f6zi Rep\u00fcl\u0151t\u00e9r (MCI, gyakran MCI \/ Kansas City n\u00e9ven emlegetik), amely a belv\u00e1rost\u00f3l k\u00f6r\u00fclbel\u00fcl 24 kilom\u00e9terre \u00e9szaknyugatra tal\u00e1lhat\u00f3. Az MCI t\u00f6bb tucat belf\u00f6ldi j\u00e1ratot (Chicago, Dallas, Denver, New York stb.) \u00e9s n\u00e9h\u00e1ny nemzetk\u00f6zi \u00fatvonalat k\u00edn\u00e1l (pl. Londonba vagy Mexik\u00f3v\u00e1rosba). Aut\u00f3val Kansas City k\u00f6nnyen megk\u00f6zel\u00edthet\u0151 az I-35-\u00f6s \u00e9s az I-70-es aut\u00f3p\u00e1ly\u00e1n. Vonattal \u00e9rkez\u0151knek az Amtrak Kansas City \u00e1llom\u00e1sa (Missouri \u00e1llamban) naponta ind\u00edt j\u00e1ratokat a Southwest Chief vonalon (partt\u00f3l partig tart\u00f3 \u00fatvonal) \u2013 b\u00e1r a menetrend korl\u00e1tozott. A region\u00e1lis rep\u00fcl\u0151terek (pl. Kansas City, Kansas rep\u00fcl\u0151t\u00e9r vagy Columbia Regional) sokkal kisebbek, \u00edgy a legt\u00f6bb utaz\u00f3 az MCI-t haszn\u00e1lja.<\/p>\n<p>A belv\u00e1rosi ingyenes (KC) villamosrendszer k\u00e9nyelmes utaz\u00e1st biztos\u00edt a F\u0151utc\u00e1n \u00e9s a Grand Blvd-on (a River Markett\u0151l a Crown Center\/Union Stationig), \u00e9s ami fontos, a j\u00e1ratok... <em>ingyenes<\/em> az utasoknak. (A villamost \u00e9szak fel\u00e9 meghosszabb\u00edtj\u00e1k, \u00e9s 2025-re \u00f6sszek\u00f6ttet\u00e9sbe ker\u00fcl Westporttal \u00e9s a Country Club Plaz\u00e1val.) Ezenk\u00edv\u00fcl a v\u00e1ros egy buszh\u00e1l\u00f3zatot (RideKC) \u00fczemeltet, amely lefedi a metr\u00f3t; azonban a v\u00e1rosi terjeszked\u00e9s azt jelenti, hogy a k\u00fclv\u00e1rosi ter\u00fcleteken \u00e9s a cs\u00facsforgalmi \u00fczleti utakon sok l\u00e1togat\u00f3 b\u00e9relt aut\u00f3ra, telekocsira vagy taxira t\u00e1maszkodik. A belv\u00e1rosban \u00e9s a k\u00fclv\u00e1rosokban tal\u00e1lhat\u00f3 f\u0151bb l\u00e1tnival\u00f3k (\u00c1llatkert, Crown Center) aut\u00f3val a legk\u00f6nnyebben megk\u00f6zel\u00edthet\u0151k. A belv\u00e1ros \u00e9s a Crossroads k\u00f6nnyen megk\u00f6zel\u00edthet\u0151 gyalogosan, \u00e9s a ker\u00e9kp\u00e1roz\u00e1s n\u00e9pszer\u0171 sz\u00e1mos \u00f6sv\u00e9nyen.<\/p>\n<p>Az amerikai doll\u00e1r a p\u00e9nznem, \u00e9s az angol a f\u0151 nyelv (a lakosok k\u00f6r\u00fclbel\u00fcl 12%-a spanyol ajk\u00fa, \u00edgy a spanyol a m\u00e1sodik leggyakoribb nyelv r\u00e9gi\u00f3nk\u00e9nt). A borraval\u00f3 az amerikai norm\u00e1k szerint alakul (\u00e9ttermekben 15\u201320%). Kansas City-ben a sof\u0151r\u00f6k ugyanazokat a k\u00f6zleked\u00e9si szab\u00e1lyokat tartj\u00e1k be, mint az Egyes\u00fclt \u00c1llamok m\u00e1s r\u00e9szein (jobb oldali k\u00f6zleked\u00e9s). Megjegyz\u00e9s a biztons\u00e1gr\u00f3l: Kansas City belv\u00e1rosa \u00e1ltal\u00e1ban biztons\u00e1gos nappal \u00e9s kora este (a turisztikai z\u00f3n\u00e1kban l\u00e1that\u00f3 rend\u0151ri jelenl\u00e9ttel), de mint minden nagyv\u00e1rosban, \u00e9jszaka is figyelni kell a k\u00f6rnyezetre. A Missouri foly\u00f3 k\u00f6rny\u00e9ke tavasszal \u00e1rv\u00edzhez vezethet, ez\u00e9rt a foly\u00f3parti parkokba val\u00f3 utaz\u00e1s el\u0151tt ellen\u0151rizze az \u00e9vszakhoz ill\u0151 figyelmeztet\u00e9seket. Az id\u0151j\u00e1r\u00e1st illet\u0151en pakoljon az \u00e9vszaknak megfelel\u0151en \u2013 ny\u00e1ron zivatarok, t\u00e9len j\u00e9g lehet.<\/p>\n<p>\u00d6sszefoglalva, egy Kansas Citybe l\u00e1togat\u00f3nak nagyv\u00e1rosi szolg\u00e1ltat\u00e1sokra kell sz\u00e1m\u00edtania egy f\u00f6ldh\u00f6zragadt hangulattal. Az infrastrukt\u00fara (utak, sz\u00e1llodal\u00e1ncok, \u00e9ttermek) modern \u00e9s l\u00e1togat\u00f3bar\u00e1t. A m\u0171v\u00e9szetekre \u00e9s a gasztron\u00f3mi\u00e1ra helyezett hangs\u00faly azt jelenti, hogy k\u00f6nnyen tal\u00e1lhat nemzetk\u00f6zi \u00e9teleket a grillezett \u00e9ttermek mellett, \u00e9s az angol nyelvtud\u00e1s is el\u00e9g az eligazod\u00e1shoz. Kansas City k\u00f6rny\u00e9k\u00e9n t\u00f6bb jelent\u0151s bev\u00e1s\u00e1rl\u00f3- \u00e9s kultur\u00e1lis negyed is tal\u00e1lhat\u00f3, \u00edgy hasznos a logisztika megtervez\u00e9se: p\u00e9ld\u00e1ul a belv\u00e1ros, a Country Club Plaza \u00e9s a Westport nem egym\u00e1s mellett tal\u00e1lhat\u00f3k, ez\u00e9rt \u00e9rdemes id\u0151t hagyni a vezet\u00e9sre vagy transzferre k\u00f6z\u00f6tt\u00fck. \u00c1ltal\u00e1noss\u00e1gban elmondhat\u00f3, hogy a KCMO j\u00f3l szervezett, bar\u00e1ts\u00e1gos, \u00e9s rengeteg angol nyelv\u0171 jelz\u00e9ssel rendelkezik, \u00edgy az utaz\u00f3k gyorsan otthon \u00e9rzik magukat.<a href=\"https:\/\/travelshelper.com\/hu\/uticelok\/eszak-amerika\/amerikai-egyesult-allamok\/berkeley-springs\/\" target=\"_self\" aria-labelledby=\"uael-post-8997\"><br \/>\n<\/a><\/p>","protected":false},"excerpt":{"rendered":"<p>Kansas City, Missouri (gyakran r\u00f6vid\u00edtve KC vagy KCMO) Missouri \u00e1llam legn\u00e9pesebb \u00e9s legnagyobb v\u00e1rosa. B\u00e1r hat\u00e1rai Clay, Platte \u00e9s Cass megy\u00e9kbe ny\u00falnak, Kansas City nagy r\u00e9sze Jackson megy\u00e9ben tal\u00e1lhat\u00f3. K\u00f6zel 2 392 035 lakos\u00e1val \u00e9s a Missouri-Kansas \u00e1llamhat\u00e1ron \u00e1t\u00edvel\u0151 telep\u00fcl\u00e9s\u00e9vel ez a Kansas City nagyv\u00e1rosi ter\u00fclet k\u00f6zponti k\u00f6zpontja. A 2020-as n\u00e9psz\u00e1ml\u00e1l\u00e1s szerint Kansas City, a K\u00f6z\u00e9pnyugat hatodik \u00e9s az Egyes\u00fclt \u00c1llamok 37. legn\u00e9pesebb v\u00e1rosa, 508 090 lakossal rendelkezett.<\/p>","protected":false},"author":1,"featured_media":3057,"parent":8072,"menu_order":0,"comment_status":"closed","ping_status":"closed","template":"elementor_theme","meta":{"_eb_attr":"","footnotes":""},"class_list":["post-8139","page","type-page","status-publish","has-post-thumbnail"],"_links":{"self":[{"href":"https:\/\/travelshelper.com\/hu\/wp-json\/wp\/v2\/pages\/8139","targetHints":{"allow":["GET"]}}],"collection":[{"href":"https:\/\/travelshelper.com\/hu\/wp-json\/wp\/v2\/pages"}],"about":[{"href":"https:\/\/travelshelper.com\/hu\/wp-json\/wp\/v2\/types\/page"}],"author":[{"embeddable":true,"href":"https:\/\/travelshelper.com\/hu\/wp-json\/wp\/v2\/users\/1"}],"replies":[{"embeddable":true,"href":"https:\/\/travelshelper.com\/hu\/wp-json\/wp\/v2\/comments?post=8139"}],"version-history":[{"count":0,"href":"https:\/\/travelshelper.com\/hu\/wp-json\/wp\/v2\/pages\/8139\/revisions"}],"up":[{"embeddable":true,"href":"https:\/\/travelshelper.com\/hu\/wp-json\/wp\/v2\/pages\/8072"}],"wp:featuredmedia":[{"embeddable":true,"href":"https:\/\/travelshelper.com\/hu\/wp-json\/wp\/v2\/media\/3057"}],"wp:attachment":[{"href":"https:\/\/travelshelper.com\/hu\/wp-json\/wp\/v2\/media?parent=8139"}],"curies":[{"name":"wp","href":"https:\/\/api.w.org\/{rel}","templated":true}]}}