{"id":8116,"date":"2024-09-01T02:05:01","date_gmt":"2024-09-01T02:05:01","guid":{"rendered":"https:\/\/travelshelper.com\/staging\/?page_id=8116"},"modified":"2026-03-13T17:47:37","modified_gmt":"2026-03-13T17:47:37","slug":"indianapolis","status":"publish","type":"page","link":"https:\/\/travelshelper.com\/hu\/destinations\/north-america\/united-states\/indianapolis\/","title":{"rendered":"Indianapolis"},"content":{"rendered":"<p>Indianapolis, Indiana f\u0151v\u00e1rosa \u00e9s legnagyobb v\u00e1rosa, a k\u00f6z\u00e9pnyugati kult\u00fara \u00e9s kereskedelem l\u00e9tfontoss\u00e1g\u00fa k\u00f6zpontja. Gyakran \u201eK\u00f6rv\u00e1rosnak\u201d \u00e9s \u201eAmerika keresztez\u0151d\u00e9s\u00e9nek\u201d bec\u00e9zik, Indy az \u00e1llam v\u00e1rosi sz\u00edv\u00e9t alkotja, lakoss\u00e1ga k\u00f6r\u00fclbel\u00fcl 880 000 f\u0151 (2020-as n\u00e9psz\u00e1ml\u00e1l\u00e1s) \u00e9s t\u00f6bb mint 2 milli\u00f3 lakos\u00fa agglomer\u00e1ci\u00f3val. A White River partj\u00e1n fekszik (a Fall Creekkel val\u00f3 torkolatn\u00e1l) Indiana k\u00f6z\u00e9ps\u0151 r\u00e9sz\u00e9n. Ma Indianapolis jelent\u0151s k\u00f6zleked\u00e9si \u00e9s eloszt\u00f3 k\u00f6zpont (k\u00f6z\u00fati, vas\u00fati \u00e9s l\u00e9gi), amely a term\u00e9keny kukorica\u00f6vben fekszik, meleg, p\u00e1r\u00e1s nyarakkal \u00e9s hideg telekkel. Gazdas\u00e1ga sz\u00e9lesk\u00f6r\u0171: Indianapolis nagyj\u00e1b\u00f3l a 28. legnagyobb amerikai nagyv\u00e1rosi gazdas\u00e1g, amelyet a gy\u00f3gyszeripart\u00f3l \u00e9s az aut\u00f3ipart\u00f3l a technol\u00f3gi\u00e1n \u00e9s az eg\u00e9szs\u00e9g\u00fcgy\u00f6n \u00e1t sz\u00e1mos ipar\u00e1g hajt. Az elm\u00falt \u00e9vtizedekben a v\u00e1ros lakoss\u00e1ga \u00e9s befoly\u00e1sa jelent\u0151sen megn\u0151tt, ma m\u00e1r a diverzifik\u00e1lt helyi gazdas\u00e1g motorja.<\/p>\n<h2>Indianapolis sz\u00e1mokban<\/h2>\n<p>Indianapolisnak (az egyes\u00edtett v\u00e1ros-megy\u00e9nek) 887 642 lakosa volt a 2020-as n\u00e9psz\u00e1ml\u00e1l\u00e1s adatai szerint. Az elm\u00falt \u00e9vekben a v\u00e1ros lakoss\u00e1ga ezen a szinten stabiliz\u00e1l\u00f3dott, m\u00edg a t\u00e1gabb indianapolisi nagyv\u00e1rosi r\u00e9gi\u00f3 meghaladja a 2 milli\u00f3t. A nagyv\u00e1rosi gazdas\u00e1g meghaladja a 145 milli\u00e1rd doll\u00e1rt (2019-es adatok), \u00edgy nagyj\u00e1b\u00f3l az orsz\u00e1g 28. legnagyobbja. Faji \u00e9s etnikai hovatartoz\u00e1s szerint a v\u00e1ros egyre soksz\u00edn\u0171bb. A lakoss\u00e1g k\u00f6r\u00fclbel\u00fcl fel\u00e9t nem spanyol ajk\u00fa feh\u00e9rek teszik ki (k\u00f6r\u00fclbel\u00fcl 50\u201354%-ot), az afroamerikaiak k\u00f6r\u00fclbel\u00fcl 28%-ot, \u00e9s a lakosok nagyj\u00e1b\u00f3l 12\u201313%-a vallja mag\u00e1t spanyol ajk\u00fanak vagy latin-amerikainak. A kisebb \u00e1zsiaiak (k\u00f6r\u00fclbel\u00fcl 4%) \u00e9s a t\u00f6bbnemzetis\u00e9g\u0171 k\u00f6z\u00f6ss\u00e9gek is hozz\u00e1j\u00e1rulnak. Az \u00e1tlag\u00e9letkor a 30-as \u00e9vek k\u00f6zep\u00e9n van, a h\u00e1ztart\u00e1sok medi\u00e1nj\u00f6vedelme pedig nagyj\u00e1b\u00f3l 63 000 doll\u00e1r. A tizen\u00e9vesek k\u00f6zep\u00e9n m\u00e9rt szeg\u00e9nys\u00e9gi r\u00e1t\u00e1val Indianapolis \u00e9letsz\u00ednvonala nagyj\u00e1b\u00f3l megfelel az orsz\u00e1gos norm\u00e1knak (a meg\u00e9lhet\u00e9si k\u00f6lts\u00e9gek k\u00f6r\u00fclbel\u00fcl 7%-kal az orsz\u00e1gos \u00e1tlag alatt vannak).<\/p>\n<p>Gazdas\u00e1gi szempontb\u00f3l Indianapolis \u00e9s r\u00e9gi\u00f3ja a fejlett gy\u00e1rt\u00e1s, az \u00e9lettudom\u00e1nyok, a logisztika \u00e9s a szolg\u00e1ltat\u00e1si ipar\u00e1gak kever\u00e9k\u00e9vel rendelkezik. Figyelemre m\u00e9lt\u00f3, hogy a v\u00e1ros sz\u00e1mos Fortune 500-as v\u00e1llalatnak ad otthont (eg\u00e9szs\u00e9g\u00fcgy, biztos\u00edt\u00e1s, gy\u00f3gyszeripar), \u00e9s a r\u00e9gi\u00f3 glob\u00e1lis vezet\u0151 szerepet t\u00f6lt be a gy\u00f3gyszeriparban \u00e9s az \u00e1llateg\u00e9szs\u00e9g\u00fcgyben. (P\u00e9ld\u00e1ul az Eli Lilly k\u00f6zpontja a k\u00f6zelben tal\u00e1lhat\u00f3.) Tov\u00e1bbi kiemelked\u0151 \u00e1gazatok k\u00f6z\u00e9 tartozik az aut\u00f3ipar \u00e9s a rep\u00fcl\u0151g\u00e9pipar, az informatika \u00e9s a p\u00e9nz\u00fcgy. A k\u00f6zleked\u00e9s k\u00f6zponti szerepet j\u00e1tszik: Indianapolis rep\u00fcl\u0151tere, vas\u00fat\u00e1llom\u00e1sai \u00e9s aut\u00f3p\u00e1lya-csom\u00f3pontjai a kukorica\u00f6vezet k\u00f6zpontjaik\u00e9nt szolg\u00e1lnak. Val\u00f3j\u00e1ban egy nemr\u00e9giben k\u00e9sz\u00fclt \u00f6sszefoglal\u00f3 megjegyzi, hogy Indianapolis gazdas\u00e1ga az Egyes\u00fclt \u00c1llamok 28. legnagyobbja, az ipar\u00e1gak jelent\u0151s koncentr\u00e1ci\u00f3j\u00e1val, amelyek \u201ea gy\u00f3gyszeripart\u00f3l \u00e9s a sz\u00e1ll\u00edt\u00e1st\u00f3l a technol\u00f3gi\u00e1ig \u00e9s az eg\u00e9szs\u00e9g\u00fcgyig\u201d terjednek. Az eg\u00e9szs\u00e9g\u00fcgy szint\u00e9n kulcsfontoss\u00e1g\u00fa helyi \u00e1gazat (t\u00f6bb nagyobb k\u00f3rh\u00e1zi rendszerrel \u00e9s az Indiana Egyetem orvosi k\u00f6zpontj\u00e1val). \u00d6sszess\u00e9g\u00e9ben Indianapolis ma egy olyan gazdas\u00e1ggal b\u00fcszk\u00e9lkedhet, amely a k\u00f6z\u00e9pnyugati ipari gy\u00f6kereket (gy\u00e1rt\u00e1s, logisztika) \u00f6tv\u00f6zi a n\u00f6vekv\u0151 high-tech \u00e9s kutat\u00e1si ipar\u00e1gakkal.<\/p>\n<h2>Elhelyezked\u00e9s<\/h2>\n<p>F\u00f6ldrajzilag Indianapolis \u00c9szak-Amerika k\u00f6z\u00e9pnyugati r\u00e9sz\u00e9nek keleti-k\u00f6z\u00e9ps\u0151 r\u00e9sz\u00e9n fekszik, Indiana \u00e1llamban (az Egyes\u00fclt \u00c1llamok k\u00f6z\u00e9pnyugati r\u00e9sz\u00e9n). A v\u00e1ros l\u00e9nyeg\u00e9ben s\u00edk vagy enyh\u00e9n hull\u00e1mos, a hatalmas Nagy-tavak s\u00edks\u00e1ga \u00e9s a Kukorica\u00f6v r\u00e9gi\u00f3 r\u00e9sze. A White foly\u00f3 partj\u00e1n (a Fall Creek torkolat\u00e1n\u00e1l) fekszik Marion megye k\u00f6zpontj\u00e1ban. A k\u00f6rnyez\u0151 t\u00e1j els\u0151sorban mez\u0151gazdas\u00e1gi ter\u00fcletekb\u0151l \u00e9s v\u00e1rosi fejleszt\u00e9sekb\u0151l \u00e1ll, nem pedig hegyekb\u0151l vagy tengerpartokb\u00f3l. A v\u00e1ros Cincinnatit\u00f3l k\u00f6r\u00fclbel\u00fcl 115 m\u00e9rf\u00f6ldre nyugatra, Louisville-t\u0151l pedig 170 m\u00e9rf\u00f6ldre \u00e9szakra tal\u00e1lhat\u00f3. Az I-65-\u00f6s, I-70-es \u00e9s I-74-es \u00e1llamk\u00f6zi aut\u00f3p\u00e1ly\u00e1k mind a belv\u00e1rosban vagy annak k\u00f6zel\u00e9ben futnak \u00f6ssze, \u00edgy sz\u00f3 szerint \u201eAmerika keresztez\u0151d\u00e9s\u00e9nek\u201d nevezik.<\/p>\n<p>Indianapolisban p\u00e1r\u00e1s kontinent\u00e1lis \u00e9ghajlat uralkodik (K\u00f6ppen Dfa). A ny\u00e1r meleg vagy forr\u00f3 \u00e9s p\u00e1r\u00e1s, a telek hidegek (gyakran havasak), \u00e9s a csapad\u00e9k eg\u00e9sz \u00e9vben m\u00e9rs\u00e9kelt. Az \u00e1tlagos ny\u00e1ri maximumh\u0151m\u00e9rs\u00e9klet el\u00e9ri a 80\u201390\u00b0F (k\u00f6r\u00fclbel\u00fcl 80\u201390\u00b0F) fels\u0151 r\u00e9sz\u00e9t, gyakran p\u00e1r\u00e1s is lehet, m\u00edg a t\u00e9li minimumh\u0151m\u00e9rs\u00e9klet \u00e1tlagosan \u20136\u00b0C (20\u00b0F) al\u00e1 s\u00fcllyedhet. A tavasz \u00e9s az \u0151sz meglehet\u0151sen enyhe, b\u00e1r zivatarok \u00e9s heves id\u0151j\u00e1r\u00e1s (j\u00e9ges\u0151, alkalmank\u00e9nt torn\u00e1d\u00f3k) fordulnak el\u0151 az \u00e1tmeneti h\u00f3napokban. A v\u00e1rosban mind a n\u00e9gy \u00e9vszak tiszt\u00e1n megfigyelhet\u0151, \u00e9vi k\u00f6r\u00fclbel\u00fcl 40 h\u00fcvelyk (1000 mm) csapad\u00e9kkal.<\/p>\n<h2>T\u00f6rt\u00e9nelmi pillanatk\u00e9p<\/h2>\n<p>Indianapolist sz\u00e1nd\u00e9kosan alap\u00edtott\u00e1k a 19. sz\u00e1zad elej\u00e9n, hogy Indiana \u00e1llam f\u0151v\u00e1rosa legyen. 1821-ben az indianai \u00e1llam t\u00f6rv\u00e9nyhoz\u00e1sa Indianapolist egy kor\u00e1bbi delaware-i \u0151slakos amerikai term\u0151f\u00f6ld\u00f6n alak\u00edtotta ki. A helysz\u00edn \u2013 amelyet az \u00faj \u00e1llamban val\u00f3 k\u00f6zponti elhelyezked\u00e9se miatt v\u00e1lasztottak \u2013 1822-ben Marion megye sz\u00e9khelye lett, \u00e9s 1825-ben hivatalosan is Indiana f\u0151v\u00e1ros\u00e1v\u00e1 nevezt\u00e9k ki. A korai n\u00f6veked\u00e9s lass\u00fa volt az 1800-as \u00e9vek k\u00f6zep\u00e9ig, de a v\u00e1ros elhelyezked\u00e9se a nemzeti \u00faton (amelynek \u00e9p\u00edt\u00e9se 1827-ben fejez\u0151d\u00f6tt be Indianapolisig), majd k\u00e9s\u0151bb a vasutak meg\u00e9rkez\u00e9se fellend\u00fcl\u00e9st v\u00e1ltott ki. 1861-re Indianapolis jelent\u0151s vas\u00fati k\u00f6zpontt\u00e1 v\u00e1lt, a polg\u00e1rh\u00e1bor\u00fa alatt pedig vas\u00fati p\u00e1lyaudvarai kulcsfontoss\u00e1g\u00fa uni\u00f3s logisztikai k\u00f6zpontt\u00e1 tett\u00e9k. Ennek eredm\u00e9nyek\u00e9nt 1860 \u00e9s 1870 k\u00f6z\u00f6tt a v\u00e1ros lakoss\u00e1ga t\u00f6bb mint k\u00e9tszeres\u00e9re n\u0151tt.<\/p>\n<p>A 19. sz\u00e1zad v\u00e9g\u00e9n \u00e9s a 20. sz\u00e1zad elej\u00e9n Indianapolis gyorsan iparosodott. \u00daj ipar\u00e1gak, mint a h\u00fasfeldolgoz\u00e1s, a f\u00e9mmegmunk\u00e1l\u00e1s \u00e9s v\u00e9g\u00fcl az aut\u00f3gy\u00e1rt\u00e1s is meghonosodott. 1890-re a v\u00e1ros lakosainak sz\u00e1ma meghaladta a 100 000-et. Az egyik m\u00e9rf\u00f6ldk\u0151nek sz\u00e1m\u00edt\u00f3 esem\u00e9ny az Indianapolis Motor Speedway megnyit\u00e1sa volt 1909-ben (Speedway k\u00fclv\u00e1ros\u00e1ban); az els\u0151 Indianapolis 500-as versenyt 1911-ben rendezt\u00e9k meg itt, \u00e9s az\u00f3ta a v\u00e1ros \u00e9ves hagyom\u00e1nny\u00e1 \u00e9s szimb\u00f3lum\u00e1v\u00e1 v\u00e1lt.<\/p>\n<p>Kulcsfontoss\u00e1g\u00fa fordul\u00f3pont k\u00f6vetkezett be 1970-ben, amikor Indianapolis v\u00e1rosa \u00e9s Marion megye \u00f6nkorm\u00e1nyzatai egyes\u00fcltek az \u201eUnigov\u201d ir\u00e1ny\u00edt\u00e1sa alatt. Ez gyakorlatilag egyik napr\u00f3l a m\u00e1sikra megszil\u00e1rd\u00edtotta Indianapolis hat\u00e1rait, a k\u00fcls\u0151 v\u00e1rosokat beolvasztva a v\u00e1rosi strukt\u00far\u00e1ba. A v\u00e1ros-megye egyes\u00fcl\u00e9s jelent\u0151sen kib\u0151v\u00edtette az ad\u00f3alapot \u00e9s az adminisztrat\u00edv hat\u00f3k\u00f6rt (mik\u00f6zben egyes v\u00e1rosok, mint p\u00e9ld\u00e1ul Lawrence \u00e9s Beech Grove, tov\u00e1bbra is n\u00e9mileg auton\u00f3mi\u00e1t biztos\u00edtottak). A 20. sz\u00e1zad v\u00e9g\u00e9n Indianapolis tudatosan az amat\u0151r \u00e9s profi sport k\u00f6zpontjak\u00e9nt pozicion\u00e1lta mag\u00e1t \u2013 meg\u00e9p\u00edtette a Lucas Oil Stadiont (az NFL Colts csapat\u00e1nak otthona) \u00e9s olyan esem\u00e9nyeket szervezett, mint az NCAA bajnoks\u00e1g \u2013, amelyek \u00f6szt\u00f6n\u00f6zt\u00e9k a gazdas\u00e1gi n\u00f6veked\u00e9st \u00e9s a turizmust.<\/p>\n<p>A v\u00e1ros 19. \u00e9s 20. sz\u00e1zad eleji \u00e9p\u00edt\u00e9szeti \u00f6r\u00f6ks\u00e9ge ma olyan nevezetess\u00e9gekben l\u00e1that\u00f3, mint az Indiana Statehouse (1888-ban k\u00e9sz\u00fclt el) \u00e9s a Katon\u00e1k \u00e9s Tenger\u00e9szek Eml\u00e9km\u0171ve (1902-ben avatt\u00e1k fel a Monument Circle-n\u00e9l). A Benjamin Harrison er\u0151d (1903-ban \u00e9p\u00fclt a v\u00e1rost\u00f3l keletre) \u00e9s az els\u0151 vil\u00e1gh\u00e1bor\u00fas eml\u00e9km\u0171vek (a belv\u00e1rost\u00f3l \u00e9szakra, a Plaz\u00e1n) Indianapolis polg\u00e1ri fejl\u0151d\u00e9s\u00e9t t\u00fckr\u00f6zik. \u00d6sszess\u00e9g\u00e9ben Indianapolis t\u00f6rt\u00e9nelm\u00e9t a 19. sz\u00e1zadi gyors n\u00f6veked\u00e9s jellemzi a hat\u00e1rv\u00e1rosb\u00f3l a modern v\u00e1ross\u00e1 v\u00e1l\u00e1sban, majd a 20. sz\u00e1zad k\u00f6zep\u00e9n terjeszkedett, v\u00e9g\u00fcl pedig a 20. sz\u00e1zad v\u00e9g\u00e9n kultur\u00e1lisan eltol\u00f3dott a sport, a kongresszusi \u00fczlet \u00e9s a turizmus fel\u00e9.<\/p>\n<h2>Kultur\u00e1lis hangulat<\/h2>\n<p>Indianapolis ma a k\u00f6z\u00e9pnyugati vend\u00e9gszeretetet a r\u00e9gi\u00f3hoz k\u00e9pest meglep\u0151en kozmopolita l\u00e9gk\u00f6rrel \u00f6tv\u00f6zi. A domin\u00e1ns nyelv az amerikai angol, \u00e9s a v\u00e1ros lakoss\u00e1ga hagyom\u00e1nyosan feh\u00e9r t\u00f6bbs\u00e9g\u0171; de ahogy fentebb eml\u00edtett\u00fck, az afroamerikai \u00e9s spanyol ajk\u00fa k\u00f6z\u00f6ss\u00e9gek is kiemelked\u0151ek \u00e9s egyre n\u00f6vekv\u0151 sz\u00e1mban vannak. A helyiek gyakran \u201eHoosiers\u201d-nek (az \u00e1llam d\u00e9monj\u00e1nak) nevezik magukat, \u00e9s bar\u00e1ts\u00e1gos, f\u00f6ldh\u00f6zragadt hozz\u00e1\u00e1ll\u00e1sukr\u00f3l ismertek. A k\u00f6rny\u00e9keknek saj\u00e1tos jelleg\u00fck van: p\u00e9ld\u00e1ul a belv\u00e1ros kultur\u00e1lis k\u00f6zpontja a Monument Circle (\u201eCircle City\u201d), amely ny\u00fczsg\u0151, m\u00e9gis nyugodt; a Broad Ripple (\u00e9szakon) divatos \u00e9s m\u0171v\u00e9szi; a belv\u00e1rost\u00f3l keletre fekv\u0151 Mass Ave (Massachusetts Avenue) ker\u00fclet \u00e9ttermeir\u0151l \u00e9s \u00e9l\u0151 sz\u00ednh\u00e1zi el\u0151ad\u00e1sair\u00f3l ismert; \u00e9s a metr\u00f3t k\u00f6r\u00fclvev\u0151 k\u00fclv\u00e1rosi ter\u00fcletek, mint p\u00e9ld\u00e1ul Carmel \u00e9s Fishers, k\u00fclv\u00e1rosi csal\u00e1dias hangulatot \u00e1rasztanak.<\/p>\n<p>Az \u00e9venk\u00e9nti kultur\u00e1lis esem\u00e9nyek a hagyom\u00e1nyokat \u00e9s a soksz\u00edn\u0171s\u00e9get egyar\u00e1nt t\u00fckr\u00f6zik. A legh\u00edresebb k\u00f6z\u00fcl\u00fck a m\u00e1jusi versenyszezon, amely mag\u00e1ban foglalja az egy h\u00f3napos 500 Fesztiv\u00e1lt, \u00e9s az Indianapolis 500 motorversenyben cs\u00facsosodik ki \u2013 egy v\u00e1rosszerte megrendezett \u00fcnneps\u00e9g felvonul\u00e1sokkal \u00e9s t\u0171zij\u00e1t\u00e9kkal. Ny\u00e1ron megrendezik az Indiana \u00c1llami V\u00e1s\u00e1rt (j\u00falius v\u00e9g\u00e9n) \u2013 a r\u00e9gi\u00f3 egyik legnagyobb rendezv\u00e9ny\u00e9t, amelyen mez\u0151gazdas\u00e1gi ki\u00e1ll\u00edt\u00e1sok, egy f\u00e9l\u00fati fesztiv\u00e1l, koncertek \u00e9s 4H versenyek v\u00e1rj\u00e1k a l\u00e1togat\u00f3kat. Ny\u00e1r v\u00e9g\u00e9n a Symphony on the Prairie \u00e9s a nagyszab\u00e1s\u00fa j\u00falius 4-i t\u0171zij\u00e1t\u00e9k is megrendez\u00e9sre ker\u00fcl (gyakran az USS Indianapolis Memorial fed\u00e9lzet\u00e9n, a White River \u00c1llami Parkban). Ny\u00e1r elej\u00e9n az Indy Jazz Fest \u00e9s az India fest ker\u00fcl megrendez\u00e9sre a belv\u00e1rosban, m\u00edg ny\u00e1r v\u00e9g\u00e9n az Indiana Black Expo Summer Celebration (egy jelent\u0151s kultur\u00e1lis fesztiv\u00e1l) v\u00e1rja a l\u00e1togat\u00f3kat. \u0150sszel a k\u00f6rny\u00e9kbeli fesztiv\u00e1lok is megrendez\u00e9sre ker\u00fclnek (mint p\u00e9ld\u00e1ul az Irvington Halloween Fesztiv\u00e1l \u00e9s a k\u00f6zeli egyetemeken megrendezett k\u00fcl\u00f6nf\u00e9le egyetemi futballesem\u00e9nyek). T\u00e9len f\u00e1k kivil\u00e1g\u00edt\u00e1sa \u00e9s a belv\u00e1rosi \u00e1llatkerti f\u00e9nyj\u00e1t\u00e9k jellemzi a szezont.<\/p>\n<p>A sportkult\u00fara a mindennapi \u00e9let r\u00e9sz\u00e9v\u00e9 v\u00e1lt. Indynek sz\u00e1mos nagyobb sport\u00e1gban vannak profi csapatai: az NFL Indianapolis Colts (futball) \u00e9s az NBA Indiana Pacers (kos\u00e1rlabda) a belv\u00e1rosi stadionokban j\u00e1tszik, \u00e9s mindkett\u0151 szenved\u00e9lyes szurkol\u00f3t\u00e1borokat vonz. Tavasszal az NCAA k\u00f6zpontja egyetemi sportesem\u00e9nyeket hoz ide; a v\u00e1ros gyakran ad otthont olimpiai v\u00e1logat\u00f3knak \u00e9s ar\u00e9nafutball-m\u00e9rk\u0151z\u00e9seknek is. Az aut\u00f3versenyz\u00e9s legend\u00e1s maradt (az \u00e9ves IndyCar verseny vil\u00e1gszerte felh\u00edvja a figyelmet). Er\u0151s fut\u00f3- \u00e9s ker\u00e9kp\u00e1ros k\u00f6z\u00f6ss\u00e9g is \u00e9l itt, amelyet sz\u00e1mos park \u00e9s \u00f6sv\u00e9ny (pl. a Monon Trail) \u00f6szt\u00f6n\u00f6z.<\/p>\n<p>A kulin\u00e1ris \u00e9s m\u0171v\u00e9szeti \u00e9let az ut\u00f3bbi id\u0151ben vir\u00e1gkor\u00e1t \u00e9li. A v\u00e1ros h\u00edrnevet szerzett k\u00e9zm\u0171ves s\u00f6rf\u0151zd\u00e9ir\u0151l \u00e9s kreat\u00edv gasztron\u00f3mi\u00e1j\u00e1r\u00f3l; a helyi kedvencek k\u00f6z\u00e9 tartozik a sert\u00e9ssz\u0171z szendvics, a Hoosier cukros kr\u00e9mes pite, \u00e9s az Indy 500-as boxutc\u00e1j\u00e1ban tal\u00e1lhat\u00f3, \u00fajra\u00e9lesztett vil\u00e1gsz\u00ednvonal\u00fa baszk \u00e9tterem. A m\u0171v\u00e9szeti szervezetek \u2013 a klasszikus zen\u00e9t\u0151l (Indianapolis Symphony a Hilbert Circle Sz\u00ednh\u00e1zban) a kort\u00e1rsig (Clowes Memorial Hall a Butler Egyetem campus\u00e1n) \u2013 hozz\u00e1j\u00e1rulnak a kultur\u00e1lis fellend\u00fcl\u00e9shez. R\u00f6viden, Indianapolis kiegyens\u00falyozott \u201ek\u00f6z\u00e9pnyugati v\u00e1ros\u201d hangulatot k\u00edn\u00e1l: bar\u00e1ts\u00e1gos \u00e9s k\u00f6nnyen megk\u00f6zel\u00edthet\u0151, olyan v\u00e1rosi szolg\u00e1ltat\u00e1sokkal, mint a m\u00fazeumok \u00e9s az egyetemek, de sosem n\u00e9lk\u00fcl\u00f6zi a Hoosier sz\u00fcl\u0151v\u00e1ros\u00e1nak melegs\u00e9g\u00e9t.<\/p>\n<h2>Legn\u00e9pszer\u0171bb l\u00e1tnival\u00f3k<\/h2>\n<p>Indianapolis sz\u00e1mos l\u00e1tnival\u00f3t k\u00edn\u00e1l a l\u00e1togat\u00f3k sz\u00e1m\u00e1ra, az ikonikus eml\u00e9km\u0171vekt\u0151l a kiemelked\u0151 m\u00fazeumokig. A nevezetes l\u00e1tnival\u00f3k k\u00f6z\u00e9 tartoznak:<\/p>\n<ul>\n<li><strong>Indianapolis Gyermekm\u00fazeum<\/strong> \u2013 A vil\u00e1g legnagyobb gyermekm\u00fazeuma (alap\u00edtva 1926-ban), egy interakt\u00edv m\u00fazeum, amely az orsz\u00e1g minden t\u00e1j\u00e1r\u00f3l vonzza a csal\u00e1dokat.<\/li>\n<li><strong>White River \u00c1llami Park<\/strong> \u2013 Egy fest\u0151i v\u00e1rosi park a White River ment\u00e9n, ahol az Indianapolis \u00c1llatkert \u00e9s az Eiteljorg Amerikai Indi\u00e1nok \u00e9s Nyugati M\u0171v\u00e9szetek M\u00fazeuma tal\u00e1lhat\u00f3. A parkban tal\u00e1lhat\u00f3 az NCAA k\u00f6zpontja \u00e9s a Bajnokok Csarnoka is, valamint t\u00fara\u00fatvonalak \u00e9s foly\u00f3parti z\u00f6ldter\u00fcletek is tal\u00e1lhat\u00f3k.<\/li>\n<li><strong>Indianapolis Motor Speedway (IMS)<\/strong> \u2013 A v\u00e1ros sz\u00e9l\u00e9n tal\u00e1lhat\u00f3 legend\u00e1s versenyp\u00e1lya (az Indianapolis 500 otthona) t\u00far\u00e1kat k\u00edn\u00e1l, \u00e9s a szomsz\u00e9dos\u2026 <strong>H\u00edress\u00e9gek Csarnoka M\u00fazeum<\/strong> (t\u00f6rt\u00e9nelmi versenyaut\u00f3kat mutat be). M\u00e9g a nem versenyrajong\u00f3k is lebilincsel\u0151nek tal\u00e1lj\u00e1k a motorsport t\u00f6rt\u00e9net\u00e9t.<\/li>\n<li><strong>Eml\u00e9km\u0171k\u00f6r \u00e9s Katon\u00e1k \u00e9s Tenger\u00e9szek Eml\u00e9km\u0171ve<\/strong> \u2013 A belv\u00e1ros k\u00f6zpontja, a Monument Circle (1902-ben k\u00e9sz\u00fclt el), amin a 83 m\u00e9ter magas Indiana Soldiers&#039; and Sailors&#039; Monument \u00e1ll. A k\u00f6r\u00fcl\u00f6tte l\u00e9v\u0151 t\u00e9r Indiana h\u00e1bor\u00fas veter\u00e1njait tisztelegve \u00e1ll\u00edt eml\u00e9ket, \u00e9s k\u00f6zponti helyet biztos\u00edt a felvonul\u00e1soknak \u00e9s \u00f6sszej\u00f6veteleknek. A k\u00f6zelben tal\u00e1lhat\u00f3 az Indiana State Capitolium \u00e9s a War Memorial Plaza (1930-as \u00e9vek), amelyek mindegyike helyi m\u00e9szk\u0151b\u0151l \u00e9p\u00fclt, \u00e9s a v\u00e1ros \u00f6r\u00f6ks\u00e9g\u00e9t t\u00fckr\u00f6zi.<\/li>\n<li><strong>Indianapolis M\u0171v\u00e9szeti M\u00fazeum (Newfields)<\/strong> \u2013 A belv\u00e1rost\u00f3l n\u00e9h\u00e1ny m\u00e9rf\u00f6ldre \u00e9szakra tal\u00e1lhat\u00f3 a Newfields egy jelent\u0151s m\u0171v\u00e9szeti m\u00fazeum hatalmas kertekkel. Gy\u0171jtem\u00e9nye 5000 \u00e9v m\u0171v\u00e9szeti alkot\u00e1sait \u00f6leli fel, a birtokhoz tartozik a 100 hekt\u00e1ros park \u00e9s a Lilly House.<\/li>\n<li><strong>Kultur\u00e1lis \u00f6sv\u00e9ny \u00e9s a Mass Avenue m\u0171v\u00e9szeti negyed<\/strong> \u2013 Az Indianapolis Cultural Trail egy 8 m\u00e9rf\u00f6ldes v\u00e1rosi gyalogos\/ker\u00e9kp\u00e1ros \u00fatvonal, amely \u00f6sszek\u00f6ti a belv\u00e1rosi negyedeket. Ment\u00e9n a Massachusetts Avenue (\u201eMass Ave\u201d) negyed sz\u00ednh\u00e1zaknak, gal\u00e9ri\u00e1knak, butikoknak \u00e9s \u00e9ttermeknek ad otthont \u2013 t\u00fckr\u00f6zve Indianapolis vir\u00e1gz\u00f3 m\u0171v\u00e9szeti \u00e9let\u00e9t.<\/li>\n<li><strong>\u00c1llami Capitolium \u00e9s korm\u00e1nyz\u00f3i rezidencia<\/strong> \u2013 Indiana eleg\u00e1ns \u00e1llami \u00e9p\u00fclete (1888) l\u00e1togathat\u00f3. Tekintse meg a korm\u00e1nyz\u00f3i rezidenci\u00e1t (hivatalos otthon) \u00e9s a fel\u00faj\u00edtott Indiana War Memorial-t (II. vil\u00e1gh\u00e1bor\u00fas m\u00fazeum \u00e9s kertek) is.<\/li>\n<li><strong>Lucas Oil Stadion \u00e9s Gainbridge Fieldhouse<\/strong> \u2013 A sportrajong\u00f3knak egy NFL-meccs (Colts) vagy egy NBA-meccs (Pacers\/Fever) megtekint\u00e9se igazi Indy-\u00e9lm\u00e9nyt ny\u00fajt k\u00e9t korszer\u0171 ar\u00e9n\u00e1ban (melyeket 2008-ban, illetve 1999-ben nyitottak meg).<\/li>\n<\/ul>\n<p>Ezen l\u00e1tnival\u00f3k mindegyike k\u00f6nnyen megk\u00f6zel\u00edthet\u0151 a belv\u00e1rosb\u00f3l. A v\u00e1rosn\u00e9z\u00e9st fokozza a v\u00e1ros gyalogosbar\u00e1t belv\u00e1rosa \u00e9s a gyakori kultur\u00e1lis esem\u00e9nyek (szezon\u00e1lis fesztiv\u00e1lok, szabadt\u00e9ri koncertek, termel\u0151i piacok). Sok l\u00e1togat\u00f3 egyszer\u0171en csak \u201eeml\u00e9km\u0171-s\u00e9t\u00e1kat\u201d tesz a belv\u00e1rosi Circle k\u00f6rny\u00e9k\u00e9n, majd m\u00fazeuml\u00e1togat\u00e1sokat vagy egy s\u00e9t\u00e1t tesz a White River \u00c1llami Parkban.<\/p>\n<h2>Gyakorlati pillanatk\u00e9p<\/h2>\n<p>A f\u0151 l\u00e9gi \u00e1tj\u00e1r\u00f3 az Indianapolis Nemzetk\u00f6zi Rep\u00fcl\u0151t\u00e9r (IND), amely a belv\u00e1rost\u00f3l k\u00f6r\u00fclbel\u00fcl 24 kilom\u00e9terre d\u00e9lnyugatra tal\u00e1lhat\u00f3. Az IND sz\u00e1mos belf\u00f6ldi (Atlanta, Chicago, Denver stb.) \u00e9s n\u00e9h\u00e1ny nemzetk\u00f6zi j\u00e1ratot k\u00edn\u00e1l. Nincs k\u00f6zvetlen Amtrak vonatj\u00e1rat Indianapolisba; az intercity buszok (Greyhound, Barons) a v\u00e1ros intermod\u00e1lis \u00e1llom\u00e1s\u00e1ra \u00e9rkeznek a belv\u00e1rosban. A f\u0151bb aut\u00f3p\u00e1ly\u00e1k (I-65 Chicag\u00f3b\u00f3l\/Alabam\u00e1b\u00f3l, I-70 Ohiob\u00f3l\/Kentuckyb\u00f3l, I-74 Illinoisb\u00f3l) Indianapolisban futnak \u00f6ssze, \u00edgy aut\u00f3val k\u00f6nnyen megk\u00f6zel\u00edthet\u0151.<\/p>\n<p>Indianapolis belv\u00e1rosa viszonylag kompakt. A Circle \u00e9s a Canal k\u00f6rny\u00e9k\u00e9t n\u00e9pszer\u0171 m\u00f3don a Joliet\u2013Indianapolis gyalogosh\u00eddon \u00e9s ker\u00e9kp\u00e1r\u00faton, vagy a melegebb h\u00f3napokban lovaskocsis t\u00far\u00e1n lehet felfedezni. Az IndyGo, a v\u00e1ros t\u00f6megk\u00f6zleked\u00e9si szolg\u00e1ltat\u00f3ja, buszj\u00e1ratokat \u00fczemeltet a v\u00e1rosban \u00e9s a k\u00fclv\u00e1rosokban (a legt\u00f6bbj\u00fckh\u00f6z kis viteld\u00edj sz\u00fcks\u00e9ges; vegye figyelembe, hogy a Red Line gyorsbusz egy \u00fajabb, gyakori j\u00e1rat). Indianapolis kult\u00far\u00e1j\u00e1nak \u00e9s \u00e9jszakai \u00e9let\u00e9nek nagy r\u00e9sze azonban sz\u00e9tsz\u00f3rt, \u00edgy sok l\u00e1togat\u00f3 a k\u00e9nyelem \u00e9rdek\u00e9ben a taxikat vagy a k\u00f6z\u00f6s fuvaroz\u00e1st (Uber\/Lyft) r\u00e9szes\u00edti el\u0151nyben. A belv\u00e1rosban \u00e9s a k\u00fclv\u00e1rosi l\u00e1tnival\u00f3kn\u00e1l b\u0151s\u00e9ges a parkol\u00e1si lehet\u0151s\u00e9g (gyakran ingyenes vagy olcs\u00f3). A ker\u00e9kp\u00e1rok \u00e9s az elektromos rollerek n\u00e9pszer\u0171ek a burkolt \u00f6sv\u00e9nyeken (mint p\u00e9ld\u00e1ul a Monon Trail), k\u00fcl\u00f6n\u00f6sen sz\u00e9p id\u0151ben.<\/p>\n<p>A p\u00e9nznem amerikai doll\u00e1r. A borraval\u00f3 szok\u00e1sos (kb. 15\u201320% \u00e9ttermekben vagy idegenvezet\u0151i irod\u00e1kban). Az angolt mindenki besz\u00e9li, b\u00e1r a lakosok k\u00f6z\u00f6tt hallani fog n\u00e9mi spanyolt vagy m\u00e1s nyelvet is. A r\u00e9gi\u00f3 \u00e1ltal\u00e1ban nagyon biztons\u00e1gos az utaz\u00f3k sz\u00e1m\u00e1ra; a belv\u00e1ros h\u00e9tv\u00e9g\u00e9n k\u00e9s\u0151 estig is ny\u00fczsg\u0151, b\u00e1r a szok\u00e1sos v\u00e1rosi \u00f3vatoss\u00e1g \u00e9rv\u00e9nyes a kisebb lop\u00e1sok ellen. A legt\u00f6bb amerikai az \u00fat jobb oldal\u00e1n vezet, \u00e9s 120 voltos elektromos aljzatokat (A\/B t\u00edpus\u00fa csatlakoz\u00f3kat) haszn\u00e1l. \u00c9szak-Amerik\u00e1b\u00f3l vagy Eur\u00f3p\u00e1b\u00f3l \u00e9rkez\u0151 utaz\u00f3knak nincs sz\u00fcks\u00e9g\u00fck speci\u00e1lis olt\u00e1sokra vagy v\u00edzumra. A rep\u00fcl\u0151t\u00e9ri biztons\u00e1gi rendszer f\u00e9nyk\u00e9pes igazolv\u00e1nyt k\u00e9r a belf\u00f6ldi j\u00e1ratokhoz, \u00e9s a szok\u00e1sos amerikai TSA szab\u00e1lyok (folyad\u00e9kmennyis\u00e9g korl\u00e1toz\u00e1sa stb.) \u00e9rv\u00e9nyesek.<\/p>\n<p>\u00d6sszess\u00e9g\u00e9ben Indianapolis k\u00f6nny\u0171 bevezet\u00e9st k\u00edn\u00e1l az els\u0151 l\u00e1togat\u00f3knak az amerikai k\u00f6z\u00e9pnyugati v\u00e1rosi \u00e9letbe: angolul besz\u00e9l\u0151 helyiek, j\u00f3 utak, kisz\u00e1m\u00edthat\u00f3 id\u0151j\u00e1r\u00e1s \u00e9s minden fontosabb modern k\u00e9nyelem. A l\u00e1togat\u00f3k biztons\u00e1gosan \u00e9lvezhetik a soksz\u00edn\u0171 v\u00e1rost \u2013 a vil\u00e1gsz\u00ednvonal\u00fa m\u00fazeumokt\u00f3l a k\u00f6rny\u00e9kbeli fesztiv\u00e1lokig \u2013, abban a bizalomban, hogy az amerikai st\u00edlus\u00fa fogyaszt\u00f3i szolg\u00e1ltat\u00e1sok (hitelk\u00e1rty\u00e1k, ATM-ek, gy\u00f3gyszert\u00e1rak) mindenhol megtal\u00e1lhat\u00f3k. Egyetlen utaz\u00e1s sor\u00e1n megtapasztalhatja a hoosier kult\u00far\u00e1t, \u00e9p\u00edt\u00e9szetet \u00e9s vend\u00e9gszeretetet egy j\u00f3l szervezett v\u00e1rosi k\u00f6rnyezetben.<a href=\"https:\/\/travelshelper.com\/hu\/uticelok\/eszak-amerika\/amerikai-egyesult-allamok\/berkeley-springs\/\" target=\"_self\" aria-labelledby=\"uael-post-8997\"><br \/>\n<\/a><\/p>","protected":false},"excerpt":{"rendered":"<p>Indianapolis, k\u00f6zismert nev\u00e9n Indy, az Egyes\u00fclt \u00c1llamok Indiana \u00e1llam\u00e1nak f\u0151v\u00e1rosa \u00e9s egyben legn\u00e9pesebb v\u00e1rosa, valamint Marion megye sz\u00e9khelye. Az \u00e1llam k\u00f6z\u00e9ps\u0151, sz\u00e1nt\u00f3f\u00f6ldi s\u00edks\u00e1g\u00e1n, a White River nyugati \u00e1ga ment\u00e9n fekv\u0151 Indianapolis hivatalosan is felvette az \u201eAmerika keresztez\u0151d\u00e9se\u201d nevet. Ez a szlogen j\u00f3l t\u00fckr\u00f6zi mind a v\u00e1ros t\u00f6rt\u00e9nelmi jelent\u0151s\u00e9g\u00e9t k\u00f6zleked\u00e9si csom\u00f3pontk\u00e9nt, mind pedig relat\u00edv k\u00f6zels\u00e9g\u00e9t m\u00e1s nagyobb \u00e9szak-amerikai piacokhoz.<\/p>","protected":false},"author":1,"featured_media":3199,"parent":8072,"menu_order":0,"comment_status":"closed","ping_status":"closed","template":"elementor_theme","meta":{"_eb_attr":"","footnotes":""},"class_list":["post-8116","page","type-page","status-publish","has-post-thumbnail"],"_links":{"self":[{"href":"https:\/\/travelshelper.com\/hu\/wp-json\/wp\/v2\/pages\/8116","targetHints":{"allow":["GET"]}}],"collection":[{"href":"https:\/\/travelshelper.com\/hu\/wp-json\/wp\/v2\/pages"}],"about":[{"href":"https:\/\/travelshelper.com\/hu\/wp-json\/wp\/v2\/types\/page"}],"author":[{"embeddable":true,"href":"https:\/\/travelshelper.com\/hu\/wp-json\/wp\/v2\/users\/1"}],"replies":[{"embeddable":true,"href":"https:\/\/travelshelper.com\/hu\/wp-json\/wp\/v2\/comments?post=8116"}],"version-history":[{"count":0,"href":"https:\/\/travelshelper.com\/hu\/wp-json\/wp\/v2\/pages\/8116\/revisions"}],"up":[{"embeddable":true,"href":"https:\/\/travelshelper.com\/hu\/wp-json\/wp\/v2\/pages\/8072"}],"wp:featuredmedia":[{"embeddable":true,"href":"https:\/\/travelshelper.com\/hu\/wp-json\/wp\/v2\/media\/3199"}],"wp:attachment":[{"href":"https:\/\/travelshelper.com\/hu\/wp-json\/wp\/v2\/media?parent=8116"}],"curies":[{"name":"wp","href":"https:\/\/api.w.org\/{rel}","templated":true}]}}