{"id":8097,"date":"2024-08-31T22:27:38","date_gmt":"2024-08-31T22:27:38","guid":{"rendered":"https:\/\/travelshelper.com\/staging\/?page_id=8097"},"modified":"2026-03-13T17:49:15","modified_gmt":"2026-03-13T17:49:15","slug":"honolulu","status":"publish","type":"page","link":"https:\/\/travelshelper.com\/hu\/destinations\/north-america\/united-states\/honolulu\/","title":{"rendered":"Honolulu"},"content":{"rendered":"<p>Honolulu, Hawaii \u00e1llam f\u0151v\u00e1rosa, t\u00fcrkizk\u00e9k partvonalakkal \u00e9s smaragdz\u00f6ld vulkanikus lejt\u0151kkel teli v\u00e1ros. A felh\u0151karcol\u00f3k \u00e9s palotaszer\u0171 sz\u00e1llod\u00e1k l\u00e1tk\u00e9pe a h\u00edres Waik\u012bk\u012b strandra \u00e9s a m\u00f6g\u00f6tte elter\u00fcl\u0151 Csendes-\u00f3ce\u00e1nra n\u00e9z, \u00edgy Amerika egyik legikonikusabb utaz\u00e1si c\u00e9lpontj\u00e1v\u00e1 v\u00e1lik. A 2020-as n\u00e9psz\u00e1ml\u00e1l\u00e1s szerint Honoluluban k\u00f6r\u00fclbel\u00fcl 350 964 lakos \u00e9lt, amivel az Egyes\u00fclt \u00c1llamok 55. legnagyobb v\u00e1rosa volt. Szer\u00e9ny n\u00e9pess\u00e9ge ellen\u00e9re Honolulu glob\u00e1lis vonzereje nyilv\u00e1nval\u00f3: 2022-ben nagyj\u00e1b\u00f3l 711 000 l\u00e1togat\u00f3t fogadott, ezzel az orsz\u00e1g 10. legl\u00e1togatottabb v\u00e1rosa. Figyelemre m\u00e9lt\u00f3, hogy Honolulu meg\u00e9lhet\u00e9si k\u00f6lts\u00e9gei rendk\u00edv\u00fcl magasak (k\u00f6r\u00fclbel\u00fcl 69%-kal az orsz\u00e1gos \u00e1tlag felett), ami a szigetgazdas\u00e1got t\u00fckr\u00f6zi.<\/p>\n<p>Honolulu demogr\u00e1fiai \u00e9s gazdas\u00e1gi jellemz\u0151i t\u00fckr\u00f6zik a csendes-\u00f3ce\u00e1ni t\u00e9rs\u00e9g egyedi jelleg\u00e9t. A v\u00e1ros lakosainak t\u00f6bb mint fele \u00e1zsiai sz\u00e1rmaz\u00e1s\u00fa, akik a legnagyobb csoportot alkotj\u00e1k (k\u00f6r\u00fclbel\u00fcl 20%-uk jap\u00e1n \u00e9s 13%-uk filipp\u00edn\u00f3 sz\u00e1rmaz\u00e1s\u00fa). A hawaii \u0151slakosok \u00e9s a csendes-\u00f3ce\u00e1ni szigetek lak\u00f3i k\u00f6r\u00fclbel\u00fcl 8\u20139%-ot tesznek ki, m\u00edg a nem spanyol ajk\u00fa feh\u00e9rek k\u00f6r\u00fclbel\u00fcl 15\u201317%-ot. Ez a multikultur\u00e1lis lakoss\u00e1g soksz\u00edn\u0171 helyi kult\u00far\u00e1t teremt (l\u00e1sd al\u00e1bb a \u201eKultur\u00e1lis hangulat\u201d r\u00e9szt).<\/p>\n<p>Gazdas\u00e1gilag Honolulu nagym\u00e9rt\u00e9kben f\u00fcgg a turizmust\u00f3l. \u00c9vente t\u00f6bb milli\u00f3 l\u00e1togat\u00f3 nagyj\u00e1b\u00f3l 10 milli\u00e1rd doll\u00e1rt fektet be a helyi gazdas\u00e1gba, \u00e9s a v\u00e1ros Hawaii sziget\u00fcd\u00fcl\u0151helyeinek kapujak\u00e9nt szolg\u00e1l. Ezenk\u00edv\u00fcl Honolulu kik\u00f6t\u0151je \u00e9s rep\u00fcl\u0151tere a csendes-\u00f3ce\u00e1ni t\u00e9rs\u00e9g f\u0151 kereskedelmi \u00e9s katonai funkci\u00f3it l\u00e1tja el, m\u00edg a n\u00f6vekv\u0151 high-tech \u00e9s kutat\u00e1si szektor diverzifik\u00e1lja a v\u00e1rost. 2014-ben Honolulu meg\u00e9lhet\u00e9si k\u00f6lts\u00e9gei az orsz\u00e1g legmagasabbjai k\u00f6z\u00e9 tartoztak, ami a v\u00e1ros t\u00e1voli fekv\u00e9s\u00e9nek \u00e9s az importalap\u00fa gazdas\u00e1gnak k\u00f6sz\u00f6nhet\u0151. A h\u00e1ztart\u00e1sok medi\u00e1nj\u00f6vedelme viszonylag magas (k\u00f6r\u00fclbel\u00fcl 85 000 doll\u00e1r), de a szeg\u00e9nys\u00e9gi r\u00e1ta is (k\u00f6zel 12%), ami r\u00e1vil\u00e1g\u00edt a j\u00f6vedelmi k\u00fcl\u00f6nbs\u00e9gekre ebben a dr\u00e1ga v\u00e1rosban.<\/p>\n<p>Honolulu O\u02bbahu d\u00e9li partj\u00e1n fekszik, a harmadik legnagyobb hawaii szigeten. A v\u00e1ros a d\u00e9lkeleti partvid\u00e9ken ter\u00fcl el a t\u00f6rt\u00e9nelmi Pearl Harbort\u00f3l a Diamond Head (L\u0113\u02bbahi) \u00e9s a Makapu\u02bbu Point gerinc\u00e9ig. A buja vulkanikus hegyek (a Ko\u02bbolau-hegys\u00e9g) meredeken emelkednek a v\u00e1rost\u00f3l \u00e9szakra, egy keskeny part menti s\u00edks\u00e1got keretezve. F\u00f6ldrajzilag a F\u00f6ld egyik legeldugottabb nagyv\u00e1rosa \u2013 nagyj\u00e1b\u00f3l 2400 m\u00e9rf\u00f6ldre d\u00e9lnyugatra San Francisc\u00f3t\u00f3l, a hatalmas Csendes-\u00f3ce\u00e1non \u00e1t. Ez az elszigetelts\u00e9g Honolulu \u00e9ghajlat\u00e1t \u00e9s \u00f6kosziszt\u00e9m\u00e1j\u00e1t a tr\u00f3pusokhoz jobban hasonl\u00edtja, mint b\u00e1rmely m\u00e1s amerikai v\u00e1ros.<\/p>\n<p>Az \u00e9ghajlat tr\u00f3pusi \u00e9s \u00f3ce\u00e1ni. Az \u00e9szakkeleti passz\u00e1tszelek eg\u00e9sz \u00e9vben f\u00fajnak, nedvess\u00e9get hozva a hegyekbe, de a partvid\u00e9ket gyakran naposabb\u00e1 t\u00e9ve. A h\u0151m\u00e9rs\u00e9klet figyelemre m\u00e9lt\u00f3an \u00e1lland\u00f3: a napi maximumok jellemz\u0151en t\u00e9len is 25\u201330 \u00b0C k\u00f6r\u00fcl mozognak. A csapad\u00e9k szezon\u00e1lis (nedves t\u00e9l, sz\u00e1raz ny\u00e1r), de a hegyvid\u00e9ki ter\u00fcleteken b\u0151s\u00e9ges. \u00d6sszess\u00e9g\u00e9ben Honolulu \u201etr\u00f3pusi paradicsomi\u201d \u00e9ghajlata jelent\u0151s vonzer\u0151 a turist\u00e1k sz\u00e1m\u00e1ra.<\/p>\n<p>Honolulu t\u00f6rt\u00e9nete az \u0151si hawaiiakkal kezd\u0151dik. A r\u00e9g\u00e9szeti bizony\u00edt\u00e9kok azt mutatj\u00e1k, hogy a polin\u00e9z utaz\u00f3k a 11. sz\u00e1zadra letelepedtek O&#039;ahun. 1795-ben I. Kamehameha egyes\u00edtette O&#039;ahut kir\u00e1lys\u00e1ga alatt, \u00e9s 1804-re kir\u00e1lyi udvar\u00e1t a mai Honolulu Waik\u012bk\u012b ter\u00fclet\u00e9re k\u00f6lt\u00f6ztette. Az elk\u00f6vetkez\u0151 \u00e9vtizedekben Honolulu kik\u00f6t\u0151v\u00e1ross\u00e1 fejl\u0151d\u00f6tt, majd 1845-ben III. Kamehameha kir\u00e1ly hivatalosan is a Hawaii Kir\u00e1lys\u00e1g f\u0151v\u00e1ros\u00e1v\u00e1 nyilv\u00e1n\u00edtotta. Kal\u0101kaua kir\u00e1ly \u00e9s Lili\u02bbuokalani kir\u00e1lyn\u0151 k\u00e9s\u0151bb a belv\u00e1rosban meg\u00e9p\u00edttette a grandi\u00f3zus \u02bbIolani palot\u00e1t kir\u00e1lyi rezidenciak\u00e9nt.<\/p>\n<p>A 19. sz\u00e1zad v\u00e9ge viharos volt: 1893-ban Honoluluban buktatt\u00e1k meg a hawaii monarchi\u00e1t (Lili\u02bbuokalani kir\u00e1lyn\u0151t megbuktatt\u00e1k), \u00f6t \u00e9vvel k\u00e9s\u0151bb pedig Hawaiit az Egyes\u00fclt \u00c1llamok annekt\u00e1lta. Az 1900-as puszt\u00edt\u00f3 k\u00ednai negyedi t\u0171zv\u00e9sz \u00e9s a Pearl Harbor-i t\u00e1mad\u00e1s (1941) sokkja ellen\u00e9re Honolulu tov\u00e1bbra is Hawaii politikai \u00e9s n\u00e9pess\u00e9gk\u00f6zpontja maradt. Az 1959-es \u00e1llamis\u00e1g turisztikai fellend\u00fcl\u00e9st ind\u00edtott el: aut\u00f3p\u00e1ly\u00e1k, sz\u00e1llod\u00e1k \u00e9s a modern rep\u00fcl\u0151t\u00e9r (akkoriban Honolulu International) \u00e9p\u00fclt, mik\u00f6zben t\u00f6bb sz\u00e1zezer amerikai \u00e9s \u00e1zsiai kezdett Hawaiin nyaralni. A 20. sz\u00e1zad k\u00f6zep\u00e9re Waik\u012bk\u012b felh\u0151karcol\u00f3kb\u00f3l \u00e1ll\u00f3 \u00fcd\u00fcl\u0151negyedd\u00e9 alakult \u00e1t, \u00e9s Honolulu l\u00e1tk\u00e9pe is emelkedni kezdett a sz\u00e1llod\u00e1k \u00e9s apartmanok sor\u00e1val. A v\u00e1ros folyamatosan fejl\u0151dik, most m\u00e1r a m\u00e9ly polin\u00e9z \u00f6r\u00f6ks\u00e9get a glob\u00e1lis hat\u00e1sokkal \u00f6tv\u00f6zi.<\/p>\n<p>Honolulu kult\u00far\u00e1ja a hawaii \u0151slakos hagyom\u00e1nyokb\u00f3l \u00e9s sz\u00e1mos bev\u00e1ndorl\u00f3 k\u00f6z\u00f6ss\u00e9g\u00e9b\u0151l sz\u0151tt sz\u00f6vet. Az angol \u00e9s a hawaii (&#039;\u014clelo Hawai&#039;i) hivatalos nyelvek, de a mindennapi \u00e9letben hallani fogjuk a hawaii pidgint (kreol angol), a jap\u00e1nt, a tagalogot \u00e9s sok m\u00e1s csendes-\u00f3ce\u00e1ni parti nyelvet is. A helyi szellemis\u00e9get k\u00f6ztudottan az \u201eAloha Szellem\u201d vez\u00e9rli \u2013 a melegs\u00e9g \u00e9s a bar\u00e1ts\u00e1goss\u00e1g, amelyet \u00fcdv\u00f6zl\u00e9sekben, lei-ekben \u00e9s laza udvariass\u00e1gban fejeznek ki. Honolulu napt\u00e1ra tele van sz\u00ednes fesztiv\u00e1lokkal, amelyek ezt a kever\u00e9ket mutatj\u00e1k be: p\u00e9ld\u00e1ul a m\u00e1rciusi Honolulu Fesztiv\u00e1l hidat hoz az \u00e1zsiai, a csendes-\u00f3ce\u00e1ni szigeteki \u00e9s a hawaii zene \u00e9s t\u00e1nc k\u00f6z\u00f6tt, m\u00edg a m\u00e1jus 1-jei Lei Nap a hawaii lei-k\u00e9sz\u00edt\u00e9st \u00fcnnepli koncertekkel \u00e9s hula t\u00e1nccal a Kapi&#039;olani Parkban. Az \u0151szi egyhetes Aloha Fesztiv\u00e1lok az \u00e1llam legnagyobb kultur\u00e1lis \u00fcnnepe, amely t\u00f6bb mint 100 000 embert vonz felvonul\u00e1sokra, sz\u00e9ps\u00e9gversenyekre \u00e9s koncertekre. A mindennapi \u00e9letben Honoluluban \u00e1ltal\u00e1ban nyugodt a ny\u00fczsg\u00e9s \u2013 a helyiek reggelente sz\u00f6rf\u00f6zhetnek, este pedig r\u00e9szt vehetnek egy kerti grillez\u00e9sen. Modern v\u00e1rosk\u00e9nt Honolulunak m\u00e9gis van egy \u00fczleti oldala is, k\u00fcl\u00f6n\u00f6sen a belv\u00e1rosban. Az \u00f6sszhat\u00e1s bar\u00e1ts\u00e1gos \u00e9s vend\u00e9gszeret\u0151, amit egy nagy turisztikai k\u00f6zpont kozmopolita ny\u00fczsg\u00e9se enyh\u00edt.<\/p>\n<p>Honolulu l\u00e1tnival\u00f3i term\u00e9szeti csod\u00e1kat, kultur\u00e1lis int\u00e9zm\u00e9nyeket \u00e9s t\u00f6rt\u00e9nelmi helysz\u00edneket \u00f6tv\u00f6znek. A Waik\u012bk\u012b strandot kev\u00e9s bemutat\u00e1sra szorul \u2013 ez az aranyl\u00f3 homokos f\u00e9lhold tal\u00e1n a vil\u00e1g legh\u00edresebb v\u00e1rosi strandja. A turist\u00e1k Waik\u012bk\u012bbe \u00f6z\u00f6nlenek napoz\u00e1s, sz\u00f6rfleck\u00e9k \u00e9s egy \u00fczletekkel \u00e9s \u00fcd\u00fcl\u0151helyekkel szeg\u00e9lyezett s\u00e9t\u00e1ny miatt. Waik\u012bk\u012b felett tal\u00e1lhat\u00f3 a Diamond Head (L\u0113&#039;ahi), egy kialudt vulk\u00e1ni kr\u00e1ter, amelynek meredek t\u00fara\u00fatvonala a v\u00e1ros \u00e9s a Csendes-\u00f3ce\u00e1n panor\u00e1m\u00e1s kil\u00e1t\u00e1s\u00e1val jutalmazza a hegym\u00e1sz\u00f3kat.<\/p>\n<p>Honolulu belv\u00e1rosa gazdag t\u00f6rt\u00e9nelmet k\u00edn\u00e1l: az \u02bbIolani-palota (1879-ben \u00e9p\u00fclt) Hawaii utols\u00f3 kir\u00e1lyainak rezidenci\u00e1ja volt, \u00e9s ez az egyetlen kir\u00e1lyi palota az Egyes\u00fclt \u00c1llamok f\u00f6ldj\u00e9n. A k\u00f6zelben tal\u00e1lhat\u00f3 Bishop M\u00fazeum ad otthont a vil\u00e1g legnagyobb polin\u00e9z t\u00e1rgyi eml\u00e9keinek \u00e9s hawaii kir\u00e1lyi kincseinek gy\u0171jtem\u00e9ny\u00e9nek. A Honolului M\u0171v\u00e9szeti M\u00fazeum (\u00e9s a hozz\u00e1 tartoz\u00f3 Shangri-La iszl\u00e1m m\u0171v\u00e9szeti gy\u0171jtem\u00e9ny) Hawaii legnagyobb k\u00e9pz\u0151m\u0171v\u00e9szeti m\u00fazeuma. Egy m\u00e1sik meghat\u00f3 helysz\u00edn a Csendes-\u00f3ce\u00e1ni Nemzeti Eml\u00e9ktemet\u0151 (\u201ePunchbowl\u201d), egy \u00fcnnep\u00e9lyes m\u00e1sodik vil\u00e1gh\u00e1bor\u00fas \u00e9s koreai h\u00e1bor\u00fas temet\u0151, amelyet egy vulk\u00e1ni kr\u00e1terbe v\u00e1jtak, kil\u00e1t\u00e1ssal a v\u00e1rosra.<\/p>\n<p>A Hawaii Nemzeti Parkokban a r\u00f6vid aut\u00f3\u00fatra tal\u00e1lhat\u00f3 Pearl Harbor kihagyhatatlan l\u00e1tnival\u00f3: az USS Arizona Memorial \u00e9s a Missouri csatahaj\u00f3 a m\u00e1sodik vil\u00e1gh\u00e1bor\u00fa csendes-\u00f3ce\u00e1ni t\u00e9rs\u00e9gben v\u00edvott t\u00f6rt\u00e9net\u00e9t mes\u00e9li el. (Honolulu emellett t\u00far\u00e1kat szervez a Csendes-\u00f3ce\u00e1ni Rep\u00fcl\u00e9si M\u00fazeumba \u00e9s m\u00e1s Pearl Harbor-i helysz\u00ednekre is.) A term\u00e9szet szerelmesei a Hanauma-\u00f6bl\u00f6t (Waik\u012bk\u012b-t\u0151l keletre) kiv\u00e1l\u00f3 b\u00fav\u00e1rkod\u00f3helynek tal\u00e1lj\u00e1k egy v\u00e9dett koralllag\u00fan\u00e1ban. Kikapcsol\u00f3d\u00e1s \u00e9s v\u00e1s\u00e1rl\u00e1s szempontj\u00e1b\u00f3l a Waik\u012bk\u012b-i Ala Moana Center a vil\u00e1g legnagyobb szabadt\u00e9ri bev\u00e1s\u00e1rl\u00f3k\u00f6zpontja, a k\u00f6zeli Kapi\u02bbolani Park (160 hekt\u00e1r a Diamond Head l\u00e1b\u00e1n\u00e1l) pedig egy buja v\u00e1rosi o\u00e1zis kocog\u00e1shoz, piknikez\u0151 naplement\u00e9khez \u00e9s szabadt\u00e9ri hula rendezv\u00e9nyekhez.<\/p>\n<p>Honolulu f\u0151 \u00e1tj\u00e1r\u00f3ja a Daniel K. Inouye Nemzetk\u00f6zi Rep\u00fcl\u0151t\u00e9r (HNL), az egyik legforgalmasabb transz-csendes-\u00f3ce\u00e1ni csom\u00f3pont. K\u00f6zvetlen j\u00e1ratokat k\u00edn\u00e1l az Egyes\u00fclt \u00c1llamok sz\u00e1razf\u00f6ldi v\u00e1rosaiba (Los Angeles, San Francisco, Seattle, Chicago, New York stb.) \u00e9s \u00e1zsiai-csendes-\u00f3ce\u00e1ni \u00fati c\u00e9lokba (Toki\u00f3, Sz\u00f6ul, Sydney \u00e9s egyebek). Hawaii l\u00e1togat\u00f3inak t\u00f6bb mint 60%-a \u00e9rkezik a HNL-en kereszt\u00fcl. A szigetek k\u00f6z\u00f6tti j\u00e1ratok Honolulut m\u00e1s hawaii rep\u00fcl\u0151terekkel k\u00f6tik \u00f6ssze. A csendes-\u00f3ce\u00e1ni \u00fatvonalak r\u00e9szek\u00e9nt a tengerj\u00e1r\u00f3 haj\u00f3k is kik\u00f6tnek a honolului kik\u00f6t\u0151ben.<\/p>\n<p>Honolulun bel\u00fcl a k\u00f6zleked\u00e9si lehet\u0151s\u00e9gek k\u00f6z\u00e9 tartozik a TheBus (O&#039;ahu t\u00f6megk\u00f6zleked\u00e9si rendszere), a k\u00f6z\u00f6s fuvaroz\u00e1s \u00e9s a taxik. Waik\u012bk\u012b \u00e9s a belv\u00e1ros k\u00f6nnyen megk\u00f6zel\u00edthet\u0151 gyalogosan; sok l\u00e1togat\u00f3 ott hagyja az aut\u00f3j\u00e1t. Az Ala Moana Boulevard \u00e9s a H-1-es aut\u00f3p\u00e1lya forgalma nagy lehet, k\u00fcl\u00f6n\u00f6sen cs\u00facsforgalomban. Honolulu 2023-ban nyitotta meg els\u0151 vas\u00fati t\u00f6megk\u00f6zleked\u00e9si vonal\u00e1t (Skyline) \u2013 amely jelenleg Kapolei-t\u00f3l az Aloha Stadionig k\u00f6zlekedik \u2013, amely v\u00e9g\u00fcl Waik\u012bk\u012b \u00e9s Ala Moana fel\u00e9 is meghosszabb\u00edt\u00e1sra ker\u00fcl. Am\u00edg a teljes vonal meg nem \u00e9p\u00fcl, az aut\u00f3k\u00f6lcs\u00f6nz\u00e9s \u00e9s a buszok tov\u00e1bbra is k\u00e9nyelmesek a hegyi \u00f6sv\u00e9nyek vagy az \u00e9szaki parti sz\u00f6rf\u00f6s strandok el\u00e9r\u00e9s\u00e9hez. Megjegyz\u00e9s: a parkol\u00e1s Waik\u012bk\u012b-ben dr\u00e1ga, \u00e9s sok sz\u00e1lloda \u00fcd\u00fcl\u0151helyi d\u00edjat sz\u00e1m\u00edt fel.<\/p>\n<p><strong>Alapvet\u0151 tippek:<\/strong><\/p>\n<ul>\n<li><strong>Valuta:<\/strong> Amerikai doll\u00e1r (USD). Hawaiin nincs forgalmi ad\u00f3 a helyben elfogyasztott \u00e9lelmiszerekre (csak \u00e1ltal\u00e1nos 4,5\u20135,5%-os forgalmi ad\u00f3 van az egy\u00e9b \u00e1rukra), de sok v\u00e1llalkoz\u00e1s tov\u00e1bbra is ad\u00f3 n\u00e9lk\u00fcl t\u00fcnteti fel az \u00e1rakat.<\/li>\n<li><strong>Nyelv:<\/strong> Az angol a munkanyelv; a hawaii szavak megjelennek a nevekben, \u00e9s tiszteletben tartj\u00e1k \u0151ket (\u02bbokina, kahak\u014d). A helyiek gyakran haszn\u00e1lj\u00e1k a pidgint (hawaii kreol).<\/li>\n<li><strong>Etikett:<\/strong> A hawaiiak nagyra \u00e9rt\u00e9kelik <em>Viszl\u00e1t<\/em> szellem \u2013 bar\u00e1ts\u00e1gosnak, t\u00fcrelmesnek \u00e9s tisztelettud\u00f3nak lenni. Szent helyek vagy otthonok l\u00e1togat\u00e1sakor vedd le a cip\u0151det, \u00e9s k\u00e9rj enged\u00e9lyt a fot\u00f3z\u00e1s el\u0151tt. Udvariasnak sz\u00e1m\u00edt az idegeneket \u201ealoha\u201d \u00e9s \u201emahalo\u201d (k\u00f6sz\u00f6n\u00f6m) szavakkal \u00fcdv\u00f6z\u00f6lni, amikor ez hely\u00e9nval\u00f3.<\/li>\n<li><strong>Biztons\u00e1g:<\/strong> Honolulu \u00e1ltal\u00e1ban biztons\u00e1gos, de az elszigetelt ter\u00fcleteken \u00e9jszaka is maradjon \u00e9ber. Az \u00f3ce\u00e1nban mindig k\u00f6vesse az \u00e9letment\u0151k figyelmeztet\u00e9seit (Waik\u012bk\u012b-ben id\u0151nk\u00e9nt er\u0151s \u00e1ramlatok vannak). V\u00e9dje mag\u00e1t a napt\u00f3l, \u00e9s fogyasszon gyakran folyad\u00e9kot. (Megjegyz\u00e9s: Hawaiin nincsenek m\u00e9rgez\u0151 sz\u00e1razf\u00f6ldi \u00e9l\u0151l\u00e9nyek, de a le\u00e9g\u00e9s, a med\u00fazacs\u00edp\u00e9sek \u00e9s az er\u0151s hull\u00e1mok vesz\u00e9lyt jelenthetnek.)<a href=\"https:\/\/travelshelper.com\/hu\/uticelok\/eszak-amerika\/amerikai-egyesult-allamok\/berkeley-springs\/\" target=\"_self\" aria-labelledby=\"uael-post-8997\"><br \/>\n<\/a><\/li>\n<\/ul>","protected":false},"excerpt":{"rendered":"<p>Honolulu az Egyes\u00fclt \u00c1llamok Hawaii \u00e1llam\u00e1nak f\u0151v\u00e1rosa \u00e9s egyben legn\u00e9pesebb v\u00e1rosa, amely a Csendes-\u00f3ce\u00e1non fekszik. Be nem \u00e9p\u00edtett v\u00e1rosk\u00e9nt az egyes\u00edtett Honolulu v\u00e1ros \u00e9s megye megyesz\u00e9khelyek\u00e9nt m\u0171k\u00f6dik. O\u02bbahu d\u00e9lkeleti partj\u00e1n fekv\u0151 Honolulu az Egyes\u00fclt \u00c1llamok legnyugatibb \u00e9s legd\u00e9libb nagyv\u00e1rosak\u00e9nt ismert. Hawaii a vil\u00e1g f\u0151 kapuja, valamint az \u00e1llam \u00e9s \u00d3ce\u00e1nia \u00fczleti, p\u00e9nz\u00fcgyi, vend\u00e9gl\u00e1t\u00f3ipari \u00e9s katonai v\u00e9delmi k\u00f6zpontja. A v\u00e1ros a k\u00fcl\u00f6nb\u00f6z\u0151 \u00e1zsiai, nyugati \u00e9s csendes-\u00f3ce\u00e1ni kult\u00far\u00e1k tal\u00e1lkoz\u00e1si pontja, amit v\u00e1ltozatos demogr\u00e1fiai \u00f6sszet\u00e9tele, konyh\u00e1ja \u00e9s hagyom\u00e1nyai is t\u00fckr\u00f6znek.<\/p>","protected":false},"author":1,"featured_media":3574,"parent":8072,"menu_order":0,"comment_status":"closed","ping_status":"closed","template":"elementor_theme","meta":{"_eb_attr":"","footnotes":""},"class_list":["post-8097","page","type-page","status-publish","has-post-thumbnail"],"_links":{"self":[{"href":"https:\/\/travelshelper.com\/hu\/wp-json\/wp\/v2\/pages\/8097","targetHints":{"allow":["GET"]}}],"collection":[{"href":"https:\/\/travelshelper.com\/hu\/wp-json\/wp\/v2\/pages"}],"about":[{"href":"https:\/\/travelshelper.com\/hu\/wp-json\/wp\/v2\/types\/page"}],"author":[{"embeddable":true,"href":"https:\/\/travelshelper.com\/hu\/wp-json\/wp\/v2\/users\/1"}],"replies":[{"embeddable":true,"href":"https:\/\/travelshelper.com\/hu\/wp-json\/wp\/v2\/comments?post=8097"}],"version-history":[{"count":0,"href":"https:\/\/travelshelper.com\/hu\/wp-json\/wp\/v2\/pages\/8097\/revisions"}],"up":[{"embeddable":true,"href":"https:\/\/travelshelper.com\/hu\/wp-json\/wp\/v2\/pages\/8072"}],"wp:featuredmedia":[{"embeddable":true,"href":"https:\/\/travelshelper.com\/hu\/wp-json\/wp\/v2\/media\/3574"}],"wp:attachment":[{"href":"https:\/\/travelshelper.com\/hu\/wp-json\/wp\/v2\/media?parent=8097"}],"curies":[{"name":"wp","href":"https:\/\/api.w.org\/{rel}","templated":true}]}}