{"id":7761,"date":"2024-08-29T12:34:47","date_gmt":"2024-08-29T12:34:47","guid":{"rendered":"https:\/\/travelshelper.com\/staging\/?page_id=7761"},"modified":"2026-03-13T16:45:04","modified_gmt":"2026-03-13T16:45:04","slug":"port-au-prince","status":"publish","type":"page","link":"https:\/\/travelshelper.com\/hu\/destinations\/north-america\/haiti\/port-au-prince\/","title":{"rendered":"Port-au-Prince"},"content":{"rendered":"<p>Port-au-Prince Haiti egyed\u00fcl\u00e1ll\u00f3 v\u00e1rosi t\u00e1maszpontjak\u00e9nt mutatkozik be \u2013 a Gon\u00e2ve-\u00f6b\u00f6l f\u00e9lholdj\u00e1n fekszik, becsl\u00e9sek szerint 1 200 000 lakossal ad otthont telep\u00fcl\u00e9sein bel\u00fcl, \u00e9s k\u00f6zel 2,6 milli\u00f3val a t\u00e1gabb nagyv\u00e1rosi ker\u00fclet\u00e9n 2022-ben. Amfite\u00e1tr\u00e1lis domborzata a v\u00e9dett rakpartokt\u00f3l a hull\u00e1mz\u00f3 gerincekig ny\u00falik felfel\u00e9, amelyek inform\u00e1lis telep\u00fcl\u00e9seket \u00f6lelnek fel; koordin\u00e1t\u00e1i, amelyek a Hispaniola nyugati v\u00e9g\u00e9n\u00e9l helyezkednek el, a nemzet viharos kr\u00f3nik\u00e1j\u00e1nak \u0151rz\u0151j\u00e9v\u00e9 \u00e9s olvaszt\u00f3t\u00e9gely\u00e9v\u00e9 teszik.<\/p>\n<p>A legkor\u00e1bbi ta\u00edno jelenl\u00e9tt\u0151l kezdve, akiknek a fedez\u00e9kb\u0151l ki\u00e1sott kenui az \u00f6b\u00f6l term\u00e9szetes kik\u00f6t\u0151j\u00e9t k\u00f6vett\u00e9k, Port-au-Prince a tengeri kereskedelem csom\u00f3pontjak\u00e9nt szolg\u00e1lt; hivatalos megalakul\u00e1sa a francia charta alatt 1749-ben a tengeri forgalomra orient\u00e1lt v\u00e1rosi s\u00e9m\u00e1t hozott l\u00e9tre, ahol a kereskedelem az alacsonyan fekv\u0151 rakpartok ment\u00e9n gy\u0171lt \u00f6ssze, m\u00edg a lak\u00f3h\u00e1zak a napfelkelte fel\u00e9 emelkedtek. Ma Delmas a Toussaint Louverture nemzetk\u00f6zi rep\u00fcl\u0151t\u00e9rt\u0151l d\u00e9lre helyezkedik el, mint egy csukl\u00f3pont a v\u00e1ros magja \u00e9s a k\u00fclv\u00e1rosi terjeszked\u00e9s k\u00f6z\u00f6tt; a Carrefour d\u00e9lnyugat fel\u00e9 terjeszkedik, egy szer\u00e9ny k\u00f6r\u00fclm\u00e9nyek k\u00f6z\u00f6tt \u00e9l\u0151 k\u00f6zs\u00e9g, amelyet k\u00e9zm\u0171ves \u00e1rusok csoportjai tark\u00edtanak; a d\u00e9lkeletre fekv\u0151 P\u00e9tion-Ville egy viszonylagos j\u00f3l\u00e9t enkl\u00e1v\u00e9j\u00e1t mutatja, ahol a f\u00e1kkal szeg\u00e9lyezett sug\u00e1rutak \u00e9s a m\u00e9zeskal\u00e1cs vill\u00e1k elt\u00e9r\u0151 t\u00e1rsadalmi r\u00e9tegekr\u0151l \u00e1rulkodnak.<\/p>\n<p>Az \u00f6b\u00f6l feletti dombok fel\u00e9n\u00e9l a nyomornegyedek n\u00f6v\u00e9se megnehez\u00edti a n\u00e9pess\u00e9gsz\u00e1ml\u00e1l\u00e1st, a Cit\u00e9 Soleil pedig komoran kiemelkedik. Ez a ker\u00fclet \u2013 amelyet nemr\u00e9giben k\u00f6zigazgat\u00e1silag elv\u00e1lasztottak a v\u00e1rost\u00f3l \u2013 a szeg\u00e9nys\u00e9g \u00e9s a helyi bizonytalans\u00e1g \u00f6sszefon\u00f3d\u00e1s\u00e1t testes\u00edti meg, amelyet sz\u0171k sik\u00e1torok, r\u00f6gt\u00f6nz\u00f6tt mened\u00e9khelyek \u00e9s a fegyveres k\u00f6z\u00f6ss\u00e9gek minden\u00fctt jelenl\u00e9te jellemez. Ezek a fegyveres h\u00e1l\u00f3zatok, amelyek gyakran titkos j\u00f3v\u00e1hagy\u00e1ssal m\u0171k\u00f6dnek a sz\u00e9tt\u00f6redezett korm\u00e1nyz\u00e1s k\u00f6zepette, emberrabl\u00e1sokat, m\u00e9sz\u00e1rl\u00e1sokat, s\u0151t nemi alap\u00fa atrocit\u00e1sokat k\u00f6vetnek el, ami cs\u00f6kkenti a polg\u00e1ri tekint\u00e9lyt, \u00e9s sz\u00e1mos v\u00e1rosr\u00e9sz gyakorlatilag p\u00e1rhuzamos uralom alatt \u00e1ll.<\/p>\n<p>Port-au-Prince kultur\u00e1lis \u00f6r\u00f6ks\u00e9g\u00e9nek t\u00f6rt\u00e9nete r\u00e9tegekben bontakozik ki: az emancip\u00e1ci\u00f3 diadala 1804-ben, amikor a rabszolgasorban \u00e9l\u0151 afrikaiak gyermekei megalap\u00edtott\u00e1k Amerika m\u00e1sodik k\u00f6zt\u00e1rsas\u00e1g\u00e1t; az ism\u00e9tl\u0151d\u0151 szeizmikus reng\u00e9sek, mindenekel\u0151tt a 2010. janu\u00e1r 12-i 7,0-s er\u0151ss\u00e9g\u0171 f\u00f6ldreng\u00e9s, amely a korm\u00e1nyzati becsl\u00e9sek szerint romba d\u00f6nt\u00f6tte a Nemzeti Palota kupol\u00e1s rotund\u00e1j\u00e1t, \u00e9s mintegy 230 000 ember \u00e9let\u00e9t k\u00f6vetelte. Ezt k\u00f6vet\u0151en lass\u00fa el\u0151rehalad\u00e1s k\u00f6zepette \u00fajj\u00e1\u00e9p\u00edt\u00e9si kezdem\u00e9nyez\u00e9sek jelentek meg \u2013 az \u00f6sszeomlott kancell\u00e1ri\u00e1k \u00e9s a bez\u00e1rt miniszt\u00e9riumok sebei eml\u00e9keztetnek a v\u00e1ros ingatag egyens\u00faly\u00e1ra a t\u00f6rekv\u00e9s \u00e9s a felboml\u00e1s k\u00f6z\u00f6tt.<\/p>\n<p>Az \u00e9ghajlati ritmusok alak\u00edtj\u00e1k a mindennapi \u00e9lm\u00e9nyeket. M\u00e1rciust\u00f3l novemberig k\u00e9t crescend\u00f3ban \u00e9rkeznek az \u00e9vszakos es\u0151k \u2013 el\u0151sz\u00f6r \u00e1prilisban \u00e9s m\u00e1jusban, majd augusztust\u00f3l okt\u00f3berig \u2013, \u00f6z\u00f6nv\u00edzszer\u0171 z\u00e1porokat hozva l\u00e9tre, amelyek felduzzasztj\u00e1k a v\u00edzmos\u00e1sokat \u00e9s el\u00e1rasztj\u00e1k az alacsonyabban fekv\u0151 ter\u00fcleteket. A j\u00faniusi \u00e9s j\u00faliusi sz\u00e9ls\u0151s\u00e9ges id\u0151szak \u00e1tmeneti megk\u00f6nnyebb\u00fcl\u00e9st hoz; majd decembert\u0151l febru\u00e1rig sz\u00e1razs\u00e1g uralkodik a gyakran szaharai porral bor\u00edtott \u00e9g alatt. A h\u0151m\u00e9rs\u00e9klet ritk\u00e1n enged a sz\u00e9ls\u0151s\u00e9geknek, meleg vagy forr\u00f3 tartom\u00e1nyban mozog, a p\u00e1ratartalom pedig \u00e1lland\u00f3 k\u00eds\u00e9r\u0151je.<\/p>\n<p>A demogr\u00e1fiai \u00f6sszet\u00e9tel t\u00fckr\u00f6zi Haiti sz\u00e1rmaz\u00e1sainak mozaikj\u00e1t. Az afrikai sz\u00e1rmaz\u00e1s\u00faak t\u00falnyom\u00f3 t\u00f6bbs\u00e9ge; a k\u00e9tnemzetis\u00e9g\u0171 csal\u00e1dok \u2013 amelyek t\u00f6rt\u00e9nelmileg a kereskedelemhez k\u00f6t\u0151dnek \u2013 a magasabb ker\u00fcletekben koncentr\u00e1l\u00f3dnak; az \u00e1zsiai \u00e9s eur\u00f3pai \u00f6r\u00f6ks\u00e9g\u0171, kicsi, de bevett k\u00f6z\u00f6ss\u00e9gek kereskedelmi \u00e9s szakmai szf\u00e9r\u00e1ban tev\u00e9kenykednek. A sz\u00edriai \u00e9s libanoni sz\u00e1rmaz\u00e1s\u00fa arab haitiak kereskedelmi k\u00f6zpontokat tartanak fenn a v\u00e1rosk\u00f6zpontban. Ezek a sz\u00e1lak a v\u00e1ros f\u0151\u00fatjai ment\u00e9n fon\u00f3dnak \u00f6ssze, amelyek k\u00f6z\u00f6tt olyan sug\u00e1rutak is tal\u00e1lhat\u00f3k, amelyeket John Brown \u00e9s Charles Sumner abolicionista szem\u00e9lyis\u00e9gekr\u0151l kereszteltek \u2013 tan\u00faskodva az atlanti szakad\u00e9kokon \u00e1t\u00edvel\u0151 szolidarit\u00e1sr\u00f3l.<\/p>\n<p>A gazdas\u00e1gi tev\u00e9kenys\u00e9g a formas\u00e1gok \u00e9s az improviz\u00e1ci\u00f3 kett\u0151ss\u00e9g\u00e9t t\u00fckr\u00f6zi. A kereskedelmi export \u2013 a legnagyobb t\u00e9telben a k\u00e1v\u00e9- \u00e9s cukorsz\u00f6v\u0151sz\u00e9k \u2013 a k\u00f6rnyez\u0151 ter\u00fcletekr\u0151l sz\u00e1rmazik; a l\u00e1bbelik \u00e9s sportcikkek kor\u00e1bbi exportja cs\u00f6kkent. A v\u00e1ros hat\u00e1rain bel\u00fcl szappangy\u00e1rak, textilm\u0171helyek, cement\u00e9get\u0151k \u00e9s \u00e9lelmiszer-feldolgoz\u00f3 \u00fczemek olyan ipari l\u00e1bnyomot jel\u00f6lnek ki, amely rendszertelen energiaell\u00e1t\u00e1ssal \u00e9s infrastruktur\u00e1lis le\u00e9p\u00fcl\u00e9ssel k\u00fczd. A turizmus, amelyet egykor a tengerj\u00e1r\u00f3 haj\u00f3k t\u00e1mogattak, am\u00edg a politikai turbulencia el nem rontotta a l\u00e1togat\u00f3k bizalm\u00e1t, ma kultur\u00e1lis nevezetess\u00e9gekhez ragaszkodik: a 19. sz\u00e1zadi Hotel Oloffsonhoz, amelynek m\u00e9zeskal\u00e1cs homlokzata \u00e9s z\u00f6ld verand\u00e1i halhatatlann\u00e1 v\u00e1ltak az irodalomban; a majdnem romos \u00e9s lass\u00fa felt\u00e1mad\u00e1sban l\u00e9v\u0151 Port-au-Prince-i katedr\u00e1lishoz, amelynek neoromantikus sz\u00f6gesdr\u00f3tjai egykor \u00e1tsz\u00fart\u00e1k a karibi eget.<\/p>\n<p>A kultur\u00e1lis kifejez\u00e9sm\u00f3d \u00e1thatja a v\u00e1rosi t\u00e1jk\u00e9pet. A Nemzeti Palota ter\u00fclet\u00e9n \u2013 eredeti, 18. sz\u00e1zadi csontjait k\u00e9t puszt\u00edt\u00e1si \u00e9s \u00fajj\u00e1\u00e9p\u00edt\u00e9si ciklus t\u00f6rte el \u2013 \u00e1ll a Mus\u00e9e National, amely a kir\u00e1lyi pisztolyokt\u00f3l a kolumbusz Santa Mar\u00ed\u00e1b\u00f3l sz\u00e1rmaz\u00f3 tenger\u00e9szeti erekly\u00e9kig sz\u00e1mos m\u0171t\u00e1rgyat \u0151riz. A k\u00f6zelben, a Coll\u00e8ge Saint-Pierre-ben tal\u00e1lhat\u00f3 Mus\u00e9e d&#039;Art Ha\u00eftien a naiv iskola mestereinek v\u00e1sznaib\u00f3l \u00e1ll\u00edt ki k\u00e9peket; a Panth\u00e9on National Ha\u00eftien (MUPANAH) szobrokkal \u00e9s feliratokkal mes\u00e9li el a f\u00fcggetlens\u00e9gi h\u0151s\u00f6k t\u00f6rt\u00e9net\u00e9t. A Biblioth\u00e8que Nationale \u00e9s az Archives Nationales gyarmati rendeletek \u00e9s k\u00f6zt\u00e1rsas\u00e1gi rendeletek lev\u00e9lt\u00e1ri nyomait \u0151rzi; az Expressions Art Gallery a kort\u00e1rs hangokat k\u00e9pviseli. A 2015 \u00e1prilis\u00e1ban \u00e9p\u00fcl\u0151 Utols\u00f3 Napok Szentjeinek temploma mind a vall\u00e1si soksz\u00edn\u0171s\u00e9get, mind az \u00e9p\u00edt\u00e9szeti megk\u00fcl\u00f6nb\u00f6ztet\u00e9st jelezte, gr\u00e1nitprofilja k\u00e9szen \u00e1ll arra, hogy csatlakozzon Port-au-Prince soksz\u00edn\u0171 l\u00e1tk\u00e9p\u00e9hez.<\/p>\n<p>A k\u00f6zleked\u00e9si art\u00e9ri\u00e1k sug\u00e1rir\u00e1nyban h\u00faz\u00f3dnak a f\u0151v\u00e1rosb\u00f3l. Az 1-es \u00e9s a 2-es sz\u00e1m\u00fa Route Nationale, az \u00e9szaki \u00e9s a d\u00e9li f\u0151\u00fatvonalak innen erednek; mindkett\u0151 elhanyagolt id\u0151szakokon ment kereszt\u00fcl, legink\u00e1bb az 1991-es puccsot k\u00f6vet\u0151en, amikor a Vil\u00e1gbank \u00e1ltal t\u00e1mogatott jav\u00edt\u00e1si alapok a korrupci\u00f3 \u00e9s a csonk\u00edt\u00e1s \u00e1ldozatai lettek. Egy harmadlagos \u00fatvonal, az RN 3 a k\u00f6zponti fenns\u00edk fel\u00e9 kanyarog, de leromlott \u00e1llapota miatt ritk\u00e1n haszn\u00e1lj\u00e1k. A v\u00e1roson bel\u00fcl az \u201eutassz\u00e1ll\u00edt\u00f3 teheraut\u00f3k\u201d \u2013 \u00e9l\u00e9nk sz\u00edn\u0171re festett kisteheraut\u00f3k \u2013 alkotj\u00e1k a t\u00f6megk\u00f6zleked\u00e9s kering\u00e9si rendszer\u00e9t, amelyek a forgalmi dug\u00f3kkal dacolva meghat\u00e1rozott \u00fatvonalakon sz\u00e1ll\u00edtj\u00e1k az utasokat. A Port-au-Prince-i nemzetk\u00f6zi kik\u00f6t\u0151, b\u00e1r darukkal \u00e9s t\u00e1gas kik\u00f6t\u0151helyekkel van felszerelve, a t\u00falzott d\u00edjak miatt kihaszn\u00e1latlan marad, \u00e9s a teherfuvaroz\u00e1si volument a dominikai szomsz\u00e9doknak engedi \u00e1t. Ezzel szemben az 1965-ben alap\u00edtott Toussaint Louverture nemzetk\u00f6zi rep\u00fcl\u0151t\u00e9r tov\u00e1bbra is Haiti els\u0151dleges l\u00e9gi \u00e1tj\u00e1r\u00f3ja, amely a seg\u00e9lymisszi\u00f3k, a diaszp\u00f3r\u00e1b\u00f3l visszat\u00e9r\u0151 migr\u00e1nsok \u00e9s az alkalmi turist\u00e1k bizonytalan \u00e1raml\u00e1s\u00e1t ir\u00e1ny\u00edtja, akik hajlamosak apr\u00f3 rep\u00fcl\u0151g\u00e9pekkel \u00e1tkelni a Caribintair \u00e9s a Sunrise Airways \u00e1ltal \u00fczemeltetett vid\u00e9ki lesz\u00e1ll\u00f3p\u00e1ly\u00e1kra.<\/p>\n<p>A napi kereskedelem piacokon \u00e9s j\u00e1rd\u00e1k ment\u00e9n zajlik, ahol az \u00e1rusok term\u00e9nyeket, ruh\u00e1kat \u00e9s h\u00e1ztart\u00e1si cikkeket \u00e1rulnak. A magasban \u00edvel\u0151 elektromos vezet\u00e9kek frakt\u00e1lmint\u00e1zatban f\u0171zik \u00f6ssze a v\u00e1rosr\u00e9szeket, m\u00edg a sz\u0171r\u0151rendszerek a hivatalos v\u00edzvezet\u00e9keket helyettes\u00edtik. Az inform\u00e1lis gazdas\u00e1gok vir\u00e1goznak; a t\u00fal\u00e9l\u00e9s a cserekereskedelem, a t\u00e1rgyal\u00e1s \u00e9s az improviz\u00e1ci\u00f3 k\u00e9pess\u00e9g\u00e9t\u0151l f\u00fcgg. A munkan\u00e9lk\u00fclis\u00e9g akut szinten van, az alulfoglalkoztatotts\u00e1g pedig mind a k\u00f6zpontban, mind a perif\u00e9ri\u00e1n fokozza a bizonytalans\u00e1got. N\u00e9h\u00e1ny el\u0151kel\u0151 enkl\u00e1v\u00e9 \u2013 f\u0151k\u00e9nt P\u00e9tion-Ville-ben \u2013 viszonylagos biztons\u00e1gnak \u00e9s \u00f6nkorm\u00e1nyzati szolg\u00e1ltat\u00e1soknak \u00f6rvend, m\u00e9gis ezek a rend szigetei \u00e9lesen kiemelkednek a kisz\u00e1m\u00edthatatlan korm\u00e1nyz\u00e1s \u00e9s a polg\u00e1ri hanyatl\u00e1s t\u00e1gabb k\u00f6rnyezet\u00e9b\u0151l.<\/p>\n<p>Az oktat\u00e1s \u00e9s az eg\u00e9szs\u00e9g\u00fcgy, amelyet \u00e1llami int\u00e9zm\u00e9nyek, hit alap\u00fa klinik\u00e1k \u00e9s nem korm\u00e1nyzati szervezetek mozaikja ir\u00e1ny\u00edt, ugyanazokkal a hi\u00e1nyoss\u00e1gokkal n\u00e9z szembe, amelyek minden \u00e1gazatot s\u00fajtanak: el\u00e9gtelen finansz\u00edroz\u00e1s, infrastruktur\u00e1lis gyenges\u00e9g \u00e9s id\u0151szakos szem\u00e9lyzeti ell\u00e1t\u00e1s. Az \u00e1tfog\u00f3 szoci\u00e1lis biztons\u00e1gi h\u00e1l\u00f3k helyett a v\u00e1rosi k\u00f6z\u00f6ss\u00e9gek a szolidarit\u00e1sra \u2013 szomsz\u00e9ds\u00e1gi egyes\u00fcletekre, egyh\u00e1zi h\u00e1l\u00f3zatokra, diaszp\u00f3ra p\u00e9nzk\u00fcldet\u00e9seire \u2013 t\u00e1maszkodnak a legkiszolg\u00e1ltatottabbak megseg\u00edt\u00e9s\u00e9re. E neh\u00e9zs\u00e9gek k\u00f6zepette a helyi kezdem\u00e9nyez\u00e9sek \u2013 koncertek k\u00f6ztereken, m\u0171v\u00e9szeti m\u0171helyek \u00fajj\u00e1\u00e9p\u00edtett udvarokon, s\u00e1toriskol\u00e1k f\u00f6ldreng\u00e9s s\u00fajtotta ter\u00fcleteken \u2013 meger\u0151s\u00edtik a v\u00e1ros ellen\u00e1ll\u00f3 szellem\u00e9t.<\/p>\n<p>Port-au-Prince-ben az alkonyat sem m\u00falik el a virraszt\u00e1s. Az utcai l\u00e1mp\u00e1k szakaszosan vil\u00e1g\u00edtanak; a gener\u00e1torok z\u00fcmm\u00f6gnek a h\u00e1ts\u00f3 udvarokban; a kopogtat\u00e1s, a k\u00fcrt\u00f6k \u00e9s a gyalogosforgalom sz\u00fcntelen k\u00f3rusa tov\u00e1bbra is fenn\u00e1ll. A Cit\u00e9 Soleil-ben a f\u0151z\u0151t\u0171zhelyek l\u00e1ngjai pisl\u00e1kol\u00f3 f\u00e9nye vil\u00e1g\u00edt a s\u00f6t\u00e9ts\u00e9gben; Delmasban \u00e9s Carrefourban az \u00e9jszakai piacokat a standokra felf\u00fcggesztett izz\u00f3k vak\u00edt\u00f3 f\u00e9nye \u00e9l\u00e9nk\u00edti. A Hotel Oloffson verand\u00e1it bugenville\u00e1k bor\u00edtj\u00e1k, ahol zongorist\u00e1k sz\u00f3laltatj\u00e1k meg a jazz kadenci\u00e1kat, \u00e9s szerte a v\u00e1rosban k\u00f6lt\u0151k szavalnak \u00f3d\u00e1kat a t\u00fal\u00e9l\u00e9sr\u0151l a k\u00e1v\u00e9z\u00f3kban, amelyek egyben polg\u00e1ri vit\u00e1k gy\u0171l\u00e9stermeik\u00e9nt is szolg\u00e1lnak.<\/p>\n<p>A rep\u00fcl\u0151t\u00e9r folyos\u00f3in \u00e9rkez\u0151 l\u00e1togat\u00f3k sz\u00e1m\u00e1ra az els\u0151 benyom\u00e1s a kinetikus z\u0171rzavar \u2013 taxisof\u0151r\u00f6k sorai, sz\u00f3rv\u00e1nyosan tekint\u00e9lyt parancsol\u00f3 v\u00e1mtisztek, kreol \u00e9s francia nyelv\u0171 mormog\u00e1s kavargott, mint a passz\u00e1tszelek. M\u00e9gis, akik az \u00e9rkez\u00e9si csarnokon t\u00falra mer\u00e9szkednek, \u00e1rnyalatok r\u00e9tegeit fedezik fel: gyarmati kori kov\u00e1csoltvas m\u00e9zeskal\u00e1cs h\u00e1zak; vodou szertart\u00e1sokat \u00e1br\u00e1zol\u00f3 falfestm\u00e9nyek a f\u00fcggetlens\u00e9gi h\u0151s\u00f6k falfestm\u00e9nyei mellett; szabadt\u00e9ri \u00f6sszej\u00f6vetelek a Champ de Mars-on, ahol a moderniz\u00e1ci\u00f3s projektek sor\u00e1n gyalogos s\u00e9t\u00e1nyokat \u00e9s nyilv\u00e1nos padokat \u00e9p\u00edtettek be a foltos j\u00e1rd\u00e1k k\u00f6z\u00e9.<\/p>\n<p>Port-au-Prince teljess\u00e9g\u00e9ben ellen\u00e1ll a felsz\u00ednes jellemz\u00e9seknek. Egyszerre a szuverenit\u00e1s b\u00f6lcs\u0151je \u00e9s a tehetetlens\u00e9g olvaszt\u00f3t\u00e9gelye; a t\u00e1rsadalmi r\u00e9tegz\u0151d\u00e9s amfite\u00e1truma, ahol a hajnali l\u00e1tk\u00e9pek hull\u00e1mos tet\u0151ket t\u00e1rnak fel, amelyek r\u00e9tegr\u0151l r\u00e9tegre emelkednek, mintha minden szint a rem\u00e9ny egy-egy r\u00e9teg\u00e9t testes\u00edten\u00e9 meg. A v\u00e1ros pulzusa egyenetlen \u2013 l\u00fcktet a politikai t\u00fcntet\u00e9sek pillanataiban, megremeg a helyi er\u0151szak s\u00falya alatt, felemelkedik a keskeny sik\u00e1torokban rongylabd\u00e1kat r\u00fag\u00f3 gyerekek nevet\u00e9s\u00e9ben. Lak\u00f3i, a dac \u00e9s a tal\u00e1l\u00e9konys\u00e1g \u00f6r\u00f6k\u00f6sei, a mindennapi bizonytalans\u00e1got olyan kitart\u00e1ssal birk\u00f3znak meg, amely dacol a k\u00e9ts\u00e9gbees\u00e9ssel.<\/p>\n<p>Az \u00f6b\u00f6l\u00f6n t\u00fali horizont ugyanolyan bizonytalan, mint a v\u00e1ros ir\u00e1ny\u00edt\u00e1sa: az \u00fajra \u00e9s \u00fajra fejleszt\u00e9si kamp\u00e1nyok \u00faj utakat \u00e9s modern \u00e9p\u00fcleteket \u00edg\u00e9rnek, m\u00e9gis az elhagyott tervek eml\u00e9ke enyh\u00e9n optimizmust kelt. Mindazon\u00e1ltal az \u00f6sszeomlott homlokzatok parazsai \u00e9s a nyomornegyedek labirintusszer\u0171 sik\u00e1torai k\u00f6z\u00f6tt az \u00e9let folytat\u00f3dik. A kik\u00f6t\u0151 feletti megfigyel\u0151pontb\u00f3l a lakhat\u00e1s, a kereskedelem, az istentisztelet \u00e9s a szabadid\u0151 mint\u00e1zatai egy olyan k\u00e1rpitban fon\u00f3dnak \u00f6ssze, amely sem nem harmonikus, sem nem teljesen t\u00f6redezett, hanem egy a t\u00f6rekv\u00e9s \u00e9s az entr\u00f3pia k\u00f6z\u00f6tt billeg\u0151 metropolisz jelk\u00e9pe.<\/p>\n<p>V\u00e9gs\u0151 soron Port-au-Prince-szel tal\u00e1lkozni annyit tesz, mint megismerni egy olyan v\u00e1rost, amelyet kev\u00e9sb\u00e9 a szeizmikus reped\u00e9sei, mint ink\u00e1bb a meg\u00fajul\u00e1sra val\u00f3 rend\u00edthetetlen k\u00e9pess\u00e9ge hat\u00e1roz meg. Amfite\u00e1trumszer\u0171 lejt\u0151i a bizonytalan \u00e9g fel\u00e9 emelkednek; rakpartjai tov\u00e1bbra is kapuk a t\u00e1gabb vil\u00e1gokba; lak\u00f3i t\u00f6r\u00e9keny k\u00f6lcs\u00f6n\u00f6s f\u00fcgg\u0151s\u00e9get tartanak fenn a t\u00fal\u00e9l\u00e9s \u00e9s a rem\u00e9ny k\u00f6z\u00f6tt. Itt, az elektromos vezet\u00e9kek kuszas\u00e1gai \u00e9s a politikai k\u00fczdelem \u00e1radatai k\u00f6zepette dobog Haiti sz\u00edve \u2013 n\u00e9ha kisz\u00e1m\u00edthatatlanul, gyakran az es\u00e9lyek ellen\u00e9re, \u00f6r\u00f6kk\u00e9 ragaszkodva saj\u00e1t fennmarad\u00e1s\u00e1hoz.<\/p>","protected":false},"excerpt":{"rendered":"<p>Port-au-Prince, amelyet haiti kreol nyelven P\u00f2toprensnek neveznek, Haiti dinamikus f\u0151v\u00e1rosa \u00e9s legn\u00e9pesebb v\u00e1rosa. 2022-ben a v\u00e1ros lakoss\u00e1g\u00e1t 1,2 milli\u00f3ra becs\u00fclt\u00e9k, m\u00edg a nagyobb nagyv\u00e1rosi r\u00e9gi\u00f3, amely mag\u00e1ban foglalja Port-au-Prince, Delmas, Cite Soleil, Tabarre, Carrefour \u00e9s P\u00e9tion-Ville k\u00f6zs\u00e9geket, nagyj\u00e1b\u00f3l 2,6 milli\u00f3 lakossal rendelkezett. Ez a metropolisz bonyolult v\u00e1rosi sz\u00f6vet\u00e9vel Haiti politikai, kultur\u00e1lis \u00e9s gazdas\u00e1gi magjak\u00e9nt m\u0171k\u00f6dik.<\/p>","protected":false},"author":1,"featured_media":3548,"parent":7755,"menu_order":0,"comment_status":"closed","ping_status":"closed","template":"elementor_theme","meta":{"_eb_attr":"","footnotes":""},"class_list":["post-7761","page","type-page","status-publish","has-post-thumbnail"],"_links":{"self":[{"href":"https:\/\/travelshelper.com\/hu\/wp-json\/wp\/v2\/pages\/7761","targetHints":{"allow":["GET"]}}],"collection":[{"href":"https:\/\/travelshelper.com\/hu\/wp-json\/wp\/v2\/pages"}],"about":[{"href":"https:\/\/travelshelper.com\/hu\/wp-json\/wp\/v2\/types\/page"}],"author":[{"embeddable":true,"href":"https:\/\/travelshelper.com\/hu\/wp-json\/wp\/v2\/users\/1"}],"replies":[{"embeddable":true,"href":"https:\/\/travelshelper.com\/hu\/wp-json\/wp\/v2\/comments?post=7761"}],"version-history":[{"count":0,"href":"https:\/\/travelshelper.com\/hu\/wp-json\/wp\/v2\/pages\/7761\/revisions"}],"up":[{"embeddable":true,"href":"https:\/\/travelshelper.com\/hu\/wp-json\/wp\/v2\/pages\/7755"}],"wp:featuredmedia":[{"embeddable":true,"href":"https:\/\/travelshelper.com\/hu\/wp-json\/wp\/v2\/media\/3548"}],"wp:attachment":[{"href":"https:\/\/travelshelper.com\/hu\/wp-json\/wp\/v2\/media?parent=7761"}],"curies":[{"name":"wp","href":"https:\/\/api.w.org\/{rel}","templated":true}]}}