{"id":7707,"date":"2024-08-28T14:43:40","date_gmt":"2024-08-28T14:43:40","guid":{"rendered":"https:\/\/travelshelper.com\/staging\/?page_id=7707"},"modified":"2026-03-13T23:35:55","modified_gmt":"2026-03-13T23:35:55","slug":"ushuaia","status":"publish","type":"page","link":"https:\/\/travelshelper.com\/hu\/destinations\/south-america\/argentina\/ushuaia\/","title":{"rendered":"Ushuaia"},"content":{"rendered":"<p>Ushuaia v\u00e1rosa a lakhat\u00f3 vil\u00e1g perem\u00e9n fekszik, ahol a nyugtalan Beagle-csatorna az Andok hegyvonulataival tal\u00e1lkozik. K\u00fcl\u00f6n\u00f6s kever\u00e9k\u00e9t vonzza a kalandoroknak, kutat\u00f3knak \u00e9s k\u00edv\u00e1ncsi turist\u00e1knak \u2013 olyan embereknek, akiket izgalomba hoznak a sz\u00e9ls\u0151s\u00e9ges sz\u00e9less\u00e9gi fokok \u00e9s a j\u00e9g \u00e9s a tenger perem\u00e9n tal\u00e1lhat\u00f3 csendes sz\u00e9ps\u00e9g. B\u00e1r gyakran emlegetik a romantikus \u201eVil\u00e1gv\u00e9ge\u201d becen\u00e9vvel, Ushuaia t\u00f6rt\u00e9nete m\u00e9lyebbre ny\u00falik, mint egy t\u00e1voli el\u0151\u0151rs; \u00e9l\u0151 bizony\u00edt\u00e9ka az emberi ellen\u00e1ll\u00f3 k\u00e9pess\u00e9gnek, a term\u00e9szet nagyszer\u0171s\u00e9g\u00e9nek \u00e9s a n\u00f6veked\u00e9s \u00e9s a meg\u0151rz\u00e9s k\u00f6z\u00f6tti finom t\u00e1ncnak.<\/p>\n<p>A T\u0171zf\u00f6ld nagy sziget\u00e9nek d\u00e9li partj\u00e1n megb\u00fav\u00f3 Ushuaia egy term\u00e9szetes amfite\u00e1trum, lejt\u0151k \u00e9s cs\u00facsok tark\u00edt\u00e1s\u00e1val. A Martial-hegys\u00e9g \u0151rk\u00f6dik az Ushuaia-\u00f6b\u00f6l felett, k\u00f6ves arcukat \u00e9vezredeknyi sz\u00e9l \u00e9s j\u00e9g v\u00e1jta ki. Lent a Beagle-csatorna hull\u00e1mai egy v\u00e9dett kik\u00f6t\u0151t simogatnak, amely egykor a haj\u00f3kat a d\u00e9li viharok el\u0151l t\u00e1vol vezette. Ez a tengeri \u00f6lel\u00e9s szubpol\u00e1ris \u00f3ce\u00e1ni \u00e9ghajlatot hoz l\u00e9tre: a ny\u00e1r h\u0171v\u00f6s, 10 \u00b0C k\u00f6r\u00fcl alakul, a telek fagypont al\u00e1 s\u00fcllyed, \u00e9s el\u0151zetes figyelmeztet\u00e9s n\u00e9lk\u00fcl viharok is kialakulhatnak. Ugyanezek a hegyek azonban, amelyek a havat \u00e9s az \u00f3nos es\u0151t sz\u00e1ll\u00edtj\u00e1k, a leghevesebb szeleket is tomp\u00edtj\u00e1k, \u00edgy olyan nyugalmi z\u00f3n\u00e1kat hoznak l\u00e9tre, amelyeket a helyiek megtanultak megbecs\u00fclni.<\/p>\n<p>J\u00f3val a feljegyzett t\u00f6rt\u00e9nelem el\u0151tt a y\u00e1mana \u00e9s a selk&#039;nam n\u00e9pek kenukkal navig\u00e1ltak ezeken a tengereken, kagyl\u00f3kat hal\u00e1sztak \u00e9s guanak\u00f3kat k\u00f6vettek nyomon. A tizenkilencedik sz\u00e1zad nagy r\u00e9sz\u00e9ben azonban a T\u0171zf\u00f6ldet k\u00f6d\u00f6s legend\u00e1k bor\u00edtott\u00e1k. 1884. okt\u00f3ber 12-\u00e9n Augusto Lasserre argentin haditenger\u00e9szeti parancsnok z\u00e1szl\u00f3t vont Fuerte Ushuaia felett, Thomas Bridges egykori anglik\u00e1n misszi\u00f3j\u00e1nak hely\u00e9n. Ez a cselekedet megnyitotta Ushuaia \u00e1talakul\u00e1s\u00e1t egy bizonytalan t\u00e1maszpontb\u00f3l Patag\u00f3nia f\u0151 d\u00e9li kik\u00f6t\u0151j\u00e9v\u00e9 \u2013 egy olyan identit\u00e1ss\u00e1, amely gener\u00e1ci\u00f3kon \u00e1t \u00e1thatja gazdas\u00e1g\u00e1t \u00e9s kult\u00far\u00e1j\u00e1t.<\/p>\n<p>Ushuaia dr\u00e1mai t\u00e1jai az \u00e9let minden aspektus\u00e1t meghat\u00e1rozz\u00e1k. \u00c9szakon az Andok hegygerincek l\u00e9pcs\u0151zet\u00e9ben ereszkednek le, j\u00e9gmez\u0151ket, lenga erd\u0151ket \u00e9s t\u00fck\u00f6rsima lag\u00fan\u00e1kat k\u00edn\u00e1lva a t\u00far\u00e1z\u00f3knak. D\u00e9len a Beagle-csatorna szelet \u00e9s s\u00f3t hoz mag\u00e1val, fjordokat v\u00e1jva \u00e9s elsz\u00f3rtan szigeteket sz\u00f3rva, melyeket kormor\u00e1nok \u00e9s oroszl\u00e1nf\u00f3k\u00e1k n\u00e9pes\u00edtenek be. A tengeri hat\u00e1s enyh\u00edti a h\u0151m\u00e9rs\u00e9klet-ingadoz\u00e1sokat, de szinte \u00e1lland\u00f3 nedvess\u00e9get id\u00e9z el\u0151, \u00e9s az id\u0151j\u00e1r\u00e1s percek alatt a ragyog\u00f3 naps\u00fct\u00e9sb\u0151l \u00f3nos es\u0151be burkolt komors\u00e1gba fordulhat. A helyi gazd\u00e1k sz\u00edv\u00f3s juhokat \u00e9s \u00fcvegh\u00e1zi paradicsomot tartanak, m\u00edg a lakosok alkalmazkodnak azokhoz az \u00e9vszakokhoz, amikor a nappali f\u00e9ny decemberben v\u00e9gtelen\u00fcl megny\u00falik, majd j\u00faniusra szinte teljesen visszah\u00faz\u00f3dik.<\/p>\n<p>A mintegy 82 615 lakos\u00fa Ushuaia b\u00fcszk\u00e9n viseli a vil\u00e1g legd\u00e9lebbi v\u00e1rosak\u00e9nt bet\u00f6lt\u00f6tt st\u00e1tusz\u00e1t. Utc\u00e1in hal\u00e1szok, korm\u00e1nytisztvisel\u0151k, boltosok \u00e9s tud\u00f3sok ny\u00fczs\u00f6gnek. \u00c9les rivaliz\u00e1l\u00e1s fortyog a k\u00f6zeli Puerto Williamsszel, a Navarino-szigeten, melynek n\u00e9h\u00e1ny ezer lakosa \u00e9s apr\u00f3, 0,99 km\u00b2-es ter\u00fclete arra k\u00e9szteti az UNESCO \u00e9s az ENSZ statisztikusait, hogy megk\u00e9rd\u0151jelezz\u00e9k v\u00e1rosi st\u00e1tusz\u00e1t. E nemzetk\u00f6zi krit\u00e9riumok alapj\u00e1n Ushuaia sz\u00e9lesebb k\u00f6r\u0171 infrastrukt\u00far\u00e1ja \u00e9s lakoss\u00e1ga megalapozza Guinness-re m\u00e9lt\u00f3 c\u00edm\u00e9t \u2013 m\u00e9gis a bar\u00e1ts\u00e1gos verseny hangs\u00falyozza a F\u00f6ld vad perem\u00e9n val\u00f3 \u00e9l\u00e9s vonzerej\u00e9t.<\/p>\n<p>Ushuaia messze nem egy egyjegy\u0171 utaz\u00e1si v\u00e1ros, hanem sokr\u00e9t\u0171 gazdas\u00e1ggal b\u00fcszk\u00e9lkedhet. A kik\u00f6t\u0151 az Antarktiszra tart\u00f3 \u00f3ce\u00e1nj\u00e1r\u00f3kat, a hal\u00e1szhaj\u00f3kat \u00e9s a d\u00e9li kereskedelmi \u00fatvonalakat kiszolg\u00e1l\u00f3 kont\u00e9nersz\u00e1ll\u00edt\u00f3 haj\u00f3kat fogadja. A rendezett ipari parkokban gy\u00e1rak dolgoznak fel kir\u00e1lyr\u00e1kot, sz\u00fcrke t\u0151kehalat \u00e9s patag\u00f3niai f\u00e9s\u0171kagyl\u00f3t, m\u00edg az elektronikai m\u0171helyek prec\u00edzi\u00f3s alkatr\u00e9szeket szerelnek \u00f6ssze. Ezek a v\u00e1llalkoz\u00e1sok stabilit\u00e1st visznek egy olyan k\u00f6z\u00f6ss\u00e9gbe, amely egy\u00e9bk\u00e9nt lelassulna, amikor a t\u00e9li fagy elriasztja a \u00f3ce\u00e1nj\u00e1r\u00f3kat \u00e9s az izgalomkeres\u0151ket. A tartom\u00e1nyi korm\u00e1nyhivatalok \u00e9s konzul\u00e1tusok adminisztrat\u00edv szektort biztos\u00edtanak, olyan m\u00e9rt\u00e9k\u0171 k\u00f6zszf\u00e9rabeli foglalkoztat\u00e1st k\u00edn\u00e1lva, ami ritka a hat\u00e1r menti v\u00e1rosokban.<\/p>\n<p>A turizmus azonban tov\u00e1bbra is Ushuaia sz\u00edve-lelke. Minden ny\u00e1ron a l\u00e1togat\u00f3k kompokat \u00e9s Zodiac-haj\u00f3kat \u00f6z\u00f6nlenek, hogy gy\u00f6ny\u00f6rk\u00f6djenek a Martial Grande felett megcsod\u00e1lhat\u00f3 ragyog\u00f3 naplement\u00e9kben, bej\u00e1rj\u00e1k a Tierra del Fuego Nemzeti Park \u00f6sv\u00e9nyeit, \u00e9s Charles Darwin nyomdokait k\u00f6vethess\u00e9k a Horn-foki kir\u00e1ndul\u00e1sokon. B\u00e1lnales\u0151 \u00e9s mad\u00e1rmegfigyel\u0151 haj\u00f3kir\u00e1ndul\u00e1sok siklanak el az oroszl\u00e1nf\u00f3k\u00e1kkal teli szigetecsk\u00e9k mellett, mik\u00f6zben a luxushaj\u00f3k elt\u00f6rp\u00fclnek a m\u00f3l\u00f3 mellett, mik\u00f6zben h\u00f3napokig tart\u00f3 utakra k\u00e9sz\u00fclnek a feh\u00e9r kontinensre. Sokak sz\u00e1m\u00e1ra Ushuaia t\u00f6bb mint egy meg\u00e1ll\u00f3 \u2013 az Antarktisz k\u00fcsz\u00f6b\u00e9t jelenti, egy helyet, ahol az utols\u00f3 \u00fczemanyagt\u00f6lt\u0151 \u00e1llom\u00e1sok is elt\u0171nnek, \u00e9s a j\u00e9ghegyek hatalmasan magasodnak a horizonton.<\/p>\n<p>Ushuaia identit\u00e1sa Argent\u00edna d\u00e9li cs\u00fccsk\u00e9n t\u00falny\u00falik a norv\u00e9giai Hammerfesttel \u00e9s az alaszkai Utqia\u0121vikkel fenn\u00e1ll\u00f3 hivatalos testv\u00e9rv\u00e1rosi kapcsolatai r\u00e9v\u00e9n. Ezek a sz\u00e9ls\u0151s\u00e9ges sz\u00e9less\u00e9gi fokon fekv\u0151 v\u00e1rosok m\u0171szaki szak\u00e9rtelmet cser\u00e9lnek a h\u00f3eltakar\u00edt\u00e1s, a sarki \u00e9jszak\u00e1k ment\u00e1lis eg\u00e9szs\u00e9g\u00fcgyi t\u00e1mogat\u00e1sa \u00e9s a fenntarthat\u00f3 hal\u00e1szati \u200b\u200bgazd\u00e1lkod\u00e1s ter\u00e9n. A kultur\u00e1lis fesztiv\u00e1lokon a spanyol, a sz\u00e1mi joik \u00e9s az inupiat torok\u00e9nekl\u00e9s v\u00e1ltakozik, val\u00f3sz\u00edn\u0171tlen rokons\u00e1gi kapcsolatokat kov\u00e1csolva, amelyek al\u00e1h\u00fazz\u00e1k a k\u00f6z\u00f6s hitet: a peremvid\u00e9ki \u00e9let egyes\u00edti a k\u00f6z\u00f6ss\u00e9geket a t\u00e1vols\u00e1g \u00e9s az \u00e9ghajlat ellen\u00e9re.<\/p>\n<p>A kl\u00edmav\u00e1ltoz\u00e1s folyamatosan v\u00e1ltoz\u00f3 hat\u00e1rvid\u00e9kei k\u00f6zel\u00e9ben fekv\u0151 Ushuaia felel\u0151ss\u00e9ge messze meghaladja 47 km\u00b2-es \u00f6nkorm\u00e1nyzati hat\u00e1rait. A Tenger\u00e9szeti Tudom\u00e1nyos K\u00f6zpont kutat\u00f3i a Beagle-csatorna \u00f3ce\u00e1ni s\u00f3tartalm\u00e1t \u00e9s \u00e1ramlatait k\u00f6vetik nyomon; a gleccserkutat\u00f3k a visszah\u00faz\u00f3d\u00f3 j\u00e9gmez\u0151ket tanulm\u00e1nyozz\u00e1k; a mad\u00e1rszak\u00e9rt\u0151k a Magell\u00e1n- \u00e9s kir\u00e1lypingvin-kol\u00f3ni\u00e1kat figyelik meg a T\u0171zf\u00f6ld d\u00e9li szigetein. A v\u00e1ros saj\u00e1t k\u00f6rnyezetv\u00e9delmi k\u00f3dexet dolgozott ki a m\u0171anyaghullad\u00e9k visszaszor\u00edt\u00e1s\u00e1ra, a \u043a\u0440\u0443\u0438\u0437haj\u00f3k kibocs\u00e1t\u00e1s\u00e1nak szab\u00e1lyoz\u00e1s\u00e1ra \u00e9s a t\u00f6r\u00e9keny t\u0151zegl\u00e1pok v\u00e9delm\u00e9re. A helyi aktivizmus, amelyet az egyetemi ismeretterjeszt\u0151 programok is er\u0151s\u00edtenek, Ushuai\u00e1t megfigyel\u0151k\u00e9nt \u00e9s sz\u00f3sz\u00f3l\u00f3k\u00e9nt is pozicion\u00e1lja a sarki \u00f6kosziszt\u00e9m\u00e1kr\u00f3l sz\u00f3l\u00f3 glob\u00e1lis p\u00e1rbesz\u00e9dben.<\/p>\n<p>Egy olyan vil\u00e1gban, ahol az utaz\u00e1s gyakran ismer\u0151s \u00fatvonalakat k\u00f6vet, Ushuaia kiemelkedik \u2013 egy olyan hely, ahol az emberi kitart\u00e1s tal\u00e1lkozik az elemi er\u0151kkel. Kik\u00f6t\u0151je tov\u00e1bbra is fogadja a f\u00f3kavad\u00e1szokat \u00e9s a keresked\u0151ket, most m\u00e1r a kl\u00edmakutat\u00f3k \u00e9s a napszem\u00fcveges turist\u00e1k mellett. Cs\u00facsain m\u00e9g mindig gy\u0171jtik a havat az \u00e9vsz\u00e1zados gleccserek sz\u00e1m\u00e1ra, m\u00e9g akkor is, ha a glob\u00e1lis h\u0151m\u00e9rs\u00e9klet emelkedik. \u00c9s mindezek alatt az alkalmazkod\u00e1s t\u00f6rt\u00e9nete rejlik: \u0151slakos gy\u0171jt\u00f6get\u0151k, anglik\u00e1n misszion\u00e1riusok, haditenger\u00e9szeti exped\u00edci\u00f3k \u00e9s modern v\u00e1llalkoz\u00f3k, akik mindannyian belev\u00e9st\u00e9k amb\u00edci\u00f3ikat a F\u00f6ld egyik utols\u00f3 hat\u00e1rvid\u00e9k\u00e9be. Ak\u00e1r busszal \u00e9rkezik valaki a Beagle Highway-n, ak\u00e1r haj\u00f3val Punta Arenasb\u00f3l, ak\u00e1r rep\u00fcl\u0151vel a felh\u0151kkel bor\u00edtott hegyeken kereszt\u00fcl, Ushuaia teljesen a sz\u00edv\u00e9be \u00e9rkezik \u2013 t\u00e1voli, makul\u00e1tlan, teljesen \u00e9l\u0151 a vil\u00e1g v\u00e9g\u00e9n.<\/p>","protected":false},"excerpt":{"rendered":"<p>Situated at the southernmost point of South America, where the turbulent Beagle Channel meets the tough Andes Mountains, a city captures the imagination of both adventurers and tourists. Officially known as Ushuaia, the City of Ushuaia is evidence of the attraction of Earth&#8217;s far-off frontiers and human endurance. Often referred to as &#8220;The End of the World,&#8221; this fascinating urban center is not only a physical wonder but also a hive of industry, culture, and natural beauty.<\/p>","protected":false},"author":1,"featured_media":3292,"parent":7678,"menu_order":0,"comment_status":"closed","ping_status":"closed","template":"elementor_theme","meta":{"_eb_attr":"","footnotes":""},"class_list":["post-7707","page","type-page","status-publish","has-post-thumbnail"],"_links":{"self":[{"href":"https:\/\/travelshelper.com\/hu\/wp-json\/wp\/v2\/pages\/7707","targetHints":{"allow":["GET"]}}],"collection":[{"href":"https:\/\/travelshelper.com\/hu\/wp-json\/wp\/v2\/pages"}],"about":[{"href":"https:\/\/travelshelper.com\/hu\/wp-json\/wp\/v2\/types\/page"}],"author":[{"embeddable":true,"href":"https:\/\/travelshelper.com\/hu\/wp-json\/wp\/v2\/users\/1"}],"replies":[{"embeddable":true,"href":"https:\/\/travelshelper.com\/hu\/wp-json\/wp\/v2\/comments?post=7707"}],"version-history":[{"count":0,"href":"https:\/\/travelshelper.com\/hu\/wp-json\/wp\/v2\/pages\/7707\/revisions"}],"up":[{"embeddable":true,"href":"https:\/\/travelshelper.com\/hu\/wp-json\/wp\/v2\/pages\/7678"}],"wp:featuredmedia":[{"embeddable":true,"href":"https:\/\/travelshelper.com\/hu\/wp-json\/wp\/v2\/media\/3292"}],"wp:attachment":[{"href":"https:\/\/travelshelper.com\/hu\/wp-json\/wp\/v2\/media?parent=7707"}],"curies":[{"name":"wp","href":"https:\/\/api.w.org\/{rel}","templated":true}]}}