{"id":7628,"date":"2024-08-27T21:07:30","date_gmt":"2024-08-27T21:07:30","guid":{"rendered":"https:\/\/travelshelper.com\/staging\/?page_id=7628"},"modified":"2026-03-13T23:47:54","modified_gmt":"2026-03-13T23:47:54","slug":"braziliavaros","status":"publish","type":"page","link":"https:\/\/travelshelper.com\/hu\/destinations\/south-america\/brazil\/brasilia\/","title":{"rendered":"Braz\u00edliav\u00e1ros"},"content":{"rendered":"<p>Braz\u00edlia bels\u0151 felf\u00f6ldj\u00e9nek hatalmas kiterjed\u00e9s\u00e9ben halv\u00e1ny sug\u00e1rutak szalagja szeli \u00e1t a gondozott gyepeket \u00e9s a szoborszer\u0171 kerteket. Itt \u00e1ll Bras\u00edlia, a beton\u00edvek \u00e9s a ny\u00edlt \u00e9gbolt v\u00e1rosa, amelyet nem \u00e9vsz\u00e1zados n\u00f6veked\u00e9s, hanem egyetlen, ambici\u00f3zus tervez\u00e9si csap\u00e1s fogant meg. Ami\u00f3ta 1960. \u00e1prilis 21-\u00e9n, Juscelino Kubitschek eln\u00f6ks\u00e9ge alatt felavatt\u00e1k, Bras\u00edlia a v\u00e1rakoz\u00e1sok s\u00faly\u00e1t viseli: hogy egy terjeszked\u0151 nemzetet kov\u00e1csoljon \u00f6ssze, hogy betartsa a modernit\u00e1s \u00edg\u00e9ret\u00e9t, \u00e9s hogy Braz\u00edlia t\u00f6rekv\u00e9seinek \u00e9l\u0151 jelk\u00e9pek\u00e9nt szolg\u00e1ljon. Ma az orsz\u00e1g harmadik legn\u00e9pesebb v\u00e1rosa \u2013 S\u00e3o Paulo \u00e9s Rio de Janeiro ut\u00e1n \u2013, \u00e9s a nagyobb latin-amerikai metropoliszok k\u00f6z\u00f6tt a legmagasabb egy f\u0151re jut\u00f3 GDP-vel b\u00fcszk\u00e9lkedhet, ami mind politikai k\u00f6zponti szerep\u00e9t, mind gazdas\u00e1gi dinamizmus\u00e1t bizony\u00edtja.<\/p>\n<p>Az 1950-es \u00e9vek v\u00e9g\u00e9n Braz\u00edlia vezet\u00e9se \u00fagy d\u00f6nt\u00f6tt, hogy a f\u0151v\u00e1rost a zs\u00fafolt tengerpartr\u00f3l egy k\u00f6zpontibb helyre helyezik \u00e1t, ez\u00e1ltal el\u0151seg\u00edtve az egys\u00e9g\u00e9rzetet a k\u00fcl\u00f6nb\u00f6z\u0151 r\u00e9gi\u00f3k k\u00f6z\u00f6tt. Kubitschek eln\u00f6k mer\u00e9sz l\u00e9p\u00e9se h\u00e1rom l\u00e1tnokot vonultatott fel: L\u00facio Cost\u00e1t, a v\u00e1rostervez\u0151t, Oscar Niemeyer \u00e9p\u00edt\u00e9szt \u00e9s Joaquim Cardoz\u00f3t, a statikus m\u00e9rn\u00f6k\u00f6t. Costa f\u0151terve egy rep\u00fcl\u0151g\u00e9p alak\u00fa v\u00e1rost v\u00e1zolt fel \u2013 t\u00f6rzse egy lend\u00fcletes f\u0151tengely, pil\u00f3taf\u00fclk\u00e9je a hatalom k\u00f6zpontja \u2013, amelyet k\u00fcl\u00f6n\u00e1ll\u00f3 szektorokra osztottak fel: sz\u00e1llod\u00e1k, p\u00e9nz\u00fcgyek, nagyk\u00f6vets\u00e9gek, lak\u00e1sok \u00e9s egyebek. Niemeyer feh\u00e9r, kort\u00e1rs form\u00e1kat faragott bele ebbe a csontv\u00e1zba, m\u00edg Roberto Burle Marx t\u00e1j\u00e9p\u00edt\u00e9sz buja \u0151shonos n\u00f6v\u00e9nyzetet adott hozz\u00e1, r\u00f6gz\u00edtve a csillog\u00f3 v\u00e1rost a tr\u00f3pusi szavanna kontextus\u00e1ban.<\/p>\n<p>Az \u00f6sszhat\u00e1s forradalmi volt. Bras\u00edlia egy \u00faj v\u00e1rosi \u00e9toszt testes\u00edtett meg: a c\u00e9l egy\u00e9rtelm\u0171s\u00e9ge, a funkcion\u00e1lis \u00f6vezetek feloszt\u00e1sa \u00e9s az \u00e9p\u00edt\u00e9szeti tisztas\u00e1g. Minden \u00edv, oszlop \u00e9s t\u00fckr\u00f6z\u0151d\u0151 medence jelent\u00e9st hordozott, a kor\u00e1bbi f\u0151v\u00e1rosokat jellemz\u0151 organikus terjeszked\u00e9s sz\u00e1nd\u00e9kos visszaford\u00edt\u00e1s\u00e1t. Azzal, hogy a korm\u00e1nyzati miniszt\u00e9riumokat pontosan sz\u00e1mozott szupert\u00f6mb\u00f6k ment\u00e9n helyezt\u00e9k el, \u00e9s a kereskedelem \u00e9s a kult\u00fara sz\u00e1m\u00e1ra k\u00fcl\u00f6n s\u00e1vokat tartottak fenn, Costa egy olyan logik\u00e1t teremtett meg, amely egyszerre volt racion\u00e1lis \u00e9s k\u00f6lt\u0151i.<\/p>\n<p>S\u00e9t\u00e1ljon be a bras\u00edliai katedr\u00e1lis lend\u00fcletes, parabolikus \u00edvei alatt \u2013 hiperboloid szerkezet\u00e9t tizenhat karcs\u00fa oszlop tartja a magasban \u2013, \u00e9s csendes kecsess\u00e9get \u00e9rez, mintha mag\u00e1t a leveg\u0151t is f\u00e9ny form\u00e1lta volna. Ez az 1970-ben elk\u00e9sz\u00fclt szent t\u00e9r Niemeyer tehets\u00e9g\u00e9t ragadja meg, amellyel a monumentalit\u00e1st s\u00falytalan eleganci\u00e1val \u00f6tv\u00f6zi. M\u00e1sutt a Nemzeti Kongresszus \u00e9p\u00fclete k\u00e9t hatalmas t\u00e1lk\u00e9nt emelkedik, az egyik fejjel lefel\u00e9, k\u00e9t ikertornyok szeg\u00e9lyezik: a kamar\u00e1k t\u00f6rv\u00e9nyhoz\u00e1si egyens\u00faly\u00e1nak vizu\u00e1lis r\u00f6vid\u00edt\u00e9se.<\/p>\n<p>A \u201erep\u00fcl\u0151g\u00e9p\u201d sz\u00edv\u00e9ben a Pra\u00e7a dos Tr\u00eas Poderes Bras\u00edlia pil\u00f3taf\u00fclk\u00e9jek\u00e9nt szolg\u00e1l. Egy sz\u00e9les, t\u00fck\u00f6rszer\u0171, visszaver\u0151 medence k\u00f6r\u00fcl helyezkednek el a Pal\u00e1cio do Planalto (v\u00e9grehajt\u00f3 hatalom), a Kongresszus (t\u00f6rv\u00e9nyhoz\u00f3 hatalom) \u00e9s a Legfels\u0151bb Sz\u00f6vets\u00e9gi B\u00edr\u00f3s\u00e1g (igazs\u00e1gszolg\u00e1ltat\u00e1s). T\u00e1volabb a Monument\u00e1lis Tengely \u2013 a t\u00f6rzs \u2013 ment\u00e9n k\u00e9t sz\u00e9les, p\u00e1rhuzamos sug\u00e1r\u00fat \u00f6leli fel az Esplanada dos Minist\u00e9rios-t, ahol minden miniszt\u00e9rium a saj\u00e1t gyep- \u00e9s \u00fcvegs\u00e1vj\u00e1t foglalja el, mint egy k\u00f6zponti gerincb\u0151l kiny\u00fal\u00f3 k\u00fcl\u00f6n\u00e1ll\u00f3 sz\u00e1rnyak.<\/p>\n<p>A v\u00e1ros lak\u00f3\u00e9p\u00fcletei, az \u00fagynevezett \u201eA sz\u00e1rny\u201d \u00e9s \u201eB sz\u00e1rny\u201d, korm\u00e1nyzati alkalmazottak \u00e9s csal\u00e1dtagjaik sz\u00e1m\u00e1ra tervezett lak\u00f3 szupert\u00f6mb\u00f6ket foglalnak magukban. Minden szupert\u00f6mb \u00e9p\u00fcletcsoportokat foglal mag\u00e1ban k\u00f6z\u00f6ss\u00e9gi z\u00f6ldter\u00fcletek \u00e9s j\u00e1tsz\u00f3terek k\u00f6r\u00fcl, t\u00fckr\u00f6zve Costa azon meggy\u0151z\u0151d\u00e9s\u00e9t, hogy az \u00e9p\u00edt\u00e9szetnek mind a kollekt\u00edv ig\u00e9nyeket, mind a szem\u00e9lyes k\u00e9nyelmet kell szolg\u00e1lnia. Burle Marx n\u00f6v\u00e9nyei \u2013 magas f\u0171f\u00e9l\u00e9k, l\u00e1ngv\u00f6r\u00f6s krotonok \u00e9s kanyarg\u00f3s \u00f6sv\u00e9nyek \u2013 l\u00e1gy\u00edtj\u00e1k a betonhorizontot, mened\u00e9ket ny\u00fajtva a d\u00e9li nap el\u0151l.<\/p>\n<ul>\n<li>Bras\u00edliai sz\u00e9kesegyh\u00e1z: Hiperboloid form\u00e1j\u00e1r\u00f3l \u00e9s padl\u00f3t\u00f3l a mennyezetig \u00e9r\u0151 \u00f3lom\u00fcveg ablakair\u00f3l h\u00edres, karcs\u00fa oszlopai az \u00e9g fel\u00e9 ny\u00edlnak, \u00e9s a napf\u00e9nyt j\u00e1t\u00e9kra cs\u00e1b\u00edtj\u00e1k a m\u00e1rv\u00e1nypadl\u00f3n.<\/li>\n<li>Pal\u00e1cio da Alvorada: Az eln\u00f6k hivatalos rezidenci\u00e1ja, szer\u00e9ny, m\u00e9gis felt\u0171n\u0151, egy t\u00fckr\u00f6z\u0151d\u0151 medence felett lebeg, oszlopsor\u00e1nak sziluettje a mozdulatlan v\u00edzben t\u00fckr\u00f6z\u0151dik.<\/li>\n<li>Nemzeti Kongresszus: Az ikertornyok \u00e9s a t\u00e1l alak\u00fa t\u00f6rv\u00e9nyhoz\u00f3 termek a demokratikus korm\u00e1nyz\u00e1sban rejl\u0151 fesz\u00fclts\u00e9get \u00e9s egyens\u00falyt testes\u00edtik meg.<\/li>\n<li>Legfels\u0151bb Sz\u00f6vets\u00e9gi B\u00edr\u00f3s\u00e1g: Kompaktabb, \u00edvelt szerkezete teszi teljess\u00e9 a Pra\u00e7a dos Tr\u00eas Poderes tri\u00f3j\u00e1t, szigor\u00fa \u00fcveghomlokzata \u00e1tl\u00e1that\u00f3s\u00e1got \u00e9s megfontolts\u00e1got sugall.<\/li>\n<\/ul>\n<p>Bras\u00edlia mer\u00e9sz k\u00eds\u00e9rlete nem maradt \u00e9szrev\u00e9tlen. 1987-ben az UNESCO felvette a v\u00e1rost a vil\u00e1g\u00f6r\u00f6ks\u00e9gi list\u00e1ra, \u201eaz \u00e9p\u00edt\u00e9szet \u00e9s a v\u00e1rostervez\u00e9s modernista mozgalm\u00e1nak kiemelked\u0151 p\u00e9ld\u00e1jak\u00e9nt\u201d dics\u00e9rve. H\u00e1rom \u00e9vtizeddel k\u00e9s\u0151bb, 2017-ben az UNESCO ism\u00e9t \u201ea design v\u00e1rosak\u00e9nt\u201d t\u00fcntette ki Bras\u00edli\u00e1t, elismerve a kreat\u00edv ipar\u00e1gakra \u00e9s az \u00e9p\u00edt\u00e9szeti diskurzusra gyakorolt \u200b\u200bfolyamatos hat\u00e1s\u00e1t. Ezek a megnevez\u00e9sek meger\u0151s\u00edtett\u00e9k a v\u00e1ros identit\u00e1s\u00e1t, mint az innov\u00e1ci\u00f3 laborat\u00f3riuma, ahol gal\u00e9ri\u00e1k, st\u00fadi\u00f3k \u00e9s fesztiv\u00e1lok term\u00e9keny talajra tal\u00e1lnak a korm\u00e1nyzati int\u00e9zm\u00e9nyek k\u00f6z\u00f6tt.<\/p>\n<p>Braz\u00edlia politikai k\u00f6zpontjak\u00e9nt bet\u00f6lt\u00f6tt szerep\u00e9n t\u00fal Bras\u00edliav\u00e1ros a nemzetk\u00f6zi kapcsolatok egyik f\u0151 k\u00f6zpontjak\u00e9nt is funkcion\u00e1l. T\u00f6bb mint 120 k\u00fclf\u00f6ldi nagyk\u00f6vets\u00e9g szeg\u00e9lyezi a nagyk\u00f6vets\u00e9gi szektort, a glob\u00e1lis diplom\u00e1cia mikrokozmosz\u00e1t teremtve. A k\u00f6vetek ak\u00e1cf\u00e1k \u00e1rny\u00e9k\u00e1ban s\u00e9t\u00e1lnak egyik kancell\u00e1ri\u00e1t\u00f3l a m\u00e1sikig, m\u00edg a kultur\u00e1lis attas\u00e9k ki\u00e1ll\u00edt\u00e1sokat koordin\u00e1lnak, amelyek t\u00e1voli kult\u00far\u00e1k t\u00f6red\u00e9keit hozz\u00e1k el ebbe a tervezett f\u0151v\u00e1rosba.<\/p>\n<p>Az utaz\u00f3k Braz\u00edlia harmadik legforgalmasabb rep\u00fcl\u0151ter\u00e9n kereszt\u00fcl \u00e9rkeznek, amely \u00f6sszek\u00f6ti Bras\u00edli\u00e1t az \u00f6sszes nagyobb belf\u00f6ldi \u00fati c\u00e9llal \u00e9s a folyamatosan b\u0151v\u00fcl\u0151 nemzetk\u00f6zi \u00fatvonalak list\u00e1j\u00e1val. Naponta sug\u00e1rhajt\u00e1s\u00fa g\u00e9pek sz\u00e1ll\u00edtanak tisztvisel\u0151ket, \u00fczletembereket \u00e9s turist\u00e1kat a v\u00e1rosba, kiemelve Bras\u00edlia kett\u0151s identit\u00e1s\u00e1t, mint k\u00f6zigazgat\u00e1si sz\u00e9khely \u00e9s a glob\u00e1lis kereskedelem keresztez\u0151d\u00e9se.<\/p>\n<p>Bras\u00edliav\u00e1ros m\u00e1r bizony\u00edtotta r\u00e1termetts\u00e9g\u00e9t a nemzetk\u00f6zi sport porondon. 2013-ban a FIFA Konf\u00f6der\u00e1ci\u00f3s Kupa m\u00e9rk\u0151z\u00e9seinek adott otthont, egy \u00e9vvel k\u00e9s\u0151bb pedig a 2014-es vil\u00e1gbajnoks\u00e1gon t\u00f6bb ezer futballrajong\u00f3t fogadott, stadionja az egyenl\u00edt\u0151i \u00e9gbolt alatt csillogott. A 2016-os ri\u00f3i ny\u00e1ri olimpia alatt a v\u00e1ros selejtez\u0151 labdar\u00fag\u00f3-m\u00e9rk\u0151z\u00e9seknek adott otthont, bizony\u00edtva, hogy k\u00e9pes glob\u00e1lis jelent\u0151s\u00e9g\u0171 esem\u00e9nyeket is t\u00e1mogatni. Ezek az esem\u00e9nyek korszer\u0171s\u00edtett infrastrukt\u00fara \u2013 \u00faj utak, kib\u0151v\u00edtett t\u00f6megk\u00f6zleked\u00e9si vonalak \u00e9s fel\u00faj\u00edtott sportl\u00e9tes\u00edtm\u00e9nyek \u2013 \u00f6r\u00f6ks\u00e9g\u00e9t hagyt\u00e1k maguk ut\u00e1n, amelyek a lakosok sz\u00e1m\u00e1ra j\u00f3val a lef\u00faj\u00e1s ut\u00e1n is el\u0151ny\u00f6sek.<\/p>\n<p>Jogilag Bras\u00edlia nem \u00f6nkorm\u00e1nyzat, hanem a sz\u00f6vets\u00e9gi k\u00f6rzet r\u00e9sze, amely egy k\u00f6zigazgat\u00e1si ter\u00fclet saj\u00e1t korm\u00e1nyz\u00f3val \u00e9s t\u00f6rv\u00e9nyhoz\u00f3 kamar\u00e1val. A k\u00f6rzet 33 k\u00f6zigazgat\u00e1si r\u00e9gi\u00f3t foglal mag\u00e1ban, amelyek mindegyike bizonyos fok\u00fa helyi auton\u00f3mi\u00e1val rendelkezik. K\u00f6zpontj\u00e1ban a Plano Piloto, a Costa \u00e1ltal tervezett eredeti \u201ek\u00eds\u00e9rleti terv\u201d \u00e1ll. Ez a karcs\u00fa, kereszt alak\u00fa ter\u00fclet mag\u00e1ban foglalja a korm\u00e1nyzati \u00e9p\u00fcleteket, a lak\u00f3negyedeket \u00e9s a kultur\u00e1lis int\u00e9zm\u00e9nyeket \u2013 a f\u0151v\u00e1ros dobog\u00f3 sz\u00edv\u00e9t. A hat\u00e1rain t\u00falra t\u00e9ved\u0151 l\u00e1togat\u00f3k kisebb v\u00e1rosokat \u00e9s vid\u00e9ki t\u00e1jakat tal\u00e1lnak, amelyek eml\u00e9keztetnek arra, hogy Bras\u00edlia egyszerre metropolisz \u00e9s a brazil h\u00e1torsz\u00e1g bizony\u00edt\u00e9ka.<\/p>\n<p>Bras\u00edli\u00e1ban mozogni a l\u00e9pt\u00e9k \u00e9s az intimit\u00e1s k\u00f6lcs\u00f6nhat\u00e1s\u00e1t jelenti. \u00c1lljon a Monument\u00e1lis Tengely felett \u00e1t\u00edvel\u0151 gyalogos fel\u00fclj\u00e1r\u00f3k egyik\u00e9nek tetej\u00e9n, \u00e9s \u00fagy fogja \u00e9rezni, mintha elt\u00f6rp\u00fclne a v\u00e9gtelen sug\u00e1rutak mellett, m\u00e9gis, amikor bel\u00e9p az egyik \u00e1rny\u00e9kos parkba, vagy meg\u00e1ll egy t\u00e1pi\u00f3ka palacsint\u00e1ra egy utcai \u00e1rusn\u00e1l, a v\u00e1ros melege besziv\u00e1rog. Az \u00e9jszak\u00e1kat itt h\u0171v\u00f6s szell\u0151 enyh\u00edti, \u00e9s az \u00edvelt homlokzatokon l\u00e9v\u0151 utcai l\u00e1mp\u00e1k l\u00e1gy f\u00e9nye tark\u00edtja. Zen\u00e9szek gy\u0171lnek \u00f6ssze a Nemzeti M\u00fazeum el\u0151tti gyepen, akkordokat pengetnek, mik\u00f6zben a csal\u00e1dok piknikeznek a f\u0171ben. A nyugalom \u00e9rz\u00e9se \u00e1tj\u00e1rja a v\u00e1rost, m\u00e9g akkor is, ha a t\u00e1volban z\u00fag\u00f3 forgalom zaja hallatszik.<\/p>\n<p>Bras\u00edlia v\u00e1rosa k\u00f6nnyen \u00f6sszehasonl\u00edthat\u00f3. Sem \u0151si, sem nem \u00e1ltal\u00e1nos; egy orsz\u00e1g sors\u00e1nak alak\u00edt\u00e1s\u00e1ra ir\u00e1nyul\u00f3 elsz\u00e1nts\u00e1g\u00e1nak fizikai megnyilv\u00e1nul\u00e1sa. Azoknak az utaz\u00f3knak, akiket olyan helyek vonzanak, ahol az \u00e9p\u00edt\u00e9szet sokatmond\u00f3, ahol a tervez\u00e9s k\u00f6lt\u00e9szett\u00e9 v\u00e1lik, a f\u0151v\u00e1ros tanuls\u00e1gokat \u00e9s \u00f6r\u00f6m\u00f6ket is k\u00edn\u00e1l. S\u00e9t\u00e1ljon \u00fatjain, \u00e1lljon meg Niemeyer bolt\u00edvei alatt, \u00e9s nemcsak az ideol\u00f3gia s\u00faly\u00e1t fogja \u00e9rezni, hanem az emberi amb\u00edci\u00f3 t\u00f6r\u00e9keny sz\u00e9ps\u00e9g\u00e9t is, amelyet k\u0151 \u00e9s \u00e9gbolt \u00e1br\u00e1zol. Bras\u00edli\u00e1ban minden sarok egy t\u00f6rt\u00e9netet rejt \u2013 \u00e9s minden t\u00f6rt\u00e9net arra eml\u00e9keztet minket, hogy m\u00e9g a leggondosabban megtervezett v\u00e1ros is meglepheti azokat, akik id\u0151t sz\u00e1nnak a meghallgat\u00e1sra.<\/p>","protected":false},"excerpt":{"rendered":"<p>Bras\u00edlia, which stands in the Brazilian highlands, epitomizes modernist architectural ideas and creative urban planning. Originally founded on April 21, 1960, under President Juscelino Kubitschek, this city was meant to replace Rio de Janeiro as the next capital of Brazil. After S\u00e3o Paulo and Rio de Janeiro, Bras\u00edlia is today the third most populous city in Brazil as well as the seat of government. Its economic relevance is shown by its greatest GDP per capita among big Latin American cities.<\/p>","protected":false},"author":1,"featured_media":4060,"parent":7508,"menu_order":0,"comment_status":"closed","ping_status":"closed","template":"elementor_theme","meta":{"_eb_attr":"","footnotes":""},"class_list":["post-7628","page","type-page","status-publish","has-post-thumbnail"],"_links":{"self":[{"href":"https:\/\/travelshelper.com\/hu\/wp-json\/wp\/v2\/pages\/7628","targetHints":{"allow":["GET"]}}],"collection":[{"href":"https:\/\/travelshelper.com\/hu\/wp-json\/wp\/v2\/pages"}],"about":[{"href":"https:\/\/travelshelper.com\/hu\/wp-json\/wp\/v2\/types\/page"}],"author":[{"embeddable":true,"href":"https:\/\/travelshelper.com\/hu\/wp-json\/wp\/v2\/users\/1"}],"replies":[{"embeddable":true,"href":"https:\/\/travelshelper.com\/hu\/wp-json\/wp\/v2\/comments?post=7628"}],"version-history":[{"count":0,"href":"https:\/\/travelshelper.com\/hu\/wp-json\/wp\/v2\/pages\/7628\/revisions"}],"up":[{"embeddable":true,"href":"https:\/\/travelshelper.com\/hu\/wp-json\/wp\/v2\/pages\/7508"}],"wp:featuredmedia":[{"embeddable":true,"href":"https:\/\/travelshelper.com\/hu\/wp-json\/wp\/v2\/media\/4060"}],"wp:attachment":[{"href":"https:\/\/travelshelper.com\/hu\/wp-json\/wp\/v2\/media?parent=7628"}],"curies":[{"name":"wp","href":"https:\/\/api.w.org\/{rel}","templated":true}]}}