{"id":7508,"date":"2024-08-26T15:17:32","date_gmt":"2024-08-26T15:17:32","guid":{"rendered":"https:\/\/travelshelper.com\/staging\/?page_id=7508"},"modified":"2026-03-13T23:35:44","modified_gmt":"2026-03-13T23:35:44","slug":"brazilia","status":"publish","type":"page","link":"https:\/\/travelshelper.com\/hu\/destinations\/south-america\/brazil\/","title":{"rendered":"Braz\u00edlia"},"content":{"rendered":"<p>Braz\u00edlia az Atlanti-\u00f3ce\u00e1n naps\u00fct\u00f6tte partjait\u00f3l az Amazonas s\u0171r\u0171 z\u00f6ld sz\u00edv\u00e9ig ter\u00fcl el, a foly\u00f3k, hegyvid\u00e9kek \u00e9s partvonalak \u00e1ltal faragott ellent\u00e9tek f\u00f6ldj\u00e9ig. D\u00e9l-Amerika ter\u00fclet\u00e9nek t\u00f6bb mint fel\u00e9t lefed\u0151, 26 \u00e1llamb\u00f3l \u00e9s egy sz\u00f6vets\u00e9gi k\u00f6rzetb\u0151l \u00e1ll\u00f3 sz\u00f6vets\u00e9g a nemzet f\u0151v\u00e1ros\u00e1t, Bras\u00edli\u00e1t \u00f6leli k\u00f6r\u00fcl, ny\u00edlt szavann\u00e1k \u00e9s hull\u00e1mz\u00f3 fenns\u00edkok k\u00f6z\u00f6tt. M\u00e9gis a keleti perem ment\u00e9n \u2013 ahol a v\u00e1rosok tal\u00e1lkoznak a p\u00e1lmaf\u00e1kkal szeg\u00e9lyezett strandokkal \u2013 \u00e9rezhet\u0151 a leg\u00e9l\u00e9nkebben Braz\u00edlia pulzusa: a nyughatatlan hull\u00e1mok Ri\u00f3ban, S\u00e3o Paulo v\u00e9gtelen kiterjed\u00e9se, ahol a hangok \u00e9s a motorok nyughatatlan z\u00fcmm\u00f6g\u00e9ss\u00e9 olvadnak \u00f6ssze.<\/p>\n<p>Az Egyenl\u00edt\u0151t\u0151l a d\u00e9li sz\u00e9less\u00e9g 34. fok\u00e1ig Braz\u00edlia n\u00e9gy id\u0151z\u00f3n\u00e1t \u00e9s k\u00e9t f\u0151 \u00e9ghajlati \u00f6vet \u00f6lel fel. Manausban az egyik reggel m\u00e9g p\u00e1r\u00e1s a leveg\u0151; d\u00e9lut\u00e1nra Porto Alegr\u00e9ben egy h\u0171v\u00f6s szell\u0151 aranyl\u00f3 f\u00fcveket kavar a pamp\u00e1kon. A Serra do Mar zord gerincei k\u00f6dbe burkol\u00f3z\u00f3 v\u00f6lgyeket szeg\u00e9lyeznek a d\u00e9lkeleti part ment\u00e9n, m\u00edg az \u00e9szakon fekv\u0151 Guyana-felf\u00f6ld az Amazonas \u00e9s az Orinoco-medence fel\u00e9 has\u00edtja a vizeket. A k\u00f6zel h\u00e1rom kilom\u00e9ter magas Pico da Neblina n\u00e9ma \u0151rszemk\u00e9nt \u00e1ll a hatalmas amazonasi es\u0151erd\u0151ben \u2013 az orsz\u00e1g legnagyobb foly\u00f3j\u00e1nak visszhangja, amely maga is t\u00f6bb vizet sz\u00e1ll\u00edt, mint b\u00e1rmely m\u00e1s rendszer a F\u00f6ld\u00f6n.<\/p>\n<p>T\u00f6bb mint 212 milli\u00f3 hang form\u00e1lja Braz\u00edlia t\u00f6rt\u00e9net\u00e9t. Az 1500 \u00f3ta t\u00f6retlen\u00fcl besz\u00e9l\u0151 portug\u00e1l nyelv egyetlen, dallamos nyelven k\u00f6ti \u00f6ssze a tengerparti k\u00e1v\u00e9z\u00f3kat a dzsungelfalvakkal. Az \u0151shonos nyelvek \u2013 xavante, guaran\u00ed \u2013 a kor\u00e1bbi \u00e9vsz\u00e1zadok suttog\u00e1saik\u00e9nt \u00e9lnek tov\u00e1bb. A t\u00f6bb mint 12 milli\u00f3 lakos\u00fa S\u00e3o Paulo v\u00e1rosi terjeszked\u00e9se kelet fel\u00e9 terjeszkedik, v\u00f6lgyekbe \u00e9s k\u00fclv\u00e1rosokba, m\u00edg Rio de Janeiro gr\u00e1nitcs\u00facsokhoz, feh\u00e9r homokos \u00f6bl\u00f6kh\u00f6z \u00e9s karnev\u00e1li ritmushoz ragaszkodik. Az afrikai, eur\u00f3pai \u00e9s \u0151slakos \u00f6r\u00f6ks\u00e9g \u00e1rny\u00e9kai kavarognak egy\u00fctt, kever\u00e9kk\u00e9nt, amelyet a besz\u00e9lget\u00e9sekben ugyan\u00fagy \u00e9rezhet\u00fcnk, mint a capoeira k\u00f6r\u00f6kben, vagy a p\u00e1lmaolajjal t\u00f6lt\u00f6tt par\u00e1zson f\u0151z\u0151 acaraj\u00e9 \u00e9des illat\u00e1ban.<\/p>\n<p>J\u00f3val Cabral 1500 \u00e1prilisi \u00e9rkez\u00e9se el\u0151tt az \u0151slakos k\u00f6z\u00f6ss\u00e9gek vir\u00e1goztak a partok \u00e9s foly\u00f3k ment\u00e9n. A portug\u00e1l udvar 1808-as ri\u00f3i menek\u00fcl\u00e9s\u00e9vel Braz\u00edlia r\u00f6vid id\u0151re egy glob\u00e1lis birodalom sz\u00edv\u00e9v\u00e9 v\u00e1lt. 1822-ben Pedro herceg kiki\u00e1ltotta az auton\u00f3mi\u00e1t, ezzel felavatva egy olyan birodalmat, amelynek els\u0151 alkotm\u00e1nya r\u00f6gz\u00edtette a vall\u00e1s- \u00e9s sajt\u00f3szabads\u00e1got \u2013 a rabszolgas\u00e1got azonban \u00e9rintetlen\u00fcl hagyta fokozatos lebont\u00e1s\u00e1ig, 1888-ig. Egy \u00e9vvel k\u00e9s\u0151bb a monarchia katonai puccs \u00e1ldozata lett, \u00e9s megkezd\u0151d\u00f6tt a k\u00f6zt\u00e1rsas\u00e1g. Forradalmak, Get\u00falio Vargas populista uralma \u00e9s az 1964 \u00e9s 1985 k\u00f6z\u00f6tti katonai rezsim alak\u00edtotta a modern politik\u00e1t. A mai 1988-as alkotm\u00e1ny egy demokratikus f\u00f6der\u00e1ci\u00f3t szil\u00e1rd\u00edt meg, amelynek Nemzeti Kongresszusa Bras\u00edlia magasod\u00f3 betonv\u00e1sznair\u00f3l folytatott vit\u00e1kat id\u00e9zi.<\/p>\n<p>Braz\u00edlia \u00f6sszetett gazdas\u00e1ga a vil\u00e1g t\u00edz legnagyobb gazdas\u00e1ga k\u00f6z\u00e9 tartozik. A Cerrado term\u00e9keny s\u00edks\u00e1gain sz\u00f3j\u00e1t \u00e9s cukorn\u00e1dat termesztenek; a szarvasmarh\u00e1k sz\u00e9les legel\u0151k\u00f6n legelnek Mato Grosso do Sulban; a Minas Gerais m\u00e9ly b\u00e1ny\u00e1i vas\u00e9rcet \u00e9s aranyat szolg\u00e1ltatnak. S\u00e3o Paulo \u00e9s Belo Horizonte v\u00e1rosi gy\u00e1rai ezeket az er\u0151forr\u00e1sokat ac\u00e9ll\u00e1, elektronik\u00e1v\u00e1 \u00e9s rep\u00fcl\u0151g\u00e9p-alkatr\u00e9szekk\u00e9 alak\u00edtj\u00e1k. Braz\u00edlia k\u00e1v\u00e9t, marhah\u00fast, vas\u00e9rcet \u00e9s rep\u00fcl\u0151g\u00e9peket sz\u00e1ll\u00edt minden kontinens piac\u00e1ra. Az ENSZ alap\u00edt\u00f3 tags\u00e1g\u00e1t\u00f3l kezdve a BRICS, G20 \u00e9s Mercosur k\u00e9pvisel\u0151iig sz\u00e1mos int\u00e9zm\u00e9ny feler\u0151s\u00edti a hangj\u00e1t. A gazdas\u00e1gi szakad\u00e9kok azonban tov\u00e1bbra is fenn\u00e1llnak: a szorosan \u00f6sszef\u00fcgg\u0151 favel\u00e1k csillog\u00f3 felh\u0151karcol\u00f3kra n\u00e9znek, eml\u00e9keztetve arra, hogy a gazdags\u00e1g \u00e9s a lehet\u0151s\u00e9gek tov\u00e1bbra sem egyenl\u0151en oszlanak el.<\/p>\n<p>Az Amazonas hatvan sz\u00e1zal\u00e9ka Braz\u00edlia hat\u00e1rain bel\u00fcl fekszik, a F\u00f6ld\u00f6n ismert \u00f6sszes faj egytized\u00e9nek ad otthont. Magas t\u00e1mfaleg\u00e9r emelkedik ki a lehullott levelekkel bor\u00edtott \u00f6sv\u00e9nyekr\u0151l; smaragdz\u00f6ld papag\u00e1jok vis\u00edtanak a fej\u00fcnk felett, mik\u00f6zben a tap\u00edrok \u00e1tg\u00e1zolnak a feketev\u00edzi patakokon. Az es\u0151erd\u0151n t\u00fal a Pantanal minden \u00e9vszakban ki\u00e1rad \u00e9s visszah\u00faz\u00f3dik, t\u00f6bb ezer v\u00e1ndormadarat vonzva. A Cerrado vad f\u00fcvei \u00e9s gal\u00e9riaerd\u0151i jagu\u00e1roknak, s\u00f6r\u00e9nyes farkasoknak \u00e9s hangy\u00e1szoknak adnak otthont; az Atlanti-\u00f3ce\u00e1n partj\u00e1n a p\u00fapos b\u00e1ln\u00e1k zord szikl\u00e1k k\u00f6zel\u00e9ben bukkannak el\u0151. A t\u00e9rk\u00e9pen sz\u00e1mos term\u00e9szetv\u00e9delmi \u00f6vezet tal\u00e1lhat\u00f3, m\u00e9gis az erd\u0151irt\u00e1s \u00e9s a fejleszt\u00e9sek nyom\u00e1st gyakorolnak ezekre az \u00f6kosziszt\u00e9m\u00e1kra, sorsuk \u00f6sszefon\u00f3dik a glob\u00e1lis \u00e9ghajlattal \u00e9s a biol\u00f3giai sokf\u00e9les\u00e9ggel.<\/p>\n<p>L\u00e1togat\u00f3k ezr\u00e9vel \u00e9rkeznek. Salvador Pelourinh\u00f3j\u00e1ban a gyarmati homlokzatok a korai f\u00e9nyben ragyognak, mik\u00f6zben a dobok t\u00e1voli moraja h\u00edvogat a rejtett udvarokb\u00f3l. Bahi\u00e1ban a strandol\u00f3k napkelte el\u0151tt kelnek, hogy tan\u00fai legyenek a d\u0171n\u00e9ket farag\u00f3 \u00e1rap\u00e1lyoknak, majd k\u00f3kuszillat\u00fa hull\u00e1mok mellett pihennek. D\u00e9lebbre, Florian\u00f3polisban a strandok \u00e9s a feny\u0151kkel bor\u00edtott dombok keverednek, mened\u00e9ket ny\u00fajtva a sz\u00f6rf\u00f6s\u00f6knek \u00e9s a t\u00far\u00e1z\u00f3knak egyar\u00e1nt. Az \u00f6koturist\u00e1k \u00fcvegfenek\u0171 kenukkal mer\u00e9szkednek felfel\u00e9 a foly\u00f3n, kajm\u00e1nokat \u00e9s folyami delfineket figyelve meg a lombos lombkoron\u00e1k alatt. S\u00e3o Paul\u00f3ban a v\u00e1rosl\u00e1togat\u00e1sra v\u00e1gy\u00f3k m\u00fazeumokban s\u00e9t\u00e1lnak, feijoad\u00e1t k\u00f3stolnak a z\u00fcmm\u00f6g\u0151 \u00e9ttermekben, \u00e9s er\u0151s k\u00e1v\u00e9 mellett id\u0151znek sz\u0171k sik\u00e1torokban.<\/p>\n<p>Pedro \u00c1lvares Cabral \u00e9rkez\u00e9se manueline-st\u00edlus\u00fa bolt\u00edveket \u00e9s barokk olt\u00e1rokat hozott az \u00faj telep\u00fcl\u00e9sekre. Ouro Pret\u00f3ban \u00e9s Olind\u00e1ban faragott k\u0151templomok \u00e9s gyarmati st\u00edlus\u00fa k\u00fari\u00e1k tan\u00faskodnak az aranyl\u00e1z korabeli gazdags\u00e1gr\u00f3l. A 20. sz\u00e1zad letisztult modernizmust hozott: Oscar Niemeyer \u00edvei hat\u00e1rozz\u00e1k meg Bras\u00edlia kongresszusi \u00e9p\u00fclet\u00e9t \u00e9s katedr\u00e1lis\u00e1t, egy magasba t\u00f6r\u0151, feh\u00e9r betonb\u00f3l k\u00e9sz\u00fclt v\u00edzi\u00f3t. Ma a kort\u00e1rs \u00e9p\u00edt\u00e9szek \u00e9l\u0151 v\u00e1sznakk\u00e9nt k\u00e9pzelik el a favel\u00e1kat, \u00e9l\u00e9nk \u00e1rnyalat\u00fa falakat festenek, k\u00f6z\u00f6ss\u00e9gi k\u00f6zpontokat hoznak l\u00e9tre ott, ahol valaha csak sik\u00e1torok voltak. A gal\u00e9ri\u00e1k a barokkt\u00f3l a modern absztrakci\u00f3ig mindenf\u00e9le alkot\u00e1st bemutatnak, m\u00edg a ri\u00f3i filmfesztiv\u00e1lok nemzetk\u00f6zi reflektorf\u00e9nybe helyezik a brazil mozi vil\u00e1g\u00e1t.<\/p>\n<p>Alkonyatkor a szambai iskol\u00e1k \u00e9letre keltik az eukaliptusz lombkoron\u00e1i alatt. Capoeira rod\u00e1k alakulnak ki a macskak\u00f6ves tereken, t\u00e1ncosp\u00e1rok l\u00e9pnek kapcsolatba egym\u00e1ssal, mint egy improviz\u00e1lt besz\u00e9lget\u00e9s. A karnev\u00e1l \u0151r\u00fclete \u2013 a fuvol\u00e1k, surd\u00f3k, szalagok \u2013 az ellen\u00e1ll\u00e1s \u00e9s az \u00fcnnepl\u00e9s r\u00e9g\u00f3ta fenn\u00e1ll\u00f3 hagyom\u00e1nyaib\u00f3l t\u00f6r ki. Az \u0151slakos k\u00e9zm\u0171vesek kosarakat, tollas fejd\u00edszeket \u00e9s ker\u00e1mi\u00e1kat k\u00e9sz\u00edtenek, meg\u0151rizve a gener\u00e1ci\u00f3kon \u00e1t \u00f6r\u00f6kl\u0151d\u0151 mesters\u00e9geket. Az \u00e9lelmiszerpiacok tele vannak a\u00e7a\u00ed bogy\u00f3kkal, t\u00e1pi\u00f3ka palacsint\u00e1kkal \u00e9s olajban g\u0151z\u00f6lg\u0151 pastei-kkel, minden falat egy pillant\u00e1st vetve az \u00f6sszefon\u00f3d\u00f3 \u00e9vsz\u00e1zadokra. Itt a m\u00falt mindig jelen van: a ritu\u00e1l\u00e9kban, a receptekben \u00e9s a f\u00f6ld \u00e9l\u0151 nyelv\u00e9ben.<\/p>\n<p>Braz\u00edlia hatalmas, igen \u2013 ter\u00fclet, amely l\u00e1ngol a soksz\u00edn\u0171s\u00e9gben. M\u00e9gis a mindennapi pillanatokban bontakozik ki a l\u00e9nyege: gyerekek kergetik a hull\u00e1mokat napfelkeltekor, id\u0151sek cacha\u00e7\u00e1t \u200b\u200bkortyolgatnak a jacaranda f\u00e1k alatt, egy katedr\u00e1lis harangja konog egy p\u00e1r\u00e1s v\u00f6lgy felett. Az orsz\u00e1g t\u00f6rt\u00e9nete r\u00e9tegekben bontakozik ki \u2013 f\u00f6ldrajz, t\u00f6rt\u00e9nelem, kult\u00fara, \u00f6kol\u00f3gia \u2013, amelyeket az emberek ellen\u00e1ll\u00f3 k\u00e9pess\u00e9ge \u00e9s kreativit\u00e1sa sz\u00f6v \u00f6ssze. Az utc\u00e1in s\u00e9t\u00e1lni vagy a foly\u00f3in evezni olyan, mint meg\u00e9rinteni valami \u00e9l\u0151t, nyughatatlant \u00e9s k\u00f6tetlent, amelyet \u00f6r\u00f6kk\u00e9 form\u00e1l \u00e9s alak\u00edt ez a hely egy nagy kontinens keleti sz\u00e9l\u00e9n.<\/p>","protected":false},"excerpt":{"rendered":"<p>Brazil, the largest nation in South America, exemplifies numerous superlative characteristics. Covering an area of more than 8.5 million square kilometers, Brazil offers a wide range of settings, cultures, and experiences that appeal to both residents and visitors. From the Amazon rainforest to the energetic metropolitan area of S\u00e3o Paulo, Brazil shows unmatched variation.<\/p>","protected":false},"author":1,"featured_media":4114,"parent":24096,"menu_order":0,"comment_status":"closed","ping_status":"closed","template":"elementor_theme","meta":{"_eb_attr":"","footnotes":""},"class_list":["post-7508","page","type-page","status-publish","has-post-thumbnail"],"_links":{"self":[{"href":"https:\/\/travelshelper.com\/hu\/wp-json\/wp\/v2\/pages\/7508","targetHints":{"allow":["GET"]}}],"collection":[{"href":"https:\/\/travelshelper.com\/hu\/wp-json\/wp\/v2\/pages"}],"about":[{"href":"https:\/\/travelshelper.com\/hu\/wp-json\/wp\/v2\/types\/page"}],"author":[{"embeddable":true,"href":"https:\/\/travelshelper.com\/hu\/wp-json\/wp\/v2\/users\/1"}],"replies":[{"embeddable":true,"href":"https:\/\/travelshelper.com\/hu\/wp-json\/wp\/v2\/comments?post=7508"}],"version-history":[{"count":0,"href":"https:\/\/travelshelper.com\/hu\/wp-json\/wp\/v2\/pages\/7508\/revisions"}],"up":[{"embeddable":true,"href":"https:\/\/travelshelper.com\/hu\/wp-json\/wp\/v2\/pages\/24096"}],"wp:featuredmedia":[{"embeddable":true,"href":"https:\/\/travelshelper.com\/hu\/wp-json\/wp\/v2\/media\/4114"}],"wp:attachment":[{"href":"https:\/\/travelshelper.com\/hu\/wp-json\/wp\/v2\/media?parent=7508"}],"curies":[{"name":"wp","href":"https:\/\/api.w.org\/{rel}","templated":true}]}}