{"id":7469,"date":"2024-08-25T23:32:06","date_gmt":"2024-08-25T23:32:06","guid":{"rendered":"https:\/\/travelshelper.com\/staging\/?page_id=7469"},"modified":"2026-03-13T23:58:18","modified_gmt":"2026-03-13T23:58:18","slug":"chile","status":"publish","type":"page","link":"https:\/\/travelshelper.com\/hu\/destinations\/south-america\/chile\/","title":{"rendered":"Chile"},"content":{"rendered":"<p>Chile karcs\u00fa f\u00f6ldszalagk\u00e9nt h\u00faz\u00f3dik D\u00e9l-Amerika d\u00e9lnyugati sz\u00e9l\u00e9n, egy olyan nemzetk\u00e9nt, amelyet a sz\u00e9less\u00e9gi fokok, a hegyek \u00e9s a tenger sz\u00e9ls\u0151s\u00e9gei hat\u00e1roznak meg. Ter\u00fclete, amely mintegy 756 000 n\u00e9gyzetkilom\u00e9ter a sz\u00e1razf\u00f6ld\u00f6n, \u00e9szakon az Atacama-sivatag sz\u00e1raz talaj\u00e1t\u00f3l \u2013 a F\u00f6ld egyik legsz\u00e1razabb hely\u00e9t\u0151l \u2013 Patag\u00f3nia kusza v\u00edzi \u00fatjaiig \u00e9s gleccsereiig terjed d\u00e9len. \u00c9szakon Peruval, \u00e9szakkeleten Bol\u00edvi\u00e1val, keleten pedig Argent\u00edn\u00e1val hat\u00e1ros Chile a Drake-szoroshoz \u00e9r, amint az az Antarktisz fel\u00e9 elt\u0171nik. Kontinent\u00e1lis t\u00f6meg\u00e9n t\u00fal a k\u00f6zt\u00e1rsas\u00e1g hatalmat gyakorol a csendes-\u00f3ce\u00e1ni ter\u00fcletek \u2013 H\u00fasv\u00e9t-sziget, Juan Fern\u00e1ndez \u00e9s m\u00e1s szigetek \u2013 felett, \u00e9s az Antarktiszi Szerz\u0151d\u00e9s \u00e9rtelm\u00e9ben felf\u00fcggesztett ig\u00e9nyt tart az Antarktisz k\u00f6zel 1,25 milli\u00f3 n\u00e9gyzetkilom\u00e9teres ter\u00fclet\u00e9re.<\/p>\n<p>A Chile n\u00e9v \u0151slakos \u00e9s gyarmati feljegyz\u00e9sek sz\u00f6vev\u00e9ny\u00e9b\u0151l ered. A tizenhatodik \u00e9s tizenhetedik sz\u00e1zadi kr\u00f3nik\u00e1k egy inka megnevez\u00e9st \u2013 Chili \u2013 eml\u00edtenek, amelyet k\u00fcl\u00f6nf\u00e9lek\u00e9ppen \u00f6sszekapcsoltak egy t\u00f6rzsi kaszikkal, az Aconcagua v\u00f6lgy\u00e9vel, vagy olyan \u0151shonos szavakkal, amelyek hideget, tengeri madarakat vagy a sz\u00e1razf\u00f6ld legt\u00e1volabbi pontjait jelentett\u00e9k. A spanyol h\u00f3d\u00edt\u00f3k Diego de Almagro 1535\u201336-os d\u00e9li exped\u00edci\u00f3ja ut\u00e1n vett\u00e9k \u00e1t a kifejez\u00e9st, \u201echili embereknek\u201d ki\u00e1ltva ki magukat, \u00e9s az elnevez\u00e9s megmaradt az eur\u00f3pai haszn\u00e1latban \u2013 angolul \u201eChili\u201d-nek \u00edrt\u00e1k a huszadik sz\u00e1zad elej\u00e9ig \u2013, miel\u0151tt Chile n\u00e9ven letelepedtek.<\/p>\n<p>A spanyolok \u00e9rkez\u00e9se el\u0151tt a mai Chile \u00e9szaki fele inka befoly\u00e1s alatt \u00e1llt, egy olyan r\u00e9gi\u00f3ban, ahol a magas fenns\u00edk hagyom\u00e1nyai \u00e1tterjedtek a part menti v\u00f6lgyekre. D\u00e9lebbre auton\u00f3m mapucse k\u00f6z\u00f6ss\u00e9gek uralt\u00e1k a ter\u00fcletet \u2013 ellen\u00e1llva az inka bet\u00f6r\u00e9seknek, majd k\u00e9s\u0151bb dacolva az ism\u00e9telt gyarmati t\u00e1mad\u00e1sokkal. Amikor a konkviszt\u00e1dorok az 1500-as \u00e9vek k\u00f6zep\u00e9n \u00e1lland\u00f3 telep\u00fcl\u00e9seket hoztak l\u00e9tre, v\u00f6lgyek, foly\u00f3k \u00e9s erd\u0151k t\u00e1j\u00e1t tal\u00e1lt\u00e1k, melyek lak\u00f3i hevesen v\u00e9dt\u00e9k auton\u00f3mi\u00e1jukat. K\u00e9t \u00e9vsz\u00e1zadon kereszt\u00fcl a gyarmati hat\u00f3s\u00e1gok kiterjesztett\u00e9k a telep\u00fcl\u00e9seket a K\u00f6zponti-v\u00f6lgy ment\u00e9n, de soha nem ig\u00e1zt\u00e1k le teljesen a B\u00edo-B\u00edo foly\u00f3t\u00f3l d\u00e9lre fekv\u0151 mapucse sz\u00edv\u00e9t.<\/p>\n<p>Az 1818-as f\u00fcggetlens\u00e9gi kiki\u00e1lt\u00e1s ut\u00e1n Chile viszonylag stabil k\u00f6zt\u00e1rsas\u00e1gg\u00e1 egyes\u00fclt tekint\u00e9lyelv\u0171 eln\u00f6k\u00f6k alatt. A fiatal nemzet ter\u00fcletileg terjeszkedett konfliktusok \u00e9s t\u00e1rgyal\u00e1sok r\u00e9v\u00e9n. Az 1880-as \u00e9vek k\u00f6zep\u00e9re a hosszan tart\u00f3 \u201eAraucan\u00eda pacifik\u00e1l\u00e1sa\u201d v\u00e9get vetett a szervezett mapucse ellen\u00e1ll\u00e1snak, \u00e9s a Peru \u00e9s Bol\u00edvia ellen v\u00edvott csendes-\u00f3ce\u00e1ni h\u00e1bor\u00fa (1879\u20131883) biztos\u00edtotta Chile jelenlegi, nitr\u00e1tokban \u00e9s r\u00e9zben gazdag \u00e9szaki hat\u00e1rvid\u00e9k\u00e9t. Az \u00e1sv\u00e1nyi anyagok exportj\u00e1ra \u00e9s a K\u00f6z\u00e9p-v\u00f6lgy mez\u0151gazdas\u00e1gi gyarmatos\u00edt\u00e1s\u00e1ra \u00e9p\u00fcl\u0151 gazdas\u00e1gi n\u00f6veked\u00e9s \u00e1talak\u00edtotta az orsz\u00e1g demogr\u00e1fiai \u00e9s t\u00e1rsadalmi fel\u00e9p\u00edt\u00e9s\u00e9t.<\/p>\n<p>A huszadik sz\u00e1zadban a demokratiz\u00e1l\u00f3d\u00e1s, a v\u00e1rosi migr\u00e1ci\u00f3 \u00e9s a gazdas\u00e1gi diverzifik\u00e1ci\u00f3 hull\u00e1mai voltak l\u00e1that\u00f3k. A n\u00e9pess\u00e9gn\u00f6veked\u00e9s felgyorsult, a v\u00e1rosok a b\u00e1ny\u00e1szati \u200b\u200b\u00e9s mez\u0151gazdas\u00e1gi k\u00f6zpontok k\u00f6r\u00e9 n\u0151ttek, \u00e9s Chile r\u00e9zipar\u00e1n kereszt\u00fcl egyre ink\u00e1bb integr\u00e1l\u00f3dott a glob\u00e1lis piacokba. Az 1960-as \u00e9s az 1970-es \u00e9vek elej\u00e9re azonban a politikai polariz\u00e1ci\u00f3 elm\u00e9ly\u00fclt. 1973 szeptember\u00e9ben egy katonai junta megd\u00f6nt\u00f6tte Salvador Allende demokratikusan megv\u00e1lasztott korm\u00e1ny\u00e1t. Augusto Pinochet t\u00e1bornok tizenhat \u00e9ves uralkod\u00e1sa alatt az 1980-as alkotm\u00e1nyt az Ort\u00fazar-bizotts\u00e1g k\u00f6zrem\u0171k\u00f6d\u00e9s\u00e9vel fogalmazt\u00e1k meg, \u00e9s \u00e1tfog\u00f3 politikai \u00e9s gazdas\u00e1gi reformokat hajtottak v\u00e9gre. Ezek az \u00e9vek elnyom\u00e1st is hoztak: t\u00f6bb mint h\u00e1romezer \u00e1llampolg\u00e1r vesztette \u00e9let\u00e9t vagy t\u0171nt el. Egy 1988-as n\u00e9pszavaz\u00e1s a polg\u00e1ri uralomhoz val\u00f3 visszat\u00e9r\u00e9s \u00fatj\u00e1ra \u00e1ll\u00edtotta a nemzetet, \u00e9s 1990-ben egy balk\u00f6z\u00e9p koal\u00edci\u00f3 vette \u00e1t a hatalmat, amely Chil\u00e9t k\u00e9t \u00e9vtizedes demokratikus konszolid\u00e1ci\u00f3n vezette \u00e1t.<\/p>\n<p>Chile ma Latin-Amerika legstabilabb \u00e9s leggazdagabb gazdas\u00e1gai k\u00f6z\u00e9 tartozik. Az egy f\u0151re jut\u00f3 j\u00f6vedelme magas j\u00f6vedelm\u0171 nemzett\u00e9 teszi, \u00e9s region\u00e1lisan kiemelkedik a stabil korm\u00e1nyz\u00e1si mutat\u00f3i, valamint az oktat\u00e1sba \u00e9s infrastrukt\u00far\u00e1ba t\u00f6rt\u00e9n\u0151 tart\u00f3s beruh\u00e1z\u00e1sai miatt. Az Egyes\u00fclt Nemzetek Szervezet\u00e9nek alap\u00edt\u00f3 tagjak\u00e9nt seg\u00edtett megalap\u00edtani a Latin-amerikai \u00e9s Karibi \u00c1llamok K\u00f6z\u00f6ss\u00e9g\u00e9t (CELAC) \u00e9s a Csendes-\u00f3ce\u00e1ni Sz\u00f6vets\u00e9get, \u00e9s 2010-ben csatlakozott a Gazdas\u00e1gi Egy\u00fcttm\u0171k\u00f6d\u00e9si \u00e9s Fejleszt\u00e9si Szervezethez.<\/p>\n<p>Chile sz\u00e1razf\u00f6ldje t\u00f6bb mint 4300 kilom\u00e9ter hosszan h\u00faz\u00f3dik \u00e9szakr\u00f3l d\u00e9lre, m\u00e9gis ritk\u00e1n haladja meg a 350 kilom\u00e9tert. Vulkanikus gerince \u2013 az Andok \u2013 a keleti hat\u00e1r ment\u00e9n emelkedik, \u00e9s a f\u0151v\u00e1rosnak, Santiag\u00f3nak otthont ad\u00f3 K\u00f6zponti-v\u00f6lgy medenc\u00e9it v\u00e1jja ki. \u00c9szak fel\u00e9 az Atacama-sivatag \u00e9rt\u00e9kes \u00e1sv\u00e1nylel\u0151helyeket k\u00edn\u00e1l, m\u00edg d\u00e9l fel\u00e9 erd\u0151k \u00e9s legel\u0151k bor\u00edtj\u00e1k a t\u00e1jat, amelyet tavak \u00e9s vulk\u00e1nok tark\u00edtanak. A fjordok, csatorn\u00e1k \u00e9s f\u00e9lszigetek tengerparti labirintusa jelzi Patag\u00f3nia \u00e9s a T\u0171zf\u00f6ld fel\u00e9 vezet\u0151 utat.<\/p>\n<p>1978-ban a k\u00f6zt\u00e1rsas\u00e1got tizenhat r\u00e9gi\u00f3ra szervezt\u00e9k \u00e1t \u2013 mindegyiket \u00e9szakr\u00f3l d\u00e9lre haladva r\u00f3mai sz\u00e1mmal jel\u00f6lt\u00e9k, kiv\u00e9ve a Santiago Metropolitan R\u00e9gi\u00f3t \u2013, majd tov\u00e1bb bontott\u00e1k tartom\u00e1nyokra \u00e9s k\u00f6zs\u00e9gekre. A 2007-ben (Arica \u00e9s Parinacota; Los R\u00edos) \u00e9s 2018-ban (\u00d1uble) l\u00e9trehozott \u00faj r\u00e9gi\u00f3k megv\u00e1ltoztatt\u00e1k az eredeti sz\u00e1moz\u00e1st, de a strukt\u00fara tov\u00e1bbra is a helyi korm\u00e1nyz\u00e1s alapj\u00e1ul szolg\u00e1l.<\/p>\n<p>A turizmus Chile gazdas\u00e1g\u00e1nak egyik pill\u00e9r\u00e9v\u00e9 v\u00e1lt. A t\u00e1voli \u00e9szakon tal\u00e1lhat\u00f3 San Pedro de Atacama prehisp\u00e1n romjai, magaslati tavai \u00e9s az \u00fagynevezett Hold-v\u00f6lgy vonzza a l\u00e1togat\u00f3kat. A k\u00f6z\u00e9ps\u0151 Andokban tal\u00e1lhat\u00f3 s\u00edterepek \u2013 Portillo, Valle Nevado, Termas de Chill\u00e1n \u2013 a t\u00e9li sportok szerelmeseit szolg\u00e1lj\u00e1k ki. A d\u00e9li terep a Conguill\u00edo \u00e9s a Nahuelbuta nemzeti parkok felfedez\u00e9s\u00e9re cs\u00e1b\u00edt, m\u00edg a Chilo\u00e9-szigetcsoportok \u00e9s Patag\u00f3nia labirintusszer\u0171 csatorn\u00e1i \u2013 k\u00f6zt\u00fck a Laguna San Rafael \u00e9s a Torres del Paine \u2013 gleccserj\u00e9g \u00e9s h\u00f3 vadonj\u00e1t k\u00edn\u00e1lj\u00e1k. Valpara\u00edso soksz\u00edn\u0171 dombjai \u00e9s t\u00f6rt\u00e9nelmi sikl\u00f3i az UNESCO list\u00e1j\u00e1n szerepl\u0151 v\u00e1rosi \u00f6r\u00f6ks\u00e9g r\u00e9sz\u00e9t k\u00e9pezik, a t\u00e1voli H\u00fasv\u00e9t-sziget pedig a Rapa Nui monument\u00e1lis moai-j\u00e1t \u0151rzi.<\/p>\n<p>A belf\u00f6ldi utaz\u00f3k decembert\u0151l m\u00e1rciusig t\u00f6megesen l\u00e1togatj\u00e1k a tengerparti ny\u00e1ri \u00fcd\u00fcl\u0151helyeket: az \u00e9szaki kik\u00f6t\u0151ket, mint p\u00e9ld\u00e1ul Arica \u00e9s Iquique; La Serena \u00e9s Coquimbo strandjait; a d\u00e9li t\u00f3parti Puc\u00f3nt; \u00e9s a Valpara\u00edso r\u00e9gi\u00f3 tengerparti v\u00e1rosait, k\u00fcl\u00f6n\u00f6sen a gazdag Vi\u00f1a del Mart a h\u00edres zenei verseny\u00e9r\u0151l. A vid\u00e9ki sz\u00f6rf\u00f6s\u00f6k paradicsoma, Pichilemu szint\u00e9n szezon\u00e1lis be\u00e1raml\u00e1snak \u00f6rvend.<\/p>\n<p>2005-ben a korm\u00e1ny nemzetk\u00f6zi kamp\u00e1nyt ind\u00edtott Chile soksz\u00edn\u0171s\u00e9g\u00e9nek bemutat\u00e1s\u00e1ra. \u00dajabban a Parkok \u00datvonala \u2013 egy 2800 kilom\u00e9ter hossz\u00fa, v\u00e9dett ter\u00fcletekb\u0151l \u00e1ll\u00f3 folyos\u00f3, amelyet a term\u00e9szetv\u00e9delmi \u00fatt\u00f6r\u0151k dolgoztak ki \u2013 n\u00e9pszer\u0171s\u00edti a fenntarthat\u00f3 k\u00f6zleked\u00e9st Patag\u00f3nia gerinc\u00e9n.<\/p>\n<p>Chile kih\u00edv\u00e1st jelent\u0151 domborzata \u00e1tfog\u00f3 k\u00f6zleked\u00e9si h\u00e1l\u00f3zatot tesz sz\u00fcks\u00e9gess\u00e9. 2020-ra k\u00f6zel 86 000 kilom\u00e9ternyi aut\u00f3p\u00e1lya szelte \u00e1t a k\u00f6zt\u00e1rsas\u00e1got, amelyb\u0151l t\u00f6bb mint 21 000 kilom\u00e9ternyi volt aszfaltozott. A kulcsfontoss\u00e1g\u00fa folyos\u00f3k strat\u00e9giai megkett\u0151z\u00e9se \u2013 k\u00fcl\u00f6n\u00f6sen a P\u00e1namerikai aut\u00f3p\u00e1lya (5-\u00f6s \u00fat) \u2013 jav\u00edtotta az \u00f6sszek\u00f6ttet\u00e9st az Atacam\u00e1t\u00f3l K\u00f6z\u00e9p-Chil\u00e9n \u00e1t Puerto Monttig. A t\u00e1vols\u00e1gi buszok domin\u00e1lj\u00e1k a v\u00e1rosok k\u00f6z\u00f6tti k\u00f6zleked\u00e9st, olyan \u00fatvonalakat lefedve, mint a Santiago\u2013Arica (30 \u00f3ra) \u00e9s a Santiago\u2013Punta Arenas (40 \u00f3ra, Osorno-i \u00e1tsz\u00e1ll\u00e1ssal).<\/p>\n<p>A l\u00e9gi k\u00f6zleked\u00e9s t\u00e1voli r\u00e9gi\u00f3kat k\u00f6t \u00f6ssze: a 372 kifut\u00f3p\u00e1lya k\u00f6z\u00fcl a H\u00fasv\u00e9t-szigeten tal\u00e1lhat\u00f3 Mataveri Nemzetk\u00f6zi Rep\u00fcl\u0151t\u00e9r a vil\u00e1g legelszigeteltebb rep\u00fcl\u0151terek\u00e9nt tart sz\u00e1mon, m\u00edg a santiag\u00f3i Arturo Merino Ben\u00edtez rep\u00fcl\u0151t\u00e9r \u00e9vente t\u00f6bb mint tizenk\u00e9t milli\u00f3 utast szolg\u00e1l ki. Tov\u00e1bbi nagyobb rep\u00fcl\u0151terek Aric\u00e1t, Iquiqu\u00e9t, Antofagast\u00e1t, Concepci\u00f3nt, Puerto Monttot, Punta Arenast \u00e9s Temuc\u00f3t szolg\u00e1lj\u00e1k ki.<\/p>\n<p>A 2017-es n\u00e9psz\u00e1ml\u00e1l\u00e1s mintegy 17,6 milli\u00f3 lakost regisztr\u00e1lt. A \u00e9vtizedekig tart\u00f3 magas n\u00f6veked\u00e9s ut\u00e1n a sz\u00fclet\u00e9si r\u00e1ta cs\u00f6kkent, ami lass\u00edtja a n\u00e9pess\u00e9gn\u00f6veked\u00e9st \u2013 az el\u0151rejelz\u00e9sek a sz\u00e1zad k\u00f6zep\u00e9re nagyj\u00e1b\u00f3l 20,2 milli\u00f3 lakosra sz\u00e1m\u00edtanak. A v\u00e1rosi k\u00f6zpontok, k\u00fcl\u00f6n\u00f6sen Santiago, a polg\u00e1rok t\u00f6bbs\u00e9g\u00e9t teszik ki, ami a vid\u00e9kr\u0151l a v\u00e1rosba ir\u00e1nyul\u00f3 folyamatos migr\u00e1ci\u00f3t t\u00fckr\u00f6zi.<\/p>\n<p>Chile kultur\u00e1lis sz\u00f6vete \u00f6sszefonja az \u0151slakos, a spanyol \u00e9s a k\u00e9s\u0151bbi eur\u00f3pai hat\u00e1sokat. Az \u00e9szak-anoki hagyom\u00e1nyok tov\u00e1bbra is fennmaradtak a felf\u00f6ldi v\u00e1rosokban; d\u00e9len a n\u00e9met telepes k\u00f6z\u00f6ss\u00e9gek nyomot hagynak a bajor \u00e9p\u00edt\u00e9szeti form\u00e1kban \u00e9s kulin\u00e1ris \u00edzl\u00e9sben olyan v\u00e1rosokban, mint Valdivia \u00e9s Puerto Varas. A nemzeti konyha t\u00fckr\u00f6zi a vid\u00e9k soksz\u00edn\u0171s\u00e9g\u00e9t: tenger gy\u00fcm\u00f6lcsei a partvid\u00e9ken, marha- \u00e9s b\u00e1r\u00e1nyh\u00fas a s\u00edks\u00e1gokon, gy\u00fcm\u00f6lcs\u00f6k \u00e9s z\u00f6lds\u00e9gek a K\u00f6z\u00e9p-v\u00f6lgyben. A jellegzetes \u00e9telek k\u00f6z\u00e9 tartozik a cazuela \u2013 egy kiad\u00f3s h\u00fasb\u00f3l \u00e9s z\u00f6lds\u00e9gb\u0151l k\u00e9sz\u00fclt p\u00f6rk\u00f6lt \u2013, az empanadas, a pastel de choclo (kukorica- \u00e9s h\u00fasos pite), a curanto (g\u00f6d\u00f6rben s\u00fclt kagyl\u00f3 \u00e9s h\u00fas) \u00e9s a sopaipillas (s\u00fclt t\u00e9szta). A crudos n\u00e9ven ismert nyers k\u00e9sz\u00edtm\u00e9ny andoki, spanyol \u00e9s n\u00e9met elemeket \u00f6tv\u00f6z: finomra dar\u00e1lt l\u00e1m\u00e1t (vagy gyakrabban marhah\u00fast), citrusf\u00e9l\u00e9ket, hagym\u00e1t \u00e9s eur\u00f3pai f\u0171szereket, p\u00e9ld\u00e1ul majon\u00e9zt \u00e9s joghurtot.<\/p>\n<p>Chile \u00f6r\u00f6ks\u00e9g\u00e9t mind a megfoghatatlan hagyom\u00e1nyok \u2013 zene, t\u00e1nc, fesztiv\u00e1lok, k\u00e9zm\u0171vess\u00e9g \u2013, mind a k\u00e9zzelfoghat\u00f3 helysz\u00ednek \u0151rzik. \u00d6t helysz\u00edn \u00e9lvezi az UNESCO Vil\u00e1g\u00f6r\u00f6ks\u00e9g list\u00e1j\u00e1t: a Rapa Nui Nemzeti Park (1995), a Chilo\u00e9-templomok (2000), Valpara\u00edso t\u00f6rt\u00e9nelmi negyede (2003), a Humberstone \u00e9s a Santa Laura sal\u00e9tromlep\u00e1rl\u00f3 (2005), valamint Sewell b\u00e1ny\u00e1szv\u00e1rosa (2006). 1999 \u00f3ta minden m\u00e1jusban a Kultur\u00e1lis \u00d6r\u00f6ks\u00e9g Napja orsz\u00e1gszerte felh\u00edv\u00e1st int\u00e9z e \u00f6r\u00f6ks\u00e9g elismer\u00e9s\u00e9re.<\/p>\n<p>Chile teljes hossz\u00e1ban az \u00e9ghajlat \u00e9s a kult\u00fara, az \u0151slakosok kitart\u00e1sa \u00e9s a bev\u00e1ndorl\u00f3k \u00f6r\u00f6ks\u00e9ge, a zord vadon \u00e9s a kozmopolita v\u00e1ros ellent\u00e9teit t\u00e1rja fel. T\u00f6rt\u00e9nete a sz\u00e9ls\u0151s\u00e9gekhez, a term\u00e9szet er\u0151ihez \u00e9s a t\u00f6rt\u00e9nelem \u00e1ramlataihoz val\u00f3 alkalmazkod\u00e1sr\u00f3l sz\u00f3l, m\u00e9gis mindig azok alak\u00edtj\u00e1k, akik hossz\u00fa, keskeny f\u00f6ldj\u00e9t otthonuknak tekintik.<\/p>","protected":false},"excerpt":{"rendered":"<p>Chile, located in western South America, has a population of 17.5 million according to the 2017 census and covers a territorial area of 756,102 square kilometers. Bound to the north by Peru, to the northeast by Bolivia, and to the east by Argentina, this long, thin country runs along the western coast of the continent. With land closest to Antarctica, the Republic of Chile\u2014as it is formally known\u2014stands as the southernmost nation in the world.<\/p>","protected":false},"author":1,"featured_media":2869,"parent":24096,"menu_order":0,"comment_status":"closed","ping_status":"closed","template":"elementor_theme","meta":{"_eb_attr":"","footnotes":""},"class_list":["post-7469","page","type-page","status-publish","has-post-thumbnail"],"_links":{"self":[{"href":"https:\/\/travelshelper.com\/hu\/wp-json\/wp\/v2\/pages\/7469","targetHints":{"allow":["GET"]}}],"collection":[{"href":"https:\/\/travelshelper.com\/hu\/wp-json\/wp\/v2\/pages"}],"about":[{"href":"https:\/\/travelshelper.com\/hu\/wp-json\/wp\/v2\/types\/page"}],"author":[{"embeddable":true,"href":"https:\/\/travelshelper.com\/hu\/wp-json\/wp\/v2\/users\/1"}],"replies":[{"embeddable":true,"href":"https:\/\/travelshelper.com\/hu\/wp-json\/wp\/v2\/comments?post=7469"}],"version-history":[{"count":0,"href":"https:\/\/travelshelper.com\/hu\/wp-json\/wp\/v2\/pages\/7469\/revisions"}],"up":[{"embeddable":true,"href":"https:\/\/travelshelper.com\/hu\/wp-json\/wp\/v2\/pages\/24096"}],"wp:featuredmedia":[{"embeddable":true,"href":"https:\/\/travelshelper.com\/hu\/wp-json\/wp\/v2\/media\/2869"}],"wp:attachment":[{"href":"https:\/\/travelshelper.com\/hu\/wp-json\/wp\/v2\/media?parent=7469"}],"curies":[{"name":"wp","href":"https:\/\/api.w.org\/{rel}","templated":true}]}}