{"id":7405,"date":"2024-08-25T17:42:51","date_gmt":"2024-08-25T17:42:51","guid":{"rendered":"https:\/\/travelshelper.com\/staging\/?page_id=7405"},"modified":"2026-03-13T23:55:37","modified_gmt":"2026-03-13T23:55:37","slug":"kolumbia","status":"publish","type":"page","link":"https:\/\/travelshelper.com\/hu\/destinations\/south-america\/colombia\/","title":{"rendered":"Kolumbia"},"content":{"rendered":"<p>Kolumbia leny\u0171g\u00f6z\u0151 kontrasztok f\u00f6ldjek\u00e9nt bontakozik ki: magas Andok-fenns\u00edkok, amelyek v\u00e1rosi energi\u00e1t\u00f3l z\u00fcmm\u00f6gnek; p\u00e1r\u00e1s alf\u00f6ldi dzsungelek, ahol az Amazonas z\u00f6ld csendje uralkodik; karibi partokat meleg tengerek s\u00farolnak; \u00e9s csendes-\u00f3ce\u00e1ni partokat, amelyeket k\u00f6d \u00e9s s\u0171r\u0171 mangroveerd\u0151k bor\u00edtanak. 1 141 748 n\u00e9gyzetkilom\u00e9ter\u00e9vel k\u00e9t kontinensen is egyed\u00fcl\u00e1ll\u00f3 helyet foglal el, szigetei \u00e9szak-amerikai vizeket \u00e9rintenek, sz\u00e1razf\u00f6ldje pedig D\u00e9l-Amerik\u00e1ban horgonyoz. Hat\u00e1rai \u2013 amelyeket Panam\u00e1val, Venezuel\u00e1val, Braz\u00edli\u00e1val, Peruval \u00e9s Ecuadorral osztanak meg \u2013 egy olyan nemzetet k\u00f6vetnek nyomon, amelynek identit\u00e1s\u00e1t a f\u00f6ldrajz ugyan\u00fagy form\u00e1lta, mint a t\u00f6rt\u00e9nelem, a kult\u00fara \u00e9s a fejl\u0151d\u0151 \u00e1llampolg\u00e1ri tudat.<\/p>\n<p>Kolumbia sz\u00edv\u00e9ben \u00e1llnak az Andok, amelyek h\u00e1rom kordiller\u00e1ra szakadnak, \u00e9s amelyek az orsz\u00e1g gerinc\u00e9t form\u00e1lj\u00e1k, valamint legn\u00e9pesebb v\u00e1rosait foglalj\u00e1k magukban. Nyugaton a Cordillera Occidental szeg\u00e9lyezi a Csendes-\u00f3ce\u00e1nt, cs\u00facsai az es\u0151erd\u0151vel s\u0171r\u0171n bor\u00edtott, gyakran k\u00f6dbe burkol\u00f3z\u00f3 part menti s\u00edks\u00e1gok f\u00f6l\u00e9 emelkednek. A Cauca foly\u00f3 \u00e1ltal szeg\u00e9lyezett Cali a keleti hegyl\u00e1bakn\u00e1l fekszik. A Cauca \u00e9s a Magdalena v\u00f6lgyei k\u00f6z\u00f6tt fekszik a Cordillera Central, amelynek magass\u00e1ga meghaladja az 5000 m\u00e9tert. Itt Medell\u00edn nyugtalan utc\u00e1i \u00e9s k\u00e1v\u00e9termeszt\u0151 v\u00e1rosai a lejt\u0151k\u00f6n kapaszkodnak, orchide\u00e1k \u00e9s p\u00f6rk\u00f6lt bab illat\u00e1t\u00f3l \u00e9l\u00e9nk\u00fclve. A Cordillera Oriental \u00e9szakkeletre h\u00faz\u00f3dik a Guajira-f\u00e9lsziget fel\u00e9, ahol Bogot\u00e1nak \u2013 a vil\u00e1g egyik legmagasabb f\u0151v\u00e1ros\u00e1nak \u2013 ad otthont, \u00e9s Bucaramang\u00e1ig \u00e9s C\u00facut\u00e1ig h\u00faz\u00f3dik.<\/p>\n<p>A hegyekt\u0151l keletre sz\u00e9les Llanos-gyepek \u00f6mlenek az Orinoco-medenc\u00e9be, szezon\u00e1lis \u00e1rad\u00e1saik szarvasmarha-telepeket \u00e9s vadv\u00e9delmi folyos\u00f3kat biztos\u00edtanak. D\u00e9lebbre az amazonasi es\u0151erd\u0151 a biodiverzit\u00e1s z\u00f6ld katedr\u00e1lisak\u00e9nt \u00e9rv\u00e9nyes\u00fcl. A part menti s\u00edks\u00e1gok jelent\u0151sen elt\u00e9rnek egym\u00e1st\u00f3l: az \u00e9szaki karibi partvid\u00e9k nagyr\u00e9szt naps\u00fct\u00f6tte boz\u00f3t alatt fekszik, kiv\u00e9ve a Sierra Nevada de Santa Mart\u00e1t \u2013 egy hirtelen, t\u00f6bb mint 5700 m\u00e9ter magasra emelked\u0151 part menti hegyl\u00e1ncot \u2013, m\u00edg a csendes-\u00f3ce\u00e1ni partvid\u00e9k keskeny, es\u0151 \u00e1ztatta \u00e9s ritk\u00e1n lakott. Kolumbia kett\u0151s partvonala, az atlanti \u00e9s a csendes-\u00f3ce\u00e1ni, megk\u00fcl\u00f6nb\u00f6zteti az orsz\u00e1got a kontinensen; tengeri hat\u00e1rai Costa Rica, Nicaragua, Honduras, Jamaica, Haiti \u00e9s a Dominikai K\u00f6zt\u00e1rsas\u00e1g hat\u00e1raival hat\u00e1rosak.<\/p>\n<p>Az emberi jelenl\u00e9t ezen a ter\u00fcleten legal\u00e1bb 14 000 \u00e9vre ny\u00falik vissza, amikor a vad\u00e1sz\u00f3-gy\u0171jt\u00f6get\u0151k bej\u00e1rt\u00e1k v\u00e1ltozatos \u00f6kosziszt\u00e9m\u00e1it. Mire az eur\u00f3paiak meg\u00e9rkeztek \u2013 spanyol felfedez\u0151k sz\u00e1lltak partra La Guajir\u00e1ban 1499-ben \u2013, kifinomult \u0151slakos k\u00f6z\u00f6ss\u00e9gek vir\u00e1goztak a hegyvid\u00e9ki \u00e9s s\u00edkvid\u00e9ki r\u00e9gi\u00f3kban. A spanyol korona a tizenhatodik sz\u00e1zad k\u00f6zep\u00e9n megalap\u00edtotta Granada \u00daj Kir\u00e1lys\u00e1g\u00e1t, amelynek k\u00f6zigazgat\u00e1si k\u00f6zpontja Santa Fe de Bogot\u00e1 volt. A gyarmati uralom \u00e9vsz\u00e1zadai alatt a lakoss\u00e1g \u00f6sszeomlott a betegs\u00e9gek \u00e9s a h\u00f3d\u00edt\u00e1sok miatt, majd lassan \u00fajj\u00e1\u00e9ledt, ahogy megjelentek a kreol t\u00e1rsadalmak.<\/p>\n<p>A f\u00fcggetlens\u00e9get 1810-ben kiki\u00e1ltott\u00e1k, b\u00e1r a k\u00fczdelem addig folytat\u00f3dott, am\u00edg Sim\u00f3n Bol\u00edvar hadj\u00e1ratai 1819-ben el nem \u00e9rt\u00e9k a felszabadul\u00e1st, \u00e9s l\u00e9tre nem j\u00f6tt a r\u00f6vid \u00e9let\u0171 Nagy-Kolumbia k\u00f6zt\u00e1rsas\u00e1g. A f\u00f6deralizmussal \u00e9s a centralizmussal val\u00f3 k\u00eds\u00e9rletez\u00e9st a Granadine-i Konf\u00f6der\u00e1ci\u00f3 (1858), a Kolumbiai Egyes\u00fclt \u00c1llamok (1863) \u00e9s v\u00e9g\u00fcl az 1886-os Kolumbiai K\u00f6zt\u00e1rsas\u00e1g k\u00f6vette. Panama 1903-as elveszt\u00e9se, nemzetk\u00f6zi nyom\u00e1sra, \u00fajrarajzolta hat\u00e1rait. A huszadik sz\u00e1zadban bels\u0151 konfliktusok \u00e9s politikai er\u0151szak \u2013 amelyek az 1960-as \u00e9s 1990-es \u00e9vekben fokoz\u00f3dtak \u2013 meghat\u00e1rozt\u00e1k a nemzeti t\u00f6rt\u00e9nelmet. A 2000-es \u00e9vek k\u00f6zepe \u00f3ta a biztons\u00e1gi helyzet jav\u00edt\u00e1sa, az int\u00e9zm\u00e9nyi reform \u00e9s a gazdas\u00e1gi n\u00f6veked\u00e9s elkezdte \u00e1talak\u00edtani a t\u00e1rsadalmi t\u00e1jk\u00e9pet.<\/p>\n<p>A modern Kolumbia 32 megy\u00e9re \u00e9s egy f\u0151v\u00e1rosi k\u00f6rzetre \u2013 Bogot\u00e1ra \u2013 oszlik, mindegyiket egy v\u00e1lasztott korm\u00e1nyz\u00f3 \u00e9s k\u00f6zgy\u0171l\u00e9s vezeti. A megy\u00e9k telep\u00fcl\u00e9sekre tagol\u00f3dnak, amelyek tov\u00e1bb oszlanak corregimientosokra (vid\u00e9ki k\u00f6rzetekre) \u00e9s comunasokra (v\u00e1rosi k\u00f6rzetekre), mindegyik helyi tan\u00e1csokkal. A k\u00fcl\u00f6nleges k\u00f6rzetek \u2013 Barranquilla, Cartagena, Santa Marta \u00e9s Buenaventura \u2013 k\u00f6zigazgat\u00e1si st\u00e1tusza t\u00fckr\u00f6zi tengeri, kultur\u00e1lis vagy strat\u00e9giai jelent\u0151s\u00e9g\u00fcket. Ez a r\u00e9tegzett ir\u00e1ny\u00edt\u00e1si strukt\u00fara a region\u00e1lis soksz\u00edn\u0171s\u00e9g \u00e9s a nemzeti koherencia egyens\u00faly\u00e1t igyekszik biztos\u00edtani.<\/p>\n<p>Kolumbia, amely mintegy 52 milli\u00f3 lakosnak ad otthont, lakoss\u00e1g\u00e1t tekintve Latin-Amerik\u00e1ban a harmadik helyen \u00e1ll. Demogr\u00e1fiai p\u00e1ly\u00e1ja \u2013 a huszadik sz\u00e1zad fordul\u00f3j\u00e1n n\u00e9gymilli\u00f3, ma m\u00e1r t\u00f6bb mint \u00f6tvenmilli\u00f3 \u2013 a term\u00e9kenys\u00e9g \u00e9s a hal\u00e1loz\u00e1s cs\u00f6kken\u00e9s\u00e9t, valamint a vid\u00e9ki \u00e9letr\u0151l a v\u00e1rosi \u00e9letre val\u00f3 \u00e1tt\u00e9r\u00e9st t\u00fckr\u00f6zi. A lakoss\u00e1g hetvenhat sz\u00e1zal\u00e9ka ma v\u00e1rosokban \u00e9l, f\u0151k\u00e9nt az andoki felf\u00f6ldi ter\u00fcleteken. Bogot\u00e1 lakoss\u00e1ga az 1930-as \u00e9vekben n\u00e9h\u00e1ny sz\u00e1zezerr\u0151l k\u00f6zel nyolcmilli\u00f3ra duzzadt. A sz\u00e1zad k\u00f6zep\u00e9re a lakoss\u00e1g \u00f6regszik: a hatvan\u00f6t milli\u00f3 felettiek ar\u00e1nya \u00e9rezhet\u0151en emelkedni kezdett. Az etnikumok \u2013 az \u0151slakos t\u00e1rsadalmak lesz\u00e1rmazottai, spanyol \u00e9s m\u00e1s eur\u00f3pai telepesek, afrikai diaszp\u00f3ra k\u00f6z\u00f6ss\u00e9gek, valamint a k\u00f6zel-keleti \u00e9s m\u00e1s bev\u00e1ndorl\u00f3k hull\u00e1mai \u2013 kavalk\u00e1dja t\u00e1pl\u00e1lja Kolumbia kultur\u00e1lis dinamizmus\u00e1t. A spanyol nyelv \u00f6sszek\u00f6ti a nemzetet, b\u00e1r az angol, a kreol \u00e9s mintegy hatvann\u00e9gy \u0151shonos nyelv region\u00e1lis elismer\u00e9ssel b\u00edr.<\/p>\n<p>Kolumbia, amelyet a tizenh\u00e9t \u201emegadiverz\u00e1lis\u201d nemzet egyik\u00e9nek tartanak, n\u00e9gyzetm\u00e9rf\u00f6ldenk\u00e9nt t\u00f6bb fajt tart fenn, mint b\u00e1rmely m\u00e1s orsz\u00e1g. Az amaz\u00f3niai dzsungel, az andoki p\u00e1ramo, a csendes-\u00f3ce\u00e1ni mangroveerd\u0151k \u00e9s a karibi sz\u00e1razerd\u0151k sz\u00e1mtalan olyan n\u00f6v\u00e9ny- \u00e9s \u00e1llatvil\u00e1gnak adnak otthont, amelyek sehol m\u00e1shol nem tal\u00e1lhat\u00f3k meg. Hat f\u0151 term\u00e9szeti r\u00e9gi\u00f3 \u2013 az Andok, a csendes-\u00f3ce\u00e1ni partvid\u00e9k, a karibi partvid\u00e9k, a Llanos-f\u00e9lsziget, az Amazonas \u00e9s a szigetvid\u00e9kek \u2013 \u00e9l\u0151helyek mozaikj\u00e1t alkotj\u00e1k. Az olyan foly\u00f3k, mint a Magdalena \u00e9s a Cauca, olyan v\u00f6lgyeket v\u00e1jnak ki, amelyek \u00f6kol\u00f3giai folyos\u00f3kk\u00e9nt \u00e9s a kereskedelem art\u00e9ri\u00e1ik\u00e9nt is szolg\u00e1lnak. A f\u00f6ldreng\u00e9sek \u00e9s a vulk\u00e1nok remegnek a felsz\u00edn alatt, eml\u00e9keztetve az orsz\u00e1g hely\u00e9re a Csendes-\u00f3ce\u00e1ni T\u0171zgy\u0171r\u0171n.<\/p>\n<p>Kolumbia gazdas\u00e1ga, amely D\u00e9l-Amerika harmadik legnagyobbja, a hagyom\u00e1nyos exportcikkeket \u2013 olaj, sz\u00e9n, k\u00e1v\u00e9 \u00e9s v\u00e1gott vir\u00e1gok \u2013 \u00f6tv\u00f6zi a fejl\u0151d\u0151 high-tech, szolg\u00e1ltat\u00e1si \u00e9s turisztikai \u00e1gazatokkal. Az elm\u00falt \u00e9vtizedek makrogazdas\u00e1gi stabilit\u00e1sa k\u00fclf\u00f6ldi befektet\u00e9seket vonzott, mik\u00f6zben a szeg\u00e9nys\u00e9gi r\u00e1t\u00e1k cs\u00f6kkentek, \u00e9s egyre n\u00f6vekv\u0151 k\u00f6z\u00e9poszt\u00e1ly jelent meg. Az eg\u00e9szs\u00e9g\u00fcgyi rendszer, amelyet az Eg\u00e9szs\u00e9g\u00fcgyi Vil\u00e1gszervezet Latin-Amerika leger\u0151sebb rendszerek\u00e9nt dics\u00e9r, az emberi t\u0151ke fejleszt\u00e9s\u00e9nek alapj\u00e1t k\u00e9pezi. A nagyobb v\u00e1rosi k\u00f6zpontok \u2013 Bogot\u00e1, Medell\u00edn, Cali, Barranquilla \u00e9s Cartagena \u2013 p\u00e9nz\u00fcgyi, ipari \u00e9s kultur\u00e1lis motorokk\u00e9nt m\u0171k\u00f6dnek.<\/p>\n<p>A kolumbiai kult\u00fara a prekolumbi\u00e1n civiliz\u00e1ci\u00f3k, a spanyol gyarmati int\u00e9zm\u00e9nyek, az afrikai \u00f6r\u00f6ks\u00e9g, valamint az Eur\u00f3p\u00e1b\u00f3l \u00e9s a K\u00f6zel-Keletr\u0151l \u00e9rkez\u0151 bev\u00e1ndorl\u00f3k hat\u00e1saira eml\u00e9keztet. A zene az andoki bambuc\u00f3kt\u00f3l az afro-karibi cumbi\u00e1ig terjed; az irodalom az \u0151slakos sz\u00f3beli hagyom\u00e1nyokt\u00f3l a Nobel-d\u00edjas Gabriel Garc\u00eda M\u00e1rquez m\u00e1gikus-realista elbesz\u00e9l\u00e9seiig terjed. A fesztiv\u00e1lok \u2013 a Carnaval de Barranquilla, a Feria de las Flores Medell\u00ednben \u2013 \u00e9l\u00e9nk nyilv\u00e1nos el\u0151ad\u00e1sokban \u00f6tv\u00f6zik a zen\u00e9t, a t\u00e1ncot \u00e9s a ritu\u00e1l\u00e9kat.<\/p>\n<p>Konyh\u00e1ja region\u00e1lis saj\u00e1toss\u00e1gokr\u00f3l \u00e1rulkodik. A felf\u00f6ld\u00f6n az ajiaco \u2013 burgonya-, kukorica- \u00e9s csirkeleves \u2013 meleg\u00edti a h\u0171v\u00f6s hegyi leveg\u0151t; a karibi parton a k\u00f3kuszos rizs \u00e9s a s\u00fclt hal az \u0151slakos \u00e9s az afrikai gy\u00f6kerekre egyar\u00e1nt eml\u00e9keztet. Az arep\u00e1k \u2013 nat\u00far vagy t\u00f6lt\u00f6tt kukoric\u00e1s s\u00fctem\u00e9nyek \u2013 minden \u00e9tkez\u00e9sn\u00e9l megjelennek, m\u00edg a bab, a f\u0151z\u0151ban\u00e1n \u00e9s a tr\u00f3pusi gy\u00fcm\u00f6lcs\u00f6k, mint p\u00e9ld\u00e1ul a guan\u00e1bana, a lulo \u00e9s a maracuy\u00e1, orsz\u00e1gszerte d\u00edsz\u00edtik az asztalokat. Az utcai standokon empanad\u00e1kat, aborradad\u00f3kat (\u00e9des sajtos f\u0151z\u0151ban\u00e1n) \u00e9s bu\u00f1uel\u00f3kat szolg\u00e1lnak fel; az otthoni konyh\u00e1kban olyan desszerteket k\u00e9sz\u00edtenek, mint a natillas \u00e9s a tres leches s\u00fctem\u00e9ny. Az italok az er\u0151s tinto k\u00e1v\u00e9t\u00f3l a cukorn\u00e1db\u00f3l k\u00e9sz\u00fclt aguardiente-ig, a champ\u00fast\u00f3l (gy\u00fcm\u00f6lcs- \u00e9s kukoricaleves) a friss gy\u00fcm\u00f6lcslevekig terjednek, amelyek az orsz\u00e1g gy\u00fcm\u00f6lcs\u00f6seinek gazdags\u00e1g\u00e1t \u00fcnneplik.<\/p>\n<p>Kolumbia t\u00f6rt\u00e9nete nem statikus \u00e9s nem is egys\u00e9ges. Egy olyan nemzetr\u0151l van sz\u00f3, amely folyamatosan k\u00fczd a magashegyi f\u0151v\u00e1rosaival \u00e9s a foly\u00f3parti vid\u00e9keivel, a konfliktusok eml\u00e9keivel \u00e9s a b\u00e9ke ir\u00e1nti v\u00e1gyaival, gazdag biol\u00f3giai sokf\u00e9les\u00e9g\u00e9vel \u00e9s a fejl\u0151d\u00e9s nyom\u00e1s\u00e1val. Az adminisztrat\u00edv reformok, az infrastruktur\u00e1lis projektek, a term\u00e9szetv\u00e9delmi er\u0151fesz\u00edt\u00e9sek \u00e9s a kultur\u00e1lis \u00fajj\u00e1\u00e9led\u00e9si mozgalmak mind egy olyan t\u00e1rsadalomr\u00f3l tan\u00faskodnak, amely egyszerre tekint vissza \u00e9s el\u0151re \u2013 igyekszik tisztelni \u0151si gy\u00f6kereit, mik\u00f6zben \u00faj utakat t\u00f6r egy \u00f6sszekapcsol\u00f3d\u00f3 vil\u00e1gban. Hatalmass\u00e1g\u00e1ban \u00e9s soksz\u00edn\u0171s\u00e9g\u00e9ben Kolumbia egyszerre ismer\u0151s \u00e9s meglep\u0151, \u00e1lland\u00f3 elm\u00e9lked\u00e9si t\u00e9ma azok sz\u00e1m\u00e1ra, akik \u00fatjain j\u00e1rnak, foly\u00f3in haj\u00f3znak, \u00e9s hallgatj\u00e1k a sok hangot, amelyek egy\u00fcttesen alkotj\u00e1k kibontakoz\u00f3 t\u00f6rt\u00e9net\u00e9t.<\/p>","protected":false},"excerpt":{"rendered":"<p>Located at the northwestern extremity of South America,\u00a0Colombia\u00a0is characterized by significant\u00a0diversity\u00a0and striking contrasts. Officially the\u00a0Republic of Colombia, this colorful nation covers more than 1.1 million square kilometers, ranking 26th among all the countries in the globe.\u00a0Colombia\u00a0acts as a\u00a0geographical\u00a0and\u00a0cultural link\u00a0between\u00a0South and Central America\u00a0with its strategic position between the\u00a0Pacific and Caribbean Seas.<\/p>","protected":false},"author":1,"featured_media":3844,"parent":24096,"menu_order":0,"comment_status":"closed","ping_status":"closed","template":"elementor_theme","meta":{"_eb_attr":"","footnotes":""},"class_list":["post-7405","page","type-page","status-publish","has-post-thumbnail"],"_links":{"self":[{"href":"https:\/\/travelshelper.com\/hu\/wp-json\/wp\/v2\/pages\/7405","targetHints":{"allow":["GET"]}}],"collection":[{"href":"https:\/\/travelshelper.com\/hu\/wp-json\/wp\/v2\/pages"}],"about":[{"href":"https:\/\/travelshelper.com\/hu\/wp-json\/wp\/v2\/types\/page"}],"author":[{"embeddable":true,"href":"https:\/\/travelshelper.com\/hu\/wp-json\/wp\/v2\/users\/1"}],"replies":[{"embeddable":true,"href":"https:\/\/travelshelper.com\/hu\/wp-json\/wp\/v2\/comments?post=7405"}],"version-history":[{"count":0,"href":"https:\/\/travelshelper.com\/hu\/wp-json\/wp\/v2\/pages\/7405\/revisions"}],"up":[{"embeddable":true,"href":"https:\/\/travelshelper.com\/hu\/wp-json\/wp\/v2\/pages\/24096"}],"wp:featuredmedia":[{"embeddable":true,"href":"https:\/\/travelshelper.com\/hu\/wp-json\/wp\/v2\/media\/3844"}],"wp:attachment":[{"href":"https:\/\/travelshelper.com\/hu\/wp-json\/wp\/v2\/media?parent=7405"}],"curies":[{"name":"wp","href":"https:\/\/api.w.org\/{rel}","templated":true}]}}