{"id":7331,"date":"2024-08-25T12:58:27","date_gmt":"2024-08-25T12:58:27","guid":{"rendered":"https:\/\/travelshelper.com\/staging\/?page_id=7331"},"modified":"2026-03-14T00:05:32","modified_gmt":"2026-03-14T00:05:32","slug":"guyana","status":"publish","type":"page","link":"https:\/\/travelshelper.com\/hu\/destinations\/south-america\/guyana\/","title":{"rendered":"Guyana"},"content":{"rendered":"<p>Guyana D\u00e9l-Amerika \u00e9szaki sz\u00e9l\u00e9n h\u00faz\u00f3dik, karcs\u00fa partvonala az Atlanti-\u00f3ce\u00e1n hull\u00e1mait s\u00farolja. 214 969 n\u00e9gyzetkilom\u00e9ter\u00e9vel ez az orsz\u00e1g a kontinens harmadik legkisebbje, hatalmas vadonj\u00e1nak k\u00f6sz\u00f6nhet\u0151en azonban a vil\u00e1g egyik legalacsonyabb n\u00e9ps\u0171r\u0171s\u00e9g\u0171 orsz\u00e1ga. A f\u0151v\u00e1ros, Georgetown, a Demerara foly\u00f3 keleti partj\u00e1n emelkedik \u2013 pasztellsz\u00edn\u0171 homlokzatai \u00e9s gyarmati \u00e9p\u00edt\u00e9szete \u00e9vsz\u00e1zados v\u00e1ltoz\u00e1sokat id\u00e9z, mik\u00f6zben a kereskedelem \u00e9s a korm\u00e1nyzat z\u00fcmm\u00f6g\u00e9se l\u00fcktet az utc\u00e1in.<\/p>\n<p>Nyugaton az Essequibo foly\u00f3 sz\u00e9les medreket v\u00e1j az alf\u00f6ldi s\u00edks\u00e1gokon kereszt\u00fcl, miel\u0151tt az Atlanti-\u00f3ce\u00e1nba \u00f6mlik. D\u00e9len \u00e9s d\u00e9lnyugaton Braz\u00edlia hatalmas erd\u0151i nyomulnak Guyana hat\u00e1r\u00e1hoz. A keleti oldalon Suriname fekszik, m\u00edg Venezuela a Cuyuni foly\u00f3 sz\u00f6ges kanyarulatai m\u00f6g\u00f6tt \u0151rk\u00f6dik. Ezek a hat\u00e1rok Guyan\u00e1t a valaha Brit Nyugat-Indi\u00e1knak nevezett szigetcsoportba helyezik, amely \u00e9l\u0151 h\u00edd a karibi vil\u00e1g \u00e9s a kontinent\u00e1lis kiterjed\u00e9s k\u00f6z\u00f6tt.<\/p>\n<p>De nem csak a tengerpart vagy a f\u0151v\u00e1ros hat\u00e1rozza meg ezt a helyet. A sz\u00e1razf\u00f6ld belsej\u00e9ben a terep lank\u00e1s dombokba emelkedik, majd prekambriumi pajzsk\u0151zet-fenns\u00edkok k\u00f6vetkeznek, a \u201esok vizek f\u00f6ldje\u201d. A krist\u00e1lytiszta patakok t\u00f6r\u00e9svonalakat k\u00f6vetnek \u00e9s kaszk\u00e1dokat hoznak l\u00e9tre ott, ahol az es\u0151v\u00edz \u00e9vezredek \u00f3ta kitaposott utakat hoz l\u00e9tre. Az ujjn\u00e1l keskenyebb part menti s\u00e1v rizsf\u00f6ldeket \u00e9s cukorn\u00e1d\u00fcltetv\u00e9nyeket \u00f6lel fel, mangrovemocsarakkal szemben, m\u00edg m\u00f6g\u00f6tte az Amazonas f\u00e9lelmetes z\u00f6ldje fekszik \u2013 a F\u00f6ld legnagyobb tr\u00f3pusi es\u0151erd\u0151je, amely Guyana felsz\u00edn\u00e9nek k\u00e9tharmad\u00e1t bor\u00edtja.<\/p>\n<p>Ez az erd\u0151 b\u00f6lcs\u0151je ugyan\u00fagy tartozik az emberi lak\u00f3ihoz, mint a jagu\u00e1rjaihoz \u00e9s a fekete kajm\u00e1njaihoz. Kilenc \u0151slakos nemzet \u2013 Wai Wai, Macushi, Patamona, Lokono, Kalina, Wapishana, Pemon, Akawaio \u00e9s Warao \u2013 \u00e9l ezekkel az \u00f6kosziszt\u00e9m\u00e1kkal \u00e9s azokban. J\u00f3val azel\u0151tt, hogy az eur\u00f3paiak Guyana foly\u00f3inak torkolat\u00e1ba haj\u00f3ztak volna, a lokono \u00e9s kalina n\u00e9pek voltak a f\u00f6ld els\u0151dleges gondnokai. Falvaik foly\u00f3partok \u00e9s tiszt\u00e1sok ment\u00e9n helyezkednek el, ahol a hal\u00e1szat \u00e9s a mani\u00f3ka termeszt\u00e9se tov\u00e1bbra is elengedhetetlen a mindennapi \u00e9lethez.<\/p>\n<p>A sz\u00e1jhagyom\u00e1nyok holdf\u00e9nyes csatorn\u00e1kon sikl\u00f3kat, t\u00fcrelemmel \u00e9s \u00fcgyess\u00e9ggel kivetett hal\u00e1szh\u00e1l\u00f3kat mes\u00e9lnek. Nyelveiken, melyeket m\u00e9g ma is besz\u00e9lnek az id\u0151sebbek, a gyarmati t\u00e9rk\u00e9pekn\u00e9l r\u00e9gebbi helynevek szerepelnek \u2013 szikl\u00e1s kib\u00fav\u00e1sok, rejtett tavak vagy vad\u00e1szter\u00fcletek jelz\u0151i. B\u00e1r a misszion\u00e1rius \u00e1llom\u00e1sok \u00e9s a nemzeti politik\u00e1k \u00e1talak\u00edtott\u00e1k az \u0151slakos kult\u00fara egyes aspektusait, a k\u00f6z\u00f6ss\u00e9gek ma m\u00e1r a f\u00f6ldtulajdonhoz f\u0171z\u0151d\u0151 jogaikat k\u00f6vetelik, \u00e9s \u00fajra\u00e9lesztik a mesters\u00e9geket, szertart\u00e1sokat \u00e9s t\u00f6rt\u00e9neteket, amelyek a kihal\u00e1s sz\u00e9l\u00e9n \u00e1llnak.<\/p>\n<p>A 17. sz\u00e1zad elej\u00e9n holland keresked\u0151k telepeket hoztak l\u00e9tre a Pomeroon \u00e9s a Berbice foly\u00f3k ment\u00e9n. Az amerikai indi\u00e1n telep\u00fcl\u00e9sek k\u00f6z\u00f6tt fa er\u0151d\u00f6k \u00e9s rakt\u00e1rak \u00e1lltak, ahol wampumot \u00e9s tollakat cser\u00e9ltek sz\u0151tt sz\u00f6vetre \u00e9s vaseszk\u00f6z\u00f6kre. Az 1700-as \u00e9vek v\u00e9g\u00e9re a britek kiszor\u00edtott\u00e1k a hollandokat, \u00e9s a h\u00e1rom gyarmatot \u2013 Demerar\u00e1t, Essequib\u00f3t \u00e9s Berbic\u00e9t \u2013 Brit Guyan\u00e1ba egyes\u00edtett\u00e9k. A gyarmati ir\u00e1ny\u00edt\u00e1s alatt a rizsf\u00f6ldek \u00e9s a cukorn\u00e1d\u00fcltetv\u00e9nyek a sz\u00e1razf\u00f6ld belsej\u00e9ben terjeszkedtek, melyeket a rabszolgasorba tasz\u00edtott afrikaiak, majd a rabszolgas\u00e1g elt\u00f6rl\u00e9se ut\u00e1n az Indi\u00e1b\u00f3l, K\u00edn\u00e1b\u00f3l \u00e9s Portug\u00e1li\u00e1b\u00f3l \u00e9rkez\u0151 szerz\u0151d\u00e9ses munk\u00e1sok m\u0171k\u00f6dtettek.<\/p>\n<p>Az \u00fcltetv\u00e9nyes \u00e9let \u00e9les ellent\u00e9tben \u00e1llt az amerikai indi\u00e1n falvak \u00e9let\u00e9vel. A t\u00e9glak\u00e9m\u00e9nyek f\u00fcst\u00f6t ok\u00e1dtak, a fel\u00fcgyel\u0151k hangja \u00e1thallatszott a mez\u0151k\u00f6n, \u00e9s a n\u00e1dv\u00e1g\u00f3k kattog\u00e1sa keveredett a g\u00e9pek cs\u00f6r\u00f6mp\u00f6l\u00e9s\u00e9vel. M\u00e9gis, a sorok r\u00e1csain t\u00fal utak \u00e9s s\u00edks\u00e1gok n\u00e9lk\u00fcli erd\u0151k ter\u00fcltek el, ahol mahag\u00f3ni \u00e9s z\u00f6ldh\u00e1lyog \u00e1gak magasodtak a fej\u00fck f\u00f6l\u00e9. Ez a kett\u0151ss\u00e9g \u2013 intenz\u00edv m\u0171vel\u00e9s az \u0151si vadon hat\u00e1r\u00e1n \u2013 \u00e9vsz\u00e1zadokon \u00e1t form\u00e1lta Guyana gazdas\u00e1g\u00e1t \u00e9s kult\u00far\u00e1j\u00e1t.<\/p>\n<p>1966. m\u00e1jus 26-\u00e1n lesz\u00e1llt az Union Jack, \u00e9s a f\u00fcggetlen Guyana k\u00e9k-z\u00f6ld-feh\u00e9r z\u00e1szlaja felvonult Georgetown felett. N\u00e9gy \u00e9vvel k\u00e9s\u0151bb, 1970-ben az orsz\u00e1g k\u00f6zt\u00e1rsas\u00e1gg\u00e1 v\u00e1lt a Nemzetk\u00f6z\u00f6ss\u00e9gen bel\u00fcl, meger\u0151s\u00edtve az \u00f6nkorm\u00e1nyzatot \u00e9s fenntartva a kapcsolatot a brit monarchia k\u00f6z\u00f6s int\u00e9zm\u00e9nyeivel. A brit uralom \u00f6r\u00f6ks\u00e9ge ma is l\u00e1that\u00f3: az angol a hivatalos nyelv, az igazs\u00e1gszolg\u00e1ltat\u00e1si rendszer a common law hagyom\u00e1nyait k\u00f6veti, \u00e9s a v\u00e1rosi parkokat m\u00e9g mindig krikettp\u00e1ly\u00e1k tark\u00edtj\u00e1k.<\/p>\n<p>A Queen-f\u00e9le angol mellett azonban a mindennapi besz\u00e9d a guyanai kreol nyelven is folyik \u2013 egy dallamos, angol alap\u00fa nyelven, amelyet nyugat-afrikai, indiai, holland \u00e9s \u0151slakos kadenci\u00e1k tark\u00edtanak. Ez a nyelv \u00e1tsz\u00f6vi a piaci standokon \u00e9s a nappalikban zajl\u00f3 besz\u00e9lget\u00e9seket, k\u00f6z\u00f6s sz\u00f6vetet sz\u00f6vve az indiai, afrikai, k\u00ednai, portug\u00e1l, eur\u00f3pai \u00e9s vegyes sz\u00e1rmaz\u00e1s\u00fa emberek k\u00f6z\u00f6tt.<\/p>\n<p>Guyana ritka helyet foglal el: az egyetlen d\u00e9l-amerikai orsz\u00e1g, amely t\u00f6rv\u00e9nyileg besz\u00e9l angolul, m\u00e9gis kultur\u00e1lisan \u00f6sszefon\u00f3dik az angolsz\u00e1sz Karib-t\u00e9rs\u00e9gben. Itt tal\u00e1lhat\u00f3 a CARICOM, a Karib-t\u00e9rs\u00e9g k\u00f6zpontja, ahol a kis sziget\u00e1llamok \u00e9s a kontinent\u00e1lis szomsz\u00e9dok \u00f6sszegy\u0171lnek, hogy \u00f6sszehangolj\u00e1k gazdas\u00e1gi \u00e9s szoci\u00e1lis politik\u00e1jukat. 2008-ban Guyana t\u00e1rsalap\u00edt\u00f3ja volt a D\u00e9l-amerikai Nemzetek Uni\u00f3j\u00e1nak, jelezve elk\u00f6telezetts\u00e9g\u00e9t a kontinent\u00e1lis egy\u00fcttm\u0171k\u00f6d\u00e9s ir\u00e1nt olyan ter\u00fcleteken, mint az infrastrukt\u00fara \u00e9s a k\u00f6rnyezetv\u00e9delem.<\/p>\n<p>A fesztiv\u00e1lok \u00e9s az \u00e9telek ezt a kett\u0151ss\u00e9get t\u00fckr\u00f6zik. A Mashramani \u2013 a k\u00f6zt\u00e1rsas\u00e1gi st\u00e1tusz meg\u00fcnnepl\u00e9s\u00e9nek \u00fcnnepe \u2013 idej\u00e9n az utcai felvonul\u00e1sok ac\u00e9lkann\u00e1s zenekarokkal \u00e9s \u00e9l\u00e9nk sz\u00edn\u0171 jelmezekbe \u00f6lt\u00f6z\u00f6tt t\u00e1ncosokkal vannak tele. Tavasszal a Phagwah (vagy Holi) sz\u00ednes porral \u00e9s \u00e9dess\u00e9gekkel bor\u00edtja be a v\u00e1rosokat, m\u00edg a Deepavali est\u00e9ken agyagl\u00e1mp\u00e1sok sorai vil\u00e1g\u00edtanak, a f\u00e9ny s\u00f6t\u00e9ts\u00e9g feletti diadal\u00e1t jelk\u00e9pezve. Minden \u00fcnneps\u00e9g mag\u00e1n viseli az indiai bev\u00e1ndorl\u00f3k lenyomat\u00e1t, akiknek curryvel \u00e9s rotival f\u0171szerezett rizs\u00e9telei borsos p\u00f6rk\u00f6ltekkel \u00e9s mani\u00f3ka keny\u00e9rrel osztoznak az asztalokon, hidat k\u00e9pezve az \u0151si hagyom\u00e1nyok k\u00f6z\u00f6tt.<\/p>\n<p>A mez\u0151gazdas\u00e1g, a b\u00e1ny\u00e1szat \u00e9s az erd\u0151gazd\u00e1lkod\u00e1s alkotta Guyana gazdas\u00e1g\u00e1nak gerinc\u00e9t a 20. sz\u00e1zad nagy r\u00e9sz\u00e9ben. A bauxitb\u00e1ny\u00e1k \u00e9s az aranyb\u00e1ny\u00e1k exportbev\u00e9telt hoztak, m\u00edg a hatalmas teak- \u00e9s z\u00f6ldh\u00e1lyog-erd\u0151k ell\u00e1tt\u00e1k a k\u00fclf\u00f6ldi faanyagpiacokat. Ennek ellen\u00e9re a lakosok 41 sz\u00e1zal\u00e9ka \u00e9lt a szeg\u00e9nys\u00e9gi k\u00fcsz\u00f6b alatt 2017-ben, ami a term\u00e9szeti er\u0151forr\u00e1sok b\u0151s\u00e9ge ellen\u00e9re is szembet\u0171n\u0151 egyenl\u0151tlens\u00e9gekre eml\u00e9keztet.<\/p>\n<p>2015-ben szeizmikus felm\u00e9r\u00e9sek jelent\u0151s mennyis\u00e9g\u0171 tengeri olajtartal\u00e9kot t\u00e1rtak fel. 2019-re a f\u00far\u00f3tornyok kiemelkedtek az Atlanti-\u00f3ce\u00e1nb\u00f3l, \u00e9s 2020-ban az orsz\u00e1g GDP-je nagyj\u00e1b\u00f3l 49 sz\u00e1zal\u00e9kkal n\u0151tt, ami a vil\u00e1g egyik leggyorsabb b\u0151v\u00fcl\u00e9s\u00e9t jelentette. A legfrissebb becsl\u00e9sek szerint a kitermelhet\u0151 tartal\u00e9kok k\u00f6r\u00fclbel\u00fcl 11 milli\u00e1rd hord\u00f3ra r\u00fagnak \u2013 ez elegend\u0151 ahhoz, hogy Guyana 2025-re a legnagyobb egy f\u0151re jut\u00f3 olajtermel\u0151k k\u00f6z\u00e9 ker\u00fclj\u00f6n. Guyana az 1970-es \u00e9vek \u00f3ta a glob\u00e1lis olajtartal\u00e9kok legjelent\u0151sebb kieg\u00e9sz\u00edt\u00e9se, \u00e1talak\u00edtva az \u00e1llami bev\u00e9telekkel, a k\u00fclf\u00f6ldi befektet\u00e9sekkel \u00e9s a region\u00e1lis geopolitik\u00e1val kapcsolatos elv\u00e1r\u00e1sokat.<\/p>\n<p>Az olaj \u00edg\u00e9retes kiakn\u00e1z\u00e1sa s\u00fcrget\u0151 kih\u00edv\u00e1sok k\u00f6zepette val\u00f3sul meg. Egy 2023-as Vil\u00e1gbank-jelent\u00e9s szerint Guyana emberi fejl\u0151d\u00e9si indexe 2015 \u00f3ta javult \u2013 ami a jobb eg\u00e9szs\u00e9g\u00fcgyi, oktat\u00e1si \u00e9s j\u00f6vedelmi mutat\u00f3k jele \u2013, m\u00e9gis sok k\u00f6z\u00f6ss\u00e9gben tov\u00e1bbra is szeg\u00e9nys\u00e9g uralkodik. A fellend\u00fcl\u0151 v\u00e1rosi k\u00f6zpontok, mint p\u00e9ld\u00e1ul Georgetown, \u00e9s a t\u00e1voli vid\u00e9ki ter\u00fcletek k\u00f6z\u00f6tti k\u00fcl\u00f6nbs\u00e9gek egyre sz\u00e9lesednek, mivel az utak, k\u00f3rh\u00e1zak \u00e9s iskol\u00e1k nehezen tudnak l\u00e9p\u00e9st tartani.<\/p>\n<p>A k\u00f6rnyezetv\u00e9delmi aggodalmak s\u00falyosak. A tengeri f\u00far\u00e1sok olajsziv\u00e1rg\u00e1sokat okozhatnak, amelyek elpuszt\u00edthatj\u00e1k a part menti hal\u00e1szatokat \u00e9s a korallz\u00e1tonyokat, m\u00edg a sz\u00e1razf\u00f6ldi fejleszt\u00e9sek behatolhatnak az es\u0151erd\u0151k \u00e9l\u0151helyeibe, amelyek jagu\u00e1roknak, h\u00e1rpi\u00e1knak \u00e9s t\u00f6bb sz\u00e1z orchideafajnak adnak otthont. Ezt felismerve a korm\u00e1ny \u00e9s nemzetk\u00f6zi partnerei elkezdt\u00e9k kidolgozni a fenntarthat\u00f3 kitermel\u00e9sre, a bev\u00e9telek megoszt\u00e1s\u00e1ra \u00e9s a term\u00e9szetv\u00e9delmi \u00f6vezetekre vonatkoz\u00f3 politik\u00e1kat. A bels\u0151 aranymez\u0151kre vezet\u0151 utakat er\u00f3zi\u00f3v\u00e9delemmel \u00e9p\u00edtik, \u00e9s egy \u00e1llami vagyonalap tervei c\u00e9lja, hogy megv\u00e9dje a j\u00f6v\u0151 gener\u00e1ci\u00f3it az olajpiacok volatilit\u00e1s\u00e1val szemben.<\/p>\n<p>Guyana term\u00e9szeti kincsei \u2013 v\u00edzes\u00e9sei, szavann\u00e1i, tepui-szer\u0171 hegyei \u00e9s foly\u00f3h\u00e1l\u00f3zatai \u2013 alternat\u00edv\u00e1t k\u00edn\u00e1lnak az er\u0151forr\u00e1sok kitermel\u00e9s\u00e9vel szemben. Az \u00f6kot\u00fara-szervez\u0151k elkalauzolj\u00e1k a l\u00e1togat\u00f3kat Iwokram\u00e1ba, egy 3700 n\u00e9gyzetkilom\u00e9teres rezerv\u00e1tumba, ahol \u00f3ri\u00e1s hangy\u00e1szok barangolnak, \u00e9s a Kaieteur-v\u00edzes\u00e9shez, ahol egyetlen v\u00edzcsepp 226 m\u00e9tert zuhan egy j\u00e1dez\u00f6ld medenc\u00e9be. A csillagos \u00e9g alatt elfogyasztott t\u00e1bort\u0171z-vacsor\u00e1k csendes besz\u00e9lget\u00e9seket ind\u00edtanak el a term\u00e9szetv\u00e9delemr\u0151l, m\u00edg a kora reggeli t\u00far\u00e1k sor\u00e1n skarl\u00e1tv\u00f6r\u00f6s \u00edbisz csapatok legelnek a foly\u00f3partokon.<\/p>\n<p>A helyi k\u00f6z\u00f6ss\u00e9gek egyre ink\u00e1bb profit\u00e1lnak a turizmusb\u00f3l sz\u00e1rmaz\u00f3 bev\u00e9telekb\u0151l, vend\u00e9gl\u00e1t\u00f3helyeket \u00e9s kultur\u00e1lis m\u0171helyeket k\u00edn\u00e1lva, ahol az amerikai indi\u00e1n k\u00e9zm\u0171vess\u00e9get \u00e9s t\u00f6rt\u00e9neteket osztj\u00e1k meg. Ezek a v\u00e1llalkoz\u00e1sok k\u00e9zzelfoghat\u00f3 \u00f6szt\u00f6nz\u0151ket ny\u00fajtanak az erd\u0151k \u00e9s a v\u00edzi utak v\u00e9delm\u00e9re. Ahogy Guyana \u00faj bev\u00e9teli forr\u00e1sokat fedez fel, az \u00f6koturizmus a kiegyens\u00falyozott n\u00f6veked\u00e9s modelljek\u00e9nt t\u0171nik ki \u2013 olyan modellk\u00e9nt, amely az \u00e9rintetlen \u00f6kosziszt\u00e9m\u00e1kat ugyanolyan fontosnak tartja, mint a gazdas\u00e1gi el\u0151ny\u00f6ket.<\/p>\n<p>Guyana kult\u00far\u00e1ja mag\u00e1n viseli a szerz\u0151d\u00e9ses munka, a rabszolgas\u00e1g, a migr\u00e1ci\u00f3 \u00e9s a csere lenyomat\u00e1t. A soksz\u00edn\u0171 nyugat-afrikai t\u00e1rsadalmakb\u00f3l kiszak\u00edtott rabszolgasorba tasz\u00edtott afrikaiak \u00faj hit- \u00e9s ritu\u00e1l\u00e9mint\u00e1k alakultak ki a brit gyarmati kereteken bel\u00fcl. Lesz\u00e1rmazottaik ma kereszt\u00e9ny \u00fcnnepeket \u00fcnnepelnek, \u00e9s olyan n\u00e9pdalokat \u00e1polnak, amelyek az \u0151si ritmusokat id\u00e9zik. Az emancip\u00e1ci\u00f3 ut\u00e1n szerz\u0151d\u00e9ssel \u00e9rkez\u0151 indiai munk\u00e1sok hindu \u00e9s muszlim hagyom\u00e1nyokat hordoztak, amelyek ma is szerepelnek a napt\u00e1rban, konyh\u00e1ik tele vannak dhallal \u00e9s currys kecskeh\u00fassal, valamint borssal \u00e9s halszeletekkel.<\/p>\n<p>A k\u00ednai \u00e9s portug\u00e1l bev\u00e1ndorl\u00f3k, b\u00e1r kisebb sz\u00e1mban, kulin\u00e1ris \u00e9s kereskedelmi szok\u00e1sokat vezettek be, amelyek besziv\u00e1rogtak a v\u00e1rosokba \u00e9s falvakba. A vegyes h\u00e1zass\u00e1gok \u00e9s a k\u00f6z\u00f6s neh\u00e9zs\u00e9gek miatt vegyes \u00f6r\u00f6ks\u00e9g\u0171 k\u00f6z\u00f6ss\u00e9gek j\u00f6ttek l\u00e9tre, amelyek elmoss\u00e1k az etnikai hat\u00e1rokat. Georgetownban n\u00e9h\u00e1ny h\u00e1zt\u00f6mbnyire el lehet haladni egy szikh templom, egy p\u00fcnk\u00f6sdi templom \u00e9s egy mecset mellett \u2013 a hit \u00e9p\u00edt\u00e9szete a mozgalmak \u00e9s alkalmazkod\u00e1s t\u00f6rt\u00e9net\u00e9b\u0151l fakad.<\/p>\n<p>Guyana sok szempontb\u00f3l hat\u00e1ros vil\u00e1gokkal: d\u00e9l-amerikai f\u00f6ldrajz \u00e9s karibi kult\u00fara, modern olajmez\u0151k \u00e9s \u0151si erd\u0151k, tengerparti metropoliszok \u00e9s bels\u0151 falvak. Sz\u00e9les foly\u00f3i a ny\u00edlt tengerre \u00e9s a kontinens vad sz\u00edv\u00e9be is ny\u00falnak. A fesztiv\u00e1lok \u00c1zsia, Afrika \u00e9s Eur\u00f3pa \u00edzeit \u00e9s hangjait hozz\u00e1k \u00f6ssze, a Warao \u00e9s Macushi n\u00e9pekig visszavezethet\u0151 dobsz\u00f3 k\u00eds\u00e9ret\u00e9ben.<\/p>\n<p>Az orsz\u00e1g \u0151szinte portr\u00e9j\u00e1t keres\u0151 olvas\u00f3k sz\u00e1m\u00e1ra Guyana nem egyszer\u0171 ellent\u00e9tekre \u00e9p\u00fcl. A szavannautak por\u00e1t, az es\u0151erd\u0151k lombkoron\u00e1inak csillog\u00e1s\u00e1t, a tengeri platformok z\u00fcmm\u00f6g\u00e9s\u00e9t \u00e9s a mez\u00edtl\u00e1bas l\u00e1bak alatt avar susog\u00e1s\u00e1t k\u00edn\u00e1lja. N\u00e9pei \u2013 indo-guyanaiak, afro-guyanaiak, amerikai indi\u00e1nok \u00e9s azon t\u00fal \u2013 egy olyan j\u00f6v\u0151t \u00e9p\u00edtenek, amelynek tiszteletben kell tartania mind a gazdas\u00e1gi \u00edg\u00e9reteket, mind az \u00f6kol\u00f3giai korl\u00e1tokat.<\/p>\n<p>A v\u00edz sz\u00e9l\u00e9n, ahol a mangroveerd\u0151k az \u00e1rap\u00e1ly ellen dag\u00e1lnak, a horizonton olajf\u00far\u00f3tornyok \u00e9s hal\u00e1szhaj\u00f3k egyar\u00e1nt felt\u0171nnek. A sz\u00e1razf\u00f6ld belsej\u00e9ben, ahol z\u00f6ld \u00e1rny\u00e9kok h\u00faz\u00f3dnak a naps\u00fct\u00f6tte hegygerincek alatt, b\u0151g\u0151majmok hangja \u00e9s a foly\u00f3partokon sz\u00e1guld\u00f3 gyerekek nevet\u00e9se hallatszik. Ez Guyana: egy f\u00f6ld, amelyet a v\u00edz, az emberek, valamint a fejl\u0151d\u00e9s \u00e9s a meg\u0151rz\u00e9s k\u00e9nyes egyens\u00falya hat\u00e1roz meg.<\/p>","protected":false},"excerpt":{"rendered":"<p>Guyana, formally designated as the\u00a0Co-operative Republic of Guyana, is situated on the northern coastline of\u00a0South America.\u00a0Guyana, with one of the lowest population densities globally, encompasses a geographical area of 214,969 square kilometers, rendering it the third smallest sovereign state by size in continental\u00a0South America, behind\u00a0Uruguay\u00a0and\u00a0Suriname.\u00a0Georgetown, the capital city, is the largest urban center in the country and functions as the political and economic nucleus.<\/p>","protected":false},"author":1,"featured_media":3020,"parent":24096,"menu_order":0,"comment_status":"closed","ping_status":"closed","template":"elementor_theme","meta":{"_eb_attr":"","footnotes":""},"class_list":["post-7331","page","type-page","status-publish","has-post-thumbnail"],"_links":{"self":[{"href":"https:\/\/travelshelper.com\/hu\/wp-json\/wp\/v2\/pages\/7331","targetHints":{"allow":["GET"]}}],"collection":[{"href":"https:\/\/travelshelper.com\/hu\/wp-json\/wp\/v2\/pages"}],"about":[{"href":"https:\/\/travelshelper.com\/hu\/wp-json\/wp\/v2\/types\/page"}],"author":[{"embeddable":true,"href":"https:\/\/travelshelper.com\/hu\/wp-json\/wp\/v2\/users\/1"}],"replies":[{"embeddable":true,"href":"https:\/\/travelshelper.com\/hu\/wp-json\/wp\/v2\/comments?post=7331"}],"version-history":[{"count":0,"href":"https:\/\/travelshelper.com\/hu\/wp-json\/wp\/v2\/pages\/7331\/revisions"}],"up":[{"embeddable":true,"href":"https:\/\/travelshelper.com\/hu\/wp-json\/wp\/v2\/pages\/24096"}],"wp:featuredmedia":[{"embeddable":true,"href":"https:\/\/travelshelper.com\/hu\/wp-json\/wp\/v2\/media\/3020"}],"wp:attachment":[{"href":"https:\/\/travelshelper.com\/hu\/wp-json\/wp\/v2\/media?parent=7331"}],"curies":[{"name":"wp","href":"https:\/\/api.w.org\/{rel}","templated":true}]}}