{"id":7304,"date":"2024-08-25T11:43:52","date_gmt":"2024-08-25T11:43:52","guid":{"rendered":"https:\/\/travelshelper.com\/staging\/?page_id=7304"},"modified":"2026-03-14T00:27:09","modified_gmt":"2026-03-14T00:27:09","slug":"suriname","status":"publish","type":"page","link":"https:\/\/travelshelper.com\/hu\/destinations\/south-america\/suriname\/","title":{"rendered":"Suriname"},"content":{"rendered":"<p>Suriname egy keskeny s\u00e1vot foglal el D\u00e9l-Amerika \u00e9szaki partvid\u00e9ke ment\u00e9n, \u00e9szakr\u00f3l az Atlanti-\u00f3ce\u00e1n, keletr\u0151l Francia Guyana, nyugatr\u00f3l Guyana, d\u00e9lr\u0151l pedig Braz\u00edlia hat\u00e1rolja. 163 820 n\u00e9gyzetkilom\u00e9ter\u00e9t szinte teljes eg\u00e9sz\u00e9ben es\u0151erd\u0151 bor\u00edtja, amely az orsz\u00e1g legnagyobb erd\u0151bor\u00edtotts\u00e1g\u00e1t jelenti. A d\u00e9li h\u00e1torsz\u00e1gban n\u00e9gyzetkilom\u00e9terenk\u00e9nt kevesebb mint h\u00e9t lakos \u00e9l; a lakoss\u00e1g nagy r\u00e9sze a part menti s\u00edks\u00e1gokon koncentr\u00e1l\u00f3dik. A Suriname foly\u00f3 ment\u00e9n, a partt\u00f3l k\u00f6r\u00fclbel\u00fcl t\u00edz kilom\u00e9terre a sz\u00e1razf\u00f6ld belsej\u00e9ben fekv\u0151 Paramaribo az orsz\u00e1g 625 000 lakos\u00e1nak k\u00f6zel fel\u00e9t foglalja el.<\/p>\n<p>Suriname az \u00e9szaki sz\u00e9less\u00e9g 1\u00b0-t\u00f3l 6\u00b0-ig, valamint a nyugati hossz\u00fas\u00e1g 54\u00b0-t\u00f3l 58\u00b0-ig h\u00faz\u00f3dik, \u00e9s k\u00e9t f\u0151 f\u00f6ldrajzi r\u00e9gi\u00f3ra oszlik. Az \u00e9szaki t\u00edz-h\u00fasz kilom\u00e9tert part menti polderek alkotj\u00e1k, amelyeket a gyarmati korszak \u00f3ta g\u00e1takkal v\u00e9dtek \u00e9s lecsapoltak, hogy lehet\u0151v\u00e9 tegy\u00e9k a rizs, a ban\u00e1n \u00e9s m\u00e1s exportn\u00f6v\u00e9nyek termeszt\u00e9s\u00e9t. H\u00e1rom f\u0151 foly\u00f3torkolat \u2013 a Coppename, a Commewijne \u00e9s a Saramacca \u2013 \u00e1rap\u00e1lyos mangrove mocsarakba \u00f6mlik, miel\u0151tt el\u00e9rn\u00e9 a tengert. A sz\u00e1razf\u00f6ld belsej\u00e9ben fokozatosan emelkednek a szavann\u00e1k \u00e9s a hegyvid\u00e9ki gyepek, amelyek a brazil hat\u00e1r ment\u00e9n fekv\u0151 hatalmas vizes \u00e9l\u0151helyeket \u00f6vezik. Ezeken t\u00fal a Guyana-pajzs k\u00e9t alacsony hegyl\u00e1ncot eredm\u00e9nyez: a nyugaton tal\u00e1lhat\u00f3 Bakhuys, k\u00f6z\u00e9pen pedig a Van Asch Van Wijck-hegys\u00e9g. A Julianatop, amely 1286 m\u00e9terrel a tengerszint felett fekszik, Suriname legmagasabb pontja.<\/p>\n<p>Az emberi jelenl\u00e9t a r\u00e9gi\u00f3ban az i. e. negyedik \u00e9vezredre ny\u00falik vissza, amikor az arawak \u00e9s karib k\u00f6z\u00f6ss\u00e9gek alkalmazkodtak a foly\u00f3 menti \u00e9s erdei \u00e9lethez. Az eur\u00f3pai kapcsolatok a tizenhatodik sz\u00e1zadban kezd\u0151dtek, \u00e9s az 1600-as \u00e9vek v\u00e9g\u00e9re a hollandok megszerezt\u00e9k az ir\u00e1ny\u00edt\u00e1st a mai ter\u00fclet nagy r\u00e9sze felett. Cukorn\u00e1d\u00fcltetv\u00e9nyes gazdas\u00e1gk\u00e9nt tartott\u00e1k fenn a gyarmatot, amelyet a rabszolgasorban \u00e9l\u0151 afrikaiak tartottak fenn az 1863-as emancip\u00e1ci\u00f3ig. A rabszolgamunka hanyatl\u00e1sa szerz\u0151d\u00e9ses munk\u00e1sok toborz\u00e1s\u00e1hoz vezetett Brit Indi\u00e1b\u00f3l \u00e9s a Holland Kelet-Indi\u00e1kb\u00f3l; lesz\u00e1rmazottaik csatlakoznak az afrikai, \u0151slakos, k\u00ednai \u00e9s j\u00e1vai sz\u00e1rmaz\u00e1s\u00faakhoz a mai etnikailag pluraliz\u00e1lt t\u00e1rsadalomban. Egyetlen csoport sem haladja meg a lakoss\u00e1g harminc sz\u00e1zal\u00e9k\u00e1t. A hindu \u00e9s muszlim h\u00edvek ar\u00e1nya Amerik\u00e1ban a legmagasabbak k\u00f6z\u00e9 tartozik.<\/p>\n<p>A holland hatalom a huszadik sz\u00e1zadban fejl\u0151d\u00f6tt ki. Suriname 1954-ben auton\u00f3m orsz\u00e1g st\u00e1tuszt kapott a Holland Kir\u00e1lys\u00e1gon bel\u00fcl; a teljes f\u00fcggetlens\u00e9get 1975. november 25-\u00e9n nyerte el. A diplom\u00e1ciai \u00e9s gazdas\u00e1gi kapcsolatok Hollandi\u00e1val tov\u00e1bbra is er\u0151sek. A holland az egyetlen hivatalos nyelv, amelyet a korm\u00e1nyzatban, a kereskedelemben, a m\u00e9di\u00e1ban \u00e9s az oktat\u00e1sban haszn\u00e1lnak. A sranan tongo, egy angol eredet\u0171 kreol nyelv, lingua francak\u00e9nt funkcion\u00e1l. A lakosok k\u00f6r\u00fclbel\u00fcl hatvan sz\u00e1zal\u00e9ka besz\u00e9li anyanyelvk\u00e9nt a hollandot; a legt\u00f6bben iskol\u00e1ztat\u00e1s \u00fatj\u00e1n saj\u00e1t\u00edtj\u00e1k el.<\/p>\n<p>K\u00f6zigazgat\u00e1silag a k\u00f6zt\u00e1rsas\u00e1g t\u00edz ker\u00fcletre oszlik, amelyek mindegyik\u00e9t egy eln\u00f6k \u00e1ltal kinevezett biztos vezeti. Ezek a ker\u00fcletek tov\u00e1bb oszlanak 62 \u00fcd\u00fcl\u0151helyre (ressorten), amelyek viszont falvakb\u00f3l, v\u00e1rosokb\u00f3l \u00e9s v\u00e1rosr\u00e9szekb\u0151l \u00e1llnak. A feloszt\u00e1s t\u00fckr\u00f6zi mind a gyarmati kori \u00fcltetv\u00e9nyeket, mind az \u0151slakosok hat\u00e1rait.<\/p>\n<p>Suriname \u00e9ghajlata eg\u00e9sz \u00e9vben forr\u00f3 \u00e9s p\u00e1r\u00e1s, az \u00e1tlagh\u0151m\u00e9rs\u00e9klet 29 \u00e9s 34 \u00b0C k\u00f6z\u00f6tt, a relat\u00edv p\u00e1ratartalom pedig 80-90 sz\u00e1zal\u00e9k. K\u00e9t es\u0151s \u00e9vszak \u2013 \u00e1prilist\u00f3l augusztusig \u00e9s novembert\u0151l febru\u00e1rig \u2013 v\u00e1ltakozik k\u00e9t r\u00f6videbb sz\u00e1raz id\u0151szakkal. A magas p\u00e1ratartalom ak\u00e1r 6 \u00b0C-kal is fokozhatja az \u00e9rz\u00e9kelt h\u0151s\u00e9get. Az egyenl\u00edt\u0151i naps\u00fct\u00e9s \u00e9s a gyakori viharok buja n\u00f6v\u00e9nyzettel \u00e9s b\u0151s\u00e9ges v\u00edzi utakkal teli t\u00e1jat alkotnak.<\/p>\n<p>A k\u00f6zt\u00e1rsas\u00e1g hat sz\u00e1razf\u00f6ldi \u00f6kor\u00e9gi\u00f3val b\u00fcszk\u00e9lkedhet. A part menti mangroveerd\u0151k Paramaribo k\u00f6zel\u00e9ben mocsaras erd\u0151kk\u00e9 v\u00e1lnak. A sz\u00e1razf\u00f6ld belsej\u00e9ben nedves erd\u0151k bor\u00edtj\u00e1k a Guyana-felf\u00f6ldet \u00e9s az alf\u00f6ldi s\u00edks\u00e1gokat. A d\u00e9li hat\u00e1rvid\u00e9keken szavanna-enkl\u00e1v\u00e9k jelennek meg, \u00e9s elszigetelt homokk\u0151 tepuik t\u00f6rnek \u00e1t a lombkoron\u00e1n. A tud\u00f3sok \u00e9s a term\u00e9szetv\u00e9d\u0151k sz\u00e1m\u00e1ra egyar\u00e1nt szent erd\u0151k az Erd\u00e9szeti T\u00e1j Integrit\u00e1si Index 9,39-es pontsz\u00e1m\u00e1t \u00e9rik el a 10-b\u0151l, ami vil\u00e1gszerte az \u00f6t\u00f6dik legmagasabb. A f\u00f6ldter\u00fclet huszonh\u00e9t sz\u00e1zal\u00e9ka hivatalosan v\u00e9dett rezerv\u00e1tumokon bel\u00fcl fekszik. Csak a K\u00f6z\u00e9p-Suriname Term\u00e9szetv\u00e9delmi Ter\u00fclet 16 000 n\u00e9gyzetkilom\u00e9tert foglal el, ami nagyobb, mint sz\u00e1mos eur\u00f3pai \u00e1llam ter\u00fclete.<\/p>\n<p>A gazdas\u00e1g az \u00e1sv\u00e1nykincsek \u2013 bauxit, arany \u00e9s k\u0151olaj \u2013 exportj\u00e1t\u00f3l f\u00fcgg, amelyet a mez\u0151gazdas\u00e1g is kieg\u00e9sz\u00edt. A bauxitb\u00e1ny\u00e1szat a huszadik sz\u00e1zad k\u00f6zep\u00e9n jelent\u0151s alum\u00ednium\u00e9rc-forr\u00e1ss\u00e1 tette Suriname-ot, m\u00edg az aranykoncesszi\u00f3k a bels\u0151 foly\u00f3kra \u00f6sszpontosulnak. A rizs, a ban\u00e1n \u00e9s a garn\u00e9lar\u00e1k a mez\u0151gazdas\u00e1gi term\u00e9kek k\u00f6z\u00f6tt szerepel. A gazdas\u00e1gi tev\u00e9kenys\u00e9g Paramarib\u00f3ban koncentr\u00e1l\u00f3dik, ahol a kik\u00f6t\u0151i l\u00e9tes\u00edtm\u00e9nyek \u00e9s a feldolgoz\u00f3\u00fczemek mind a belf\u00f6ldi, mind a nemzetk\u00f6zi kereskedelmet szolg\u00e1lj\u00e1k ki.<\/p>\n<p>A k\u00f6zleked\u00e9si infrastrukt\u00fara t\u00fckr\u00f6zi az orsz\u00e1g kih\u00edv\u00e1sokkal teli terepviszonyait. Az \u00f6sszes \u00fath\u00e1l\u00f3zat hossza 4303 kilom\u00e9ter, amelyb\u0151l 1119 kilom\u00e9ter burkolt. A 2000-ben elk\u00e9sz\u00fclt Jules Wijdenbosch h\u00edd Paramaribo k\u00f6zel\u00e9ben \u00edvel \u00e1t a Suriname foly\u00f3n, \u00f6sszek\u00f6tve a f\u0151v\u00e1rost a Commewijne ker\u00fclettel, felv\u00e1ltva egy komp\u00e1tkel\u0151helyet \u00e9s el\u0151seg\u00edtve a metropolisz keleti r\u00e9sz\u00e9nek fejl\u0151d\u00e9s\u00e9t. A forgalom a bal oldali k\u00f6zleked\u00e9st k\u00f6veti, ami a brit megsz\u00e1ll\u00e1s \u00e9s a 18. sz\u00e1zadi holland gyakorlat maradv\u00e1nya. A j\u00e1rm\u0171parkban bal- \u00e9s jobbkorm\u00e1nyos modellek is tal\u00e1lhat\u00f3k. A rep\u00fcl\u00e9s 55 rep\u00fcl\u0151t\u00e9rre t\u00e1maszkodik, amelyek k\u00f6z\u00fcl hat rendelkezik burkolt kifut\u00f3p\u00e1ly\u00e1val. A Johan Adolf Pengel Nemzetk\u00f6zi Rep\u00fcl\u0151t\u00e9r a hossz\u00fa t\u00e1v\u00fa rep\u00fcl\u0151g\u00e9peket \u00e9s a legt\u00f6bb nemzetk\u00f6zi \u00e9rkez\u00e9st fogadja.<\/p>\n<p>A v\u00e1rosi \u00e9let a keskeny tengerparti s\u00edks\u00e1gra koncentr\u00e1l\u00f3dik. Paramaribo t\u00f6rt\u00e9nelmi magja, az UNESCO Vil\u00e1g\u00f6r\u00f6ks\u00e9g r\u00e9sze, fa gyarmati \u00e9p\u00edtm\u00e9nyek h\u00e1l\u00f3zat\u00e1t mutatja be \u2013 neoklasszicista homlokzatok verand\u00e1kkal \u00e9s zsalug\u00e1teres ablakokkal. Itt \u00e1ll a Szent P\u00e9ter \u00e9s P\u00e1l-sz\u00e9kesegyh\u00e1z, amelynek \u00e9p\u00edt\u00e9se 1883-ban kezd\u0151d\u00f6tt egykori sz\u00ednh\u00e1z romjain, \u00e9s vetekszik eur\u00f3pai k\u0151b\u0151l \u00e9p\u00fclt t\u00e1rsaival. A k\u00f6zelben egy mecset \u00e9s egy zsinag\u00f3ga \u00e1ll, k\u00f6z\u00f6s k\u00f6zels\u00e9gben; gy\u00fclekezeteik k\u00f6z\u00f6s parkol\u00f3helyeket biztos\u00edtanak, amikor a vall\u00e1si szertart\u00e1sok egybeesnek. A Wanica ker\u00fcletben tal\u00e1lhat\u00f3, 2001-ben felavatott Arya Diwaker templomban a v\u00e9dikus sz\u00f6vegek feliratai l\u00e1that\u00f3k figurat\u00edv ikonok helyett, t\u00fckr\u00f6zve az Arya Samaj elveit.<\/p>\n<p>A vid\u00e9ki \u00e9s bels\u0151 l\u00e1tnival\u00f3k az amazonasi \u00f6kosziszt\u00e9m\u00e1b\u00f3l sz\u00e1rmaznak. A Brownsberg Term\u00e9szetv\u00e9delmi Park a Brokopondo-v\u00edzt\u00e1roz\u00f3ra n\u00e9z, amelyet a vil\u00e1g egyik legnagyobb v\u00edzer\u0151m\u0171-g\u00e1tja hozott l\u00e9tre. A v\u00edzt\u00e1roz\u00f3n tal\u00e1lhat\u00f3 Tonka-sziget egy \u00f6koturisztikai projektnek ad otthont, amelyet a Saramaccaner Maroon k\u00f6z\u00f6ss\u00e9gek ir\u00e1ny\u00edtanak, akik k\u00e9zzel festett lop\u00f3t\u00f6k t\u00e1lakat \u00e9s d\u00edszes faipari t\u00e1rgyakat is k\u00e9sz\u00edtenek a l\u00e1togat\u00f3k sz\u00e1m\u00e1ra. A Coppename foly\u00f3 szikl\u00e1i \u00e9s zuhatai k\u00f6r\u00e9 \u00e9p\u00fclt Raleighvallen Rezerv\u00e1tum mad\u00e1rmegfigyel\u00e9si lehet\u0151s\u00e9geket k\u00edn\u00e1l; a Blanche Marie \u00e9s a Wonotobo-v\u00edzes\u00e9s m\u00e1s foly\u00f3medreket is kiemel. Az erdei kunyh\u00f3k \u00e9s az amerikai indi\u00e1n falvak kultur\u00e1lis cser\u00e9t tesznek lehet\u0151v\u00e9, mik\u00f6zben betartj\u00e1k a term\u00e9szetv\u00e9delmi ir\u00e1nyelveket.<\/p>\n<p>Suriname k\u00f6z\u00fati biztons\u00e1gi helyzete ellent\u00e9tben \u00e1ll csendes tengerparti v\u00e1rosaival; Paramarib\u00f3ban megn\u0151tt a b\u0171n\u00f6z\u00e9si r\u00e1ta, \u00e9s egyre gyakrabban fordul el\u0151 fegyveres rabl\u00e1s. Az Egyes\u00fclt \u00c1llamok K\u00fcl\u00fcgyminiszt\u00e9riuma az utaz\u00e1si kock\u00e1zatot 1. szint\u0171nek min\u0151s\u00edti: a szok\u00e1sos \u00f3vint\u00e9zked\u00e9seket be kell tartani.<\/p>\n<p>A demogr\u00e1fiai trendek folyamatos n\u00f6veked\u00e9st mutatnak a 2012-es n\u00e9psz\u00e1ml\u00e1l\u00e1s \u00f3ta, amely 541 638 f\u0151t tett ki. 2022-ben az ENSZ becsl\u00e9sei szerint a lakoss\u00e1g sz\u00e1ma megk\u00f6zel\u00edtette a 624 900-at. A part ment\u00e9n tov\u00e1bbra is fenn\u00e1ll az urbaniz\u00e1ci\u00f3; a lakosok k\u00f6zel kilencven sz\u00e1zal\u00e9ka Paramarib\u00f3ban vagy a szomsz\u00e9dos telep\u00fcl\u00e9seken \u00e9l.<\/p>\n<p>A diplom\u00e1ciai kapcsolatok k\u00f6z\u00e9 tartozik a Karibi K\u00f6z\u00f6ss\u00e9gben (CARICOM), az Iszl\u00e1m Egy\u00fcttm\u0171k\u00f6d\u00e9si Szervezetben, az Amerikai \u00c1llamok Szervezet\u00e9ben \u00e9s az Egyes\u00fclt Nemzetek Szervezet\u00e9ben val\u00f3 tags\u00e1g. Ezek a kapcsolatok Suriname szer\u00e9ny m\u00e9ret\u00e9n t\u00falra is kiterjesztik hat\u00f3k\u00f6r\u00e9t, lehet\u0151v\u00e9 t\u00e9ve a r\u00e9szv\u00e9telt a region\u00e1lis gazdas\u00e1gi \u00e9s kultur\u00e1lis cser\u00e9kben.<\/p>\n<p>Kis n\u00e9pess\u00e9ge ellen\u00e9re Suriname b\u0151s\u00e9ges term\u00e9szeti kincsei \u00e9s kultur\u00e1lis soksz\u00edn\u0171s\u00e9ge egy r\u00e9tegzett nemzeti narrat\u00edv\u00e1t alkot. A gyarmati \u00fcltetv\u00e9nyekt\u0151l \u00e9s a v\u00e1ndorl\u00f3 munkaer\u0151t\u0151l az es\u0151erd\u0151-rezerv\u00e1tumokig \u00e9s a modern infrastrukt\u00far\u00e1ig a k\u00f6zt\u00e1rsas\u00e1g tov\u00e1bbra is a tart\u00f3s ellent\u00e9tek t\u00e1jk\u00e9pe. S\u0171r\u0171 erdei \u00e9s lass\u00fa foly\u00f3i az \u0151si amerikai indi\u00e1n \u00e9let \u00e9s a glob\u00e1lis kereskedelem, a tr\u00f3pusi \u00e9ghajlat \u00e9s a mesters\u00e9ges polder, a t\u00f6bbnemzetis\u00e9g\u0171 t\u00e1rsadalom \u00e9s az egyed\u00fcl\u00e1ll\u00f3 \u00e1llamis\u00e1g k\u00f6lcs\u00f6nhat\u00e1s\u00e1nak tan\u00fai. Suriname egyszerre t\u00e1voli \u00e9s \u00f6sszekapcsolt, az \u00f6kol\u00f3giai integrit\u00e1s \u00e9s az emberi komplexit\u00e1s let\u00e9tem\u00e9nyese D\u00e9l-Amerika \u00e9szaki partj\u00e1n.<\/p>","protected":false},"excerpt":{"rendered":"<p>Suriname, a little nation on the northeastern coast of South America, offers a unique mix of cultures, unspoiled environment, and welcoming hospitality. For those looking for real experiences and unspoiled beauty, this hidden treasure is fast rising as a must-see.<\/p>","protected":false},"author":1,"featured_media":4488,"parent":24096,"menu_order":0,"comment_status":"closed","ping_status":"closed","template":"elementor_theme","meta":{"_eb_attr":"","footnotes":""},"class_list":["post-7304","page","type-page","status-publish","has-post-thumbnail"],"_links":{"self":[{"href":"https:\/\/travelshelper.com\/hu\/wp-json\/wp\/v2\/pages\/7304","targetHints":{"allow":["GET"]}}],"collection":[{"href":"https:\/\/travelshelper.com\/hu\/wp-json\/wp\/v2\/pages"}],"about":[{"href":"https:\/\/travelshelper.com\/hu\/wp-json\/wp\/v2\/types\/page"}],"author":[{"embeddable":true,"href":"https:\/\/travelshelper.com\/hu\/wp-json\/wp\/v2\/users\/1"}],"replies":[{"embeddable":true,"href":"https:\/\/travelshelper.com\/hu\/wp-json\/wp\/v2\/comments?post=7304"}],"version-history":[{"count":0,"href":"https:\/\/travelshelper.com\/hu\/wp-json\/wp\/v2\/pages\/7304\/revisions"}],"up":[{"embeddable":true,"href":"https:\/\/travelshelper.com\/hu\/wp-json\/wp\/v2\/pages\/24096"}],"wp:featuredmedia":[{"embeddable":true,"href":"https:\/\/travelshelper.com\/hu\/wp-json\/wp\/v2\/media\/4488"}],"wp:attachment":[{"href":"https:\/\/travelshelper.com\/hu\/wp-json\/wp\/v2\/media?parent=7304"}],"curies":[{"name":"wp","href":"https:\/\/api.w.org\/{rel}","templated":true}]}}