{"id":7291,"date":"2024-08-25T11:17:05","date_gmt":"2024-08-25T11:17:05","guid":{"rendered":"https:\/\/travelshelper.com\/staging\/?page_id=7291"},"modified":"2026-03-14T00:15:32","modified_gmt":"2026-03-14T00:15:32","slug":"caracas","status":"publish","type":"page","link":"https:\/\/travelshelper.com\/hu\/destinations\/south-america\/venezuela\/caracas\/","title":{"rendered":"Caracas"},"content":{"rendered":"<p>Santiago de Le\u00f3n de Caracas egy keskeny hasad\u00e9kban fekszik a Guaire foly\u00f3 ment\u00e9n, Venezuela \u00e9szaki r\u00e9sz\u00e9n. Az 1567-ben alap\u00edtott v\u00f6lgy a Venezuelai Parti-hegys\u00e9g egy kis r\u00e9sz\u00e9n fekszik, amelyet \u00e9szakr\u00f3l egy 2200 m\u00e9teres gerinc koron\u00e1z a Cerro El \u00c1vila, d\u00e9lr\u0151l pedig hull\u00e1mz\u00f3 dombok szeg\u00e9lyeznek. A v\u00f6lgy egyenetlen talaja 870 \u00e9s 1043 m\u00e9ter tengerszint feletti magass\u00e1gban helyezkedik el, \u00edgy t\u00f6rt\u00e9nelmi magja \u2013 a Bol\u00edvar t\u00e9ren tal\u00e1lhat\u00f3 katedr\u00e1lis k\u00f6r\u00fcl \u2013 k\u00f6zel 900 m\u00e9terrel fekszik. A gyarmati r\u00e1cson t\u00fal a szintvonalak meredekebbek, a hegygerincek k\u00f6z\u00f6tti r\u00e9sek pedig hirtelen kil\u00e1t\u00e1st ny\u00fajtanak a Karib-t\u00e9rs\u00e9gre, amely mind\u00f6ssze 15 kilom\u00e9terre van, m\u00e9gis s\u0171r\u0171 erd\u0151 \u00e9s meredek szikla v\u00e1lasztja el.<\/p>\n<p>A v\u00f6lgy szab\u00e1lytalan k\u00f6rvonalai a v\u00e1rosi n\u00f6veked\u00e9st zsebekbe \u00e9s szalagokba terelt\u00e9k, amelyek a v\u00edzi utakhoz kapaszkodnak, vagy a hegygerincek k\u00f6z\u00e9 pr\u00e9sel\u0151dnek. A gyors demogr\u00e1fiai n\u00f6veked\u00e9s a telep\u00fcl\u00e9seket a lejt\u0151kre k\u00e9nyszer\u00edtette, ahol a hegyoldali csoportosul\u00e1sok \u2013 a helyiek \u00e1ltal ranch\u00f3knak nevezett telep\u00fcl\u00e9sek \u2013 inform\u00e1lis szinteken emelkednek. Keskeny s\u00e1vjaik k\u00f6vetik a terep vonalait, szab\u00e1lytalan t\u00f6mb\u00f6ket hozva l\u00e9tre, amelyek ellent\u00e9tben \u00e1llnak az alattuk elter\u00fcl\u0151 egyenes utakkal. A lakosok nagyj\u00e1b\u00f3l 45 sz\u00e1zal\u00e9ka lakik ma ilyen telep\u00fcl\u00e9seken, amelyek Nagy-Caracasnak csak egynegyed\u00e9t foglalj\u00e1k el, m\u00e9gis foltozott h\u00e1ztet\u0151kkel \u00e9s kanyarg\u00f3s gyalogutakkal alak\u00edtj\u00e1k l\u00e1tk\u00e9p\u00e9t.<\/p>\n<p>A v\u00e1ros alatt a k\u00e9s\u0151 kr\u00e9ta korban lerak\u00f3dott metamorf k\u0151zet alkotja a v\u00f6lgy alapk\u0151zet\u00e9t. Az El \u00c1vila felsz\u00edni patakjai t\u00e1pl\u00e1lj\u00e1k a Guaire foly\u00f3t, amely kelet fel\u00e9 kanyarog a Tuy-medenc\u00e9be. K\u00e9t v\u00edzt\u00e1roz\u00f3 \u2013 a La Mariposa \u00e9s a Camatagua \u2013 biztos\u00edtja a v\u00e1rosi v\u00edzell\u00e1t\u00e1s nagy r\u00e9sz\u00e9t, b\u00e1r maga a Guaire r\u00e9g\u00f3ta szennyezett \u00e9s id\u0151szakos \u00e1rad\u00e1sok \u00e1ldozata.<\/p>\n<p>Caracast \u00e9vsz\u00e1zadokon \u00e1t r\u00e1zt\u00e1k meg szeizmikus reng\u00e9sek; az 1641-es \u00e9s 1967-es f\u00f6ldreng\u00e9sek arra eml\u00e9keztetik a lakosokat, hogy a part menti kordiller\u00e1k tektonikus nyom\u00e1s alatt megrepednek. A hegyek azonban id\u0151nk\u00e9nt pozit\u00edvumokat is rejtenek magukban: a heves es\u0151z\u00e9sek buja k\u00f6derd\u0151ket t\u00e1pl\u00e1lnak a lejt\u0151k\u00f6n, a gr\u00e1nitkib\u00fav\u00e1sok pedig t\u00fara\u00fatvonalakat k\u00edn\u00e1lnak, amelyek \u00e9les ellent\u00e9tben \u00e1llnak az alattuk elter\u00fcl\u0151 v\u00e1rosi utc\u00e1kkal.<\/p>\n<p>B\u00e1r a tr\u00f3pusokon fekszik, Caracas id\u0151j\u00e1r\u00e1s\u00e1t a tengerszint feletti magass\u00e1g m\u00e9rs\u00e9kli. Az \u00e9ves csapad\u00e9kmennyis\u00e9g az alacsonyabban fekv\u0151 ter\u00fcleteken \u00e1tlagosan 900 \u00e9s 1300 millim\u00e9ter k\u00f6z\u00f6tt mozog, a hegyoldalakon pedig ak\u00e1r 2000 millim\u00e9terre is emelkedhet. A h\u0151m\u00e9rs\u00e9klet egy sz\u0171k, 2,8 \u00b0C-os s\u00e1vban ingadozik: a janu\u00e1ri minimumh\u0151m\u00e9rs\u00e9klet \u00e1tlagosan 21,7 \u00b0C, a m\u00e1jusi maximumh\u0151m\u00e9rs\u00e9klet pedig 24,5 \u00b0C. Az \u00e9jszak\u00e1k hirtelen leh\u0171lhetnek \u2013 k\u00fcl\u00f6n\u00f6sen decemberben \u00e9s janu\u00e1rban \u2013, amikor egy k\u00f6d\u00f6s, h\u0171v\u00f6s r\u00e9teg, amelyet a helyiek Pacheco n\u00e9ven ismernek, 8 \u00b0C al\u00e1 s\u00fcllyesztheti a h\u0151m\u00e9r\u0151k h\u0151m\u00e9rs\u00e9klet\u00e9t. A j\u00e9ges\u0151 ritka; a viharok j\u00faniust\u00f3l okt\u00f3berig gyakoribbak, amelyeket a v\u00f6lgyek bez\u00e1r\u00f3d\u00e1sa \u00e9s az orogr\u00e1fiai emelked\u00e9s okoz.<\/p>\n<p>A 2011-es n\u00e9psz\u00e1ml\u00e1l\u00e1s k\u00f6zel 1,9 milli\u00f3 lakost regisztr\u00e1lt a f\u0151v\u00e1rosi k\u00f6rzetben, m\u00edg a nagyv\u00e1rosi k\u00f6rzet \u2013 Gran Caracas \u2013 lakoss\u00e1ga abban az \u00e9vben el\u00e9rte a k\u00f6zel 3 milli\u00f3t, \u00e9s m\u00e1ra megk\u00f6zel\u00edti az 5 milli\u00f3t. A lakosok t\u00f6bbs\u00e9ge vegyes \u00f6r\u00f6ks\u00e9ggel rendelkezik: az eur\u00f3pai, az \u0151slakos \u00e9s az afrikai sz\u00e1rmaz\u00e1s keveredik a mindennapi \u00e9letben. Az afro-venezuelai k\u00f6z\u00f6ss\u00e9gek jellegzetes zen\u00e9t \u00e9s konyh\u00e1t \u00e1polnak, mik\u00f6zben a 20. sz\u00e1zadi bev\u00e1ndorl\u00f3k hull\u00e1mai \u2013 Spanyolorsz\u00e1gb\u00f3l, Portug\u00e1li\u00e1b\u00f3l, Olaszorsz\u00e1gb\u00f3l, a K\u00f6zel-Keletr\u0151l, K\u00edn\u00e1b\u00f3l, N\u00e9metorsz\u00e1gb\u00f3l \u00e9s m\u00e1s orsz\u00e1gokb\u00f3l \u2013 a nyelv, a hit \u00e9s a fesztiv\u00e1lok \u00faj r\u00e9tegeit adt\u00e1k hozz\u00e1. Ezek a hat\u00e1sok \u00e1thatj\u00e1k a helyi gasztron\u00f3mi\u00e1t, az andal\u00faz st\u00edlus\u00fa tapasokt\u00f3l a libanoni s\u00fctem\u00e9nyeken \u00e1t a kelet-\u00e1zsiai utcai \u00e9telekig.<\/p>\n<p>A gazdas\u00e1gi neh\u00e9zs\u00e9gek azonban a lakoss\u00e1g t\u00f6bb mint fel\u00e9t \u00e9rintik. 2020-ra a legszeg\u00e9nyebb 55 sz\u00e1zal\u00e9k nyomornegyedekben \u00e9lt a f\u00f6ldter\u00fclet egyharmad\u00e1n, ahol az instabil lejt\u0151k \u00e9s a minim\u00e1lis szolg\u00e1ltat\u00e1sok feler\u0151s\u00edtik a kock\u00e1zatot. Ennek ellen\u00e9re az inform\u00e1lis piacok vir\u00e1goznak; a keskeny sik\u00e1torok ment\u00e9n tal\u00e1lhat\u00f3 standok friss term\u00e9keket \u00e9s k\u00e9zm\u0171ves term\u00e9keket \u00e1rulnak, a k\u00f6z\u00f6ss\u00e9gi k\u00f6zpontok pedig vizet \u00e9s \u00e1ramot biztos\u00edtanak, amikor a v\u00e1rosi rendszerek akadoznak.<\/p>\n<p>Caracas Venezuela szolg\u00e1ltat\u00f3 szektor\u00e1nak k\u00f6zpontja. Az irodatornyok El Rosalban \u00e9s Las Mercedesben, lak\u00f3bankok, tan\u00e1csad\u00f3 c\u00e9gek \u00e9s bev\u00e1s\u00e1rl\u00f3k\u00f6zpontok t\u00f6m\u00f6r\u00fclnek. A caracasi t\u0151zsde \u00e9s a Petr\u00f3leos de Venezuela (PDVSA) \u00e1llami olajt\u00e1rsas\u00e1g k\u00f6zpontja a belv\u00e1rosban tal\u00e1lhat\u00f3. A PDVSA t\u00e1rgyalja az \u00f6sszes exportmeg\u00e1llapod\u00e1st, \u00e9s tov\u00e1bbra is az orsz\u00e1g legnagyobb v\u00e1llalata. Az Empresas Polar, egy mag\u00e1nk\u00e9zben l\u00e9v\u0151 \u00e9lelmiszer- \u00e9s italgy\u00e1rt\u00f3 konglomer\u00e1tum, szint\u00e9n jelent\u0151s l\u00e9tes\u00edtm\u00e9nyeket \u00fczemeltet a k\u00f6zelben.<\/p>\n<p>A nagyv\u00e1rosok perem\u00e9n tov\u00e1bbra is fennmaradt a gy\u00e1rt\u00e1s: textilgy\u00e1rak, vegyi \u00fczemek, b\u0151rgy\u00e1rak \u00e9s cementgy\u00e1rak szeg\u00e9lyezik a f\u0151utakat. Kis m\u0171helyek b\u00fatorokat, gumi\u00e1rukat \u00e9s feldolgozott \u00e9lelmiszereket gy\u00e1rtanak. A geopolitikai v\u00e1ltoz\u00e1sok \u00e9s az infl\u00e1ci\u00f3 azonban cs\u00f6kkentett\u00e9k a nomin\u00e1lis termel\u00e9st. A valuta\u00e1rfolyam-v\u00e1ltoz\u00e1sok el\u0151tt Caracas GDP-je k\u00f6zel 70 milli\u00e1rd USD volt, az egy f\u0151re jut\u00f3 v\u00e1s\u00e1rl\u00f3er\u0151vel korrig\u00e1lt \u00e9rt\u00e9k pedig k\u00f6r\u00fclbel\u00fcl 24 000 USD volt. B\u00e1r egy 2009-es ENSZ-index a helyi meg\u00e9lhet\u00e9si k\u00f6lts\u00e9geket a New York-iak 89 sz\u00e1zal\u00e9k\u00e1ra becs\u00fclte, ez a viszony\u00edt\u00e1si alap egy 2003-as \u00e1rfolyamot haszn\u00e1lt, \u00e9s figyelmen k\u00edv\u00fcl hagyta a k\u00f6zelm\u00faltbeli \u00e1remelked\u00e9seket.<\/p>\n<p>A turizmus tov\u00e1bbra is szer\u00e9ny. 2013-ban egy Vil\u00e1ggazdas\u00e1gi F\u00f3rum felm\u00e9r\u00e9s Venezuel\u00e1t rangsorolta a legrosszabbul a l\u00e1togat\u00f3knak sz\u00f3l\u00f3 glob\u00e1lis marketing ter\u00e9n \u2013 ami a korl\u00e1tozott k\u00f6zleked\u00e9si lehet\u0151s\u00e9geket, a magas b\u0171n\u00f6z\u00e9si r\u00e1t\u00e1t \u00e9s a helyiek bizonytalan hozz\u00e1\u00e1ll\u00e1s\u00e1t t\u00fckr\u00f6zi. Abban az \u00e9vben a korm\u00e1ny 173,8 milli\u00f3 bol\u00edvart k\u00fcl\u00f6n\u00edtett el turizmusra, ami az ifj\u00fas\u00e1gi \u00e9s v\u00e9delmi k\u00f6lts\u00e9gvet\u00e9s t\u00f6red\u00e9ke. Ennek ellen\u00e9re az olyan kezdem\u00e9nyez\u00e9sek, mint a Hotel Alba Caracas, a sz\u00e1ll\u00e1shelyek korszer\u0171s\u00edt\u00e9s\u00e9t c\u00e9lozt\u00e1k. Az \u00e9ves l\u00e1togat\u00f3i bev\u00e9tel a GDP kevesebb mint 4 sz\u00e1zal\u00e9k\u00e1t teszi ki, b\u00e1r a 2022-re vonatkoz\u00f3 el\u0151rejelz\u00e9sek enyhe n\u00f6veked\u00e9st ir\u00e1nyoztak el\u0151.<\/p>\n<p>Caracas k\u00f6ztudottan Venezuela kultur\u00e1lis k\u00f6zpontja. A gal\u00e9ri\u00e1k a templomokban tal\u00e1lhat\u00f3 gyarmati vall\u00e1si m\u0171v\u00e9szett\u0151l a D\u00e9l-Amerika egyik legkiemelked\u0151bb Kort\u00e1rs M\u0171v\u00e9szeti M\u00fazeum\u00e1nak avantg\u00e1rd gy\u0171jtem\u00e9nyeiig terjednek. A sz\u00ednh\u00e1zi t\u00e1rsulatok rendszeresen megt\u00f6ltik a belv\u00e1rosi helysz\u00edneket, m\u00edg a Sabana Grande-i mag\u00e1ngal\u00e9ri\u00e1k felt\u00f6rekv\u0151 fest\u0151k alkot\u00e1sait mutatj\u00e1k be. Az \u00e9ttermek a csal\u00e1di k\u00e9zben l\u00e9v\u0151 arepa boltokt\u00f3l a sz\u00e1llodatornyokban tal\u00e1lhat\u00f3 fine dining \u00e9ttermekig terjednek. A bev\u00e1s\u00e1rl\u00f3k\u00f6zpontok \u2013 amelyek egykor \u00fajdons\u00e1gnak sz\u00e1m\u00edtottak \u2013 ma a k\u00fclv\u00e1rosokban tal\u00e1lhat\u00f3k, a m\u00e1rk\u00e1s \u00fczleteket k\u00e9zm\u0171ves standokkal \u00f6tv\u00f6zve.<\/p>\n<p>A k\u00f6zterek a Plaza Venezuela \u00e9s a Bol\u00edvar t\u00e9r k\u00f6r\u00fcl koncentr\u00e1l\u00f3dnak. A turist\u00e1k gyakran meg\u00e1llnak a katedr\u00e1lis neoklasszicista homlokzat\u00e1n\u00e1l, majd a Los Caobos fasorral szeg\u00e9lyezett sug\u00e1r\u00fatjain s\u00e9t\u00e1lnak, ahol a sz\u00e1zadk\u00f6zepi \u00e9p\u00edt\u00e9szet koncerttermeknek \u00e9s m\u00fazeumoknak ad otthont. A t\u00f6megek ellen\u00e9re a v\u00e1rosi z\u00f6ldter\u00fcletek, mint p\u00e9ld\u00e1ul a Simon Bolivar Park, kerti teraszokat \u00e9s kocog\u00f3utakat k\u00edn\u00e1lnak f\u00fcge- \u00e9s jacarandaf\u00e1k k\u00f6z\u00f6tt.<\/p>\n<p>A korl\u00e1tozott s\u00edk terep felfel\u00e9 \u00e9p\u00edtkez\u00e9st k\u00e9nyszer\u00edtett ki. A Parque Central ikertornyai, Latin-Amerika legmagasabbjai k\u00f6z\u00e9 tartoznak, elt\u00f6rp\u00fclnek a k\u00f6rnyez\u0151 t\u00f6mb\u00f6k mellett. A toronyh\u00e1zak a kulcsfontoss\u00e1g\u00fa folyos\u00f3k ment\u00e9n h\u00faz\u00f3dnak, a nyitott udvarokat tet\u0151teraszokra \u00e9s t\u00e1voli hegyi kil\u00e1t\u00e1sra cser\u00e9lve.<\/p>\n<p>A torl\u00f3d\u00e1sok enyh\u00edt\u00e9se \u00e9rdek\u00e9ben a tervez\u0151k kib\u0151v\u00edtett\u00e9k a Metro de Caracast az 1983-as megnyit\u00e1sa \u00f3ta. N\u00e9gy f\u0151 vonal jelenleg 47 \u00e1llom\u00e1st \u00e9r el, naponta k\u00f6r\u00fclbel\u00fcl k\u00e9tmilli\u00f3 utast sz\u00e1ll\u00edtva. A b\u0151v\u00edtm\u00e9nyek a Los Teques metr\u00f3vonalhoz kapcsol\u00f3dnak, \u00e9s a Guarenas-Guatire rendszerhez csatlakoznak, kiterjesztve az el\u00e9r\u00e9st a szomsz\u00e9dos \u00e1llamokra.<\/p>\n<p>A felsz\u00edni bek\u00f6t\u0151utak \u2013 a Metrob\u00fas \u00e9s a BusCaracas \u2013 a metr\u00f3csom\u00f3pontokt\u00f3l a f\u00f6ldalatti vonalak sz\u00e1m\u00e1ra alkalmatlan v\u00e1rosr\u00e9szekbe \u00e1gaznak el. 2010-ben a Metrocable k\u00e1belvasutakat vezetett be a meredek nyomornegyedekbe, megk\u00f6nny\u00edtve a hozz\u00e1f\u00e9r\u00e9st azokhoz a helyekhez, ahol a buszok nem tudnak felmenni. Tov\u00e1bbi f\u00fcgg\u0151 villamosok \u00e9s k\u00e1belutak jelennek meg a javaslatokban, amelyek a hegyoldali telep\u00fcl\u00e9sek teljesebb integr\u00e1l\u00e1s\u00e1t c\u00e9lozz\u00e1k.<\/p>\n<p>A Tuy-v\u00f6lgy\u00f6n vas\u00fatvonalak szelik \u00e1t az ing\u00e1z\u00f3kat Charallave-b\u00f3l \u00e9s C\u00fa\u00e1b\u00f3l Ezequiel Zamora \u00e1llom\u00e1sra. A Maiquet\u00eda nemzetk\u00f6zi rep\u00fcl\u0151t\u00e9r h\u00fasz kilom\u00e9terre \u00e9szakra tal\u00e1lhat\u00f3; a Caracasb\u00f3l \u00e9rkez\u0151 forgalmat k\u00f6zutak terelik egy kusza aut\u00f3p\u00e1lya-h\u00e1l\u00f3zaton kereszt\u00fcl, amely La Guair\u00e1t, a Tuy r\u00e9gi\u00f3t \u00e9s K\u00f6z\u00e9p-Venezuel\u00e1t is \u00f6sszek\u00f6ti. A K\u00f6zponti Region\u00e1lis \u00e9s a Gran Mariscal de Ayacucho aut\u00f3p\u00e1ly\u00e1k k\u00f6z\u00f6tt tervezett \u00f6sszek\u00f6ttet\u00e9s c\u00e9lja, hogy a v\u00e1ros k\u00f6r\u00fcl elterelje az orsz\u00e1gon \u00e1t\u00edvel\u0151 forgalmat, cs\u00f6kkentve a v\u00f6lgy belsej\u00e9nek terhel\u00e9s\u00e9t.<\/p>\n<p>A v\u00e1rosrendez\u0151k egyens\u00falyt teremtenek az \u00f6r\u00f6k\u00f6lt gyarmati h\u00e1l\u00f3zatok \u00e9s a terepvez\u00e9relt n\u00f6veked\u00e9s k\u00f6z\u00f6tt. A 19. sz\u00e1zadi projektekb\u0151l megmaradt sz\u00e9les sug\u00e1rutak a kereskedelmi negyedek gerinc\u00e9t alkotj\u00e1k, m\u00edg a hegyoldali utc\u00e1k organikus \u00edveket tartanak fenn. A magasabban fekv\u0151 v\u00e1rosr\u00e9szek h\u0171v\u00f6sebb h\u0151m\u00e9rs\u00e9kletb\u0151l \u00e9s tiszt\u00e1bb leveg\u0151b\u0151l profit\u00e1lnak, de f\u00f6ldcsuszaml\u00e1sokkal \u00e9s foltszer\u0171 infrastrukt\u00far\u00e1val k\u00fczdenek.<\/p>\n<p>Ahogy Nagy-Caracas a szatellit v\u00e1rosok fel\u00e9 terjeszkedik, egyetlen nagyv\u00e1rosi kiterjed\u00e9s alakult ki. A jelenlegi kih\u00edv\u00e1sok k\u00f6z\u00e9 tartozik a hegyoldali telep\u00fcl\u00e9sek formaliz\u00e1l\u00e1sa, a k\u00f6zm\u0171vek korszer\u0171s\u00edt\u00e9se \u00e9s a t\u00f6megk\u00f6zleked\u00e9s b\u0151v\u00edt\u00e9se. A gazdas\u00e1gi volatilit\u00e1s \u00e9s a politikai v\u00e1ltoz\u00e1sok bonyol\u00edtj\u00e1k a hossz\u00fa t\u00e1v\u00fa beruh\u00e1z\u00e1sokat, mik\u00f6zben a civil csoportok \u00e9s a t\u00e1rsadalmi v\u00e1llalkoz\u00e1sok tesztelik az alacsony k\u00f6lts\u00e9g\u0171 lakhat\u00e1st, a k\u00f6z\u00f6ss\u00e9gi kerteket \u00e9s a mikroh\u00e1l\u00f3zatokat a v\u00edz- \u00e9s \u00e1ramell\u00e1t\u00e1s \u00e9rdek\u00e9ben.<\/p>\n<p>Caracas a hegyek \u00e9s a tenger k\u00f6z\u00f6tt h\u00faz\u00f3d\u00f3 \u00f6sv\u00e9nyt h\u00faz\u00f3dik, t\u00f6rt\u00e9nelm\u00e9t gyarmati terek, modern tornyok \u00e9s rozoga lejt\u0151k jellemzik. \u00c9ghajlata a tr\u00f3pusi elv\u00e1r\u00e1soknak ellentmond a magass\u00e1gt\u00f3l enyh\u00e9bb h\u0151m\u00e9rs\u00e9klettel, m\u00edg v\u00f6lgyei a telep\u00fcl\u00e9seket \u00e9s a k\u00f6zleked\u00e9si h\u00e1l\u00f3zatokat egyar\u00e1nt meghat\u00e1rozz\u00e1k.<\/p>\n<p>A m\u00fazeumokban \u00e9s sz\u00ednh\u00e1zakban vir\u00e1gzik a kultur\u00e1lis \u00e9let, m\u00e9g akkor is, ha a gazdas\u00e1gi neh\u00e9zs\u00e9gek alak\u00edtj\u00e1k a mindennapi rutint. Az elm\u00falt \u00e9vtizedekben a metr\u00f3vonalak \u00e9s a k\u00e1belvasutak egyre magasabbra \u00e9rtek, egyetlen eg\u00e9ssz\u00e9 k\u00f6tve \u00f6ssze a k\u00fcl\u00f6nb\u00f6z\u0151 negyedeket. \u00c9s b\u00e1r az inform\u00e1lis lakhat\u00e1s m\u00e9g mindig jellemzi a domboldalakat, a k\u00f6z\u00f6ss\u00e9gek integr\u00e1ci\u00f3j\u00e1ra ir\u00e1nyul\u00f3 er\u0151fesz\u00edt\u00e9sek egy sz\u00e9lesebb k\u00f6r\u0171 hozz\u00e1f\u00e9r\u00e9st \u00e9s \u00f6sszekapcsol\u00f3d\u00e1st \u00edg\u00e9r\u0151 j\u00f6v\u0151t sugallnak.<\/p>\n<p>Caracas tov\u00e1bbra is a kontrasztok v\u00e1rosa: egyszerre nemzeti idegk\u00f6zpont \u00e9s helyi v\u00e1rosr\u00e9szek mozaikja, melyet kavicsos utc\u00e1k \u00e9s panor\u00e1m\u00e1s cs\u00facsok, sz\u00e9kesegyh\u00e1zak harangjai \u00e9s a metr\u00f3vonatok z\u00fcmm\u00f6g\u00e9se form\u00e1lnak. T\u00f6rt\u00e9nete minden kanyarg\u00f3s utc\u00e1ban ott \u00e9l, v\u00e1rva, hogy minden l\u00e1togat\u00f3 meghallgassa.<\/p>","protected":false},"excerpt":{"rendered":"<p>Caracas, the capital of Venezuela, presents a fascinating juxtaposition of urban vitality and cultural depth that frequently astonishes its visitors. For those who are ready to look further, this busy city offers a fascinating experience even though many tourists visiting Venezuela mostly choose other cities.<\/p>","protected":false},"author":1,"featured_media":4628,"parent":7237,"menu_order":0,"comment_status":"closed","ping_status":"closed","template":"elementor_theme","meta":{"_eb_attr":"","footnotes":""},"class_list":["post-7291","page","type-page","status-publish","has-post-thumbnail"],"_links":{"self":[{"href":"https:\/\/travelshelper.com\/hu\/wp-json\/wp\/v2\/pages\/7291","targetHints":{"allow":["GET"]}}],"collection":[{"href":"https:\/\/travelshelper.com\/hu\/wp-json\/wp\/v2\/pages"}],"about":[{"href":"https:\/\/travelshelper.com\/hu\/wp-json\/wp\/v2\/types\/page"}],"author":[{"embeddable":true,"href":"https:\/\/travelshelper.com\/hu\/wp-json\/wp\/v2\/users\/1"}],"replies":[{"embeddable":true,"href":"https:\/\/travelshelper.com\/hu\/wp-json\/wp\/v2\/comments?post=7291"}],"version-history":[{"count":0,"href":"https:\/\/travelshelper.com\/hu\/wp-json\/wp\/v2\/pages\/7291\/revisions"}],"up":[{"embeddable":true,"href":"https:\/\/travelshelper.com\/hu\/wp-json\/wp\/v2\/pages\/7237"}],"wp:featuredmedia":[{"embeddable":true,"href":"https:\/\/travelshelper.com\/hu\/wp-json\/wp\/v2\/media\/4628"}],"wp:attachment":[{"href":"https:\/\/travelshelper.com\/hu\/wp-json\/wp\/v2\/media?parent=7291"}],"curies":[{"name":"wp","href":"https:\/\/api.w.org\/{rel}","templated":true}]}}