{"id":7237,"date":"2024-08-23T20:38:18","date_gmt":"2024-08-23T20:38:18","guid":{"rendered":"https:\/\/travelshelper.com\/staging\/?page_id=7237"},"modified":"2026-03-14T00:16:06","modified_gmt":"2026-03-14T00:16:06","slug":"venezuela","status":"publish","type":"page","link":"https:\/\/travelshelper.com\/hu\/destinations\/south-america\/venezuela\/","title":{"rendered":"Venezuela"},"content":{"rendered":"<p>Venezuela D\u00e9l-Amerika \u00e9szaki sz\u00e9l\u00e9n h\u00faz\u00f3dik, alakja elkeskenyedik, mint egy kioldott vitorla a Karib-tenger \u00e9s az Atlanti-\u00f3ce\u00e1n hull\u00e1mai k\u00f6z\u00f6tt. 916 445 n\u00e9gyzetkilom\u00e9teren \u00e1t a felsz\u00edn a sz\u00e9lj\u00e1rta part menti s\u00edks\u00e1gokt\u00f3l az \u00c9szaki-Andok emelked\u0151iig, majd kelet fel\u00e9 a Guyana-felf\u00f6ld \u00e9s a hatalmas llanos-hegys\u00e9g mozaikj\u00e1ig v\u00e1ltozik. Itt az \u00e9let s\u0171r\u0171n lakott \u00e9szaki v\u00e1rosokban, t\u00e1voli foly\u00f3delta-k\u00f6z\u00f6ss\u00e9gekben \u00e9s a k\u00f6d\u00f6s p\u00e1ramos-hegys\u00e9g tetej\u00e9n bontakozik ki, ahol gleccserek kapaszkodnak az Andok lejt\u0151ihez.<\/p>\n<p>A Karib-t\u00e9rs\u00e9g s\u00e1padt partjai az orsz\u00e1g ujjain\u00e1l ter\u00fclnek el \u2013 olyan szigeteket simogatnak, mint Margarita, amelyet ma sz\u00e1llod\u00e1k \u00e9s sz\u00f6rfiskol\u00e1k szeg\u00e9lyeznek, vagy Los Roques korallz\u00e1tonyai, ahol a krist\u00e1lytiszta v\u00edz p\u00e1lmaf\u00e1k tornyait t\u00fckr\u00f6zi vissza. A sz\u00e1razf\u00f6ld belsej\u00e9ben hegycs\u00facsok szalagja kanyarog Kolumbia hat\u00e1r\u00e1t\u00f3l Sucre keleti \u00e1llam\u00e1ig. A Pico Bol\u00edvar fel\u00e9 m\u00e1sz\u00f3 utaz\u00f3k k\u00f6zel 5000 m\u00e9teres magass\u00e1gban ritka leveg\u0151vel tal\u00e1lkoznak, m\u00edg lent, v\u00f6lgyekben tal\u00e1lhat\u00f3 a f\u0151v\u00e1ros, Caracas \u2013 egy szikl\u00e1kkal \u00e9s felh\u0151kkel k\u00f6r\u00fclvett v\u00e1ros, amelynek utc\u00e1i egyar\u00e1nt l\u00e9legzik a kereskedelemt\u0151l \u00e9s a nyugtalans\u00e1gt\u00f3l.<\/p>\n<p>A felf\u00f6ldt\u0151l keletre a talaj llanoss\u00e1 v\u00e1lik: az \u00e9vszakos es\u0151z\u00e9sek \u00e1ltal \u00f6nt\u00f6z\u00f6tt f\u00fcves ter\u00fcletek, ahol a szarvasmarh\u00e1k legel\u00e9sznek a forr\u00f3s\u00e1gt\u00f3l vibr\u00e1l\u00f3 \u00e9g alatt. T\u00faloldalon az Orinoco foly\u00f3 k\u00edgy\u00f3zik az erd\u0151k\u00f6n kereszt\u00fcl, iszapos sodr\u00e1s\u00e1ban gerend\u00e1kat, olajsz\u00e1ll\u00edt\u00f3 usz\u00e1lyokat \u00e9s hagyom\u00e1nyokat sz\u00e1ll\u00edtva. A t\u00e1voli d\u00e9lkeleten tepuik emelkednek, mint a megrepedt fenns\u00edkok, amelyeket az Angel-v\u00edzes\u00e9s koron\u00e1z meg \u2013 a v\u00edz egy kilom\u00e9ter hosszan zuhan f\u00fcgg\u0151legesen, miel\u0151tt az alattuk l\u00e9v\u0151 es\u0151erd\u0151be s\u00f3hajtozna.<\/p>\n<p>Spanyolorsz\u00e1g z\u00e1szlaja, amelyet el\u0151sz\u00f6r 1522-ben t\u0171ztek ki venezuelai f\u00f6ld\u00f6n, ellen\u00e1ll\u00e1sba \u00fctk\u00f6z\u00f6tt az \u0151slakos k\u00f6z\u00f6ss\u00e9gekben, akiknek v\u00e9delmi vonalai a partt\u00f3l a dzsungelig h\u00faz\u00f3dtak. 1811-re a kreol vezet\u0151k ny\u00edltan besz\u00e9ltek a sz\u00e9tv\u00e1l\u00e1sr\u00f3l; egy \u00e9vtizeddel k\u00e9s\u0151bb Gran Colombia csak az\u00e9rt v\u00e1lt sz\u00e9t, hogy 1830-ban sz\u00e9tesjen, \u00e9s megsz\u00fcletett Venezuela saj\u00e1t k\u00f6zt\u00e1rsas\u00e1ga. A hatalom azonban el\u00e9rhetetlennek bizonyult. A 19. sz\u00e1zad region\u00e1lis caudill\u00f3k, menetel\u0151 seregek \u00e9s az uralkod\u00f3 t\u00e1bornok ig\u00e9nyeihez igaz\u00edtott alkotm\u00e1nyok uralma alatt telt.<\/p>\n<p>A sz\u00e1zad k\u00f6zep\u00e9n az olaj a felsz\u00edn fel\u00e9 sziv\u00e1rgott, de a korm\u00e1nyz\u00e1s egyenetlen maradt. Csak 1958 ut\u00e1n l\u00e9pett be Venezuela a v\u00e1lasztott korm\u00e1nyok id\u0151szak\u00e1ba, amit az emelked\u0151 olaj\u00e1rak is el\u0151seg\u00edtettek. Caracas a tart\u00f3s stabilit\u00e1s rem\u00e9ny\u00e9vel egy\u00fctt n\u00f6vekedett, mik\u00f6zben a vid\u00e9ki lakoss\u00e1g a p\u00e9nz \u00e9szak fel\u00e9 \u00e1raml\u00e1s\u00e1t n\u00e9zte. Amikor 1989-ben kit\u00f6rtek a caracas\u00f3i zavarg\u00e1sok \u2013 melyeket a t\u00e1mogat\u00e1sok cs\u00f6kkent\u00e9se \u00e9s a megszor\u00edt\u00f3 int\u00e9zked\u00e9sek v\u00e1ltottak ki \u2013, a konszenzus pill\u00e9rei megrend\u00fcltek. K\u00e9t fegyveres felkel\u00e9s 1992-ben \u00e9s az eln\u00f6k 1993-as impeachmentje m\u00e9ly\u00edtette a ki\u00e1br\u00e1ndults\u00e1got.<\/p>\n<p>1999-ben Hugo Ch\u00e1vez eln\u00f6ks\u00e9ge alatt \u00faj alkotm\u00e1ny jelent meg. Az olajb\u00f3l finansz\u00edrozott szoci\u00e1lis programok kiterjesztett\u00e9k az eg\u00e9szs\u00e9g\u00fcgyi klinik\u00e1khoz \u00e9s iskol\u00e1khoz val\u00f3 hozz\u00e1f\u00e9r\u00e9st. A nyers statisztik\u00e1k a szeg\u00e9nys\u00e9g \u00e9s az egyenl\u0151tlens\u00e9g cs\u00f6kken\u00e9s\u00e9t mutatt\u00e1k a 2000-es \u00e9vek elej\u00e9n. Azonban ahogy az \u00e1rak el\u00e9rt\u00e9k a cs\u00facsot, majd meginogtak, az \u00e1llam befoly\u00e1sa egyre szorosabb\u00e1 v\u00e1lt. A 2010-es \u00e9vekre az alapvet\u0151 cikkek hi\u00e1nya, az elszabadult infl\u00e1ci\u00f3 \u00e9s az \u00f6sszeoml\u00f3 valuta miatt a csal\u00e1dok k\u00e9nytelenek voltak keny\u00e9r\u00e9rt sorban \u00e1llni \u00e9s k\u00fclf\u00f6ldi p\u00e9nz\u00e1tutal\u00e1si h\u00e1l\u00f3zatokhoz fordulni. A 2013-as \u00e9s 2014-es politikai t\u00fcntet\u00e9sek v\u00e1ltoz\u00e1st k\u00f6veteltek, de az int\u00e9zm\u00e9nyek pusztulni kezdtek. A nemzetk\u00f6zi fel\u00fcgyeleti szervek ma a szabads\u00e1gjogok korl\u00e1toz\u00e1s\u00e1val, a cenz\u00far\u00e1val \u00e9s a korrupci\u00f3s v\u00e1dakkal tartj\u00e1k szem el\u0151tt Venezuel\u00e1t.<\/p>\n<p>A k\u0151olaj hat\u00e1rozza meg Venezuela modern identit\u00e1s\u00e1t. A Maracaibo-t\u00f3 \u00e9s az Orinoco-\u00f6v alatti tartal\u00e9kok a vil\u00e1g legnagyobbjai k\u00f6z\u00e9 tartoznak. Az \u00e1llami olajt\u00e1rsas\u00e1g egykor k\u00f6zmunk\u00e1kat \u00e9s szoci\u00e1lis kiad\u00e1sokat finansz\u00edrozott. Id\u0151vel a felt\u00e1r\u00e1sba \u00e9s karbantart\u00e1sba t\u00f6rt\u00e9n\u0151 beruh\u00e1z\u00e1sok is visszaestek, ahogy a bev\u00e9telek cs\u00f6kkentek, ami a termel\u00e9s zuhan\u00e1s\u00e1hoz vezetett. Azok a mez\u0151k, amelyek egykor t\u00f6bb milli\u00f3 hord\u00f3 olajat k\u00fcldtek a glob\u00e1lis piacok fel\u00e9, ma az el\u00f6reged\u0151 infrastrukt\u00far\u00e1val k\u00fczdenek. A mez\u0151gazdas\u00e1g \u2013 k\u00e1v\u00e9, kaka\u00f3 \u2013 k\u00f6r\u00fcli diverzifik\u00e1ci\u00f3ra tett k\u00eds\u00e9rletek tov\u00e1bbra is margin\u00e1lisak. A szankci\u00f3k \u00e9s a k\u00fclf\u00f6ldi eszk\u00f6z\u00f6k elveszt\u00e9se t\u00f6bb t\u00edzmilli\u00e1rd doll\u00e1rba ker\u00fclt, elm\u00e9ly\u00edtve az alkatr\u00e9sz- \u00e9s finom\u00edt\u00f3i kapacit\u00e1shi\u00e1nyt.<\/p>\n<p>Az elektromos \u00e1ram, amely egykor a Guri g\u00e1t v\u00edzer\u0151m\u0171nek k\u00f6sz\u00f6nhet\u0151en b\u00fcszkes\u00e9gnek sz\u00e1m\u00edtott, most az alacsony v\u00edzszint \u00e9s a beruh\u00e1z\u00e1sok hi\u00e1nya miatt akadozik. A g\u00f6rd\u00fcl\u0151 \u00e1ramsz\u00fcnetek \u00e1thatolj\u00e1k a v\u00e1rosi \u00e9letet, megzavarva a k\u00f3rh\u00e1zak \u00e9s gy\u00e1rak m\u0171k\u00f6d\u00e9s\u00e9t. A foly\u00f3k f\u00f6ldj\u00e9n az \u00e1ram olyan sz\u0171k\u00f6ss\u00e9 v\u00e1lt, mint a d\u00edzel a k\u00fatoszlopon.<\/p>\n<p>A l\u00e9gi k\u00f6zleked\u00e9s a Caracas k\u00f6zel\u00e9ben tal\u00e1lhat\u00f3 Sim\u00f3n Bol\u00edvar nemzetk\u00f6zi rep\u00fcl\u0151t\u00e9rt\u0151l \u00e9s a Maracaibo melletti La Chinita rep\u00fcl\u0151t\u00e9rt\u0151l f\u00fcgg. A La Guaira \u00e9s Puerto Cabello f\u0151bb kik\u00f6t\u0151i a nyersolajat, a gabon\u00e1t \u00e9s a fogyaszt\u00e1si cikkeket kezelik. Az utak \u2013 mintegy 100 000 kilom\u00e9ter hossz\u00faak \u2013 keletre, nyugatra \u00e9s d\u00e9lre h\u00faz\u00f3dnak, b\u00e1r egyharmaduk tov\u00e1bbra is burkolatlan. A vasutak egykor \u00edg\u00e9retet tettek arra, hogy a v\u00e1rosokat tehermentes\u00edtik, de az ad\u00f3ss\u00e1gok \u00e9s a k\u00e9sedelmek miatt elakadtak. A caracasi, maracaib\u00f3i \u00e9s valenciai metr\u00f3vonalak enyh\u00edtik a zs\u00fafolt utak forgalm\u00e1t, de az \u00e9szaki gerincv\u00e1rosokon t\u00fal a vid\u00e9ki ter\u00fcletek az Orinoco foly\u00f3n k\u00f6zleked\u0151 folyami haj\u00f3kra vagy az es\u0151ben elt\u0171n\u0151 f\u00f6ldutakra t\u00e1maszkodnak.<\/p>\n<p>A venezuelaiak nagyj\u00e1b\u00f3l 93 sz\u00e1zal\u00e9ka v\u00e1rosi \u00f6vezetekben \u00e9l, sokan a partt\u00f3l sz\u00e1m\u00edtott 100 kilom\u00e9teres k\u00f6rzeten bel\u00fcl. Caracas lakoss\u00e1ga meghaladja az \u00f6tmilli\u00f3t, az ember\u00e1radat pedig a cerr\u00f3kba (domboldalakba) \u00e9s a z\u00e1rt k\u00f6z\u00f6ss\u00e9gekbe egyar\u00e1nt be\u00e1ramlik. M\u00e1sutt Barquisimeto, Valencia \u00e9s Maracay ipari \u00f6vezetekbe csoportosul; M\u00e9rida magaslaton fekszik, felvon\u00f3ja a gleccsermagass\u00e1gok \u00e9s a pasztellsz\u00edn\u0171 k\u0151b\u0151l k\u00e9sz\u00fclt kis sz\u00e1llod\u00e1k fel\u00e9 \u00edvel. Az Orinoco-t\u00f3l d\u00e9lre Ciudad Guayana egy torkolatn\u00e1l emelkedik \u2013 a tervezett szovjet v\u00e1rosok visszhangja, amelyeket ma ac\u00e9l, alum\u00ednium \u00e9s kik\u00f6t\u0151i logisztika k\u00f6r\u00e9 szerveztek \u00e1t.<\/p>\n<p>1999 \u00f3ta a becsl\u00e9sek szerint hatmilli\u00f3 ember hagyta el Venezuel\u00e1t, diaszp\u00f3rikus \u00f6sv\u00e9nyeket j\u00e1rva Latin-Amerik\u00e1ban \u00e9s azon t\u00fal. Azok, akik maradtak, kiterjesztett h\u00e1ztart\u00e1sokat hoztak l\u00e9tre, megosztva a terheket \u00e9s a sz\u0171k\u00f6s er\u0151forr\u00e1sokat.<\/p>\n<p>Venezuela szelleme d\u00e9li fesztiv\u00e1lokon \u00e9s k\u00f3kuszp\u00e1lm\u00e1k alatti csendes pillanatokban bontakozik ki. Az \u0151slakos t\u00f6rzsek \u2013 wayuu, pemon, warao \u2013 a k\u00f6zt\u00e1rsas\u00e1gn\u00e1l r\u00e9gebbi nyelveket hordoznak. Az afro-venezuelai ritmusok dob alap\u00fa form\u00e1kban l\u00fcktetnek, mint p\u00e9ld\u00e1ul a tambor; a spanyol gyarmati \u00e9p\u00edt\u00e9szet k\u0151sz\u00f6k\u0151kutakkal \u00e9s stukk\u00f3templomokkal d\u00edsz\u00edti a v\u00e1rosi tereket. A tizenkilencedik sz\u00e1zadi olasz, portug\u00e1l \u00e9s francia bev\u00e1ndorl\u00f3 hull\u00e1mok dialektusok \u00e9s konyh\u00e1k p\u00f6rk\u00f6ltjeit adt\u00e1k hozz\u00e1. A mai utc\u00e1kon sajttal t\u00f6lt\u00f6tt arep\u00e1kat, s\u00fclt f\u0151z\u0151ban\u00e1nokat \u00e9s gazdagon f\u0171szerezett p\u00f6rk\u00f6lteket \u00e1rulnak, amelyek mindegyike a r\u00e9tegzett t\u00f6rt\u00e9nelmek tan\u00faskodik.<\/p>\n<p>\u00dcnnepnapokon vall\u00e1si felvonul\u00e1sok vonulnak \u00e1t a poros utc\u00e1kon. Zuli\u00e1ban a helyiek a Maracaibo-t\u00f3 szent szigeteire eveznek, im\u00e1kat \u00e9nekelve a viharok \u00e1ltal elesett hal\u00e1szok\u00e9rt. Fent a Sierra Nevad\u00e1ban l\u00e1m\u00e1k taposnak a ritka leveg\u0151ben, csord\u00e1ikat a fagy ellen \u00f3v\u00f3 campesin\u00f3k \u0151rzik.<\/p>\n<p>A Guyana-felf\u00f6ld a legt\u00f6bb utaz\u00f3 sz\u00e1m\u00e1ra el\u00e9rhetetlen helyen t\u00falny\u00falik, ahol a tepuik \u2013 lapos tetej\u0171 hegyek \u2013 leomlott k\u0151t\u00f6mb\u00f6kk\u00e9nt magasodnak. Az Angel-v\u00edzes\u00e9s az Auyan-tepui perem\u00e9r\u0151l \u00f6mlik al\u00e1, permet\u00e9nek cs\u00f3v\u00e1ja csak kiv\u00e1lasztott n\u00e9z\u0151pontokb\u00f3l l\u00e1that\u00f3. A foly\u00f3 als\u00f3 szakasz\u00e1n mangroveerd\u0151k \u00e9s szalagszer\u0171 szigetek v\u00e1jj\u00e1k az Orinoco-delt\u00e1t \u00e9l\u0151 v\u00edz- \u00e9s iszapr\u00e1csk\u00e1. Jagu\u00e1rok, kajm\u00e1nok \u00e9s r\u00f3zsasz\u00edn folyami delfinek suhannak \u00e1t a s\u0171r\u0171 lombozaton a monszun \u00e9gbolt alatt.<\/p>\n<p>A term\u00e9szetv\u00e9delmi \u00f6vezetek \u2013 k\u00f6zt\u00fck a Canaima Nemzeti Park \u2013 a sz\u00e1razf\u00f6ldi ter\u00fclet k\u00f6zel egyharmad\u00e1t fedik le, m\u00e9gis a k\u00f6lts\u00e9gvet\u00e9si megszor\u00edt\u00e1sok \u00e9s az illeg\u00e1lis b\u00e1ny\u00e1szat vesz\u00e9lyezteti a vadvil\u00e1got \u00e9s a v\u00edzmin\u0151s\u00e9get. A llanos-hegys\u00e9gben a szarvasmarha-teny\u00e9szt\u00e9sek bet\u00f6rnek a vizes \u00e9l\u0151helyekre, m\u00edg a v\u00e1rosi terjeszked\u00e9s erod\u00e1lja a felf\u00f6ldi erd\u0151ket.<\/p>\n<p>Az olyan egykor n\u00e9pszer\u0171 \u00fati c\u00e9lok, mint Margarita \u00e9s Morrocoy, a Karib-t\u00e9rs\u00e9gben a naprajong\u00f3kat vonzott\u00e1k. Ma az utaz\u00f3k z\u00f6ldebb \u00f6sv\u00e9nyeket tal\u00e1lnak az Andok elhagyatott v\u00f6lgyeiben, a mangroveerd\u0151k\u00f6n \u00e1t\u00edvel\u0151 folyami t\u00far\u00e1kon, vagy a Los Roques-i hal\u00e1szokn\u00e1l megsz\u00e1ll\u00f3 vend\u00e9gh\u00e1zakban. M\u00e9rida felvon\u00f3ja tov\u00e1bbra is vonz\u00f3 c\u00e9lpont, amely 4000 m\u00e9ter feletti piknikez\u0151helyekre viszi a vend\u00e9geket. Az Orinoco ment\u00e9n tal\u00e1lhat\u00f3 \u00f6kofaszilik napenergi\u00e1val m\u0171k\u00f6dnek, \u00e9s folyami idegenvezet\u0151i szolg\u00e1ltat\u00e1sokat k\u00edn\u00e1lnak, \u00edgy alkonyatkor bepillant\u00e1st nyerhet\u00fcnk t\u00e1voli t\u00f6rzsek \u00e9let\u00e9be \u00e9s olajfekete vizekbe.<\/p>\n<p>Helyi v\u00e1llalkoz\u00f3k k\u00eds\u00e9rleteznek kaka\u00f3h\u00e9jjal f\u0151z\u00f6tt k\u00e9zm\u0171ves s\u00f6r\u00f6kkel, \u00e9s m\u0171v\u00e9szeti s\u00e9t\u00e1kkal j\u00e1rj\u00e1k be az \u00fajj\u00e1\u00e9lesztett gyarmati negyedeket. B\u00e1r a gazdas\u00e1gi neh\u00e9zs\u00e9gek tov\u00e1bbra is fenn\u00e1llnak, ezek a kis v\u00e1llalkoz\u00e1sok a rugalmass\u00e1gra utalnak.<\/p>\n<p>Venezuela v\u00e1lasz\u00fat el\u0151tt \u00e1ll. Hatalmas er\u0151forr\u00e1sai \u2013 csapad\u00e9k, foly\u00f3k, olaj \u2013 finansz\u00edrozhatn\u00e1k a helyre\u00e1ll\u00edt\u00e1st. Lak\u00f3i \u00e9vtizedekig tart\u00f3 z\u0171rzavarok sor\u00e1n is alkalmazkod\u00f3k\u00e9pess\u00e9gr\u0151l tettek tan\u00fabizonys\u00e1got. A politikai patthelyzet \u00e9s az int\u00e9zm\u00e9nyek hanyatl\u00e1sa azonban korl\u00e1tozza a halad\u00e1st. Mik\u00f6zben a csal\u00e1dok k\u00fclf\u00f6ldr\u0151l k\u00fcldenek p\u00e9nzk\u00fcldem\u00e9nyeket, \u00e9s a humanit\u00e1riusok bet\u00f6ltik a gy\u00f3gyszerek \u00e9s az \u00e9lelmiszerek hi\u00e1ny\u00e1t, a k\u00f6zt\u00e1rsas\u00e1g j\u00f6v\u0151je az infrastrukt\u00fara fel\u00faj\u00edt\u00e1s\u00e1t\u00f3l \u00e9s a bizalom helyre\u00e1ll\u00edt\u00e1s\u00e1t\u00f3l f\u00fcgg.<\/p>","protected":false},"excerpt":{"rendered":"<p>Venezuela, located in the northern part of South America, showcases a blend of natural beauty and human resilience. Bound by Colombia, Guyana, and Brazil, this country has a strategic location along important marine and aerial paths connecting North and South America. Aruba, Bonaire, Cura\u00e7ao, Trinidad and Tobago&#8217;s Caribbean islands add to the geographic diversity of the area.<\/p>","protected":false},"author":1,"featured_media":4583,"parent":24096,"menu_order":0,"comment_status":"closed","ping_status":"closed","template":"elementor_theme","meta":{"_eb_attr":"","footnotes":""},"class_list":["post-7237","page","type-page","status-publish","has-post-thumbnail"],"_links":{"self":[{"href":"https:\/\/travelshelper.com\/hu\/wp-json\/wp\/v2\/pages\/7237","targetHints":{"allow":["GET"]}}],"collection":[{"href":"https:\/\/travelshelper.com\/hu\/wp-json\/wp\/v2\/pages"}],"about":[{"href":"https:\/\/travelshelper.com\/hu\/wp-json\/wp\/v2\/types\/page"}],"author":[{"embeddable":true,"href":"https:\/\/travelshelper.com\/hu\/wp-json\/wp\/v2\/users\/1"}],"replies":[{"embeddable":true,"href":"https:\/\/travelshelper.com\/hu\/wp-json\/wp\/v2\/comments?post=7237"}],"version-history":[{"count":0,"href":"https:\/\/travelshelper.com\/hu\/wp-json\/wp\/v2\/pages\/7237\/revisions"}],"up":[{"embeddable":true,"href":"https:\/\/travelshelper.com\/hu\/wp-json\/wp\/v2\/pages\/24096"}],"wp:featuredmedia":[{"embeddable":true,"href":"https:\/\/travelshelper.com\/hu\/wp-json\/wp\/v2\/media\/4583"}],"wp:attachment":[{"href":"https:\/\/travelshelper.com\/hu\/wp-json\/wp\/v2\/media?parent=7237"}],"curies":[{"name":"wp","href":"https:\/\/api.w.org\/{rel}","templated":true}]}}