{"id":7175,"date":"2024-08-22T21:13:46","date_gmt":"2024-08-22T21:13:46","guid":{"rendered":"https:\/\/travelshelper.com\/staging\/?page_id=7175"},"modified":"2026-03-14T00:29:05","modified_gmt":"2026-03-14T00:29:05","slug":"peru","status":"publish","type":"page","link":"https:\/\/travelshelper.com\/hu\/destinations\/south-america\/peru\/","title":{"rendered":"Peru"},"content":{"rendered":"<p>Peru D\u00e9l-Amerika nyugati r\u00e9sz\u00e9nek egy keskeny s\u00e1vj\u00e1t foglalja el, ahol a Csendes-\u00f3ce\u00e1n tal\u00e1lkozik az Andok magas cs\u00facsaival \u00e9s a hatalmas Amazonas-medenc\u00e9vel. 1 285 216 n\u00e9gyzetkilom\u00e9teres sz\u00e1razf\u00f6ldje a tizenkilencedik helyen \u00e1ll a nemzetek k\u00f6z\u00f6tt, \u00e9s a harmadik a kontinensen. \u00c9szakon a hat\u00e1r Ecuadorral \u00e9s Kolumbi\u00e1val \u00e9rintkezik; a keleti hat\u00e1r Braz\u00edli\u00e1val tal\u00e1lkozik; Bol\u00edvia d\u00e9lkeleten fekszik; Chile d\u00e9len hat\u00e1rolja, m\u00edg a Csendes-\u00f3ce\u00e1n \u00f6leli k\u00f6rbe nyugati partj\u00e1t. Lima, a f\u0151v\u00e1ros \u00e9s f\u0151 kik\u00f6t\u0151v\u00e1ros, az orsz\u00e1g lakoss\u00e1g\u00e1nak k\u00f6zel egyharmad\u00e1t foglalja el, amely meghaladja a 32 milli\u00f3 lakost.<\/p>\n<p>Peru egyik felt\u0171n\u0151 von\u00e1sa \u00f6kol\u00f3giai v\u00e1ltozatoss\u00e1ga. A sz\u00e1raz part menti, keskeny, foly\u00f3v\u00f6lgyekkel tark\u00edtott parti s\u00edks\u00e1gok h\u00faz\u00f3dnak a chilei hat\u00e1rt\u00f3l az ecuadori hat\u00e1rig. E s\u00edks\u00e1gok m\u00f6g\u00f6tt az Andok kordiller\u00e1i meredeken emelkednek: olyan cs\u00facsok, mint a Huascar\u00e1n (6768 m\u00e9ter), v\u00e1ltozatos \u00e9ghajlatot \u00e9s \u00e9l\u0151helyeket \u00edrnak el\u0151. A hegyvid\u00e9ken t\u00fal, ahol az Altiplano-fenns\u00edkon olyan tavak tal\u00e1lhat\u00f3k, mint a Titicaca, a terep az Amazonas-medenc\u00e9be ereszkedik le, egy erd\u0151s kiterjed\u00e9sbe, amely a ter\u00fclet k\u00f6zel hatvan sz\u00e1zal\u00e9k\u00e1t bor\u00edtja, \u00e9s t\u00e1pl\u00e1lja a foly\u00f3rendszert, amelynek f\u0151 \u00fct\u0151ere \u2013 vil\u00e1gszerte Amazonas foly\u00f3k\u00e9nt ismert \u2013 perui hat\u00e1rokon bel\u00fcl ered.<\/p>\n<p>Peru v\u00edzi \u00fatjai h\u00e1rom f\u0151 medenc\u00e9re oszlanak. A nyugat fel\u00e9 a Csendes-\u00f3ce\u00e1nig foly\u00f3 patakok \u00e1ltal\u00e1ban meredekek \u00e9s szezon\u00e1lisak; a kelet fel\u00e9 az Amazonasba foly\u00f3k v\u00edzfoly\u00e1sai v\u00edzhozama \u00e9s hossza n\u00f6vekszik, \u00e9s a hegyekb\u0151l kil\u00e9pve lank\u00e1s medreket v\u00e1jnak; egy kisebb foly\u00f3csoport pedig a Titicaca-t\u00f3ba \u00f6mlik. A leghosszabbak k\u00f6z\u00e9 tartozik az Ucayali, a Mara\u00f1\u00f3n \u00e9s a Huallaga. Ezek a foly\u00f3k, k\u00f6zel \u00f6tven kis tengerparti medenc\u00e9vel egy\u00fctt, a vil\u00e1g \u00e9desv\u00edzk\u00e9szlet\u00e9nek k\u00f6r\u00fclbel\u00fcl n\u00e9gy sz\u00e1zal\u00e9k\u00e1t adj\u00e1k az orsz\u00e1gnak.<\/p>\n<p>Az orsz\u00e1g \u00e9ghajlata t\u00fckr\u00f6zi a v\u00e1ltozatos domborzatot. A part menti ter\u00fcleteken enyhe h\u0151m\u00e9rs\u00e9klet, kev\u00e9s csapad\u00e9k \u00e9s magas p\u00e1ratartalom uralkodik. A felf\u00f6ld\u00f6n gyakori a ny\u00e1ri es\u0151z\u00e9s, m\u00edg a h\u0151m\u00e9rs\u00e9klet a tengerszint feletti magass\u00e1ggal cs\u00f6kken, am\u00edg a legmagasabb cs\u00facsokon \u00e1lland\u00f3 h\u00f3 nem k\u00e9pz\u0151dik. Az Amazonas r\u00e9gi\u00f3 heves tr\u00f3pusi es\u0151z\u00e9sekkel \u00e9s \u00e1lland\u00f3an meleg id\u0151j\u00e1r\u00e1ssal k\u00fczd, b\u00e1r d\u00e9li cs\u00fccsk\u00e9n h\u0171v\u00f6sebb telek \u00e9s hat\u00e1rozott sz\u00e1raz \u00e9vszak jellemzi. Az \u00f3ce\u00e1ni \u00e1ramlatok \u2013 a hideg Humboldt-\u00e1raml\u00e1s \u00e9s a meleg El Ni\u00f1o \u2013 tov\u00e1bb m\u00f3dos\u00edtj\u00e1k a helyi id\u0151j\u00e1r\u00e1si mint\u00e1kat, mikrokl\u00edm\u00e1t hozva l\u00e9tre a part ment\u00e9n.<\/p>\n<p>Peru emberi t\u00f6rt\u00e9nelme t\u00f6bb mint tizenk\u00e9t \u00e9vezredet \u00f6lel fel. A Caral-Supe kult\u00fara, amely m\u00e1r az i. e. tizedik \u00e9vezredben vir\u00e1gzott, Amerika egyik legkor\u00e1bbi szervezett telep\u00fcl\u00e9si k\u00f6zpontja. A k\u00e9s\u0151bbi t\u00e1rsadalmak \u2013 mint p\u00e9ld\u00e1ul a Nazca, a Wari \u00e9s a Tiwanaku \u2013 az \u00e9vezredek sor\u00e1n saj\u00e1tos m\u0171v\u00e9szeteket \u00e9s t\u00e1rsadalmi rendszereket fejlesztettek ki. A tizen\u00f6t\u00f6dik sz\u00e1zadra a Cusco Kir\u00e1lys\u00e1g l\u00e9trehozta az Inka Birodalmat, amely f\u00e9nykor\u00e1ban a mai Ecuadort\u00f3l K\u00f6z\u00e9p-Chil\u00e9ig terjedt, \u00e9s a Kolumbusz el\u0151tti Amerika legnagyobb politikai egys\u00e9g\u00e9t k\u00e9pviselte.<\/p>\n<p>A spanyol er\u0151k a tizenhatodik sz\u00e1zad elej\u00e9n \u00e9rkeztek meg. Francisco Pizarro vezette katonai hadj\u00e1ratokat k\u00f6vet\u0151en a spanyolok gyarmati uralmat vezettek be, \u00e9s 1542-ben megalap\u00edtott\u00e1k Peru alkir\u00e1lys\u00e1g\u00e1t, Lim\u00e1val a f\u0151v\u00e1rosban. A v\u00e1ros hamarosan a k\u00f6zigazgat\u00e1s, a kereskedelem \u00e9s a fels\u0151oktat\u00e1s k\u00f6zpontj\u00e1v\u00e1 v\u00e1lt; az 1551-ben alap\u00edtott San Marcos Nemzeti Egyetem Amerika legr\u00e9gebbi hivatalosan elismert egyetemek\u00e9nt ismert.<\/p>\n<p>K\u00f6zel h\u00e1rom \u00e9vsz\u00e1zados gyarmati korm\u00e1nyz\u00e1s ut\u00e1n Peru 1821. j\u00falius 28-\u00e1n kiki\u00e1ltotta a f\u00fcggetlens\u00e9get. Olyan szem\u00e9lyis\u00e9gek katonai er\u0151fesz\u00edt\u00e9sei, mint Jos\u00e9 de San Mart\u00edn, Sim\u00f3n Bol\u00edvar \u00e9s Bernardo O&#039;Higgins, az 1824. december 9-i ayacuch\u00f3i csat\u00e1ban cs\u00facsosodtak ki, amely megpecs\u00e9telte a Spanyolorsz\u00e1gt\u00f3l val\u00f3 felszabadul\u00e1st. Az ezt k\u00f6vet\u0151 tizenkilencedik sz\u00e1zadban a politikai turbulenci\u00e1k id\u0151szakait gazdas\u00e1gi fellend\u00fcl\u00e9s tark\u00edtotta \u2013 legink\u00e1bb a guan\u00f3kereskedelem, amely finansz\u00edrozta az infrastrukt\u00far\u00e1t, de egyben elvetette a diplom\u00e1ciai konfliktus magvait is, amely a csendes-\u00f3ce\u00e1ni h\u00e1bor\u00faban (1879\u20131884) robbant ki.<\/p>\n<p>A huszadik sz\u00e1zad tov\u00e1bbi ingadoz\u00e1sokat hozott. A bels\u0151 visz\u00e1lyok \u2013 melyeket az \u00e1llami er\u0151k k\u00f6z\u00f6tti konfront\u00e1ci\u00f3k \u00e9s a fegyveres felkel\u00e9sek jellemeztek \u2013 a n\u00f6veked\u00e9s szakaszaival v\u00e1ltakoztak. Az 1990-es \u00e9vekben a Plan Verde n\u00e9ven ismert bels\u0151 biztons\u00e1gi terv el\u0151seg\u00edtette Alberto Fujimori felemelked\u00e9s\u00e9t. A neoliber\u00e1lis politikai keretek \u00e1ltal befoly\u00e1solt korm\u00e1nyzata el\u0151remozd\u00edtotta a gazdas\u00e1gi liberaliz\u00e1ci\u00f3t, mik\u00f6zben kiv\u00e9teles int\u00e9zked\u00e9sekkel korm\u00e1nyzott Vladimiro Montesinos tan\u00e1csad\u00f3val egy\u00fcttm\u0171k\u00f6dve. A 2000-es \u00e9vekben zajl\u00f3, \u00fagynevezett expanzi\u00f3s \u00e9vtized jelent\u0151s szeg\u00e9nys\u00e9gcs\u00f6kken\u00e9st eredm\u00e9nyezett; a 2010-es \u00e9vekre azonban struktur\u00e1lis gyenges\u00e9gek jelentek meg. A politikai vit\u00e1k a COVID-19 v\u00e1ls\u00e1g idej\u00e9n tet\u0151ztek, ami sz\u00e9les k\u00f6r\u0171 t\u00e1rsadalmi el\u00e9gedetlens\u00e9get vet\u00edtett el\u0151re 2022-t\u0151l kezd\u0151d\u0151en.<\/p>\n<p>Ma Peru egy k\u00e9pviseleti demokratikus k\u00f6zt\u00e1rsas\u00e1gk\u00e9nt m\u0171k\u00f6dik. Ter\u00fclete huszon\u00f6t r\u00e9gi\u00f3ra oszlik: huszonn\u00e9gy megy\u00e9re, valamint Callao alkotm\u00e1nyos tartom\u00e1nyra \u00e9s a f\u00fcggetlen Lima tartom\u00e1nyra. A region\u00e1lis korm\u00e1nyzatok, amelyeket n\u00e9gy\u00e9ves, azonnali \u00fajrav\u00e1laszt\u00e1s n\u00e9lk\u00fcli megb\u00edzat\u00e1ssal rendelkez\u0151, megv\u00e1lasztott korm\u00e1nyz\u00f3k \u00e9s tan\u00e1csok vezetnek, fel\u00fcgyelik a k\u00f6lts\u00e9gvet\u00e9seket, a k\u00f6zberuh\u00e1z\u00e1sokat \u00e9s a fejleszt\u00e9si kezdem\u00e9nyez\u00e9seket. A tartom\u00e1nyi k\u00f6zigazgat\u00e1sok \u2013 mint p\u00e9ld\u00e1ul Lima \u2013 polg\u00e1rmesterek \u00e1ltal vezetett \u00f6nkorm\u00e1nyzati tan\u00e1csokb\u00f3l \u00e1llnak. A nagyv\u00e1rosi ter\u00fcletek, legkiemelked\u0151bben Lima v\u00e1rosi terjeszked\u00e9se, amely az amerikai metropoliszok k\u00f6z\u00f6tt a hetedik helyen \u00e1ll, t\u00f6bb ker\u00fcletet is \u00e1tfednek.<\/p>\n<p>A gazdas\u00e1gi tev\u00e9kenys\u00e9g a b\u00e1ny\u00e1szatra, a feldolgoz\u00f3iparra, a mez\u0151gazdas\u00e1gra \u00e9s a hal\u00e1szatra \u00e9p\u00fcl, m\u00edg a felt\u00f6rekv\u0151 \u00e1gazatok k\u00f6z\u00e9 tartozik a telekommunik\u00e1ci\u00f3 \u00e9s a biotechnol\u00f3gia. A Csendes-\u00f3ce\u00e1ni Pum\u00e1k \u2013 a csendes-\u00f3ce\u00e1ni part menti gazdas\u00e1gok k\u00f6z\u00f6ss\u00e9ge \u2013 z\u00e1szlaja alatt Peru tart\u00f3s makrogazdas\u00e1gi stabilit\u00e1st \u00e9s nyitotts\u00e1got k\u00f6nyvelhetett el a nemzetk\u00f6zi kereskedelem ir\u00e1nt. Tagja olyan f\u00f3rumoknak, mint az \u00c1zsia-Csendes-\u00f3ce\u00e1ni Gazdas\u00e1gi Egy\u00fcttm\u0171k\u00f6d\u00e9s, a Csendes-\u00f3ce\u00e1ni Sz\u00f6vets\u00e9g \u00e9s a Transzcsendes-\u00f3ce\u00e1ni Partners\u00e9g\u00e9rt sz\u00f3l\u00f3 \u00c1tfog\u00f3 \u00e9s Progressz\u00edv Meg\u00e1llapod\u00e1s. A v\u00e1s\u00e1rl\u00f3er\u0151-parit\u00e1s alapj\u00e1n a negyvennyolcadik helyen \u00e1ll\u00f3, a fels\u0151-k\u00f6z\u00e9ps\u0151 j\u00f6vedelmi besorol\u00e1s\u00fa \u00e9s 2024-ben 0,767 k\u00f6r\u00fcli HDI-vel Peru cs\u00f6kkentette a m\u00e9lyszeg\u00e9nys\u00e9get, m\u00e9gis egyenl\u0151tlens\u00e9ggel k\u00fczd. Az infl\u00e1ci\u00f3 2023-ban el\u00e9rte a 8,6 sz\u00e1zal\u00e9kot, a munkan\u00e9lk\u00fclis\u00e9g pedig k\u00f6zel n\u00e9gy sz\u00e1zal\u00e9kos.<\/p>\n<p>A k\u00f6zleked\u00e9si infrastrukt\u00fara k\u00f6r\u00fclbel\u00fcl 175 589 kilom\u00e9ter hossz\u00fa \u00fath\u00e1l\u00f3zatot \u00f6lel fel, amelyb\u0151l nagyj\u00e1b\u00f3l huszonkilencezer aszfaltozott. A f\u0151bb \u00fatvonalak \u2013 a Panamerikai \u00e9s az \u00d3ce\u00e1n-k\u00f6zi aut\u00f3p\u00e1ly\u00e1k \u2013 \u00f6sszek\u00f6tik a partvid\u00e9ket a bels\u0151 r\u00e9gi\u00f3kkal \u00e9s a szomsz\u00e9dos orsz\u00e1gokkal. A vas\u00fatvonalak tov\u00e1bbra is korl\u00e1tozottak, \u00f6sszesen kevesebb mint k\u00e9tezer kilom\u00e9tert tesznek ki. A nemzetk\u00f6zi k\u00f6zleked\u00e9s a limai, cuscoi \u00e9s arequipai rep\u00fcl\u0151terekre t\u00e1maszkodik. A Jorge Ch\u00e1vez Nemzetk\u00f6zi Rep\u00fcl\u0151t\u00e9r kifut\u00f3p\u00e1ly\u00e1j\u00e1t, termin\u00e1lj\u00e1t \u00e9s t\u00e1mogat\u00f3 l\u00e9tes\u00edtm\u00e9nyeit egy olyan \u201eRep\u00fcl\u0151t\u00e9ri V\u00e1ross\u00e1\u201d b\u0151v\u00edti, amely 2024 v\u00e9g\u00e9re \u00e9vi negyvenmilli\u00f3 utas kiszolg\u00e1l\u00e1s\u00e1ra lesz k\u00e9pes. A felf\u00f6ld\u00f6n az \u00faj Chinchero Nemzetk\u00f6zi Rep\u00fcl\u0151t\u00e9r v\u00e1ltja fel a cusc\u00f3i Velasco Astete l\u00e9tes\u00edtm\u00e9nyt, k\u00f6zvetlen nemzetk\u00f6zi kapcsolatokat k\u00edn\u00e1lva Lim\u00e1n kereszt\u00fcli tranzit n\u00e9lk\u00fcl.<\/p>\n<p>A tengeri kereskedelem olyan kik\u00f6t\u0151k k\u00f6r\u00e9 \u00f6sszpontosul, mint Callao, a Chancay kik\u00f6t\u0151i termin\u00e1l folyamatos fejleszt\u00e9s\u00e9vel \u2013 egy k\u00f6z\u00f6s k\u00ednai-perui v\u00e1llalkoz\u00e1ssal, amely v\u00e1rhat\u00f3an Latin-Amerika legnagyobbj\u00e1v\u00e1 v\u00e1lik. A belv\u00edzi utak, bele\u00e9rtve az Amazonas-menti \u00e9s a Titicaca-t\u00f3 menti \u00fatvonalakat, kieg\u00e9sz\u00edtik a t\u00f6meges \u00e1ru- \u00e9s szem\u00e9lysz\u00e1ll\u00edt\u00e1st.<\/p>\n<p>A turizmus az orsz\u00e1g harmadik legnagyobb ipar\u00e1ga a hal\u00e1szat \u00e9s a b\u00e1ny\u00e1szat ut\u00e1n. A l\u00e1togat\u00f3k magas el\u00e9gedetts\u00e9gi mutat\u00f3kat mutatnak, a tanulm\u00e1nyok t\u00f6bb mint kilencven sz\u00e1zal\u00e9kos ar\u00e1nyr\u00f3l sz\u00e1molnak be. Az elm\u00falt \u00e9vekben az \u00e9rkez\u0151k sz\u00e1ma \u00e9vente mintegy huszon\u00f6t sz\u00e1zal\u00e9kkal n\u0151tt, ami a GDP k\u00f6r\u00fclbel\u00fcl h\u00e9t sz\u00e1zal\u00e9k\u00e1t teszi ki, \u00e9s k\u00f6zel f\u00e9lmilli\u00f3 k\u00f6zvetlen munkahelyet teremt. A Perui Export \u00e9s Turizmus El\u0151mozd\u00edt\u00e1s\u00e1\u00e9rt Felel\u0151s Bizotts\u00e1g fel\u00fcgyeli a politik\u00e1t, m\u00edg a Marca Per\u00fa kezdem\u00e9nyez\u00e9s a nemzeti term\u00e9keket export, turizmus \u00e9s befektet\u00e9sek ter\u00e9n \u00e9rt\u00e9kes\u00edti.<\/p>\n<p>A turisztikai \u00fatvonalak nagyj\u00e1b\u00f3l feloszthat\u00f3k a d\u00e9li \u00fatvonalra \u2013 amely Lim\u00e1t, Ic\u00e1t, Nazc\u00e1t, Arequip\u00e1t, Pun\u00f3t, Cusc\u00f3t \u00e9s a Machu Picchun\u00e1l cs\u00facsosod\u00f3 Szent V\u00f6lgyet k\u00f6ti \u00f6ssze \u2013, valamint az \u00c1ncashban tal\u00e1lhat\u00f3 Callej\u00f3n de Huaylasra, amely a magaslati mez\u0151gazdas\u00e1g\u00e1r\u00f3l \u00e9s a felt\u00f6rekv\u0151 hegyvid\u00e9ki konyh\u00e1j\u00e1r\u00f3l h\u00edres. Tov\u00e1bbi kir\u00e1ndul\u00e1sok a Mantaro \u00e9s a Tarma v\u00f6lgyeket, Trujill\u00f3t \u00e9s annak v\u00e1lyogh\u00e1z\u00e1t, Chan Chant, Huanchaco f\u00fcrd\u0151v\u00e1ros\u00e1t, valamint a dzsungel kapuit, p\u00e9ld\u00e1ul Iquitost \u00e9s Puerto Maldonad\u00f3t fedezik fel. Peru tizenn\u00e9gy UNESCO Vil\u00e1g\u00f6r\u00f6ks\u00e9gi helysz\u00ednnek \u00e9s tizenegy nemzeti parknak ad otthont, amelyek mindegyike a biol\u00f3giai sokf\u00e9les\u00e9g \u00e9s a kultur\u00e1lis \u00f6r\u00f6ks\u00e9g egy-egy aspektus\u00e1t \u0151rzi.<\/p>\n<p>Demogr\u00e1fiailag Peru lakoss\u00e1ga 2022-es el\u0151rejelz\u00e9sek szerint k\u00f6r\u00fclbel\u00fcl 33,4 milli\u00f3 f\u0151 volt, ami k\u00f6zel 26 f\u0151\/n\u00e9gyzetkilom\u00e9ter n\u00e9ps\u0171r\u0171s\u00e9get jelent. A tengerparti lakosok a lakoss\u00e1g k\u00f6zel hatvan sz\u00e1zal\u00e9k\u00e1t teszik ki, huszonh\u00e9t sz\u00e1zal\u00e9kuk hegyvid\u00e9ki ter\u00fcleteken, tizenn\u00e9gy sz\u00e1zal\u00e9kuk pedig dzsungelben \u00e9l. A urbaniz\u00e1ci\u00f3 folyamatosan n\u00f6vekszik; 2020-ra nyolcvan sz\u00e1zal\u00e9kuk v\u00e1rosokban \u00e9lt. A n\u00f6veked\u00e9si \u00fctem az 1950-es 2,6 sz\u00e1zal\u00e9kr\u00f3l napjainkra k\u00f6r\u00fclbel\u00fcl 1,1 sz\u00e1zal\u00e9kra cs\u00f6kkent, ami a sz\u00e1zad k\u00f6zep\u00e9re k\u00f6zel negyvenk\u00e9tmilli\u00f3s n\u00e9pess\u00e9get j\u00f3sol. Az etnikai \u00f6sszet\u00e9tel az amerikai indi\u00e1n, eur\u00f3pai, afrikai \u00e9s \u00e1zsiai lesz\u00e1rmaz\u00e1si vonalak \u00e9vsz\u00e1zados cser\u00e9j\u00e9t t\u00fckr\u00f6zi. A spanyol a domin\u00e1ns nyelv, b\u00e1r a kecsua, az ajmara \u00e9s m\u00e1s \u0151slakos nyelvek tov\u00e1bbra is l\u00e9tfontoss\u00e1g\u00faak sok k\u00f6z\u00f6ss\u00e9gben.<\/p>\n<p>A perui kultur\u00e1lis kifejez\u00e9s \u00e9vezredek k\u00e9zm\u0171vess\u00e9g\u00e9re \u00e9s m\u0171v\u00e9szet\u00e9re \u00e9p\u00edt. Az ink\u00e1k el\u0151tti ker\u00e1mia, textil \u00e9s koh\u00e1szat technikai szabv\u00e1nyokat hat\u00e1rozott meg, amelyeket az ink\u00e1k monument\u00e1lis \u00e9p\u00edt\u00e9szettel, nevezetesen Machu Picchu teraszaival \u00e9s k\u0151m\u0171vess\u00e9g\u00e9vel finom\u00edtottak. A gyarmati uralom bevezette a barokk eszt\u00e9tik\u00e1t, amely az andoki templomokban \u00e9s a Cusco Iskola festm\u00e9nyeiben mutatkozik meg. A m\u0171v\u00e9szeti innov\u00e1ci\u00f3 a f\u00fcggetlens\u00e9g ut\u00e1n lelassult, de a huszadik sz\u00e1zadban \u00fajra fellend\u00fclt az Indigenismo mozgalommal \u00e9s az azt k\u00f6vet\u0151, glob\u00e1lis \u00e9s helyi hat\u00e1sokat \u00f6tv\u00f6z\u0151 plur\u00e1lis \u00e1ramlatokkal.<\/p>\n<p>A konyham\u0171v\u00e9szet a f\u00f6ldrajzi ter\u00fcletek \u00e9s n\u00e9pek tal\u00e1lkoz\u00e1s\u00e1t testes\u00edti meg. Az alapvet\u0151 \u00e9telek k\u00f6z\u00e9 tartozik sz\u00e1mos \u0151shonos gum\u00f3 \u2013 t\u00f6bb mint h\u00e1romezer burgonyafajta \u2013, a kukorica, a quinoa, a rizs \u00e9s a h\u00fcvelyesek mellett. A spanyol, afrikai, k\u00ednai, jap\u00e1n \u00e9s m\u00e1s bev\u00e1ndorl\u00f3 hagyom\u00e1nyok \u00f6tv\u00f6z\u0151dtek az \u0151shonos szok\u00e1sokkal, \u00edgy olyan \u00e9telek sz\u00fclettek, mint az anticuchos, a ceviche \u00e9s a pachamanca. A limai Central Restaurante, Gast\u00f3n Acurio s\u00e9f vezet\u00e9s\u00e9vel, a nemzeti konyha p\u00e9ld\u00e1j\u00e1t k\u00e9pviseli azzal, hogy szezon\u00e1lis alapanyagokat k\u00edn\u00e1l a tengerpartr\u00f3l, a felf\u00f6ldr\u0151l \u00e9s a dzsungelb\u0151l, gondosan \u00f6ssze\u00e1ll\u00edtott \u00e9tlapokon.<\/p>\n<p>Peru a k\u00f6rnyezet, a t\u00f6rt\u00e9nelem \u00e9s a kult\u00fara \u00f6sszetett k\u00f6lcs\u00f6nhat\u00e1s\u00e1t mutatja be. Partjai, hegyei \u00e9s erdei tov\u00e1bbra is felfedez\u00e9sre v\u00e1rnak a tud\u00f3sok, a l\u00e1togat\u00f3k \u00e9s a v\u00e1llalkoz\u00e1sok sz\u00e1m\u00e1ra egyar\u00e1nt. Az egyenl\u0151tlens\u00e9g \u00e9s a korm\u00e1nyz\u00e1s \u00e1lland\u00f3 kih\u00edv\u00e1sai k\u00f6zepette a nemzet r\u00e9tegzett \u00f6r\u00f6ks\u00e9ge \u00e9s er\u0151forr\u00e1sb\u00e1zisa tov\u00e1bbra is meghat\u00e1rozza p\u00e1lyafut\u00e1s\u00e1t.<\/p>","protected":false},"excerpt":{"rendered":"<p>Peru, a country tucked away on South America&#8217;s western coast, is a tribute to both the diversity of human culture and the wonders of nature. Covering 1,285,216 square kilometers and with a population of more than 32 million, this nation offers researchers and visitors a unique mix of ancient history, cultural variety, and natural beauties.<\/p>","protected":false},"author":1,"featured_media":4270,"parent":24096,"menu_order":0,"comment_status":"closed","ping_status":"closed","template":"elementor_theme","meta":{"_eb_attr":"","footnotes":""},"class_list":["post-7175","page","type-page","status-publish","has-post-thumbnail"],"_links":{"self":[{"href":"https:\/\/travelshelper.com\/hu\/wp-json\/wp\/v2\/pages\/7175","targetHints":{"allow":["GET"]}}],"collection":[{"href":"https:\/\/travelshelper.com\/hu\/wp-json\/wp\/v2\/pages"}],"about":[{"href":"https:\/\/travelshelper.com\/hu\/wp-json\/wp\/v2\/types\/page"}],"author":[{"embeddable":true,"href":"https:\/\/travelshelper.com\/hu\/wp-json\/wp\/v2\/users\/1"}],"replies":[{"embeddable":true,"href":"https:\/\/travelshelper.com\/hu\/wp-json\/wp\/v2\/comments?post=7175"}],"version-history":[{"count":0,"href":"https:\/\/travelshelper.com\/hu\/wp-json\/wp\/v2\/pages\/7175\/revisions"}],"up":[{"embeddable":true,"href":"https:\/\/travelshelper.com\/hu\/wp-json\/wp\/v2\/pages\/24096"}],"wp:featuredmedia":[{"embeddable":true,"href":"https:\/\/travelshelper.com\/hu\/wp-json\/wp\/v2\/media\/4270"}],"wp:attachment":[{"href":"https:\/\/travelshelper.com\/hu\/wp-json\/wp\/v2\/media?parent=7175"}],"curies":[{"name":"wp","href":"https:\/\/api.w.org\/{rel}","templated":true}]}}