{"id":6656,"date":"2024-08-19T01:16:56","date_gmt":"2024-08-19T01:16:56","guid":{"rendered":"https:\/\/travelshelper.com\/staging\/?page_id=6656"},"modified":"2026-03-14T00:02:25","modified_gmt":"2026-03-14T00:02:25","slug":"paraguay","status":"publish","type":"page","link":"https:\/\/travelshelper.com\/hu\/destinations\/south-america\/paraguay\/","title":{"rendered":"Paraguay"},"content":{"rendered":"<p>Paraguay, hivatalos nev\u00e9n Paraguay K\u00f6zt\u00e1rsas\u00e1g, k\u00f6zponti helyet foglal el a d\u00e9l-amerikai kontinensen. Mivel nincs k\u00f6zvetlen tengeri kij\u00e1rata, d\u00e9lr\u0151l \u00e9s d\u00e9lnyugatr\u00f3l Argent\u00edna, keletr\u0151l \u00e9s \u00e9szakkeletr\u0151l Braz\u00edlia, \u00e9szaknyugatr\u00f3l pedig Bol\u00edvia hat\u00e1rolja. A Paraguay foly\u00f3 v\u00e9kony cs\u00edkja kett\u00e9szeli az orsz\u00e1got, innen ered az orsz\u00e1g neve, \u00e9s k\u00e9t k\u00fcl\u00f6n\u00e1ll\u00f3 r\u00e9gi\u00f3t v\u00e1laszt el egym\u00e1st\u00f3l: a hull\u00e1mz\u00f3 s\u00edks\u00e1gok \u00e9s erd\u0151s dombok keleti r\u00e9sz\u00e9t, valamint a Gran Chaco nyugati kiterjed\u00e9s\u00e9t, amely gy\u00e9r n\u00f6v\u00e9nyzet\u0171 \u00e9s id\u0151szakos mocsaras ter\u00fcletekb\u0151l \u00e1ll.<\/p>\n<p>A lakoss\u00e1g k\u00f6zel 6,1 milli\u00f3 f\u0151. Asunci\u00f3nban, a f\u0151v\u00e1rosban \u00e9s a kereskedelem \u00e9s a korm\u00e1nyz\u00e1s f\u0151 k\u00f6zpontj\u00e1ban, valamint a hozz\u00e1 kapcsol\u00f3d\u00f3 k\u00fclv\u00e1rosokban k\u00f6zel 2,3 milli\u00f3an \u00e9lnek. A keleti s\u00edks\u00e1g vid\u00e9ki k\u00f6rzetei fenntartj\u00e1k a mez\u0151gazdas\u00e1gi ritmusokat, m\u00edg a lakosoknak csak kis t\u00f6red\u00e9ke \u2013 sz\u00e1zb\u00f3l kevesebb mint n\u00e9gy \u2013 \u00e9l a hatalmas Chaco ter\u00fcleten, amely az orsz\u00e1g ter\u00fclet\u00e9nek t\u00f6bb mint fel\u00e9t foglalja el.<\/p>\n<p>A modern Paraguay eredete a spanyol felfedez\u0151k 1524-es \u00e9rkez\u00e9s\u00e9ig ny\u00falik vissza. Kicsit t\u00f6bb mint egy \u00e9vtizeddel k\u00e9s\u0151bb, 1537-ben, konkviszt\u00e1dorok \u00e9gisze alatt l\u00e9trej\u00f6tt Asunci\u00f3n telep\u00fcl\u00e9s, amely a R\u00edo de la Plata korm\u00e1nyz\u00f3s\u00e1g els\u0151 k\u00f6zigazgat\u00e1si k\u00f6zpontja volt. A k\u00f6vetkez\u0151 \u00e9vsz\u00e1zadban a jezsuita misszion\u00e1riusok misszi\u00f3s h\u00e1l\u00f3zatot hoztak l\u00e9tre az \u0151slakos guaran\u00ed lakoss\u00e1g k\u00f6r\u00e9ben, bevezetve a vall\u00e1si oktat\u00e1st a mez\u0151gazdas\u00e1gi \u00e9s k\u00e9zm\u0171ves technik\u00e1k mellett. Ezek a telep\u00fcl\u00e9sek \u00f6tv\u00f6zt\u00e9k az \u0151shonos \u00e9s az eur\u00f3pai \u00e9let elemeit eg\u00e9szen a jezsuita rend 1767-es ki\u0171z\u00e9s\u00e9ig. A perif\u00e9rikus gyarmati birtokk\u00e1 reduk\u00e1l\u00f3dott Paraguay az 1800-as \u00e9vek elej\u00e9ig fennmaradt, amikor a r\u00e9gi\u00f3 elnyerte f\u00fcggetlens\u00e9g\u00e9t Spanyolorsz\u00e1gt\u00f3l.<\/p>\n<p>A tizenkilencedik sz\u00e1zad viharosnak bizonyult. Az \u00fajonnan szuver\u00e9n \u00e1llamon bel\u00fcl egym\u00e1st k\u00f6vet\u0151 er\u0151skez\u0171 korm\u00e1nyok emelkedtek fel. 1864-t\u0151l 1870-ig Paraguay h\u00e1bor\u00fak\u00e9nt ismert konfliktus s\u00fajtotta Paraguayt Braz\u00edlia, Argent\u00edna \u00e9s Uruguay sz\u00f6vets\u00e9g\u00e9vel. A konfliktus puszt\u00edt\u00f3 csap\u00e1st m\u00e9rt Paraguayra: ter\u00fclet\u00e9nek egyharmad\u00e1r\u00f3l lemondott, lakoss\u00e1g\u00e1nak nagyj\u00e1b\u00f3l fel\u00e9t pedig elvesztette. A helyre\u00e1ll\u00edt\u00e1s \u00e9vtizedekig tartott. A huszadik sz\u00e1zad elej\u00e9n Paraguay ism\u00e9t nagyszab\u00e1s\u00fa fegyveres harcokba keveredett Bol\u00edvia ellen a Chaco-h\u00e1bor\u00fa (1932\u20131935) sor\u00e1n; ez\u00fattal a paraguayi er\u0151k megtartott\u00e1k hatalmukat a vitatott ter\u00fcleteken.<\/p>\n<p>Az ezt k\u00f6vet\u0151 \u00e9vtizedek politikai \u00e9lete katonai vezet\u00e9s\u0171 rezsimek sorozata alatt bontakozott ki. A leghosszabb ideig tart\u00f3 1954-ben alakult ki, amikor Alfredo Stroessner \u00e1tvette az ir\u00e1ny\u00edt\u00e1st. Korm\u00e1nyzata egy 1989-es puccsig korm\u00e1nyzott, amely a polg\u00e1ri uralom \u00e9s a v\u00e1laszt\u00e1si verseny jelenlegi id\u0151szak\u00e1t nyitotta meg.<\/p>\n<p>Paraguay gazdas\u00e1ga region\u00e1lis kereskedelmi blokkok keret\u00e9ben fejl\u0151d\u00f6tt. Az orsz\u00e1g a D\u00e9li K\u00f6z\u00f6s Piac (Mercosur) alap\u00edt\u00f3 tagjai k\u00f6z\u00f6tt van, \u00e9s helyet foglal el az Egyes\u00fclt Nemzetek Szervezet\u00e9ben, az Amerikai \u00c1llamok Szervezet\u00e9ben, a Nem K\u00f6telezettek Mozgalm\u00e1ban \u00e9s a Lima-csoportban. B\u00e1r tengerparttal nem rendelkezik, Paraguay exportj\u00e1t \u00e9s importj\u00e1t a Paran\u00e1\u2013Paraguay v\u00edzi \u00faton kereszt\u00fcl bonyol\u00edtja le, el\u00e9rve az atlanti kik\u00f6t\u0151ket. A folyami sz\u00e1ll\u00edt\u00e1s tov\u00e1bbra is l\u00e9tfontoss\u00e1g\u00fa, amely \u00e1rukat sz\u00e1ll\u00edt \u00e9szak fel\u00e9 Asunci\u00f3n kik\u00f6t\u0151j\u00e9be, majd onnan Buenos Airesbe, ahol nemzetk\u00f6zi haj\u00f3z\u00e1si j\u00e1ratok k\u00f6tnek ki.<\/p>\n<p>Topogr\u00e1fiailag a keleti r\u00e9gi\u00f3 \u2013 amelyet Regi\u00f3n Oriental n\u00e9ven ismernek \u2013 f\u00fcves s\u00edks\u00e1gokat foglal mag\u00e1ban, amelyeket erd\u0151s magaslatok tark\u00edtanak. A term\u00e9keny \u00e9s m\u00e9ly talaj biztos\u00edtja a sz\u00f3ja-, kukorica- \u00e9s szarvasmarha-teny\u00e9szt\u00e9st. Nyugaton, a Chaco vagy Regi\u00f3n Occidental ter\u00fclet\u00e9n a terep cserj\u00e9sek \u00e9s id\u0151szakos vizes \u00e9l\u0151helyek kiterjed\u00e9s\u00e9v\u00e9 laposodik. Hat \u00f6kol\u00f3giai z\u00f3na metszi egym\u00e1st az orsz\u00e1ghat\u00e1rokon bel\u00fcl: az Alto Paran\u00e1 atlanti erd\u0151i, a p\u00e1r\u00e1s \u00e9s sz\u00e1raz Chaco, a Cerrado szavann\u00e1k, a Pantanal \u00e1rter\u00fcletei \u00e9s a Paran\u00e1 \u00e1ltal el\u00e1rasztott gyepek. Az erd\u0151k integrit\u00e1sa glob\u00e1lis szinten k\u00f6zepesnek min\u0151s\u00fcl; 2019-ben Paraguay a 172 orsz\u00e1g k\u00f6z\u00fcl a hetvennegyedik helyen v\u00e9gzett a t\u00e1jv\u00e9delem ter\u00e9n. A f\u00f6ld alatti Guarani v\u00edztart\u00f3 r\u00e9teg Amerika egyik legnagyobb \u00e9desv\u00edzt\u00e1roz\u00f3ja.<\/p>\n<p>Az \u00e9ghajlat k\u00e9t \u00e9vszakb\u00f3l \u00e1ll: okt\u00f3bert\u0151l m\u00e1rciusig egy p\u00e1r\u00e1s id\u0151szak, \u00e1prilist\u00f3l szeptemberig pedig egy sz\u00e1razabb id\u0151szak. Hegyi akad\u00e1lyok hi\u00e1ny\u00e1ban a part menti \u00e9s andoki l\u00e9gt\u00f6megek akad\u00e1lytalanul s\u00f6p\u00f6rnek \u00e1t az orsz\u00e1gon. M\u00e1just\u00f3l augusztusig h\u0171v\u00f6sebb szelek \u00e9rkeznek az Andokb\u00f3l, t\u00e9li \u00e9jszak\u00e1kon id\u0151nk\u00e9nt fagypont al\u00e1 s\u00fcllyesztve a h\u0151m\u00e9rs\u00e9kletet. Ezzel szemben a ny\u00e1ri cs\u00facsh\u0151m\u00e9rs\u00e9klet janu\u00e1rban k\u00f6zel 29 Celsius-fokot \u00e9r el, amit az Amazonas-medenc\u00e9b\u0151l \u00e9rkez\u0151 \u00e9szaki \u00e1ramlatok hajtanak. A csapad\u00e9kmennyis\u00e9g nyugat fel\u00e9 cs\u00f6kken \u2013 a keleti erd\u0151kben \u00e9vi nagyj\u00e1b\u00f3l 170 centim\u00e9terr\u0151l a Chaco-medenc\u00e9ben 50 centim\u00e9ter al\u00e1 \u2013, ami alak\u00edtja a mez\u0151gazdas\u00e1gi lehet\u0151s\u00e9geket \u00e9s a telep\u00fcl\u00e9ss\u0171r\u0171s\u00e9get.<\/p>\n<p>K\u00f6zigazgat\u00e1silag Paraguay tizenh\u00e9t megy\u00e9re, valamint Asunci\u00f3n f\u0151v\u00e1rosi ker\u00fclet\u00e9re oszlik. A megy\u00e9k k\u00e9t \u00e1tfog\u00f3 r\u00e9gi\u00f3ban helyezkednek el: h\u00e1rom a Chac\u00f3ban \u2013 Boquer\u00f3n, Alto Paraguay \u00e9s Presidente Hayes \u2013, a t\u00f6bbi pedig a keleti fel\u00e9n, az orsz\u00e1gos f\u0151v\u00e1ros mellett tal\u00e1lhat\u00f3. Az \u00fath\u00e1l\u00f3zatok hossza meghaladja a 78 850 kilom\u00e9tert, b\u00e1r kevesebb mint tizenn\u00e9gy sz\u00e1zal\u00e9kuk burkolt. A leg\u00fajabb infrastruktur\u00e1lis beruh\u00e1z\u00e1sok k\u00f6z\u00e9 tartozik a Bioceanic Corridor, egy transznacion\u00e1lis aut\u00f3p\u00e1lya, amely nyugat fel\u00e9 halad, \u00e9s \u00c9szak-Paraguayn kereszt\u00fcl k\u00f6ti \u00f6ssze a brazil \u00e9s argentin kik\u00f6t\u0151ket. A tervezett befejez\u00e9s ut\u00e1n k\u00f6zel 550 kilom\u00e9ter hosszan fog \u00e1thaladni ritk\u00e1n \u00f6sszek\u00f6t\u00f6tt ker\u00fcleteken, \u00faj \u00fatvonalakat \u00edg\u00e9rve az exportforgalom sz\u00e1m\u00e1ra, \u00e9s megnyitva a bels\u0151 ter\u00fcleteket a beruh\u00e1z\u00e1sok el\u0151tt. 2022 elej\u00e9n Paraguay felavatta az \u00fatvonal k\u00f6r\u00fclbel\u00fcl fel\u00e9t, amely a brazil hat\u00e1ron fekv\u0151 Carmelo Peralta v\u00e1ros\u00e1t k\u00f6ti \u00f6ssze a boquer\u00f3ni Loma Plat\u00e1val. Ezzel egyidej\u0171leg haladtak a 2-es \u00fat s\u00e1vjainak megdupl\u00e1z\u00e1s\u00e1val kapcsolatos munk\u00e1latok Asunci\u00f3n \u00e9s Ciudad del Este \u2013 egy fontos braz\u00edliai hat\u00e1r\u00e1tkel\u0151hely \u2013 k\u00f6z\u00f6tt, k\u00f6zel 100 kilom\u00e9terrel b\u0151v\u00edtve a s\u00e1vot ugyanazon \u00e9v janu\u00e1rj\u00e1ig.<\/p>\n<p>A l\u00e9gi \u00f6sszek\u00f6ttet\u00e9sek az Asunci\u00f3n k\u00f6zel\u00e9ben tal\u00e1lhat\u00f3 Silvio Pettirossi nemzetk\u00f6zi rep\u00fcl\u0151t\u00e9r k\u00f6r\u00fcl forognak, amely gyakori k\u00f6zvet\u00edt\u0151 a D\u00e9l-Amerik\u00e1n \u00e1t\u00edvel\u0151 j\u00e1ratokhoz. Keletebbre a Ciudad del Este-i rep\u00fcl\u0151t\u00e9r jelent\u0151s mennyis\u00e9g\u0171 \u00e1rut sz\u00e1ll\u00edt a Braz\u00edli\u00e1t \u00e9s Argent\u00edn\u00e1t \u00f6sszek\u00f6t\u0151 h\u00e1rmashat\u00e1ron \u00e1t.<\/p>\n<p>Demogr\u00e1fiailag Paraguayban nagyfok\u00fa etnikai kevered\u00e9s figyelhet\u0151 meg. A t\u00f6bbs\u00e9g \u2013 t\u00f6bb mint kilencven sz\u00e1zal\u00e9k \u2013 eur\u00f3pai \u00e9s \u0151slakos \u0151s\u00f6k\u00f6n, t\u00falnyom\u00f3r\u00e9szt a guaran\u00edkon kereszt\u00fcl vezeti vissza a lesz\u00e1rmaz\u00e1si vonalait. A guaran\u00ed nyelv a spanyol mellett tov\u00e1bbra is k\u00f6z\u00f6s nyelvk\u00e9nt \u00e9l; paraguayiak t\u00f6bb mint kilenctizede besz\u00e9l guaran\u00ed dialektust, \u00e9s a jopara, a guaran\u00ed \u00e9s a spanyol anyanyelv kever\u00e9ke, \u00e1thatja a mindennapi besz\u00e9lget\u00e9seket. Az urbaniz\u00e1ci\u00f3 nagyj\u00e1b\u00f3l hatvanh\u00e1rom sz\u00e1zal\u00e9kot \u00e9r el, ami D\u00e9l-Amerika egyik legalacsonyabb ar\u00e1nya, a lakosok t\u00f6bbs\u00e9ge Asunci\u00f3nban \u00e9s k\u00f6rny\u00e9k\u00e9n \u00e9l.<\/p>\n<p>A kultur\u00e1lis \u00e9let a guaran\u00ed szok\u00e1sok \u00e9s az ib\u00e9riai hat\u00e1sok kevered\u00e9s\u00e9t t\u00fckr\u00f6zi. A h\u00edmz\u00e9shagyom\u00e1nyok, mint p\u00e9ld\u00e1ul az ao po&#039;\u00ed \u00e9s a \u00f1andut\u00ed n\u00e9ven ismert csipkever\u00e9s, a ruh\u00e1zati cikkekben \u00e9s a h\u00e1ztart\u00e1si text\u00edli\u00e1kban is megjelennek. A zenei form\u00e1k a helyi h\u00e1rf\u00e1n \u00e9s git\u00e1ron alapulnak, \u00e9l\u00e9nk polk\u00e1kban \u00e9s a kim\u00e9rtebb guaran\u00ed\u00e1ban nyilv\u00e1nulnak meg, egy m\u0171fajban, amelyet Jos\u00e9 Asunci\u00f3n Flores alak\u00edtott ki a huszadik sz\u00e1zad elej\u00e9n. N\u00e9pi hangszerek sz\u00f3lnak a v\u00e1rosi tereken, m\u00edg a r\u00e1di\u00f3\u00e1llom\u00e1sok folyamatosan biztos\u00edtanak k\u00e9tnyelv\u0171 m\u0171sorokat.<\/p>\n<p>A paraguayi konyha hasonl\u00f3k\u00e9ppen kifejezi ezt a f\u00fazi\u00f3t. A mani\u00f3ka, egy gy\u00f6k\u00e9rz\u00f6lds\u00e9g, kenyerek \u00e9s s\u00fctem\u00e9nyek alapj\u00e1t k\u00e9pezi \u2013 legink\u00e1bb a chipa, egy sajttal \u00e9s kukoricaliszttel kevert gy\u0171r\u0171 alak\u00fa keny\u00e9r \u2013, valamint a sopa paraguaya, egy s\u0171r\u0171 kukoricas\u00fctem\u00e9ny, amelyet gyakran szolg\u00e1lnak fel \u00f6sszej\u00f6veteleken. Az \u00e9telek tejterm\u00e9keket, hagym\u00e1t, paprik\u00e1t \u00e9s friss kukoric\u00e1t kombin\u00e1lnak a p\u00f6rk\u00f6ltekben \u00e9s a k\u00f6retekben, fenntartva azt a kulin\u00e1ris identit\u00e1st, amely mind az \u0151si, mind az \u00f6r\u00f6k\u00f6lt elemeket tiszteli.<\/p>\n<p>Az irodalom \u00e9s a film a huszadik sz\u00e1zad k\u00f6zep\u00e9n fejl\u0151d\u00f6tt, mivel olyan \u00edr\u00f3k, mint Jos\u00e9 Ricardo Maz\u00f3, Roque Vallejos \u00e9s Augusto Roa Bastos \u00faj k\u00f6lt\u0151i \u00e9s narrat\u00edv ter\u00fcleteket t\u00e9rk\u00e9peztek fel. Roa Bastos, akinek munk\u00e1ss\u00e1g\u00e1t Nobel-d\u00edjjal ismert\u00e9k el, a paraguayi tapasztalatoknak adott hangot a pszichol\u00f3giai m\u00e9lys\u00e9ggel jellemzett pr\u00f3z\u00e1ban. Az orsz\u00e1g filmes er\u0151fesz\u00edt\u00e9sei tov\u00e1bbra is szer\u00e9nyek, de t\u00fckr\u00f6zik a helyi t\u00f6rt\u00e9netek dokument\u00e1l\u00e1sa ir\u00e1nti n\u00f6vekv\u0151 \u00e9rdekl\u0151d\u00e9st.<\/p>\n<p>A h\u00e1ztart\u00e1sokon bel\u00fcl a t\u00e1rsadalmi strukt\u00far\u00e1k a k\u00f6lcs\u00f6n\u00f6s k\u00f6telezetts\u00e9get hangs\u00falyozz\u00e1k. A kiterjesztett csal\u00e1di k\u00f6tel\u00e9kek vid\u00e9ki \u00e9s v\u00e1rosi k\u00f6rnyezetben egyar\u00e1nt \u00e1tsz\u00f6vik egym\u00e1st. Sok k\u00f6z\u00f6ss\u00e9gben a keresztsz\u00fcl\u0151k kv\u00e1zi patr\u00f3nus szerepet t\u00f6ltenek be, akiket helyzet\u00fck alapj\u00e1n v\u00e1lasztanak ki, \u00e9s elv\u00e1rj\u00e1k t\u0151l\u00fck, hogy egy inform\u00e1lis t\u00e1mogat\u00f3 h\u00e1l\u00f3zat r\u00e9szek\u00e9nt \u00fatmutat\u00e1st \u00e9s v\u00e9delmet ny\u00fajtsanak keresztgyermekeiknek.<\/p>\n<p>Nemzetk\u00f6zi szinten Paraguay emberi fejletts\u00e9gi indexe a 105. helyre sorolta glob\u00e1lisan, ami az oktat\u00e1s, az eg\u00e9szs\u00e9g\u00fcgy \u00e9s a j\u00f6vedelmek ter\u00e9n el\u00e9rt halad\u00e1st jelzi, b\u00e1r van m\u00e9g mit jav\u00edtani. A v\u00e1s\u00e1rl\u00f3er\u0151-parit\u00e1son m\u00e9rt egy f\u0151re jut\u00f3 GDP a hetedik helyen \u00e1llt a d\u00e9l-amerikai nemzetek k\u00f6z\u00f6tt. 2014-ben egy glob\u00e1lis felm\u00e9r\u00e9s Paraguayt a \u201evil\u00e1g legboldogabb hely\u00e9nek\u201d nevezte, a magas, \u00f6nbevall\u00e1son alapul\u00f3 \u00e9lettel val\u00f3 el\u00e9gedetts\u00e9get a k\u00f6z\u00f6ss\u00e9gi k\u00f6tel\u00e9keknek \u00e9s a kultur\u00e1lis koh\u00e9zi\u00f3nak tulajdon\u00edtva.<\/p>\n<p>Paraguay ma a hagyom\u00e1nyok \u00e9s a v\u00e1ltoz\u00e1sok keresztez\u0151d\u00e9s\u00e9ben \u00e1ll. Ahogy az utak \u00e9s v\u00edzi utak \u00faj \u00fatvonalakat t\u00e1rnak fel, ahogy a v\u00e1rosok terjeszkednek, \u00e9s az erd\u0151s dombok kiakn\u00e1zatlan lehet\u0151s\u00e9gekr\u0151l suttognak, az orsz\u00e1g stabil korm\u00e1nyz\u00e1s alatt fejl\u0151dik. N\u00e9pe tov\u00e1bbra is a foly\u00f3 \u00e9s a talaj ritmus\u00e1hoz, az \u00f6r\u00f6k\u00f6lt \u00e9s adapt\u00e1lt nyelvekhez, valamint a mindennapi \u00e9letet megalapoz\u00f3 szok\u00e1sokhoz k\u00f6t\u0151dik. Ebben a tengerparttal nem rendelkez\u0151 orsz\u00e1gban a m\u00falt \u00e9s a jelen pulzusa minden v\u00e1rosban, minden s\u00edks\u00e1gon \u00e9s a foly\u00f3 minden kanyarulat\u00e1ban visszhangzik, amelyek Paraguay sz\u00e1m\u00e1ra hozz\u00e1f\u00e9r\u00e9st biztos\u00edtanak a t\u00e1gabb vil\u00e1ghoz.<\/p>","protected":false},"excerpt":{"rendered":"<p>Paraguay, formally known as the Republic of Paraguay, is a landlocked nation located in South America, with an estimated population of around 6.1 million inhabitants. About 2.3 million people live in Asunci\u00f3n, the capital and biggest city, together with the metro area around it. Paraguay, in the center of South America, with borders to Brazil east and northeast, Argentina to the south and southwest, and Bolivia to the northwest.<\/p>","protected":false},"author":1,"featured_media":4079,"parent":24096,"menu_order":0,"comment_status":"closed","ping_status":"closed","template":"elementor_theme","meta":{"_eb_attr":"","footnotes":""},"class_list":["post-6656","page","type-page","status-publish","has-post-thumbnail"],"_links":{"self":[{"href":"https:\/\/travelshelper.com\/hu\/wp-json\/wp\/v2\/pages\/6656","targetHints":{"allow":["GET"]}}],"collection":[{"href":"https:\/\/travelshelper.com\/hu\/wp-json\/wp\/v2\/pages"}],"about":[{"href":"https:\/\/travelshelper.com\/hu\/wp-json\/wp\/v2\/types\/page"}],"author":[{"embeddable":true,"href":"https:\/\/travelshelper.com\/hu\/wp-json\/wp\/v2\/users\/1"}],"replies":[{"embeddable":true,"href":"https:\/\/travelshelper.com\/hu\/wp-json\/wp\/v2\/comments?post=6656"}],"version-history":[{"count":0,"href":"https:\/\/travelshelper.com\/hu\/wp-json\/wp\/v2\/pages\/6656\/revisions"}],"up":[{"embeddable":true,"href":"https:\/\/travelshelper.com\/hu\/wp-json\/wp\/v2\/pages\/24096"}],"wp:featuredmedia":[{"embeddable":true,"href":"https:\/\/travelshelper.com\/hu\/wp-json\/wp\/v2\/media\/4079"}],"wp:attachment":[{"href":"https:\/\/travelshelper.com\/hu\/wp-json\/wp\/v2\/media?parent=6656"}],"curies":[{"name":"wp","href":"https:\/\/api.w.org\/{rel}","templated":true}]}}