{"id":35472,"date":"2024-11-30T22:59:50","date_gmt":"2024-11-30T22:59:50","guid":{"rendered":"https:\/\/travelshelper.com\/staging\/?page_id=35472"},"modified":"2026-03-11T02:07:26","modified_gmt":"2026-03-11T02:07:26","slug":"hagyomanyok-es-szokasok-bahreinben","status":"publish","type":"page","link":"https:\/\/travelshelper.com\/hu\/destinations\/asia\/bahrain\/traditions-customs-in-bahrain\/","title":{"rendered":"Hagyom\u00e1nyok \u00e9s szok\u00e1sok Bahreinben"},"content":{"rendered":"<p>Bahrein bar\u00e1ts\u00e1gos fogad\u00f3 orsz\u00e1g, de mindig tiszteletet \u00e9s udvariass\u00e1got kell tan\u00fas\u00edtania kultur\u00e1lis hagyom\u00e1nyai \u00e9s vall\u00e1sa tekintet\u00e9ben. Ha a helyi arabok \u00e1ltal l\u00e1togatott ter\u00fcletekre l\u00e1togat, jobb, ha r\u00f6vidnadr\u00e1g helyett hossz\u00fa nadr\u00e1got visel, a h\u00f6lgyek pedig ker\u00fclj\u00e9k az \u00e1tl\u00e1tsz\u00f3 ruh\u00e1k visel\u00e9s\u00e9t.<\/p>\n\n\n\n<p>A f\u00fcrd\u0151ruh\u00e1k, bikinik \u00e9s r\u00f6vidnadr\u00e1gok elfogadhat\u00f3 \u00f6lt\u00f6z\u00e9kek a tengerparti klubokban \u00e9s sz\u00e1llod\u00e1kban. Nyilv\u00e1nos helyen ne mutasson szeretet jeleit az ellenkez\u0151 nemhez tartoz\u00f3 szem\u00e9lyek ir\u00e1nt. Ellenkez\u0151 nem\u0171 embereket tart\u00f3ztattak le nyilv\u00e1nos cs\u00f3k miatt, \u00e9s t\u00e1rsadalmilag elfogadhatatlanok. Mindig ker\u00fclje a veszeked\u00e9st, \u00e9s soha ne vegyen r\u00e9szt vit\u00e1ban, k\u00fcl\u00f6n\u00f6sen a helyiekkel.<\/p>\n\n\n\n<p>A kir\u00e1lys\u00e1g hivatalos vall\u00e1sa az iszl\u00e1m. A lakoss\u00e1g t\u00f6bb mint 70%-a k\u00f6veti. A fennmarad\u00f3 r\u00e9szt a kereszt\u00e9nyek, a buddhist\u00e1k \u00e9s a hinduk teszik ki. A lakosok egy kis r\u00e9sze nem vallott vall\u00e1si hovatartoz\u00e1st. Az egyh\u00e1z \u00e9s az \u00e1llam nem k\u00fcl\u00f6n\u00fcl el. Ebben az esetben a sar\u00eda (iszl\u00e1m jog) \u00e9rv\u00e9nyes. A vall\u00e1sszabads\u00e1g fogalm\u00e1t az Alkotm\u00e1ny r\u00f6gz\u00edti. Ez t\u00e9ny. Itt nincs vall\u00e1s\u00fcld\u00f6z\u00e9s. A k\u00fcl\u00f6nb\u00f6z\u0151 vall\u00e1sok k\u00e9pvisel\u0151i szabadon megtarthatj\u00e1k szertart\u00e1saikat \u00e9s \u00fcnnepelhetik az \u00fcnnepeket.<\/p>\n\n\n\n<p>A muszlim k\u00f6z\u00f6ss\u00e9g heterog\u00e9n. A szunnita muszlimok a beduinokat tekintik el\u0151d\u00fcknek. A s\u00edit\u00e1k hit\u00fck szerint a Pr\u00f3f\u00e9t\u00e1t\u00f3l sz\u00e1rmaznak. A s\u00edit\u00e1k t\u00f6bbs\u00e9ge a baharnai etnikai \u00e9s vall\u00e1si k\u00f6z\u00f6ss\u00e9ghez tartozik. Hagyom\u00e1nyosak \u00e9s j\u00e1mborak. A szunnit\u00e1k \u00e9s a s\u00edit\u00e1k k\u00fcl\u00f6n k\u00f6z\u00f6ss\u00e9geket hoznak l\u00e9tre. Jogi konfliktusaikat k\u00fcl\u00f6n b\u00edr\u00f3s\u00e1gi hat\u00f3s\u00e1gok oldj\u00e1k meg.<\/p>\n\n\n\n<p>A n\u0151k t\u00e1rsadalmi helyzete Bahreinben jobb, mint az arab nemzetek t\u00f6bbs\u00e9ge. Itt a n\u0151k dolgozhatnak. \u0150k adj\u00e1k az orsz\u00e1g munkaer\u0151j\u00e9nek csaknem egyharmad\u00e1t. Hozz\u00e1f\u00e9rhetnek az oktat\u00e1shoz \u00e9s az eg\u00e9szs\u00e9g\u00fcgyi ell\u00e1t\u00e1shoz. A n\u0151k k\u00f6r\u00fclbel\u00fcl 60%-a rendelkezik f\u0151iskolai v\u00e9gzetts\u00e9ggel. Sok n\u0151 dolgozik az \u00fczleti \u00e9letben. A n\u0151k m\u00e9g mindig alulreprezent\u00e1ltak a politik\u00e1ban. Hi\u00e1nyoznak a korm\u00e1nyzat hat\u00e1sk\u00f6r\u00e9b\u0151l. Nincsenek hivatalos t\u00f6rv\u00e9nyek, amelyek s\u00e9rtik a n\u0151k jogait. A szab\u00e1lyoz\u00e1s azonban \u00fctk\u00f6zik a sar\u00eda t\u00f6rv\u00e9nnyel, amely el\u0151\u00edrja, hogy a n\u0151k eltakarj\u00e1k arcukat \u00e9s test\u00fcket. A legt\u00f6bb h\u00f6lgy olyan csadort visel, amely nem takarja el az arc\u00e1t. A nik\u00e1b teljesen elfedi a hagyom\u00e1nyosabb csal\u00e1dokb\u00f3l sz\u00e1rmaz\u00f3 n\u0151k arc\u00e1t. Az idegen h\u00f6lgyeket a bennsz\u00fcl\u00f6ttek toler\u00e1lj\u00e1k. Azonban le kell takarnia a v\u00e1ll\u00e1t \u00e9s a l\u00e1b\u00e1t. Ezenk\u00edv\u00fcl k\u00f6vetelm\u00e9nyek vannak a k\u00fclf\u00f6ldi sr\u00e1cokkal szemben. R\u00f6vidnadr\u00e1gban \u00e9s sportruh\u00e1zatban nyilv\u00e1nos helyen megjelenni tilos.<\/p>\n\n\n\n<p>Ez a demokr\u00e1cia Bahrein gyorsan n\u00f6vekv\u0151 gazdas\u00e1g\u00e1nak az eredm\u00e9nye, amely nagysz\u00e1m\u00fa k\u00fclf\u00f6ldit vonz. Bahrein a legfelszabadultabb muszlim nemzet. M\u00e1s arab orsz\u00e1gok lak\u00f3i gyakran nyaralnak itt. Az orsz\u00e1g alkoholt \u00e1rul \u00e9s fogyaszt. A ramad\u00e1n szent h\u00f3napj\u00e1ban az erk\u00f6lcsi norm\u00e1k szigorodnak. Ebben az id\u0151ben a h\u00edv\u0151k b\u00f6jt\u00f6lnek. A muszlimoknak tilos nappali \u00f3r\u00e1kban enni \u00e9s inni ebben az id\u0151szakban.<\/p>\n\n\n\n<p>A vall\u00e1s hat\u00e1ssal van az etikettre. A bal kezet hagyom\u00e1nyosan piszkosnak tartj\u00e1k, mert szem\u00e9lyes higi\u00e9ni\u00e1ra haszn\u00e1lj\u00e1k. Elfogadhat\u00f3 az \u00e9tel \u00e9s a p\u00e9nz elfogad\u00e1sa, de csak jobb k\u00e9zzel. H\u00e1zba vagy mecsetbe val\u00f3 bel\u00e9p\u00e9skor a cip\u0151t le kell venni. Nem lehet a l\u00e1b\u00e1val a besz\u00e9lget\u0151partnerre mutatni, nem n\u00e9zhet elm\u00e9ly\u00fclten a besz\u00e9lget\u0151partner szem\u00e9be, nem ehet s\u00e9ta k\u00f6zben, \u00e9s nem gesztikul\u00e1lhat akt\u00edvan besz\u00e9lget\u00e9s k\u00f6zben.<\/p>\n\n\n\n<p>A csal\u00e1d kiemelten fontos az orsz\u00e1g polg\u00e1rai sz\u00e1m\u00e1ra. A n\u0151k nagyon fiatalon h\u00e1zasodnak, 14 \u00e9ves korukt\u00f3l kezd\u0151d\u0151en. A f\u00e9rfiak 20 \u00e9s 22 \u00e9v k\u00f6z\u00f6tt h\u00e1zasodnak. Bevett gyakorlat a menyasszony v\u00e1lts\u00e1gd\u00edja. A t\u00f6bbnej\u0171s\u00e9g a sar\u00eda t\u00f6rv\u00e9nyei szerint megengedett. De minden feles\u00e9gnek saj\u00e1t k\u00e9nyelmes lakhelye kell legyen. Vannak \u00e1tmeneti h\u00e1zass\u00e1gok is (muta). Ezeket kiz\u00e1r\u00f3lag a s\u00edit\u00e1k fogadj\u00e1k el. Az ilyen h\u00e1zass\u00e1g megk\u00f6t\u00e9sekor a n\u0151 jutalmat kap. Form\u00e1lisan a n\u0151 jogai egyen\u00e9rt\u00e9k\u0171ek egy h\u00e9tk\u00f6znapi feles\u00e9g jogaival. Ut\u00f3dait is t\u00f6rv\u00e9nyesnek tekintik. Mahr-ra (aj\u00e1nd\u00e9k a f\u00e9rj\u00e9t\u0151l) jogosult. A h\u00e1zass\u00e1g id\u0151tartama hat\u00e1rozatlan sz\u00e1m\u00fa alkalommal meghosszabb\u00edthat\u00f3. Egy h\u00f6lgynek meg kell szakadnia, miel\u0151tt \u00fajrah\u00e1zasodna egy sikertelen h\u00e1zass\u00e1g ut\u00e1n. Ez a r\u00e9s sz\u00fcks\u00e9ges a terhess\u00e9g lehet\u0151s\u00e9g\u00e9nek kiz\u00e1r\u00e1s\u00e1hoz. A n\u00e9gy-h\u00fasz hetes sz\u00fcnet alatt a f\u00e9rj tov\u00e1bbra is seg\u00edti a feles\u00e9get.<\/p>\n\n\n\n<p>Az orsz\u00e1g 1971-es f\u00fcggetlenn\u00e9 v\u00e1l\u00e1s\u00e1t k\u00f6vet\u0151en Bahrein kult\u00far\u00e1ja jelent\u0151s vir\u00e1gz\u00e1snak indult. A hagyom\u00e1nyos m\u0171v\u00e9szet fejl\u0151d\u00e9se mellett a modern m\u0171v\u00e9szet is n\u00f6vekszik. Az impresszionizmus, az expresszionizmus \u00e9s a sz\u00fcrrealizmus egyre n\u00e9pszer\u0171bb. Rendszeresen rendeznek ki\u00e1ll\u00edt\u00e1sokat a modern m\u0171v\u00e9szetb\u0151l. Sz\u00e1mos m\u00fazeumot \u00e9s gal\u00e9ri\u00e1t haszn\u00e1lnak erre a c\u00e9lra. Figyelemre m\u00e9lt\u00f3ak a hagyom\u00e1nyos arab kalligr\u00e1fia, ker\u00e1mia, \u00e9kszer \u00e9s kov\u00e1csm\u0171v\u00e9szet. A 20. sz\u00e1zad v\u00e9g\u00e9n rohamos fejl\u0151d\u00e9snek indult az irodalom is. Er\u0151s nyugati befoly\u00e1s rejlik benne. M\u00e1s iszl\u00e1m nemzetekkel ellent\u00e9tben Bahreinben nagysz\u00e1m\u00fa k\u00f6lt\u0151n\u0151 publik\u00e1lja m\u0171veit.<\/p>\n\n\n\n<p>Az arab, indiai \u00e9s perzsa zene hat\u00e1ssal volt Bahrein hagyom\u00e1nyos zen\u00e9j\u00e9re. A legn\u00e9pszer\u0171bb st\u00edlusok a Saut, Fijri \u00e9s Liwa. A bahreini polg\u00e1rok r\u00e9g\u00f3ta foglalkoznak gy\u00f6ngyb\u00e1ny\u00e1szattal. A gy\u00f6ngyb\u00fav\u00e1rok kialak\u00edtott\u00e1k saj\u00e1t kult\u00far\u00e1jukat, bele\u00e9rtve a zen\u00e9t is. A Fijri a gy\u00f6ngyb\u00fav\u00e1rok zen\u00e9je. Fontos megjegyezni, hogy vannak part menti dalok \u00e9s tengeri dalok. A Liwa az afrikai emberek zen\u00e9je. A saut n\u00e9ven ismert arab zen\u00e9t oud-on, \u00fct\u0151hangszeren \u00e9s rebabon adj\u00e1k el\u0151. A modern zene is l\u00e9tezik. Vannak rockzen\u00e9t j\u00e1tsz\u00f3 zenekarok. Bahreinben hangst\u00fadi\u00f3k is tal\u00e1lhat\u00f3k. A mozi nem illeg\u00e1lis. De helyi filmek gyakorlatilag soha nem k\u00e9sz\u00fclnek.<\/p>","protected":false},"excerpt":{"rendered":"<p>Bahrein bar\u00e1ts\u00e1gos fogad\u00f3 orsz\u00e1g, de mindig tiszteletet \u00e9s udvariass\u00e1got kell tan\u00fas\u00edtania kultur\u00e1lis hagyom\u00e1nyai \u00e9s vall\u00e1sa tekintet\u00e9ben. Ha a helyi arabok \u00e1ltal l\u00e1togatott ter\u00fcletekre l\u00e1togat, jobb, ha r\u00f6vidnadr\u00e1g helyett hossz\u00fa nadr\u00e1got visel, a h\u00f6lgyek pedig ker\u00fclj\u00e9k az \u00e1tl\u00e1tsz\u00f3 ruh\u00e1k visel\u00e9s\u00e9t.<\/p>","protected":false},"author":1,"featured_media":35474,"parent":35335,"menu_order":0,"comment_status":"closed","ping_status":"closed","template":"elementor_theme","meta":{"_eb_attr":"","footnotes":""},"class_list":["post-35472","page","type-page","status-publish","has-post-thumbnail"],"_links":{"self":[{"href":"https:\/\/travelshelper.com\/hu\/wp-json\/wp\/v2\/pages\/35472","targetHints":{"allow":["GET"]}}],"collection":[{"href":"https:\/\/travelshelper.com\/hu\/wp-json\/wp\/v2\/pages"}],"about":[{"href":"https:\/\/travelshelper.com\/hu\/wp-json\/wp\/v2\/types\/page"}],"author":[{"embeddable":true,"href":"https:\/\/travelshelper.com\/hu\/wp-json\/wp\/v2\/users\/1"}],"replies":[{"embeddable":true,"href":"https:\/\/travelshelper.com\/hu\/wp-json\/wp\/v2\/comments?post=35472"}],"version-history":[{"count":0,"href":"https:\/\/travelshelper.com\/hu\/wp-json\/wp\/v2\/pages\/35472\/revisions"}],"up":[{"embeddable":true,"href":"https:\/\/travelshelper.com\/hu\/wp-json\/wp\/v2\/pages\/35335"}],"wp:featuredmedia":[{"embeddable":true,"href":"https:\/\/travelshelper.com\/hu\/wp-json\/wp\/v2\/media\/35474"}],"wp:attachment":[{"href":"https:\/\/travelshelper.com\/hu\/wp-json\/wp\/v2\/media?parent=35472"}],"curies":[{"name":"wp","href":"https:\/\/api.w.org\/{rel}","templated":true}]}}