{"id":35452,"date":"2024-11-30T22:41:22","date_gmt":"2024-11-30T22:41:22","guid":{"rendered":"https:\/\/travelshelper.com\/staging\/?page_id=35452"},"modified":"2026-03-11T02:11:40","modified_gmt":"2026-03-11T02:11:40","slug":"ejjeli-elet-bahreinben","status":"publish","type":"page","link":"https:\/\/travelshelper.com\/hu\/destinations\/asia\/bahrain\/nightlife-in-bahrain\/","title":{"rendered":"\u00c9jjeli \u00e9let Bahreinben"},"content":{"rendered":"<p>Bahrein \u00e9jszakai \u00e9lete meglehet\u0151sen fejlett, ami meglep\u0151. Ez els\u0151sorban a korm\u00e1ny toleranci\u00e1j\u00e1nak \u00e9s az orsz\u00e1gban \u00e9l\u0151 k\u00fclf\u00f6ldiek nagy sz\u00e1m\u00e1nak k\u00f6sz\u00f6nhet\u0151. Bahreint gyakran \u201ea K\u00f6zel-Kelet Hawaiij\u00e1nak\u201d nevezik. Mindenki tal\u00e1l sz\u00f3rakoz\u00e1st naplemente ut\u00e1n. Orsz\u00e1gszerte vannak diszk\u00f3k, karaoke b\u00e1rok \u00e9s \u00e9l\u0151zenei klubok.<\/p>\n\n\n\n<p>Adliya k\u00fcl\u00f6n\u00f6sen h\u00edres \u00e9jszakai \u00e9let\u00e9r\u0151l. Ez Manama cseh negyede. A luxussz\u00e1llod\u00e1k sz\u00e1mos lehet\u0151s\u00e9get k\u00edn\u00e1lnak az esti sz\u00f3rakoz\u00e1sra. Az alkohol az eg\u00e9sz orsz\u00e1gban enged\u00e9lyezett, m\u00e9g a klubokban is. Ez vonzza a turist\u00e1kat a szomsz\u00e9dos, konzervat\u00edvabb arab orsz\u00e1gokb\u00f3l.<\/p>\n\n\n\n<h2 class=\"wp-block-heading\">B\u00e1rok \u00e9s klubok Bahreinben<\/h2>\n\n\n\n<p>Mivel gyakorlatilag minden enged\u00e9llyel rendelkez\u0151 l\u00e9tes\u00edtm\u00e9nynek n\u00e9gy- \u00e9s \u00f6tcsillagos sz\u00e1llod\u00e1hoz kell tartoznia, Manam\u00e1ban nincs k\u00fcl\u00f6n \u00e9jszakai \u00e9letnegyed; hanem a helysz\u00ednek r\u00e1csszer\u0171 megoszl\u00e1sa \u200b\u200bvan az eg\u00e9sz v\u00e1rosban. Miut\u00e1n egy b\u00e1r m\u00e1r egy ideje m\u0171k\u00f6dik, h\u00edrnevet szerez a helyiek k\u00f6r\u00e9ben, \u00e9s sokan k\u00f6z\u00fcl\u00fck az \u00d6b\u00f6l-\u00e1llamokban j\u00f3l ismert l\u00e9tes\u00edtm\u00e9nyekk\u00e9 v\u00e1ltak. Az egyik ilyen l\u00e9tes\u00edtm\u00e9ny a Sherlock Holmes (Gulf Hotel, Manama), egy el\u0151kel\u0151 t\u00f6rt\u00e9nelemmel rendelkez\u0151 tematikus b\u00e1r. B\u00e1r meglehet\u0151sen k\u00e9nyelmes, nem tudja megv\u00e1lni hagyom\u00e1nyos londoni kocsmai megjelen\u00e9s\u00e9t\u0151l, \u00e9s a legt\u00f6bb h\u00e9tk\u00f6znap est\u00e9nk\u00e9nt \u00e9l\u0151zene sz\u00f3l, amelyek \u00e1ltal\u00e1ban zs\u00fafol\u00e1sig megtelnek t\u00f6rzsvend\u00e9gekkel; ennek ellen\u00e9re Bahreinben a h\u00e9tv\u00e9g\u00e9k is rendk\u00edv\u00fcl zs\u00fafoltak lehetnek.<\/p>\n\n\n\n<p>A Trader Vic&#039;s (Le Meridien, Manama) Manama egyik strandj\u00e1nak k\u00f6zel\u00e9ben tal\u00e1lhat\u00f3, \u00e9s t\u00e1gas kil\u00e1t\u00e1st ny\u00fajt az \u00f6b\u00f6lre a k\u00e9nyelmes, l\u00e9gkondicion\u00e1lt bels\u0151 t\u00e9rb\u0151l. H\u00edres a d\u00e9li tengerek ihlette kokt\u00e9ljair\u00f3l, amelyeket gy\u00f6ny\u00f6r\u0171 ed\u00e9nyekben szolg\u00e1lnak fel, \u00edgy a v\u00e1ros egyik legjobb helysz\u00edne a naplemente sz\u00e1m\u00e1ra. A Warbler Club (Baisan Hotel, Manama) egy m\u00e1sik l\u00e9tes\u00edtm\u00e9ny, amely rendszeres \u00e9l\u0151zen\u00e9vel, vonz\u00f3 t\u00f6meggel \u00e9s \u00edzletes b\u00e1r\u00e9telekkel rendelkezik. Ez az egyik legjobb hely Bahreinben, ahol a sportrajong\u00f3k elfogyaszthatnak egy italt, mivel sz\u00e1mos nagy, minden j\u00e1t\u00e9kra hangolt telev\u00edzi\u00f3t tartalmaz.<\/p>\n\n\n\n<h3 class=\"wp-block-heading\">Belv\u00e1rosi b\u00e1r<\/h3>\n\n\n\n<p><em>C\u00edm: 1507 King Faisal Highway, Manama \u2013 Nyitva tart\u00e1s: Minden nap: 16:00-02:00<\/em><\/p>\n\n\n\n<p>A belv\u00e1ros, az Intercontinental Regency Hotel egy r\u00e9sze, a helyi \u00e9s a turist\u00e1k kedvence, \u00e9s nagy t\u00f6megeket vonz, k\u00fcl\u00f6n\u00f6sen \u00e9l\u0151zen\u00e9s est\u00e9ken. Helyi zenekarokat mutatnak be, nyitott mikrofonos est\u00e9ket \u00e9s jam session\u00f6ket, szerd\u00e1n pedig a Ladies&#039; Night.<\/p>\n\n\n\n<h3 class=\"wp-block-heading\">JJ&#039;s Irish Pub<\/h3>\n\n\n\n<p><em>C\u00edm: Block 326, Al Qudaibiya, Manama<\/em><\/p>\n\n\n\n<p>A JJ&#039;s b\u00e1r egy nagy l\u00e9tes\u00edtm\u00e9ny bar\u00e1ts\u00e1gos k\u00f6rnyezettel \u00e9s csapolt s\u00f6r\u00f6k sz\u00e9les v\u00e1laszt\u00e9k\u00e1val. Hetente sz\u00e1mos tev\u00e9kenys\u00e9get tartanak, bele\u00e9rtve a karaok\u00e9t, a kocsmai vet\u00e9lked\u0151ket, a n\u0151i est\u00e9ket \u00e9s a The Noise egy\u00fcttes \u00e9l\u0151zen\u00e9t.<\/p>\n\n\n\n<h3 class=\"wp-block-heading\">A pacsirta<\/h3>\n\n\n\n<p><em>C\u00edm: Block 320, Manama \u2013 Nyitva tart\u00e1s: Naponta: 12:00-02:00<\/em><\/p>\n\n\n\n<p>A Baisan International Hotelben tal\u00e1lhat\u00f3 a Warbler, egy prominens brit st\u00edlus\u00fa sportkocsma, amely szinte \u00e9jszakai esem\u00e9nyeknek ad otthont. T\u00e1nc, \u00e9l\u0151zene, jelent\u0151s sportesem\u00e9nyek k\u00f6zvet\u00edt\u00e9se, keddenk\u00e9nt Ladies&#039; Night, valamint egy teljesen felszerelt konyha, ahol k\u00fcl\u00f6nf\u00e9le \u00e9teleket szolg\u00e1lnak fel.<\/p>\n\n\n\n<h3 class=\"wp-block-heading\">A pacsirta<\/h3>\n\n\n\n<p><em>C\u00edm: Block 320, Manama \u2013 Nyitva tart\u00e1s: Naponta: 12:00-02:00<\/em><\/p>\n\n\n\n<p>A Baisan International Hotelben tal\u00e1lhat\u00f3 a Warbler, egy prominens brit st\u00edlus\u00fa sportkocsma, amely szinte \u00e9jszakai esem\u00e9nyeknek ad otthont. T\u00e1nc, \u00e9l\u0151zene, jelent\u0151s sportesem\u00e9nyek k\u00f6zvet\u00edt\u00e9se, keddenk\u00e9nt Ladies&#039; Night, valamint egy teljesen felszerelt konyha, ahol k\u00fcl\u00f6nf\u00e9le \u00e9teleket szolg\u00e1lnak fel.<\/p>\n\n\n\n<h2 class=\"wp-block-heading\">\u00c9tkez\u00e9s \u00e9s konyha Bahreinben<\/h2>\n\n\n\n<p>Bahreinben az \u00e9lelmiszerek \u00e1ra \u00e9s min\u0151s\u00e9ge nagyon elt\u00e9r\u0151. Ha nincs kedve sok p\u00e9nzt kivenni, akkor sz\u00e1mos olyan sz\u00e1lloda k\u00f6z\u00fcl v\u00e1logathat, amelyek sz\u00e9les \u00e1rkateg\u00f3ri\u00e1ba esnek. A k\u00fclf\u00f6ld\u00f6n \u00e9l\u0151 \u00e9letm\u00f3d jelent\u0151s mennyis\u00e9g\u0171 \u00e9tkez\u00e9ssel j\u00e1r, ez\u00e9rt b\u00e1tran k\u00e9rjen naprak\u00e9sz \u00f6tleteket b\u00e1rkit\u0151l; \u00e1ltal\u00e1ban sz\u00edvesen seg\u00edtenek. Manam\u00e1ban a sz\u00f3besz\u00e9d nagy befoly\u00e1ssal b\u00edr.<\/p>\n\n\n\n<p>Az Adilya, Mezzaluna (3808 Road, Manama) egy kincs az \u00e9ttermi negyed k\u00f6zpontj\u00e1ban, \u00e9s Manama egyik legn\u00e9pszer\u0171bb \u00e9tterme, ez\u00e9rt \u00e9rdemes j\u00f3 el\u0151re lefoglalni. A Mezzaluna francia s\u00e9fje nemzetk\u00f6zi \u00e9telek sz\u00e9les v\u00e1laszt\u00e9k\u00e1t k\u00e9sz\u00edti, a rib-eye steak pedig kifejezetten aj\u00e1nlott. Az \u00e9tterem egy r\u00e9gi bahreini kast\u00e9lyban tal\u00e1lhat\u00f3, megfelel\u0151 dekor\u00e1ci\u00f3val.<\/p>\n\n\n\n<p>Ek\u00f6zben a Jim&#039;s (Osama bin Zaid Avenue, Manama) k\u00fclf\u00f6ld\u00f6n \u00e9l\u0151 int\u00e9zm\u00e9nny\u00e9 v\u00e1lt, amely \u00e9ppolyan ismert k\u00e9zm\u0171ves csokol\u00e1d\u00e9vodk\u00e1ir\u00f3l, mint a b\u00e1jos h\u00e1zik\u00f3i k\u00f6rnyezetben felszolg\u00e1lt teljes \u00edr reggelij\u00e9r\u0151l. Jim melegs\u00e9ge \u00e9s humor\u00e9rz\u00e9ke miatt ez a bahreini \u00e9tterem val\u00f3sz\u00edn\u0171leg rendk\u00edv\u00fcl zs\u00fafolt lesz, ez\u00e9rt foglaljon el\u0151re.<\/p>\n\n\n\n<p>A divatos, arab st\u00edlus\u00fa Casa Blu (Sheikh Isa Avenue, Manama) r\u00e9gi \u00edr\u00f3g\u00e9pekkel, s\u00e9r\u00fclt r\u00e9gi p\u00e9nzt\u00e1rg\u00e9pekkel, f\u00e9ny\u0171z\u0151 d\u00edv\u00e1nokkal \u00e9s \u00e9l\u0151 hip-hoppal d\u00edsz\u00edtett, amelyek mindegyike hozz\u00e1j\u00e1rul az \u00e9tterem hangulat\u00e1hoz. A konyha ugyanolyan kiv\u00e1l\u00f3, mint a l\u00e9gk\u00f6r.<\/p>\n\n\n\n<h2 class=\"wp-block-heading\">Hol lehet enni \u00e9s inni Bahreinben<\/h2>\n\n\n\n<p>Ahogy az az egyetlen \u00d6b\u00f6l-\u00e1llam h\u00edrnev\u00e9hez illik, ahol leg\u00e1lisan alkoholt lehet v\u00e1s\u00e1rolni, Bahrein \u00e9tkez\u00e9si \u00e9s \u00e9jszakai \u00e9lete n\u00e9pszer\u0171 a helyi emigr\u00e1nsok \u00e9s a sza\u00fad-ar\u00e1biai turist\u00e1k k\u00f6r\u00e9ben.<\/p>\n\n\n\n<p>Manam\u00e1ban a sportb\u00e1rok elterjedtek, a JJ&#039;s Irish Restaurant pedig az egyik legnagyobb. A Le M\u00e9ridien Bizarre Lounge \u00e9s a Mercure Grand Seef Casa Bar &amp; Terrace a k\u00e9t legjobb b\u00e1r \u00e9s \u00e9jszakai klub a k\u00f6rny\u00e9k el\u0151kel\u0151 sz\u00e1llod\u00e1i k\u00f6z\u00f6tt. Az Ibrida a Ramee Grand Hotelben \u00e9s a Club XS a Ramee Rose Hotelben n\u00e9pszer\u0171 \u00e9jszakai klubok. A legt\u00f6bb neves sz\u00f3rakoz\u00f3helyen a happy hour italprom\u00f3ci\u00f3k \u00e9s a h\u00f6lgyestek adnak otthont h\u00e9tk\u00f6znap est\u00e9nk\u00e9nt.<\/p>\n\n\n\n<h3 class=\"wp-block-heading\">Vill\u00e1sreggeli<\/h3>\n\n\n\n<p>Mivel a p\u00e1ly\u00e1n t\u00f6rt\u00e9n\u0151 akci\u00f3 csak k\u00e9s\u0151bb kezd\u0151dik, mi\u00e9rt ne kezdje a napot egy n\u00e9pszer\u0171 helyhagyom\u00e1ny seg\u00edts\u00e9g\u00e9vel. Manama-szerte sz\u00e1mtalan \u00e9tteremben szolg\u00e1lnak fel pazar vill\u00e1sreggelit, k\u00fcl\u00f6n\u00f6sen az olyan cs\u00facskateg\u00f3ri\u00e1s sz\u00e1llod\u00e1kban, mint a Le M\u00e9ridien &amp; Ritz Carlton. A p\u00e9ntek \u00e9s a szombat a legn\u00e9pszer\u0171bb napok. Fix \u00f6sszeget kell fizetnie (\u00e1ltal\u00e1ban 20-40 BHD \/ 50-100 USD) minden \u00e9tel\u00e9rt \u00e9s ital\u00e9rt, amelyet 3-4 \u00f3r\u00e1n bel\u00fcl elb\u00edr. Ha kor\u00e1n \u00e9rkezik a j\u00f6v\u0151 \u00e9vi versenyre, sok \u00e9tterem \u00fcnnepli Szent Patrik napj\u00e1t m\u00e1rcius 17-\u00e9n k\u00fcl\u00f6nleges tematik\u00e1j\u00fa rendezv\u00e9nyekkel.<\/p>\n\n\n\n<h3 class=\"wp-block-heading\">B\u00fcf\u00e9<\/h3>\n\n\n\n<p>A vill\u00e1sreggeli mellett a v\u00e1ros legkiv\u00e1l\u00f3bb sz\u00e1llod\u00e1i \u00e9s \u00e9ttermei a h\u00e9t folyam\u00e1n, k\u00fcl\u00f6n\u00f6sen szerd\u00e1t\u00f3l p\u00e9ntekig est\u00e9nk\u00e9nt k\u00edn\u00e1lnak b\u00fcf\u00e9t, amit csak tudsz. A n\u00e9pszer\u0171 sv\u00e9dasztalok k\u00f6z\u00e9 tartozik a tematikus est a Crowne Plazaban, az indiai konyha cs\u00fct\u00f6rt\u00f6k\u00f6n \u00e9s p\u00e9nteken a Lanterns \u00e9tteremben, \u00e9s a tenger gy\u00fcm\u00f6lcsei cs\u00fct\u00f6rt\u00f6k este a Le M\u00e9ridienben.<\/p>\n\n\n\n<h3 class=\"wp-block-heading\">Igazs\u00e1gszolg\u00e1ltat\u00e1s<\/h3>\n\n\n\n<p>Manama legjobb \u00e9ttermei k\u00f6z\u00fcl sok az Adliya negyedben tal\u00e1lhat\u00f3. A n\u00e9pszer\u0171 k\u00e1v\u00e9z\u00f3k k\u00f6z\u00e9 tartozik a Coco&#039;s, amely hagyom\u00e1nyos amerikai \u00e9teleket szolg\u00e1l fel, \u00e9s a Caf\u00e9 Lilou, amely p\u00e1rizsi hangulatot \u00e1raszt. A Rasoi by Vineet a legjobb indiai konyh\u00e1t szolg\u00e1lja fel Manam\u00e1ban; A k\u00f6zeli Polo Gastropub a Palace Boutique Hotelben \u00edzletes hamburgereket \u00e9s \u00e9l\u0151zen\u00e9t k\u00edn\u00e1l, a The Meat Company pedig kiv\u00e1l\u00f3 steakeket k\u00edn\u00e1l.<\/p>\n\n\n\n<h3 class=\"wp-block-heading\">Bahreini konyha<\/h3>\n\n\n\n<p>Ne hagyja el Manam\u00e1t an\u00e9lk\u00fcl, hogy elfogyasztotta volna az \u00edzletes nat\u00edv konyh\u00e1t. A n\u00e9pszer\u0171 receptek k\u00f6z\u00e9 tartozik a machboos (h\u00fas\u00edz\u0171, illatos rizs), a grillezett h\u00fas khubusszal (puha keny\u00e9r), a nasheef (burgonya \u00e9s h\u00fasp\u00f6rk\u00f6lt) \u00e9s a luqaimat (\u00e9des galuska). A Haji Gahwa egy utcai k\u00e1v\u00e9z\u00f3 a Manama Souk-ban, ahol \u00edzletes \u00e9s olcs\u00f3 h\u00e1zi k\u00e9sz\u00edt\u00e9s\u0171 \u00e9teleket szolg\u00e1lnak fel, m\u00edg a Riyadat bev\u00e1s\u00e1rl\u00f3k\u00f6zpontban tal\u00e1lhat\u00f3 Basta 23 a hagyom\u00e1nyos helyi konyha kort\u00e1rs megjelen\u00e9s\u00e9t k\u00edn\u00e1lja.<\/p>","protected":false},"excerpt":{"rendered":"<p>Bahrein \u00e9jszakai \u00e9lete meglehet\u0151sen fejlett, ami meglep\u0151. Ez els\u0151sorban a korm\u00e1ny toleranci\u00e1j\u00e1nak \u00e9s az orsz\u00e1gban \u00e9l\u0151 k\u00fclf\u00f6ldiek nagy sz\u00e1m\u00e1nak k\u00f6sz\u00f6nhet\u0151. Bahreint gyakran \u201ea K\u00f6zel-Kelet Hawaiij\u00e1nak\u201d nevezik. Mindenki tal\u00e1l sz\u00f3rakoz\u00e1st naplemente ut\u00e1n. Orsz\u00e1gszerte vannak diszk\u00f3k, karaoke b\u00e1rok \u00e9s \u00e9l\u0151zenei klubok.<\/p>","protected":false},"author":1,"featured_media":35455,"parent":35335,"menu_order":0,"comment_status":"closed","ping_status":"closed","template":"elementor_theme","meta":{"_eb_attr":"","footnotes":""},"class_list":["post-35452","page","type-page","status-publish","has-post-thumbnail"],"_links":{"self":[{"href":"https:\/\/travelshelper.com\/hu\/wp-json\/wp\/v2\/pages\/35452","targetHints":{"allow":["GET"]}}],"collection":[{"href":"https:\/\/travelshelper.com\/hu\/wp-json\/wp\/v2\/pages"}],"about":[{"href":"https:\/\/travelshelper.com\/hu\/wp-json\/wp\/v2\/types\/page"}],"author":[{"embeddable":true,"href":"https:\/\/travelshelper.com\/hu\/wp-json\/wp\/v2\/users\/1"}],"replies":[{"embeddable":true,"href":"https:\/\/travelshelper.com\/hu\/wp-json\/wp\/v2\/comments?post=35452"}],"version-history":[{"count":0,"href":"https:\/\/travelshelper.com\/hu\/wp-json\/wp\/v2\/pages\/35452\/revisions"}],"up":[{"embeddable":true,"href":"https:\/\/travelshelper.com\/hu\/wp-json\/wp\/v2\/pages\/35335"}],"wp:featuredmedia":[{"embeddable":true,"href":"https:\/\/travelshelper.com\/hu\/wp-json\/wp\/v2\/media\/35455"}],"wp:attachment":[{"href":"https:\/\/travelshelper.com\/hu\/wp-json\/wp\/v2\/media?parent=35452"}],"curies":[{"name":"wp","href":"https:\/\/api.w.org\/{rel}","templated":true}]}}