{"id":35412,"date":"2024-11-30T21:37:11","date_gmt":"2024-11-30T21:37:11","guid":{"rendered":"https:\/\/travelshelper.com\/staging\/?page_id=35412"},"modified":"2026-03-11T02:09:09","modified_gmt":"2026-03-11T02:09:09","slug":"dolgok-amiket-tehet-bahreinben","status":"publish","type":"page","link":"https:\/\/travelshelper.com\/hu\/destinations\/asia\/bahrain\/things-to-do-in-bahrain\/","title":{"rendered":"Dolgok, amiket tehet Bahreinben"},"content":{"rendered":"<p>Az \u00e1prilisban a Bahreini Nemzetk\u00f6zi K\u00f6rversenyen megrendezett Bahreini Nagyd\u00edj Forma-1-es verseny a legjelent\u0151sebb \u00e9ves esem\u00e9ny Bahreinben. Tervezz el\u0151re, mert a jegyek elkeltek, a sz\u00e1llodai k\u00f6lts\u00e9gek pedig az egekbe sz\u00f6ktek. \u00c1ltal\u00e1ban az els\u0151 foglal\u00e1sok 10-20 sz\u00e1zal\u00e9kos kedvezm\u00e9nyre jogosultak. A lel\u00e1t\u00f3t\u00f3l f\u00fcgg\u0151en a jegyek \u00e1ra 150 \u00e9s 60 BD k\u00f6z\u00e9 esik.<\/p>\n\n\n\n<p>A b\u00fav\u00e1rkod\u00e1s egyre n\u00e9pszer\u0171bb Bahreinben. Itt sz\u00e1mos b\u00fav\u00e1rk\u00f6zpont tal\u00e1lhat\u00f3. A meleg tengerparti vizek hemzsegnek a v\u00edzi \u00e9l\u0151l\u00e9nyekt\u0151l. K\u00f6r\u00fclbel\u00fcl 400 halfaj \u00e9l itt. T\u00f6bb sz\u00e1z korallfaj is l\u00e9tezik, amelyek t\u00e1mogatj\u00e1k a tengeri \u00e9letet. Az \u00e9szaki vizek t\u00e1mogatj\u00e1k a nagyobb biol\u00f3giai sokf\u00e9les\u00e9get. A lamantin azonban jelen van az Egyes\u00fclt \u00c1llamok d\u00e9li r\u00e9sz\u00e9n. A \u201ehaj\u00f3t\u00f6r\u00e9s\u201d kifejez\u00e9sb\u0151l sz\u00e1rmaz\u00f3 visszamer\u00fcl\u00e9s is gyakori. A part k\u00f6zel\u00e9ben sz\u00e1mos haj\u00f3roncs tal\u00e1lhat\u00f3 k\u00fcl\u00f6nb\u00f6z\u0151 id\u0151szakokb\u00f3l. Ezenk\u00edv\u00fcl \u00e9szakon n\u00e9pszer\u0171 a drift-b\u00fav\u00e1rkod\u00e1s. Ez egy p\u00e9lda a jelenlegi b\u00fav\u00e1rkod\u00e1sra. Szint\u00e9n elterjedt a gy\u00f6ngyhal\u00e1szat \u00e9s a szivacsgy\u0171jt\u00e9s.<\/p>\n\n\n\n<p>A Bahreinben el\u0151\u00e1ll\u00edtott gy\u00f6ngy a vil\u00e1g legfinomabb gy\u00f6ngye. Nagyon nagy a val\u00f3sz\u00edn\u0171s\u00e9ge annak, hogy felfedeznek egy gy\u00f6ngy\u00f6t tartalmaz\u00f3 osztrig\u00e1t. K\u00f6r\u00fclbel\u00fcl 1 a 100-b\u00f3l. A teljes zs\u00e1km\u00e1nyt megtarthatod. A magas v\u00edzh\u0151m\u00e9rs\u00e9klet (20 \u00b0C) m\u00e9g t\u00e9len is eg\u00e9sz \u00e9vben lehet\u0151v\u00e9 teszi a b\u00fav\u00e1rkod\u00e1st. Azonban j\u00faniust\u00f3l szeptemberig az optim\u00e1lis id\u0151 erre a tev\u00e9kenys\u00e9gre. Jelenleg nincsenek jelent\u0151s \u00e1ramlatok. Bahreinben sz\u00f6rfiskol\u00e1k \u00e1llnak rendelkez\u00e9sre. A tengerpart \u00e9s az id\u0151j\u00e1r\u00e1si viszonyok ide\u00e1lisak ehhez a tev\u00e9kenys\u00e9ghez. A legszebb helyek \u00e9szakon, a f\u0151v\u00e1roshoz k\u00f6zel vannak. A kitesurf egy m\u00e1sik n\u00e9pszer\u0171 sport.<\/p>\n\n\n\n<p>Bahrein e\u00f3nok \u00f3ta a K\u00f6zel-Kelet f\u00f3kuszpontja. Hi\u00e1baval\u00f3 felkeresni az orsz\u00e1got, ha nincs kedved megn\u00e9zni a Kir\u00e1lys\u00e1g kultur\u00e1lis gazdags\u00e1gai k\u00f6z\u00fcl legal\u00e1bb egyet. A csod\u00e1latos Bahreini Nemzeti M\u00fazeum kiv\u00e1l\u00f3 kiindul\u00f3pont a kalandorok sz\u00e1m\u00e1ra. Megl\u00e1togathatja Muharraq gy\u00f6ngyhagyat\u00e9k\u00e1t is. Sz\u00e1mos egykori kir\u00e1lyi k\u00fari\u00e1t \u00e9s keresked\u0151 l\u00e9tes\u00edtm\u00e9nyt tartalmaz.<\/p>\n\n\n\n<p>Bahrein ritka lehet\u0151s\u00e9get k\u00edn\u00e1l fajtiszta arab lovak lovagl\u00e1s\u00e1ra. Ez az egyik legr\u00e9gebbi l\u00f3fajta, amelyet az Arab-f\u00e9lszigeten teny\u00e9sztettek a negyedik \u00e9s a hatodik sz\u00e1zad k\u00f6z\u00f6tt. M\u00e9rs\u00e9kelt n\u00f6veked\u00e9si \u00fctem\u00fck van, m\u00e9gis hihetetlen\u00fcl kecsesek \u00e9s gy\u00f6ny\u00f6r\u0171ek. A parton \u00e9s a sivatagban ist\u00e1ll\u00f3k \u00e9s lovagl\u00e1si l\u00e9tes\u00edtm\u00e9nyek sokas\u00e1ga biztos\u00edtja a lovagl\u00e1st. A sivatagot dzsipekkel \u00e1tszelhetik a sebess\u00e9g szerelmesei. Ez utask\u00e9nt \u00e9s sof\u0151rk\u00e9nt is lehets\u00e9ges. Egy arab nemzethez val\u00f3 utaz\u00e1s nem teljes tevelovagl\u00e1s n\u00e9lk\u00fcl. Bahreinben ez is n\u00e9pszer\u0171 sz\u00f3rakoz\u00e1si forma. P\u00e9ld\u00e1ul tev\u00e9n lovagolhat a h\u00edres \u00c9let F\u00e1j\u00e1hoz.<\/p>\n\n\n\n<p>A sivatagi glamping nagyon szokatlan helyi tev\u00e9kenys\u00e9g. A sz\u00f3 k\u00e9t l\u00e1tsz\u00f3lag egym\u00e1snak ellentmond\u00f3 fogalomb\u00f3l \u00e1ll: \u201ekempingez\u00e9s\u201d \u00e9s \u201eelb\u0171v\u00f6l\u0151\u201d. Egy gy\u00f6ny\u00f6r\u0171 s\u00e1torban Wi-Fi-vel, pl\u00fcss b\u00fatorokkal \u00e9s matracokkal b\u00e1rki \u00fagy \u00e9rezheti mag\u00e1t, mint Ar\u00e1biai L\u0151rinc. Sz\u00e1mos v\u00e1llalkoz\u00e1s k\u00edn\u00e1lja ezeket a szolg\u00e1ltat\u00e1sokat k\u00fcl\u00f6nb\u00f6z\u0151 ter\u00fcleteken. F\u00fcrd\u0151szob\u00e1k, j\u00e1tsz\u00f3terek, telev\u00edzi\u00f3 \u00e1ll a turist\u00e1k rendelkez\u00e9s\u00e9re. Ez a szolg\u00e1ltat\u00e1s kedvelt. Ez\u00e9rt \u00e9rdemes el\u0151re lefoglalni. Novembert\u0151l m\u00e1rciusig az optim\u00e1lis id\u0151 a glampingra.<\/p>\n\n\n\n<p>Bahreinben a t\u00far\u00e1z\u00e1s \u00e9s a t\u00far\u00e1z\u00e1s nem mindennapi tev\u00e9kenys\u00e9g. A szigetek szinte v\u00edzszintesek. A cs\u00facs mind\u00f6ssze 122 m\u00e9terrel a tengerszint felett van. A partvonal hossza azonban 160 kilom\u00e9ter. Ez\u00e9rt a trekking tengerparti t\u00far\u00e1kb\u00f3l \u00e1ll. Ezen k\u00edv\u00fcl vannak \u00fatvonalak \u00e9szakon, Al Qurayyah k\u00f6zel\u00e9ben. A bonyolults\u00e1gi szintj\u00fckben k\u00fcl\u00f6nb\u00f6znek egym\u00e1st\u00f3l. T\u00f6bb \u00f6sv\u00e9ny is van Madnat Isa k\u00f6r\u00fcl. A Kir\u00e1lys\u00e1gban nincsenek igazi hegyek vagy dombok. A hegyi ker\u00e9kp\u00e1roz\u00e1s azonban tov\u00e1bbra is n\u00e9pszer\u0171. Manama hegyi ker\u00e9kp\u00e1rral k\u00f6zel\u00edthet\u0151 meg egynapos kir\u00e1ndul\u00e1sokhoz. A f\u0151v\u00e1ros eszk\u00f6zk\u00f6lcs\u00f6nz\u00e9si szolg\u00e1ltat\u00e1sokat ny\u00fajt.<\/p>\n\n\n\n<p>A meleg, sek\u00e9ly tengerparti vizek hemzsegnek a halakt\u00f3l. K\u00f6r\u00fclbel\u00fcl 300 halfaj \u00e9l itt. A horg\u00e1szat n\u00e9pszer\u0171 Bahrein bennsz\u00fcl\u00f6ttek \u00e9s k\u00fclf\u00f6ldiek k\u00f6r\u00e9ben. Itt tal\u00e1lhat\u00f3 papag\u00e1jhal, angyalhal, s\u00fcg\u00e9r, barracuda, boh\u00f3chal \u00e9s a tr\u00f3pusi z\u00e1tonyok egy\u00e9b l\u00e9nyei. Sz\u00e1llod\u00e1k \u00e9s turisztikai c\u00e9gek terveznek horg\u00e1sz kir\u00e1ndul\u00e1sokat. Kev\u00e9s strandon lehet szabadt\u00e9ri tev\u00e9kenys\u00e9geket v\u00e9gezni. Azonban kiv\u00e1l\u00f3ak: sz\u00e9lesek, t\u00e1gasak, finom homokkal \u00e9s a sz\u00fcks\u00e9ges infrastrukt\u00far\u00e1val. Nem szabad vissza\u00e9lni a bahreini helyiek enged\u00e9kenys\u00e9g\u00e9t a turist\u00e1kkal szemben. A nem sz\u00e1llodai tulajdon\u00fa nyilv\u00e1nos strandokon ne viseljen t\u00falzottan alacsony h\u00e1t\u00fa f\u00fcrd\u0151ruh\u00e1t. A f\u00e9rfiaknak nem javasolt r\u00f6vid \u00fasz\u00f3nadr\u00e1g visel\u00e9se. Az \u00fasz\u00f3nadr\u00e1got r\u00f6vidnadr\u00e1ggal kell viselni.<\/p>\n\n\n\n<p>A Bahrain Al Beach n\u00e9pszer\u0171 csal\u00e1di nyaral\u00e1s, k\u00fcl\u00f6n\u00f6sen a kisgyermekek sz\u00e1m\u00e1ra. Az Amwaj Beach Bahreinben remek hely a kitesz\u00f6rf\u00f6z\u00e9shez. A jet-s\u00edz\u0151k is kedvelik. M\u00e1s utaz\u00f3k ezt a ter\u00fcletet kiss\u00e9 ny\u00fczsg\u0151nek tal\u00e1lhatj\u00e1k. A Bahrain Arad er\u0151d egy kis strand egy \u0151si er\u0151d k\u00f6zel\u00e9ben. A n\u00e9pszer\u0171 tev\u00e9kenys\u00e9gek k\u00f6z\u00e9 tartozik a piknik, a t\u00far\u00e1z\u00e1s \u00e9s a tengerparti j\u00e1t\u00e9kok. Naplementekor a Bahrein Hidd strand l\u00e1tv\u00e1nyos kil\u00e1t\u00e1st ny\u00fajt Manam\u00e1ra. Ezenk\u00edv\u00fcl a tengerparti piknik gyakoribb, mint az \u00fasz\u00e1s. A Bahrain Jazair egy h\u00edres, egy kilom\u00e9ter hossz\u00fa strand a helyiek k\u00f6r\u00e9ben. Itt nagyon sok sz\u00f3rakoz\u00e1s v\u00e1rja a gyerekeket. A strandon t\u00f6bbf\u00e9le felszerel\u00e9s b\u00e9relhet\u0151. Bahrain Karbabad egy gy\u00f6ny\u00f6r\u0171 hely a Bahreini er\u0151d k\u00f6zel\u00e9ben.<\/p>\n\n\n\n<p>A Bahreini Kir\u00e1lys\u00e1g v\u00e1lasza a k\u00f6zel-keleti vadon \u00e9l\u0151 \u00e1llatok v\u00e9delm\u00e9re az Al Areen Vadaspark l\u00e9trehoz\u00e1sa volt. Azt rem\u00e9lt\u00e9k, hogy egy ilyen tartal\u00e9k l\u00e9trehoz\u00e1sa seg\u00edti majd a hasonl\u00f3 kezdem\u00e9nyez\u00e9sek megval\u00f3s\u00edt\u00e1s\u00e1t a r\u00e9gi\u00f3 m\u00e1s nemzeteiben is. A vadrezerv\u00e1tumot a ritka arab \u00e1llatok, p\u00e9ld\u00e1ul az Oryx, Adax \u00e9s Reem Gazelle v\u00e9delm\u00e9re \u00e9p\u00edtett\u00e9k. \u00c1llatbar\u00e1toknak \u00e9s csal\u00e1doknak kiv\u00e1l\u00f3. Felfedezheti \u00e9s megfigyelheti a l\u00e9nyeket term\u00e9szetes \u00e9l\u0151hely\u00fck\u00f6n. Itt a turist\u00e1k tanuls\u00e1gos szabadid\u0151t t\u00f6lthetnek el, \u00e9s kiv\u00e1l\u00f3 lovakon lovagolhatnak.<\/p>\n\n\n\n<p>A Ramee Rose Hotel ad otthont Bahrein egyik legjobb \u00e9jszakai klubj\u00e1nak. A t\u00e1ncparkett h\u00e9tv\u00e9g\u00e9n \u00e1ltal\u00e1ban zs\u00fafol\u00e1sig megtelt. A k\u00f6z\u00f6ns\u00e9get a n\u0151k sz\u00e1m\u00e1ra ingyenes italok, a vend\u00e9gek sz\u00e1m\u00e1ra pedig meghosszabb\u00edtott \u201eboldog\u00f3ra\u201d vonzza. A turist\u00e1k a f\u00e9nyes neont\u00e1bl\u00e1kkal d\u00edsz\u00edtett diszk\u00f3kban sz\u00f3rakozhatnak. A Ramee Grand klub az \u00e9jszakai \u00e9let epicentruma Bahreinben. Egyre n\u00e9pszer\u0171bb \u00fati c\u00e9l az expatok sz\u00e1m\u00e1ra az \u00e9jszakai kikapcsol\u00f3d\u00e1sra.<\/p>\n\n\n\n<p>Az orsz\u00e1g \u00e9jszakai \u00e9lete mindenki sz\u00e1m\u00e1ra k\u00edn\u00e1l valamit. A sziget Sza\u00fad-Ar\u00e1bia keleti partjain\u00e1l tal\u00e1lhat\u00f3. Ez hotspott\u00e1 teszi az Egyes\u00fclt \u00c1llamokb\u00f3l, Eur\u00f3p\u00e1b\u00f3l \u00e9s a K\u00f6zel-Keletr\u0151l \u00e9rkez\u0151 utaz\u00f3k sz\u00e1m\u00e1ra. A sza\u00fadi v\u00e1rosok, k\u00f6zt\u00fck Dhahran \u00e9s al-Khobar, Fahd kir\u00e1ly parancsnoks\u00e1g\u00e1nak k\u00f6zel\u00e9ben tal\u00e1lhat\u00f3k, amely Sza\u00fad-Ar\u00e1bi\u00e1t Bahreinnel k\u00f6ti \u00f6ssze. Ez megk\u00f6nny\u00edti a sziget megk\u00f6zel\u00edthet\u0151s\u00e9g\u00e9t. Az \u00e1llam egyes\u00edti a klubokat \u00e9s a kocsm\u00e1kat, amelyek t\u00fckr\u00f6zik a r\u00e9gi\u00f3 k\u00fcl\u00f6nb\u00f6z\u0151 nemzetis\u00e9geit. Ezenk\u00edv\u00fcl a sziget n\u00e9pszer\u0171 a turist\u00e1k k\u00f6r\u00e9ben, mivel itt megengedett az alkohol.<\/p>\n\n\n\n<p>A Kult\u00fara Tavasza nagyon l\u00e1togatott esem\u00e9ny. K\u00fclf\u00f6ldi vend\u00e9gek is r\u00e9szt vehetnek a nemzeti zen\u00e9ben. A szigeten ez id\u0151 alatt t\u00e1ncfesztiv\u00e1lokat tartanak. Este a vend\u00e9gek versenyezhetnek, hogy ki legyen a legjobb latin-amerikai t\u00e1ncok \u00e9nekese vagy el\u0151ad\u00f3ja. Ez a leg\u00e9l\u00e9nkebb kultur\u00e1lis \u00fcnneps\u00e9g a Perzsa-\u00f6b\u00f6l t\u00e9rs\u00e9g\u00e9ben. A h\u00f3nap folyam\u00e1n a vil\u00e1g minden t\u00e1j\u00e1r\u00f3l \u00e9rkez\u0151 el\u0151ad\u00f3k, m\u0171v\u00e9szek \u00e9s szerz\u0151k egy\u00fctt \u00fcnneplik az \u00f6sszes kultur\u00e1lis \u00fcnnepet. Hagyom\u00e1nyosan a menetrend annyira zs\u00fafolt, hogy a r\u00e9sztvev\u0151knek h\u00f3napokkal kor\u00e1bban le kell foglalniuk a helyeket.<\/p>\n\n\n\n<h2 class=\"wp-block-heading\">Adhari Park<\/h2>\n\n\n\n<p><em>Ain Adhari 388-as \u00fati blokk, 111-es \u00e9p\u00fclet, Bahreini Kir\u00e1lys\u00e1g<\/em><\/p>\n\n\n\n<p>Az Adhari Park egy vid\u00e1mpark a Bahreini Kir\u00e1lys\u00e1gban, amelynek k\u00f6z\u00e9ppontj\u00e1ban az \u0151si Ain Adari \u00e9desv\u00edzi forr\u00e1s \u00e1ll.<\/p>\n\n\n\n<p>Az Adhari Park egy vadonat\u00faj turisztikai c\u00e9lpont Bahreinben, az Adhari Nemzeti Park k\u00f6zel\u00e9ben. C\u00e9lja, hogy a GCC els\u0151 sz\u00e1m\u00fa csal\u00e1di attrakci\u00f3ja legyen, 38 izgalmas szabadt\u00e9ri \u00e9s belt\u00e9ri t\u00far\u00e1val minden koroszt\u00e1ly sz\u00e1m\u00e1ra, csal\u00e1di sz\u00f3rakoztat\u00f3 k\u00f6zponttal, 10 \u00e9lelmiszerbolttal a Food Courtban, vacsor\u00e1zzon \u00e9tteremben, k\u00e1v\u00e9z\u00f3kkal \u00e9s m\u00e9g sok m\u00e1ssal.<\/p>\n\n\n\n<h2 class=\"wp-block-heading\">Al Areen Vadaspark \u00e9s Reserve<\/h2>\n\n\n\n<p><em>PO Box 28690, Bahreini Kir\u00e1lys\u00e1g<\/em><\/p>\n\n\n\n<p>A bahreini Al Areen Wildlife Reserve-ben a n\u00f6v\u00e9ny- \u00e9s \u00e1llatfajokat t\u00f6bb mint h\u00e1rom \u00e9vtizede \u0151rzik \u00e9s termesztik. Figyeljen meg k\u00fcl\u00f6nf\u00e9le \u00e1llatokat, madarakat \u00e9s sivatagi n\u00f6v\u00e9nyeket term\u00e9szetes k\u00f6rnyezet\u00fckben. Tegyen egy s\u00e9t\u00e1t a parkban, \u00e9s k\u00f6zel\u00edtsen a szabadon barangol\u00f3 \u0151shonos madarakhoz. Vagy induljon buszos kir\u00e1ndul\u00e1son, hogy megismerje az \u00f6sszes bemutatott fajt, bele\u00e9rtve az arab leop\u00e1rdot, a struccot, az arab gazell\u00e1t, az oryxot \u00e9s m\u00e9g sok m\u00e1st!<\/p>\n\n\n\n<h2 class=\"wp-block-heading\">Bahreini Nemzetk\u00f6zi K\u00f6rverseny<\/h2>\n\n\n\n<p><em>255. kapu, Bahreini \u00f6b\u00f6l Avenue, Umm Jidar 1062, Sakhir, Bahrein<\/em><\/p>\n\n\n\n<p>A Bahrain International Circuit (BIC) egy korszer\u0171 motorsport helysz\u00edn a Szakhir sivatag sz\u00edv\u00e9ben. A p\u00e1ly\u00e1t a neves n\u00e9met m\u00e9rn\u00f6k, Hermann Tilke tervezte, \u00e9s sz\u00e1mos helyi kultur\u00e1lis elemet tartalmaz.<\/p>\n\n\n\n<p>Kevesebb, mint 18 h\u00f3napba telt a teljes l\u00e9tes\u00edtm\u00e9ny meg\u00e9p\u00edt\u00e9se, amely k\u00f6r\u00fclbel\u00fcl 150 milli\u00f3 doll\u00e1rba ker\u00fclt, \u00e9s jelent\u0151s kezdem\u00e9nyez\u00e9sre volt sz\u00fcks\u00e9g a ter\u00fclet fejleszt\u00e9s\u00e9hez.<\/p>\n\n\n\n<p>A BIC t\u00f6bb FIA-tan\u00fas\u00edtv\u00e1nnyal rendelkez\u0151 p\u00e1lyaelrendez\u00e9ssel rendelkezik, mint b\u00e1rmely m\u00e1s l\u00e9tes\u00edtm\u00e9ny a vil\u00e1gon. Ez lehet\u0151v\u00e9 teszi a p\u00e1ly\u00e1n, hogy k\u00fcl\u00f6nf\u00e9le aut\u00f3versenyeket rendezzenek. Az 5412 m\u00e9teres Grand Prix p\u00e1ly\u00e1n gyakran rendeznek nemzetk\u00f6zi versenyeket, mint p\u00e9ld\u00e1ul a Forma-1-es Gulf Air Bahrain Grand Prix-t, az FIA Endurance Vil\u00e1gbajnoks\u00e1g Six Hours of Bahreini verseny\u00e9t, a GP2 sorozat versenyeit \u00e9s a Porsche Mobil 1 Supercup-ot.<\/p>\n\n\n\n<h2 class=\"wp-block-heading\">Gravit\u00e1ci\u00f3<\/h2>\n\n\n\n<p><em>Building 234, 62 Avenue, Zallaq 1058 Bahrein<\/em><\/p>\n\n\n\n<p>Az els\u0151 belt\u00e9ri ejt\u0151erny\u0151s ugr\u00e1s Bahreinben.<\/p>\n\n\n\n<p>Az egyik legmagasabb, edzett \u00fcveggel l\u00e9trehozott, 12 m\u00e9ter magas sz\u00e9lcsatorn\u00e1ban a szabades\u00e9s \u00e9rz\u00e9s\u00e9nek lehetetlen ellen\u00e1llni.<\/p>\n\n\n\n<p>Ugorj be \u00fagy, mintha rep\u00fcl\u0151g\u00e9pr\u0151l ugran\u00e1l, de ejt\u0151erny\u0151 n\u00e9lk\u00fcl, \u00e9s an\u00e9lk\u00fcl, hogy rep\u00fcl\u0151re sz\u00e1lln\u00e1l! Mindenki \u00e9lvezheti ezt a testrep\u00fcl\u00e9s \u00e9lm\u00e9ny\u00e9t, kiv\u00e9ve azokat, akik nem hajland\u00f3k \u00e9let\u00fcket megv\u00e1ltoztat\u00f3 utaz\u00e1sra.<\/p>\n\n\n\n<p>Biztos\u00edthatjuk, hogy csod\u00e1latos \u00e9s rendk\u00edv\u00fcli \u00e9lm\u00e9nyben lesz r\u00e9sze.<\/p>\n\n\n\n<h2 class=\"wp-block-heading\">Dar-szigetek<\/h2>\n\n\n\n<p><em>1005 Sitra hal\u00e1szkik\u00f6t\u0151, Sitra, Bahreini Kir\u00e1lys\u00e1g<\/em><\/p>\n\n\n\n<p>Az Al Dar-sziget tengerparti \u00fcd\u00fcl\u0151helye rendszeres gy\u00f6ngyb\u00fav\u00e1r kir\u00e1ndul\u00e1sokat \u00e9s s\u00e9tahaj\u00f3z\u00e1st k\u00edn\u00e1l Jarada-sziget\u00e9re, ahol el\u0151fordulhat, hogy egyed\u00fcl napozik a feh\u00e9r homokk\u00f6penyen, \u00e9s b\u00f3biskol az \u00e9rintetlen viz\u00e9ben. A gy\u00f6ngy\u00f6k\u00f6n k\u00edv\u00fcl ak\u00e1r 30 korallfajt \u00e9s t\u00f6bb mint 200 halfajt is megfigyelhet\u00fcnk. Egy m\u00e1sik kedvenc tev\u00e9kenys\u00e9g a delfinek megfigyel\u00e9se a k\u00fcl\u00f6nb\u00f6z\u0151 k\u00f6zeli korallz\u00e1tonyok k\u00f6z\u00f6tt, \u00e9s a legjobb id\u0151 a napkelte vagy napnyugta megfigyel\u00e9s\u00e9re.<\/p>\n\n\n\n<p>Egy napos kir\u00e1ndul\u00e1s a gy\u00f6ngyz\u00e1tonyokhoz nagyon \u00e9lvezetes. Tegyen egy kir\u00e1ndul\u00e1st egy dhow-ra, hogy hitelesebb \u00e9lm\u00e9nyben legyen r\u00e9sze. Rendelhet arab konyh\u00e1t, \u00e9s a gy\u00f6ngyb\u00fav\u00e1rok tengerj\u00e1r\u00f3 mes\u00e9kkel kedveskednek.<\/p>\n\n\n\n<p>A vadon \u00e9l\u0151 \u00e1llatok kedvel\u0151inek 45 perces komp\u00fatra kell utazniuk az Al Dur m\u00f3l\u00f3t\u00f3l a Hawar-szigetig. A Hawar-szigetek nemzetk\u00f6zileg is jelent\u0151s term\u00e9szetv\u00e9delmi ter\u00fcletnek sz\u00e1m\u00edtanak, tiszta strandot \u00e9s lehet\u0151s\u00e9get k\u00edn\u00e1lnak delfinek \u00e9s nem mindennapi madarak megfigyel\u00e9s\u00e9re, mivel vonul\u00e1si \u00fatvonaluk k\u00f6z\u00e9ppontj\u00e1ban helyezkednek el.<\/p>\n\n\n\n<h2 class=\"wp-block-heading\">Hawar-szigetek<\/h2>\n\n\n\n<p><em>Hawar-szigetek<\/em><\/p>\n\n\n\n<p>Bahrein ellen\u0151rzi a Hawar-szigeteket, egy sivatagi szigetcsoportot az Arab-\u00f6b\u00f6l Bahreini-\u00f6b\u00f6l\u00e9ben. A vadon \u00e9l\u0151 \u00e1llatok kedvel\u0151inek 45 perces komp\u00fatra kell utazniuk az Al Dar m\u00f3l\u00f3t\u00f3l a Hawar-szigetig.<\/p>\n\n\n\n<p>A Hawar-szigeteket nemzetk\u00f6zileg is jelent\u0151s term\u00e9szeti mened\u00e9kk\u00e9nt tartj\u00e1k sz\u00e1mon, \u00e9rintetlen strandokat adva, lehet\u0151s\u00e9get adva delfinek \u00e9s ritka fajok megfigyel\u00e9s\u00e9re vonul\u00e1si \u00fatvonaluk k\u00f6zep\u00e9n.<\/p>\n\n\n\n<h2 class=\"wp-block-heading\">Gokart (BIKC)<\/h2>\n\n\n\n<p><em>255. kapu, Bahreini \u00f6b\u00f6l sug\u00e1r\u00fat, Umm Jidar 1062<\/em><\/p>\n\n\n\n<p>A Bahreini Nemzetk\u00f6zi Gokartp\u00e1lya (BIKC) egy korszer\u0171, vil\u00e1gsz\u00ednvonal\u00fa l\u00e9tes\u00edtm\u00e9ny, amely a motorsport alulr\u00f3l \u00e9p\u00edtkez\u0151 szintj\u00e9t szolg\u00e1lja ki. A BIKC-ben a holnap versenyz\u0151i el\u0151sz\u00f6r \u00edzlelhetik meg az igazi versenyek ekszt\u00e1zis\u00e1t. A BIKC megfelel a legmagasabb nemzetk\u00f6zi el\u0151\u00edr\u00e1soknak. Alkalmas a Commission Internationale de Karting-F\u00e9d\u00e9ration Internationale de l&#039;Automobile vil\u00e1gbajnoks\u00e1g (CIK-FIA) megrendez\u00e9s\u00e9re. 2012-ben a BIKC lett a vil\u00e1g els\u0151 gokartp\u00e1ly\u00e1ja, amely vil\u00e1gbajnoks\u00e1g szint\u0171 esem\u00e9nynek adott otthont.<\/p>\n\n\n\n<p>A CIK p\u00e1lya 1414 kilom\u00e9ter hossz\u00fa \u00e9s 14 kanyarral rendelkezik. A tervek szerint a CIK-FIA 18 \u00e9ven aluliak vil\u00e1gbajnoks\u00e1ga \u00e9s Academy Trophy, amely 2012-ben volt el\u0151sz\u00f6r Bahreinben, \u00e9s a legut\u00f3bbi CIK-FIA vil\u00e1gbajnoks\u00e1g is ott lett volna. A BIKC k\u00fcl\u00f6nf\u00e9le bej\u00e1r\u00e1si \u00e9s v\u00e1llalati csapat\u00e9p\u00edt\u0151 tev\u00e9kenys\u00e9geket k\u00edn\u00e1l lelkes gokartosok \u00e9s nagyv\u00e1llalatok sz\u00e1m\u00e1ra, bele\u00e9rtve a Forma-1 \u00e1ltal ihletett Grand Prix \u00e9s Endurance \u00e9lm\u00e9nyeket. A p\u00e1lya 200 lux-os reflektorokkal van felszerelve, \u00edgy \u00e9jszakai versenyek is megrendezhet\u0151k.<\/p>\n\n\n\n<h2 class=\"wp-block-heading\">Dilmun elveszett paradicsoma<\/h2>\n\n\n\n<p><em>255. kapu, Bahreini \u00f6b\u00f6l sug\u00e1r\u00fat, Umm Jidar 1062<\/em><\/p>\n\n\n\n<p>A Lost Paradise of Dilmun jelenleg Bahrein legnagyobb v\u00edziparkja, amelynek \u00f6sszter\u00fclete k\u00f6r\u00fclbel\u00fcl 77 000 n\u00e9gyzetm\u00e9ter, be\u00e9p\u00edtett ter\u00fclete k\u00f6r\u00fclbel\u00fcl 45 000 n\u00e9gyzetm\u00e9ter, \u00e9s k\u00f6r\u00fclbel\u00fcl 20 000 n\u00e9gyzetm\u00e9ter. A park minden egyes eleme a Dilmun-korszak t\u00f6rt\u00e9nelm\u00e9re \u00f6sszpontos\u00edt, amint azt a park jellegzetes k\u0151szobrai \u00e9s \u00e9p\u00edt\u00e9szete is mutatja. T\u00f6bb mint 18 cs\u00faszda \u00e9s l\u00e1tnival\u00f3 hib\u00e1tlanul integr\u00e1lva sivatagi o\u00e1zist \u00e9s \u00e1lomkertet alkot a vend\u00e9gek sz\u00e1m\u00e1ra.<\/p>\n\n\n\n<h2 class=\"wp-block-heading\">Marassi strand<\/h2>\n\n\n\n<p><em>Al Muharraq City<\/em><\/p>\n\n\n\n<p>K\u00e9t kilom\u00e9ternyi feh\u00e9r homokos strand alkotja a Marassi strandot, amely egy szabadt\u00e9ri \u00e9letm\u00f3d-attrakci\u00f3. Ez az els\u0151 food truck b\u00edr\u00f3s\u00e1g Bahreinben, amely f\u00fcggetlen v\u00e1llalkoz\u00f3kt\u00f3l sz\u00e1rmaz\u00f3 nemzetk\u00f6zi \u00e9s helyi \u00edzeket szolg\u00e1l fel. A j\u00e1tsz\u00f3t\u00e9ren \u00e9s a kocog\u00f3s v\u00edzparti \u00f6sv\u00e9nyen k\u00edv\u00fcl a Marassi strandon j\u00e1tsz\u00f3t\u00e9r is tal\u00e1lhat\u00f3.<\/p>\n\n\n\n<p>Sz\u00e1mos h\u00e9tv\u00e9gi esem\u00e9nyt, p\u00e9ld\u00e1ul pop-up piacot, szabadt\u00e9ri filmeket \u00e9s gyermekj\u00e1t\u00e9kokat hirdetnek meg gyakran. A Marassi strandon minden szolg\u00e1ltat\u00e1s \u00e9s k\u00e9nyelem a legjobb min\u0151s\u00e9g\u0171 \u00e9s tisztas\u00e1g\u00fa, a napi feln\u0151tt bel\u00e9p\u0151d\u00edj pedig 2 BD. Ez a befizet\u00e9s r\u00e9szben bev\u00e1lthat\u00f3 napoz\u00f3\u00e1gyakra, naperny\u0151kre \u00e9s t\u00f6r\u00f6lk\u00f6z\u0151kre.<\/p>\n\n\n\n<h2 class=\"wp-block-heading\">Royal Golf Club<\/h2>\n\n\n\n<p><em>Al Muaskar Highway Riffa, Bahrein<\/em><\/p>\n\n\n\n<p>K\u00e9t kilom\u00e9ternyi feh\u00e9r homokos strand alkotja a Marassi strandot, amely egy szabadt\u00e9ri \u00e9letm\u00f3d-attrakci\u00f3. Ez az els\u0151 food truck b\u00edr\u00f3s\u00e1g Bahreinben, amely f\u00fcggetlen v\u00e1llalkoz\u00f3kt\u00f3l sz\u00e1rmaz\u00f3 nemzetk\u00f6zi \u00e9s helyi \u00edzeket szolg\u00e1l fel. A j\u00e1tsz\u00f3t\u00e9ren \u00e9s a kocog\u00f3s v\u00edzparti \u00f6sv\u00e9nyen k\u00edv\u00fcl a Marassi strandon j\u00e1tsz\u00f3t\u00e9r is tal\u00e1lhat\u00f3.<\/p>\n\n\n\n<p>Sz\u00e1mos h\u00e9tv\u00e9gi esem\u00e9nyt, p\u00e9ld\u00e1ul pop-up piacot, szabadt\u00e9ri filmeket \u00e9s gyermekj\u00e1t\u00e9kokat hirdetnek meg gyakran. A Marassi strandon minden szolg\u00e1ltat\u00e1s \u00e9s k\u00e9nyelem a legjobb min\u0151s\u00e9g\u0171 \u00e9s tisztas\u00e1g\u00fa, a napi feln\u0151tt bel\u00e9p\u0151d\u00edj pedig 2 BD. Ez a befizet\u00e9s r\u00e9szben bev\u00e1lthat\u00f3 napoz\u00f3\u00e1gyakra, naperny\u0151kre \u00e9s t\u00f6r\u00f6lk\u00f6z\u0151kre.<\/p>","protected":false},"excerpt":{"rendered":"<p>Az \u00e1prilisban a Bahreini Nemzetk\u00f6zi K\u00f6rversenyen megrendezett Bahreini Nagyd\u00edj Forma-1-es verseny a legjelent\u0151sebb \u00e9ves esem\u00e9ny Bahreinben. Tervezz el\u0151re, mert a jegyek elkeltek, a sz\u00e1llodai k\u00f6lts\u00e9gek pedig az egekbe sz\u00f6ktek. \u00c1ltal\u00e1ban az els\u0151 foglal\u00e1sok 10-20 sz\u00e1zal\u00e9kos kedvezm\u00e9nyre jogosultak. A lel\u00e1t\u00f3t\u00f3l f\u00fcgg\u0151en a jegyek \u00e1ra 150 \u00e9s 60 BD k\u00f6z\u00e9 esik.<\/p>","protected":false},"author":1,"featured_media":35414,"parent":35335,"menu_order":0,"comment_status":"closed","ping_status":"closed","template":"elementor_theme","meta":{"_eb_attr":"","footnotes":""},"class_list":["post-35412","page","type-page","status-publish","has-post-thumbnail"],"_links":{"self":[{"href":"https:\/\/travelshelper.com\/hu\/wp-json\/wp\/v2\/pages\/35412","targetHints":{"allow":["GET"]}}],"collection":[{"href":"https:\/\/travelshelper.com\/hu\/wp-json\/wp\/v2\/pages"}],"about":[{"href":"https:\/\/travelshelper.com\/hu\/wp-json\/wp\/v2\/types\/page"}],"author":[{"embeddable":true,"href":"https:\/\/travelshelper.com\/hu\/wp-json\/wp\/v2\/users\/1"}],"replies":[{"embeddable":true,"href":"https:\/\/travelshelper.com\/hu\/wp-json\/wp\/v2\/comments?post=35412"}],"version-history":[{"count":0,"href":"https:\/\/travelshelper.com\/hu\/wp-json\/wp\/v2\/pages\/35412\/revisions"}],"up":[{"embeddable":true,"href":"https:\/\/travelshelper.com\/hu\/wp-json\/wp\/v2\/pages\/35335"}],"wp:featuredmedia":[{"embeddable":true,"href":"https:\/\/travelshelper.com\/hu\/wp-json\/wp\/v2\/media\/35414"}],"wp:attachment":[{"href":"https:\/\/travelshelper.com\/hu\/wp-json\/wp\/v2\/media?parent=35412"}],"curies":[{"name":"wp","href":"https:\/\/api.w.org\/{rel}","templated":true}]}}