{"id":17423,"date":"2024-09-26T13:36:25","date_gmt":"2024-09-26T13:36:25","guid":{"rendered":"https:\/\/travelshelper.com\/staging\/?page_id=17423"},"modified":"2026-03-13T23:32:26","modified_gmt":"2026-03-13T23:32:26","slug":"araxa","status":"publish","type":"page","link":"https:\/\/travelshelper.com\/hu\/destinations\/south-america\/brazil\/araxa\/","title":{"rendered":"Arax\u00e1"},"content":{"rendered":"<p>Minas Gerais hull\u00e1mz\u00f3 felf\u00f6ldj\u00e9n fekszik Arax\u00e1, amely 1283 n\u00e9gyzetkilom\u00e9ternyi szavann\u00e1kkal tark\u00edtott fenns\u00edkon \u00e9s erd\u0151s dombokon ter\u00fcl el. 2022-ben 111 691 lakos\u00e1nak otthont ad\u00f3 telep\u00fcl\u00e9s egy nyolc telep\u00fcl\u00e9sb\u0151l \u00e1ll\u00f3, 176 736 lelket sz\u00e1ml\u00e1l\u00f3 r\u00e9gi\u00f3 k\u00f6zpontja (2017-es adatok). B\u00e1r v\u00e1roshat\u00e1ra mind\u00f6ssze 3,45 n\u00e9gyzetkilom\u00e9ter, Arax\u00e1 egy k\u00f6zel 10 000 n\u00e9gyzetkilom\u00e9teres t\u00e1jat ural, amely kisv\u00e1rosokat \u00e9s vid\u00e9ki birtokokat sz\u0151 egyetlen sz\u00f6vett\u00e9.<\/p>\n<p>J\u00f3val az els\u0151 f\u00f6ldm\u0171vesek meg\u00e9rkez\u00e9se el\u0151tt Arax\u00e1 t\u00f6rt\u00e9nete az Andaia-Aru harcos vezette n\u00e9phez tartozott. A 16. sz\u00e1zadban a Cataguases t\u00f6rzsb\u0151l elszakadva az Arax\u00e1k a Rio Grande ment\u00e9n \u00e9s a Serra da Canastra \u00e1rny\u00e9k\u00e1ban telepedtek le. Nagyj\u00e1b\u00f3l egy \u00e9vsz\u00e1zadon \u00e1t egyens\u00falyban \u00e9ltek a f\u00f6lddel, m\u00edgnem hull\u00e1mokban s\u00f6p\u00f6rtek v\u00e9gig rajtuk az eur\u00f3pai exped\u00edci\u00f3k, f\u00e1ra \u00e9s v\u00edzre \u00e9hesen. A fesz\u00fclts\u00e9gek fokoz\u00f3dtak, a szerz\u0151d\u00e9sek felbomlottak, \u00e9s az 1600-as \u00e9vek k\u00f6zep\u00e9n az Arax\u00e1kat el\u0171zt\u00e9k az \u00e1ltaluk kialak\u00edtott f\u00f6ldr\u0151l.<\/p>\n<p>Minas Gerais kapit\u00e1nys\u00e1g\u00e1nak z\u00e1szlaja alatt a gyarmati hat\u00f3s\u00e1gok kik\u00fcldt\u00e9k Campo In\u00e1cio Correia de Pamplona bandeir\u00e1j\u00e1t, hogy felt\u00e9rk\u00e9pezz\u00e9k \u00e9s elfoglalj\u00e1k a ter\u00fcletet. Az elk\u00f6vetkez\u0151 \u00e9vtizedekben a telep\u00fcl\u00e9sek \u00f3vatosan emelkedtek ki a patakok \u00e9s dombok k\u00f6z\u00f6tt, a gazd\u00e1k pedig a s\u0171r\u0171 erd\u0151kb\u0151l faragt\u00e1k ki j\u00f6v\u0151j\u00fcket. 1791-ben, amikor egy kis tanyacsoport egy k\u00e1polna k\u00f6r\u00fcl gy\u0171lt \u00f6ssze, l\u00e9trej\u00f6tt a S\u00e3o Domingos de Arax\u00e1 pl\u00e9b\u00e1nia, amelyet a dominik\u00e1nusok alap\u00edt\u00f3j\u00e1r\u00f3l neveztek el. N\u00e9gy \u00e9vtizeddel k\u00e9s\u0151bb elnyerte a vila (v\u00e1ros) st\u00e1tuszt, \u00e9s 1865. december 19-re elismert v\u00e1rosk\u00e9nt viselte az Arax\u00e1 nevet.<\/p>\n<p>F\u00f6ldrajzilag Arax\u00e1 973 m\u00e9terrel a tengerszint felett fekszik, ereit foly\u00f3k \u00e9s patakok h\u00e1l\u00f3zz\u00e1k be. \u00c9szakon \u00e9s \u00e9szaknyugaton Perdizes fekszik, m\u00edg keleten Ibi\u00e1, d\u00e9len Tapira, d\u00e9lnyugaton pedig Sacramento hat\u00e1rolja. A Serra da Bocaina 1359 m\u00e9teres magass\u00e1gban t\u00f6r el\u0151 a l\u00e1that\u00e1ron \u2013 a telep\u00fcl\u00e9s legmagasabb cs\u00facsa \u2013, m\u00edg a Capivara foly\u00f3 910 m\u00e9terrel m\u00e9ly\u00edti a t\u00e1jat. Az \u00e9vi 20,98 \u00b0C-os \u00e1tlagh\u0151m\u00e9rs\u00e9klet \u00e9s az \u00e9vi k\u00f6zel k\u00e9t m\u00e9ternyi csapad\u00e9k buja erd\u0151ket \u00e9s term\u00e9keny legel\u0151ket egyar\u00e1nt \u00e1pol, ami el\u00e9g kellemes \u00e9ghajlat a nyugodt d\u00e9lut\u00e1nok elt\u00f6lt\u00e9s\u00e9hez a t\u00e1gas \u00e9g alatt.<\/p>\n<p>Amikor az 1940-es \u00e9vekben megny\u00edlt a Barreiro hidroterm\u00e1lis \u00e9s sz\u00e1llodakomplexum, Arax\u00e1 \u00e1sv\u00e1nyi anyagokban gazdag forr\u00e1sai \u00e1talak\u00edtott\u00e1k a v\u00e1ros gazdas\u00e1g\u00e1t. A l\u00e1togat\u00f3k az\u00e9rt \u00e9rkeztek, hogy megm\u00e1rt\u00f3zzanak a reum\u00e1t \u00e9s a b\u0151rbetegs\u00e9geket enyh\u00edt\u0151 vizekben; nappal ter\u00e1pi\u00e1s iszapkezel\u00e9seken id\u0151ztek, \u00e9jszaka pedig csill\u00e1rok alatt t\u00e1ncoltak.<\/p>\n<p>A Benedito Valadares korm\u00e1nyz\u00f3 \u00e9s Get\u00falio Vargas eln\u00f6k \u00e1ltal 1944-ben felavatott Grande Hotel krist\u00e1lytiszta megtestes\u00edt\u0151je volt ennek a korszaknak az elismer\u00e9se. Lend\u00fcletes art deco homlokzataival \u00e9s a f\u00fcrd\u0151kertekre n\u00e9z\u0151 teraszaival gyorsan politikai \u00f6sszej\u00f6vetelek, m\u0171v\u00e9szeti est\u00e9lyek \u00e9s g\u00e1l\u00e1k h\u00e1tter\u00e9v\u00e9 v\u00e1lt. M\u00e1rv\u00e1nyfolyos\u00f3i \u00e9s magasztos b\u00e1ltermei m\u00e9g ma is az elegancia azon korszak\u00e1ra eml\u00e9keztetnek, amely Braz\u00edlia elitj\u00e9t vonzotta ebbe a sz\u00e1razf\u00f6ldi f\u00fcrd\u0151v\u00e1rosba.<\/p>\n<p>Silver Screen Allure: \u201eDona Beija\u201d \u00e9s azon t\u00fal<br \/>\nArax\u00e1 sz\u00e9lesebb k\u00f6r\u0171 ismerts\u00e9ge az 1980-as \u00e9vekben \u00e9rkezett a telev\u00edzi\u00f3 k\u00e9perny\u0151ire a \u201eDona Beija\u201d c\u00edm\u0171 telenovell\u00e1val. A sorozat, amely egy legend\u00e1s helyi h\u0151sn\u0151 \u00e9let\u00e9re \u00f6sszpontos\u00edt \u2013 akir\u0151l azt besz\u00e9lik, hogy a term\u00e1lf\u00fcrd\u0151k horzsol\u00e1sai nyomokat hagytak a b\u0151r\u00e9n \u2013, orsz\u00e1gszerte megfestette Arax\u00e1 gyarmati h\u00e1zait, naps\u00fct\u00f6tte tereit \u00e9s a nappalikba kanyarg\u00f3 patakokat. A sorozat romantiz\u00e1lt l\u00e1tk\u00e9pei \u00e1ltal cs\u00e1b\u00edtott turist\u00e1k elkezdt\u00e9k felkeresni azokat az utc\u00e1kat \u00e9s sz\u00f6k\u0151kutakat, ahol a dr\u00e1ma j\u00e1tsz\u00f3dott.<\/p>\n<p>A felsz\u00edn alatt Arax\u00e1 a vil\u00e1g egyik leggazdagabb ni\u00f3biumk\u00e9szlet\u00e9t rejti \u2013 ez k\u00f6zel \u00f6t \u00e9vsz\u00e1zados glob\u00e1lis kereslet kiel\u00e9g\u00edt\u00e9s\u00e9re elegend\u0151. A Companhia Brasileira de Metalurgia e Minera\u00e7\u00e3o (CBMM) vezeti a kitermel\u00e9st \u00e9s feldolgoz\u00e1st, speci\u00e1lis ac\u00e9lokkal \u00e9s \u00f6tv\u00f6zetekkel l\u00e1tja el a rep\u00fcl\u0151g\u00e9pipart sug\u00e1rhajt\u00f3m\u0171vekhez, rak\u00e9t\u00e1khoz \u00e9s magas h\u0151m\u00e9rs\u00e9klet\u0171 berendez\u00e9sekhez. A k\u00f6zelben a Vale Fertilizantes SA \u00fczemelteti Braz\u00edlia legnagyobb szuperfoszf\u00e1tgy\u00e1r\u00e1t, amely a m\u0171tr\u00e1gy\u00e1khoz l\u00e9tfontoss\u00e1g\u00fa foszf\u00e1tkoncentr\u00e1tumokat \u00e1ll\u00edt el\u0151.<\/p>\n<p>2005-ben Arax\u00e1 GDP-je el\u00e9rte az 1,439 milli\u00e1rd re\u00e1lt, amely szinte egyenl\u0151en oszlott meg az ipar \u00e9s a szolg\u00e1ltat\u00e1sok k\u00f6z\u00f6tt. Abban az \u00e9vben 2865 ember dolgozott a feldolgoz\u00f3iparban, 1498 az \u00e9p\u00edt\u0151iparban, 7636 a kereskedelemben, 1296 a sz\u00e1llod\u00e1kban \u00e9s \u00e9ttermekben, valamint 2691 a k\u00f6zigazgat\u00e1sban \u2013 ezek a sz\u00e1mok kiegyens\u00falyozott gazdas\u00e1got t\u00fckr\u00f6znek.<\/p>\n<p>Ma Arax\u00e1 belv\u00e1ros\u00e1ba l\u00e9pve az ember a macskak\u00f6ves utc\u00e1kat szeg\u00e9lyez\u0151, vil\u00e1gos homlokzatokat l\u00e1t. A d\u00e9lut\u00e1ni napf\u00e9ny \u00e1ts\u00fct a Pra\u00e7a Governador Valadares \u00e9vsz\u00e1zados f\u00e1inak \u00e1gain, ahol az id\u0151sek a sarki k\u00e1v\u00e9z\u00f3kban k\u00e1v\u00e9z\u00e1s k\u00f6zben besz\u00e9lgetnek, a gyerekek pedig galambokat kergetnek a sz\u00f6k\u0151k\u00fat k\u00f6zel\u00e9ben. Az \u00e1rusok frissen p\u00f6rk\u00f6lt k\u00e1v\u00e9babot \u2013 egy m\u00e1sik region\u00e1lis specialit\u00e1st \u2013 \u00e1rulnak, a pastelari\u00e1kban pedig pastel de queij\u00f3t k\u00edn\u00e1lnak, amely sok\u00e1ig melegen marad, miut\u00e1n kij\u00f6tt a frit\u0151zb\u0151l.<\/p>\n<p>A v\u00e1ros hat\u00e1rain t\u00fal mintegy 405 vid\u00e9ki birtok ter\u00fcl el 68 000 hekt\u00e1ron, ahol nagyj\u00e1b\u00f3l 1500 ember m\u0171veli a f\u00f6ldet. K\u00f6r\u00fclbel\u00fcl 65 000 szarvasmarha termel naponta f\u00e9lmilli\u00f3 liter tejet (2004-es adatok), m\u00edg a sert\u00e9s- \u00e9s baromfitelepek l\u00e1tj\u00e1k el a helyi piacokat. A sz\u00f3jabab-, kukorica- \u00e9s k\u00e1v\u00e9f\u00f6ldek v\u00e1ltozatoss\u00e1 teszik a term\u00e9st, \u00e9s 22 kis lep\u00e1rl\u00f3\u00fczem k\u00e9sz\u00edt cacha\u00e7\u00e1t \u200b\u200b\u2013 egy er\u0151s cukorn\u00e1dp\u00e1rlatot, amely Braz\u00edlia kultur\u00e1lis \u00f6r\u00f6ks\u00e9g\u00e9be sz\u00f6v\u0151d\u00f6tt.<\/p>\n<p>Arax\u00e1 t\u00f6rt\u00e9nete tov\u00e1bbra is tart: gy\u00f3gyf\u00fcrd\u0151je \u00faj ter\u00e1pi\u00e1kat vezet be; a CBMM fejlett anyagokat fejleszt; a gazd\u00e1k fenntarthat\u00f3 gyakorlatokat alkalmaznak. \u00daj fesztiv\u00e1lok \u00fcnneplik a gyarmati el\u0151tti \u00f6r\u00f6ks\u00e9get \u00e9s a m\u0171v\u00e9szeteket, m\u00edg a gal\u00e9ri\u00e1k \u00e9s k\u00e9zm\u0171ves piacok helyi fest\u0151ket \u00e9s szobr\u00e1szokat mutatnak be. M\u00e9gis, minden modern el\u0151rel\u00e9p\u00e9s m\u00f6g\u00f6tt ott rejlik az \u00e1sv\u00e1nyv\u00edzforr\u00e1sok z\u00fcmm\u00f6g\u00e9se \u00e9s az erd\u0151\u00e1rny\u00e9kos foly\u00f3k eml\u00e9ke, ahol az Arax\u00e1 n\u00e9p el\u0151sz\u00f6r tette le a l\u00e1b\u00e1t.<\/p>\n<p>Ebben a gy\u00f3gy\u00edt\u00f3 vizek, ipari csod\u00e1k \u00e9s lelki nyugalom v\u00e1ros\u00e1ban az id\u0151 mintha k\u00e9t s\u00ednen futna \u2013 az egyik az \u0151si forr\u00e1sokat \u00e9s az \u0151slakosok b\u00e1tors\u00e1g\u00e1t tiszteli, a m\u00e1sik pedig Braz\u00edli\u00e1t a tudom\u00e1ny \u00e9s a kereskedelem \u00faj hat\u00e1rai fel\u00e9 rep\u00edti. Arax\u00e1 csendes ereje tov\u00e1bbra is megmarad, mind a term\u00e1lf\u00fcrd\u0151ib\u0151l felsz\u00e1ll\u00f3 g\u0151zben, mind pedig a f\u00f6ld, a t\u00f6rt\u00e9netek \u00e9s a maradni mert emberek \u00e1ltal form\u00e1lt k\u00f6z\u00f6ss\u00e9g l\u00fcktet\u00e9s\u00e9ben.<\/p>","protected":false},"excerpt":{"rendered":"<p>With a population of 111,691 as of 2022 Arax\u00e1 is a colorful municipality tucked away in the Minas Gerais state in Western Brazil. Situated about 370 kilometers northwest of the state capital Belo Horizonte, this vibrant metropolis covers an amazing 1,283 square kilometres, with 3.45 square kilometres set aside as the urban boundary. Comprising eight municipalities and spanning an area of 9,493.902 square kilometers with a combined population of 176,736 as of 2017, Arax\u00e1 forms the center point of the Immediate Geographic Region.<\/p>","protected":false},"author":1,"featured_media":17461,"parent":7508,"menu_order":0,"comment_status":"closed","ping_status":"closed","template":"elementor_theme","meta":{"_eb_attr":"","footnotes":""},"class_list":["post-17423","page","type-page","status-publish","has-post-thumbnail"],"_links":{"self":[{"href":"https:\/\/travelshelper.com\/hu\/wp-json\/wp\/v2\/pages\/17423","targetHints":{"allow":["GET"]}}],"collection":[{"href":"https:\/\/travelshelper.com\/hu\/wp-json\/wp\/v2\/pages"}],"about":[{"href":"https:\/\/travelshelper.com\/hu\/wp-json\/wp\/v2\/types\/page"}],"author":[{"embeddable":true,"href":"https:\/\/travelshelper.com\/hu\/wp-json\/wp\/v2\/users\/1"}],"replies":[{"embeddable":true,"href":"https:\/\/travelshelper.com\/hu\/wp-json\/wp\/v2\/comments?post=17423"}],"version-history":[{"count":0,"href":"https:\/\/travelshelper.com\/hu\/wp-json\/wp\/v2\/pages\/17423\/revisions"}],"up":[{"embeddable":true,"href":"https:\/\/travelshelper.com\/hu\/wp-json\/wp\/v2\/pages\/7508"}],"wp:featuredmedia":[{"embeddable":true,"href":"https:\/\/travelshelper.com\/hu\/wp-json\/wp\/v2\/media\/17461"}],"wp:attachment":[{"href":"https:\/\/travelshelper.com\/hu\/wp-json\/wp\/v2\/media?parent=17423"}],"curies":[{"name":"wp","href":"https:\/\/api.w.org\/{rel}","templated":true}]}}