{"id":17417,"date":"2024-09-26T13:27:29","date_gmt":"2024-09-26T13:27:29","guid":{"rendered":"https:\/\/travelshelper.com\/staging\/?page_id=17417"},"modified":"2026-03-13T23:34:55","modified_gmt":"2026-03-13T23:34:55","slug":"szent-peter-vizei","status":"publish","type":"page","link":"https:\/\/travelshelper.com\/hu\/destinations\/south-america\/brazil\/aguas-de-sao-pedro\/","title":{"rendered":"Szent P\u00e9ter Vizei"},"content":{"rendered":"<p>B\u00e1r mind\u00f6ssze 3,61 n\u00e9gyzetkilom\u00e9teren ter\u00fcl el \u2013 ezzel ter\u00fclet\u00e9t tekintve Braz\u00edlia m\u00e1sodik legkisebb telep\u00fcl\u00e9se \u2013, \u00c1guas de S\u00e3o Pedro egy sokkal nagyobb hely s\u00faly\u00e1t viseli mag\u00e1n, mint amit a hat\u00e1rai sugallnak. A S\u00e3o Paulo v\u00e1ros\u00e1t\u00f3l mintegy 184 kilom\u00e9terre \u00e9szaknyugatra, a hull\u00e1mz\u00f3 Itaqueri-hegygerincbe megb\u00fajva egyszerre bens\u0151s\u00e9gesnek \u00e9s teljesnek t\u0171nik, mintha a dombok \u00e9s forr\u00e1sok \u00f6sszeesk\u00fcdtek volna egy olyan k\u00f6z\u00f6ss\u00e9g kialak\u00edt\u00e1s\u00e1ban, amely finoman alkalmazkodik a term\u00e9szethez \u00e9s az emberi sz\u00fcks\u00e9gletekhez. A 2020-ban mind\u00f6ssze 3521 lakost nyilv\u00e1ntartott apr\u00f3 enkl\u00e1v\u00e9ban a term\u00e1lvizek, a lombos parkok \u00e9s a gondos tervez\u00e9sb\u0151l sz\u00fcletett csendes magabiztoss\u00e1g hat\u00e1rozza meg az \u00e9letet.<\/p>\n<p>Az \u201e\u00c1guas de S\u00e3o Pedro\u201d \u2013 sz\u00f3 szerint \u201eSzent P\u00e9ter vize\u201d \u2013 k\u00f6zvetlen\u00fcl a v\u00e1ros l\u00e9nyeg\u00e9re utal. Itt minden sz\u00f6k\u0151k\u00fat, f\u00fcrd\u0151 \u00e9s k\u00f6zt\u00e9r mintha a szent \u00e9s a f\u00f6ldi k\u00f6z\u00f6tti k\u00f6tel\u00e9kre utalna. Szent P\u00e9ter, a hagyom\u00e1nyos mennyei kulcsok \u0151rz\u0151je, nev\u00e9t olyan vizeknek adta, amelyekr\u0151l \u00fagy tartj\u00e1k, hogy fizikai megk\u00f6nnyebb\u00fcl\u00e9st \u00e9s bels\u0151 nyugalmat k\u00edn\u00e1lnak. A c\u00edm azonban a v\u00e1ros szoros rokons\u00e1g\u00e1ra is utal nagyobb szomsz\u00e9dj\u00e1val, S\u00e3o Pedro \u00f6nkorm\u00e1nyzat\u00e1val, amely egykor ig\u00e9nyt tartott ezekre a forr\u00e1sokra, miel\u0151tt azokat az 1940-es \u00e9vekben tervezett k\u00f6z\u00f6ss\u00e9gg\u00e9 alak\u00edtott\u00e1k volna.<\/p>\n<p>Az \u201eItaqueri\u201d n\u00e9v, amely a tupi-guaran\u00ed nyelvb\u0151l sz\u00e1rmazik, \u00e9s \u201efekv\u0151 k\u00f6vet\u201d jelent, az \u00c1guas de S\u00e3o Pedro dombtet\u0151inek lass\u00fa, t\u00fcrelmes szobr\u00e1szat\u00e1t id\u00e9zi. A S\u00e3o Pedro \u00e1ltal minden oldalr\u00f3l k\u00f6r\u00fclvett enkl\u00e1v\u00e9 egyszerre v\u00e9dett \u00e9s egyed\u00fcl\u00e1ll\u00f3 \u2013 Braz\u00edlia mind\u00f6ssze n\u00e9gy ilyen telep\u00fcl\u00e9s\u00e9nek egyike. N\u00e9gy negyede \u2013 Jardim Jerubia\u00e7aba \u00e9szakkeleten, Jardim Iporanga keleten, Centro a sz\u00edvben \u00e9s Jardim Porangaba d\u00e9len \u2013 olyan tupi-guaran\u00ed neveket visel, amelyek a h\u0171s\u00e9get, a foly\u00f3kat \u00e9s a t\u00e1gas kil\u00e1t\u00e1st id\u00e9zik. Egy \u00e1rny\u00e9kos lak\u00f3utc\u00e1b\u00f3l l\u00e9phet\u00fcnk ki a Centro v\u00e1ratlanul nyitott ter\u00e9re, ahol a k\u00f6zeli sz\u00f6k\u0151kutak csobog\u00e1sa m\u00e9g a d\u00e9li napot is l\u00e1gy f\u00f3kuszban hagyja.<\/p>\n<p>Az \u00e9vi \u00e1tlagh\u0151m\u00e9rs\u00e9klet 22,4 \u00b0C, ami pont annyi meleget biztos\u00edt, hogy el\u0151csalogassa a r\u00fcgyeket \u00e9s a v\u00e1ndormadarakat, mik\u00f6zben soha nem id\u0151zik t\u00fal sok\u00e1ig a ny\u00e1ri t\u0171z\u0151 napban. Nagy, \u00fajraerd\u0151s\u00edtett foltok sz\u00f6vik \u00e1t a v\u00e1rost, ami tudatos v\u00e1laszt\u00e1s, \u00e9s \u00f6sszek\u00f6ti az emberi l\u00e1bnyomot az \u0151shonos n\u00f6v\u00e9nyvil\u00e1ggal. Ezek a z\u00f6ld \u00fct\u0151k k\u00e9t f\u0151 parkba \u00e9s egy kompakt v\u00e1rosi kertbe vezetnek \u2013 mindegyik egy l\u00e9legzetel\u00e1ll\u00edt\u00f3 hely, ahol a helyiek s\u00e9t\u00e1lnak, kocognak, vagy h\u00e1trad\u0151lve figyelik a medvebocs suhan\u00e1s\u00e1t az avarban.<\/p>\n<p>A Dr. Octavio Moura Andrade Parkban t\u00f6bb mint egymilli\u00f3 n\u00e9gyzetm\u00e9teren tizenhat jel\u00f6lt \u00f6sv\u00e9ny h\u00faz\u00f3dik, \u00f6sszesen 6,5 kilom\u00e9ter hosszan. Az \u00fatvonalak ment\u00e9n mintegy 250 mad\u00e1rfaj repked a brom\u00e9li\u00e1k \u00e9s p\u00e1fr\u00e1nyok k\u00f6z\u00f6tt; h\u00edv\u00e1saik zen\u00e9t alkotnak a h\u00e9tv\u00e9gi t\u00far\u00e1z\u00f3k sz\u00e1m\u00e1ra. Az aljn\u00f6v\u00e9nyzet id\u0151nk\u00e9nt felny\u00edlik, felfedve egy orm\u00e1nyosmedve \u00f3vatos pillant\u00e1s\u00e1t, amely felm\u00e9ri a l\u00e1togat\u00f3kat, miel\u0151tt az alacsony \u00e1gak kuszas\u00e1ga al\u00e1 menek\u00fclne. A v\u00e1ros t\u00fals\u00f3 sz\u00e9l\u00e9n tal\u00e1lhat\u00f3 a Parque das \u00c1guas \u201eJos\u00e9 Benedito Zani\u201d, amely 6400 n\u00e9gyzetm\u00e9teren s\u0171r\u00edti \u00f6ssze a ny\u00fczsg\u00e9st, energi\u00e1t\u00f3l z\u00fcmm\u00f6g\u0151 g\u00f6rdeszkap\u00e1ly\u00e1val, a ker\u00fclet\u00e9t szeg\u00e9lyez\u0151 fa ker\u00e9kp\u00e1rp\u00e1ly\u00e1val \u00e9s padokkal, ahol az id\u0151sebb lakosok \u00f6sszegy\u0171lnek a szabadt\u00e9ri torna ut\u00e1n.<\/p>\n<p>A v\u00edz \u2013 k\u00e9nes, \u00e1sv\u00e1nyi anyagokban gazdag, m\u00e9lys\u00e9g\u00e9ben h\u00e1tborzongat\u00f3 \u2013 teszi \u00c1guas de S\u00e3o Pedro-t minden utaz\u00f3 t\u00e9rk\u00e9p\u00e9re. S\u00e3o Paulo \u00e1llam hivatalos hidrominer\u00e1lis gy\u00f3gyf\u00fcrd\u0151 st\u00e1tuszt adott neki, a r\u00e9gi\u00f3 tizenegy ilyen f\u00fcrd\u0151j\u00e9nek egyikek\u00e9nt, elismerve forr\u00e1sainak ter\u00e1pi\u00e1s h\u00edrnev\u00e9t. H\u00e1rom k\u00fat fakad m\u00e9ly akn\u00e1kb\u00f3l:<\/p>\n<ul>\n<li>A Fonte Juventude 348,59 m\u00e9ter magasr\u00f3l t\u00f6r fel, a F\u00f6ld m\u00e1sodik legk\u00e9ntartalm\u00faabb viz\u00e9t \u00e1rasztva, \u00e9s Amerika leger\u0151sebb k\u00e9nes vizek\u00e9nt tartva sz\u00e1mon. A l\u00e1togat\u00f3k s\u00f6t\u00e9t, toj\u00e1sillat\u00fa viz\u00e9be mer\u00fclnek b\u0151rkezel\u00e9sek\u00e9rt \u00e9s forr\u00f3 vizes f\u00fcrd\u0151k\u00e9rt, amelyek halv\u00e1ny csillog\u00e1st hagynak a p\u00f3rusokon.<\/li>\n<li>A n\u00e1trium-szulf\u00e1tr\u00f3l ismert Fonte Gioconda az em\u00e9szt\u00e9si probl\u00e9m\u00e1kkal k\u00fczd\u0151ket vonzza \u2013 \u00edze enyh\u00e9n s\u00f3s \u00e9s egy csipetnyi vasat tartalmaz, ami bizsergeti a nyelvet.<\/li>\n<li>A Fonte Almeida Salles nev\u00e9t a 20. sz\u00e1zad eleji kr\u00f3nik\u00e1s\u00e1r\u00f3l, Dr. Sallesr\u0151l kapta, aki feljegyezte n\u00e1trium-hidrog\u00e9n-karbon\u00e1t tartalm\u00e1t, \u00e9s m\u00e1j- \u00e9s gyomorpanaszokra \u00edrta fel.<\/li>\n<\/ul>\n<p>A hossz\u00fa \u00fcnnepek alatt ak\u00e1r 30 000 ember is bolyong ezeken az utc\u00e1kon \u2013 ez majdnem t\u00edzszerese a lakoss\u00e1g sz\u00e1m\u00e1nak \u2013, m\u00edg a h\u00e9tk\u00f6znapi h\u00e9tv\u00e9g\u00e9ken a lakoss\u00e1g sz\u00e1ma ak\u00e1r n\u00e9gyszeres\u00e9re is megn\u0151het. K\u00fcl\u00f6n\u00f6sen a karnev\u00e1lok idej\u00e9n \u00f6z\u00f6nlenek el milli\u00f3nyi real a helyi \u00fczletekbe, \u00e9ttermekbe \u00e9s f\u00fcrd\u0151kbe.<\/p>\n<p>Mivel \u00c1guas de S\u00e3o Pedro mez\u0151gazdas\u00e1gi h\u00e1torsz\u00e1ggal nem rendelkezik, szolg\u00e1ltat\u00e1sk\u00f6zpont\u00fa gazdas\u00e1gra t\u00e1maszkodik. 2016-ban GDP-je el\u00e9rte a 132 616 500 re\u00e1l doll\u00e1rt, ami egy f\u0151re jut\u00f3, eg\u00e9szs\u00e9ges 41 378,02 re\u00e1lnak felel meg. A f\u00e1kkal \u00e1rny\u00e9kolt utakat sz\u00e1llod\u00e1k szeg\u00e9lyezik; a k\u00e1v\u00e9z\u00f3kban feketek\u00e1v\u00e9t \u00e9s guava p\u00e9ks\u00fctem\u00e9nyeket \u00e1rulnak r\u00e9gi vil\u00e1gbeli pasztell\u00e1ria st\u00edlusban. A kis butikokban fafarag\u00e1sokat, palackozott forr\u00e1svizet \u00e9s eukaliptusz- vagy levendulaillat\u00fa k\u00e9zm\u0171ves szappanokat \u00e1rulnak. Minden tranzakci\u00f3ban ott van az az \u00e9rz\u00e9s, hogy a j\u00f3l\u00e9t nem a f\u00f6ld kiakn\u00e1z\u00e1s\u00e1b\u00f3l, hanem egy ritka er\u0151forr\u00e1s gondnoks\u00e1g\u00e1b\u00f3l fakad.<\/p>\n<p>Apr\u00f3 m\u00e9rete ellen\u00e9re \u2013 vagy tal\u00e1n pont ez\u00e9rt \u2013 \u00c1guas de S\u00e3o Pedro emberi fejl\u0151d\u00e9si indexe 0,854, amivel a m\u00e1sodik helyen \u00e1ll mind az \u00e1llamban, mind az orsz\u00e1gban. A klinik\u00e1k pontosan \u00e9s hat\u00e9konyan m\u0171k\u00f6dnek; az iskol\u00e1k \u00f6szt\u00f6nzik a szabadt\u00e9ri \u00f3r\u00e1kat a c\u00e9drus- \u00e9s jacarandaf\u00e1k alatt. Az utc\u00e1k enyh\u00e9n felfel\u00e9 kanyarognak, alkonyatkor meghajl\u00f3 t\u00e1ncosokk\u00e9nt \u00edvel\u0151 l\u00e1mpaoszlopok vil\u00e1g\u00edtj\u00e1k meg \u0151ket. Kora reggel gyakran k\u00edgy\u00f3zik a sor a v\u00e1rosi p\u00e9ks\u00e9gn\u00e9l, miel\u0151tt kiny\u00edln\u00e1nak az ajt\u00f3k, a helyiek a parkban \u00e9szlelt vadon \u00e9l\u0151 \u00e1llatokr\u00f3l besz\u00e9lgetnek.<\/p>\n<p>Itt mintha kit\u00e1gulna az id\u0151. A d\u00e9li naps\u00fct\u00e9s l\u00e1gyabbnak \u00e9rz\u0151dik egy k\u00e9nillat\u00fa f\u00fcrd\u0151z\u00e9s ut\u00e1n. Egy egyszer\u0171 s\u00e9ta a Jardim Jerubia\u00e7aba-t\u00f3l a Centro-ig megk\u00f6veteli az id\u0151 meg\u00e1ll\u00e1s\u00e1t a v\u00e1rosi kertben, ahol a p\u00e1lm\u00e1k \u00e9s orchide\u00e1k csendje elnyomja az elhalad\u00f3 aut\u00f3k zaj\u00e1t. M\u00e9g a legsiet\u0151bb l\u00e1togat\u00f3 is lassulni k\u00e9nyszer\u00fcl, k\u00f6vetve a v\u00e1ros megfontolt temp\u00f3j\u00e1t.<\/p>\n<p>Az \u00c1guas de S\u00e3o Pedro l\u00e9nyeg\u00e9ben egy \u00edg\u00e9retre \u00e9p\u00fcl: egy helynek nem kell terjeszkednie ahhoz, hogy vir\u00e1gozzon. Term\u00e1lforr\u00e1sai, amelyek egykor a tervezett v\u00e1rosok szikr\u00e1i voltak, ma egy folyamatos egyens\u00falyk\u00eds\u00e9rletet tartanak fenn \u2013 a term\u00e9szet \u00e9s a v\u00e1rosi \u00e9let, a helyi ig\u00e9nyek \u00e9s a turisztikai impulzusok k\u00f6z\u00f6tt. Csendes pillanatokban elcs\u00edphet egy id\u0151s p\u00e1rt, akik egy \u00e1rny\u00e9kos \u00f6sv\u00e9nyen s\u00e9t\u00e1lnak, felid\u00e9zve azokat az id\u0151ket, amikor a j\u00e1rd\u00e1k m\u00e9g frissek voltak, \u00e9s az els\u0151 gy\u00f3gyf\u00fcrd\u0151-pavilonokat \u00e9p\u00edtett\u00e9k. Vagy meghallhatja egy fiatal idegenvezet\u0151t, aki Szent P\u00e9ter legend\u00e1j\u00e1t mes\u00e9li el ezeken a dombokon tett l\u00e1togat\u00e1s\u00e1r\u00f3l, melyeket gy\u00f3gy\u00edt\u00f3 vizek faragtak domborm\u0171veiv\u00e9.<\/p>\n<p>Az ilyen jelenetekben a telep\u00fcl\u00e9s nemcsak egy t\u00e9rk\u00e9ppontk\u00e9nt, hanem eml\u00e9kek \u00e9s megszok\u00e1sok gy\u0171jtem\u00e9nyek\u00e9nt is megmutatkozik. A term\u00e1lmedenc\u00e9b\u0151l felsz\u00e1ll\u00f3 g\u0151z sziszeg\u00e9s\u00e9ben, a sz\u00e1rnyak s\u00farl\u00f3d\u00e1s\u00e1ban a p\u00e1fr\u00e1nysz\u0151nyeges \u00f6sv\u00e9ny felett, a reggeli k\u00e1v\u00e9z\u00f3ban a cs\u00e9sz\u00e9k kim\u00e9rt cs\u00f6rren\u00e9s\u00e9ben \u2013 a finom hangokban, amelyek az itteni \u00e9let nagyobb dallam\u00e1t alkotj\u00e1k. \u00c9s ha a t\u00falvil\u00e1g egyre nyugtalanabbnak \u00e9s hatalmasabbnak t\u0171nik, \u00c1guas de S\u00e3o Pedro kicsinys\u00e9g\u00e9ben eml\u00e9keztet arra, hogy a gazdags\u00e1g nem a m\u00e9retben vagy a zajban, hanem az \u00e9let m\u00e9lys\u00e9g\u00e9ben rejlik.<\/p>","protected":false},"excerpt":{"rendered":"<p>Although small, the little municipality of \u00c1guas de S\u00e3o Pedro in S\u00e3o Paulo state, Brazil, deserves appreciation. Just 3.61 square kilometers, it is the second-smallest municipality in Brazil by area. The urban enclave claimed 3,521 residents as of 2020. Notwithstanding its small population, \u00c1guas de S\u00e3o Pedro has developed a reputation for great quality of living, a rich historical history, and a booming tourism industry based on its famous thermal springs.<\/p>","protected":false},"author":1,"featured_media":17515,"parent":7508,"menu_order":0,"comment_status":"closed","ping_status":"closed","template":"elementor_theme","meta":{"_eb_attr":"","footnotes":""},"class_list":["post-17417","page","type-page","status-publish","has-post-thumbnail"],"_links":{"self":[{"href":"https:\/\/travelshelper.com\/hu\/wp-json\/wp\/v2\/pages\/17417","targetHints":{"allow":["GET"]}}],"collection":[{"href":"https:\/\/travelshelper.com\/hu\/wp-json\/wp\/v2\/pages"}],"about":[{"href":"https:\/\/travelshelper.com\/hu\/wp-json\/wp\/v2\/types\/page"}],"author":[{"embeddable":true,"href":"https:\/\/travelshelper.com\/hu\/wp-json\/wp\/v2\/users\/1"}],"replies":[{"embeddable":true,"href":"https:\/\/travelshelper.com\/hu\/wp-json\/wp\/v2\/comments?post=17417"}],"version-history":[{"count":0,"href":"https:\/\/travelshelper.com\/hu\/wp-json\/wp\/v2\/pages\/17417\/revisions"}],"up":[{"embeddable":true,"href":"https:\/\/travelshelper.com\/hu\/wp-json\/wp\/v2\/pages\/7508"}],"wp:featuredmedia":[{"embeddable":true,"href":"https:\/\/travelshelper.com\/hu\/wp-json\/wp\/v2\/media\/17515"}],"wp:attachment":[{"href":"https:\/\/travelshelper.com\/hu\/wp-json\/wp\/v2\/media?parent=17417"}],"curies":[{"name":"wp","href":"https:\/\/api.w.org\/{rel}","templated":true}]}}