{"id":17312,"date":"2024-09-26T00:32:36","date_gmt":"2024-09-26T00:32:36","guid":{"rendered":"https:\/\/travelshelper.com\/staging\/?page_id=17312"},"modified":"2026-03-12T23:26:16","modified_gmt":"2026-03-12T23:26:16","slug":"alhama-de-aragon","status":"publish","type":"page","link":"https:\/\/travelshelper.com\/hu\/destinations\/europe\/spain\/alhama-de-aragon\/","title":{"rendered":"Alhama de Arag\u00f3n"},"content":{"rendered":"<p>A t\u00f6rt\u00e9nelem \u00e9s a hidroterm\u00e1lis kincsek tal\u00e1lkoz\u00e1s\u00e1n\u00e1l fekv\u0151 Alhama de Arag\u00f3n egy 31,11 n\u00e9gyzetkilom\u00e9teres f\u00fcrd\u0151v\u00e1ros Zaragoza tartom\u00e1nyban, Arag\u00f3ni\u00e1ban, Spanyolorsz\u00e1gban; a lank\u00e1s Jal\u00f3n foly\u00f3, az Ebro mell\u00e9kfoly\u00f3ja partj\u00e1n fekszik, \u00e9s eg\u00e9sz \u00e9vben k\u00f6r\u00fclbel\u00fcl 925 lakost tart fenn (INE 2024), 664 m\u00e9teres tengerszint feletti magass\u00e1gban.<\/p>\n<p>Alhama de Arag\u00f3n eredete az \u00f3korba ny\u00falik vissza, amikor a r\u00f3maiak, a gy\u00f3gy\u00edt\u00f3 hat\u00e1s\u00fa term\u00e1lforr\u00e1sok vonzerej\u00e9t kihaszn\u00e1lva, Aquae Bilbilitanorumnak nevezt\u00e9k el a telep\u00fcl\u00e9st a k\u00f6zeli Augusta Bilbilis (mai Calatayud) tisztelet\u00e9re. M\u00e1r e n\u00e9v el\u0151tt is Martial, a bilbilita k\u00f6lt\u0151, verseiben utalt a r\u00f3maiak el\u0151tti Congedusra, amely mind a terep metamorf k\u0151zet\u00e9t, mind a vizek meleg\u00e9t megragadja; sorai a \u201emeleg Congedust\u201d \u00e9s a \u201enimf\u00e1k nyugodt tavait\u201d id\u00e9zik, ez\u00e1ltal bepillant\u00e1st engedve az ut\u00f3kornak egy olyan r\u00e9gi\u00f3ba, amelynek term\u00e1l er\u00e9nyei \u00e9vezredekre biztos\u00edtott\u00e1k h\u00edrnev\u00e9t (Martial, Epigramm\u00e1k). A R\u00f3mai Birodalom idej\u00e9n az Antoninus-\u00fatvonalterv (A-25) kodifik\u00e1lta hely\u00e9t a cs\u00e1sz\u00e1ri \u00fath\u00e1l\u00f3zaton, \u00e9s a tizenkilencedik sz\u00e1zadi megfigyel\u0151k, mint p\u00e9ld\u00e1ul Cea Berm\u00fadez, r\u00f3mai f\u00fcrd\u0151\u00e9p\u00fcletek nyomair\u00f3l sz\u00e1moltak be, meger\u0151s\u00edtve azt a k\u00f6vetkeztet\u00e9st, hogy ez az enkl\u00e1v\u00e9 fontos szerepet j\u00e1tszott az Ib\u00e9riai-f\u00e9lszigetet tark\u00edt\u00f3 gy\u00f3gy\u00fcd\u00fcl\u0151helyek h\u00e1l\u00f3zat\u00e1ban.<\/p>\n<p>R\u00f3ma buk\u00e1sa ut\u00e1n a v\u00e1ros arab gy\u00e1mjai \u00e1tkeresztelt\u00e9k Al-Hammamra, \u201ef\u00fcrd\u0151kre\u201d, ami a forr\u00e1sok megszak\u00edt\u00e1s n\u00e9lk\u00fcli k\u00f6zponti hely\u00e9nek bizony\u00edt\u00e9ka. A Ba\u00f1o del Moro \u00e9s a Ba\u00f1o de la Mora \u2013 k\u00e9t szikl\u00e1ba v\u00e1jt medence, amelyekb\u0151l m\u00e9g mindig term\u00e1lv\u00edz fakad \u2013 \u00e9l\u0151 eml\u00e9kei ennek a korszaknak. 1070-ben Rodrigo D\u00edaz de Vivar, \u201eEl Cid Campeador\u201d, r\u00f6vid id\u0151re elragadta az er\u0151d\u00f6t a m\u00f3r ellen\u0151rz\u00e9st\u0151l; ezt az epiz\u00f3dot halhatatlann\u00e1 teszi a My Cid k\u00f6ltem\u00e9nye, amelyben a h\u0151s \u201eAlhama el\u0151tt\u201d t\u00f6rt\u00e9n\u0151 \u00fatj\u00e1t kr\u00f3nik\u00e1zz\u00e1k, mik\u00f6zben leereszkedik a szurdokb\u00f3l. A v\u00e1ros m\u00e9gis m\u00f3r k\u00e9zbe ker\u00fclt I. Arag\u00f3niai Alfonz 1122-es visszah\u00f3d\u00edt\u00e1s\u00e1ig. Ezt k\u00f6vet\u0151en t\u00f6bb mint k\u00e9t \u00e9vsz\u00e1zadon \u00e1t Alhama de Arag\u00f3n Kaszt\u00edlia \u00e9s Arag\u00f3nia koron\u00e1i k\u00f6z\u00f6tt ingadozott \u2013 legink\u00e1bb a k\u00e9t Pedro h\u00e1bor\u00faja (1361\u20131366) \u00e9s az elh\u00faz\u00f3d\u00f3 dinasztikus visz\u00e1lyok sor\u00e1n \u2013, miel\u0151tt 1457-re v\u00e9glegesen beolvasztott\u00e1k volna az Arag\u00f3niai Koron\u00e1ba.<\/p>\n<p>A tizenhetedik sz\u00e1zadban Alhama de Arag\u00f3nra hagyta f\u0151 egyh\u00e1zi eml\u00e9km\u0171v\u00e9t, a Miasszonyunk sz\u00fclet\u00e9se templom\u00e1t, egy barokk \u00e9p\u00fcletet, amelyet v\u00e1lyogt\u00e9gl\u00e1b\u00f3l \u00e9p\u00edtettek, majd 1714-ben b\u0151v\u00edtettek. N\u00e9gyzet alak\u00fa, mud\u00e9jar st\u00edlusban vakolt, talapzat\u00e1n term\u00e9sk\u0151vel, felette t\u00e9gl\u00e1val burkolt tornya egyetlen haj\u00f3 felett \u00e1ll, amelyet a t\u00e1mpill\u00e9rek k\u00f6z\u00f6tt k\u00e1poln\u00e1k szeg\u00e9lyeznek; a boltozatot lunett\u00e1k tark\u00edtj\u00e1k, m\u00edg a kereszthaj\u00f3 egy f\u00e9lg\u00f6mb alak\u00fa kupol\u00e1ban cs\u00facsosodik ki, amelyet mud\u00e9jar hagyom\u00e1nyok szerinti vakolat d\u00edsz\u00edt \u2013 a g\u00f3tikus vonal \u00e9s az iszl\u00e1m d\u00edsz\u00edt\u0151m\u0171v\u00e9szet tal\u00e1lkoz\u00e1sa, amely a v\u00e1ros k\u00f6zvetett identit\u00e1s\u00e1t t\u00fckr\u00f6zi.<\/p>\n<p>A v\u00e1ros sz\u00e9l\u00e9n, a Serratilla-dombon \u00e1ll\u00f3 v\u00e1r szer\u00e9ny m\u00e9ret\u0171, m\u00e9gis gazdag r\u00e9tegzett kronol\u00f3gi\u00e1val rendelkezik. Ov\u00e1lis alak\u00fa, szikl\u00e1s terephez igaz\u00edtott \u00e9p\u00fclete csak a k\u00f6zponti torony \u00e9s a v\u00e9delmi f\u00fcgg\u00f6ny t\u00f6red\u00e9keit \u0151rzi. A k\u00f6z\u00e9pkori \u00e9p\u00edtkez\u00e9si f\u00e1zisok a XII. sz\u00e1zadra ny\u00falnak vissza, m\u00edg a fennmaradt tornya val\u00f3sz\u00edn\u0171leg egy XIV. sz\u00e1zadi toldal\u00e9k \u2013 k\u00e9zzelfoghat\u00f3 bizony\u00edt\u00e9ka a katonai sz\u00fcks\u00e9gleteknek, amelyek meghat\u00e1rozt\u00e1k a kereszt\u00e9ny \u00e9s muszlim birodalom k\u00f6z\u00f6tti hat\u00e1rvid\u00e9ki \u00e9letet.<\/p>\n<p>A tizenkilencedik sz\u00e1zadban Alhama term\u00e1lforr\u00e1sainak boltozatos \u00edg\u00e9ret\u00e9t kereskedelmi c\u00e9l\u00fa hasznos\u00edt\u00e1sba kezdt\u00e9k. Ezt a fejleszt\u00e9st Pascual Madoz katalogiz\u00e1lta 1845-\u00f6s Spanyolorsz\u00e1g f\u00f6ldrajzi-statisztikai-t\u00f6rt\u00e9nelmi sz\u00f3t\u00e1r\u00e1ban. \u201eHarminc vagy negyven\u201d \u00e1sv\u00e1nyv\u00edzforr\u00e1st jegyez fel, amelyek mindegyike bronzcs\u00f6veken kereszt\u00fcl a k\u00f6z\u00f6s medenc\u00e9kbe \u00f6ml\u00f6tt, \u00e9s megjegyezte a v\u00e1ros 120 h\u00e1z\u00e1t, amelyek k\u00e9t f\u0151utca \u00e9s h\u00e1rom t\u00e9r ment\u00e9n helyezkedtek el. Madoz kr\u00f3nik\u00e1ba foglalta az 1842 okt\u00f3beri katasztrof\u00e1lis \u00e1rvizet is, amikor a Jal\u00f3n k\u00e9t napon \u00e1t k\u00f6zel 1,6 m\u00e9terrel a partja f\u00f6l\u00e9 emelkedett, ami mind a v\u00e1ros foly\u00f3v\u00edzzel szembeni \u00e9rz\u00e9kenys\u00e9g\u00e9t, mind elsz\u00e1nt lak\u00f3it kiemelte.<\/p>\n<p>A region\u00e1lis csom\u00f3pontokhoz \u2013 Arcos de Jal\u00f3nhoz \u00e9s Calatayudhoz \u2013 vezet\u0151 vas\u00fati \u00f6sszek\u00f6ttet\u00e9s Spanyolorsz\u00e1g b\u0151v\u00fcl\u0151 vas\u00fath\u00e1l\u00f3zat\u00e1val p\u00e1rhuzamosan jelent meg; Calatayudn\u00e1l az utasok \u00e1tsz\u00e1llhatnak a Madridba vagy Barcelon\u00e1ba tart\u00f3 nagysebess\u00e9g\u0171 AVE vonatokra. A k\u00f6z\u00fati megk\u00f6zel\u00edt\u00e9s a Nordeste aut\u00f3p\u00e1ly\u00e1n halad a 206-os \u00e9s 208-as kilom\u00e9terk\u0151 k\u00f6z\u00f6tt, az N-II-es aut\u00f3p\u00e1ly\u00e1r\u00f3l let\u00e9rve pedig a Termas Pallar\u00e9s gy\u00f3gyf\u00fcrd\u0151h\u00f6z vezet az utasok. H\u00e9tk\u00f6znap buszj\u00e1rat k\u00f6ti \u00f6ssze Calatayudot \u00e9s Alham\u00e1t, kiemelve a v\u00e1ros folyamatos integr\u00e1ci\u00f3j\u00e1t Arag\u00f3nia k\u00f6zleked\u00e9si h\u00e1l\u00f3zat\u00e1ba.<\/p>\n<p>A term\u00e1lf\u00fcrd\u0151 \u00f6r\u00f6ks\u00e9ge a Balneario Termas Pallar\u00e9sben is megmaradt, ahol egy k\u00f6zel k\u00e9t hekt\u00e1ros egyed\u00fcl\u00e1ll\u00f3 szabadt\u00e9ri t\u00f3 \u00e1lland\u00f3 34 \u00b0C-os h\u0151m\u00e9rs\u00e9kletet tart fenn az \u00e9vszakok sor\u00e1n; krist\u00e1lyos kiterjed\u00e9se \u2013 k\u00e9t szigettel kieg\u00e9sz\u00edtve \u2013 tektonikus reped\u00e9sekb\u0151l ered, amelyek a f\u00f6ldalatti h\u0151t a Jal\u00f3n-v\u00f6lgybe vezetik. N\u00e9gy balneario m\u0171k\u00f6dik a telep\u00fcl\u00e9sen, ter\u00e1pi\u00e1s mer\u00fcl\u00e9st k\u00edn\u00e1lva a bikarbon\u00e1ttal, kalciummal, nitrog\u00e9nnel, arz\u00e9nnal \u00e9s a term\u00e9szetes boml\u00e1si folyamatoknak k\u00f6sz\u00f6nhet\u0151en alacsony szint\u0171 radioaktivit\u00e1ssal d\u00fas\u00edtott v\u00edzben. A helyi legend\u00e1k szerint ezek a forr\u00e1sok a mozg\u00e1sszervi megbeteged\u00e9seken t\u00fal a l\u00e9gz\u0151szervi \u00e9s b\u0151rgy\u00f3gy\u00e1szati \u200b\u200bprobl\u00e9m\u00e1kra is kiterjed\u0151 gy\u00f3gy\u00edt\u00f3 hat\u00e9konys\u00e1ggal rendelkeznek.<\/p>\n<p>A mez\u0151gazdas\u00e1g tov\u00e1bbra is Alhama gazdas\u00e1g\u00e1nak kieg\u00e9sz\u00edt\u0151 pill\u00e9re. A term\u00e9keny gy\u00fcm\u00f6lcs\u00f6s\u00f6k alm\u00e1t \u00e9s sz\u00e1mtalan gy\u00fcm\u00f6lcs\u00f6t teremnek, m\u00edg a sz\u0151l\u0151\u00fcltetv\u00e9nyek hozz\u00e1j\u00e1rulnak a legend\u00e1s Denominaci\u00f3n de Origen Calatayudhoz, nevezetesen a k\u00f6zeli Bodegas Langa \u00e9s Cari\u00f1ena birtokokon termesztett borokon kereszt\u00fcl. A sz\u00e1nt\u00f3f\u00f6ldek b\u00faz\u00e1t termelnek, amely olyan hagyom\u00e1nyos \u00e9teleket tart fenn, mint a migas \u2013 fokhagym\u00e1val \u00e9s sert\u00e9ssz\u0151rzettel pir\u00edtott zsemlemorzsa \u2013 \u00e9s a ternasco a la pastora, amelyben a fiatal b\u00e1r\u00e1nyt \u0151szi f\u0171szern\u00f6v\u00e9nyekkel p\u00e1rolj\u00e1k. A t\u0151kehalat \u2013 helyi nev\u00e9n bacalao zaragozano \u2013 burgony\u00e1val p\u00e1rolj\u00e1k, egy kiad\u00f3s elk\u00e9sz\u00edt\u00e9si m\u00f3dban, amely az arag\u00f3niai kulin\u00e1ris tal\u00e1l\u00e9konys\u00e1g szimb\u00f3luma. A cukr\u00e1szmesterek adoquines-t, tortas escaldadas-t \u00e9s almoj\u00e1banas-t k\u00e9sz\u00edtenek, de egyik sem veheti fel a versenyt a ropog\u00f3s \u00e9s finoman \u00e9des baturro kekszekkel, amelyek a v\u00e1ros kulin\u00e1ris v\u00e9djegy\u00e9t k\u00e9pezik.<\/p>\n<p>Az ipari diverzifik\u00e1ci\u00f3 a huszadik sz\u00e1zad v\u00e9g\u00e9n \u00e9rkezett el a ZALUX megalakul\u00e1s\u00e1val, amely egy v\u00edz\u00e1ll\u00f3 l\u00e1mpatesteket gy\u00e1rt\u00f3 v\u00e1llalat, \u00e9s 2012 \u00f3ta LED-technol\u00f3gi\u00e1ra is kiterjesztette tev\u00e9kenys\u00e9g\u00e9t. A k\u00f6zel h\u00e1romsz\u00e1z embert foglalkoztat\u00f3 ZALUX t\u00f6bb mint nyolcvan orsz\u00e1gba export\u00e1l a n\u00e9met TRILUX Csoport r\u00e9szek\u00e9nt, ez\u00e1ltal \u00f6tv\u00f6zve Alhama k\u00e9zm\u0171ves m\u00faltj\u00e1t a fejlett gy\u00e1rt\u00e1ssal. A fazekass\u00e1g \u2013 amely egykor a v\u00e1ros legelismertebb mesters\u00e9ge volt \u2013 azonban a kihal\u00e1s sz\u00e9l\u00e9n \u00e1ll, \u00e9s egy \u00faj gener\u00e1ci\u00f3 lend\u00fclet\u00e9re t\u00e1maszkodik, hogy meg\u0151rizze korongolt ed\u00e9nyeit \u00e9s csillog\u00f3 m\u00e1zait.<\/p>\n<p>Alhama de Arag\u00f3n k\u00f6rny\u00e9ke tov\u00e1bb jutalmazza a k\u00edv\u00e1ncsi utaz\u00f3kat. D\u00e9lnyugatra, mintegy 25 kilom\u00e9terre tal\u00e1lhat\u00f3 a Monasterio de Piedra ciszterci ap\u00e1ts\u00e1g, melyet v\u00edzes\u00e9sek \u00e9s barlangok szeg\u00e9lyeznek. \u00c9szakkeletre, nagyj\u00e1b\u00f3l 35 kilom\u00e9terre fekszik Calatayud, melyet mud\u00e9jar templomtornyai k\u00fcl\u00f6nb\u00f6ztetnek meg \u2013 a kereszt\u00e9ny forma \u00e9s az iszl\u00e1m d\u00edsz\u00edt\u00e9s \u00e9p\u00edt\u00e9szeti p\u00e1rbesz\u00e9de, amely Alhama st\u00edlusbeli \u00f6sszj\u00e1t\u00e9k\u00e1t id\u00e9zi. Ezeken t\u00fal a r\u00f3mai Medinaceli v\u00e1rosa k\u00f6z\u00e9pkori falai \u00e9s v\u00e1ra, a Santa Mar\u00eda de Huerta kolostor pedig a k\u00f6z\u00e9pkori egyh\u00e1zi \u00e9p\u00edt\u00e9szet fejl\u0151d\u00e9s\u00e9nek tan\u00faskodik.<\/p>\n<p>1957-ben Alhama de Arag\u00f3n adott otthont Luis Garc\u00eda Berlanga Los jueves, milagro c\u00edm\u0171 filmj\u00e9nek, amelyben Richard Basehart f\u0151szerepelt; a Fuentecilla \u00e1lc\u00e1ja alatt a helyi v\u00e1llalkoz\u00f3k hetente jelen\u00e9seket mutattak be San Dimasb\u00f3l, hogy fellend\u00edts\u00e9k a gy\u00f3gyf\u00fcrd\u0151k l\u00e1togat\u00e1s\u00e1t. Ez a filmes epiz\u00f3d kiemeli a v\u00e1ros \u00f6r\u00f6k\u00f6s f\u00fcgg\u0151s\u00e9g\u00e9t a forr\u00e1sait\u00f3l \u00e9s lak\u00f3i v\u00e1llalkoz\u00f3 szellem\u00e9t. A spanyol polg\u00e1rh\u00e1bor\u00fa alatt a nacionalista er\u0151k gyorsan elfoglalt\u00e1k a v\u00e1rost, a m\u00e1sodik vil\u00e1gh\u00e1bor\u00faban pedig sz\u00f6vets\u00e9ges pil\u00f3t\u00e1k \u00e9s megsz\u00f6k\u00f6tt hadifoglyok tal\u00e1ltak ideiglenes intern\u00e1l\u00e1st a ter\u00fclet\u00e9n bel\u00fcl, ami Alhama geopolitikai fordulat\u00e1r\u00f3l tan\u00faskodik Eur\u00f3pa d\u00e9li perem\u00e9n.<\/p>\n<p>Ma Alhama de Arag\u00f3n \u00e9l\u0151 palimpszesztk\u00e9nt m\u0171k\u00f6dik, ahol a r\u00f3mai k\u0151, a m\u00f3r falazat \u00e9s a barokk stukk\u00f3 egy\u00fctt \u00e9l a gy\u00fcm\u00f6lcs\u00f6s\u00f6k \u00e9s a f\u00fcrd\u0151k k\u00f6z\u00f6tt. Keskeny, kanyarg\u00f3s \u00e9s plat\u00e1nf\u00e1k \u00e1rny\u00e9k\u00e1ban \u00e1ll\u00f3 utc\u00e1i a n\u00e9pi \u00e9p\u00edt\u00e9szet sz\u00e9p p\u00e9ld\u00e1it mutatj\u00e1k be, k\u00f6zt\u00fck a v\u00e1rosh\u00e1z\u00e1t eklektikus, k\u00e9tszintes homlokzat\u00e1val, amely szimmetrikus, kiv\u00e9ve a f\u00f6ldszinten tal\u00e1lhat\u00f3 h\u00e1rom f\u00e9lk\u00f6r\u00edves \u00edvb\u0151l \u00e1ll\u00f3 k\u00f6zponti r\u00e9szt. A l\u00e1togat\u00f3k minden sz\u00f6k\u0151k\u00fat medenc\u00e9j\u00e9ben \u00e9s homlokzati faragv\u00e1nyaiban korszakok v\u00e1ltakoz\u00e1s\u00e1t \u00e9rz\u00e9kelik; minden elem hozz\u00e1j\u00e1rul egy mag\u00e1val ragad\u00f3 l\u00e1tv\u00e1nyhoz, amelyben a v\u00e1ros term\u00e1lvize tov\u00e1bbra is az \u00e9let v\u00e9rkering\u00e9se.<\/p>\n<p>Ily m\u00f3don Alhama de Arag\u00f3n a term\u00e1lkult\u00fara \u00e9s a vid\u00e9ki ipar egyed\u00fcl\u00e1ll\u00f3 helysz\u00ednek\u00e9nt maradt fenn, ahol a t\u00f6rt\u00e9nelem folytonoss\u00e1g\u00e1t nemcsak az er\u0151d \u00e9s a templom k\u00f6vei, hanem az emberis\u00e9g v\u00e1ndorl\u00e1sait, konfliktusait \u00e9s t\u00f6rekv\u00e9seit hordoz\u00f3 vizek \u00e1raml\u00e1sa is t\u00fckr\u00f6zi. A k\u00f6lt\u0151 els\u0151 Congedus meleg forr\u00e1sainak megeml\u00edt\u00e9s\u00e9t\u0151l kezdve a modern gy\u00e1rakban z\u00fcmm\u00f6g\u0151 agyag- \u00e9s f\u00e9mmalmokat \u00e9p\u00edt\u0151 k\u00e9zm\u0171vesekig a v\u00e1ros identit\u00e1sa a f\u00f6ld, a t\u0171z \u00e9s a v\u00edz elemi tal\u00e1lkoz\u00e1sa k\u00f6r\u00fcl forr \u00f6ssze. Itt, Arag\u00f3n sz\u00edv\u00e9ben egy olyan telep\u00fcl\u00e9s tal\u00e1lhat\u00f3, amelynek jelent\u0151s\u00e9ge nem t\u00falz\u00e1s vagy sz\u00ednj\u00e1t\u00e9k, hanem ink\u00e1bb egy olyan k\u00f6z\u00f6ss\u00e9g szil\u00e1rd tan\u00fabizonys\u00e1ga, amelyet a nev\u00e9t ad\u00f3 forr\u00e1sok tartanak fenn.<\/p>","protected":false},"excerpt":{"rendered":"<p>Alhama de Arag\u00f3n Zaragoza tartom\u00e1nyban (Arag\u00f3nia, Spanyolorsz\u00e1g, Spanyolorsz\u00e1g) egy f\u00fcrd\u0151v\u00e1ros az Ebro mell\u00e9kfoly\u00f3ja, a Jal\u00f3n foly\u00f3 ment\u00e9n. Az Orsz\u00e1gos Statisztikai Int\u00e9zet (INE) 2004-es n\u00e9psz\u00e1ml\u00e1l\u00e1sa szerint 1150 ember \u00e9l ezen a telep\u00fcl\u00e9sen. A v\u00e1ros t\u00f6rt\u00e9nelmi jelent\u0151s\u00e9ge, meleg forr\u00e1sai \u00e9s strat\u00e9giai fekv\u00e9se az \u00e9vek sor\u00e1n alak\u00edtotta karakter\u00e9t \u00e9s gazdas\u00e1gi n\u00f6veked\u00e9s\u00e9t, \u00edgy egyed\u00fcl\u00e1ll\u00f3 K\u00f6z\u00e9p-Spanyolorsz\u00e1gban.<\/p>","protected":false},"author":1,"featured_media":17596,"parent":13090,"menu_order":0,"comment_status":"closed","ping_status":"closed","template":"elementor_theme","meta":{"_eb_attr":"","footnotes":""},"class_list":["post-17312","page","type-page","status-publish","has-post-thumbnail"],"_links":{"self":[{"href":"https:\/\/travelshelper.com\/hu\/wp-json\/wp\/v2\/pages\/17312","targetHints":{"allow":["GET"]}}],"collection":[{"href":"https:\/\/travelshelper.com\/hu\/wp-json\/wp\/v2\/pages"}],"about":[{"href":"https:\/\/travelshelper.com\/hu\/wp-json\/wp\/v2\/types\/page"}],"author":[{"embeddable":true,"href":"https:\/\/travelshelper.com\/hu\/wp-json\/wp\/v2\/users\/1"}],"replies":[{"embeddable":true,"href":"https:\/\/travelshelper.com\/hu\/wp-json\/wp\/v2\/comments?post=17312"}],"version-history":[{"count":0,"href":"https:\/\/travelshelper.com\/hu\/wp-json\/wp\/v2\/pages\/17312\/revisions"}],"up":[{"embeddable":true,"href":"https:\/\/travelshelper.com\/hu\/wp-json\/wp\/v2\/pages\/13090"}],"wp:featuredmedia":[{"embeddable":true,"href":"https:\/\/travelshelper.com\/hu\/wp-json\/wp\/v2\/media\/17596"}],"wp:attachment":[{"href":"https:\/\/travelshelper.com\/hu\/wp-json\/wp\/v2\/media?parent=17312"}],"curies":[{"name":"wp","href":"https:\/\/api.w.org\/{rel}","templated":true}]}}