{"id":17293,"date":"2024-09-26T00:14:10","date_gmt":"2024-09-26T00:14:10","guid":{"rendered":"https:\/\/travelshelper.com\/staging\/?page_id=17293"},"modified":"2026-03-12T22:52:27","modified_gmt":"2026-03-12T22:52:27","slug":"dolenjske-toplice","status":"publish","type":"page","link":"https:\/\/travelshelper.com\/hu\/destinations\/europe\/slovenia\/dolenjske-toplice\/","title":{"rendered":"Dolenjske Toplice"},"content":{"rendered":"<p>Dolenjske Toplice, egy k\u00f6r\u00fclbel\u00fcl kilencsz\u00e1z lakos\u00fa telep\u00fcl\u00e9s D\u00e9lkelet-Szlov\u00e9ni\u00e1ban, Novo Mesto v\u00e1rosa k\u00f6zel\u00e9ben, n\u00e9vad\u00f3 k\u00f6zs\u00e9g\u00e9nek k\u00f6zigazgat\u00e1si k\u00f6zpontja; a hagyom\u00e1nyos Als\u00f3-Krajna r\u00e9gi\u00f3ban fekv\u0151, \u00e9s a szlov\u00e9n k\u00f6zigazgat\u00e1si reformok \u00f3ta a D\u00e9lkelet-Szlov\u00e9n Statisztikai R\u00e9gi\u00f3 r\u00e9sz\u00e9t alkot\u00f3 v\u00e1ros a Su\u0161ica foly\u00f3 partj\u00e1n fekszik \u2013 amelynek vize mintegy k\u00e9t kilom\u00e9terre \u00e9szakra \u00f6mlik a Krka foly\u00f3ba \u2013, \u00e9s mindenekel\u0151tt term\u00e1lf\u00fcrd\u0151ir\u0151l h\u00edres, amelyek eredete 1658-ig ny\u00falik vissza, az Auersperg gr\u00f3fok v\u00e9dn\u00f6ks\u00e9ge alatt.<\/p>\n<p>Egy utaz\u00f3 szemsz\u00f6g\u00e9b\u0151l, aki a Dolenjske Toplice-t k\u00f6r\u00fclvev\u0151 lank\u00e1s dombokra \u00e9rkezik, a telep\u00fcl\u00e9s pasztellsz\u00edn\u0171 homlokzatok \u00e9s z\u00f6ldell\u0151 parti folyos\u00f3k \u00f6sszefon\u00f3d\u00f3 koll\u00e1zsak\u00e9nt t\u00e1rul el\u00e9nk: a Su\u0161ica lassan folyik \u00e1t a falu k\u00f6zpontj\u00e1ban, fodroz\u00f3d\u00e1sai \u00e9vsz\u00e1zados emberi telep\u00fcl\u00e9seket \u00e9s geol\u00f3giai \u00e9rdekess\u00e9geket t\u00fckr\u00f6znek. A Dolenjske Toplice alatti f\u00f6ldek sz\u00e1mos tektonikus t\u00f6r\u00e9svonalon fekszenek, lehet\u0151v\u00e9 t\u00e9ve, hogy a meteorikus vizek m\u00e9lyen a f\u00f6ldk\u00e9regbe mer\u00fcljenek, ahol felhalmozz\u00e1k a h\u0151t, miel\u0151tt \u00e1sv\u00e1nyi anyagokban gazdag forr\u00e1sokk\u00e9nt ism\u00e9t a felsz\u00ednre emelkedn\u00e9nek, amelyek gy\u00f3gy\u00edt\u00f3 h\u00edrneve a helyi eml\u00e9kezet kr\u00f3nik\u00e1in kereszt\u00fcl ny\u00falik vissza. B\u00e1r az \u00e1ramlatok els\u0151 pillant\u00e1sra jelent\u00e9ktelennek t\u0171nnek, ez a f\u00f6ldalatti alk\u00edmia l\u00e9tjogosults\u00e1got adott a v\u00e1rosnak \u2013 olyat, amely nemcsak gazdas\u00e1g\u00e1t, hanem mag\u00e1t az identit\u00e1s\u00e1t is form\u00e1lta a t\u00f6rt\u00e9nelem v\u00e1ltoz\u00f3 \u00e1ramlatain kereszt\u00fcl.<\/p>\n<p>A t\u00f6rt\u00e9nelmi feljegyz\u00e9sek tov\u00e1bbi h\u00e1tteret adnak a v\u00e1ros fejl\u0151d\u0151 elnevez\u00e9seinek: el\u0151sz\u00f6r 1228-ban \u201eTopliz\u201d, majd k\u00e9s\u0151bb, 1328-ban \u201eToplicz\u201d n\u00e9ven jegyezt\u00e9k fel a telep\u00fcl\u00e9st, amely az egyszer\u0171 szlov\u00e9n \u201emeleg forr\u00e1s\u201d f\u0151nevet viselte, tan\u00fas\u00edtva mind a term\u00e9szeti jelens\u00e9geket, mind a kor nyelvi \u00e1ramlatait. A Habsburgok uralma alatt a n\u00e9met \u201eT\u00f6plitz\u201d n\u00e9v ker\u00fclt haszn\u00e1latba, amely k\u00f6znyelvi p\u00e1rhuzam a 20. sz\u00e1zad k\u00f6zep\u00e9ig fennmaradt. 1953-ban, a szlov\u00e9n helynevek sz\u00e9lesebb k\u00f6r\u0171 h\u00e1bor\u00fa ut\u00e1ni egys\u00e9ges\u00edt\u00e9s\u00e9nek r\u00e9szek\u00e9nt a megnevez\u00e9st hivatalosan Toplice-r\u0151l Dolenjske Toplice-re v\u00e1ltoztatt\u00e1k \u2013 ez az elnevez\u00e9s egyszerre meger\u0151s\u00edtette a telep\u00fcl\u00e9s als\u00f3-krajnai \u00f6r\u00f6ks\u00e9g\u00e9t, \u00e9s megk\u00fcl\u00f6nb\u00f6ztette a t\u00f6bbi hasonl\u00f3 nev\u0171 helys\u00e9gt\u0151l. Minden egyes n\u00e9vv\u00e1ltoz\u00e1s sor\u00e1n a v\u00e1ros l\u00e9nyege v\u00e1ltozatlan maradt: a geotermikus vitalit\u00e1s k\u00f6zpontja, amely a szlov\u00e9n kultur\u00e1lis \u00e9s term\u00e9szeti t\u00f6rt\u00e9nelem t\u00e1gabb kont\u00farjain bel\u00fcl r\u00f6gz\u00fcl.<\/p>\n<p>A term\u00e1lf\u00fcrd\u0151k hivatalos megalap\u00edt\u00e1sa 1658-ban d\u00f6nt\u0151 fordulatot jelentett a v\u00e1ros t\u00f6rt\u00e9net\u00e9ben, mivel ekkor \u00e9p\u00edttett\u00e9k az Auersperg gr\u00f3fok \u2013 mind a tapasztalati meggy\u0151z\u0151d\u00e9s, mind a nemesi p\u00e1rtfog\u00e1s \u00edg\u00e9rete \u00e1ltal vez\u00e9relve \u2013 az els\u0151 f\u00fcrd\u0151h\u00e1zakat a felt\u00f6r\u0151 forr\u00e1sokon. T\u00f6rekv\u00e9s\u00fck a wellness folyamatos hagyom\u00e1ny\u00e1t ind\u00edtotta el, amely az elk\u00f6vetkez\u0151 \u00e9vsz\u00e1zadok sor\u00e1n \u00e9p\u00edt\u00e9szeti, tudom\u00e1nyos \u00e9s t\u00e1rsadalmi jelent\u0151s\u00e9g\u0171 r\u00e9tegeket \u00f6lt\u00f6tt. Az eredeti, a korabeli m\u00e9rc\u00e9vel m\u00e9rve szer\u00e9ny \u00e9p\u00edtm\u00e9nyek kezdetleges elmer\u00fcl\u00e9st biztos\u00edtottak a l\u00e1togat\u00f3knak a ter\u00e1pi\u00e1s vizekben; m\u00e9gis m\u00e1r ebben a korai id\u0151szakban is vil\u00e1gos volt az elv: a felsz\u00edn alatti h\u0151, amely \u00e1sv\u00e1nyokkal teli r\u00e9tegeken sz\u0171r\u0151d\u00f6tt \u00e1t, olyan helyre\u00e1ll\u00edt\u00f3 tulajdons\u00e1gokkal b\u00edrt, amelyeket a helyi lakosok r\u00e9g\u00f3ta tiszteltek.<\/p>\n<p>A tizennyolcadik sz\u00e1zad v\u00e9g\u00e9re \u00e9s a tizenkilencedik sz\u00e1zad elej\u00e9re el\u0151rehaladva Dolenjske Toplice fokozatos n\u00f6veked\u00e9st tapasztalt, ahogy a f\u00fcrd\u0151z\u00e9si szok\u00e1sok a szerzetesi \u00e9s arisztokrata elvonul\u00e1s ter\u00fclet\u00e9r\u0151l az eg\u00e9szs\u00e9gturizmus szf\u00e9r\u00e1j\u00e1ba helyez\u0151dtek \u00e1t. A felvil\u00e1gosod\u00e1s korabeli orvosok \u00e9s term\u00e9szetfiloz\u00f3fusok zar\u00e1ndoklatokat tettek a forr\u00e1sokhoz, akiket a hidroter\u00e1pia gy\u00f3gy\u00edt\u00f3 erej\u00e9t magasztal\u00f3 \u00e9rtekez\u00e9sek vonzottak. Az ebb\u0151l fakad\u00f3 kereslet a k\u00f6z\u00f6ss\u00e9gi l\u00e9tes\u00edtm\u00e9nyek b\u0151v\u00edt\u00e9s\u00e9hez \u00e9s a betegek, a szabadid\u0151s elfoglaltak \u00e9s a megel\u0151z\u0151 pihen\u00e9st keres\u0151knek egyar\u00e1nt megfelel\u0151 sz\u00e1ll\u00e1shelyek fokozatos elterjed\u00e9s\u00e9hez vezetett. Ebben az id\u0151szakban b\u0151v\u00fclt a v\u00e1ros \u00e9p\u00edt\u00e9szeti sz\u00f3kincse \u2013 a klasszikus oszlopcsarnokok \u00e9s a szimmetrikus homlokzatok a b\u0151v\u00fcl\u0151 vend\u00e9gk\u00f6r m\u00e9rt\u00e9ktart\u00f3 k\u00f6vet\u00e9s\u00e9vel emelkedtek \u2013, de soha nem el\u0151zt\u00e9k meg a megel\u0151z\u0151 n\u00e9pi hagyom\u00e1nyokat.<\/p>\n<p>A tizenkilencedik sz\u00e1zad v\u00e9g\u00e9re, ahogy a vasutak \u00faj \u00fatvonalakat \u00e9p\u00edtettek ki a Habsburg-birtokokon, Dolenjske Toplice egy sz\u00e9lesebb eur\u00f3pai wellness-c\u00e9lpontok h\u00e1l\u00f3zat\u00e1hoz csatlakozott, mik\u00f6zben meg\u0151rizte egyedi jelleg\u00e9t. G\u0151zmozdonyok sz\u00e1ll\u00edtott\u00e1k az utaz\u00f3kat, akiknek \u00fatjai tartom\u00e1nyokon \u00e9s birodalmakon \u00edveltek \u00e1t; ezek a nagy t\u00e1vols\u00e1gokat megtett utaz\u00f3k ugyanazokban a meleg vizekben kerestek nyugalmat, amelyek gener\u00e1ci\u00f3kon \u00e1t t\u00e1pl\u00e1lt\u00e1k szlov\u00e9n h\u00e1zigazd\u00e1ikat. E kozmopolita ap\u00e1ly \u00e9s dag\u00e1ly k\u00f6zepette a telep\u00fcl\u00e9s el\u0151kel\u0151 ritmust \u00e1polt \u2013 gesztenyef\u00e1kkal szeg\u00e9lyezett k\u00f6r\u00fatjait, d\u00edszes l\u00e1mpaoszlopokkal megvil\u00e1g\u00edtott s\u00e9t\u00e1ny\u00e1t, term\u00e1ll\u00e9tes\u00edtm\u00e9nyeit olyan orvosok kezelt\u00e9k, akik az empirikus megfigyel\u00e9seket a helyi gy\u00f3gy\u00edt\u00f3k tart\u00f3s tud\u00e1s\u00e1val \u00f6tv\u00f6zt\u00e9k.<\/p>\n<p>A huszadik sz\u00e1zad f\u00f6ldreng\u00e9sszer\u0171 politikai \u00e1talakul\u00e1sokat hozott mag\u00e1val, a birodalmak felboml\u00e1sa \u00e9s a glob\u00e1lis konfliktusok felfordul\u00e1sa k\u00f6z\u00f6tt. Ezen viszontags\u00e1gok ellen\u00e9re a f\u00fcrd\u0151 a v\u00e1ros gazdas\u00e1gi horgonya maradt, term\u00e1lforr\u00e1sai pedig \u00e1lland\u00f3 vigaszt \u00e9s meg\u00e9lhet\u00e9st jelentettek. Az 1953-as Dolenjske Toplice n\u00e9vre val\u00f3 \u00e1tkeresztel\u00e9ssel a k\u00f6z\u00f6ss\u00e9g mag\u00e1\u00e9v\u00e1 tette a szlov\u00e9n szuverenit\u00e1s meg\u00fajult szellem\u00e9t, mik\u00f6zben infrastrukt\u00far\u00e1j\u00e1t a modern turizmus ig\u00e9nyeihez igaz\u00edtotta. K\u00fcl\u00f6nb\u00f6z\u0151 m\u00e9ret\u0171 sz\u00e1llod\u00e1k jelentek meg, amelyek a meghitt panzi\u00f3kt\u00f3l a nagyobb, k\u00e9nyelmi szolg\u00e1ltat\u00e1sokban gazdag l\u00e9tes\u00edtm\u00e9nyekig terjed\u0151 sz\u00e1ll\u00e1slehet\u0151s\u00e9geket k\u00edn\u00e1ltak; a gy\u00f3gym\u00f3dok egyre ink\u00e1bb az orvostudom\u00e1ny keretein bel\u00fcl kodifik\u00e1l\u00f3dtak, \u00e9s a huszadik sz\u00e1zad v\u00e9g\u00e9re a f\u00fcrd\u0151komplexum sokr\u00e9t\u0171 v\u00e1llalkoz\u00e1ss\u00e1 fejl\u0151d\u00f6tt, amely sz\u00e1llodai szolg\u00e1ltat\u00e1sokat, wellness-kezel\u00e9seket \u00e9s speci\u00e1lis medenc\u00e9ket foglal mag\u00e1ban.<\/p>\n<p>Ma a f\u00fcrd\u0151komplexum a telep\u00fcl\u00e9s f\u0151 kereskedelmi v\u00e1llalkoz\u00e1sa, \u00e9p\u00edt\u00e9szete a kort\u00e1rs design \u00e9s a hagyom\u00e1nyos mot\u00edvumok harmonikus \u00f6tv\u00f6zete. A sz\u00e1llod\u00e1k l\u00e1gyan illeszkednek a foly\u00f3 medr\u00e9hez, homlokzataik a k\u00f6rnyez\u0151 erd\u0151k visszafogott \u00e1rnyalatait t\u00fckr\u00f6zik. Bel\u00fcl egy korszer\u0171 wellness-r\u00e9szleg ter\u00e1pi\u00e1k sz\u00e9les sk\u00e1l\u00e1j\u00e1t k\u00edn\u00e1lja: a hidromassz\u00e1zsok, az \u00e1sv\u00e1nyi pakol\u00e1sok \u00e9s a fizioter\u00e1pi\u00e1s kezel\u00e9sek mind ugyanabb\u00f3l a geotermikus forr\u00e1sb\u00f3l nyerik hat\u00e9konys\u00e1gukat, amely el\u0151sz\u00f6r az Auersperg gr\u00f3fokat cs\u00e1b\u00edtotta. A medenc\u00e9k \u2013 n\u00e9melyik szabadt\u00e9ri, m\u00e1sok \u00fcvegpavilonok alatt v\u00e9dettek \u2013 egyar\u00e1nt h\u00edvogatnak a kikapcsol\u00f3d\u00e1sra \u00e9s a rehabilit\u00e1ci\u00f3ra: a csal\u00e1dok d\u00e9lben a langyos v\u00edzben siklanak, m\u00edg a l\u00e1badoz\u00f3k el\u0151\u00edrt v\u00edzi gyakorlatokon vesznek r\u00e9szt a boltozatos mennyezet alatt. A hagyom\u00e1ny \u00e9s az innov\u00e1ci\u00f3 ezen szinergi\u00e1ja meger\u0151s\u00edtette Dolenjske Toplice h\u00edrnev\u00e9t, mint Szlov\u00e9nia legkiv\u00e1l\u00f3bb eg\u00e9szs\u00e9gturisztikai c\u00e9lpontja, ahol az empirikus szigor\u00fas\u00e1g \u00e9s a r\u00e9g\u00f3ta bev\u00e1lt gyakorlatok tal\u00e1lkoznak.<\/p>\n<p>A v\u00e1ros vitalit\u00e1sa azonban t\u00falmutat a f\u00fcrd\u0151gazdas\u00e1gon. Az \u00e9p\u00edt\u00e9szeti \u00e9s kultur\u00e1lis \u00f6r\u00f6ks\u00e9g visszhangzik a sik\u00e1torokban \u00e9s a k\u00f6z\u00f6ss\u00e9gi terekben, melyek k\u00f6z\u00fcl a legmeghat\u00e1roz\u00f3bb a Szent Ann\u00e1nak szentelt pl\u00e9b\u00e1niatemplom. Az eredetileg g\u00f3tikus st\u00edlusban \u00e9p\u00fclt templom \u2013 t\u00e1mfalai \u00e9s cs\u00facs\u00edves ablakai a k\u00f6z\u00e9pkori egyh\u00e1zi mesters\u00e9gre utalnak \u2013 a 17. sz\u00e1zad v\u00e9g\u00e9n barokk \u00e1talak\u00edt\u00e1son esett \u00e1t, d\u00edszes olt\u00e1rk\u00e9peket \u00e9s kanyarg\u00f3sabb t\u00e9rbeli szerkezetet kapott. A Novo Mesto-i R\u00f3mai Katolikus Egyh\u00e1zmegye r\u00e9szek\u00e9nt nemcsak Dolenjske Toplice h\u00edveit, hanem a k\u00f6rnyez\u0151 vid\u00e9ki pl\u00e9b\u00e1ni\u00e1k, Soteska, Ko\u010devske Poljane \u00e9s Ur\u0161na Sela h\u00edveit is befogadja. B\u00e1r ezek a t\u00e1voli k\u00f6z\u00f6ss\u00e9gek gyakran szenvednek a helyi paps\u00e1g hi\u00e1ny\u00e1t\u00f3l, a Dolenjske Toplice pl\u00e9b\u00e1nia kiterjeszti lelkip\u00e1sztori tev\u00e9kenys\u00e9g\u00e9t a telep\u00fcl\u00e9s hat\u00e1rain t\u00falra, szents\u00e9gi ell\u00e1t\u00e1st \u00e9s liturgikus szolg\u00e1ltat\u00e1sokat k\u00edn\u00e1lva, amelyek egys\u00e9ges lelki sz\u00f6vett\u00e9 f\u0171zik a r\u00e9gi\u00f3t.<\/p>","protected":false},"excerpt":{"rendered":"<p>Dolenjske Toplice, egy fest\u0151i sz\u00e9ps\u00e9g\u0171 v\u00e1ros Novo Mesto k\u00f6zel\u00e9ben, D\u00e9l-Szlov\u00e9ni\u00e1ban, lakoss\u00e1ga k\u00f6r\u00fclbel\u00fcl 900 f\u0151. A Su\u0161ica foly\u00f3 ment\u00e9n megb\u00fav\u00f3 kis falucska Dolenjske Toplice \u00f6nkorm\u00e1nyzat\u00e1nak f\u0151v\u00e1rosa. Meleg f\u00fcrd\u0151i, melyek \u00e9vek \u00f3ta csalogatj\u00e1k a vend\u00e9geket, k\u00f6zismertek.<\/p>","protected":false},"author":1,"featured_media":17465,"parent":13345,"menu_order":0,"comment_status":"closed","ping_status":"closed","template":"elementor_theme","meta":{"_eb_attr":"","footnotes":""},"class_list":["post-17293","page","type-page","status-publish","has-post-thumbnail"],"_links":{"self":[{"href":"https:\/\/travelshelper.com\/hu\/wp-json\/wp\/v2\/pages\/17293","targetHints":{"allow":["GET"]}}],"collection":[{"href":"https:\/\/travelshelper.com\/hu\/wp-json\/wp\/v2\/pages"}],"about":[{"href":"https:\/\/travelshelper.com\/hu\/wp-json\/wp\/v2\/types\/page"}],"author":[{"embeddable":true,"href":"https:\/\/travelshelper.com\/hu\/wp-json\/wp\/v2\/users\/1"}],"replies":[{"embeddable":true,"href":"https:\/\/travelshelper.com\/hu\/wp-json\/wp\/v2\/comments?post=17293"}],"version-history":[{"count":0,"href":"https:\/\/travelshelper.com\/hu\/wp-json\/wp\/v2\/pages\/17293\/revisions"}],"up":[{"embeddable":true,"href":"https:\/\/travelshelper.com\/hu\/wp-json\/wp\/v2\/pages\/13345"}],"wp:featuredmedia":[{"embeddable":true,"href":"https:\/\/travelshelper.com\/hu\/wp-json\/wp\/v2\/media\/17465"}],"wp:attachment":[{"href":"https:\/\/travelshelper.com\/hu\/wp-json\/wp\/v2\/media?parent=17293"}],"curies":[{"name":"wp","href":"https:\/\/api.w.org\/{rel}","templated":true}]}}