{"id":17275,"date":"2024-09-25T23:51:48","date_gmt":"2024-09-25T23:51:48","guid":{"rendered":"https:\/\/travelshelper.com\/staging\/?page_id=17275"},"modified":"2026-03-12T22:42:32","modified_gmt":"2026-03-12T22:42:32","slug":"szliacs","status":"publish","type":"page","link":"https:\/\/travelshelper.com\/hu\/destinations\/europe\/slovakia\/sliac\/","title":{"rendered":"Szli\u00e1cs"},"content":{"rendered":"<p>Szli\u00e1cs, egy diszkr\u00e9t gy\u00f6ngyszem K\u00f6z\u00e9p-Szlov\u00e1kia sz\u00edv\u00e9ben, egy kevesebb mint \u00f6tezer lakos\u00fa \u2013 2018-as adatok szerint 4986 lakos\u00fa \u2013 kompakt f\u00fcrd\u0151v\u00e1ros, amely a Garam foly\u00f3 lank\u00e1s medr\u00e9ben fekszik, mintegy n\u00e9gy kilom\u00e9terre \u00e9szakra Z\u00f3lyom t\u00f6rt\u00e9nelmi v\u00e1ros\u00e1t\u00f3l \u00e9s egyenl\u0151 t\u00e1vols\u00e1gra Beszterceb\u00e1nya region\u00e1lis k\u00f6zpontj\u00e1t\u00f3l; a Z\u00f3lyomi-medence szer\u00e9ny r\u00e9sz\u00e9t elfoglal\u00f3 v\u00e1ros mag\u00e1ban foglalja H\u00e1jniky \u00e9s Ryb\u00e1re egykori falvak s\u00edk ter\u00fcleteit, valamint a K\u00fapele n\u00e9ven ismert hull\u00e1mz\u00f3 keleti gerincet, amelynek neve \u2013 amely a szlov\u00e1k slatina sz\u00f3b\u00f3l sz\u00e1rmazik, ami \u00e1sv\u00e1nyvizet vagy savany\u00fa forr\u00e1st jelent \u2013 \u200b\u200bkrist\u00e1lytisztas\u00e1ggal hirdeti l\u00e9t\u00e9nek l\u00e9tjogosults\u00e1g\u00e1t.<\/p>\n<p>A m\u00e9ly id\u0151k panor\u00e1m\u00e1j\u00e1ban Szli\u00e1cs t\u00e1jai az id\u0151sz\u00e1m\u00edt\u00e1sunk el\u0151tti k\u00e9t \u00e9vezredn\u00e9l is r\u00e9gebbi emberi telep\u00fcl\u00e9sek lenyomat\u00e1t viselik magukon, amint azt a korai mez\u0151gazdas\u00e1gi \u00e9let r\u00e9g\u00e9szeti nyomai is sugallj\u00e1k; a szl\u00e1v telepesek m\u00e1r a Kr. u. 6. sz\u00e1zadban letelepedtek, megalapozva azokat a k\u00f6z\u00f6ss\u00e9geket, amelyeket \u00e9vsz\u00e1zadokkal k\u00e9s\u0151bb k\u00f6z\u00e9pkori oklevelek jegyeztek fel. Az els\u0151 dokument\u00e1lt eml\u00edt\u00e9s egy szent \u00e9p\u00edtm\u00e9nyr\u0151l a k\u00e9s\u0151bbi H\u00e1jniky v\u00e1rosr\u00e9szben 1263-b\u00f3l sz\u00e1rmazik, amikor a ter\u00fclet a Magyar Kir\u00e1lys\u00e1g fennhat\u00f3s\u00e1ga al\u00e1 ker\u00fclt; ez a kora g\u00f3tikus Szent Mikl\u00f3s templom, soksz\u00f6glet\u0171 presbit\u00e9rium\u00e1val \u00e9s robusztus torny\u00e1val \u2013 amelyet a XIV. sz\u00e1zad els\u0151 negyed\u00e9ben emeltek \u2013 egym\u00e1st k\u00f6vet\u0151 \u00e9p\u00edt\u00e9szeti palimpszeszteken esett \u00e1t, a XV. sz\u00e1zadi k\u00e9s\u0151 g\u00f3tikus boltozatt\u00f3l az 1804-ben \u00e9p\u00fclt szabadon \u00e1ll\u00f3 harangtoronyig, ez ut\u00f3bbi egy t\u00e9gla-fa \u00e9p\u00edtm\u00e9ny, amely ma is meghat\u00e1rozza a falu l\u00e1tk\u00e9p\u00e9t.<\/p>\n<p>IV. B\u00e9la kir\u00e1ly uralkod\u00e1sa alatt a k\u00f6zeli Z\u00f3lyom szabad kir\u00e1lyi v\u00e1ross\u00e1 v\u00e1lt, \u00e9s ter\u00fcleti hat\u00e1rainak kijel\u00f6l\u00e9sekor m\u00e1r 1244-ben feljegyezt\u00e9k Szli\u00e1cs (Slia\u010d) \u00e1sv\u00e1nyv\u00edzforr\u00e1sait, el\u0151revet\u00edtve azt a balneol\u00f3giai \u00f6r\u00f6ks\u00e9get, amely \u00e9vsz\u00e1zadokon \u00e1t meghat\u00e1rozta a helyet; 1657-re megkezd\u0151dtek a hivatalos ter\u00e1pi\u00e1s tev\u00e9kenys\u00e9gek, amelyek a k\u00fcl\u00f6nf\u00e9le betegs\u00e9gekre enyh\u00fcl\u00e9st keres\u0151 l\u00e1togat\u00f3k \u00e1radat\u00e1t vonzott\u00e1k, mik\u00f6zben a vizek \u2013 melyeket kiv\u00e9teles, 98 sz\u00e1zal\u00e9kot meghalad\u00f3 sz\u00e9n-dioxid-tartalom \u00e9s ritka, 33,2 \u00b0C-os izoterm h\u0151m\u00e9rs\u00e9klet jellemez \u2013 h\u00edrnevet szereztek a Magyar Kir\u00e1lys\u00e1g orvosai k\u00f6r\u00e9ben.<\/p>\n<p>A v\u00e1ros fejl\u0151d\u00e9se a tizenkilencedik sz\u00e1zadban elv\u00e1laszthatatlanul \u00f6sszefon\u00f3dott a vir\u00e1gz\u00f3 f\u00fcrd\u0151v\u00e1rosokkal, amelyek alapvet\u0151 szerepet j\u00e1tszottak a region\u00e1lis eg\u00e9szs\u00e9gturizmusban; a kor klasszikus st\u00edlus\u00e1ban \u00e9p\u00fclt eleg\u00e1ns \u00e9p\u00fcletek \u00e9s f\u00fcrd\u0151pavilonok sora Szli\u00e1cs vir\u00e1gz\u00f3 kultur\u00e1lis h\u00edrnev\u00e9r\u0151l tan\u00faskodik, amelynek h\u00edrneve olyan kiemelked\u0151 szem\u00e9lyis\u00e9geket vonzott, mint Kossuth Lajos magyar forradalm\u00e1r, Bo\u017eena N\u011bmcov\u00e1 cseh reg\u00e9ny\u00edr\u00f3 \u00e9s a k\u00e9t vil\u00e1gh\u00e1bor\u00fa k\u00f6z\u00f6tti id\u0151szakban T.\u00a0G. Masaryk filoz\u00f3fus-\u00e1llamf\u00e9rfi, akik mindannyian K\u00f6z\u00e9p-Eur\u00f3pa-szerte visszhangot kelt\u0151 kijelent\u00e9sekben m\u00e9ltatt\u00e1k a forr\u00e1sok gy\u00f3gy\u00edt\u00f3 hat\u00e1s\u00e1t.<\/p>\n<p>A huszadik sz\u00e1zad z\u0171rzavara egyszerre hozott felfordul\u00e1st \u00e9s meg\u00fajul\u00e1st. Az Osztr\u00e1k\u2013Magyar Monarchia 1918-as felboml\u00e1s\u00e1val Szli\u00e1csot beolvasztott\u00e1k az \u00fajonnan f\u00fcggetlenn\u00e9 v\u00e1lt Csehszlov\u00e1ki\u00e1ba; 1939 \u00e9s 1945 k\u00f6z\u00f6tt \u00fajabb \u00e1talak\u00edt\u00e1son esett \u00e1t a h\u00e1bor\u00fas Szlov\u00e1k K\u00f6zt\u00e1rsas\u00e1g r\u00e9szek\u00e9nt, amely id\u0151szak alatt a f\u00fcrd\u0151 nyugodt mindennapjait ideiglenesen a tengelyhatalmakkal \u00f6sszhangban l\u00e9v\u0151 korm\u00e1nyz\u00e1s k\u00f6vetelm\u00e9nyeinek rendelt\u00e9k al\u00e1. Mindazon\u00e1ltal a f\u00fcrd\u0151 infrastrukt\u00far\u00e1ja annyira \u00e9p maradt, hogy a h\u00e1bor\u00fa ut\u00e1ni korszakban \u00fajra m\u0171k\u00f6dhetett, m\u00e9g akkor is, ha a k\u00f6rnyez\u0151 t\u00e1jat a sz\u00fclet\u0151ben l\u00e9v\u0151 szocialista \u00e1llam sz\u00e9lesebb politikai t\u00f6r\u00e9svonalai megsebes\u00edtett\u00e9k.<\/p>\n<p>Szli\u00e1cs modern narrat\u00edv\u00e1j\u00e1nak tal\u00e1n legdr\u00e1maibb fejezete az 1944-es Szlov\u00e1k Nemzeti Felkel\u00e9s idej\u00e9n bontakozott ki, amikor a k\u00f6zeli rep\u00fcl\u0151t\u00e9r \u2013 amelyet sok\u00e1ig a helyi nev\u00e9n Letisko Tri Duby, azaz \u201eH\u00e1rom T\u00f6lgy Rep\u00fcl\u0151t\u00e9r\u201d n\u00e9ven ismertek \u2013 strat\u00e9giai jelent\u0151s\u00e9gre tett szert, mind hadm\u0171veleti b\u00e1zisk\u00e9nt, mind a l\u00e9gi ut\u00e1np\u00f3tl\u00e1s-misszi\u00f3k helysz\u00ednek\u00e9nt; a v\u00e1rosban fel\u00e9p\u00edtett felkel\u00e9s ut\u00e1ni k\u00f3rh\u00e1z az ellen\u00e1ll\u00e1s jelk\u00e9p\u00e9v\u00e9 v\u00e1lt, ideiglenes k\u00f3rtermei tan\u00faskodtak a szlov\u00e1k partiz\u00e1nok elsz\u00e1nts\u00e1g\u00e1r\u00f3l az megsz\u00e1ll\u00f3 er\u0151k elleni harcukban.<\/p>\n<p>Az ezt k\u00f6vet\u0151 \u00e9vtizedekben a szovjet jelenl\u00e9t hossz\u00fa \u00e1rny\u00e9kot vetett Szli\u00e1csra. 1968 \u00e9s 1991 k\u00f6z\u00f6tt a v\u00e1ros \u00e9s k\u00f6rny\u00e9ke sz\u00e1mos katonai l\u00e9tes\u00edtm\u00e9nynek adott otthont \u2013 a r\u00e1di\u00f3technikai \u00e1llom\u00e1sokt\u00f3l \u00e9s l\u00e9gi laktany\u00e1kt\u00f3l kezdve a l\u0151szerrakt\u00e1rakig \u00e9s egy ir\u00e1nyz\u00e9kig a k\u00f6zeli Bad\u00ednban \u2013, m\u00edg a f\u00fcrd\u0151 \u00e9s a polg\u00e1ri lak\u00f3negyedek a szovjet tisztek lak\u00f3helyis\u00e9gei voltak. Csak 2016 j\u00fanius\u00e1ban \u2013 mintegy negyedsz\u00e1zaddal a vasf\u00fcgg\u00f6ny leoml\u00e1sa ut\u00e1n \u2013 avatta fel Andrej Kiska eln\u00f6k Szlov\u00e1kia els\u0151 eml\u00e9km\u0171v\u00e9t a szovjet csapatok kivonul\u00e1s\u00e1nak eml\u00e9k\u00e9re, egy menetrendet tartalmaz\u00f3 ac\u00e9l z\u00e1szl\u00f3t, amely azon a lak\u00f3telepen \u00e1llt, amelyet egykor ezek a tisztek laktak.<\/p>\n<p>Ezen geopolitikai \u00e1ramlatok k\u00f6zepette Szli\u00e1cs polg\u00e1ri identit\u00e1sa form\u00e1lis megszil\u00e1rdul\u00e1son ment kereszt\u00fcl: 1959-ben H\u00e1jniky, Ryb\u00e1re falvak \u00e9s Szli\u00e1cs-K\u00fapele f\u00fcrd\u0151v\u00e1ros k\u00f6zigazgat\u00e1si egyes\u00fcl\u00e9se r\u00e9v\u00e9n a telep\u00fcl\u00e9s elnyerte jelenlegi nev\u00e9t, m\u00edg Sampor k\u00f6zs\u00e9g 1979-es tov\u00e1bbi annekt\u00e1l\u00e1sa kiterjesztette hat\u00e1sk\u00f6r\u00e9t. A r\u00e9g\u00e9szek k\u00e9s\u0151bb a Sampor j\u00e1r\u00e1sban felt\u00e1rt\u00e1k egykor elfeledett g\u00f3tikus k\u00e1polna alapjait, amelyet Szent Mih\u00e1ly arkangyalnak szenteltek \u2013 a k\u00f6z\u00e9pkor visszhangjak\u00e9nt, amely kiemelte a telep\u00fcl\u00e9s m\u00e9lys\u00e9g\u00e9t \u00e9s folytonoss\u00e1g\u00e1t az egym\u00e1st k\u00f6vet\u0151 korszakokon \u00e1t.<\/p>\n<p>Maga a rep\u00fcl\u0151t\u00e9r \u2013 amelyet 2011. j\u00fanius 16-\u00e1n, a polg\u00e1ri forgalom sz\u00e1m\u00e1ra t\u00f6rt\u00e9n\u0151 \u00fajranyit\u00e1skor \u00e1tkereszteltek Slia\u010d rep\u00fcl\u0151t\u00e9rre \u2013 tov\u00e1bbra is kett\u0151s katonai \u00e9s kereskedelmi szerepet t\u00f6lt be, Otto Smik vez\u00e9r\u0151rnagy Taktikai Sz\u00e1rnya mellett m\u0171k\u00f6dik, \u00e9s e sorok \u00edr\u00e1sakor 2021 \u00e9s 2023 k\u00f6z\u00f6tt katonai l\u00e9tes\u00edtm\u00e9nyeinek \u00e1tfog\u00f3 rekonstrukci\u00f3j\u00e1n megy kereszt\u00fcl, ami ideiglenesen kiz\u00e1rta az utasforgalmat. A kifut\u00f3p\u00e1ly\u00e1kat az eredeti elnevez\u00e9s\u00e9t ad\u00f3 \u0151si t\u00f6lgyf\u00e1k szeg\u00e9lyezik, \u00e9l\u00e9nk eml\u00e9keztet\u0151\u00fcl szolg\u00e1lnak a v\u00e1ros strat\u00e9giai metsz\u00e9spontj\u00e1ra a ter\u00e1pi\u00e1s elvonul\u00e1s \u00e9s a harci sz\u00fcks\u00e9ghelyzet k\u00f6z\u00f6tt.<\/p>\n<p>A szli\u00e1csi f\u00fcrd\u0151 ma is egyed\u00fcl\u00e1ll\u00f3 Szlov\u00e1ki\u00e1ban, mint a sz\u00edv- \u00e9s \u00e9rrendszeri betegs\u00e9gek kezel\u00e9s\u00e9re szakosodott int\u00e9zm\u00e9ny. Term\u00e9szetes, sz\u00e9n-dioxidban gazdag viz\u00e9t sz\u00e9n-dioxid-ter\u00e1pi\u00e1ban alkalmazz\u00e1k, amely a forr\u00e1sok bels\u0151 tulajdons\u00e1gaira \u00e9p\u00edt, szintetikusan el\u0151\u00e1ll\u00edtott g\u00e1zok haszn\u00e1lata n\u00e9lk\u00fcl \u2013 ez a gyakorlat p\u00e1ratlan az orsz\u00e1g t\u00f6bbi f\u00fcrd\u0151je k\u00f6z\u00f6tt. A betegek \u00e9s a vend\u00e9gek t\u00f6bb mint negyven\u00f6t k\u00fcl\u00f6nb\u00f6z\u0151 kezel\u00e9s k\u00f6z\u00fcl v\u00e1laszthatnak \u2013 a balneoter\u00e1pi\u00e1t\u00f3l \u00e9s hidroter\u00e1pi\u00e1t\u00f3l a fizioter\u00e1pi\u00e1n \u00e1t az elektroter\u00e1pi\u00e1ig \u2013, k\u00fcl\u00f6n\u00f6sen jellegzetes aj\u00e1nlatokkal, mint p\u00e9ld\u00e1ul a v\u00edzben oldott sz\u00e9n-dioxid f\u00fcrd\u0151k, a g\u00e1zban oldott sz\u00e9n-dioxid f\u00fcrd\u0151k \u00e9s a forr\u00e1s helyi f\u00f6ldg\u00e1zforr\u00e1s\u00e1t hasznos\u00edt\u00f3 g\u00e1zbefecskendez\u00e9sek.<\/p>\n<p>A kedvez\u0151 tengerszint feletti magass\u00e1ggal \u00e9s a k\u00f6r\u00fclbel\u00fcl 8,2 \u00b0C-os \u00e9ves k\u00f6z\u00e9ph\u0151m\u00e9rs\u00e9klettel rendelkez\u0151 k\u00f6rnyezeti \u00e9ghajlat tov\u00e1bb fokozza a f\u00fcrd\u0151 vonzerej\u00e9t, m\u00edg a Z\u00f3lyomi-medence ny\u00edlt l\u00e1tk\u00e9pe vizu\u00e1lis nyugalmat \u00e1raszt, amely \u00f6sszhangban van a kezel\u0151csarnokokban zajl\u00f3 gy\u00f3gy\u00edt\u00f3 tev\u00e9kenys\u00e9gekkel. A k\u00f6z\u00fati \u00e9s vas\u00fati f\u0151utak \u2013 bele\u00e9rtve a Kov\u00e1\u010dov\u00e1 (Kov\u00e1\u010dov\u00e1) \u00e9s Beszterceb\u00e1nya (Bansk\u00e1 Bystrica) k\u00f6z\u00f6tt \u00f6sszek\u00f6t\u0151 I\/69-es aut\u00f3p\u00e1ly\u00e1t, valamint a v\u00e1ros hat\u00e1r\u00e1n bel\u00fcl meg\u00e1ll\u00f3 Z\u00f3lyom\u2013R\u00fatky f\u0151 vas\u00fatvonalat \u2013 biztos\u00edtj\u00e1k, hogy Szli\u00e1cs (Slia\u010d) tov\u00e1bbra is el\u00e9rhet\u0151 maradjon mind a helyi, mind a gy\u00f3gyvizet keres\u0151 k\u00fclf\u00f6ldi l\u00e1togat\u00f3k sz\u00e1m\u00e1ra.<\/p>\n<p>Demogr\u00e1fiailag a v\u00e1ros lakoss\u00e1ga t\u00falnyom\u00f3r\u00e9szt szlov\u00e1k \u2013 a 2001-es n\u00e9psz\u00e1ml\u00e1l\u00e1s szerint 96,1 sz\u00e1zal\u00e9k, a cseh kisebbs\u00e9g pedig 2,3 sz\u00e1zal\u00e9kot tesz ki \u2013, m\u00edg vall\u00e1si hovatartoz\u00e1suk megoszlik a r\u00f3mai katolikusok (46,1 sz\u00e1zal\u00e9k), az evang\u00e9likus felekezet h\u00edvei (22,1 sz\u00e1zal\u00e9k) \u00e9s jelent\u0151s r\u00e9sz\u00fck (26,7 sz\u00e1zal\u00e9k) k\u00f6z\u00f6tt, akik nem vallanak vall\u00e1si k\u00f6t\u0151d\u00e9st. E kultur\u00e1lis \u00e9s spiritu\u00e1lis identit\u00e1sok k\u00f6lcs\u00f6nhat\u00e1sa Slia\u010d t\u00e1rsadalmi sz\u00f6vet\u00e9t olyann\u00e1 teszi, amely b\u00e1r szer\u00e9ny l\u00e9pt\u00e9k\u0171, t\u00fckr\u00f6zi a k\u00f6z\u00e9p-szlov\u00e1k \u00e9let t\u00e1gabb mint\u00e1it.<\/p>\n<p>Az \u00e9p\u00edt\u00e9szeti \u00f6r\u00f6ks\u00e9g k\u00e9zzelfoghat\u00f3 a faluk\u00f6zpontokban: a h\u00e1jnikyi Szent Mikl\u00f3s templom \u0151rszemk\u00e9nt \u00e1ll a magaslaton, er\u0151d\u00edtm\u00e9nyei \u2013 melyeket az oszm\u00e1n fenyeget\u00e9s idej\u00e9n emeltek \u2013 \u00e9s 1627-es k\u00e1rai a hat\u00e1rvid\u00e9ki \u00e9let viszontags\u00e1gait bizony\u00edtj\u00e1k; a haj\u00f3 1688-as boltozata egy k\u00f6zponti pill\u00e9rrel, valamint a k\u00e9s\u0151bbi k\u00e1polna-toldal\u00e9k a k\u00f6z\u00f6ss\u00e9gi \u00e1h\u00edtat m\u00e1ig tart\u00f3 folytonoss\u00e1g\u00e1t hangs\u00falyozza.<\/p>\n<p>Csendes ar\u00e1nyai ellen\u00e9re Szli\u00e1cs t\u00f6rt\u00e9nelmi \u00e9s f\u00f6ldrajzi hegyvonulatai r\u00e9teges palimpszesztet alkotnak: az \u0151si forr\u00e1sok, a k\u00f6z\u00e9pkori templomok alapjai, a tizenkilencedik sz\u00e1zadi f\u00fcrd\u0151pavilonok, a h\u00e1bor\u00fas rep\u00fcl\u0151t\u00e9r \u00e9s a modern rep\u00fcl\u0151t\u00e9r \u2013 mind \u00f6sszeolvadva hat\u00e1rozz\u00e1k meg azt a helysz\u00ednt, ahol a ter\u00e1pi\u00e1s hagyom\u00e1ny \u00e9s a strat\u00e9giai jelent\u0151s\u00e9g \u00e9vsz\u00e1zadok \u00f3ta egy\u00fctt l\u00e9tezett. Kompakt v\u00e1rosi sz\u00f6vete, amely mentes a hivalkod\u00e1st\u00f3l, m\u00e9gis gazdag narrat\u00edv m\u00e9lys\u00e9gben, mag\u00e1val ragad\u00f3 tal\u00e1lkoz\u00e1st k\u00edn\u00e1l K\u00f6z\u00e9p-Eur\u00f3pa \u00f6sszetett \u00f6r\u00f6ks\u00e9g\u00e9vel.<\/p>\n<p>Az id\u0151beli r\u00e9tegek ezen \u00f6sszeolvad\u00e1s\u00e1ban \u2013 ahol az \u0151skori telep\u00fcl\u00e9sek \u00e1tadj\u00e1k a hely\u00fcket a k\u00f6z\u00e9pkori pl\u00e9b\u00e1ni\u00e1knak, ahol a Habsburg f\u00fcrd\u0151kult\u00fara tal\u00e1lkozik a huszadik sz\u00e1zadi totalit\u00e1rius k\u00e9nyszerrel, \u00e9s ahol a posztszocialista meg\u00fajul\u00e1s a szil\u00e1rd \u00e1sv\u00e1nyv\u00edzforr\u00e1sok mellett bontakozik ki \u2013 Szli\u00e1cs a tart\u00f3s folytonoss\u00e1g helysz\u00ednek\u00e9nt jelenik meg. Vizei folyamatosan emelkednek a m\u00e9ly v\u00edztart\u00f3 r\u00e9tegekb\u0151l, sz\u00e9nnel teli \u00e1ramlataik a gy\u00f3gy\u00edt\u00e1s hagyom\u00e1ny\u00e1t \u00f6r\u00f6k\u00edtik; kifut\u00f3p\u00e1ly\u00e1i tov\u00e1bb ny\u00falnak, mind az \u00e9g fel\u00e9, mind a szlov\u00e1k identit\u00e1s folyamatosan v\u00e1ltoz\u00f3 k\u00f6rvonalai fel\u00e9.<\/p>\n<p>\u00cdgy Szli\u00e1cs egy olyan hely mintak\u00e9pe, amely kilom\u00e9terekben \u00e9s lakosokban m\u00e9rve hatalmas m\u00faltj\u00e1nak visszhangjaival \u00e9s j\u00f6v\u0151j\u00e9nek \u00edg\u00e9ret\u00e9vel \u2013 egy f\u00fcrd\u0151v\u00e1ros, amelynek m\u00e1r a neve is az \u00e9let elemi forr\u00e1s\u00e1ra, az \u00e1sv\u00e1nyv\u00edzforr\u00e1sra utal, \u00e9s amelynek t\u00f6rt\u00e9nete \u00e9vezredek \u00f3ta az emberi er\u0151fesz\u00edt\u00e9sek alapj\u00e1ba sz\u00f6v\u0151dik.<\/p>","protected":false},"excerpt":{"rendered":"<p>Slia\u010d, egy kis f\u00fcrd\u0151v\u00e1ros a Garam foly\u00f3 partj\u00e1n, K\u00f6z\u00e9p-Szlov\u00e1kia bukolikus k\u00f6rnyezet\u00e9ben rejt\u0151zik. Kevesebb mint 5000 lakos\u00e1val ez a kicsi, de m\u00e9gis fontos helysz\u00edn a nagyobb Beszterceb\u00e1nya \u00e9s Z\u00f3lyom k\u00f6z\u00f6tt tal\u00e1lhat\u00f3. Slia\u010d figyelemre m\u00e9lt\u00f3 hely mindazok sz\u00e1m\u00e1ra, akik kikapcsol\u00f3d\u00e1sra \u00e9s Szlov\u00e1kia gazdag m\u00faltj\u00e1ba v\u00e1gynak, mivel strat\u00e9giai fekv\u00e9se \u00e9s jellegzetess\u00e9gei meghat\u00e1rozt\u00e1k identit\u00e1s\u00e1t a t\u00f6rt\u00e9nelem sor\u00e1n.<\/p>","protected":false},"author":1,"featured_media":17535,"parent":13300,"menu_order":0,"comment_status":"closed","ping_status":"closed","template":"elementor_theme","meta":{"_eb_attr":"","footnotes":""},"class_list":["post-17275","page","type-page","status-publish","has-post-thumbnail"],"_links":{"self":[{"href":"https:\/\/travelshelper.com\/hu\/wp-json\/wp\/v2\/pages\/17275","targetHints":{"allow":["GET"]}}],"collection":[{"href":"https:\/\/travelshelper.com\/hu\/wp-json\/wp\/v2\/pages"}],"about":[{"href":"https:\/\/travelshelper.com\/hu\/wp-json\/wp\/v2\/types\/page"}],"author":[{"embeddable":true,"href":"https:\/\/travelshelper.com\/hu\/wp-json\/wp\/v2\/users\/1"}],"replies":[{"embeddable":true,"href":"https:\/\/travelshelper.com\/hu\/wp-json\/wp\/v2\/comments?post=17275"}],"version-history":[{"count":0,"href":"https:\/\/travelshelper.com\/hu\/wp-json\/wp\/v2\/pages\/17275\/revisions"}],"up":[{"embeddable":true,"href":"https:\/\/travelshelper.com\/hu\/wp-json\/wp\/v2\/pages\/13300"}],"wp:featuredmedia":[{"embeddable":true,"href":"https:\/\/travelshelper.com\/hu\/wp-json\/wp\/v2\/media\/17535"}],"wp:attachment":[{"href":"https:\/\/travelshelper.com\/hu\/wp-json\/wp\/v2\/media?parent=17275"}],"curies":[{"name":"wp","href":"https:\/\/api.w.org\/{rel}","templated":true}]}}