{"id":17269,"date":"2024-09-25T23:43:43","date_gmt":"2024-09-25T23:43:43","guid":{"rendered":"https:\/\/travelshelper.com\/staging\/?page_id=17269"},"modified":"2026-03-12T22:42:56","modified_gmt":"2026-03-12T22:42:56","slug":"rajecke-teplice","status":"publish","type":"page","link":"https:\/\/travelshelper.com\/hu\/destinations\/europe\/slovakia\/rajecke-teplice\/","title":{"rendered":"Rajeck\u00e9 Teplice"},"content":{"rendered":"<p>Rajecf\u00fcrd\u0151, egy kompakt telep\u00fcl\u00e9s Szlov\u00e1ki\u00e1ban, a Zsolnai ker\u00fcletben, az orsz\u00e1g negyedik legkisebb v\u00e1rosa \u2013 k\u00f6r\u00fclbel\u00fcl 2800 lakossal \u2013, \u00e9s a Rajec-medence egy keskeny s\u00e1vj\u00e1t foglalja el, mintegy t\u00edz kilom\u00e9terre Zsoln\u00e1t\u00f3l d\u00e9lre. A 38 Celsius-fokos term\u00e1lforr\u00e1sair\u00f3l h\u00edres telep\u00fcl\u00e9s egyetlen \u00f6nkorm\u00e1nyzati igazgat\u00e1s alatt foglalja mag\u00e1ban a t\u00f6rt\u00e9nelmi f\u00fcrd\u0151v\u00e1rost \u00e9s a Poluvsie j\u00e1r\u00e1st, a megk\u00f6zel\u00edt\u00e9shez pedig az I\/64-es aut\u00f3p\u00e1lya \u00e9s a Zsolna\u2013Rajec vas\u00fatvonal biztos\u00edt lehet\u0151s\u00e9get. A hidroterm\u00e1lis eredet \u00e9s a v\u00f6lgyf\u00f6ldrajz eleg\u00e1ns tal\u00e1lkoz\u00e1sa Rajecf\u00fcrd\u0151t a balneol\u00f3giai gyakorlat \u00e9s a p\u00e1sztorkod\u00e1s tart\u00f3s k\u00f6zpontj\u00e1v\u00e1 teszi.<\/p>\n<p>Az emberis\u00e9g ezen vizekr\u0151l val\u00f3 tudom\u00e1sviszonyainak kr\u00f3nik\u00e1ja a XIV. sz\u00e1zad k\u00f6zep\u00e9ig ny\u00falik vissza, amikor egy 1376-os t\u00e9rk\u00e9p\u00e9szeti \u00e1br\u00e1zol\u00e1s el\u0151sz\u00f6r jel\u00f6lte meg a helyet \u2013 Thermae \u2013, m\u00edg Nagy Lajos kir\u00e1ly kir\u00e1lyi oklevele, a \u201eVilla Tapolcha\u201d n\u00e9ven, avat\u00f3 \u00edr\u00e1sos elismer\u00e9st adott a forr\u00e1soknak. K\u00e9t \u00e9vsz\u00e1zaddal k\u00e9s\u0151bb, 1496-ban II. Ul\u00e1szl\u00f3 kir\u00e1ly \u0160tefan Z\u00e1po\u013esk\u00fdnak adott adom\u00e1nylevel\u00e9ben \u201epossessio Thoplycza\u201d-r\u00f3l besz\u00e9lt, utalva egy ben\u00e9pes\u00edtett enkl\u00e1v\u00e9 kialakul\u00e1s\u00e1ra a gy\u00f3gy\u00edt\u00f3 v\u00edztart\u00f3 r\u00e9teg k\u00f6r\u00fcl. Ezen korai tan\u00faskod\u00e1sok r\u00e9v\u00e9n Rajeck\u00e9 Teplice a geol\u00f3gia \u00e9s a korm\u00e1nyz\u00e1s metsz\u00e9spontj\u00e1nak helysz\u00edn\u00e9v\u00e9 v\u00e1lt, az el\u0151bbi f\u00f6ldalatti melege mind a testet, mind a b\u00fcrokratikus \u00e9rdekeket megterm\u00e9keny\u00edtette.<\/p>\n<p>A tizenhetedik sz\u00e1zad elej\u00e9re a Lietava birtok \u2013 amelynek hatalmas ter\u00fclet\u00e9re a forr\u00e1sok estek \u2013 m\u00e1r megkezdte a fejleszt\u00e9seket: egy kezdetleges f\u00fcrd\u0151h\u00e1zat \u00e9s egy fogad\u00f3t \u00e9p\u00edtettek a tehet\u0151s vend\u00e9gek sz\u00e1m\u00e1ra, ezzel lerakva az alapokat a telep\u00fcl\u00e9snek, amelyb\u0151l k\u00e9s\u0151bb a mai f\u00fcrd\u0151v\u00e1ros lett. Az els\u0151 r\u00e9szletes balneogr\u00e1fiai besz\u00e1mol\u00f3, amelyet Christoph Wilhelm Hufeland professzor kort\u00e1rsa, David Gottfried Cranz professzor \u00edrt, h\u00e1rom szer\u00e9nyen fedett medenc\u00e9t \u00f6r\u00f6k\u00edtett meg, \u00e9s magasztalta a vizek j\u00f3t\u00e9kony hat\u00e1s\u00e1t a b\u00e9nul\u00e1sra, a reum\u00e1ra, az \u00f6d\u00e9m\u00e1ra \u00e9s a b\u0151rgy\u00f3gy\u00e1szati \u200b\u200bprobl\u00e9m\u00e1kra \u2013 ez a hely ter\u00e1pi\u00e1s preszt\u00edzs\u00e9nek korai bizony\u00edt\u00e9ka.<\/p>\n<p>Az \u00e9p\u00edtkez\u00e9s 1610-ben felgyorsult Juraj Thurzo n\u00e1dor v\u00e9dn\u00f6ks\u00e9ge alatt, aki \u2013 amint azt egy 1604-es dokumentum is meger\u0151s\u00edti \u2013 olyan nagyra becs\u00fclte a forr\u00e1sokat, hogy egy hat vend\u00e9gszob\u00e1b\u00f3l \u00e1ll\u00f3 t\u00e9glak\u00fari\u00e1t \u00e9p\u00edttetett. Hal\u00e1la ut\u00e1n azonban a Lietava-birtok feloszt\u00e1sa elhanyagolt id\u0151szakot ind\u00edtott el, amely alatt a f\u00fcrd\u0151 infrastrukt\u00far\u00e1ja hanyatl\u00e1snak indult. Csak a tizennyolcadik sz\u00e1zad v\u00e9ge fel\u00e9 k\u00f6vetkezett be a meg\u00fajul\u00e1s, amikor J\u00e1n Kalis b\u00e1r\u00f3 \u2013 maga is az eredeti birtok sarja \u2013 jelent\u0151s \u00f6sszegeket fektetett be egy \u00faj, tizenn\u00e9gy lak\u00e1st befogad\u00f3 t\u00e9glapavilonba, ezzel vissza\u00e1ll\u00edtva Rajeck\u00e9 Teplice st\u00e1tusz\u00e1t, mint a nemesek, a polg\u00e1rok \u00e9s a k\u00f6zemberek egyar\u00e1nt kedvelt c\u00e9lpontja, akik mindannyian h\u00e1rom kijel\u00f6lt medence egyik\u00e9t l\u00e1togatt\u00e1k.<\/p>\n<p>Maguk a vizek el\u0151sz\u00f6r 1776-ban keltettek tudom\u00e1nyos \u00e9rdekl\u0151d\u00e9st, amikor Pavol Adami k\u00f6z\u00f6lte \u00f6sszet\u00e9tel\u00fck legkor\u00e1bbi fennmaradt le\u00edr\u00e1s\u00e1t; tizenh\u00e9t \u00e9vvel k\u00e9s\u0151bb, 1793-ban Dr. Amad\u00e9 Kelin, Stubnya megye orvosa B\u00e9csben adta ki az els\u0151 monogr\u00e1fi\u00e1t, ezzel h\u00edrt adva Rajecf\u00fcrd\u0151 er\u00e9nyeir\u0151l az eg\u00e9sz Magyarorsz\u00e1gnak. Ezt k\u00f6vet\u0151en, a XIX. sz\u00e1zadban a v\u00e1ros vir\u00e1gzott, mint az arisztokr\u00e1cia \u00e9s a tehet\u0151s polg\u00e1rs\u00e1g kedvelt ny\u00e1ri rezidenci\u00e1ja, a gy\u00f3gyf\u00fcrd\u0151k \u00e9s sz\u00e1ll\u00e1shelyek tudatos b\u0151v\u00edt\u00e9se pedig a burj\u00e1nz\u00f3 vend\u00e9gk\u00f6rr\u0151l tan\u00faskodott.<\/p>\n<p>Az els\u0151 vil\u00e1gh\u00e1bor\u00fa r\u00e1zk\u00f3d\u00e1sa jelent\u0151s visszaes\u00e9st eredm\u00e9nyezett: a k\u00fclf\u00f6ldi l\u00e1togat\u00f3k sz\u00e1ma megcsappant, \u00e9s a v\u00e1ros h\u00edrneve m\u00e1r csak helyi jelent\u0151s\u00e9g\u0171v\u00e9 szorult. Mindazon\u00e1ltal a k\u00e9t vil\u00e1gh\u00e1bor\u00fa k\u00f6z\u00f6tti id\u0151szakban (1925\u20131937) sz\u00e1mos nevezetes l\u00e9tes\u00edtm\u00e9ny \u00e9p\u00fclt \u2013 a Gy\u00f3gyf\u00fcrd\u0151h\u00e1z, a Ban\u00edk Gy\u00f3gyf\u00fcrd\u0151int\u00e9zet, valamint a Ve\u013ek\u00e1 Fatra \u00e9s a Mal\u00e1 Fatra sz\u00e1llod\u00e1k \u2013, amelyek mindegyike a kort\u00e1rs \u00e9p\u00edt\u00e9szeti \u00e9rz\u00e9kenys\u00e9get \u00e9s a ter\u00e1pi\u00e1s innov\u00e1ci\u00f3 ir\u00e1nti meg\u00fajult elk\u00f6telezetts\u00e9get t\u00fckr\u00f6zi.<\/p>\n<p>A szlov\u00e1k \u00e1llam idej\u00e9n, 1941-ben a f\u00fcrd\u0151 fel\u00fcgyelete a Munk\u00e1sbiztos\u00edt\u00f3hoz ker\u00fclt, amely felavatott egy szabadt\u00e9ri term\u00e1lf\u00fcrd\u0151t, ez\u00e1ltal demokratiz\u00e1lva a gy\u00f3gyvizekhez val\u00f3 hozz\u00e1f\u00e9r\u00e9st. 1959-ben a nemzeti hat\u00f3s\u00e1gok hivatalos f\u00fcrd\u0151v\u00e1rosi rangot adom\u00e1nyoztak Rajeck\u00e9 Teplice-nek, kijel\u00f6lve a forr\u00e1sok v\u00e9d\u0151hat\u00e1rait \u00e9s r\u00f6gz\u00edtve a ter\u00fclet balneol\u00f3giai jelent\u0151s\u00e9g\u00e9t. A m\u00e1sodik vil\u00e1gh\u00e1bor\u00fa ut\u00e1ni \u00e9vtizedek a f\u00fcrd\u0151 legnagyobb vir\u00e1gkor\u00e1t hozt\u00e1k, mivel megszaporodtak az orvosi eszk\u00f6z\u00f6kbe \u00e9s a sz\u00e1ll\u00e1shelyekbe t\u00f6rt\u00e9n\u0151 beruh\u00e1z\u00e1sok, amelyek 1989-ben a v\u00e1ros v\u00e1rosi rangra emel\u00e9s\u00e9hez vezettek.<\/p>\n<p>Ma a Raj\u010danka foly\u00f3 v\u00f6lgy\u00e9ben \u2013 a Szu\u013e\u00f3-hegys\u00e9g \u00e9s a Kis-F\u00e1tra lombhullat\u00f3 \u00e9s t\u0171level\u0171 lejt\u0151i \u00e1ltal szeg\u00e9lyezve \u2013 Rajeck\u00e9 Teplice a gy\u00f3gyinfrastrukt\u00fara \u00e9s az erdei nyugalom sz\u00f6vev\u00e9ny\u00e9t k\u00edn\u00e1lja. A l\u00e1togat\u00f3k s\u00e9t\u00e1lhatnak a v\u00e1rosk\u00f6zpontban tal\u00e1lhat\u00f3 gy\u00f3gyt\u00f3 ment\u00e9n, r\u00e9szt vehetnek a gy\u00f3gykomplexum hidroter\u00e1pi\u00e1s kezel\u00e9seiben, vagy sz\u00e1mtalan t\u00fara\u00fatvonalon haladhatnak \u00e1t, amelyek a Kozol Term\u00e9szetv\u00e9delmi Ter\u00fcletre vezetnek fel, egy 91,58 hekt\u00e1ros enkl\u00e1v\u00e9ba, amelyet ritka vir\u00e1gegy\u00fcttesek tark\u00edtanak, \u00e9s amely sziklaalakzatok, barlangok \u00e9s az \u0151si dolomitokba v\u00e1jt hasad\u00e9kok panor\u00e1m\u00e1j\u00e1t k\u00edn\u00e1lja.<\/p>\n<p>A kultur\u00e1lis \u00f6r\u00f6ks\u00e9g k\u00e1poln\u00e1kban \u00e9s gy\u00fclekezeti h\u00e1zakban lakozik, amelyek a hitet \u00e9s az eml\u00e9kezetet egyar\u00e1nt hirdetik: a Sz\u0171z M\u00e1ria Mennybemenetele-k\u00e1poln\u00e1ban, a J\u00e9zus Isteni Sz\u00edve templomban \u00e9s a poluvsiei Szent Cirill \u00e9s Met\u00f3d templomban \u2013 mindegyik\u00fck az els\u0151 vil\u00e1gh\u00e1bor\u00faban elesetteknek eml\u00e9ket \u00e1ll\u00edt\u00f3 \u00fcnnep\u00e9lyes eml\u00e9km\u0171vel egy\u00fctt \u00e1ll. A v\u00e1rosk\u00f6zpontban h\u00faz\u00f3d\u00f3 s\u00e9t\u00e1nyok f\u00fcrd\u0151h\u00e1zakat t\u00e1rnak fel, amelyek homlokzatai a f\u00fcrd\u0151 sokr\u00e9t\u0171 t\u00f6rt\u00e9nelm\u00e9t id\u00e9zik, m\u00edg a modern l\u00e9tes\u00edtm\u00e9nyek \u2013 fitneszk\u00f6zpontok, teniszp\u00e1ly\u00e1k, minigolf- \u00e9s frizbigolf-p\u00e1ly\u00e1k, valamint a Rajec Golfpark \u2013 szabadid\u0151s tev\u00e9kenys\u00e9gekkel eg\u00e9sz\u00edtik ki a ter\u00e1pi\u00e1s kezel\u00e9seket.<\/p>\n<p>A v\u00e1ros kort\u00e1rs identit\u00e1s\u00e1nak k\u00f6z\u00e9ppontj\u00e1ban a geotermikus er\u0151forr\u00e1s \u00e1ll: egy 38 \u00b0C-on felt\u00f6r\u0151, k\u00e9miai kezel\u00e9sekt\u0151l mentes bikarbon\u00e1t-kalcium-magn\u00e9zium forr\u00e1s, amelyet a mozg\u00e1sszervi rendszer funkcion\u00e1lis \u00e9s degenerat\u00edv betegs\u00e9geire, a nagyobb \u00edz\u00fcletek \u00e9s gerincvel\u0151i beavatkoz\u00e1sok posztoperat\u00edv fel\u00e9p\u00fcl\u00e9s\u00e9re, valamint egyes idegrendszeri rendelleness\u00e9gekre \u00edrnak fel. Az \u00e1tfog\u00f3 gy\u00f3gyf\u00fcrd\u0151i kezel\u00e9sek keret\u00e9ben a vend\u00e9gek hidroter\u00e1pi\u00e1s, elektroter\u00e1pi\u00e1s kezel\u00e9seket, paraffinkezel\u00e9seket, manipulat\u00edv technik\u00e1kat, g\u00e1zinjekci\u00f3kat, valamint egy\u00e9ni \u00e9s csoportos testnevel\u00e9st kapnak \u2013 ez az integrat\u00edv megk\u00f6zel\u00edt\u00e9s meger\u0151s\u00edtette Rajeck\u00e9 Teplice hely\u00e9t Eur\u00f3pa balneol\u00f3giai panteonj\u00e1ban.<\/p>\n<p>A k\u00f6rnyez\u0151 erd\u0151k, amelyek borzoknak, r\u00f3k\u00e1knak, nyesteknek, g\u00edmszarvasoknak, baglyoknak \u00e9s sasoknak adnak otthont, valamint a helyi l\u00e9gk\u00f6r tisztas\u00e1ga \u2013 gyakorlatilag mentes a sz\u00e1ll\u00f3 port\u00f3l \u2013 a v\u00e1rost nemcsak a szlov\u00e1k l\u00e1badoz\u00f3k, hanem a cseh, lengyel \u00e9s n\u00e9met turist\u00e1k kedvelt mened\u00e9khely\u00e9v\u00e9 tette. Ker\u00e9kp\u00e1rutak h\u00e1l\u00f3zz\u00e1k be a v\u00f6lgyet, m\u00edg az \u00e1rny\u00e9kos \u00f6sv\u00e9nyek a t\u00far\u00e1z\u00f3kat a K\u00e1rp\u00e1tok n\u00f6v\u00e9nyvil\u00e1g\u00e1nak megfigyel\u00e9s\u00e9re cs\u00e1b\u00edtj\u00e1k. Rajeck\u00e9 Teplice minden \u00e9vszakban az orvosi pontoss\u00e1g \u00e9s a term\u00e9szet pomp\u00e1j\u00e1nak szint\u00e9zis\u00e9t k\u00edn\u00e1lja: egy olyan helyet, ahol az \u00e9vsz\u00e1zadok ritmusa l\u00e1gyan visszhangzik a term\u00e1lvizek z\u00fag\u00e1sa alatt.<\/p>","protected":false},"excerpt":{"rendered":"<p>Rajeck\u00e9 Teplice Szlov\u00e1kia zsolnai r\u00e9gi\u00f3j\u00e1ban tal\u00e1lhat\u00f3, az orsz\u00e1g negyedik legkisebb lakoss\u00e1g\u00e1val. Ter\u00e1pi\u00e1s vizeivel \u00e9s nyugodt k\u00f6rnyezet\u00e9vel ez a term\u00e9szetes term\u00e1lforr\u00e1sair\u00f3l ismert b\u00e1jos \u00fcd\u00fcl\u0151v\u00e1ros \u00e9vsz\u00e1zadok \u00f3ta leny\u0171g\u00f6zi a vend\u00e9geket. A Rajecka-medence \u00e9szaki r\u00e9sz\u00e9n, Zsoln\u00e1t\u00f3l mintegy 10 kilom\u00e9terre d\u00e9lre tal\u00e1lhat\u00f3 Rajeck\u00e9 Teplice a ter\u00fclet gazdag t\u00f6rt\u00e9nelm\u00e9nek \u00e9s term\u00e9szeti sz\u00e9ps\u00e9g\u00e9nek bizony\u00edt\u00e9ka.<\/p>","protected":false},"author":1,"featured_media":17604,"parent":13300,"menu_order":0,"comment_status":"closed","ping_status":"closed","template":"elementor_theme","meta":{"_eb_attr":"","footnotes":""},"class_list":["post-17269","page","type-page","status-publish","has-post-thumbnail"],"_links":{"self":[{"href":"https:\/\/travelshelper.com\/hu\/wp-json\/wp\/v2\/pages\/17269","targetHints":{"allow":["GET"]}}],"collection":[{"href":"https:\/\/travelshelper.com\/hu\/wp-json\/wp\/v2\/pages"}],"about":[{"href":"https:\/\/travelshelper.com\/hu\/wp-json\/wp\/v2\/types\/page"}],"author":[{"embeddable":true,"href":"https:\/\/travelshelper.com\/hu\/wp-json\/wp\/v2\/users\/1"}],"replies":[{"embeddable":true,"href":"https:\/\/travelshelper.com\/hu\/wp-json\/wp\/v2\/comments?post=17269"}],"version-history":[{"count":0,"href":"https:\/\/travelshelper.com\/hu\/wp-json\/wp\/v2\/pages\/17269\/revisions"}],"up":[{"embeddable":true,"href":"https:\/\/travelshelper.com\/hu\/wp-json\/wp\/v2\/pages\/13300"}],"wp:featuredmedia":[{"embeddable":true,"href":"https:\/\/travelshelper.com\/hu\/wp-json\/wp\/v2\/media\/17604"}],"wp:attachment":[{"href":"https:\/\/travelshelper.com\/hu\/wp-json\/wp\/v2\/media?parent=17269"}],"curies":[{"name":"wp","href":"https:\/\/api.w.org\/{rel}","templated":true}]}}