{"id":17257,"date":"2024-09-25T23:31:11","date_gmt":"2024-09-25T23:31:11","guid":{"rendered":"https:\/\/travelshelper.com\/staging\/?page_id=17257"},"modified":"2026-03-12T22:43:41","modified_gmt":"2026-03-12T22:43:41","slug":"liptoszentjanos","status":"publish","type":"page","link":"https:\/\/travelshelper.com\/hu\/destinations\/europe\/slovakia\/liptovsky-jan\/","title":{"rendered":"Lipt\u00f3szentj\u00e1nos"},"content":{"rendered":"<p>Liptovsk\u00fd J\u00e1n, egy 819 lakos\u00fa, kompakt telep\u00fcl\u00e9s \u00c9szak-Szlov\u00e1ki\u00e1ban, a Zsolnai ker\u00fclet Lipt\u00f3szentmikl\u00f3si j\u00e1r\u00e1s\u00e1ban, 67,774 n\u00e9gyzetkilom\u00e9teren ter\u00fcl el, 654 m\u00e9teres tengerszint feletti magass\u00e1gban. A J\u00e1nsk\u00e1-v\u00f6lgy torkolat\u00e1n\u00e1l, ahol az a Lipt\u00f3i-medenc\u00e9be sz\u00e9lesedik, a falut az Alacsony-T\u00e1tra d\u00e9li gerincei szeg\u00e9lyezik, \u00e9s a Selmec foly\u00f3 szeli \u00e1t, amely hamarosan a V\u00e1gba \u00f6mlik. Liptovsk\u00fd J\u00e1n, amelyet el\u0151sz\u00f6r 1263-ban jegyeztek fel kr\u00f3nik\u00e1ban, \u00e9vsz\u00e1zados szellemi \u00e9s vil\u00e1gi t\u00f6rekv\u00e9sek, \u00e1sv\u00e1nykincsek \u00e9s \u00e9p\u00edt\u00e9szeti p\u00e1rtfog\u00e1s lenyomat\u00e1t viseli mag\u00e1n, egyszerre a csendes nyugalom \u00e9s az \u00e9nekl\u0151 emberi t\u00f6rt\u00e9netek helysz\u00edn\u00e9v\u00e9 teszi.<\/p>\n<p>Lipt\u00f3i J\u00e1nos domborzat\u00e1nak finom bemutat\u00e1sa egy olyan telep\u00fcl\u00e9st t\u00e1r fel, ahol a v\u00edz \u00e9s a szikla tal\u00e1lkozik. Egy gleccserek \u00e1ltal form\u00e1lt v\u00f6lgy k\u00fcsz\u00f6b\u00e9n a telep\u00fcl\u00e9s hegyl\u00e1bak m\u00f6g\u00f6tt fekszik, melyek t\u0171level\u0171 lejt\u0151i m\u00e9szk\u0151 kib\u00fav\u00e1sokba vezetnek. A Selmec foly\u00f3 szeli \u00e1t a telep\u00fcl\u00e9st, melynek vize a Magas-T\u00e1tr\u00e1ban sz\u00fcletett, \u00e9s \u00fcled\u00e9ket sz\u00e1ll\u00edt, amely \u00e9vezredek alatt gazdag\u00edtotta a medence talaj\u00e1t. \u00c9szakon olyan kisebb telep\u00fcl\u00e9sek hat\u00e1rolj\u00e1k a kataszteri hat\u00e1r\u00e1t, mint Be\u0148adikov\u00e1 \u00e9s Uhorsk\u00e1 Ves; nyugaton Z\u00e1va\u017en\u00e1 Poruba \u00e9s a Dem\u00e4novsk\u00e1 Dolina bej\u00e1rata fekszik; keleten Podture\u0148 \u00e9s Liptovsk\u00e1 Por\u00fabka alkot \u00f6sszef\u00fcgg\u0151 peremeket; d\u00e9lkeleten a Vy\u0161n\u00e1 Boca hegyvid\u00e9ki legel\u0151i jelzik a hegyekbe val\u00f3 feljut\u00e1st. A d\u00e9li hat\u00e1r, amelyet az Alacsony-T\u00e1tra gerince jel\u00f6l, egybeesik a Zsolna \u00e9s Beszterceb\u00e1nya ker\u00fcleteket, valamint a Lipt\u00f3szentmikl\u00f3si \u00e9s Brezn\u00f3b\u00e1nyai j\u00e1r\u00e1sokat elv\u00e1laszt\u00f3 region\u00e1lis hat\u00e1rvonalakkal.<\/p>\n<p>Liptovsk\u00fd J\u00e1n jelleg\u00e9t r\u00e9g\u00f3ta meghat\u00e1rozz\u00e1k a term\u00e9szetes forr\u00e1sok. A mai telep\u00fcl\u00e9s hat\u00e1rain bel\u00fcl tizenh\u00e1rom gy\u00f3gyv\u00edzforr\u00e1s tal\u00e1lhat\u00f3, m\u00edg tov\u00e1bbi t\u00edz azon t\u00fal. A legl\u00e1togatottabb forr\u00e1s a Teplica, k\u00f6zismertebb nev\u00e9n Ka\u010fa, alig sz\u00e1z m\u00e9terre tal\u00e1lhat\u00f3 az eleg\u00e1ns Kazim\u00edrovsk\u00fd-k\u00fari\u00e1t\u00f3l. Vize literenk\u00e9nt nagyj\u00e1b\u00f3l 830 milligramm szulf\u00e1tot tartalmaz, ami majdnem megegyezik a Rudolf-forr\u00e1s \u00f6sszet\u00e9tel\u00e9vel, amellyel hidrogeol\u00f3giai p\u00e1rt alkot. A Medok\u00fd\u0161-forr\u00e1s a falun t\u00fal, Borov\u00e1 Siho\u0165 fel\u00e9 f\u00e9l\u00faton tal\u00e1lhat\u00f3, gy\u00f3gyvize rokons\u00e1got mutat a szomsz\u00e9dos Uhorsk\u00e1 Ves-ben tal\u00e1lhat\u00f3 Uhor\u010dianka gy\u00f3gyviz\u00e9vel. A kor\u00e1bbi \u00e9vtizedekben ezek a forr\u00e1sok a helyiek \u00e9s az idel\u00e1togat\u00f3 utaz\u00f3k szomj\u00e1t egyar\u00e1nt csillap\u00edtott\u00e1k; ma pedig term\u00e1lmedenc\u00e9ket is ell\u00e1tnak vel\u00fck, amelyek melegen tartj\u00e1k az alpesi leveg\u0151t.<\/p>\n<p>A telep\u00fcl\u00e9s nev\u00e9nek alakul\u00e1sa politikai \u00e9s egyh\u00e1zi \u00e1ramlatokat t\u00fckr\u00f6z. Az 1286-os dokumentumokban All-round form\u00e1ban jelenik meg, m\u00edg 1358-ra az \u201eIv\u00e1n Rettegett\u201d forma jelenik meg \u2013 ami ink\u00e1bb nyelvi v\u00e9letlen, mintsem a moszkvai c\u00e1rra val\u00f3 utal\u00e1s. A tizennegyedik sz\u00e1zad v\u00e9g\u00e9n olyan v\u00e1ltozatok, mint a Zentyan, Zentyuan, Sendywan \u00e9s Zentiwan ragadj\u00e1k meg a latin \u00e9s az \u00f3magyar nyelv foly\u00e9kony k\u00f6lcs\u00f6nhat\u00e1s\u00e1t. 1386-ra a latin Sanctus Johannes meger\u0151s\u00edti a v\u00e9d\u0151szentj\u00e9nek val\u00f3 elk\u00f6telezetts\u00e9get; 1471-ben Swati Jan, majd k\u00e9s\u0151bb Zent Janus finom\u00edtja az elnevez\u00e9st; a tizenhatodik \u00e9s tizenhetedik sz\u00e1zad meg\u0151rzi Swati Janszky \u00e9s Szent J\u00e1nos neveket; 1927-ben a szlov\u00e1kos\u00edtott Liptovsk\u00fd Sv\u00e4t\u00fd J\u00e1n jelenik meg a kommunista hat\u00f3s\u00e1gok 1960-as rendelete el\u0151tt, amely elt\u00e1vol\u00edtotta a szent el\u0151tagot, \u00edgy l\u00e9trej\u00f6tt a jelenlegi forma.<\/p>\n<p>A t\u00f6rt\u00e9nelmi nyomok m\u00e9lyre ny\u00falnak. A mai g\u00f3tikus templom hely\u00e9n 1200-ra egy k\u00e1polna \u00e1llt; k\u00f6vei val\u00f3sz\u00edn\u0171leg a korai felszentel\u00e9sek sor\u00e1n szolg\u00e1ltak. 1263-ban IV. B\u00e9la kir\u00e1ly a ter\u00fcletet \u2013 az akkoriban vadreg\u00e9nyes, erd\u0151kkel \u00e9s patakokkal tark\u00edtott t\u00e1jat \u2013 Vavrinec fi\u00e1nak, Bohum\u00edrnak \u00e9s \u00f6r\u00f6k\u00f6seinek adom\u00e1nyozta. Hat fia alap\u00edtott birtokos csal\u00e1dokat: a Sv\u00e4toj\u00e1nsky csal\u00e1dot, Ba\u00e1novcovot \u00e9s Smre\u010d\u00e1niovcovot. Csehszlov\u00e1kia 1918-as f\u00fcggetlenn\u00e9 v\u00e1l\u00e1sa el\u0151tt Liptovsk\u00fd J\u00e1n a Magyar Kir\u00e1lys\u00e1g Lipt\u00f3 megy\u00e9j\u00e9hez tartozott, 1939 \u00e9s 1945 k\u00f6z\u00f6tt pedig a h\u00e1bor\u00fas Szlov\u00e1k K\u00f6zt\u00e1rsas\u00e1g r\u00e9sze volt.<\/p>\n<p>Az 1310-es lev\u00e9lt\u00e1ri feljegyz\u00e9sek a templom kifoszt\u00e1s\u00e1r\u00f3l \u00e9s IV. L\u00e1szl\u00f3 kir\u00e1ly birtokleveleinek elv\u00e9tel\u00e9r\u0151l sz\u00e1molnak be, ami arra utal, hogy az eredeti \u00e9p\u00fcletet a XIII. sz\u00e1zad v\u00e9g\u00e9n \u00e9p\u00edtett\u00e9k. Maga a pl\u00e9b\u00e1nia el\u0151sz\u00f6r 1337-ben jelenik meg, Lipt\u00f3 leg\u00fajabb pl\u00e9b\u00e1niai telep\u00fcl\u00e9sei k\u00f6z\u00f6tt emlegetve Liptovsk\u00fd Mare \u00e9s Sv\u00e4t\u00fd Kr\u00ed\u017e mellett. A protest\u00e1ns reform\u00e1ci\u00f3 a XVI. sz\u00e1zad k\u00f6zep\u00e9re befoly\u00e1solta a falusi \u00e9letet, amikor 1554-ben a Sv\u00e4toj\u00e1nsky csal\u00e1d parasztiskol\u00e1t alap\u00edtott a birtok\u00e1n, olyan neves pr\u00e9dik\u00e1torokat \u00e9s tan\u00e1rokat vonzva, mint J\u00e1n Mathesius \u00e9s Jakub Spl\u00e9n\u00ed. Ez az int\u00e9zm\u00e9ny II. R\u00e1k\u00f3czi Ferenc felkel\u00e9se (1705\u20131709) idej\u00e9n bez\u00e1rt, majd 1786-ban nyitotta meg \u00fajra kapuit, egyidej\u0171leg az auton\u00f3m evang\u00e9likus gy\u00fclekezet megalap\u00edt\u00e1s\u00e1val. A XV. sz\u00e1zad v\u00e9g\u00e9t\u0151l fennmaradt \u00e9s ugyanazon lesz\u00e1rmaz\u00e1si vonal katolikus \u00e1ga \u00e1ltal t\u00e1mogatott r\u00f3mai katolikus trivi\u00e1lis iskola a protest\u00e1ns iskola vir\u00e1gz\u00e1s\u00e1val sz\u00fcnetelt, majd a XVII. sz\u00e1zad v\u00e9g\u00e9n \u00fajraindult.<\/p>\n<p>A k\u00f6z\u00e9pkori v\u00e9delmi szempontok a templom \u00e9p\u00edt\u00e9szet\u00e9ben is megmutatkoztak. A Keresztel\u0151 Szent J\u00e1nos r\u00f3mai katolikus templom, egy egyhaj\u00f3s \u00e9p\u00edtm\u00e9ny soksz\u00f6g\u0171 presbit\u00e9riummal \u00e9s cs\u00facs\u00edves toronnyal, egy magas\u00edtott, er\u0151d\u00edtett ter\u00fcleten \u00e1ll. A 13. sz\u00e1zad v\u00e9g\u00e9n \u00e9p\u00fclt templomot a 14. sz\u00e1zad v\u00e9g\u00e9n d\u00e9l fel\u00e9 b\u0151v\u00edtett\u00e9k, amikor a szent\u00e9ly bord\u00e1s boltozatot kapott. A 17. sz\u00e1zadban b\u00e1sty\u00e1kat \u00e9s egy harangtornyot integr\u00e1ltak a ker\u00edt\u00e9sfalba; maga a torony azonban csak 1808-b\u00f3l sz\u00e1rmazik. A szerkezet megtartotta szigor\u00fa homlokzat\u00e1t, amelyet t\u00e1mpill\u00e9rek tagolnak, \u00e9s f\u00e9lk\u00f6r\u00edves ablakok d\u00edsz\u00edtik. Bel\u00fcl egy k\u00e9s\u0151 renesz\u00e1nsz f\u0151olt\u00e1r \u00e1ll a boltozat alatt; a Keresztre fesz\u00edt\u00e9s mell\u00e9kolt\u00e1ra a 16. sz\u00e1zadb\u00f3l sz\u00e1rmazik, amelyet egy 15. sz\u00e1zadi b\u0151v\u00edtm\u00e9ny eg\u00e9sz\u00edtett ki; a spir\u00e1lis talp\u00fa k\u0151keresztel\u0151k\u00e1polna ugyanebb\u0151l a korszakb\u00f3l sz\u00e1rmazik. Egy kora barokk olt\u00e1ron egy g\u00f3tikus Madonna-szobor l\u00e1that\u00f3 a 15. sz\u00e1zad m\u00e1sodik fel\u00e9b\u0151l, a Sentiv\u00e1ni csal\u00e1d eml\u00e9km\u0171vei pedig, k\u00f6zt\u00fck egy s\u00edrfelirat \u00e9s egy halottash\u00e1z, a helyi nemess\u00e9gr\u0151l \u00e1rulkodnak.<\/p>\n<p>Ezzel szemben az 1785-ben tolerancia \u00e9p\u00fcletk\u00e9nt \u00e9p\u00fclt evang\u00e9likus templom t\u00e9glalap alak\u00fa alaprajz\u00fa, \u00e9s egy olyan tornyot mutat, amely egykor szigor\u00fa protest\u00e1ns toronyk\u00e9nt szolg\u00e1lt, am\u00edg 1907-ben t\u0171zv\u00e9szben meg nem s\u00e9r\u00fclt. Juraj Ko\u0161\u00fat fel\u00fcgyelte a neog\u00f3tikus form\u00e1ban t\u00f6rt\u00e9n\u0151 rekonstrukci\u00f3j\u00e1t; belsej\u00e9ben egy neobarokk olt\u00e1r l\u00e1that\u00f3, amelyen Krisztust a kereszten \u00e1br\u00e1zol\u00f3, 1908-as festm\u00e9ny l\u00e1that\u00f3. K\u00edv\u00fclr\u0151l cs\u00facs\u00edves ablakok \u00e9s egy lisz\u00e1kokkal keretezett torony tagolja, amelyet egy piramis alak\u00fa torony koron\u00e1z meg.<\/p>\n<p>A szakr\u00e1lis \u00e9p\u00edtm\u00e9nyeken t\u00fal Liptovsk\u00fd J\u00e1n sz\u00e1mos vil\u00e1gi k\u00fari\u00e1t \u0151riz, amelyek arisztokrata sorsot hoztak magukkal. A k\u00e9tszintes Sentiv\u00e1niv\u00e1-kast\u00e9ly, amely eredetileg renesz\u00e1nsz st\u00edlus\u00fa, t\u00e9glalap alaprajz\u00fa, a XVII. sz\u00e1zadb\u00f3l sz\u00e1rmazik, barokk d\u00edszekkel \u00e9s egy harmadik emelettel b\u0151v\u00fclt, miel\u0151tt elnyerte a XIX. sz\u00e1zad eleji empire st\u00edlus\u00fa homlokzat\u00e1t. A f\u00f6ldszinti renesz\u00e1nsz boltozatok \u00e9s a kett\u0151s f\u00e9loszlopokb\u00f3l \u00e1ll\u00f3 rizalit vizu\u00e1lisan komolynak sz\u00e1m\u00edt. A szint\u00e9n XVI. sz\u00e1zadi renesz\u00e1nsz \u0147\u00e1riovsk\u00fd-k\u00faria szab\u00e1lytalan alaprajz\u00fa, bels\u0151 stukk\u00f3boltozatokkal rendelkezik, homlokzat\u00e1t faoszlopokra helyezett k\u00f6r alak\u00fa sarokf\u00fclk\u00e9k tark\u00edtj\u00e1k. A Selmecb\u00e1nya t\u00faloldal\u00e1n \u00e1ll a XV. sz\u00e1zad v\u00e9g\u00e9r\u0151l sz\u00e1rmaz\u00f3 Za vodou-k\u00faria, amelyet k\u00e9s\u0151bb barokk \u00e9s XVIII. sz\u00e1zadi form\u00e1ban b\u0151v\u00edtettek; kett\u0151s renesz\u00e1nsz ablaka a v\u00edzre n\u00e9z, amelynek moraja a h\u00e1z nev\u00e9t kapta.<\/p>\n<p>Az L alak\u00fa alaprajz\u00fa, tizenhetedik sz\u00e1zadi eredet\u0171 Hilbert-k\u00faria a barokk \u00e9s klasszicista fel\u00faj\u00edt\u00e1s r\u00e9tegeit testes\u00edti meg, sima falai a fejl\u0151d\u0151 \u00edzl\u00e9s v\u00e1szonjak\u00e9nt szolg\u00e1lnak. A k\u00f6zelben tal\u00e1lhat\u00f3, 1565 k\u00f6r\u00fcl \u00e9p\u00fclt Neme\u0161ovsko-Barnovsk\u00fd k\u00faria meg\u0151rizte az 1588-as renesz\u00e1nsz kandall\u00f3t, amelyet lis\u00e9n keretes homlokzat keretez. A P\u00e1lovsk\u00fd k\u00faria egy egyszer\u0171, t\u00e9glalap alak\u00fa, tizenhetedik sz\u00e1zadi \u00e9p\u00fclett\u00f6mb, amelyet nyolcsz\u00f6glet\u0171, elkeskenyed\u0151 cs\u00facsokkal rendelkez\u0151 tornyok szeg\u00e9lyeznek, m\u00edg a szint\u00e9n renesz\u00e1nsz \u00e9s L alak\u00fa Tom\u00e1\u0161ovsk\u00fd k\u00faria 1738 k\u00f6r\u00fcl barokk el\u0151zm\u00e9nyeket nyert. A tizenkilencedik sz\u00e1zad eleji klasszicista Marcovsk\u00fd k\u00faria h\u00e1romsz\u00f6g alak\u00fa oromzattal \u00e9s oszlopos homlokzattal rendelkezik, amelyek a kora \u00fajkori kifinomults\u00e1gr\u00f3l \u00e1rulkodnak.<\/p>\n<p>A \u0160\u00e1ndorovsk\u00fd-k\u00faria \u00e1rk\u00e1dj\u00e1val \u00e9s h\u00e1romsz\u00f6g alak\u00fa oromzat\u00e1val klasszicista, majd k\u00e9s\u0151bb huszadik sz\u00e1zadi \u00e1talak\u00edt\u00e1sokon esett \u00e1t. Az egyszintes, klasszicista Kazim\u00edrovsk\u00fd-k\u00faria k\u00f6zponti ny\u00falv\u00e1ny\u00e1val \u00e9s vakbolt\u00edveivel hangs\u00falyozza jelenl\u00e9t\u00e9t; a Jon\u00e1\u0161ovsk\u00e1 k\u00faria k\u00e9s\u0151 barokk form\u00e1t \u00f6lt egy 1967-ben fel\u00faj\u00edtott mansardtet\u0151 alatt; a G\u00e1borov-k\u00faria egy szegmens alak\u00fa folyos\u00f3boltozatot \u0151riz egy k\u00e9s\u0151 barokk h\u00e9j alatt; a Sentiv\u00e1ni f\u00fcrd\u0151k\u00faria pedig, amely a f\u00fcrd\u0151 huszadik sz\u00e1zad eleji alap\u00edt\u00e1s\u00e1hoz igazodik, egy pilaszterekkel \u00e9s timpanonnal keretezett bej\u00e1rattal rendelkezik. Mag\u00e1t a f\u00fcrd\u0151h\u00e1zat, amely egykor a Sentiv\u00e1ni-rezidencia ist\u00e1ll\u00f3ja volt, 1834-ben alak\u00edtott\u00e1k \u00e1t vend\u00e9gek fogad\u00e1s\u00e1ra, i\u00f3n f\u00e9loszlopai \u00e9s h\u00e1romsz\u00f6g alak\u00fa oromzata a funkci\u00f3 \u00e9s a forma \u00e9p\u00edt\u00e9szeti p\u00e1rbesz\u00e9d\u00e9t jelzi. A \u013dubovsko-pi\u0161tovsk\u00fd-k\u00faria, egy m\u00e1sik renesz\u00e1nsz t\u00fal\u00e9l\u0151, egy tizenkilencedik sz\u00e1zadi klasszicista fel\u00faj\u00edt\u00e1son \u00e9s egy huszadik sz\u00e1zadi rekonstrukci\u00f3n esett \u00e1t, bels\u0151 boltozata a m\u00faltbeli pompa suttogott eml\u00e9ke.<\/p>\n<p>A falu t\u00e1rsadalmi \u00e9lete r\u00e9g\u00f3ta a polg\u00e1ri \u00e9s kultur\u00e1lis int\u00e9zm\u00e9nyek k\u00f6r\u00fcl forog. 1886-ban a lakosok megalap\u00edtott\u00e1k a t\u0171zolt\u00f3s\u00e1got \u00e9s az \u00e1llom\u00e1st; 1902-ben amat\u0151r sz\u00ednh\u00e1z ny\u00edlt meg Podture\u0148ben \u00e9s Liptovsk\u00fd J\u00e1nban is. Az utols\u00f3 Sv\u00e4toj\u00e1nsky \u00f6r\u00f6k\u00f6s 1930-ban bek\u00f6vetkezett hal\u00e1la ut\u00e1n hatalmas birtokok ker\u00fcltek Csehszlov\u00e1ki\u00e1ba. 1971-ben \u00e9p\u00fclt fel a TJ \u0160tart sportkomplexum, amely meger\u0151s\u00edtette a k\u00f6z\u00f6ss\u00e9g elk\u00f6telezetts\u00e9g\u00e9t a szabadid\u0151s tev\u00e9kenys\u00e9gek \u00e9s a k\u00f6z\u00f6s er\u0151fesz\u00edt\u00e9sek ir\u00e1nt.<\/p>\n<p>A turist\u00e1k most egy olyan telep\u00fcl\u00e9ssel tal\u00e1lkoznak, amely alpesi kalandokat \u00e9s term\u00e1lf\u00fcrd\u0151i fel\u00fcd\u00fcl\u00e9st egyar\u00e1nt k\u00edn\u00e1l. K\u00e9t s\u00edk\u00f6zpont tartja fenn a t\u00e9li h\u00f3napokat, a s\u00edel\u0151k az erd\u0151s gerincekb\u0151l kifaragott lejt\u0151k\u00f6n t\u00far\u00e1znak. A J\u00e1nsk\u00e1-v\u00f6lgybe vezet\u0151 utat vend\u00e9gl\u00e1t\u00f3helyek szeg\u00e9lyezik: sz\u00e1llod\u00e1k, a csal\u00e1di k\u00e9zben l\u00e9v\u0151 panzi\u00f3kt\u00f3l a gy\u00f3gyforr\u00e1sokra \u00e9p\u00fclt modern f\u00fcrd\u0151helyekig. Egy nagy term\u00e1lf\u00fcrd\u0151-komplexum, amely term\u00e9szetes \u00e9s mesters\u00e9ges medenc\u00e9ket \u00f6tv\u00f6z, a helyieket \u00e9s az utaz\u00f3kat vonzza a f\u00f6ldalatti er\u0151k \u00e1ltal meleg\u00edtett vizekhez. A f\u00fcrd\u0151h\u00e1z, a k\u00faria udvarai \u00e9s a park egy\u00fcttesen egy \u00f6sszef\u00fcgg\u0151 kikapcsol\u00f3d\u00e1st \u00e9s elm\u00e9lked\u00e9st k\u00edn\u00e1l\u00f3 k\u00f6rforg\u00e1st alkotnak.<\/p>\n<p>A mindennapi k\u00e9nyelem fenntartja a falusi \u00e9letet. A COOP Jednota \u00fczlet h\u00e1ztart\u00e1si cikkeket k\u00edn\u00e1l; a mosodai szolg\u00e1ltat\u00e1sok a gyakorlati ig\u00e9nyeket el\u00e9g\u00edtik ki; a posta \u00e9s a turisztikai inform\u00e1ci\u00f3s k\u00f6zpont seg\u00edti az \u00fajonnan \u00e9rkez\u0151ket \u00e9s megk\u00f6nny\u00edti a levelez\u00e9st. A k\u00f6z\u00fati megk\u00f6zel\u00edt\u00e9s egyszer\u0171: a f\u0151\u00fat a J\u00e1nsk\u00e1 \u00e9s a Stani\u0161ovsk\u00e1 v\u00f6lgyekbe vezet, a D1-es aut\u00f3p\u00e1ly\u00e1ra vezet\u0151 kij\u00e1rat pedig a falut\u00f3l \u00e9szakra tal\u00e1lhat\u00f3. Vas\u00fati utaz\u00e1shoz r\u00f6vid busz\u00fatra van sz\u00fcks\u00e9g a Podture\u0148-i \u00e1llom\u00e1sig, ahonnan gyakori j\u00e1ratok k\u00f6zlekednek a t\u00e1gabb r\u00e9gi\u00f3ba.<\/p>\n<p>K\u00f6z\u00e9pkori k\u00e1poln\u00e1j\u00e1n \u00e9s renesz\u00e1nsz k\u00fari\u00e1j\u00e1n, forr\u00e1sainak h\u0151m\u00e9rs\u00e9klet\u00e9n \u00e9s templomainak k\u00f6rvonalain kereszt\u00fcl Liptovsk\u00fd J\u00e1n a k\u00f6z\u00e9p-eur\u00f3pai t\u00f6rt\u00e9nelem mikrokozmosz\u00e1t t\u00e1rja el\u00e9nk. Kevesebb mint ezer lelket sz\u00e1ml\u00e1l\u00f3 lakoss\u00e1ga gleccserek \u00e1ltal form\u00e1lt \u00e9s hegyek \u00e1ltal v\u00e9dett ter\u00fcleten gy\u0171lik \u00f6ssze, ahol a foly\u00f3k sodr\u00e1sa \u00e9s az id\u0151 foly\u00e1sa egyenl\u0151 els\u0151bbs\u00e9get \u00e9lvez. Ak\u00e1r szulf\u00e1tban gazdag v\u00edz, ak\u00e1r az er\u0151d\u00edtett szent\u00e9lyek \u00e9s k\u00fari\u00e1k sztoikus eleganci\u00e1ja vonzza \u0151ket, a l\u00e1togat\u00f3k itt a term\u00e9szet ritmusa \u00e9s az emberi t\u00f6rekv\u00e9sek k\u00f6z\u00f6tti tart\u00f3s p\u00e1rbesz\u00e9ddel tal\u00e1lkoznak \u2013 egy p\u00e1rbesz\u00e9ddel, amely minden forr\u00e1sban, minden k\u0151ben \u00e9s a v\u00f6lgyi \u00faton tett minden l\u00e9p\u00e9sben kibontakozik.<\/p>","protected":false},"excerpt":{"rendered":"<p>Lipt\u00f3szentmikl\u00f3s f\u00fcrd\u0151falu \u00c9szak-Szlov\u00e1ki\u00e1ban, a Zsolnai r\u00e9gi\u00f3ban tal\u00e1lhat\u00f3, mintegy 1000 lakossal. A Lipt\u00f3szentmikl\u00f3si ker\u00fcletben tal\u00e1lhat\u00f3 ez a b\u00e1jos v\u00e1ros term\u00e9szeti sz\u00e9ps\u00e9gekkel \u00e9s gazdag m\u00falttal b\u00fcszk\u00e9lkedhet, amely egyar\u00e1nt vonzza a lakosokat \u00e9s a l\u00e1togat\u00f3kat.<\/p>","protected":false},"author":1,"featured_media":17589,"parent":13300,"menu_order":0,"comment_status":"closed","ping_status":"closed","template":"elementor_theme","meta":{"_eb_attr":"","footnotes":""},"class_list":["post-17257","page","type-page","status-publish","has-post-thumbnail"],"_links":{"self":[{"href":"https:\/\/travelshelper.com\/hu\/wp-json\/wp\/v2\/pages\/17257","targetHints":{"allow":["GET"]}}],"collection":[{"href":"https:\/\/travelshelper.com\/hu\/wp-json\/wp\/v2\/pages"}],"about":[{"href":"https:\/\/travelshelper.com\/hu\/wp-json\/wp\/v2\/types\/page"}],"author":[{"embeddable":true,"href":"https:\/\/travelshelper.com\/hu\/wp-json\/wp\/v2\/users\/1"}],"replies":[{"embeddable":true,"href":"https:\/\/travelshelper.com\/hu\/wp-json\/wp\/v2\/comments?post=17257"}],"version-history":[{"count":0,"href":"https:\/\/travelshelper.com\/hu\/wp-json\/wp\/v2\/pages\/17257\/revisions"}],"up":[{"embeddable":true,"href":"https:\/\/travelshelper.com\/hu\/wp-json\/wp\/v2\/pages\/13300"}],"wp:featuredmedia":[{"embeddable":true,"href":"https:\/\/travelshelper.com\/hu\/wp-json\/wp\/v2\/media\/17589"}],"wp:attachment":[{"href":"https:\/\/travelshelper.com\/hu\/wp-json\/wp\/v2\/media?parent=17257"}],"curies":[{"name":"wp","href":"https:\/\/api.w.org\/{rel}","templated":true}]}}