{"id":17250,"date":"2024-09-25T23:25:22","date_gmt":"2024-09-25T23:25:22","guid":{"rendered":"https:\/\/travelshelper.com\/staging\/?page_id=17250"},"modified":"2026-03-12T22:43:57","modified_gmt":"2026-03-12T22:43:57","slug":"kovacova","status":"publish","type":"page","link":"https:\/\/travelshelper.com\/hu\/destinations\/europe\/slovakia\/kovacova\/","title":{"rendered":"Kov\u00e1\u010dov\u00e1"},"content":{"rendered":"<p>Kov\u00e1\u010dov\u00e1 Szlov\u00e1kia Z\u00f3lyomi-medenc\u00e9j\u00e9nek sz\u00edv\u00e9ben fekszik, faluk\u00f6zpontja 303 m\u00e9terrel a tengerszint felett emelkedik, \u00e9s 288 \u00e9s 489 m\u00e9ter k\u00f6z\u00f6tti tengerszint feletti magass\u00e1gban ter\u00fcl el. A 2016-os adatok szerint 1541 lakos\u00fa telep\u00fcl\u00e9s strat\u00e9giai helyen, Z\u00f3lyomt\u00f3l \u00f6t kilom\u00e9terre nyugatra, Beszterceb\u00e1ny\u00e1t\u00f3l pedig tizennyolc kilom\u00e9terre fekszik, \u00e9szakon pedig Szli\u00e1cs f\u00fcrd\u0151v\u00e1rosa tal\u00e1lhat\u00f3. Ez a s\u0171r\u0171n elter\u00fcl\u0151 telep\u00fcl\u00e9s az 1898-ban felfedezett term\u00e1lforr\u00e1snak k\u00f6sz\u00f6nheti h\u00edrnev\u00e9t, amelynek k\u00f6zel \u00f6tven Celsius-fokos vize t\u00f6bb mint egy \u00e9vsz\u00e1zada vonzza a l\u00e1togat\u00f3kat. A K\u00f6rm\u00f6ci-hegys\u00e9g l\u00e1b\u00e1n\u00e1l, a Garam foly\u00f3 medre mellett \u00e9s a f\u0151utak keresztez\u0151d\u00e9s\u00e9ben fekv\u0151 telep\u00fcl\u00e9s Kov\u00e1\u010dov\u00e1t egyszerre csendes mened\u00e9kk\u00e9 \u00e9s k\u00f6nnyen megk\u00f6zel\u00edthet\u0151 elvonul\u00f3helyk\u00e9nt helyezi el K\u00f6z\u00e9p-Szlov\u00e1ki\u00e1ban.<\/p>\n<p>Kov\u00e1\u010dov\u00e1 t\u00f6rt\u00e9nete geol\u00f3giai alapjait\u00f3l modern f\u00fcrd\u0151iig olyan \u0151si \u00e9s \u00f6sszetett r\u00e9tegekben bontakozik ki, mint az utc\u00e1i alatti szikl\u00e1k. A r\u00e9gebbi harmadid\u0151szaki k\u0151zetekben l\u00e9v\u0151 tektonikus er\u0151k form\u00e1lt\u00e1k a Z\u00f3lyomi-medenc\u00e9t, m\u00edg a Garam-v\u00f6lgy \u00e9szaknyugati j\u00e9gtakar\u00f3ja \u00e1ltal v\u00e1jt t\u00f6r\u00e9svonal a talajt kiss\u00e9 s\u00fcllyesztette a szomsz\u00e9dos hegyvid\u00e9kekhez k\u00e9pest. Az andezit \u00e9s tufa korszak\u00e1ban zajl\u00f3 vulk\u00e1ni nyugtalans\u00e1g als\u00f3-toroni tufitok, agyagok, konglomer\u00e1tumok \u00e9s homokk\u00f6vek foltjait alkotta meg a r\u00e9gi\u00f3ban, amelyeket gyakran l\u00f6sz \u00e9s polig\u00e9nes agyagok takarnak. Ezek a lerak\u00f3d\u00e1sok olyan talajokat hoztak l\u00e9tre, amelyek az alf\u00f6ldeken tal\u00e1lhat\u00f3 ragasztott illimer alt\u00edpusokt\u00f3l a lejt\u0151k\u00f6n tal\u00e1lhat\u00f3 kambizolokig terjednek, term\u00e9keny talajt biztos\u00edtva a f\u00fcrd\u0151ter\u00fclet feletti erd\u0151s magaslatoknak. Ebbe a r\u00e9teges f\u00f6ldbe egy t\u00f6r\u00e9svonal futott d\u00e9lnyugat fel\u00e9 a f\u00fcrd\u0151t\u0151l, m\u00e9lyen az \u00e1thatolhatatlan r\u00e9tegek alatt csapd\u00e1ba ejtve a term\u00e1lvizet \u2013 ezt a vizet a geol\u00f3gus seb\u00e9szek 1898-ban f\u00fart\u00e1k \u00e1t, 405 m\u00e9ter m\u00e9lyre f\u00farva a tri\u00e1sz dolomitokba \u00e9s m\u00e9szk\u00f6vekbe, hogy felt\u00e1rj\u00e1k a m\u00e1sodpercenk\u00e9nt tizen\u00f6t liter 48,5 \u00b0C-os \u00e1sv\u00e1nyvizet ad\u00f3 forr\u00e1st.<\/p>\n<p>J\u00f3val azel\u0151tt, hogy a tudom\u00e1nyos k\u00edv\u00e1ncsis\u00e1g felt\u00e1rta volna a k\u00f6rny\u00e9k melegs\u00e9g\u00e9t, az emberi jelenl\u00e9t a Kov\u00e1\u010dov\u00e1 (Kov\u00e1\u010dov\u00e1) k\u00f6rny\u00e9k\u00e9n eg\u00e9szen a kora bronzkorig ny\u00falik vissza, amikor a f\u00fcrd\u0151i \u00e1sat\u00e1sok sor\u00e1n tal\u00e1lt ker\u00e1miat\u00f6red\u00e9kek olyan telep\u00fcl\u00e9sekre utalnak, amelyek neve m\u00e1ra feled\u00e9sbe mer\u00fclt. A hatodik sz\u00e1zad v\u00e9g\u00e9n pr\u00e1gai t\u00edpus\u00fa kora szl\u00e1v ker\u00e1mia jelent meg, mivel az \u00faj lakosok a medence agyagos talaj\u00e1n igyekeztek megm\u0171velni a ter\u00fcletet. A nagymorva id\u0151szakban telep\u00fcl\u00e9sek h\u00e1l\u00f3zata alakult ki Pust\u00fd hrad (Kelet-Kov\u00e1\u010dov\u00e1) k\u00f6r\u00fcl, am\u00edg az 1241-es tat\u00e1rj\u00e1r\u00e1s lerombolta ezeket az el\u0151\u0151rs\u00f6ket. Csak a t\u00e1mad\u00f3k visszavonul\u00e1sa ut\u00e1n n\u00e9pesedett be lassan \u00fajra a ter\u00fclet, \u00e9s 1254. \u00e1prilis 23-ra IV. B\u00e9la kir\u00e1ly oklevel\u00e9ben feljegyezt\u00e9k a \u201eTerra hospitum de Koachou\u201d-t (Kelet-Kov\u00e1\u010dov\u00e1), a k\u00e9s\u0151bbi Star\u00e1 Kov\u00e1\u010dov\u00e1 (Kelet-Kov\u00e1\u010dov\u00e1) els\u0151 \u00edr\u00e1sos eml\u00edt\u00e9s\u00e9t, amely a L\u00e9v\u00e1t\u00f3l Beszterceb\u00e1ny\u00e1ig (Bansk\u00e1 Bystrica) vezet\u0151 kereskedelmi \u00fatvonal ment\u00e9n telep\u00fclt kov\u00e1cstelep\u00fcl\u00e9s volt.<\/p>\n<p>A falu jelenlegi hely\u00e9re, a felbukkan\u00f3 \u00e1sv\u00e1nyv\u00edzforr\u00e1sok k\u00f6zel\u00e9be k\u00f6lt\u00f6ztet\u00e9s\u00e9re csak a tizenhatodik sz\u00e1zad v\u00e9g\u00e9n ker\u00fclt sor. Ezt k\u00f6vet\u0151en Kov\u00e1\u010dov\u00e1 \u00e9lete a z\u00f3lyomi birtokhoz k\u00f6t\u0151d\u00f6tt, lak\u00f3i a helyi nemess\u00e9g sz\u00e1m\u00e1ra v\u00e9gzett vet\u00e9s, arat\u00e1s \u00e9s sz\u00e1ll\u00edt\u00e1s ritmus\u00e1hoz k\u00f6t\u0151dtek, m\u00e9g akkor is, amikor fegyvert fogtak, amikor az oszm\u00e1n fenyeget\u00e9s el\u00e9rte ezeket a hegyvid\u00e9keket a tizenhetedik sz\u00e1zad fordul\u00f3j\u00e1n. Matej Bel polihisztor k\u00e9s\u0151bb, 1736-ban \u201ekis, szeg\u00e9ny faluk\u00e9nt\u201d \u00edrta le a k\u00f6z\u00f6ss\u00e9get, \u00e9s Samuel Mikov\u00edny tizennyolcadik sz\u00e1zad k\u00f6zep\u00e9n k\u00e9sz\u00fclt t\u00e9rk\u00e9pei meger\u0151s\u00edtett\u00e9k szer\u00e9ny kiterjed\u00e9s\u00e9t. A magyaros\u00edt\u00e1si politika nem tudta gy\u00f6kerest\u00fcl felsz\u00e1molni a v\u00e1ros szlov\u00e1k identit\u00e1s\u00e1t, \u00e9s a tizenkilencedik sz\u00e1zad v\u00e9g\u00e9re a lignitb\u00e1ny\u00e1k megsebes\u00edtett\u00e9k a k\u00f6rnyez\u0151 dombokat, mik\u00f6zben a kutat\u00f3 sz\u00e9nf\u00far\u00e1sok r\u00e1tal\u00e1ltak arra a term\u00e1l tel\u00e9re, amely \u00fajra\u00e9rtelmezte Kov\u00e1\u010dov\u00e1 sors\u00e1t.<\/p>\n<p>A term\u00e1lv\u00edz 1898-as felfedez\u00e9se \u00faj fejezetet nyitott. A kezdeti kutak 45,6 \u00b0C-os forr\u00e1svizet szolg\u00e1ltattak, de 1964-re egy m\u00e9lyebb f\u00far\u00e1s forr\u00f3bb \u00e9s b\u0151s\u00e9gesebb vizet hozott felsz\u00ednre. A k\u00f6zv\u00e9lem\u00e9ny \u00e9rdekl\u0151d\u00e9se e vizek ir\u00e1nt a K\u00f6z\u00e9p-Eur\u00f3p\u00e1t s\u00fajt\u00f3 politikai \u00e1talakul\u00e1ssal p\u00e1rhuzamosan n\u0151tt. A Magyar Kir\u00e1lys\u00e1g idej\u00e9n Kov\u00e1\u010dov\u00e1 Z\u00f3lyom megy\u00e9hez tartozott; 1918-ban csatlakozott az \u00faj Csehszlov\u00e1k K\u00f6zt\u00e1rsas\u00e1ghoz, 1939 \u00e9s 1945 k\u00f6z\u00f6tt pedig a r\u00f6vid Szlov\u00e1k K\u00f6zt\u00e1rsas\u00e1g r\u00e9sze volt. A k\u00e9t vil\u00e1gh\u00e1bor\u00fa k\u00f6z\u00f6tti \u00e9vekben a helyi vezet\u0151k 1932-ben hivatalos gy\u00f3gyf\u00fcrd\u0151i st\u00e1tuszt k\u00e9rv\u00e9nyeztek, \u00e9s a f\u00fcrd\u0151 1930-ra t\u00f6rt\u00e9n\u0151 \u00e1ramell\u00e1t\u00e1sa, majd 1937-ben a falu eg\u00e9sz\u00e9nek villamos\u00edt\u00e1sa el\u0151revet\u00edtette a j\u00f6v\u0151beni infrastruktur\u00e1lis fejleszt\u00e9seket.<\/p>\n<p>Kov\u00e1\u010dov\u00e1 fejl\u0151d\u00e9s\u00e9nek f\u0151 \u00fct\u0151erei az utak lettek. Az I\/69-es aut\u00f3p\u00e1lya keleti sz\u00e9l\u00e9n halad kereszt\u00fcl, keresztezi az R1-es gyorsforgalmi utat, amely Nyitr\u00e1t k\u00f6ti \u00f6ssze Beszterceb\u00e1ny\u00e1val, \u00e9s csatlakozik az I\/66-os aut\u00f3p\u00e1ly\u00e1hoz Z\u00f3lyomb\u00f3l. H\u00e1rom kilom\u00e9terre \u00e9szakra a szli\u00e1csi rep\u00fcl\u0151t\u00e9r teszi el\u00e9rhet\u0151bb\u00e9 a falut a l\u00e9gi utasok sz\u00e1m\u00e1ra. Az el\u0151v\u00e1rosi buszj\u00e1ratok k\u00f6zvetlen j\u00e1ratokat biztos\u00edtanak mindk\u00e9t region\u00e1lis k\u00f6zpontba, m\u00edg az R1\u2013Bud\u010da gyorsforgalmi \u00fat \u00e9s a helyi \u00fat\u00e9p\u00edt\u00e9sek megk\u00f6nny\u00edtett\u00e9k az ing\u00e1z\u00f3k \u00e9s a l\u00e1togat\u00f3k sz\u00e1m\u00e1ra egyar\u00e1nt a hozz\u00e1f\u00e9r\u00e9st. Az 1950-es \u00e9vekre a mag\u00e1ng\u00e9pj\u00e1rm\u0171-k\u00f6zleked\u00e9s kiszor\u00edtotta a l\u00f3vontat\u00e1s\u00fa szekereket; a \u010cSAD buszok 1952-t\u0151l rendszeres menetrendet k\u00edn\u00e1ltak.<\/p>\n<p>A forgalom z\u00fag\u00e1sa \u00e9s a turist\u00e1k zsivaja alatt kontinent\u00e1lis ellent\u00e9tek \u00e9ghajlata h\u00faz\u00f3dik meg. A medenc\u00e9ben gyakoriak a k\u00f6d \u00e9s a k\u00f6d, ak\u00e1r \u00e9vi 173 napon kereszt\u00fcl is, ami a foly\u00f3 \u00e1ltal kiv\u00e1gott v\u00f6lgyben felgy\u00fcleml\u0151 hideg leveg\u0151 bizony\u00edt\u00e9ka. A telek hidegek \u2013 janu\u00e1rban az \u00e1tlagh\u0151m\u00e9rs\u00e9klet \u20134,7 \u00b0C-ra s\u00fcllyed, a m\u00e9rt \u00e9rt\u00e9kek pedig \u201330 \u00b0C-ra is s\u00fcllyedhetnek \u2013, m\u00edg j\u00faliusban \u00e1tlagosan 18,8 \u00b0C a cs\u00facs\u00e9rt\u00e9k, a sz\u00e9ls\u0151 \u00e9rt\u00e9kek 35 \u00b0C felett is lehetnek a d\u00e9lut\u00e1ni zivatarokat el\u0151csalogat\u00f3 naps\u00fct\u00e9s alatt. Az \u00e9ves csapad\u00e9kmennyis\u00e9g meghaladja a 700 mm-t, amely j\u00falius 81 mm-\u00e9ben koncentr\u00e1l\u00f3dik, az els\u0151 havaz\u00e1s pedig november v\u00e9g\u00e9n \u00e9rkezik, m\u00e1rcius elej\u00e9ig bebor\u00edtva a f\u00f6ldeket, a vastags\u00e1ga alig haladja meg a 20 cm-t. A v\u00f6lgyi k\u00f6d d\u00e9lel\u0151tt k\u00f6zep\u00e9re felv\u00e1ltja a k\u00f6d, de a felh\u0151zet decemberig is megmarad, k\u00f6zel 79 sz\u00e1zal\u00e9kban, \u00e9s csak szeptemberre cs\u00f6kken 52 sz\u00e1zal\u00e9kra, amikor minden \u00f6t\u00f6dik nap der\u00fclt \u00e9gboltot k\u00f6sz\u00f6nt.<\/p>\n<p>A falut gazdag b\u00fckk-, t\u00f6lgy- \u00e9s lucfeny\u0151erd\u0151k szeg\u00e9lyezik, melyeket gyerty\u00e1n, ez\u00fcstfeny\u0151 \u00e9s erdeifeny\u0151 tark\u00edt. Juharf\u00e1k, plat\u00e1nf\u00e1k \u00e9s ny\u00e1rf\u00e1k tark\u00edtj\u00e1k a part menti folyos\u00f3kat, m\u00edg ak\u00e1c \u00e9s h\u00e1rs szeg\u00e9lyezi a f\u00fcrd\u0151park \u00f6sv\u00e9nyeit \u00e9s a r\u00e9gi kl\u00f3ros tavakat. A temet\u0151ben egy nagylevel\u0171 h\u00e1rs ligete \u00e1ll, h\u00e1romsz\u00e1z \u00e9ves t\u00f6rzsei \u00e9l\u0151 eml\u00e9km\u0171nek sz\u00e1m\u00edtanak, a k\u00f6zelben, a rekre\u00e1ci\u00f3s ter\u00fcleten pedig h\u00e1rom hatalmas t\u00f6lgyfa csoportosul, amelyek az \u00e9vszakok v\u00e1ltoz\u00e1s\u00e1t jelzik az \u00e9vsz\u00e1zadok sor\u00e1n. A B\u00f4rina fenyves is eml\u00edt\u00e9st \u00e9rdemel impoz\u00e1ns sorai \u00e9s a napmeleg lejt\u0151k\u00f6n megb\u00fav\u00f3 melegkedvel\u0151 n\u00f6v\u00e9nyek miatt. A gy\u0171jt\u00f6get\u0151k b\u0151s\u00e9gesen tal\u00e1lnak gomb\u00e1t \u00e9s gy\u00f3gyn\u00f6v\u00e9nyeket, a falu feletti kis t\u00f3 pedig nyugodt v\u00edzparti pihen\u0151t k\u00edn\u00e1l.<\/p>\n<p>Az erd\u0151t k\u00f6veti az \u00e1llatvil\u00e1g. \u0150z, g\u00edmszarvas \u00e9s vaddiszn\u00f3 barangol a K\u00f6rm\u00f6ci-hegys\u00e9g d\u00e9li ny\u00falv\u00e1nyain, m\u00edg egykori \u00e1llatkertb\u0151l megsz\u00f6k\u00f6tt d\u00e1mszarvasok \u00e9szrev\u00e9tlen\u00fcl keverednek az \u0151shonos csord\u00e1kkal. Vadmacsk\u00e1k \u00f3l\u00e1lkodnak alkonyatkor, \u00e9s baglyok \u2013 mind nagyszarv\u00faak, mind patk\u00f3baglyok \u2013 j\u00e1r\u0151r\u00f6znek az \u00e9jszakai \u00e9gbolton. V\u00e9dett tiszt\u00e1sokon a nagy patk\u00f3sdenev\u00e9r lebegett az \u0151si \u00e1gak alatt, \u00e9s az alacsony n\u00f6v\u00e9nyzet k\u00f6z\u00f6tt egy z\u00f6ld im\u00e1dkoz\u00f3 s\u00e1ska is megb\u00fajhat egy lev\u00e9len. Az \u00e9l\u0151helyek mozaikja \u2013 a part menti boz\u00f3tokt\u00f3l a szikl\u00e1s kib\u00fav\u00e1sokig \u2013 olyan sokf\u00e9les\u00e9get tart fenn, amely r\u00e1c\u00e1fol a falu szer\u00e9ny m\u00e9ret\u00e9re.<\/p>\n<p>A huszadik sz\u00e1zad \u00e1talak\u00edtotta a t\u00e1rsadalmi \u00e9s polg\u00e1ri sz\u00f6vetet. 1929-ben meg\u00e9rkezett az els\u0151 aut\u00f3, \u0160tefan P\u0159\u00edhoda tulajdon\u00e1ban, \u00e9s n\u00e9h\u00e1ny \u00e9ven bel\u00fcl a faluban ki\u00e9p\u00fclt a telefonvonal, \u00e9s \u00fajj\u00e1\u00e9p\u00edtett\u00e9k az \u00e1llami utat postakocsi-\u00e1llom\u00e1ssal. A h\u00e1bor\u00fa ut\u00e1ni \u00e9vek mag\u00e1nbuszj\u00e1ratokat, a kollekt\u00edv gazdas\u00e1gok egyes\u00fcl\u00e9s\u00e9t, egy kultur\u00e1lis k\u00f6zpontot, egy \u00e1ruh\u00e1zat, egy sz\u00e1llod\u00e1t \u00e9s egy hegyi mened\u00e9kh\u00e1zat hoztak. Az 1970-es \u00e9vekre egy aut\u00f3kemping \u00e9s egy g\u00e1zvezet\u00e9k jelezte a modern szabadid\u0151s \u00e9s k\u00f6z\u00fczemi szolg\u00e1ltat\u00e1sok lehet\u0151s\u00e9g\u00e9t, m\u00edg egy gyermekf\u00fcrd\u0151, egy \u00f3voda \u00e9s a Nemzeti Rehabilit\u00e1ci\u00f3s K\u00f6zpont b\u0151v\u00edtette az eg\u00e9szs\u00e9g\u00fcgyi \u00e9s csal\u00e1di szolg\u00e1ltat\u00e1sok b\u0151v\u00fcl\u0151 list\u00e1j\u00e1t. Az \u00e1ltal\u00e1nos iskola \u00e9p\u00fclet\u00e9nek, egy v\u00edzt\u00e1roz\u00f3nak \u00e9s a korszer\u0171s\u00edtett kommunik\u00e1ci\u00f3s h\u00e1l\u00f3zatnak 1991-es befejez\u00e9se el\u0151revet\u00edtette az 1998-ban \u00e1tadott, \u00fajj\u00e1\u00e9lesztett falusi f\u0151teret, ahol egy v\u00e1s\u00e1rcsarnok, buszmeg\u00e1ll\u00f3k \u00e9s inform\u00e1ci\u00f3s t\u00e1bl\u00e1k gy\u0171lnek \u00f6ssze egy kis s\u00e9t\u00e1ny k\u00f6r\u00fcl.<\/p>\n<p>A kov\u00e1csfalvi oktat\u00e1s szer\u00e9nyen kezd\u0151d\u00f6tt 1837-ben, amikor egy Trebu\u013ea nev\u0171 paraszttan\u00edt\u00f3 kezdetleges \u00f3r\u00e1kat adott egy ink\u00e1bb tanint\u00e9zm\u00e9nyben, mint hivatalos iskol\u00e1ban. 1907-re a lakosok \u00faj iskol\u00e1t \u00e9p\u00edtettek, \u00e9s bevezett\u00e9k a magyar oktat\u00e1st; 1918 ut\u00e1n \u00e1llamilag k\u00e9pzett tan\u00e1rok vezett\u00e9k az \u00f3r\u00e1kat szlov\u00e1kul. A huszadik sz\u00e1zad m\u00e1sodik fel\u00e9ben meghonosodott egy k\u00e9t tantermes \u00e1ltal\u00e1nos iskola, majd egy \u00f3voda is \u00e9p\u00fclt. 2002-ben mindk\u00e9t int\u00e9zm\u00e9ny egyes\u00fclt a kov\u00e1csfalvi \u00c1ltal\u00e1nos Iskol\u00e1val \u00e9s \u00d3vod\u00e1val, \u00edgy az \u00f3vod\u00e1skort\u00f3l az els\u0151 oszt\u00e1lyig egy fed\u00e9l alatt t\u00e1mogatva a gyerekeket, \u00e9s fenntartva a k\u00f6z\u00f6ss\u00e9gi alap\u00fa tanul\u00e1s falusi hagyom\u00e1ny\u00e1t.<\/p>\n<p>A helyi kult\u00far\u00e1t r\u00e9g\u00f3ta meghat\u00e1rozz\u00e1k az egyes\u00fcletek \u00e9s az \u00f6nk\u00e9ntes csoportok. A Szlov\u00e1k V\u00f6r\u00f6skereszt, a Szlov\u00e1k N\u0151k Sz\u00f6vets\u00e9ge \u00e9s a Matica slovensk\u00e1 fenntartja a polg\u00e1ri \u00e9s kultur\u00e1lis tev\u00e9kenys\u00e9geket, amelyekhez csatlakozik a \u017divena nyugd\u00edjasklub, a Vad\u00e1szt\u00e1rsas\u00e1g \u00e9s a Gorazd\u00edk gyermekk\u00f3rus. A sportol\u00f3k foci- \u00e9s asztalitenisz-csapatokat szerveznek, a turist\u00e1k \u00e9s a r\u00f6plabd\u00e1z\u00f3k \u00f6sv\u00e9nyeket \u00e9s p\u00e1ly\u00e1kat jel\u00f6lnek ki, a tek\u00e9z\u0151k \u00e9s sakkoz\u00f3k a k\u00f6z\u00f6ss\u00e9gi h\u00e1zban gy\u0171lnek \u00f6ssze, a Nemzeti Rehabilit\u00e1ci\u00f3s K\u00f6zponton bel\u00fcl pedig egy Fogyat\u00e9kkal \u00c9l\u0151k Sportklubja m\u0171k\u00f6dik. Mindegyik szervezet \u0151rzi a hagyom\u00e1nyokat, \u00e1polja a t\u00e1rsadalmi k\u00f6tel\u00e9keket, \u00e9s hangs\u00falyozza Kov\u00e1\u010dov\u00e1 elk\u00f6telezetts\u00e9g\u00e9t a befogad\u00f3 k\u00f6z\u00f6ss\u00e9gi \u00e9let ir\u00e1nt.<\/p>\n<p>A demogr\u00e1fiai trendek folyamatos n\u00f6veked\u00e9st t\u00fckr\u00f6znek. Az 1787-es mind\u00f6ssze 203 lakosr\u00f3l egy \u00e9vsz\u00e1zaddal k\u00e9s\u0151bb 297-re, 1948-ra pedig 450-re n\u0151tt a lakoss\u00e1g sz\u00e1ma. 1970-re 685-re n\u0151tt, az ezredfordul\u00f3n pedig 1480 f\u0151n \u00e1llt. Egy r\u00f6vid stagn\u00e1l\u00e1s ut\u00e1n a 2005 ut\u00e1ni \u00faj lak\u00e1s\u00e9p\u00edt\u00e9sek \u00fajabb terjeszked\u00e9st eredm\u00e9nyeztek, amelynek eredm\u00e9nyek\u00e9nt 2016-ban 1541 lakost sz\u00e1ml\u00e1ltak. A szlov\u00e1kok a lakoss\u00e1g t\u00f6bb mint 98 sz\u00e1zal\u00e9k\u00e1t teszik ki, \u00e9s az egy\u00e9ni lak\u00e1s\u00e9p\u00edt\u00e9sek folyamatos n\u00f6veked\u00e9se meger\u0151s\u00edti a falu vonzerej\u00e9t mind a csal\u00e1dok, mind a nyugd\u00edjasok sz\u00e1m\u00e1ra.<\/p>\n<p>Kov\u00e1\u010dov\u00e1 szimb\u00f3lumai heraldikai form\u00e1ba \u00f6ntik identit\u00e1s\u00e1t. A v\u00e1ros c\u00edmere k\u00e9t keresztbe tett arany patk\u00f3t \u00e1br\u00e1zol k\u00e9k pajzson, egy kiemelt, hull\u00e1mos sarokkal, amely egy k\u00e9k cs\u00edk alatt a lovat \u00e9s a foly\u00f3t egyar\u00e1nt id\u00e9zi. \u00dcnnepi alkalmakkor lengetett z\u00e1szlaja v\u00edzszintesen \u00f6t s\u00e1vban \u2013 feh\u00e9r, s\u00e1rga, k\u00e9k, s\u00e1rga, feh\u00e9r \u2013 h\u00faz\u00f3dik, ar\u00e1nyaiban a c\u00edmerekhez hasonl\u00f3an, \u00e9s h\u00e1rom hegyes v\u00e9gben v\u00e9gz\u0151dik, eml\u00e9keztetve a falu hagyom\u00e1nyainak \u00e9s nyitotts\u00e1g\u00e1nak \u00f6tv\u00f6zet\u00e9re.<\/p>\n<p>Kov\u00e1\u010dov\u00e1 turizmusa napjainkban az eg\u00e9szs\u00e9g\u00fcgyi ell\u00e1t\u00e1s, a szabadt\u00e9ri kikapcsol\u00f3d\u00e1s \u00e9s a region\u00e1lis \u00f6r\u00f6ks\u00e9g kombin\u00e1ci\u00f3j\u00e1ra \u00e9p\u00fcl. Az \u00dcd\u00fcl\u0151park eg\u00e9sz \u00e9vben \u00fczemel, v\u00edzi attrakci\u00f3it \u00e9s a szomsz\u00e9dos kempinget mag\u00e1nh\u00e1zak \u00e9s panzi\u00f3k veszik k\u00f6r\u00fcl. A ker\u00e9kp\u00e1rosok aszfalt- \u00e9s erdei utakon juthatnak el a k\u00f6zeli Bad\u00edn-erd\u0151be, vagy a hegyl\u00e1bak ment\u00e9n a Kremnick\u00e9 vrchy gerinc fel\u00e9, m\u00edg a vad\u00e1szok az aljn\u00f6v\u00e9nyzetben r\u00f3kagomb\u00e1t \u00e9s varg\u00e1ny\u00e1t keresve mer\u00e9szkednek be. Egy t\u00fara\u00fatvonal panor\u00e1m\u00e1s kil\u00e1t\u00e1shoz vezet a vulkanikus dombok tetej\u00e9r\u0151l, \u00e9s a k\u00f6zeli nevezetess\u00e9gek sora gazdag\u00edtja az \u00fatvonalat: a Hronsek eleg\u00e1ns fa artikul\u00e1ris temploma, a Pust\u00fd v\u00e1r csendes romjai, a Zvolen v\u00e1r er\u0151d\u00edtett termei, a Borov\u00e1 hora Arbor\u00e9tum t\u0171level\u0171ei \u00e9s a Slia\u010d f\u00fcrd\u0151 \u00e1sv\u00e1nymedenc\u00e9i.<\/p>\n<p>Kov\u00e1\u010dov\u00e1 l\u00e9nyege a f\u00f6ld, a v\u00edz, a t\u00f6rt\u00e9nelem \u00e9s a k\u00f6z\u00f6ss\u00e9g tal\u00e1lkoz\u00e1s\u00e1b\u00f3l fakad. H\u00e9v\u00edzforr\u00e1sai tri\u00e1sz kori k\u0151zetb\u0151l fakadnak, erdei vulk\u00e1ni tuf\u00e1kon n\u0151nek, lak\u00f3i a bronzkori fazekasokt\u00f3l a modern gy\u00f3gyf\u00fcrd\u0151terapeut\u00e1kig ny\u00falnak vissza. \u00c9vsz\u00e1zados politikai v\u00e1ltoz\u00e1sok, gazdas\u00e1gi felfordul\u00e1s \u00e9s t\u00e1rsadalmi \u00e1talakul\u00e1s sor\u00e1n a falu meg\u0151rizte jelleg\u00e9t, mik\u00f6zben a n\u00f6veked\u00e9s \u00faj fejezeteit t\u00e1rja fel. A pihen\u00e9sre \u00e9s felfedez\u00e9sre v\u00e1gy\u00f3 utaz\u00f3k sz\u00e1m\u00e1ra Kov\u00e1\u010dov\u00e1 a vizek meleg\u00e9t, a hegyi leveg\u0151 tisztas\u00e1g\u00e1t \u00e9s egy olyan k\u00f6z\u00f6ss\u00e9g tart\u00f3s l\u00fcktet\u00e9s\u00e9t k\u00edn\u00e1lja, amely r\u00e9g\u00f3ta meg\u00e9rti a hely \u00e9rt\u00e9k\u00e9t.<\/p>","protected":false},"excerpt":{"rendered":"<p>A Z\u00f3lyomi-medence d\u00e9lnyugati r\u00e9sz\u00e9n tal\u00e1lhat\u00f3 Kov\u00e1\u010dov\u00e1 egy 1600 f\u0151 k\u00f6r\u00fcli l\u00e9leksz\u00e1m\u00fa f\u00fcrd\u0151k\u00f6zs\u00e9g K\u00f6z\u00e9p-Szlov\u00e1ki\u00e1ban. A gy\u00f3gyhat\u00e1s\u00fa melegforr\u00e1sair\u00f3l \u00e9s a 13. sz\u00e1zadig visszany\u00fal\u00f3 gazdag t\u00f6rt\u00e9nelm\u00e9r\u0151l h\u00edres ez az idilli falucska mind\u00f6ssze 4 kilom\u00e9terre nyugatra Z\u00f3lyomt\u00f3l.<\/p>","protected":false},"author":1,"featured_media":17539,"parent":13300,"menu_order":0,"comment_status":"closed","ping_status":"closed","template":"elementor_theme","meta":{"_eb_attr":"","footnotes":""},"class_list":["post-17250","page","type-page","status-publish","has-post-thumbnail"],"_links":{"self":[{"href":"https:\/\/travelshelper.com\/hu\/wp-json\/wp\/v2\/pages\/17250","targetHints":{"allow":["GET"]}}],"collection":[{"href":"https:\/\/travelshelper.com\/hu\/wp-json\/wp\/v2\/pages"}],"about":[{"href":"https:\/\/travelshelper.com\/hu\/wp-json\/wp\/v2\/types\/page"}],"author":[{"embeddable":true,"href":"https:\/\/travelshelper.com\/hu\/wp-json\/wp\/v2\/users\/1"}],"replies":[{"embeddable":true,"href":"https:\/\/travelshelper.com\/hu\/wp-json\/wp\/v2\/comments?post=17250"}],"version-history":[{"count":0,"href":"https:\/\/travelshelper.com\/hu\/wp-json\/wp\/v2\/pages\/17250\/revisions"}],"up":[{"embeddable":true,"href":"https:\/\/travelshelper.com\/hu\/wp-json\/wp\/v2\/pages\/13300"}],"wp:featuredmedia":[{"embeddable":true,"href":"https:\/\/travelshelper.com\/hu\/wp-json\/wp\/v2\/media\/17539"}],"wp:attachment":[{"href":"https:\/\/travelshelper.com\/hu\/wp-json\/wp\/v2\/media?parent=17250"}],"curies":[{"name":"wp","href":"https:\/\/api.w.org\/{rel}","templated":true}]}}