{"id":17244,"date":"2024-09-25T23:20:32","date_gmt":"2024-09-25T23:20:32","guid":{"rendered":"https:\/\/travelshelper.com\/staging\/?page_id=17244"},"modified":"2026-03-12T22:34:39","modified_gmt":"2026-03-12T22:34:39","slug":"dudince","status":"publish","type":"page","link":"https:\/\/travelshelper.com\/hu\/destinations\/europe\/slovakia\/dudince\/","title":{"rendered":"Dudince"},"content":{"rendered":"<p>Gy\u0171gy (Dudince), Szlov\u00e1kia legkisebb v\u00e1rosa, k\u00f6r\u00fclbel\u00fcl 1400 lakossal, \u00e9s mind\u00f6ssze 140 m\u00e9ter tengerszint feletti magass\u00e1gban fekszik D\u00e9l-Szlov\u00e1kia Beszterceb\u00e1nyai ker\u00fclet\u00e9ben. A Korponai-s\u00edks\u00e1g \u2013 a bels\u0151 Nyugati-K\u00e1rp\u00e1tok r\u00e9sze \u2013 l\u00e1b\u00e1n\u00e1l, a Selmec foly\u00f3 v\u00f6lgy\u00e9ben fekszik, mintegy 27 kilom\u00e9terre d\u00e9lnyugatra Korpon\u00e1t\u00f3l \u00e9s 15 kilom\u00e9terre \u00e9szakra Ipolys\u00e1gt\u00f3l (Iahy). A v\u00e1ros szer\u00e9ny m\u00e9rete elfedi gy\u00f3gyf\u00fcrd\u0151k\u00e9nt bet\u00f6lt\u00f6tt jelent\u0151s\u00e9g\u00e9t, h\u00edrnev\u00e9t az \u00e1sv\u00e1nyokban gazdag term\u00e1lforr\u00e1soknak k\u00f6sz\u00f6nheti, amelyek az \u00f3kor \u00f3ta vonzz\u00e1k a l\u00e1togat\u00f3kat. Gy\u0171gy (Dudince) meleg, stabil \u00e9ghajlata \u00e9s a Stredoslovenska borvid\u00e9k sz\u00edv\u00e9ben, a hat\u00e1rait szeg\u00e9lyez\u0151 sz\u0151l\u0151\u00fcltetv\u00e9nyekkel val\u00f3 elhelyezked\u00e9se alapvet\u0151 fontoss\u00e1g\u00fa ahhoz, hogy meg\u00e9rts\u00fck tart\u00f3s vonzerej\u00e9t.<\/p>\n<p>R\u00e9g\u00e9szeti bizony\u00edt\u00e9kok az \u00fajk\u0151kor \u00f3ta tart\u00f3 emberi jelenl\u00e9tet mutatnak a ter\u00fcleten, a telep\u00fcl\u00e9s legkor\u00e1bbi ismert \u00edr\u00e1sos feljegyz\u00e9se pedig 1284-b\u0151l sz\u00e1rmazik, Dyud n\u00e9ven. 1551-re dokument\u00e1lt forr\u00e1sok el\u0151sz\u00f6r eml\u00edtett\u00e9k a term\u00e1lforr\u00e1sok l\u00e9tez\u00e9s\u00e9t, de a forr\u00e1sok eredete sokkal r\u00e9gebbre ny\u00falik vissza: a geol\u00f3giai \u00e9s hidrol\u00f3giai mint\u00e1zatok arra utalnak, hogy a r\u00f3maiak t\u00f6bb mint k\u00e9t \u00e9vezreddel ezel\u0151tt ismert\u00e9k \u2013 \u00e9s val\u00f3sz\u00edn\u0171leg haszn\u00e1lt\u00e1k is \u2013 ezeket a vizeket. A Dudince-i \u00e9s k\u00f6rny\u00e9kbeli travertinlerak\u00f3d\u00e1sok n\u00e9ma tan\u00fabizonys\u00e1got tesznek err\u0151l a korszakr\u00f3l: a modern f\u00fcrd\u0151 ter\u00fclet\u00e9n m\u00e9g mindig megfigyelhet\u0151k a r\u00f3mai f\u00fcrd\u0151k, egy mintegy harminck\u00e9t faragott medence csoportja, amelyeket k\u00f6zvetlen\u00fcl a travertinbe v\u00e1jtak, \u00e9s ahol a v\u00edz egykor egy f\u0151 medenc\u00e9b\u0151l \u00f6ml\u00f6tt az egym\u00e1st k\u00f6vet\u0151 medenc\u00e9kbe. A helyi hagyom\u00e1ny szerint az als\u00f3 medenc\u00e9k a legion\u00e1riusoknak voltak fenntartva, m\u00edg a lejt\u0151n magasabban l\u00e9v\u0151k a parancsnokokat szolg\u00e1lt\u00e1k. \u00c9vsz\u00e1zadokkal k\u00e9s\u0151bb kenderf\u00fcrd\u0151k\u00e9nt funkcion\u00e1ltak, k\u0151falaik m\u00e9gis a korai telepesek k\u00e9zzel k\u00e9sz\u00edtett mesters\u00e9gbeli tud\u00e1s\u00e1r\u00f3l suttognak.<\/p>\n<p>A gy\u0171gyi forr\u00e1sok geol\u00f3giai jellege \u00f6sszetett \u00e9s hasznos is egyben. A vizek hidrog\u00e9n-karbon\u00e1tos-kloridos, n\u00e1trium-kalcium, sz\u00e9nsavas, k\u00e9nessavas \u00e9s enyh\u00e9n hipot\u00f3ni\u00e1s besorol\u00e1s\u00faak, \u00e9s \u00e1lland\u00f3 h\u0151m\u00e9rs\u00e9klet\u00fck 28-28,5 Celsius-fok. A 18. sz\u00e1zad k\u00f6zep\u00e9n Heinrich Johan von Crantz professzor 1777-es, a gy\u00f3gyforr\u00e1sokr\u00f3l sz\u00f3l\u00f3 \u00e9rtekez\u00e9s\u00e9ben id\u00e9zte \u0151ket, ezzel el\u0151sz\u00f6r ker\u00fcltek hivatalosan be az eur\u00f3pai orvosi szakirodalomba. 1890 k\u00f6r\u00fcl a B\u00e9csi F\u00f6ldrajzi Int\u00e9zet kezdeti felm\u00e9r\u00e9seket v\u00e9gzett, majd a B\u00e1nyaf\u00f6ldtani Int\u00e9zet kutat\u00f3i is k\u00f6vett\u00e9k \u0151ket; munk\u00e1juk eredm\u00e9nyek\u00e9nt 1894. janu\u00e1r 23-\u00e1n rendeletben hivatalosan is gy\u00f3gyhat\u00e1s\u00fanak ismert\u00e9k el a forr\u00e1sokat, \u00e9s a Gestenec-hegy k\u00f6rny\u00e9k\u00e9t v\u00e9dett \u00f6vezett\u00e9 nyilv\u00e1n\u00edtott\u00e1k. Ezek a d\u00f6nt\u00e9sek megalapozt\u00e1k Gy\u0171gy gy\u00f3gyk\u00f6zpontt\u00e1 v\u00e1l\u00e1s\u00e1t.<\/p>\n<p>A huszadik sz\u00e1zad fordul\u00f3j\u00e1ra a v\u00e1llalkoz\u00f3k elkezdt\u00e9k kihaszn\u00e1lni ezt a lehet\u0151s\u00e9get. 1900-ban Hugo Oberndorff \u2013 a forr\u00e1sok tulajdonosa \u2013 megb\u00edz\u00e1s\u00e1b\u00f3l szem\u00e9lyes k\u00f6re sz\u00e1m\u00e1ra l\u00e9trehozta a keleti forr\u00e1srendszer els\u0151 nyitott f\u00fcrd\u0151j\u00e9t; a f\u00fcrd\u0151 1935-ben bez\u00e1rt, de d\u00f6nt\u0151 pillanatot jelentett a v\u00e1ros \u00e1talakul\u00e1s\u00e1ban. 1907-ben a nyugati forr\u00e1srendszer els\u0151 f\u00fcrd\u0151j\u00e9t Filip Gutmann \u00e9s T\u00e1rsai telep\u00edtett\u00e9k, egy travertinbe faragott l\u00e9tes\u00edtm\u00e9nyt a f\u00fcrd\u0151 keleti l\u00e1b\u00e1n\u00e1l. Gutmann hivatali idej\u00e9t k\u00f6vet\u0151en, 1916-t\u00f3l a forr\u00e1sok a budapesti Koloman Br\u00e1zzay kez\u00e9be ker\u00fcltek, aki 1918 tavasz\u00e1n f\u00farta az \u00e1ltala Nagy Gy\u00f3gyf\u00fcrd\u0151nek nevezett kutat. Amikor Br\u00e1zzay 1921-ben besz\u00fcntette a b\u00e9rleti d\u00edj fizet\u00e9s\u00e9t, a fennmarad\u00f3 \u2013 Oberndorfft\u00f3l sz\u00e1rmaz\u00f3, \u00f6tvenegy \u00e9vre sz\u00f3l\u00f3 \u2013 b\u00e9rleti jogokat Ipolys\u00e1gb\u00f3l sz\u00e1rmaz\u00f3 J\u00falius Unterbergerre ruh\u00e1zta \u00e1t, aki a forr\u00e1sokat 1938. november 2-i b\u00e9csi d\u00f6nt\u0151b\u00edr\u00f3s\u00e1gi t\u00e1rgyal\u00e1sok politikai fordulat\u00e1ig kezelte. Mivel Gy\u0171gy maradt a szlov\u00e1k hat\u00e1rokon bel\u00fcl, Ipolys\u00e1g pedig Magyarorsz\u00e1ghoz ker\u00fclt, a v\u00e1ros eur\u00f3pai p\u00e1lyafut\u00e1sa a m\u00e1sodik vil\u00e1gh\u00e1bor\u00fa bizonytalan \u00e9veibe kanyarodott.<\/p>\n<p>A h\u00e1bor\u00fa jelent\u0151s k\u00e1rokat okozott a f\u00fcrd\u0151l\u00e9tes\u00edtm\u00e9nyekben, a helyre\u00e1ll\u00edt\u00e1si munk\u00e1latok azonban a h\u00e1bor\u00fa ut\u00e1ni id\u0151szakban gyorsan megkezd\u0151dtek. Az 1948-as \u00e1llamos\u00edt\u00e1s a c\u00e9lzott \u00e9p\u00edtkez\u00e9sek szakasz\u00e1t nyitotta meg. 1953 \u00e9s 1956 k\u00f6z\u00f6tt hidrogeol\u00f3giai felm\u00e9r\u00e9st v\u00e9geztek, amelynek c\u00e9lja a gy\u00f3gyv\u00edz b\u0151s\u00e9gesebb ut\u00e1np\u00f3tl\u00e1s\u00e1nak biztos\u00edt\u00e1sa volt. A nyugati forr\u00e1scsoportban az S-3 k\u00fat friss, b\u0151s\u00e9ges vizet hozott a f\u00fcrd\u0151be; 1957 \u00e9s 1958 k\u00f6z\u00f6tt az \u00e9p\u00edt\u00e9szek fel\u00e9p\u00edtett\u00e9k a szabadt\u00e9ri uszoda t\u00e9gla bej\u00e1rat\u00e1t, \u00e9s kib\u0151v\u00edtett\u00e9k a nagyobb medenc\u00e9t, mik\u00f6zben a Kis B\u00fad\u00f4s n\u00e9ven ismert kis medenc\u00e9t le\u00e1ll\u00edtott\u00e1k. Egy v\u00e9gs\u0151, \u00e1tfog\u00f3 \u00e9rt\u00e9kel\u00e9s \u2013 amelyet Dr. Ota Hynie m\u00e9rn\u00f6kprofesszor \u00e9s a pr\u00e1gai K\u00e1roly Egyetem csapata v\u00e9gzett 1953 \u00e9s 1958 k\u00f6z\u00f6tt \u2013 felt\u00e9rk\u00e9pezte a v\u00edz \u00f6sszet\u00e9tel\u00e9t \u00e9s min\u0151s\u00e9g\u00e9t, meger\u0151s\u00edtve annak sz\u00e9lesk\u00f6r\u0171 ter\u00e1pi\u00e1s alkalmaz\u00e1si lehet\u0151s\u00e9geit.<\/p>\n<p>A gy\u0171gyi gy\u00f3gyf\u00fcrd\u0151i kezel\u00e9sek els\u0151sorban a sz\u00edv- \u00e9s \u00e9rrendszerre, valamint a mozg\u00e1sszervi rendszerre \u00f6sszpontos\u00edtanak, a reumatikus \u00e1llapotok, a magas v\u00e9rnyom\u00e1s, a b\u0151rgy\u00f3gy\u00e1szati \u200b\u200bprobl\u00e9m\u00e1k, valamint bizonyos n\u0151gy\u00f3gy\u00e1szati \u200b\u200b\u00e9s em\u00e9szt\u00e9si betegs\u00e9gek kezel\u00e9s\u00e9re. A kalciumban, n\u00e1triumban, hidrog\u00e9n-karbon\u00e1tban, kloridban \u00e9s k\u00e9nvegy\u00fcletekben gazdag meleg \u00e1sv\u00e1nyv\u00edz \u00e9rt\u00e1g\u00edt\u00f3 hat\u00e1s\u00fa \u00e9s el\u0151seg\u00edti a kering\u00e9s stabilit\u00e1s\u00e1t. M\u00e1just\u00f3l szeptemberig a v\u00e1rosban nyilv\u00e1nos uszoda \u00fczemel, amelyet ezek az \u00e1sv\u00e1nyv\u00edzforr\u00e1sok t\u00e1pl\u00e1lnak, lehet\u0151v\u00e9 t\u00e9ve a lakosok \u00e9s a l\u00e1togat\u00f3k sz\u00e1m\u00e1ra, hogy megm\u00e1rt\u00f3zzanak a v\u00edzben, amelynek nyugtat\u00f3 tulajdons\u00e1gai m\u00e9rhet\u0151 el\u0151ny\u00f6kkel j\u00e1rnak mind a rehabilit\u00e1ci\u00f3, mind a pihen\u00e9s szempontj\u00e1b\u00f3l.<\/p>\n<p>V\u00edzrajzi \u00f6r\u00f6ks\u00e9g\u00e9n t\u00fal Dudince h\u00e1rom k\u00fcl\u00f6nb\u00f6z\u0151 t\u00e1jforma \u00f6sszeolvad\u00e1s\u00e1b\u00f3l is profit\u00e1l: az \u00e9szaknyugaton fekv\u0151 Selmeci-hegys\u00e9gb\u0151l, az \u00e9szakkeleten enyh\u00e9n emelked\u0151 Korponai-s\u00edks\u00e1gb\u00f3l \u00e9s a d\u00e9len kibontakoz\u00f3 Duna-s\u00edks\u00e1gb\u00f3l. A Selmeci-patak szeli \u00e1t a v\u00e1rost, csendes, ritmikus jelenl\u00e9ttel, amely \u00e9lteti mind \u00d3gy\u00fcm\u00f6lcs\u00f6t \u2013 az eredeti falut a patak jobb partj\u00e1n \u2013, mind \u00dajgy\u00fcm\u00f6lcs\u00f6t, amely nyugaton a vas\u00fatvonal k\u00f6r\u00fcl terjeszkedett ki. A s\u00ednek m\u00f6g\u00f6tt fekszik Merovce, egy kor\u00e1bban f\u00fcggetlen falu, amelyet 1960-ban csatoltak hozz\u00e1; meg\u0151rizte saj\u00e1t, 1994-ben \u00e9p\u00fclt B\u00e9ke Boldogasszony r\u00f3mai katolikus templom\u00e1t \u00e9s egy 1996-b\u00f3l sz\u00e1rmaz\u00f3 evang\u00e9likus templomot.<\/p>\n<p>A v\u00e1ros elrendez\u00e9se egyszerre kompakt \u00e9s c\u00e9lszer\u0171. \u00d3d\u0171gy (Star\u00e9 Dudince) a f\u0151\u00fat ment\u00e9n h\u00faz\u00f3dik, bepillant\u00e1st engedve a k\u00f6z\u00e9pkori el\u0151zm\u00e9nyekre utal\u00f3, k\u0151b\u0151l \u00e9s stukk\u00f3b\u00f3l \u00e9p\u00fclt n\u00e9pi lak\u00f3h\u00e1zakba. \u00dajd\u0171gy (Nov\u00e9 Dudince) a patak \u00e9s a Z\u00f3lyom\u2013\u010cata vas\u00fatvonal k\u00f6z\u00f6tt ter\u00fcl el, \u00fajabb \u00e9p\u00edtm\u00e9nyei a f\u00fcrd\u0151v\u00e1ros-tervez\u00e9s huszadik sz\u00e1zadi fejl\u0151d\u00e9s\u00e9t t\u00fckr\u00f6zik. Merovce, amely egykor f\u00e9lrees\u0151 falucska volt, ma Dudince k\u00f6zigazgat\u00e1si hat\u00e1r\u00e1hoz csatlakozik, k\u00e9t modern temploma pedig egy kis, de odaad\u00f3 gy\u00fclekezetet szolg\u00e1l ki.<\/p>\n<p>A k\u00f6zleked\u00e9si kapcsolatok jav\u00edtj\u00e1k Gy\u0171gy (Dudince) megk\u00f6zel\u00edthet\u0151s\u00e9g\u00e9t. Az I\/66-os \u00e9s az E77-es aut\u00f3p\u00e1ly\u00e1k kett\u00e9szelik a v\u00e1rost, region\u00e1lis forgalmat bonyol\u00edtva Magyarorsz\u00e1g \u00e9s K\u00f6z\u00e9p-Szlov\u00e1kia fel\u00e9. A tervek szerint az R3-as gyorsforgalmi \u00fat megker\u00fcli a v\u00e1ros perem\u00e9t, eltereli a tranzitforgalmat, \u00e9s az R7-es aut\u00f3p\u00e1ly\u00e1val \u00f6sszek\u00f6tve egy nagysebess\u00e9g\u0171 folyos\u00f3t hoz l\u00e9tre. A Z\u00f3lyom\u2013\u010cata vonalon k\u00f6zleked\u0151 vas\u00fati szolg\u00e1ltat\u00e1s csendes alternat\u00edv\u00e1t k\u00edn\u00e1l az aut\u00f3p\u00e1ly\u00e1kkal szemben, a v\u00e1ros \u00e1llom\u00e1s\u00e1n meg\u00e1ll\u00f3 meg\u00e1ll\u00f3k biztos\u00edtj\u00e1k az utaz\u00f3k folyamatos \u00e1raml\u00e1s\u00e1t. A k\u00f6z\u00fati \u00e9s vas\u00fati k\u00f6zleked\u00e9s k\u00f6lcs\u00f6nhat\u00e1sa mind a helyi gazdas\u00e1g, mind a gy\u00f3gyf\u00fcrd\u0151kh\u00f6z l\u00e1togat\u00f3k be\u00e1raml\u00e1s\u00e1nak alapj\u00e1t k\u00e9pezi.<\/p>\n<p>Demogr\u00e1fiailag Dudince lakoss\u00e1ga figyelemre m\u00e9lt\u00f3an stabil maradt. A 2001-es n\u00e9psz\u00e1ml\u00e1l\u00e1s 1500 lakost regisztr\u00e1lt, akiknek 95,67 sz\u00e1zal\u00e9ka szlov\u00e1knak, 3,53 sz\u00e1zal\u00e9ka magyarnak \u00e9s 0,20 sz\u00e1zal\u00e9ka rom\u00e1nak vallotta mag\u00e1t. A vall\u00e1si hovatartoz\u00e1s a r\u00f3mai katolikus fel\u00e9 tol\u00f3dott el, 55,67 sz\u00e1zal\u00e9k, az evang\u00e9likusok 28,93 sz\u00e1zal\u00e9kot, a vall\u00e1si hovatartoz\u00e1st\u00f3l f\u00fcggetlenek pedig 11,27 sz\u00e1zal\u00e9kot tettek ki. B\u00e1r a v\u00e1ros m\u00e9rete kiz\u00e1rja a nagyobb k\u00f6zpontok statisztikai dinamizmus\u00e1t, ezek az adatok egy olyan k\u00f6z\u00f6ss\u00e9get mutatnak, amelyet a relat\u00edv homogenit\u00e1s \u00e9s a hagyom\u00e1nyos vall\u00e1sgyakorl\u00e1s jellemez.<\/p>\n<p>\u00c9ghajlatilag Dudince Szlov\u00e1kia egyik legalacsonyabb h\u0151m\u00e9rs\u00e9kleti \u00f6vezet\u00e9hez tartozik, m\u00e9gis paradox m\u00f3don az orsz\u00e1gban itt van a legt\u00f6bb naps\u00fct\u00e9ses nap \u00e9vente. A sv\u00e1jci \u00e9ghajlati oszt\u00e1lyoz\u00e1s szerint l\u00e9gk\u00f6re nyugtat\u00f3, nyugtat\u00f3 hat\u00e1s\u00fa, \u00edgy k\u00fcl\u00f6n\u00f6sen alkalmas a l\u00e1badoz\u00e1sra \u00e9s a k\u00edm\u00e9letes rehabilit\u00e1ci\u00f3ra. Az ipari kibocs\u00e1t\u00e1sok hi\u00e1nya \u2013 a t\u00e1voli, erd\u0151s k\u00f6rnyezetnek k\u00f6sz\u00f6nhet\u0151en \u2013 \u00e9s a k\u00f6rnyez\u0151 dombok v\u00e9delmez\u0151 \u00f6lel\u00e9se kiv\u00e9teles leveg\u0151tisztas\u00e1g\u00fa k\u00f6rnyezetet teremt.<\/p>\n<p>Gy\u0171gy (Dudince) kompakt v\u00e1rosk\u00e9p\u00e9nek, a lank\u00e1s sz\u0151l\u0151\u00fcltetv\u00e9nyeknek \u00e9s a t\u00e1voli cs\u00facsoknak az egym\u00e1s melletti elhelyezked\u00e9se sz\u00e1mos kir\u00e1ndul\u00e1si lehet\u0151s\u00e9get k\u00edn\u00e1l. El\u00e9rhet\u0151 egy Selmecb\u00e1ny\u00e1ra vezet\u0151 \u00fatvonal, melynek gondosan meg\u0151rz\u00f6tt b\u00e1ny\u00e1szati \u200b\u200b\u00e9p\u00edt\u00e9szete ki\u00e9rdemelte az UNESCO Vil\u00e1g\u00f6r\u00f6ks\u00e9gi List\u00e1j\u00e1nak felv\u00e9tel\u00e9t. Z\u00f3lyom (Zvolen) k\u00f6nnyen megk\u00f6zel\u00edthet\u0151, a tizenharmadik sz\u00e1zadi Szent Antal-v\u00e1rban egy kis vad\u00e1szm\u00fazeum tal\u00e1lhat\u00f3. Keleten \u0160ia (Sia) \u00e9s Brhlovce (Brhlovce) a homokk\u0151 szikl\u00e1kba v\u00e1jt barlanglak\u00e1sok k\u00fcl\u00f6n\u00f6s l\u00e1tv\u00e1ny\u00e1t k\u00edn\u00e1lj\u00e1k. Az ambici\u00f3zusabb utaz\u00f3k egynapos kir\u00e1ndul\u00e1sokat tesznek B\u00e9csbe vagy Budapestre, kevesebb mint k\u00e9t \u00f3ra alatt \u00e1tl\u00e9pve az orsz\u00e1ghat\u00e1rokat; m\u00e1sok \u00e9szak fel\u00e9 mer\u00e9szkednek az Alacsony- \u00e9s Magas-T\u00e1tr\u00e1ba, Szlov\u00e1kia alpesi sz\u00edv\u00e9be.<\/p>\n<p>K\u00f6zelebbr\u0151l, Rykyn\u010dice-ben bork\u00f3stol\u00f3 t\u00far\u00e1k zajlanak a pinc\u00e9kkel szeg\u00e9lyezett utc\u00e1k k\u00f6z\u00f6tt, melyeket a region\u00e1lis n\u00e9phagyom\u00e1nyokat bemutat\u00f3 kultur\u00e1lis programok k\u00eds\u00e9rnek. A term\u00e1lf\u00fcrd\u0151k v\u00e1ltozatoss\u00e1g\u00e1ra v\u00e1gy\u00f3k ell\u00e1togathatnak a k\u00f6zeli Podh\u00e1jsk\u00e1ba, ahol egy eg\u00e9sz \u00e9vben m\u0171k\u00f6d\u0151 term\u00e1lf\u00fcrd\u0151 eg\u00e9sz\u00edti ki a Dudince szezon\u00e1lis medenc\u00e9it. Ezeken a kir\u00e1ndul\u00e1sokon a l\u00e1togat\u00f3k bepillant\u00e1st nyerhetnek K\u00f6z\u00e9p-Eur\u00f3pa ezen szeglet\u00e9ben \u00f6sszefut\u00f3 kultur\u00e1lis, term\u00e9szeti \u00e9s t\u00f6rt\u00e9nelmi gazdags\u00e1gba.<\/p>\n<p>Gy\u0171gy (Dudince) k\u00f6zelm\u00faltbeli t\u00f6rt\u00e9nelm\u00e9t sz\u00e1mos sportesem\u00e9ny jellemezte, ezek k\u00f6z\u00fcl a legkiemelked\u0151bb a 2013-as Gyalogl\u00f3 Eur\u00f3pa-kupa. A verseny a kontinens minden t\u00e1j\u00e1r\u00f3l vonzotta az elit sportol\u00f3kat, akik a v\u00e1ros \u00fatjain, gy\u00f3gysz\u00e1llod\u00e1k homlokzatain \u00e9s a Selmecb\u00e1nya partj\u00e1n kanyarg\u00f3 p\u00e1ly\u00e1n haladtak v\u00e9gig. Ez az esem\u00e9ny kiemelte Gy\u0171gy (Dudince) azon k\u00e9pess\u00e9g\u00e9t, hogy nemzetk\u00f6zi tal\u00e1lkoz\u00f3kat rendezzen, kihaszn\u00e1lva a sz\u00e1ll\u00e1shely-infrastrukt\u00far\u00e1j\u00e1t \u00e9s a nyugodt k\u00f6rnyezet\u00e9t, amely a versenyz\u0151k \u00e9s a n\u00e9z\u0151k sz\u00e1m\u00e1ra egyar\u00e1nt megfelel\u0151 helyet biztos\u00edt.<\/p>\n<p>Szer\u00e9ny m\u00e9rete ellen\u00e9re Dudince r\u00e9g\u00f3ta \u00e1pol egy olyan identit\u00e1st, amely t\u00falmutat demogr\u00e1fiai hat\u00e1rain. A Stredoslovenska borvid\u00e9k a k\u00f6z\u00e9pkorig visszany\u00fal\u00f3 sz\u0151l\u0151termeszt\u00e9si hagyom\u00e1nyokkal \u00f6leli k\u00f6r\u00fcl, m\u00edg a travertin teraszok \u00e9s a term\u00e1lforr\u00e1sok m\u00e9lyebb geol\u00f3giai m\u00faltra utalnak. A r\u00f3mai lenyomatok, a k\u00f6z\u00e9pkori telep\u00fcl\u00e9si mint\u00e1k, a 19. sz\u00e1zadi tudom\u00e1nyos felm\u00e9r\u00e9sek \u00e9s a 20. sz\u00e1zadi \u00e1llami fejleszt\u00e9sek r\u00e9tegz\u0151d\u00e9se egy olyan v\u00e1rost eredm\u00e9nyezett, amelynek jellege egyszerre egyedi \u00e9s reprezentat\u00edv a k\u00f6z\u00e9p-eur\u00f3pai f\u00fcrd\u0151kult\u00far\u00e1ra.<\/p>\n<p>A f\u0151 s\u00e9t\u00e1nyon s\u00e9t\u00e1lva olyan wellness-sz\u00e1llod\u00e1kba botlunk, amelyek homlokzatai a huszadik sz\u00e1zad eleji d\u00edsz\u00edt\u00e9st a h\u00e1bor\u00fa ut\u00e1ni szigor\u00fa b\u0151v\u00edt\u00e9sekkel \u00f6tv\u00f6zik. A helyi k\u0151vel burkolt burkolat a forr\u00e1sok alatti travertint id\u00e9zi. A h\u00e1rs \u00e9s ak\u00e1c \u00e1rny\u00e9k\u00e1ban \u00e1ll\u00f3 fapadok elm\u00e9lked\u0151 pihen\u00e9sre cs\u00e1b\u00edtanak; kopott fel\u00fcleteiken a kezel\u00e9sek k\u00f6z\u00f6tt sz\u00fcnetel\u0151 l\u00e1togat\u00f3k gener\u00e1ci\u00f3inak nyomai l\u00e1tszanak. Feh\u00e9r k\u00f6penyes gy\u00f3gyf\u00fcrd\u0151i orvosok konzult\u00e1lnak a betegekkel a vil\u00e1gos klinik\u00e1kon, f\u00fcrd\u0151kb\u0151l, pakol\u00e1sokb\u00f3l \u00e9s k\u00f6nny\u0171 testmozg\u00e1sb\u00f3l \u00e1ll\u00f3 k\u00far\u00e1t javasolva. A foly\u00f3 t\u00faloldal\u00e1n sz\u0151l\u0151\u00fcltetv\u00e9nyek kapaszkodnak fel az als\u00f3 lejt\u0151kre, sz\u0151l\u0151soraik t\u00fcrelmes rendszeress\u00e9ggel a nap fel\u00e9 fordulnak.<\/p>\n<p>\u00d3d\u0171d\u00f6n (Star\u00e9 Dudince) a kis p\u00e9ks\u00e9gek rozs \u00e9s k\u00f6m\u00e9ny illat\u00e1t \u00e1rasztj\u00e1k; a k\u00e1v\u00e9z\u00f3k s\u00f6t\u00e9t, keser\u00e9des k\u00e1v\u00e9t t\u00f6ltenek porcel\u00e1ncs\u00e9sz\u00e9kbe. \u00dajd\u0171d\u00f6n ezzel szemben \u00e1ramvonalasabbnak \u00e9rz\u0151dik, t\u00e9glalap alak\u00fa lak\u00f3t\u00f6mbjei \u00e9s a gy\u00f3gyf\u00fcrd\u0151h\u00f6z kapcsol\u00f3d\u00f3 kiszolg\u00e1l\u00f3 \u00e9p\u00fcletei funkcion\u00e1lis precizit\u00e1ssal vannak elrendezve. Itt \u00e9rezhet\u0151 a szocialista korszak tervez\u00e9s\u00e9nek \u00e9s a f\u00fcrd\u0151v\u00e1rosi ig\u00e9nyeknek az \u00f6sszefon\u00f3d\u00e1sa: ter\u00e1pi\u00e1s szob\u00e1k szeg\u00e9lyezik az egyenes folyos\u00f3kat, a sz\u00e9lesebb ablakok pedig a t\u00e1voli hegyekre pillanthatunk be. Merovce, b\u00e1r csendesebb, lelkip\u00e1sztori b\u00e1jt \u00e1raszt: a gyerekek a k\u00e9t modern templom tornyai alatti f\u00fcves \u00f6sv\u00e9nyeken j\u00e1tszanak, harangtornyaik pedig a rendezett kertek f\u00f6l\u00e9 magasodnak.<\/p>\n<p>T\u00e9len, amikor h\u00f3takar\u00f3 bor\u00edtja a hegyeket, \u00e9s a leveg\u0151 krist\u00e1lytiszt\u00e1v\u00e1 v\u00e1lik, az \u00e1sv\u00e1nyv\u00edz melege m\u00e9g h\u00edvogat\u00f3bbnak t\u0171nik. A szabadt\u00e9ri medenc\u00e9kb\u0151l g\u0151z sz\u00e1ll fel, k\u00eds\u00e9rteties cs\u00e1pokk\u00e9nt lebegve a f\u00fcrd\u0151z\u0151k felett, \u00e9s a h\u0171v\u00f6s hajnalban a nap els\u0151 sugarai bearanyozz\u00e1k a k\u00f6rnyez\u0151 sz\u0151l\u0151\u00fcltetv\u00e9nyeket. M\u00e9g a holtszezonban is visszafogott \u00e9lettel b\u00edr Dudince: a helyi k\u00e1v\u00e9z\u00f3kban forr\u00f3 gy\u00f3gyte\u00e1kat szolg\u00e1lnak fel, az id\u0151sebb lakosok a t\u00e9ren gy\u0171lnek \u00f6ssze, hogy h\u00edreket cser\u00e9ljenek, n\u00e9h\u00e1ny edzett l\u00e1togat\u00f3 pedig egy\u00e9ni iv\u00f3k\u00far\u00e1kon vesz r\u00e9szt, meghat\u00e1rozott id\u0151k\u00f6z\u00f6nk\u00e9nt palackozott vizet kortyolgatva.<\/p>\n<p>El\u0151retekintve, az R3 \u00e9s R7 gyorsforgalmi utak befejez\u00e9se \u00edg\u00e9retesnek \u00edg\u00e9rkezik Gy\u0171gy (Dudince) Pozsonyhoz, Budapesthez \u00e9s azon t\u00fali ter\u00fcletekhez val\u00f3 kapcsol\u00f3d\u00e1s\u00e1nak \u00fajragondol\u00e1s\u00e1val. A tranzitforgalom visszaesik a v\u00e1rosk\u00f6zpontb\u00f3l, jav\u00edtva a leveg\u0151min\u0151s\u00e9get \u00e9s elcsendes\u00edtve az utc\u00e1kat, m\u00edg az \u00faj csom\u00f3pontok szer\u00e9ny gazdas\u00e1gi n\u00f6veked\u00e9st \u00f6szt\u00f6n\u00f6zhetnek. A kih\u00edv\u00e1s azonban a v\u00e1ros nyugalma \u00e9s szolg\u00e1ltat\u00e1sai k\u00f6z\u00f6tti k\u00e9nyes egyens\u00faly meg\u0151rz\u00e9se lesz, biztos\u00edtva, hogy a v\u00e1ros l\u00e9tjogosults\u00e1ga \u2013 a ter\u00e1pi\u00e1s pihen\u00e9s \u2013 tov\u00e1bbra is els\u0151dleges maradjon az infrastruktur\u00e1lis v\u00e1ltoz\u00e1sok k\u00f6zepette.<\/p>\n<p>T\u00f6bb mint h\u00e9t \u00e9vsz\u00e1zados dokument\u00e1lt t\u00f6rt\u00e9nelme sor\u00e1n Dudince folyamatosan v\u00e1ltoz\u00f3 politikai hat\u00e1rokon, gazdas\u00e1gi rendszereken \u00e9s tudom\u00e1nyos paradigm\u00e1kon navig\u00e1lt. Dyud 1284-t\u0151l a mai f\u00fcrd\u0151v\u00e1rosig identit\u00e1s\u00e1t a m\u00e9lyb\u0151l felt\u00f6r\u0151 v\u00edz, az \u0151si foly\u00f3medreken felhalmoz\u00f3d\u00f3 m\u00e9szk\u0151 \u00e9s a term\u00e9szeti adotts\u00e1gokban rejl\u0151 ter\u00e1pi\u00e1s lehet\u0151s\u00e9geket felismer\u0151 emberi tal\u00e1l\u00e9konys\u00e1g kov\u00e1csolta. Von Crantz professzor, az oberndorffi \u00e9s gutmann-i, a br\u00e1zzay-i \u00e9s unterbergi professzorok \u00f6r\u00f6ks\u00e9ge m\u00e1ig bev\u00e9s\u0151d\u00f6tt a k\u0151f\u00fcrd\u0151k falaiba, a forr\u00e1sv\u00edz t\u00e1pl\u00e1lta hegyoldalak v\u00e9delm\u00e9r\u0151l sz\u00f3l\u00f3 rendeletekbe \u00e9s a Dudince \u00e1sv\u00e1nyvizeinek folyamatos vonzerej\u00e9be.<\/p>\n<p>V\u00e9gs\u0151 soron Dudince a k\u00f6z\u00e9p-eur\u00f3pai gy\u00f3gyf\u00fcrd\u0151kult\u00fara mikrokozmoszak\u00e9nt jelenik meg, ahol a geol\u00f3giai v\u00e9letlenek metszik a t\u00f6rt\u00e9nelmi v\u00e9letleneket, \u00e9s ahol egy kompakt k\u00f6z\u00f6ss\u00e9g \u0151rzi a vend\u00e9gszeretet \u00e9s a gy\u00f3gy\u00edt\u00e1s hagyom\u00e1nyait. Kis n\u00e9pess\u00e9ge r\u00e1c\u00e1fol az eg\u00e9szs\u00e9gturizmushoz val\u00f3 hozz\u00e1j\u00e1rul\u00e1s\u00e1nak sz\u00e9lesk\u00f6r\u0171s\u00e9g\u00e9re \u00e9s a ter\u00e1pi\u00e1s utaz\u00e1s eur\u00f3pai narrat\u00edv\u00e1j\u00e1ban bet\u00f6lt\u00f6tt szerep\u00e9re. Azok sz\u00e1m\u00e1ra, akik olyan helyet keresnek, ahol a term\u00e9szetes ritmus \u2013 foly\u00f3, sz\u0151l\u0151, g\u0151z \u2013 \u00fcteme ir\u00e1ny\u00edtja a napot, Dudince id\u0151t\u00e1ll\u00f3 gy\u00f3gym\u00f3dokkal val\u00f3 tal\u00e1lkoz\u00e1st \u00e9s a h\u00e9tk\u00f6znapokon t\u00falmutat\u00f3, mag\u00e1val ragad\u00f3 hely\u00e9lm\u00e9nyt k\u00edn\u00e1l.<\/p>","protected":false},"excerpt":{"rendered":"<p>A d\u00e9l-szlov\u00e1kiai Gy\u0171gy az orsz\u00e1g kultur\u00e1lis hagyat\u00e9k\u00e1t \u00e9s a term\u00e9szeti sz\u00e9ps\u00e9geket testes\u00edti meg. A mind\u00f6ssze 1400 lakos\u00fa kis f\u00fcrd\u0151v\u00e1ros Szlov\u00e1kia legkisebb v\u00e1rosak\u00e9nt ismert. Apr\u00f3 m\u00e9rete ellen\u00e9re Dudince keresett mened\u00e9k a kikapcsol\u00f3d\u00e1sra \u00e9s felfriss\u00fcl\u00e9sre v\u00e1gy\u00f3k sz\u00e1m\u00e1ra kiemelked\u0151 \u00e1sv\u00e1nyvize, gy\u00f3gyhat\u00e1s\u00fa term\u00e1lforr\u00e1sai \u00e9s els\u0151 oszt\u00e1ly\u00fa gy\u00f3gyf\u00fcrd\u0151i miatt.<\/p>","protected":false},"author":1,"featured_media":17590,"parent":13300,"menu_order":0,"comment_status":"closed","ping_status":"closed","template":"elementor_theme","meta":{"_eb_attr":"","footnotes":""},"class_list":["post-17244","page","type-page","status-publish","has-post-thumbnail"],"_links":{"self":[{"href":"https:\/\/travelshelper.com\/hu\/wp-json\/wp\/v2\/pages\/17244","targetHints":{"allow":["GET"]}}],"collection":[{"href":"https:\/\/travelshelper.com\/hu\/wp-json\/wp\/v2\/pages"}],"about":[{"href":"https:\/\/travelshelper.com\/hu\/wp-json\/wp\/v2\/types\/page"}],"author":[{"embeddable":true,"href":"https:\/\/travelshelper.com\/hu\/wp-json\/wp\/v2\/users\/1"}],"replies":[{"embeddable":true,"href":"https:\/\/travelshelper.com\/hu\/wp-json\/wp\/v2\/comments?post=17244"}],"version-history":[{"count":0,"href":"https:\/\/travelshelper.com\/hu\/wp-json\/wp\/v2\/pages\/17244\/revisions"}],"up":[{"embeddable":true,"href":"https:\/\/travelshelper.com\/hu\/wp-json\/wp\/v2\/pages\/13300"}],"wp:featuredmedia":[{"embeddable":true,"href":"https:\/\/travelshelper.com\/hu\/wp-json\/wp\/v2\/media\/17590"}],"wp:attachment":[{"href":"https:\/\/travelshelper.com\/hu\/wp-json\/wp\/v2\/media?parent=17244"}],"curies":[{"name":"wp","href":"https:\/\/api.w.org\/{rel}","templated":true}]}}