{"id":17238,"date":"2024-09-25T23:14:21","date_gmt":"2024-09-25T23:14:21","guid":{"rendered":"https:\/\/travelshelper.com\/staging\/?page_id=17238"},"modified":"2026-03-12T22:35:10","modified_gmt":"2026-03-12T22:35:10","slug":"bojnice","status":"publish","type":"page","link":"https:\/\/travelshelper.com\/hu\/destinations\/europe\/slovakia\/bojnice\/","title":{"rendered":"Bojnice"},"content":{"rendered":"<p>A k\u00f6r\u00fclbel\u00fcl 5000 lakos\u00fa Bojnice strat\u00e9giai helyen fekszik Kelet-Szlov\u00e1ki\u00e1ban, a Nyitra foly\u00f3 ment\u00e9n, k\u00f6zvetlen\u00fcl a k\u00f6z\u00e9pkori Bojnice-i v\u00e1r alatt. A Str\u00e1\u017eov-hegys\u00e9g l\u00e1b\u00e1n\u00e1l, a Nyitra foly\u00f3 fels\u0151 v\u00f6lgy\u00e9ben fekszik, t\u00f6megk\u00f6zleked\u00e9si h\u00e1l\u00f3zatot oszt meg a k\u00f6zeli Prievidza v\u00e1ros\u00e1val, \u00e9s Zsoln\u00e1t\u00f3l mintegy 60 kilom\u00e9terre d\u00e9lre, Trencs\u00e9nt\u0151l pedig 65 kilom\u00e9terre keletre fekszik.<\/p>\n<p>Bajm\u00f3c t\u00f6rt\u00e9nete az \u0151skor k\u00f6d\u00e9ben kezd\u0151dik, ahol a term\u00e1lforr\u00e1sok gy\u00f3gy\u00edt\u00f3 melege el\u0151sz\u00f6r a Riss-W\u00fcrm j\u00e9gkorszakban, nagyj\u00e1b\u00f3l 100 000 \u00e9vvel ezel\u0151tt keltette fel az emberi figyelmet. A pleisztoc\u00e9n kori eml\u0151s\u00f6k travertin \u00fcled\u00e9kekbe \u00e1gyazott fosszilis maradv\u00e1nyai a helyi fauna gazdags\u00e1g\u00e1r\u00f3l \u00e9s a t\u00e1pl\u00e1l\u00e9kot \u00e9s mened\u00e9ket keres\u0151 emberi csoportok jelenl\u00e9t\u00e9r\u0151l tan\u00faskodnak. A mai Prepo\u0161tsk\u00e1-barlang barlangszer\u0171 zugaiban k\u0151t\u00e1rgyak \u2013 kapar\u00f3k, hegyes v\u00e9gek \u00e9s f\u00far\u00f3k \u2013 tan\u00faskodnak a neanderv\u00f6lgyiek lakta ter\u00fcletr\u0151l a Levallois-Mousterian korszakban, Kr. e. 70 000 \u00e9s 40 000 k\u00f6z\u00f6tt. Az als\u00f3 paleolitikum \u00e9s a neolitikum t\u00f6red\u00e9kes nyomai a Hallstatt-kult\u00fara \u00e1lland\u00f3 lakotts\u00e1g\u00e1nak jelent\u0151sebb jeleit mutatj\u00e1k a Kr. e. 8. sz\u00e1zadt\u00f3l kezd\u0151d\u0151en.<\/p>\n<p>A k\u00e9s\u0151bbi v\u00e1rdombb\u00e1 v\u00e1lt travertin felsz\u00ednen a P\u00fachov-kult\u00fara k\u00f6z\u00f6ss\u00e9gei az i. e. els\u0151 \u00e9vezred fordul\u00f3j\u00e1n \u00e9p\u00edtett\u00e9k fel els\u0151 er\u0151d\u00edtm\u00e9nyeiket. K\u00e9s\u0151bb szl\u00e1v telepesek alak\u00edtott\u00e1k \u00e1t ezt a hegyfokot a k\u00e9zm\u0171vess\u00e9g, a kereskedelem \u00e9s a v\u00e9delem k\u00f6zpontj\u00e1v\u00e1, vaseszk\u00f6z\u00f6ket \u00e9s jellegzetes ker\u00e1miat\u00f6red\u00e9keket hagyva h\u00e1tra. A telep\u00fcl\u00e9s folytonoss\u00e1ga a kilencedik sz\u00e1zad \u00f3ta tart, amikor az er\u0151d\u00edtett dombtet\u0151 a region\u00e1lis hatalom k\u00f6zpontjak\u00e9nt tart\u00f3s szerepet t\u00f6lt\u00f6tt be.<\/p>\n<p>Bajm\u00f3c els\u0151 \u00edr\u00e1sos eml\u00edt\u00e9se 1113-b\u00f3l sz\u00e1rmazik, amikor a zobori dokumentumok a v\u00e1r alatti k\u00fclv\u00e1rosk\u00e9nt eml\u00edtik a \u201ede suburbanis Baimoz\u201d-t. Ez az oklev\u00e9l egy pl\u00e9b\u00e1nia\u00e9p\u00fcletet is eml\u00edt; egy templom is megjelenik a fennmaradt feljegyz\u00e9sekben 1244-b\u0151l, meger\u0151s\u00edtve Bajm\u00f3c st\u00e1tusz\u00e1t, mint Fels\u0151-Nyitra vall\u00e1si \u00e9let\u00e9nek k\u00f6zpontj\u00e1t. 1366-ban I. Lajos magyar kir\u00e1ly v\u00e1rosi kiv\u00e1lts\u00e1gokat adott, amelyek magukban foglalt\u00e1k a v\u00e1g\u00f3h\u00edd, a malom, a f\u00fcrd\u0151 \u00fczemeltet\u00e9s\u00e9nek \u00e9s a rendszeres v\u00e1s\u00e1rok jog\u00e1t, ezzel lerakva a gazdas\u00e1gi n\u00f6veked\u00e9s alapjait a kereskedelem \u00e9s a szakosodott k\u00e9zm\u0171vess\u00e9g r\u00e9v\u00e9n.<\/p>\n<p>A k\u00e9s\u0151 k\u00f6z\u00e9pkor katonai vesz\u00e9lyt jelentett a K\u00e1rp\u00e1tok hat\u00e1rvid\u00e9k\u00e9re, ami arra k\u00e9sztette a Turz, majd k\u00e9s\u0151bb a P\u00e1lffy csal\u00e1dokat, hogy fel\u00fcgyelj\u00e9k a v\u00e1r \u00e9s a v\u00e1ros k\u00f6r\u00fcli v\u00e9d\u0151falak \u00e9p\u00edt\u00e9s\u00e9t. 1663-ra ez a b\u00e1sty\u00e1k elk\u00e9sz\u00fcltek, meger\u0151s\u00edtve Bajm\u00f3c szerep\u00e9t, mint b\u00e1stya a Magna via n\u00e9ven ismert kir\u00e1lyi \u00faton, amely B\u00e9cset k\u00f6t\u00f6tte \u00f6ssze Erd\u00e9llyel. 1613 \u00e9s 1823 k\u00f6z\u00f6tt Bajm\u00f3c a Habsburg-monarchia egyik legfontosabb posta\u00e1llom\u00e1sak\u00e9nt szolg\u00e1lt, megk\u00f6nny\u00edtve a s\u00f3, a vas \u00e9s a nemesf\u00e9mek mozg\u00e1s\u00e1t K\u00f6z\u00e9p-Eur\u00f3p\u00e1ban. III. Ferdin\u00e1nd cs\u00e1sz\u00e1r 1647-ben vissza\u00e1ll\u00edtotta a v\u00e1rosi kiv\u00e1lts\u00e1gokat, meger\u0151s\u00edtve a v\u00e1ros polg\u00e1ri auton\u00f3mi\u00e1j\u00e1t.<\/p>\n<p>A c\u00e9hek, amelyek Bajm\u00f3c gazdas\u00e1g\u00e1nak \u00f6sszetetts\u00e9g\u00e9t t\u00fckr\u00f6zik, a tizenhetedik sz\u00e1zad k\u00f6zep\u00e9re jelentek meg. 1653-b\u00f3l sz\u00e1rmaz\u00f3 feljegyz\u00e9sek cip\u00e9szek, k\u0151m\u0171vesek, csizmadi\u00e1k, szab\u00f3k, tak\u00e1csok, fest\u0151k, sz\u0171cs\u00f6k \u00e9s k\u00e1d\u00e1rok jelenl\u00e9t\u00e9r\u0151l sz\u00e1molnak be. A v\u00e1ros ir\u00e1ny\u00edt\u00e1sa a polg\u00e1rmester \u00e9s tizenk\u00e9t szen\u00e1tor kez\u00e9ben volt, akiket egy jegyz\u0151 \u00e9s egy hajd\u00fah t\u00e1mogatott, akiknek v\u00e9grehajt\u00e1si eszk\u00f6zei \u2013 a pelleng\u00e9r \u00e9s a v\u00e1rosi b\u00f6rt\u00f6n \u2013 a f\u0151t\u00e9ren \u00e1lltak. Bajm\u00f3c 1872-ig meg\u0151rizte a r\u00e9gi\u00f3 gazdas\u00e1gi, k\u00f6zigazgat\u00e1si \u00e9s katonai k\u00f6zpontja szerep\u00e9t, amikor a szomsz\u00e9dos Prievidza fokozatosan \u00e1tvette ezeket a funkci\u00f3kat a huszadik sz\u00e1zad els\u0151 \u00e9vtizedeiben.<\/p>\n<p>Bajm\u00f3c tart\u00f3s vonzerej\u00e9nek k\u00f6z\u00e9ppontj\u00e1ban maga a v\u00e1r \u00e1ll, amelyet el\u0151sz\u00f6r 1113-ban dokument\u00e1ltak f\u00e1b\u00f3l k\u00e9sz\u00fclt er\u0151d\u00edtm\u00e9nyk\u00e9nt. Az ezt k\u00f6vet\u0151 \u00e9vsz\u00e1zadok sor\u00e1n az egym\u00e1st k\u00f6vet\u0151 tulajdonosok a fa palis\u00e1dokat hatalmas k\u0151falakkal \u00e9s tornyokkal helyettes\u00edtett\u00e9k. A huszadik sz\u00e1zadban a P\u00e1lffy csal\u00e1d romantikus \u00e9rz\u00e9kenys\u00e9gt\u0151l vez\u00e9relve \u00e1talak\u00edtotta a komplexumot jelenlegi meseszer\u0171 form\u00e1j\u00e1ra, karcs\u00fa tornyokkal, d\u00edszes \u00e1rk\u00e1dokkal \u00e9s egy m\u00e9sztufa tetej\u00e9n ki\u00e1ll\u00f3 sziluettel, amely egy term\u00e9szetes barlangot rejt. Ma a v\u00e1rban nemzeti m\u00fazeum tal\u00e1lhat\u00f3, gal\u00e9ri\u00e1iban a r\u00e9gi\u00f3 t\u00f6rt\u00e9nelm\u00e9t bemutat\u00f3 t\u00e1rgyakat \u00e9s m\u0171alkot\u00e1sokat \u0151riznek. A filmesek t\u00f6bbsz\u00f6r is felkerest\u00e9k hangulatos tereit, \u00e9s minden tavasszal az udvar ad otthont a Szellemek \u00e9s K\u00eds\u00e9rtetek Nemzetk\u00f6zi Fesztiv\u00e1lj\u00e1nak, amelynek sor\u00e1n a jegytulajdonosok \u2013 amelyek \u00e1ra k\u00f6r\u00fclbel\u00fcl 150 szlov\u00e1k korona \u2013 a helyi legend\u00e1kra \u00e9p\u00fcl\u0151 k\u00eds\u00e9rteties legend\u00e1k sz\u00ednh\u00e1zi \u00fajraalkot\u00e1s\u00e1n vehetnek r\u00e9szt. A v\u00e1r napt\u00e1ra szezon\u00e1lis esem\u00e9nyeket is tartalmaz, mint p\u00e9ld\u00e1ul a Mesev\u00e1r program, a Valentin-napi h\u00e9tv\u00e9ge \u00e9s a Kar\u00e1csony a v\u00e1rban rendezv\u00e9ny.<\/p>\n<p>A term\u00e1lforr\u00e1sok, amelyek egykor az \u0151skori vad\u00e1szokat vonzott\u00e1k, tov\u00e1bbra is megalapozz\u00e1k Bajm\u00f3c, mint Szlov\u00e1kia egyik legr\u00e9gebbi f\u00fcrd\u0151v\u00e1ros\u00e1nak h\u00edrnev\u00e9t. A gy\u00f3gyv\u00edz els\u0151 feljegyz\u00e9se 1549-b\u0151l sz\u00e1rmazik, 1200-1500 m\u00e9ter m\u00e9lyr\u0151l t\u00f6r fel, 28 \u00e9s 52 Celsius-fok k\u00f6z\u00f6tti h\u0151m\u00e9rs\u00e9kleten kilenc k\u00fatb\u00f3l, amelyek \u00f6sszesen m\u00e1sodpercenk\u00e9nt k\u00f6r\u00fclbel\u00fcl 40 liter vizet adnak ki. A modern f\u00fcrd\u0151l\u00e9tes\u00edtm\u00e9nyek mozg\u00e1sszervi rendelleness\u00e9gekkel, reumatikus \u00e1llapotokkal, serd\u00fcl\u0151kori poszttraum\u00e1s \u00e9s ortop\u00e9diai k\u00f6vetkezm\u00e9nyekkel, neurol\u00f3giai megbeteged\u00e9sekkel \u00e9s foglalkoz\u00e1si megbeteged\u00e9sekkel k\u00fczd\u0151 betegek sz\u00e1m\u00e1ra ny\u00fajtanak szolg\u00e1ltat\u00e1sokat. A ny\u00e1r derek\u00e1n a h\u00e1rom medenc\u00e9b\u0151l \u00e1ll\u00f3 szabadt\u00e9ri uszod\u00e1k k\u00edn\u00e1lnak enyh\u00fcl\u00e9st a l\u00e1togat\u00f3knak a h\u0151s\u00e9g el\u0151l, \u00f6tv\u00f6zve a ter\u00e1pi\u00e1s hagyom\u00e1nyokat a rekre\u00e1ci\u00f3s kikapcsol\u00f3d\u00e1ssal.<\/p>\n<p>1955-ben a bajm\u00f3ci \u00e1llatkert megalap\u00edt\u00e1sa \u00fajabb dimenzi\u00f3val b\u0151v\u00edtette a v\u00e1ros kultur\u00e1lis \u00e9s tudom\u00e1nyos k\u00edn\u00e1lat\u00e1t. 2006-ra t\u00f6bb mint 1800 egyednek adott otthont, amelyek 355 fajt k\u00e9pviselnek. A vil\u00e1g minden t\u00e1j\u00e1r\u00f3l sz\u00e1rmaz\u00f3 f\u00e1n \u00e9l\u0151 p\u00e9ld\u00e1nyokkal b\u00fcszk\u00e9lked\u0151, t\u00e1j\u00e9p\u00edt\u00e9szetileg gondozott parkban elhelyezked\u0151 kifut\u00f3kon 75 eml\u0151sfaj, 138 mad\u00e1rfaj, 86 halfaj \u00e9s 47 h\u00fcll\u0151fajta k\u00f6zeli megfigyel\u00e9se lehets\u00e9ges. A fiataloknak sz\u00f3l\u00f3 l\u00e1tv\u00e1nyoss\u00e1gok, az oktat\u00f3 jelleg\u0171 ki\u00e1ll\u00edt\u00e1sokt\u00f3l az interakt\u00edv j\u00e1tsz\u00f3terekig, biztos\u00edtj\u00e1k, hogy a gyerekek k\u00f6zvetlen\u00fcl r\u00e9szt vegyenek a term\u00e9szetv\u00e9delem \u00e9s a term\u00e9szettudom\u00e1ny folyamataiban.<\/p>\n<p>A demogr\u00e1fiai pillanatk\u00e9pek nagyr\u00e9szt homog\u00e9n lakoss\u00e1got t\u00fckr\u00f6znek: a 2001-es n\u00e9psz\u00e1ml\u00e1l\u00e1s 5006 lakost regisztr\u00e1lt, akiknek 97,06 sz\u00e1zal\u00e9ka szlov\u00e1knak, 0,68 sz\u00e1zal\u00e9ka csehnek \u00e9s 0,24 sz\u00e1zal\u00e9ka n\u00e9metnek (k\u00e1rp\u00e1ti n\u00e9meteknek) vallotta mag\u00e1t. A vall\u00e1si hovatartoz\u00e1st a r\u00f3mai katolikusok uralt\u00e1k 74,55 sz\u00e1zal\u00e9kkal, 19 sz\u00e1zal\u00e9kuk nem vallott vall\u00e1st, \u00e9s nagyj\u00e1b\u00f3l 2 sz\u00e1zal\u00e9kuk vallotta mag\u00e1t evang\u00e9likusnak.<\/p>\n<p>A huszadik sz\u00e1zad sor\u00e1n Bajm\u00f3c t\u00f6rt\u00e9nelmi gazdags\u00e1g\u00e1ra, term\u00e1lforr\u00e1saira \u00e9s \u00e1llattani int\u00e9zm\u00e9ny\u00e9re t\u00e1maszkodva kiemelked\u0151 \u00fati c\u00e9ll\u00e1 tette mag\u00e1t a Szlov\u00e1ki\u00e1b\u00f3l \u00e9s azon t\u00falr\u00f3l \u00e9rkez\u0151 l\u00e1togat\u00f3k sz\u00e1m\u00e1ra. Az \u00e9venk\u00e9nti kultur\u00e1lis \u00e9s sportesem\u00e9nyek t\u00f6megeket vonzanak a v\u00e1ros kompakt k\u00f6zpontj\u00e1ba, ahol a k\u00f6z\u00e9pkori utcah\u00e1l\u00f3zat \u00e9s az \u00f6r\u00f6ks\u00e9g \u00e9p\u00edt\u00e9szete az emberi er\u0151fesz\u00edt\u00e9sek r\u00e9tegeit id\u00e9zi fel. Ak\u00e1r az \u0151skori r\u00e9g\u00e9szet tudom\u00e1nyos megismer\u00e9s\u00e9re, ak\u00e1r a v\u00e1r termeiben val\u00f3 elm\u00e9lked\u00e9sre, ak\u00e1r a gy\u00f3gyv\u00edzben val\u00f3 ter\u00e1pi\u00e1s helyre\u00e1ll\u00edt\u00e1sra, ak\u00e1r az egzotikus \u00e1llatvil\u00e1g megfigyel\u00e9s\u00e9nek egyszer\u0171 \u00f6r\u00f6m\u00e9re v\u00e1gyik valaki, Bajm\u00f3c a napt\u00e1r minden fordul\u00f3j\u00e1n megjutalmazza az utaz\u00f3t.<\/p>\n<p>A v\u00e1ros minden \u00e9vszakban a t\u00f6rt\u00e9nelem, a tudom\u00e1ny \u00e9s az eg\u00e9szs\u00e9g szint\u00e9zis\u00e9t k\u00edn\u00e1lja, egyetlen ponton tal\u00e1lkozva, ahol a term\u00e1lg\u0151z\u00f6k g\u00f3tikus tornyok h\u00e1tter\u00e9ben emelkednek, \u00e9s ahol a t\u00e1voli postakocsik visszhangja visszhangzik a k\u0151bolt\u00edvek alatt. Maradand\u00f3 jellege nem a t\u00f6megl\u00e1tv\u00e1nyoss\u00e1gb\u00f3l, hanem a t\u00f6retlen telep\u00fcl\u00e9s csendes m\u00e9lt\u00f3s\u00e1g\u00e1b\u00f3l, a meleg \u00e1sv\u00e1nyv\u00edzforr\u00e1sok folyamatos \u00e1raml\u00e1s\u00e1b\u00f3l \u00e9s az \u00e9vezredeken \u00e1t\u00edvel\u0151 hagyom\u00e1nyok \u0151rz\u00e9s\u00e9b\u0151l fakad. Bajm\u00f3c a bizony\u00edt\u00e9k arra, hogy egy kis k\u00f6z\u00f6ss\u00e9g \u2013 mind\u00f6ssze \u00f6tezer l\u00e9lek \u2013 k\u00e9pes fenntartani egy olyan \u00f6r\u00f6ks\u00e9get, amely hidat k\u00e9pez a paleolit \u200b\u200bbarlanglak\u00f3k, a k\u00f6z\u00e9pkori klerikusok, a felvil\u00e1gosod\u00e1s kori hadm\u00e9rn\u00f6k\u00f6k \u00e9s a term\u00e9szeti \u00e9s kultur\u00e1lis \u00f6r\u00f6ks\u00e9g modern kori \u0151rz\u0151i k\u00f6z\u00f6tt. T\u00f6rt\u00e9nete ma is ugyanolyan \u00e9l\u0151, mint amikor az els\u0151 kovak\u00f6veket \u00fct\u00f6tt\u00e9k az \u0151skori szikl\u00e1ba, \u00e9s gondolkod\u00e1sra k\u00e9sztet az emberi jelenl\u00e9t folytonoss\u00e1g\u00e1r\u00f3l K\u00f6z\u00e9p-Eur\u00f3pa ezen szeglet\u00e9ben.<\/p>","protected":false},"excerpt":{"rendered":"<p>A kelet-szlov\u00e1kiai Nyitra fest\u0151i v\u00f6lgy\u00e9ben fekv\u0151 Bajm\u00f3c az eur\u00f3pai t\u00f6rt\u00e9nelem \u00e9s kult\u00fara gazdag k\u00e1rpitj\u00e1nak tan\u00faja. Ez a k\u00f6r\u00fclbel\u00fcl 5000 lakost sz\u00e1ml\u00e1l\u00f3 b\u00e1jos v\u00e1ros k\u00f6zvetlen\u00fcl az ikonikus Bajm\u00f3ci v\u00e1r alatt, Prievidza v\u00e1rosa k\u00f6zel\u00e9ben tal\u00e1lhat\u00f3. A Str\u00e1\u017eov-hegys\u00e9g alatt fekv\u0151 Bajm\u00f3c strat\u00e9giai fekv\u00e9s\u00e9nek hat\u00e1s\u00e1ra Szlov\u00e1kia egyik legkedveltebb turisztikai c\u00e9lpontj\u00e1v\u00e1 \u00e9s legr\u00e9gebbi f\u00fcrd\u0151v\u00e1ros\u00e1v\u00e1 fejl\u0151d\u00f6tt.<\/p>","protected":false},"author":1,"featured_media":17502,"parent":13300,"menu_order":0,"comment_status":"closed","ping_status":"closed","template":"elementor_theme","meta":{"_eb_attr":"","footnotes":""},"class_list":["post-17238","page","type-page","status-publish","has-post-thumbnail"],"_links":{"self":[{"href":"https:\/\/travelshelper.com\/hu\/wp-json\/wp\/v2\/pages\/17238","targetHints":{"allow":["GET"]}}],"collection":[{"href":"https:\/\/travelshelper.com\/hu\/wp-json\/wp\/v2\/pages"}],"about":[{"href":"https:\/\/travelshelper.com\/hu\/wp-json\/wp\/v2\/types\/page"}],"author":[{"embeddable":true,"href":"https:\/\/travelshelper.com\/hu\/wp-json\/wp\/v2\/users\/1"}],"replies":[{"embeddable":true,"href":"https:\/\/travelshelper.com\/hu\/wp-json\/wp\/v2\/comments?post=17238"}],"version-history":[{"count":0,"href":"https:\/\/travelshelper.com\/hu\/wp-json\/wp\/v2\/pages\/17238\/revisions"}],"up":[{"embeddable":true,"href":"https:\/\/travelshelper.com\/hu\/wp-json\/wp\/v2\/pages\/13300"}],"wp:featuredmedia":[{"embeddable":true,"href":"https:\/\/travelshelper.com\/hu\/wp-json\/wp\/v2\/media\/17502"}],"wp:attachment":[{"href":"https:\/\/travelshelper.com\/hu\/wp-json\/wp\/v2\/media?parent=17238"}],"curies":[{"name":"wp","href":"https:\/\/api.w.org\/{rel}","templated":true}]}}