{"id":17071,"date":"2024-09-25T14:20:43","date_gmt":"2024-09-25T14:20:43","guid":{"rendered":"https:\/\/travelshelper.com\/staging\/?page_id=17071"},"modified":"2026-03-12T21:17:11","modified_gmt":"2026-03-12T21:17:11","slug":"sinaia","status":"publish","type":"page","link":"https:\/\/travelshelper.com\/hu\/destinations\/europe\/romania\/sinaia\/","title":{"rendered":"Sinaia"},"content":{"rendered":"<p>A rom\u00e1niai Munt\u00e9nia Prahova foly\u00f3 v\u00f6lgy\u00e9ben, 767 \u00e9s 860 m\u00e9ter tengerszint feletti magass\u00e1gban fekv\u0151 Sinaia hegyi \u00fcd\u00fcl\u0151helyk\u00e9nt ismert, melynek identit\u00e1sa elv\u00e1laszthatatlanul k\u00f6t\u0151dik a tizenhetedik sz\u00e1zadi kolostorhoz \u00e9s a tizenkilencedik sz\u00e1zad v\u00e9gi kir\u00e1lyi p\u00e1rtfog\u00e1shoz. A v\u00e1ros, mely nev\u00e9t az 1695-ben alap\u00edtott, a bibliai S\u00ednai-hegyb\u0151l ihletet mer\u00edt\u0151 Sinaia kolostorr\u00f3l kapta, e spiritu\u00e1lis mag k\u00f6r\u00e9 n\u0151tte ki mag\u00e1t, \u00e9s a 2021-es n\u00e9psz\u00e1ml\u00e1l\u00e1s szerint 9071 lakos\u00fa c\u00e9lpontt\u00e1 v\u00e1lt, szemben az egy \u00e9vtizeddel kor\u00e1bbi 10 410 lakossal. A Ploie\u015ftit\u0151l mintegy 65 kilom\u00e9terre \u00e9szaknyugatra \u00e9s Brass\u00f3t\u00f3l 48 kilom\u00e9terre d\u00e9lre fekv\u0151 telep\u00fcl\u00e9s olyan t\u00e1jjal rendelkezik, amely form\u00e1lta \u00e9ghajlat\u00e1t, term\u00e9szetv\u00e9delmi int\u00e9zked\u00e9seit, \u00e9p\u00edt\u00e9szeti \u00f6r\u00f6ks\u00e9g\u00e9t \u00e9s helyi kult\u00far\u00e1j\u00e1t.<\/p>\n<p>Az \u0151szi \u00e9gbolt \u00e9s a t\u00e9li ac\u00e9lsz\u00fcrkes\u00e9g k\u00f6z\u00f6tt v\u00e1ltakoz\u00f3 \u00e9g alatt Sinaia eredete a kolostor k\u00f6veiben rejlik. A k\u00f6z\u00e9pkori ker\u00edt\u00e9sfallal k\u00f6r\u00fclvett \u201eSz\u0171z M\u00e1ria Mennybemenetele\u201d templomb\u00f3l, k\u00e1poln\u00e1b\u00f3l, perjels\u00e9gb\u0151l \u00e9s szerzetesi cell\u00e1kb\u00f3l \u00e1ll\u00f3 egy\u00fcttes egyszerre szolg\u00e1lt spiritu\u00e1lis mened\u00e9kk\u00e9nt \u00e9s \u00e9p\u00edt\u00e9szeti horgonyk\u00e9nt. Az alap\u00edtv\u00e1nyok kapt\u00e1k a telep\u00fcl\u00e9s nev\u00e9t, m\u00edg a b\u00e9ke \u00e9s a visszavonul\u00e1s k\u00e9s\u0151bbi h\u00edrneve megalapozta egy olyan k\u00f6z\u00f6ss\u00e9get, amelynek sorsa a t\u00f6rt\u00e9nelem ap\u00e1ly\u00e1val egy\u00fctt emelkedett \u00e9s s\u00fcllyedt. A 19. sz\u00e1zad v\u00e9g\u00e9n I. K\u00e1roly rom\u00e1n kir\u00e1ly \u00fagy d\u00f6nt\u00f6tt, hogy ny\u00e1ri rezidenci\u00e1j\u00e1t a Bucsecs-hegys\u00e9g erd\u0151s lejt\u0151in hozza l\u00e9tre, \u00e9s 1873 \u00e9s 1883 k\u00f6z\u00f6tt megb\u00edzta a Pele\u0219-v\u00e1r \u00e9p\u00edt\u00e9s\u00e9t. Az \u00faj kir\u00e1lyi komplexum, amely k\u00e9s\u0151bb mag\u00e1ban foglalta a Peli\u0219or-v\u00e1rat, a Foi\u0219or-v\u00e1rat, valamint sz\u00e1mos mell\u00e9kvill\u00e1t \u00e9s kiszolg\u00e1l\u00f3 \u00e9p\u00fcletet, Sinai\u00e1t az uralkod\u00f3 kedvelt szezon\u00e1lis otthon\u00e1v\u00e1 alak\u00edtotta, \u00e9s vonzotta a nemess\u00e9get \u00e9s a polg\u00e1rs\u00e1got, akik a korona k\u00f6zels\u00e9g\u00e9re t\u00f6rekedtek.<\/p>\n<p>A v\u00e1ros elhelyezked\u00e9se a Bucsecs-hegys\u00e9g nyugati r\u00e9sz\u00e9n \u00e9s a keleti lank\u00e1s dombok k\u00f6z\u00f6tt hat\u00e1rozta meg \u00e9ghajlat\u00e1t. Sinaia meleg-ny\u00e1ri, p\u00e1r\u00e1s kontinent\u00e1lis \u00e9ghajlat\u00fa (K\u00f6ppen Dfb), \u00e9s a nyarak zuhog\u00f3 es\u0151vel kezd\u0151dnek, ahogy a hegyvid\u00e9ki emelked\u00e9s okozta viharok v\u00e9gigs\u00f6p\u00f6rnek a v\u00f6lgy\u00f6n. A h\u0151m\u00e9rs\u00e9klet m\u00e9g j\u00faliusban is kellemes marad, hossz\u00fa s\u00e9t\u00e1kra cs\u00e1b\u00edtva a feny\u0151illat\u00fa leveg\u0151ben. A telek m\u00e9rs\u00e9kelt h\u0171v\u00f6ssel \u00e9s b\u0151s\u00e9ges havaz\u00e1ssal \u00e9rkeznek. November k\u00f6zep\u00e9re \u00e1ltal\u00e1ban egyenletes h\u00f3r\u00e9teg bor\u00edtja a s\u00edterepet; magasabb tengerszint feletti magass\u00e1gokban a vastags\u00e1g ak\u00e1r h\u00e1rom m\u00e9ter is lehet, m\u00edg a v\u00f6lgytalajon \u00e1tlagosan 20 centim\u00e9ter k\u00f6r\u00fcli. Ezek a k\u00f6r\u00fclm\u00e9nyek t\u00f6rt\u00e9nelmileg lehet\u0151v\u00e9 tett\u00e9k a s\u00edel\u00e9st december elej\u00e9t\u0151l m\u00e1rciusig, de az ut\u00f3bbi \u00e9vekben a helyi megfigyel\u0151k \u00e9szrevett\u00e9k a glob\u00e1lis l\u00e9gk\u00f6ri felmeleged\u00e9s hat\u00e1s\u00e1t: a havas \u00e9vszakok ler\u00f6vid\u00fcltek, a csapad\u00e9keloszl\u00e1s pedig kisz\u00e1m\u00edthatatlanabb\u00e1 v\u00e1lt.<\/p>\n<p>A t\u00f6r\u00e9keny magaslati n\u00f6v\u00e9nyvil\u00e1g \u00e9s erd\u0151 v\u00e9delme polg\u00e1ri k\u00f6teless\u00e9gg\u00e9 v\u00e1lt. A v\u00e1roson \u00e9s k\u00f6zvetlen k\u00f6rnyezet\u00e9ben szigor\u00fa el\u0151\u00edr\u00e1sok tiltj\u00e1k minden fa kiv\u00e1g\u00e1s\u00e1t \u00e9s az alpesi n\u00f6v\u00e9nyek szed\u00e9s\u00e9t. A hegyi bazsar\u00f3zsa (Rhododendron kotschyi), a havasi gyop\u00e1r (Leontopodium alpinum) \u00e9s a s\u00e1rga t\u00e1rnics (Gentiana lutea) jogi mened\u00e9ket \u00e9lvez s\u00falyos b\u00fcntet\u00e9sek terhe mellett. A turist\u00e1k csak a kijel\u00f6lt z\u00f3n\u00e1kban verhetnek t\u00e1bort, ahol a k\u00f6rnyezetv\u00e9delmi el\u0151\u00edr\u00e1sok betartat\u00e1sa szigor\u00fa. Ezen int\u00e9zked\u00e9seken t\u00fal Sinaia a Bucsecs Term\u00e9szetv\u00e9delmi Park keleti oldal\u00e1n tal\u00e1lhat\u00f3, amely egy 326,63 n\u00e9gyzetkilom\u00e9teres v\u00e9dett ter\u00fclet, amelyb\u0151l 58,05 n\u00e9gyzetkilom\u00e9ter szigor\u00fa v\u00e9delem alatt \u00e1ll. Ezek az enkl\u00e1v\u00e9k olyan meredek cs\u00facsokat \u0151riznek, mint a V\u00e2rful cu Dor, a Furnica \u00e9s a Piatra Ars\u0103, \u00e9s a hegyi ment\u0151csapatok \u00e9s a hegyi rend\u0151rs\u00e9g folyamatos j\u00e1r\u0151r\u00f6z\u00e9se alatt \u00e1llnak.<\/p>\n<p>A t\u00e1gabb \u00f6kol\u00f3giai h\u00e1l\u00f3zat k\u00e9t kutat\u00f3\u00e1llom\u00e1st foglal mag\u00e1ban a Cump\u0103tu ker\u00fcletben. Cump\u0103tu bej\u00e1rata k\u00f6zel\u00e9ben tal\u00e1lhat\u00f3 a \u201eSinaiai \u00e9gerliget\u201d, egy botanikai rezerv\u00e1tum, amely a Rom\u00e1n Akad\u00e9mia \u00e9s a Bukaresti Biol\u00f3giai Int\u00e9zet \u00e9gisze alatt \u00e1ll. Tov\u00e1bbhaladva egy UNESCO \u00e1ltal v\u00e9dett \u00f6kol\u00f3giai k\u00f6zpont tal\u00e1lhat\u00f3, amelyet Jacques-Yves Cousteau alap\u00edtott \u00e9s a Bukaresti Egyetem fel\u00fcgyel, \u00e9s amely a Bucsecs-hegys\u00e9g \u00e1llatvil\u00e1g\u00e1t tanulm\u00e1nyozza. A komplexumban egy m\u00fazeum is tal\u00e1lhat\u00f3, amely a helyi vadvil\u00e1g \u00e9s az emberi jelenl\u00e9t k\u00f6lcs\u00f6nhat\u00e1sait mutatja be, tudom\u00e1nyos betekint\u00e9st ny\u00fajtva, amely elm\u00e9ly\u00edti a l\u00e1togat\u00f3k ismereteit az alpesi k\u00f6rnyezetr\u0151l a rekre\u00e1ci\u00f3s vonzer\u0151n t\u00fal.<\/p>\n<p>Sinaia szabadid\u0151s tev\u00e9kenys\u00e9gei messze t\u00falmutatnak a lejt\u0151k\u00f6n. A v\u00e1rosrendez\u0151k \u00e9s a kult\u00farafejleszt\u0151k alkott\u00e1k meg a Sinaia Forever \u2013 m\u00e1s n\u00e9ven \u0150szi Fesztiv\u00e1l \u2013 rendezv\u00e9nyt, hogy felid\u00e9zz\u00e9k az 1940-es \u00e9vekbeli v\u00e1ros hangulat\u00e1t, mik\u00f6zben kort\u00e1rs el\u0151ad\u00f3kat mutatnak be. A t\u00f6rt\u00e9nelmileg szeptember utols\u00f3 h\u00e9tv\u00e9g\u00e9j\u00e9n megrendezett esem\u00e9ny most szeptember elej\u00e9n bontakozik ki. H\u00e1rom nap alatt a motoros forgalom elt\u0171nik a k\u00f6zponti \u00fatvonalr\u00f3l, \u00e1tadva a j\u00e1rd\u00e1t a felvonul\u00e1soknak, az \u00e9tel\u00e1rusoknak \u00e9s a gyermekj\u00e1t\u00e9koknak. Elismert rom\u00e1n zen\u00e9szek koncertjei t\u00f6ltik meg a szabadt\u00e9ri sz\u00ednpadokat, mik\u00f6zben a v\u00e1roslak\u00f3k \u00e9s a nyaral\u00f3k kellemes t\u00e1rsas\u00e1gban gy\u0171lnek \u00f6ssze. A fesztiv\u00e1l hangs\u00falyozza a v\u00e1ros azon k\u00e9pess\u00e9g\u00e9t, hogy egyens\u00falyt teremtsen az \u00f6r\u00f6ks\u00e9g \u00e9s az innov\u00e1ci\u00f3 k\u00f6z\u00f6tt, meg\u00faj\u00edtsa a hagyom\u00e1nyokat an\u00e9lk\u00fcl, hogy puszta nosztalgi\u00e1hoz folyamodna.<\/p>\n<p>Ezt az \u00fcnnepi id\u0151szakot egy eml\u00e9km\u0171 eg\u00e9sz\u00edti ki, amely a nemzetk\u00f6zi szolidarit\u00e1sr\u00f3l sz\u00f3l. 2015-ben avatt\u00e1k fel a Szabads\u00e1g Sasai ter\u00e9t, hogy tisztelegjenek a m\u00e1sodik vil\u00e1gh\u00e1bor\u00faban Rom\u00e1ni\u00e1ban elesett 378 amerikai katona eml\u00e9ke el\u0151tt. A t\u00e9r sz\u00edv\u00e9ben az Amerikaiak K\u00f6nyve \u2013 egy m\u00e1rv\u00e1nyt\u00e1bla, amelyen az elesettek nevei szerepelnek \u2013 csendes elm\u00e9lked\u00e9st parancsol. Egy eml\u00e9kt\u00e1bla fogalmazza meg Rom\u00e1nia \u00e9s az Egyes\u00fclt \u00c1llamok k\u00f6z\u00f6tti t\u00f6rt\u00e9nelmi bar\u00e1ts\u00e1gi k\u00f6tel\u00e9keket. Olyan m\u00e9lt\u00f3s\u00e1gok, mint Sinaia polg\u00e1rmestere, az Egyes\u00fclt \u00c1llamok rom\u00e1niai v\u00e9delmi attas\u00e9ja \u00e9s a bukaresti holland nagyk\u00f6vet \u00fcnnep\u00e9lyes s\u00falyt k\u00f6lcs\u00f6n\u00f6ztek a leleplez\u00e9snek, meger\u0151s\u00edtve a t\u00e9r st\u00e1tusz\u00e1t, mint az eml\u00e9kez\u00e9s helysz\u00edne \u00e9s a k\u00f6z\u00f6s \u00e9rt\u00e9kek szimb\u00f3luma is.<\/p>\n<p>A v\u00e1ros demogr\u00e1fiai profilja a folytonoss\u00e1got \u00e9s a v\u00e1ltoz\u00e1st egyar\u00e1nt t\u00fckr\u00f6zi. A 2021-es n\u00e9psz\u00e1ml\u00e1l\u00e1s szerint a lakoss\u00e1g 83,2 sz\u00e1zal\u00e9k\u00e1t a rom\u00e1nok teszik ki, m\u00edg 15,62 sz\u00e1zal\u00e9kuk nem vallja be etnikai hovatartoz\u00e1s\u00e1t. Hit\u00e9leti k\u00e9rd\u00e9sekben a megk\u00e9rdezettek 79,84 sz\u00e1zal\u00e9ka ortodoxnak, 1,33 sz\u00e1zal\u00e9ka r\u00f3mai katolikusnak vallja mag\u00e1t, \u00e9s 16,96 sz\u00e1zal\u00e9kuk ism\u00e9t elz\u00e1rk\u00f3zik a v\u00e1laszad\u00e1st\u00f3l. Ezek az adatok az el\u0151z\u0151 n\u00e9psz\u00e1ml\u00e1l\u00e1shoz k\u00e9pest cs\u00f6kken\u00e9st jeleznek, ami olyan demogr\u00e1fiai v\u00e1ltoz\u00e1sokra utal, amelyek \u00f6sszef\u00fcgg\u00e9sben lehetnek a gazdas\u00e1gi lehet\u0151s\u00e9gekkel, a lakhat\u00e1si k\u00f6lts\u00e9gekkel \u00e9s a helyi munkaer\u0151piac szezon\u00e1lis jelleg\u00e9vel. A turizmushoz, az erd\u0151gazd\u00e1lkod\u00e1shoz \u00e9s a kultur\u00e1lis int\u00e9zm\u00e9nyekhez k\u00f6t\u0151d\u0151 csal\u00e1dok jelenl\u00e9te azonban biztos\u00edtotta, hogy a v\u00e1ros alapvet\u0151 identit\u00e1sa megmaradjon.<\/p>\n<p>Az \u00e9p\u00edt\u00e9szeti \u00f6r\u00f6ks\u00e9g tov\u00e1bbra is Sinaia fejl\u0151d\u00e9s\u00e9nek legl\u00e1tv\u00e1nyosabb bizony\u00edt\u00e9ka. Tizenegy nemzeti jelent\u0151s\u00e9g\u0171 eml\u00e9km\u0171 tark\u00edtja a v\u00e1rosk\u00e9pet. Ezek k\u00f6z\u00e9 tartozik a Sinaia Kaszin\u00f3, amelyet 1912 \u00e9s 1913 k\u00f6z\u00f6tt \u00e9p\u00edtettek k\u00e1rtyaj\u00e1t\u00e9kok \u00e9s koncertek megrendez\u00e9s\u00e9re; az 1911-es Caraiman Hotel, amelynek homlokzata a huszadik sz\u00e1zad eleji \u00fcd\u00fcl\u0151helyi eleganci\u00e1t id\u00e9zi; az Alina \u015etirbei villa (1875), amely ma a Sinaia p\u00e9nz\u00fcgyi negyed; \u00e9s az Emil Costinescu villa, amelynek eredeti, 1892-es \u00e9p\u00fclet\u00e9t 1918 \u00e9s 1939 k\u00f6z\u00f6tt b\u0151v\u00edtett\u00e9k. A Sinaia vas\u00fat\u00e1llom\u00e1s komplexuma mag\u00e1ban foglalja az 1870-es kir\u00e1lyi p\u00e1lyaudvart \u00e9s a k\u00e9t vil\u00e1gh\u00e1bor\u00fa k\u00f6z\u00f6tti (1930\u20131940) szem\u00e9lyp\u00e1lyaudvart, egy \u00e9p\u00edt\u00e9szeti palimpszesztet, amely a v\u00e1ros egym\u00e1st k\u00f6vet\u0151 n\u00f6veked\u00e9si pillanatait mes\u00e9li el. Nicolae Iorga t\u00f6rt\u00e9n\u00e9sz h\u00e1za (1918) a szellemi \u00f6r\u00f6ks\u00e9get \u0151rzi, m\u00edg a Hotel Furnica \u00e9s a Hotel Palace, amelyek mindkett\u0151 a 19. sz\u00e1zad v\u00e9g\u00e9r\u0151l \u00e9s a 20. sz\u00e1zad elej\u00e9r\u0151l sz\u00e1rmazik, a Belle \u00c9poque turizmus cs\u00facspontj\u00e1t \u0151rzik. A Take Ionescu-villa \u00e9s a George Enescu-h\u00e1z (1923\u20131926) tov\u00e1bb bizony\u00edtj\u00e1k a helysz\u00edn vonzerej\u00e9t a politikai \u00e9s kultur\u00e1lis h\u00edress\u00e9gek sz\u00e1m\u00e1ra. V\u00e9g\u00fcl a Sinaia-kolostor \u00e9s a Pele\u0219-v\u00e1r egy\u00fcttese \u2013 amely mag\u00e1ban foglalja a f\u0151v\u00e1rat, Peli\u0219ort, Foi\u0219ort, az Economat-vill\u00e1t, az er\u0151m\u0171vet (kor\u00e1bban a kolostor malma), a Casa Ceramiii-t, a Villa Cavalerilort, a Villa \u015eipotot \u00e9s a kast\u00e9lyparkban tal\u00e1lhat\u00f3 sz\u00e1mos m\u00e1s vill\u00e1t \u2013 alkotja a szellemi \u00e9s vil\u00e1gi tekint\u00e9ly kett\u0151s pill\u00e9r\u00e9t, amelyek meghat\u00e1rozt\u00e1k a v\u00e1rost.<\/p>\n<p>Ezeken a nemzeti kincseken k\u00edv\u00fcl Prahova megye nyilv\u00e1ntart\u00e1sa hatvanh\u00e1rom tov\u00e1bbi, helyi \u00e9rdek\u0171 vill\u00e1t \u00e9s h\u00e1zat sorol fel, valamint egy eml\u00e9kkeresztet, amely Badea C\u00e2r\u021ban s\u00edrj\u00e1t jel\u00f6li (1911). Ezek a kisebb nevezetess\u00e9gek, amelyek lak\u00f3utc\u00e1k \u00e9s erd\u0151s tiszt\u00e1sok k\u00f6z\u00f6tt sz\u00e9tsz\u00f3rva helyezkednek el, meger\u0151s\u00edtik azt az \u00e9rz\u00e9st, hogy Sinaia \u00f6r\u00f6ks\u00e9ge a mindennapi \u00e9let r\u00e9sz\u00e9v\u00e9 v\u00e1lik, \u00e9s nem korl\u00e1toz\u00f3dik n\u00e9h\u00e1ny grandi\u00f3zus \u00e9p\u00fcletre.<\/p>\n<p>Ebben a h\u00e1tt\u00e9rben a Sinaia V\u00e1rosi M\u00fazeum k\u00fcl\u00f6nleges helyet foglal el, mint a \u00fcd\u00fcl\u0151hely leg\u00fajabb kultur\u00e1lis l\u00e1tv\u00e1nyoss\u00e1ga. Az egykori \u015etirbey-kast\u00e9lyban \u2013 n\u00e9met romantikus st\u00edlus\u00fa \u00e9p\u00edt\u00e9szete egy megmaradt term\u00e9szeti park k\u00f6zep\u00e9n \u2013 tal\u00e1lhat\u00f3 m\u00fazeum felt\u00e1masztja az Alina \u015etirbey-birtok hangulat\u00e1t, amely egykor a csal\u00e1d birtok\u00e1nak egyik legh\u00edresebb birtoka volt. Egy kis t\u00f3, amelyet egykor egy d\u00edszes patak t\u00e1pl\u00e1lt, \u00e9s amelynek mozdulatlan vize t\u00fckr\u00f6zi a homlokzatot, a 19. sz\u00e1zad v\u00e9gi hegyi mened\u00e9khely hangulat\u00e1t id\u00e9zi. A k\u00f6zelben tal\u00e1lhat\u00f3 a Stirbey csal\u00e1d \u00e1ltal megrendelt \u00e9s Gheorghe Tattarescu \u00e1ltal festett k\u00e1polna, amely a hit \u00e9s a m\u0171v\u00e9szet metsz\u00e9spontj\u00e1t hangs\u00falyozza, amely \u00e1thatja a r\u00e9gi\u00f3t.<\/p>\n<p>Sinaia t\u00f6rt\u00e9nelme sor\u00e1n kett\u0151s impulzust igyekezett egyens\u00falyozni: szent\u00e9lyk\u00e9nt szolg\u00e1lni a kontempl\u00e1ci\u00f3 sz\u00e1m\u00e1ra, \u00e9s k\u00f6zpontk\u00e9nt a t\u00e1rsas\u00e1gi \u00f6sszej\u00f6vetelek sz\u00e1m\u00e1ra. A kolostor z\u00e1rt nyugalm\u00e1t kir\u00e1lyi pompa v\u00e1ltotta fel; a divatos k\u00fclf\u00f6ldi l\u00e1togat\u00f3k \u00e1tadt\u00e1k hely\u00fcket az akad\u00e9miai kutat\u00f3knak; az \u00e9vszakos fesztiv\u00e1lok a t\u00f6rt\u00e9nelmi eml\u00e9keket a kort\u00e1rs gyakorlattal \u00f6tv\u00f6zt\u00e9k. Az \u00f6nkorm\u00e1nyzat term\u00e9szeti er\u0151forr\u00e1sainak gondos kezel\u00e9se \u2013 amely a n\u00f6v\u00e9nyvil\u00e1g szigor\u00fa v\u00e9delm\u00e9ben, a magaslati j\u00e1r\u0151r\u00f6z\u00e9s fenntart\u00e1s\u00e1ban \u00e9s a turisztikai infrastrukt\u00fara kezel\u00e9s\u00e9ben nyilv\u00e1nul meg \u2013 arra t\u00f6rekedett, hogy a gazdas\u00e1gi vitalit\u00e1s ne menjen a k\u00f6rnyezeti integrit\u00e1s rov\u00e1s\u00e1ra.<\/p>\n<p>A f\u00f6ldrajz, az \u00e9ghajlat \u00e9s az emberi tev\u00e9kenys\u00e9g k\u00f6lcs\u00f6nhat\u00e1sa tov\u00e1bbra is form\u00e1lja a v\u00e1ros fejl\u0151d\u00e9si p\u00e1ly\u00e1j\u00e1t. Az orsz\u00e1gutak kisz\u00e9les\u00edt\u00e9se \u00e9s a vas\u00fati szolg\u00e1ltat\u00e1sok b\u0151v\u00fcl\u00e9se a belf\u00f6ldi \u00e9s k\u00fclf\u00f6ldi vend\u00e9gek sz\u00e1m\u00e1ra is k\u00f6nnyebben megk\u00f6zel\u00edthet\u0151v\u00e9 tette Sinai\u00e1t, m\u00edg a v\u00e1ros tengerszint feletti magass\u00e1ga \u00e9s sz\u00e9less\u00e9gi foka miatt a nyarak m\u00e9rs\u00e9kelt, a telek pedig megb\u00edzhat\u00f3an havasak, m\u00e9g akkor is, ha az \u00e9ghajlatv\u00e1ltoz\u00e1s alkalmazkod\u00e1sra k\u00e9nyszer\u00edti a helyi hat\u00f3s\u00e1gokat. A csapad\u00e9k szezonalit\u00e1sa, a ny\u00e1r elej\u00e9n lehull\u00f3 heves es\u0151z\u00e9ssel \u00e9s a novembert\u0151l \u00e1prilisig tart\u00f3 tart\u00f3s h\u00f3takar\u00f3val, meghat\u00e1rozta a k\u00f6z\u00e9let ritmus\u00e1t, \u00e9s befoly\u00e1solta a nedvess\u00e9g \u00e9s a hideg ellen v\u00e9d\u0151 \u00e9p\u00edt\u00e9szeti form\u00e1kat.<\/p>\n<p>A v\u00e1ros 2011 \u00f3ta tart\u00f3 demogr\u00e1fiai cs\u00f6kken\u00e9se a hegyvid\u00e9ki \u00fcd\u00fcl\u0151helyekre jellemz\u0151 kih\u00edv\u00e1sokra utal: magas meg\u00e9lhet\u00e9si k\u00f6lts\u00e9gek, a turisztikai szektoron k\u00edv\u00fcli korl\u00e1tozott eg\u00e9sz \u00e9ves foglalkoztat\u00e1s \u00e9s a v\u00e1rosi k\u00f6zpontok vonzereje. A kutat\u00f3int\u00e9zetek, kultur\u00e1lis szervezetek \u00e9s term\u00e9szetv\u00e9delmi kezdem\u00e9nyez\u00e9sek tart\u00f3s jelenl\u00e9te azonban a helyi gazdas\u00e1g diverzifik\u00e1ci\u00f3j\u00e1ra utal. A botanikai rezerv\u00e1tum \u00e9s az UNESCO \u00e1ltal jegyzett k\u00f6zpont tud\u00f3sokat \u00e9s di\u00e1kokat vonz; a V\u00e1rosi M\u00fazeum hozz\u00e1j\u00e1rul a kultur\u00e1lis turizmushoz; a fesztiv\u00e1lok \u00e9s eml\u00e9khelyek a s\u00edszezonon k\u00edv\u00fcl is vonzz\u00e1k a t\u00f6megeket.<\/p>\n<p>A Bucsecs-cs\u00facsok \u00e1rny\u00e9k\u00e1ban Sinaia egy olyan identit\u00e1st alak\u00edtott ki, amely se nem statikus, se nem puszt\u00e1n performansz jelleg\u0171. Kolostori eredete, kir\u00e1lyi \u00f6r\u00f6ks\u00e9ge \u00e9s a meg\u0151rz\u00e9s \u00e9s a kutat\u00e1s ir\u00e1nti kort\u00e1rs elk\u00f6telezetts\u00e9ge egy olyan k\u00f6z\u00f6ss\u00e9gben egyes\u00fcl, amely mind a hagyom\u00e1nyokat, mind az innov\u00e1ci\u00f3t \u00e9rt\u00e9keli. A n\u00e9pess\u00e9g hirtelen cs\u00f6kken\u00e9se az el\u0151z\u0151 n\u00e9psz\u00e1ml\u00e1l\u00e1s \u00f3ta arra eml\u00e9keztet, hogy a term\u00e9szeti sz\u00e9ps\u00e9g \u00e9s a t\u00f6rt\u00e9nelmi nagys\u00e1g \u00f6nmag\u00e1ban nem garant\u00e1lhatja a stabilit\u00e1st. A k\u00f6lts\u00e9gvet\u00e9si k\u00f6r\u00fcltekint\u00e9snek, a k\u00f6rnyezetv\u00e9delemnek \u00e9s a kultur\u00e1lis programoknak harm\u00f3ni\u00e1ban kell m\u0171k\u00f6dni\u00fck, ha Sinaia \u00e9l\u0151 v\u00e1ros, \u00e9s nem m\u00fazeumi darab akar maradni.<\/p>\n<p>\u00dcd\u00fcl\u0151v\u00e1rosk\u00e9nt Sinaia nemzetk\u00f6zi h\u00edrnevet szerzett \u00e9p\u00edt\u00e9szeti egy\u00fctteseinek, term\u00e9szetv\u00e9delmi parkj\u00e1nak, fesztiv\u00e1ljainak \u00e9s t\u00e9li sportl\u00e9tes\u00edtm\u00e9nyeinek k\u00f6sz\u00f6nhet\u0151en. Igazi karaktere azonban abban a k\u00e9nyes egyens\u00falyban mutatkozik meg, amelyet fenntart: az odaad\u00e1s \u00e9s a szabadid\u0151, a term\u00e9szetv\u00e9delem \u00e9s a fejleszt\u00e9s, az eml\u00e9kez\u00e9s \u00e9s a meg\u00fajul\u00e1s k\u00f6z\u00f6tt. A Szabads\u00e1g Sasai t\u00e9r m\u00e1rv\u00e1nylapjait\u00f3l a v\u00e9dett hegyi p\u00fcnk\u00f6sdi r\u00f3zsa szirmaiig a v\u00e1ros minden eleme a t\u00f6r\u00e9kenys\u00e9g tudatoss\u00e1g\u00e1t \u00e9s a kitart\u00e1s ir\u00e1nti elsz\u00e1nts\u00e1got testes\u00edti meg. Ebben a fesz\u00fclts\u00e9gben rejlik Sinaia l\u00e9nyege \u2013 egy olyan hely, ahol a t\u00f6rt\u00e9nelmet nem csup\u00e1n megeml\u00e9kezik, hanem folyamatosan \u00fajra\u00e9rtelmezik a k\u00f6rnyezet \u00e9s a t\u00e1rsadalom v\u00e1ltoz\u00f3 kont\u00farjaira reag\u00e1lva.<\/p>\n<p>Kolostorszer\u0171 k\u00f6veivel \u00e9s rokok\u00f3 tornyaival, es\u0151 \u00e1ztatta nyaraival \u00e9s h\u00f3f\u00f6dte teleivel Sinaia egyszerre szent\u00e9ly \u00e9s sz\u00ednpad, h\u00edvogatva azokat, akik odamer\u00e9szkednek, hogy tan\u00fai legyenek annak, hogyan tudja egy k\u00f6z\u00f6ss\u00e9g a k\u0151 \u00e1lland\u00f3s\u00e1g\u00e1ban \u00e9s az \u00e9vszakok v\u00e1ltoz\u00e1s\u00e1ban lehorgonyozni \u00f6nmag\u00e1t. Term\u00e9szeti \u00f6r\u00f6ks\u00e9g\u00e9nek meg\u0151rz\u00e9s\u00e9vel, m\u00faltj\u00e1nak tiszteletben tart\u00e1s\u00e1val \u00e9s a tudom\u00e1nyos \u00e9s kultur\u00e1lis csere fel\u00e9 val\u00f3 nyit\u00e1ssal a v\u00e1ros a betekint\u00e9s \u00e9s a meg\u00fajul\u00e1s egy olyan ciklus\u00e1t \u00f6r\u00f6k\u00edti meg, amely messze t\u00falmutat a k\u00f6zvetlen v\u00f6lgy\u00e9n. Ahogy a Bucsecs-hegys\u00e9g \u0151rzi a Prahova foly\u00f3 medr\u00e9t, \u00fagy \u0151rzi Sinaia, Munt\u00e9nia f\u00f6ldrajz\u00e1ba belesz\u0151ve, az emberi t\u00f6rekv\u00e9sek \u00e9s a hely parancsolatainak finom k\u00f6lcs\u00f6nhat\u00e1s\u00e1t.<\/p>","protected":false},"excerpt":{"rendered":"<p>Sinaia egy fest\u0151i falu \u00e9s hegyi \u00fcd\u00fcl\u0151hely Rom\u00e1ni\u00e1ban, Prahova megy\u00e9ben, mintegy 9000 lakossal. K\u00f6r\u00fclbel\u00fcl 65 kilom\u00e9terre \u00e9szaknyugatra Ploie\u0219ti-t\u00f3l \u00e9s 48 kilom\u00e9terre d\u00e9lre Brass\u00f3t\u00f3l, ez a b\u00e1jos helysz\u00edn Munt\u00e9nia t\u00f6rt\u00e9nelmi r\u00e9gi\u00f3j\u00e1nak r\u00e9sze. A 767-860 m\u00e9teres tengerszint feletti magass\u00e1gban elhelyezked\u0151 v\u00e1ros egyedi f\u00f6ldrajzi adotts\u00e1gai miatt a Prahova foly\u00f3 medenc\u00e9je ment\u00e9n fekv\u0151 hegyvid\u00e9ki ter\u00fcleten fekszik, k\u00f6zvetlen\u00fcl a csod\u00e1latos Bucsecs-hegys\u00e9gt\u0151l keletre.<\/p>","protected":false},"author":1,"featured_media":17586,"parent":11908,"menu_order":0,"comment_status":"closed","ping_status":"closed","template":"elementor_theme","meta":{"_eb_attr":"","footnotes":""},"class_list":["post-17071","page","type-page","status-publish","has-post-thumbnail"],"_links":{"self":[{"href":"https:\/\/travelshelper.com\/hu\/wp-json\/wp\/v2\/pages\/17071","targetHints":{"allow":["GET"]}}],"collection":[{"href":"https:\/\/travelshelper.com\/hu\/wp-json\/wp\/v2\/pages"}],"about":[{"href":"https:\/\/travelshelper.com\/hu\/wp-json\/wp\/v2\/types\/page"}],"author":[{"embeddable":true,"href":"https:\/\/travelshelper.com\/hu\/wp-json\/wp\/v2\/users\/1"}],"replies":[{"embeddable":true,"href":"https:\/\/travelshelper.com\/hu\/wp-json\/wp\/v2\/comments?post=17071"}],"version-history":[{"count":0,"href":"https:\/\/travelshelper.com\/hu\/wp-json\/wp\/v2\/pages\/17071\/revisions"}],"up":[{"embeddable":true,"href":"https:\/\/travelshelper.com\/hu\/wp-json\/wp\/v2\/pages\/11908"}],"wp:featuredmedia":[{"embeddable":true,"href":"https:\/\/travelshelper.com\/hu\/wp-json\/wp\/v2\/media\/17586"}],"wp:attachment":[{"href":"https:\/\/travelshelper.com\/hu\/wp-json\/wp\/v2\/media?parent=17071"}],"curies":[{"name":"wp","href":"https:\/\/api.w.org\/{rel}","templated":true}]}}