{"id":17047,"date":"2024-09-25T13:00:33","date_gmt":"2024-09-25T13:00:33","guid":{"rendered":"https:\/\/travelshelper.com\/staging\/?page_id=17047"},"modified":"2026-03-12T20:59:37","modified_gmt":"2026-03-12T20:59:37","slug":"kalimanesti","status":"publish","type":"page","link":"https:\/\/travelshelper.com\/hu\/destinations\/europe\/romania\/calimanesti\/","title":{"rendered":"K\u0103lim\u0103ne\u0219ti"},"content":{"rendered":"<p>C\u0103lim\u0103ne\u0219ti-C\u0103ciulata egy 7348 lakos\u00fa (2021-es n\u00e9psz\u00e1ml\u00e1l\u00e1s) kis f\u00fcrd\u0151v\u00e1ros Rom\u00e1nia d\u00e9li r\u00e9sz\u00e9n, V\u00e2lcea megy\u00e9ben. A megye \u00e9szaki r\u00e9sz\u00e9t az Olt foly\u00f3 mindk\u00e9t partja ment\u00e9n, a D\u00e9li-K\u00e1rp\u00e1tok als\u00f3 lejt\u0151in \u00f6leli fel. Az Olt foly\u00f3 v\u00f6lgy\u00e9nek d\u00e9li v\u00e9g\u00e9n fekv\u0151 telep\u00fcl\u00e9s egy t\u00f6rt\u00e9nelmi tranzitfolyos\u00f3t foglal el Olt\u00e9nia s\u00edks\u00e1ga \u00e9s Erd\u00e9ly magaslatai k\u00f6z\u00f6tt, v\u00e1rosi l\u00e1bnyoma C\u0103ciulata gy\u00f3gyforr\u00e1sait\u00f3l Cozia \u0151si ter\u00fclet\u00e9ig terjed.<\/p>\n<p>C\u0103lim\u0103ne\u0219ti eredete m\u00e9lyen az \u00f3korban ny\u00falik vissza, ahol a d\u00e1k p\u00e1sztorok el\u0151sz\u00f6r ismert\u00e9k fel term\u00e1lviz\u00e9nek gy\u00f3gy\u00edt\u00f3 erej\u00e9t. A helys\u00e9g legkor\u00e1bbi dokument\u00e1lt fejezete a k\u00e9s\u0151 r\u00f3mai korb\u00f3l sz\u00e1rmazik, amikor Kr. u. 138-ban a cs\u00e1sz\u00e1ri l\u00e9gi\u00f3k megalap\u00edtott\u00e1k az Arutela er\u0151d\u00f6t Bivolariban \u2013 Arutela az Olt r\u00f3mai elnevez\u00e9se. Ez az er\u0151d\u00edtm\u00e9ny egy vir\u00e1gz\u00f3 vid\u00e9ki telep\u00fcl\u00e9st alap\u00edtott, amely t\u00fckr\u00f6zte a foly\u00f3 vonalait \u00e9s a bennsz\u00fcl\u00f6tt hagyom\u00e1ny szerint a szent d\u00e1k Kogaionon-hegy (a mai Cozia-hegy) meredek oldal\u00e1t. Ahogy a birodalmi hat\u00e1r felbomlott, ez a telep\u00fcl\u00e9s fennmaradt, amelyet a n\u00e9pv\u00e1ndorl\u00e1si hull\u00e1mok, a fejedelems\u00e9gek felemelked\u00e9se \u00e9s buk\u00e1sa, valamint forr\u00e1sainak tart\u00f3s vonzereje form\u00e1lt.<\/p>\n<p>1388-ban id\u0151sebb Mircea vajda felszentelte a C\u0103lim\u0103ne\u0219ti sz\u00edv\u00e9ben fekv\u0151 Cozia kolostort, m\u00e1jus 20-\u00e1t jel\u00f6lve meg a k\u00f6z\u00f6ss\u00e9g alap\u00edt\u00e1s\u00e1nak d\u00e1tumak\u00e9nt. Mircea adom\u00e1nya, amelyet boj\u00e1rja, Nan Udob\u0103 egykori birtok\u00e1n emeltek, t\u00f6bbet jelzett, mint puszt\u00e1n a vall\u00e1soss\u00e1got: a helyet az ol\u00e1h \u00e1llamis\u00e1g kialakul\u00f3ban l\u00e9v\u0151 sz\u00f6vet\u00e9be sz\u0151tte. Az egym\u00e1st k\u00f6vet\u0151 uralkod\u00f3k \u2013 k\u00f6zt\u00fck Matei Basarab \u2013 alatt a kolostor dinasztikus mauz\u00f3leumm\u00e1 \u00e9s a h\u00edv\u0151k tal\u00e1lkoz\u00f3hely\u00e9v\u00e9 is v\u00e1lt. A legend\u00e1k szerint maga Mircea is az alap\u00edtv\u00e1nya melletti k\u00e9nsavas v\u00edzben keresett enyh\u00fcl\u00e9st; \u00e9vsz\u00e1zadokkal k\u00e9s\u0151bb ut\u00f3dj\u00e1nak k\u00eds\u00e9rete is k\u00f6vette a p\u00e9ld\u00e1j\u00e1t.<\/p>\n<p>A Cozia k\u00f6r\u00e9 \u00e9p\u00fclt k\u00f6z\u00e9pkori falu csup\u00e1n egyike volt annak az \u00f6t vid\u00e9ki telep\u00fcl\u00e9snek, amelyeket ma a v\u00e1ros igazgat: C\u0103ciulata mellett ott \u00e1ll Jiblea Nou\u0103, Jiblea Veche, Seaca \u00e9s P\u0103u\u0219a. Ezek k\u00f6z\u00fcl C\u0103ciulata a \u00fcd\u00fcl\u0151hely magj\u00e1v\u00e1 n\u0151tte ki mag\u00e1t, amelyet a term\u00e1lforr\u00e1sok b\u0151s\u00e9ge \u00e9s Cozia szent helyeihez val\u00f3 k\u00f6zels\u00e9g vonzott. A 19. sz\u00e1zad k\u00f6zep\u00e9re C\u0103lim\u0103ne\u0219ti megker\u00fclte a szok\u00e1sos telep\u00fcl\u00e9sb\u0151l v\u00e1ross\u00e1 v\u00e1l\u00e1si folyamatot, \u00e9s k\u00f6zvetlen\u00fcl \u00fcd\u00fcl\u0151helyi rangot kapott \u2013 ami a vizek h\u00edrnev\u00e9nek bizony\u00edt\u00e9ka. Amikor Dr. Carol Davila P\u00e1rizsban magasztalta az 1. sz\u00e1m\u00fa forr\u00e1st III. Nap\u00f3leon cs\u00e1sz\u00e1rnak, a cs\u00e1sz\u00e1ri fut\u00e1r palackozott \u00e1sv\u00e1nyvizet vitt a Tuileri\u00e1kba. Ferenc J\u00f3zsef viszont ig\u00e9nybe vette a forr\u00e1s gy\u00f3gyf\u00fcrd\u0151i kezel\u00e9seit.<\/p>\n<p>A 20. sz\u00e1zad folyam\u00e1n a C\u0103ciulata l\u00e1b\u00e1n\u00e1l sz\u00e1llod\u00e1k, szanat\u00f3riumok \u00e9s egy pavilon st\u00edlus\u00fa K\u00f6zponti Hotel sorakozott fel, amelyek mindegyike k\u00fcls\u0151 \u00e9s bels\u0151 gy\u00f3gyf\u00fcrd\u0151kre egyar\u00e1nt alkalmas volt. Sv\u00e1jci st\u00edlus\u00fa vill\u00e1k \u00e9s kaszin\u00f3k d\u00edsz\u00edtett\u00e9k egykor az Olt egyetlen sz\u00e1razf\u00f6ldi sziget\u00e9t, Ostrovot, ahol a foly\u00f3parti popic\u0103rie (tekep\u00e1lya) \u00e9s a foly\u00f3parti sz\u00ednpad adta a helyi \u00fcnneps\u00e9gek keret\u00e9t. M\u00e9g a sziget Neagoe Basarab \u00e1ltal alap\u00edtott remetelakja is \u0151si feny\u0151k k\u00f6z\u00f6tt fogadta a l\u00e1togat\u00f3kat. Az 1970-es \u00e9vekben v\u00e9gzett hidrotechnikai munk\u00e1latok emelt\u00e9k a sziget arculat\u00e1t, de kiv\u00e1gt\u00e1k tiszteletrem\u00e9lt\u00f3 erd\u0151j\u00e9t; a kaszin\u00f3 romoss\u00e1 v\u00e1lt, \u00e9s a hely\u00fckre telep\u00edtett n\u00f6v\u00e9nyek a mai napig nem nyert\u00e9k vissza az eredeti liget pomp\u00e1j\u00e1t.<\/p>\n<p>C\u0103lim\u0103ne\u0219ti n\u00e9pess\u00e9g\u00e9nek alakul\u00e1sa sz\u00e9lesebb t\u00e1rsadalmi \u00e1ramlatokat t\u00fckr\u00f6z. Az 1930-as n\u00e9psz\u00e1ml\u00e1l\u00e1s 2876 lakost regisztr\u00e1lt; 1956-ra ez a sz\u00e1m megdupl\u00e1z\u00f3dott 6651-re, a h\u00e1bor\u00fa ut\u00e1ni fejl\u0151d\u00e9snek k\u00f6sz\u00f6nhet\u0151en. A sz\u00e1zad k\u00f6zep\u00e9n bek\u00f6vetkezett ugr\u00e1sszer\u0171 n\u00f6veked\u00e9s 1977-re 8095-re, a posztkommunista cs\u00facsra pedig 1992-re 9131 f\u0151re n\u00f6velte a n\u00e9pess\u00e9get. Az\u00f3ta a v\u00e1ros lakoss\u00e1ga zsugorodott: 2002-ben 8923, 2011-ben 7622, \u200b\u200b2021-ben pedig 7348 f\u0151vel. Etnikailag a lakoss\u00e1g 82,5 sz\u00e1zal\u00e9k\u00e1t a rom\u00e1nok, mintegy 5,4 sz\u00e1zal\u00e9k\u00e1t a rom\u00e1k, 12,0 sz\u00e1zal\u00e9kuk pedig be nem jelentett vall\u00e1s\u00fa; vall\u00e1silag 86,3 sz\u00e1zal\u00e9kuk ortodox, 12,9 sz\u00e1zal\u00e9kuk pedig meghat\u00e1rozatlan vall\u00e1s\u00fa.<\/p>\n<p>A hit \u00e9s a birodalom r\u00e9teges nyomai \u00e1thatj\u00e1k C\u0103lim\u0103ne\u0219ti k\u00f6rny\u00e9k\u00e9t. Az Arutela r\u00f3mai er\u0151d t\u00f6red\u00e9kes k\u0151maradv\u00e1nyokban maradt fenn Bivolariban, amelynek t\u00e1borhelye a modern Cozia v\u00edzer\u0151m\u0171 mellett tal\u00e1lhat\u00f3. El\u0151tte d\u00e1k \u00e9s r\u00f3mai h\u00edv\u0151k kapaszkodtak fel Cozia magaslatai fel\u00e9; az erd\u0151s hegys\u00e9gben fekszik a St\u0103ni\u0219oara kolostor, mintegy hat kilom\u00e9terre a v\u00e1rost\u00f3l, \u00e9s a Turnu kolostor, amely dr\u00e1mai magaslatokon rejt\u0151zik. Szent J\u00e1nos remetes\u00e9ge \u2013 \u201eA szikla alatti templom\u201d \u2013 egy p\u00e1rk\u00e1ny perem\u00e9n \u00e1ll, m\u00edg az Osztrov remetes\u00e9ge Havasalf\u00f6ld legr\u00e9gebbi ap\u00e1cakolostora. Cozia oldal\u00e1n egy szikl\u00e1s hegyfok, amelyet Traianus asztal\u00e1nak neveznek, a cs\u00e1sz\u00e1r d\u00e1k hadj\u00e1rata idej\u00e9n t\u00f6lt\u00f6tt bivakj\u00e1nak t\u00f6rt\u00e9net\u00e9t \u0151rzi \u2013 \u00e9s ez ihlette Dimitrie Bolintineanu verseit.<\/p>\n<p>Term\u00e9szetes \u00e9l\u0151l\u00e9nyek b\u0151ven akadnak. A Lotri\u0219or-v\u00edzes\u00e9s alig hat kilom\u00e9terre keletre egy keskeny szakad\u00e9kba zuhan. Az Urzicii vagy Gardului-v\u00edzes\u00e9s tizenh\u00e9t m\u00e9tert zuhan a P\u0103u\u0219a-patak egyik mell\u00e9kfoly\u00f3ja ment\u00e9n. Ezeken t\u00fal a Cozia Nemzeti Park mintegy 17 000 hekt\u00e1rnyi d\u00e9li-k\u00e1rp\u00e1ti erd\u0151t foglal mag\u00e1ban \u2013 b\u00fckk, jegenyefeny\u0151, lucfeny\u0151 \u00e9s t\u00f6lgyfa erdeje szinteken ereszkedik le az Oltig, ahol tulip\u00e1nok, az endemikus Cozia r\u00f3zsa (Centaurea stoebe coziensis) \u00e9s m\u00e1s alpesi-balk\u00e1ni fajok vir\u00e1goznak. Magaslat\u00e1n k\u00e1rp\u00e1ti barna medv\u00e9k, farkasok, hi\u00fazok, vadmacsk\u00e1k, szarvasok \u00e9s k\u0151sz\u00e1li kecsk\u00e9k barangolnak; a naps\u00fct\u00f6tte szikl\u00e1kon k\u00f6z\u00f6ns\u00e9ges \u00e9s szarvas viper\u00e1k s\u00fctk\u00e9reznek.<\/p>\n<p>A kultur\u00e1lis nagys\u00e1gok C\u0103lim\u0103ne\u0219ti \u00e1rny\u00e9k\u00e1ban pihentek meg. 1882 szeptember\u00e9ben Mihai Eminescu sir\u00e1nkozott Cozia bazilik\u00e1j\u00e1nak \u00e9s kolostor\u00e1nak \u2013 \u201eegy majdnem az orsz\u00e1ggal egyid\u0151s t\u00f6rt\u00e9nelmi eml\u00e9km\u0171nek\u201d \u2013 a pusztul\u00e1s\u00e1n, a Timpulban pedig arr\u00f3l sz\u00e1molt be, hogy Havasalf\u00f6ld legnagyobb vajd\u00e1j\u00e1nak nyughely\u00e9t \u201eb\u00f6rt\u00f6nn\u00e9\u201d alak\u00edtott\u00e1k \u00e1t. 1909 tel\u00e9n Octavian Goga C\u0103ciulat\u00e1ban telelt, \u00e9s a \u201eP\u0103m\u00e2ntul ne cheam\u0103\u201d c\u00edm\u0171 k\u00f6tet\u00e9t k\u00e9sz\u00edtette, mik\u00f6zben a fagyos Oltot b\u00e1multa.<\/p>\n<p>A \u00fcd\u00fcl\u0151hely t\u00e1rsadalmi sz\u00f6vete egykor C\u0103ciulata di\u00e1kt\u00e1boraiban pezsgett, ahol iskol\u00e1s gyerekek gener\u00e1ci\u00f3i gy\u0171ltek \u00f6ssze, miel\u0151tt t\u00far\u00e1zni indultak volna Turnuba, St\u0103ni\u0219oar\u00e1ba, a Szent J\u00e1nos-remet\u00e9be vagy a Cozia-hegyre. T\u00e1ncol\u00f3 teraszok \u00e9l\u00e9nk est\u00e9ket teremtettek a hegyi csillagok alatt \u2013 az eml\u00e9kek m\u00e1ra halv\u00e1nyulnak, ahogy sok villa elcsendesedik.<\/p>\n<p>C\u0103lim\u0103ne\u0219ti f\u0151 ipar\u00e1ga ma is a gy\u00f3gyf\u00fcrd\u0151i turizmus, amelynek l\u00e9tes\u00edtm\u00e9nyei fel\u00faj\u00edt\u00e1sra v\u00e1rnak az \u00faj beruh\u00e1z\u00e1sok keret\u00e9ben. A v\u00e1ros 1899-ben \u00e9p\u00fclt vas\u00fat\u00e1llom\u00e1sa m\u00e9g akkor is meg\u0151rzi t\u00f6rt\u00e9nelmi homlokzat\u00e1t, amikor modern vas\u00fati kocsik \u00e1llnak meg a peronj\u00e1n. Az AE Baconschi V\u00e1rosi K\u00f6nyvt\u00e1r, amely egykor kaszin\u00f3 volt az Ostrov-szigeten, Rom\u00e1nia t\u00f6rt\u00e9nelmi eml\u00e9km\u0171vei k\u00f6z\u00f6tt szerepel, eml\u00e9keztetve arra, hogy a kikapcsol\u00f3d\u00e1s \u00e9s a pihen\u00e9s itt r\u00e9g\u00f3ta \u00f6sszefon\u00f3dik.<\/p>\n<p>Egy utaz\u00f3 sz\u00e1m\u00e1ra, aki a DN7-es \u00faton \u00e9rkezik \u2013 Rom\u00e1nia m\u00e1sodik legforgalmasabb \u00fatj\u00e1n, amely az ol\u00e1h s\u00edks\u00e1got k\u00f6ti Erd\u00e9llyel, majd onnan K\u00f6z\u00e9p-Eur\u00f3p\u00e1val \u2013, a v\u00e1ros a geol\u00f3gia, a t\u00f6rt\u00e9nelem \u00e9s az \u00e1h\u00edtat gy\u00f6ny\u00f6rk\u00f6dtet\u0151 l\u00e1tv\u00e1nya. Term\u00e1lforr\u00e1sai, melyeket \u00e9vezredek alatt v\u00e1jt ki a f\u00f6ldalatti h\u0151; kolostori alapjai, melyeket k\u00f6z\u00e9pkori vajd\u00e1k szenteltek fel; r\u00f3mai falai, melyeket az id\u0151k k\u00edm\u00e9letlen\u00fcl megviseltek; erd\u0151s parkjai, melyekben \u0151shonos n\u00f6v\u00e9ny- \u00e9s \u00e1llatvil\u00e1g \u00e9l: mind az Olt csendes sodr\u00e1sa ment\u00e9n futnak \u00f6ssze. Itt, a hegyvid\u00e9ki szikl\u00e1k \u00e9s a foly\u00f3k kanyarulatai k\u00f6z\u00f6tt, a l\u00e1togat\u00f3 meg\u00e9rezheti a hely r\u00e9tegzett folytonoss\u00e1g\u00e1t: egy olyan folytonoss\u00e1got, amely m\u00e9g a lakoss\u00e1g \u00e9s a rendeltet\u00e9s v\u00e1ltoz\u00e1sai ellen\u00e9re is azokhoz a forr\u00e1sokhoz k\u00f6t\u0151dik, amelyek el\u0151sz\u00f6r vonzott\u00e1k a p\u00e1sztorokat \u00e9s a szenteket egyar\u00e1nt.<\/p>\n<p>A 21. sz\u00e1zadban C\u0103lim\u0103ne\u0219ti-C\u0103ciulata a meg\u0151rz\u00e9s \u00e9s a meg\u00fajul\u00e1s keresztez\u0151d\u00e9s\u00e9ben \u00e1ll. Romos szanat\u00f3riumai \u00e9s csendes kaszin\u00f3i fel\u00faj\u00edt\u00e1sra v\u00e1rnak; ligetei \u00e9s remetelakai v\u00e9dett gondoz\u00e1st \u00e9rdemelnek; vizei ugyanazt a tudom\u00e1nyos alaposs\u00e1got ig\u00e9nylik, amely el\u0151sz\u00f6r felkeltette a d\u00e1k k\u00edv\u00e1ncsis\u00e1got. Mik\u00f6zben a v\u00e1ros \u00faj mec\u00e9n\u00e1sokat keres gy\u00f3gyf\u00fcrd\u0151i \u00f6r\u00f6ks\u00e9g\u00e9nek, a kih\u00edv\u00e1s az, hogy egyens\u00falyt teremtsen a kereskedelem \u00e9s a gondoss\u00e1g k\u00f6z\u00f6tt, tiszteletben tartsa a gy\u00f3gy\u00edt\u00f3 hagyom\u00e1nyokat an\u00e9lk\u00fcl, hogy l\u00e1tv\u00e1nyoss\u00e1gg\u00e1 reduk\u00e1ln\u00e1 azokat, \u00e9s meg\u0151rizze a hely csendes m\u00e9lys\u00e9g\u00e9t, amely Cozia minden k\u00f6v\u00e9ben, minden patakj\u00e1ban \u00e9s minden l\u00e9legzetv\u00e9telben visszhangzik a K\u00e1rp\u00e1tok l\u00e1b\u00e1n\u00e1l. Ez\u00e1ltal C\u0103lim\u0103ne\u0219ti fenntarthatja \u00e9vsz\u00e1zados sz\u00f6vets\u00e9g\u00e9t a kult\u00fara \u00e9s a gy\u00f3gy\u00edt\u00e1s k\u00f6z\u00f6tt, biztos\u00edtva, hogy t\u00f6rt\u00e9nete \u00e9l\u0151 eml\u00e9km\u0171k\u00e9nt \u00e9s \u00e9l\u0151 gy\u00f3gyf\u00fcrd\u0151k\u00e9nt is fennmaradjon.<\/p>","protected":false},"excerpt":{"rendered":"<p>C\u0103lim\u0103ne\u0219ti, m\u00e1s n\u00e9ven C\u0103lim\u0103ne\u0219ti-C\u0103ciulata egy fest\u0151i v\u00e1ros Rom\u00e1nia d\u00e9li r\u00e9sz\u00e9n, nevezetesen V\u00e2lcea megy\u00e9ben. Ez az Olt\u00e9nia t\u00f6rt\u00e9nelmi \u00f6vezet\u00e9ben elhelyezked\u0151 kis v\u00e1ros a megye \u00e9szaki v\u00e9g\u00e9ben tal\u00e1lhat\u00f3. A 2021-es n\u00e9psz\u00e1ml\u00e1l\u00e1skor 7348 f\u0151vel C\u0103lim\u0103ne\u0219ti kis cs\u00f6kken\u00e9st mutat az elm\u00falt \u00e9vekhez k\u00e9pest. A v\u00e1ros t\u00f6rt\u00e9nelm\u00e9t \u00e9s fejl\u0151d\u00e9s\u00e9t nagyban befoly\u00e1solta a szokatlan elhelyezked\u00e9se az Olt foly\u00f3 v\u00f6lgy\u00e9nek d\u00e9li v\u00e9g\u00e1llom\u00e1s\u00e1n, a D\u00e9li-K\u00e1rp\u00e1tok mellett, valamint az Olt\u00e9ni\u00e1t Erd\u00e9llyel \u00f6sszek\u00f6t\u0151 r\u00e9gi \u00fat ment\u00e9n.<\/p>","protected":false},"author":1,"featured_media":17584,"parent":11908,"menu_order":0,"comment_status":"closed","ping_status":"closed","template":"elementor_theme","meta":{"_eb_attr":"","footnotes":""},"class_list":["post-17047","page","type-page","status-publish","has-post-thumbnail"],"_links":{"self":[{"href":"https:\/\/travelshelper.com\/hu\/wp-json\/wp\/v2\/pages\/17047","targetHints":{"allow":["GET"]}}],"collection":[{"href":"https:\/\/travelshelper.com\/hu\/wp-json\/wp\/v2\/pages"}],"about":[{"href":"https:\/\/travelshelper.com\/hu\/wp-json\/wp\/v2\/types\/page"}],"author":[{"embeddable":true,"href":"https:\/\/travelshelper.com\/hu\/wp-json\/wp\/v2\/users\/1"}],"replies":[{"embeddable":true,"href":"https:\/\/travelshelper.com\/hu\/wp-json\/wp\/v2\/comments?post=17047"}],"version-history":[{"count":0,"href":"https:\/\/travelshelper.com\/hu\/wp-json\/wp\/v2\/pages\/17047\/revisions"}],"up":[{"embeddable":true,"href":"https:\/\/travelshelper.com\/hu\/wp-json\/wp\/v2\/pages\/11908"}],"wp:featuredmedia":[{"embeddable":true,"href":"https:\/\/travelshelper.com\/hu\/wp-json\/wp\/v2\/media\/17584"}],"wp:attachment":[{"href":"https:\/\/travelshelper.com\/hu\/wp-json\/wp\/v2\/media?parent=17047"}],"curies":[{"name":"wp","href":"https:\/\/api.w.org\/{rel}","templated":true}]}}