{"id":17035,"date":"2024-09-25T12:28:10","date_gmt":"2024-09-25T12:28:10","guid":{"rendered":"https:\/\/travelshelper.com\/staging\/?page_id=17035"},"modified":"2026-03-12T21:02:12","modified_gmt":"2026-03-12T21:02:12","slug":"tusnadfurdo","status":"publish","type":"page","link":"https:\/\/travelshelper.com\/hu\/destinations\/europe\/romania\/baile-tusnad\/","title":{"rendered":"Tusn\u00e1df\u00fcrd\u0151"},"content":{"rendered":"<p>Tusn\u00e1df\u00fcrd\u0151 hegy \u00e9s v\u00f6lgy tal\u00e1lkoz\u00e1s\u00e1n\u00e1l fekszik, l\u00e9tez\u00e9s\u00e9t az \u00e1sv\u00e1nyokban gazdag forr\u00e1sok kitart\u00f3 foly\u00e1sa \u00e9s az erd\u00e9lyi t\u00f6rt\u00e9nelem r\u00e9teges vonulata alak\u00edtja. 2021-ben 1372 f\u0151s lakoss\u00e1g\u00e1val Rom\u00e1nia legkisebb lakos\u00fa v\u00e1rosak\u00e9nt tartj\u00e1k sz\u00e1mon, m\u00e9gis rezonanci\u00e1ja messze meghaladja demogr\u00e1fiai l\u00e1bnyom\u00e1t. A Cs\u00edki-medence d\u00e9li r\u00e9sz\u00e9n, 650 m\u00e9teres tengerszint feletti magass\u00e1gban fekv\u0151 telep\u00fcl\u00e9s a Hargita \u00e9s a Bodok hegys\u00e9g k\u00f6z\u00f6tt ter\u00fcl el, \u00e1t\u00f6lelve az Olt foly\u00f3 kanyarg\u00f3s medr\u00e9t. A k\u00f6zeli K\u00e1rpit falut is mag\u00e1ba foglal\u00f3 Tusn\u00e1df\u00fcrd\u0151 nemcsak f\u00f6ldrajzi egys\u00e9gk\u00e9nt, hanem a f\u00fcrd\u0151hagyom\u00e1ny, a geol\u00f3giai csoda \u00e9s a kultur\u00e1lis folytonoss\u00e1g \u00e9l\u0151 let\u00e9tem\u00e9nyesek\u00e9nt is megmutatkozik.<\/p>\n<p>Tusn\u00e1df\u00fcrd\u0151 \u00e1sv\u00e1nykincseinek k\u00f6rvonalai fokozatosan ker\u00fcltek ki a helyi eml\u00e9kezetb\u0151l a hivatalos elismer\u00e9sbe a tizenkilencedik sz\u00e1zad elej\u00e9n. \u00cdr\u00e1sos feljegyz\u00e9sek m\u00e1r a tizennyolcadik sz\u00e1zadban is eml\u00edtik a tusn\u00e1df\u00fcrd\u0151i forr\u00e1svizeket, m\u00e9gis 1842-ben v\u00e1lt legend\u00e1v\u00e1 a sz\u00f3besz\u00e9d, amikor egy p\u00e1sztorfi \u00e1ll\u00edt\u00f3lag enyh\u00fcl\u00e9st tal\u00e1lt makacs ki\u00fct\u00e9seire, miut\u00e1n megm\u00e1rt\u00f3zott az egyik forr\u00e1sban. Az ilyen, a sz\u00e9kely n\u00e9p nyelv\u00e9n elmes\u00e9lt t\u00f6rt\u00e9netek keltett\u00e9k fel el\u0151sz\u00f6r a helyi k\u00edv\u00e1ncsis\u00e1got a szervezett t\u00f6rekv\u00e9s fel\u00e9. 1845-re megalakult egy v\u00e1llalat azzal a kifejezett c\u00e9llal, hogy h\u00e9t k\u00fcl\u00f6nb\u00f6z\u0151 forr\u00e1st hasznos\u00edtsanak, amelyek sz\u00e9nsavas, f\u00f6ldalatti folyamatok \u00e1ltal karboniz\u00e1lt pezsg\u0151 vize n\u00e1trium, bikarbon\u00e1t, kl\u00f3r \u00e9s nyomokban vastartalm\u00fa elemek komplex k\u00e9miai \u00f6sszet\u00e9tel\u00e9t tartalmazta. Ez a korai hidroter\u00e1pi\u00e1s befektet\u00e9s tudom\u00e1nyos megk\u00f6zel\u00edt\u00e9st felt\u00e9telezett, de nem volt immunis a politika g\u00f6rcseire. Az 1848\u20131849-es forradalmak alatti csetepat\u00e9k romhalmazz\u00e1 tett\u00e9k az \u00fajonnan \u00e9p\u00fcl\u0151 f\u00fcrd\u0151helyet, de Ferenc J\u00f3zsef cs\u00e1sz\u00e1r egy 1852-es l\u00e1togat\u00e1s sor\u00e1n szem\u00e9lyesen rendelte el \u00fajj\u00e1\u00e9p\u00edt\u00e9s\u00e9t, meger\u0151s\u00edtve ezzel a cs\u00e1sz\u00e1ri enged\u00e9lyt erre a sz\u00fclet\u0151 f\u00fcrd\u0151v\u00e1rosra.<\/p>\n<p>Az 1860-at k\u00f6vet\u0151 \u00e9vtizedben Tusn\u00e1df\u00fcrd\u0151 felgyors\u00edtotta modern identit\u00e1s\u00e1nak kialakul\u00e1s\u00e1t. A Mikes-forr\u00e1s, mely nev\u00e9t gr\u00f3f Mikes Benedekr\u0151l \u2013 a f\u00fcrd\u0151bizotts\u00e1g eln\u00f6k\u00e9r\u0151l \u2013 kapta, volt az els\u0151, amelyen k\u00e9miai elemz\u00e9st v\u00e9geztek, melyet maga Mikes finansz\u00edrozott. Ez a pillanat jelentette az \u00e1tmenetet a n\u00e9pi b\u00f6lcsess\u00e9gr\u0151l a laborat\u00f3riumi vizsg\u00e1latokra, \u00edgy Tusn\u00e1d \u00e1sv\u00e1nyvizei empirikus m\u00e9r\u00e9seken alapul\u00f3 h\u00edrn\u00e9vre tettek szert. A Kuklai B\u00e9la \u00e1ltal tervezett, k\u00e9s\u0151bb egyszer\u0171en \u201eSf\u00e2nta Ana\u201d n\u00e9ven ismert Stef\u00e1nia Orvosi K\u00f6zpont 1890-es megnyit\u00e1sa int\u00e9zm\u00e9nyes\u00edtette a ter\u00e1pi\u00e1s gyakorlatot. Itt a betegek sz\u00edv- \u00e9s \u00e9rrendszeri rendelleness\u00e9geket, idegrendszeri zavarokat, em\u00e9szt\u00e9si panaszokat \u00e9s endokrin rendelleness\u00e9geket kezeltek, mindezt sz\u00e9nsavas f\u00fcrd\u0151k, galv\u00e1n- \u00e9s paraffinter\u00e1pi\u00e1k, manu\u00e1lis reflexmassz\u00e1zs \u00e9s c\u00e9lzott \u00e1sv\u00e1nyv\u00edz-fogyaszt\u00e1s seg\u00edts\u00e9g\u00e9vel.<\/p>\n<p>Az 1900-ban meg\u00e9p\u00edtett mesters\u00e9ges Csuk\u00e1s-t\u00f3 \u00faj elemet hozott a v\u00e1rosk\u00e9pbe, amelyet k\u00e9s\u0151bb a Szent Anna-t\u00f3 term\u00e9szeti csod\u00e1ja elhom\u00e1lyos\u00edtott. Egy 950 m\u00e9teres tengerszint feletti magass\u00e1gban, mind\u00f6ssze k\u00e9t kilom\u00e9terre d\u00e9lkeletre fekv\u0151 vulk\u00e1ni kr\u00e1terben kialakult, smaragdz\u00f6ld t\u00f3 egyed\u00fcl\u00e1ll\u00f3 Rom\u00e1ni\u00e1ban. Kialakul\u00e1sa \u2013 a magmakamr\u00e1b\u00f3l a v\u00edzzel teli medenc\u00e9v\u00e9 \u2013 geol\u00f3giai jellegzetess\u00e9ggel ruh\u00e1zza fel a t\u00e1jat, vonzza a l\u00e1togat\u00f3kat mind a t\u00fckr\u00f6z\u0151d\u0151 felsz\u00edn\u00e9vel, mind a szomsz\u00e9dos Tinovul Mohosban, egy term\u00e9szetv\u00e9delmi ter\u00fclett\u00e9 nyilv\u00e1n\u00edtott t\u0151zegmoha-gazdag t\u0151zegl\u00e1pon meg\u0151rz\u00f6tt ritka n\u00f6v\u00e9nyk\u00f6z\u00f6ss\u00e9gekkel.<\/p>\n<p>A tizenkilencedik sz\u00e1zad v\u00e9ge \u00e9s a huszadik sz\u00e1zad eleje sor\u00e1n Tusn\u00e1df\u00fcrd\u0151 identit\u00e1sa \u00f6sszefon\u00f3dott a v\u00e1ltoz\u00f3 politikai f\u00f6ldrajzi adotts\u00e1gokkal. A t\u00f6rt\u00e9nelmi Erd\u00e9ly Sz\u00e9kelyf\u00f6ldj\u00e9n fekv\u0151 telep\u00fcl\u00e9s a Magyar Kir\u00e1lys\u00e1g Cs\u00edksz\u00e9ki j\u00e1r\u00e1s\u00e1nak r\u00e9sze volt, am\u00edg az 1876-os k\u00f6zigazgat\u00e1si reformok Cs\u00edk megy\u00e9hez nem helyezt\u00e9k. Az els\u0151 vil\u00e1gh\u00e1bor\u00fa, \u00e9s k\u00fcl\u00f6n\u00f6sen Erd\u00e9ly 1918 decemberi Rom\u00e1ni\u00e1val val\u00f3 egyes\u00fcl\u00e9se ut\u00e1n a k\u00f6zigazgat\u00e1si hatalom Bukarestbe ker\u00fclt. Az 1918\u20131919-es magyar\u2013rom\u00e1n konfliktus meger\u0151s\u00edtette a rom\u00e1n korm\u00e1nyz\u00e1st, \u00e9s az 1920-as trianoni b\u00e9keszerz\u0151d\u00e9s ratifik\u00e1lta ezeket a v\u00e1ltoz\u00e1sokat, Tusn\u00e1df\u00fcrd\u0151t a k\u00e9t vil\u00e1gh\u00e1bor\u00fa k\u00f6z\u00f6tti id\u0151szakban Cs\u00edk megy\u00e9hez sorolva. Az 1940-es m\u00e1sodik b\u00e9csi d\u00f6nt\u00e9s megford\u00edtotta ezt a tendenci\u00e1t, \u00c9szak-Erd\u00e9lyt 1944 v\u00e9g\u00e9ig magyar k\u00f6zigazgat\u00e1s al\u00e1 helyezve, amikor az el\u0151renyomul\u00f3 rom\u00e1n \u00e9s szovjet er\u0151k felszabad\u00edtott\u00e1k a ter\u00fcletet. A szovjet katonai k\u00f6zigazgat\u00e1s 1945. m\u00e1rcius 9-ig fennmaradt, ezt k\u00f6vet\u0151en a v\u00e1ros ism\u00e9t rom\u00e1n fennhat\u00f3s\u00e1g al\u00e1 ker\u00fclt. A h\u00e1bor\u00fa ut\u00e1ni \u00e1tszervez\u00e9s sor\u00e1n Tusn\u00e1df\u00fcrd\u0151 1952 \u00e9s 1960 k\u00f6z\u00f6tt a Magyar Auton\u00f3m Ter\u00fclet, majd 1968-as feloszlat\u00e1s\u00e1ig a Maros-Magyar Auton\u00f3m Ter\u00fclet r\u00e9sze volt. Az\u00f3ta a v\u00e1ros Hargita megye r\u00e9szek\u00e9nt m\u0171k\u00f6dik.<\/p>\n<p>Az elm\u00falt \u00e9vtizedek demogr\u00e1fiai v\u00e1ltoz\u00e1sai a vid\u00e9ki n\u00e9pess\u00e9gfogy\u00e1s \u00e9s az etnikai folytonoss\u00e1g sz\u00e9lesebb k\u00f6r\u0171 mint\u00e1zatait t\u00fckr\u00f6zik. A 2011-es n\u00e9psz\u00e1ml\u00e1l\u00e1s 1617 lakost regisztr\u00e1lt, akiknek 90,3%-a sz\u00e9kely magyar volt, mellett\u00fck rom\u00e1n (6,9%) \u00e9s roma (2,6%) k\u00f6z\u00f6ss\u00e9gek \u00e9ltek. 2021-re a lakoss\u00e1g sz\u00e1ma 1372 f\u0151re cs\u00f6kkent, de az etnikai \u00f6sszet\u00e9tel tov\u00e1bbra is t\u00falnyom\u00f3r\u00e9szt magyar. A felekezeti profil tov\u00e1bb hangs\u00falyozza a t\u00f6rt\u00e9nelmi hovatartoz\u00e1st: a h\u00edv\u0151k h\u00e1romnegyed\u00e9t r\u00f3mai katolikusok, a fennmarad\u00f3 r\u00e9szt ortodoxok, reform\u00e1tusok, Jehova Tan\u00fai \u00e9s m\u00e1s felekezet\u0171ek alkotj\u00e1k, m\u00edg a lakosok egy r\u00e9sze \u00fagy d\u00f6nt\u00f6tt, hogy nem vallja mag\u00e1t vall\u00e1si identit\u00e1s\u00e1nak.<\/p>\n<p>Ezzel a demogr\u00e1fiai adotts\u00e1gokkal szemben a f\u00fcrd\u0151v\u00e1ros tov\u00e1bbra is \u00e9rv\u00e9nyes\u00edti term\u00e9szeti \u00e9s kultur\u00e1lis vonzerej\u00e9t. A l\u00e1togat\u00f3k ter\u00e1pi\u00e1s javallatai sz\u00e1mos \u00e1llapotot fel\u00f6lelnek, nevezetesen a sz\u00edv- \u00e9s \u00e9rrendszeri betegs\u00e9geket \u2013 infarktus ut\u00e1ni fel\u00e9p\u00fcl\u00e9st, magas v\u00e9rnyom\u00e1st \u00e9s billenty\u0171zavarokat \u2013, valamint a neurovegetat\u00edv szindr\u00f3m\u00e1kat, kr\u00f3nikus em\u00e9szt\u00e9si zavarokat \u00e9s enyhe endokrin egyens\u00falyhi\u00e1nyokat, p\u00e9ld\u00e1ul a pajzsmirigy-t\u00falm\u0171k\u00f6d\u00e9st. A kezel\u00e9sek olyan m\u00f3dszereken kereszt\u00fcl zajlanak, amelyek \u00f6tv\u00f6zik a hidroter\u00e1pi\u00e1t \u2013 sz\u00e9nsavas, vasas \u00e9s hipot\u00f3ni\u00e1s v\u00edzben, 7 \u00e9s 14 Celsius-fok k\u00f6z\u00f6tti h\u0151m\u00e9rs\u00e9kleten \u2013 elektromos \u00e1rammal, magnetoter\u00e1pi\u00e1val, paraffinalkalmaz\u00e1sokkal, gy\u00f3gyn\u00f6v\u00e9nyes inf\u00fazi\u00f3kkal \u00e9s manu\u00e1lis reflexol\u00f3gi\u00e1val. A szubalpin \u00e9ghajlat, amelyet az \u00e1tlagos \u00e9ves h\u0151m\u00e9rs\u00e9klet 8 Celsius-fok, az id\u0151szakosan hideg telek, a korl\u00e1tozott felh\u0151takar\u00f3 \u00e9s a gyant\u00e1s aeroszolokkal \u00e9s negat\u00edv ionokkal d\u00fas\u00edtott leveg\u0151 jellemez, kieg\u00e9sz\u00edti ezeket a beavatkoz\u00e1sokat, toniz\u00e1l\u00f3 biokl\u00edm\u00e1t k\u00edn\u00e1lva, amelyet a v\u00e1ros a fizikai \u00e9s szellemi megfiatalod\u00e1st el\u0151seg\u00edt\u0151k\u00e9nt hirdet.<\/p>\n<p>A ter\u00e1pi\u00e1s infrastrukt\u00far\u00e1n t\u00fal a k\u00f6rnyez\u0151 t\u00e1j sz\u00e1mos l\u00e1tnival\u00f3nak ad otthont, amelyek b\u0151v\u00edtik a l\u00e1togat\u00f3i \u00e9lm\u00e9nyt. A 701 m\u00e9teres magass\u00e1gban tal\u00e1lhat\u00f3 Apor-torony panor\u00e1m\u00e1s kil\u00e1t\u00e1st ny\u00fajt; el\u0151sz\u00f6r 1883-ban emelt\u00e9k, majd 2008-ban apr\u00f3l\u00e9kosan fel\u00faj\u00edtott\u00e1k, a tizenkilencedik sz\u00e1zadi romantika \u00e9s a kort\u00e1rs term\u00e9szetv\u00e9delem bizony\u00edt\u00e9kak\u00e9nt szolg\u00e1l. A k\u00f6zelben tal\u00e1lhat\u00f3 S\u00f3lyomszikla a r\u00e9gi\u00f3 mad\u00e1rtani gazdags\u00e1g\u00e1r\u00f3l tan\u00faskodik, m\u00edg a Szent Anna-t\u00f3 vulkanikus medenc\u00e9je tov\u00e1bbra is a term\u00e9szeti csod\u00e1k korona\u00e9kszere. A Moha-l\u00e1p-t\u00f3, vagy Tinovul Mohos, ritka ed\u00e9nyes n\u00f6v\u00e9nyeket \u00e9s t\u0151zegmohafajokat \u0151riz, puha buck\u00e1i \u00f3vatos felfedez\u00e9sre cs\u00e1b\u00edtanak a s\u00e9t\u00e1nyokon. Harminc-negyven kilom\u00e9teres k\u00f6rzetben n\u00e9prajzi \u00e9s vall\u00e1si helysz\u00ednek tal\u00e1lhat\u00f3k: a cs\u00edkszeredai Mik\u00f3-er\u0151d n\u00e9prajzi m\u00fazeumnak ad otthont; a cs\u00edksomly\u00f3i ferences kolostor Erd\u00e9ly egyik kev\u00e9s g\u00f3tikus orgon\u00e1j\u00e1t \u0151rzi; a mad\u00e9falvi sz\u00e9kely eml\u00e9km\u0171 a helyi \u00f6r\u00f6ks\u00e9gnek \u00e1ll\u00edt eml\u00e9ket; Sz\u00e9kelyudvarhely egy tizenhatodik sz\u00e1zadi er\u0151d romjait k\u00edn\u00e1lja; Sepsiszentgy\u00f6rgy reform\u00e1tus templom\u00e1ban g\u00f3tikus \u00e9p\u00edt\u00e9szetet mutat be, a nemzeti m\u0171v\u00e9szeti \u00e9s n\u00e9prajzi m\u00fazeum pedig a l\u00e1togat\u00f3k rendelkez\u00e9s\u00e9re \u00e1ll.<\/p>\n<p>A kultur\u00e1lis napt\u00e1r folkl\u00f3rfesztiv\u00e1lokkal \u00e9s felvonul\u00e1sokkal tark\u00edtja az \u00e9vszakok ritmus\u00e1t. Minden j\u00faniusban a B\u00e1lv\u00e1nyosi Dal-, T\u00e1nc- \u00e9s N\u00e9pviseleti Fesztiv\u00e1l feleleven\u00edti a hagyom\u00e1nyos koreogr\u00e1fi\u00e1t \u00e9s viseletet, m\u00edg j\u00faliusban a Csern\u00e1ton k\u00f6zs\u00e9gben tal\u00e1lhat\u00f3 Ica er\u0151dben megrendezett Folkl\u00f3rfesztiv\u00e1lt tartj\u00e1k. Decemberben a csern\u00e1ton rendezett \u00e1larcos felvonul\u00e1s a kereszt\u00e9nys\u00e9g el\u0151tti szok\u00e1sokat id\u00e9zi fel bonyolult viseletekkel \u00e9s ritu\u00e1lis el\u0151ad\u00e1sokkal. A k\u00e9zm\u0171ves hagyom\u00e1nyok fennmaradtak a korund \u00e9kszereket, k\u00e9k \u00e9s z\u00f6ld vir\u00e1gmot\u00edvumokkal festett ker\u00e1mi\u00e1kat \u00e9s fonott t\u00e1rgyakat k\u00e9sz\u00edt\u0151 m\u0171helyekben, amelyek mindegyike a r\u00e9gi\u00f3 k\u00e9zm\u0171ves hagyom\u00e1nyait t\u00fckr\u00f6zi.<\/p>\n<p>A gasztron\u00f3miai k\u00edn\u00e1lat a magyar \u00e9s a rom\u00e1n kulin\u00e1ris szok\u00e1sok \u00f6sszefon\u00f3d\u00e1s\u00e1t t\u00fckr\u00f6zi. A k\u00f6m\u00e9nyleves g\u0151z\u00f6l\u00f6gve, k\u00f6m\u00e9nyes melegs\u00e9ggel \u00e9rkezik, ezt k\u00f6veti a paprik\u00e1s \u00e9s a guly\u00e1s, amelyben f\u00fcst\u00f6lt paprika \u00e9s lassan p\u00e1rolt h\u00fas tal\u00e1lhat\u00f3. A muszaka \u00e9s a pog\u00e1csa tark\u00edtja az asztalt, m\u00edg a k\u00fcrt\u0151skal\u00e1cs \u2013 a par\u00e1zson karamelliz\u00e1lt t\u00e9sztahengerek \u2013 van\u00edlia \u00e9s fah\u00e9j illat\u00e1t \u00e1rasztj\u00e1k. A tejf\u00f6l\u00f6s \u00e9s t\u00f6lt\u00f6tt gomb\u00e1s feh\u00e9rk\u00e1poszta leves a hegyi legel\u0151k k\u00f6z\u00f6tt el\u0151\u00e1ll\u00edtott helyi term\u00e9keket illusztr\u00e1lja.<\/p>\n<p>Tusn\u00e1df\u00fcrd\u0151 megk\u00f6zel\u00edt\u00e9se tov\u00e1bbra is egyszer\u0171, ak\u00e1r k\u00f6z\u00faton, ak\u00e1r vas\u00faton. A DN 12-es aut\u00f3p\u00e1lya Brass\u00f3t\u00f3l Sepsiszentgy\u00f6rgy\u00f6n \u00e1t Cs\u00edkszered\u00e1ig \u00e9s tov\u00e1bb vezet, Brass\u00f3t\u00f3l 67 kilom\u00e9teres, Sepsiszentgy\u00f6rgyt\u0151l 37 kilom\u00e9teres, Cs\u00edkszered\u00e1t\u00f3l pedig 32 kilom\u00e9teres utat k\u00edn\u00e1lva. Egy B\u00e1k\u00f3b\u00f3l Kom\u00e1nfalv\u00e1n \u00e1t vezet\u0151 mell\u00e9k\u00fat Cs\u00edkszered\u00e1n\u00e1l csatlakozik a DN 12A aut\u00f3p\u00e1ly\u00e1hoz. A f\u0151 vas\u00fatvonal Bukarestet k\u00f6ti \u00f6ssze Nagyb\u00e1ny\u00e1val, a j\u00e1ratok Tusn\u00e1df\u00fcrd\u0151 \u00e1llom\u00e1son \u00e1llnak meg, b\u00e1r a menetrend gyakoris\u00e1ga t\u00fckr\u00f6zi a v\u00e1ros szer\u00e9ny m\u00e9ret\u00e9t.<\/p>\n<p>Tusn\u00e1df\u00fcrd\u0151 t\u00f6rt\u00e9nete elv\u00e1laszthatatlan azoknak az \u00e9let\u00e9t\u0151l, akik int\u00e9zm\u00e9nyeit form\u00e1lt\u00e1k. Iosif Blaga (1864\u20131937) eln\u00f6kk\u00e9nt vezette a F\u00fcrd\u0151egyes\u00fcletet, ir\u00e1ny\u00edtva a korai fejleszt\u00e9seket, Mihai \u015eerban (1877\u20131947) pedig megalap\u00edtotta a v\u00e1ros els\u0151 rom\u00e1n ortodox templom\u00e1t, kiterjesztve a sz\u00e9kely-magyar hagyom\u00e1nyokban gy\u00f6kerez\u0151 k\u00f6z\u00f6ss\u00e9g kultur\u00e1lis \u00e9s spiritu\u00e1lis dimenzi\u00f3it. Hagyat\u00e9kuk a ma is \u00e1ll\u00f3 \u00e9p\u00fcletekben, valamint az istentisztelet \u00e9s a wellness ritu\u00e1l\u00e9iban \u00e9l tov\u00e1bb, amelyek ma is meghat\u00e1rozz\u00e1k a mindennapi \u00e9letet.<\/p>\n<p>\u00d6sszefoglalva, Tusn\u00e1df\u00fcrd\u0151 t\u00f6bbet k\u00edn\u00e1l, mint egy kikapcsol\u00f3d\u00e1sra vagy gy\u00f3gyul\u00e1sra alkalmas mened\u00e9ket; koherens k\u00e9pet fest az ember k\u00f6rnyezettel, tudom\u00e1nnyal \u00e9s hagyom\u00e1nyokkal val\u00f3 kapcsolat\u00e1r\u00f3l. A n\u00e9pess\u00e9gi adatok, az etnikai ar\u00e1nyok \u00e9s a vall\u00e1si hovatartoz\u00e1s egy stabil \u00e9s fejl\u0151d\u0151 k\u00f6z\u00f6ss\u00e9get illusztr\u00e1lnak. A vulkanikus domborzat \u00e1ltal k\u00f6r\u00fcl\u00f6lelt \u00e1sv\u00e1nyv\u00edzforr\u00e1sok alapvet\u0151 alapot biztos\u00edtanak azokhoz a ter\u00e1pi\u00e1khoz, amelyek az empirikus elemz\u00e9st \u00e9vsz\u00e1zados gyakorlattal \u00f6tv\u00f6zik. A tengerszint feletti magass\u00e1g \u00e9s az erd\u0151bor\u00edt\u00e1s \u00e1ltal t\u00f6k\u00e9letesen hangolt biokl\u00edma fokozza a fizikai fel\u00e9p\u00fcl\u00e9st, mik\u00f6zben elm\u00e9lked\u00e9sre is cs\u00e1b\u00edt. A k\u00f6rnyez\u0151 tornyok, tavak \u00e9s szurdokok kiterjesztik a narrat\u00edv\u00e1t a term\u00e9szetrajz ter\u00fclet\u00e9re, m\u00edg a fesztiv\u00e1lok, a k\u00e9zm\u0171vess\u00e9g \u00e9s a kulin\u00e1ris ritu\u00e1l\u00e9k fenntartj\u00e1k a kultur\u00e1lis folytonoss\u00e1got. A politikai \u00e1trendez\u0151d\u00e9sek \u2013 Habsburg-rendeletek, huszadik sz\u00e1zadi szerz\u0151d\u00e9sek, auton\u00f3m r\u00e9gi\u00f3k \u00e9s modern megy\u00e9k \u2013 tart\u00f3s sorozata a tekint\u00e9ly \u00e9s az identit\u00e1s palimpszesztj\u00e9vel ruh\u00e1zza fel a v\u00e1rosk\u00e9pet. M\u00e9gis, minden \u00e1talakul\u00e1s sor\u00e1n a v\u00edz \u00e1raml\u00e1sa \u00e1lland\u00f3 marad, egy sz\u00e1l, amely a p\u00e1sztorok mes\u00e9it a laborat\u00f3riumi jelent\u00e9sekhez, a cs\u00e1sz\u00e1ri rendeleteket a kort\u00e1rs wellness protokollokhoz k\u00f6ti. Ebben az \u00e1lland\u00f3s\u00e1gban, amely \u00e1thatja a m\u00e9szk\u00f6vet \u00e9s az emberi eml\u00e9kezetet, t\u00e1rul fel Tusn\u00e1df\u00fcrd\u0151 l\u00e9nyegi jellege: egy olyan hely, ahol a f\u00f6ld finom k\u00e9mi\u00e1ja \u00e9s a tudatos gondoskod\u00e1s tal\u00e1lkozik, \u00e9s minden l\u00e1togat\u00f3t arra h\u00edv, hogy vegyen r\u00e9szt a term\u00e9szet, a t\u00f6rt\u00e9nelem \u00e9s az eg\u00e9szs\u00e9g k\u00f6z\u00f6tti p\u00e1rbesz\u00e9dben.<\/p>","protected":false},"excerpt":{"rendered":"<p>Tusn\u00e1df\u00fcrd\u0151, egy fest\u0151i sz\u00e9ps\u00e9g\u0171 v\u00e1ros Rom\u00e1nia kelet-erd\u00e9lyi r\u00e9gi\u00f3j\u00e1ban, 2021-ben 1372 lakossal b\u00fcszk\u00e9lkedhet, ezzel az orsz\u00e1g legkisebb v\u00e1rosa lakoss\u00e1ga. A Hargita \u00e9s a Bodoc hegyek k\u00f6z\u00f6tt, az Olt foly\u00f3 v\u00f6lgy\u00e9ben, a Cs\u00edki-m\u00e9lys\u00e9g d\u00e9li r\u00e9szein 650 m\u00e9ter magasan fekv\u0151 kisv\u00e1ros igaz\u00e1n kedves.<\/p>","protected":false},"author":1,"featured_media":17485,"parent":11908,"menu_order":0,"comment_status":"closed","ping_status":"closed","template":"elementor_theme","meta":{"_eb_attr":"","footnotes":""},"class_list":["post-17035","page","type-page","status-publish","has-post-thumbnail"],"_links":{"self":[{"href":"https:\/\/travelshelper.com\/hu\/wp-json\/wp\/v2\/pages\/17035","targetHints":{"allow":["GET"]}}],"collection":[{"href":"https:\/\/travelshelper.com\/hu\/wp-json\/wp\/v2\/pages"}],"about":[{"href":"https:\/\/travelshelper.com\/hu\/wp-json\/wp\/v2\/types\/page"}],"author":[{"embeddable":true,"href":"https:\/\/travelshelper.com\/hu\/wp-json\/wp\/v2\/users\/1"}],"replies":[{"embeddable":true,"href":"https:\/\/travelshelper.com\/hu\/wp-json\/wp\/v2\/comments?post=17035"}],"version-history":[{"count":0,"href":"https:\/\/travelshelper.com\/hu\/wp-json\/wp\/v2\/pages\/17035\/revisions"}],"up":[{"embeddable":true,"href":"https:\/\/travelshelper.com\/hu\/wp-json\/wp\/v2\/pages\/11908"}],"wp:featuredmedia":[{"embeddable":true,"href":"https:\/\/travelshelper.com\/hu\/wp-json\/wp\/v2\/media\/17485"}],"wp:attachment":[{"href":"https:\/\/travelshelper.com\/hu\/wp-json\/wp\/v2\/media?parent=17035"}],"curies":[{"name":"wp","href":"https:\/\/api.w.org\/{rel}","templated":true}]}}