{"id":17029,"date":"2024-09-25T12:20:47","date_gmt":"2024-09-25T12:20:47","guid":{"rendered":"https:\/\/travelshelper.com\/staging\/?page_id=17029"},"modified":"2026-03-12T21:02:17","modified_gmt":"2026-03-12T21:02:17","slug":"herkulesfurdo","status":"publish","type":"page","link":"https:\/\/travelshelper.com\/hu\/destinations\/europe\/romania\/baile-herculane\/","title":{"rendered":"Herkulesf\u00fcrd\u0151"},"content":{"rendered":"<p>Herkulesf\u00fcrd\u0151 168 m\u00e9teres tengerszint feletti magass\u00e1gban fekszik a Cserna foly\u00f3 v\u00f6lgy\u00e9ben, a keleti Mehedin\u0163i-hegys\u00e9g \u00e9s a nyugati Cserna-hegys\u00e9g k\u00f6z\u00f6tt megb\u00fav\u00f3 telep\u00fcl\u00e9sen. A 3787 lakos\u00fa rom\u00e1n b\u00e1ns\u00e1gi f\u00fcrd\u0151v\u00e1ros Pecini\u015fca falut igazgatja. Szer\u00e9ny m\u00e9rete r\u00e1vil\u00e1g\u00edt a folyamatos emberi telep\u00fcl\u00e9s t\u00f6rt\u00e9net\u00e9re, amely eg\u00e9szen a paleolitikumig ny\u00falik vissza. Herkulesf\u00fcrd\u0151 tart\u00f3s vonzerej\u00e9t a 38\u00b0C \u00e9s 60\u00b0C k\u00f6z\u00f6tti h\u0151m\u00e9rs\u00e9klet\u0171, k\u00e9nben, kalciumban, n\u00e1triumban \u00e9s nyomelemekben gazdag vizeknek k\u00f6sz\u00f6nheti, amelyekr\u0151l k\u00f6ztudott, hogy ter\u00e1pi\u00e1s hat\u00e1s\u00faak. Kis m\u00e9ret\u00e9vel a v\u00e1ros \u00e9vezredek emberi er\u0151fesz\u00edt\u00e9seit, birodalmi amb\u00edci\u00f3it \u00e9s modern meg\u00fajul\u00e1sait testes\u00edti meg.<\/p>\n<p>A Pe\u015ftera Ho\u0163ilorban \u2013 a \u201eTolvajok barlangj\u00e1ban\u201d \u2013 v\u00e9gzett r\u00e9g\u00e9szeti kutat\u00e1sok a telep\u00fcl\u00e9s egym\u00e1st k\u00f6vet\u0151 r\u00e9tegeit t\u00e1rt\u00e1k fel. A mousteri kori leletek neanderv\u00f6lgyi jelenl\u00e9tre utalnak, m\u00edg a k\u00e9s\u0151 epigravett kori leletek a mezolitikus folytonoss\u00e1gra utalnak. A k\u00e9s\u0151bbi neolitikus lel\u0151helyek letelepedett mez\u0151gazdas\u00e1gi k\u00f6z\u00f6ss\u00e9gekre utalnak, amelyek a Cserna-v\u00f6lgyben mened\u00e9ket \u00e9s er\u0151forr\u00e1st is l\u00e1ttak. Ez a m\u00e9ly \u0151skori m\u00falt teremti meg a terepet a ter\u00fclet r\u00f3mai kisaj\u00e1t\u00edt\u00e1s\u00e1hoz, amikor Ad Aquas Herculisnak keresztelt\u00e9k. A legenda szerint Herkules itt \u00e1llt meg f\u00fcr\u00f6dni; a r\u00f3maiak is \u00e1tvett\u00e9k ezt a m\u00edtoszt, \u00e9s bonyolult f\u00fcrd\u0151komplexumokat emeltek, amelyeket a f\u00e9listen hat szobra d\u00edsz\u00edtett. Egy ilyen szobor 1874-ben k\u00e9sz\u00fclt bronz m\u00e1solata a mai napig uralja a Herkules teret.<\/p>\n<p>Az el\u0151sz\u00f6r 1774-ben felt\u00e9rk\u00e9pezett r\u00f3mai term\u00e1ll\u00e9tes\u00edtm\u00e9nyek egy tizenegy helyis\u00e9gb\u0151l \u00e1ll\u00f3 lakoszt\u00e1lyt t\u00e1rnak fel, amelyek k\u00e9t f\u0151 medence k\u00f6r\u00fcl helyezkednek el. Az \u00f6t m\u00e9ter \u00e1tm\u00e9r\u0151j\u0171, k\u00f6r alak\u00fa medence t\u00f6bbszintes l\u00e9pcs\u0151k\u00f6n vezetett le a padl\u00f3j\u00e1ra; m\u00f6g\u00f6tte egy 8 m\u00e9ter x 4,2 m\u00e9teres t\u00e9glalap alak\u00fa medence h\u00faz\u00f3dott. A meredek foly\u00f3parton \u00f6t mell\u00e9k\u00e9p\u00fclet adott otthont tov\u00e1bbi forr\u00e1soknak. Az \u00e9p\u00edt\u00e9szeti alaprajz egy \u2013 ma m\u00e1r romos \u2013 amfite\u00e1trumig terjedt, amely a foly\u00f3 bal partj\u00e1t\u00f3l mintegy 43 m\u00e9terre helyezkedett el, k\u00fcls\u0151 \u00e1tm\u00e9r\u0151je 47,4 m\u00e9ter. Az osztr\u00e1k tervez\u0151k a k\u00e9s\u0151bbi sz\u00e1zadokban meg\u0151rizt\u00e9k ezeket a maradv\u00e1nyokat egy teraszos parkba integr\u00e1lva \u0151ket, amelynek egyenes vonal\u00fa gyepfel\u00fclete \u00e9s s\u00e9t\u00e1nyai a v\u00e1rosk\u00f6zpontot alkotj\u00e1k.<\/p>\n<p>A cs\u00e1sz\u00e1ri verseng\u00e9s \u00e9s a katonai z\u0171rzavar nyomot hagyott Herkulesf\u00fcrd\u0151n. 1788 nyar\u00e1n, az osztr\u00e1kok Mehadi\u00e1n\u00e1l elszenvedett veres\u00e9g\u00e9t k\u00f6vet\u0151en az oszm\u00e1n er\u0151k szeptember 7-\u00e9n elfoglalt\u00e1k a v\u00e1rost, \u00e9s Kar\u00e1nsebes fel\u00e9 nyomultak. Tizenegy h\u00f3nappal k\u00e9s\u0151bb, 1789 szeptember\u00e9nek v\u00e9g\u00e9n az osztr\u00e1kok visszaszerezt\u00e9k az ir\u00e1ny\u00edt\u00e1st. Egyik birodalom sem id\u0151z\u00f6tt el\u00e9g sok\u00e1ig ahhoz, hogy \u00faj eml\u00e9km\u0171veket emeljen, de a fegyverek \u00f6sszecsap\u00e1sa kiemelte a csernai korridor strat\u00e9giai jelent\u0151s\u00e9g\u00e9t. A k\u00f6vetkez\u0151 \u00e9vsz\u00e1zadokban a Habsburgok beruh\u00e1ztak a f\u00fcrd\u0151be, mik\u00f6zben a helyi ortodox \u00e9s r\u00f3mai katolikus gy\u00fclekezetek tart\u00f3s vall\u00e1si l\u00e1bnyomokat \u00e9p\u00edtettek ki a perem\u00e9n.<\/p>\n<p>\u00c9ghajlatilag Herkulesf\u00fcrd\u0151 nedves kontinent\u00e1lisnak sz\u00e1m\u00edt szubmediterr\u00e1n jegyekkel. A telek hidegek, de a hegyvid\u00e9ki m\u00e9lyed\u00e9sek m\u00e9rs\u00e9klik \u0151ket, a nyarak melegek, de a tengerszint feletti magass\u00e1g m\u00e9rs\u00e9kli az \u00e9ghajlatot. A csapad\u00e9k viszonylag egyenletesen oszlik el az \u00e9v sor\u00e1n, fenntartva mind a szomsz\u00e9dos hegyoldalak s\u0171r\u0171 erd\u0151it, mind a Cserna foly\u00f3 menti \u00f6kosziszt\u00e9m\u00e1t. A l\u00e9gk\u00f6ri ioniz\u00e1ci\u00f3, amely a v\u00edzg\u0151z \u00e9s az \u00e1sv\u00e1nyv\u00edzforr\u00e1sok k\u00f6lcs\u00f6nhat\u00e1s\u00e1nak tulajdon\u00edthat\u00f3 jelens\u00e9g, a f\u0171t\u00f6tt, radioizot\u00f3pokban gazdag f\u00fcrd\u0151k mellett hozz\u00e1j\u00e1rul a f\u00fcrd\u0151 modern vonzerej\u00e9hez.<\/p>\n<p>A keletr\u00f3mai \u00f6r\u00f6ks\u00e9g, melyet az osztr\u00e1k-magyar \u00e9p\u00edt\u00e9szek is meger\u0151s\u00edtettek, egy olyan v\u00e1rosi form\u00e1t hozott l\u00e9tre, amely a korszakok nyomai ellen\u00e9re is fennmaradt. A k\u00e9t vil\u00e1gh\u00e1bor\u00fa k\u00f6z\u00f6tti id\u0151szakban a H Cerna sz\u00e1lloda 1930-as megnyit\u00e1sa a nyugat-eur\u00f3pai mecenat\u00fara \u00fajj\u00e1\u00e9led\u00e9s\u00e9t jelezte. Az ezt k\u00f6vet\u0151 kommunista \u00e9vtizedekben toronyh\u00e1zak \u00e9p\u00fcltek betonb\u00f3l \u2013 t\u00f6bbek k\u00f6z\u00f6tt a Roman, a Hercules A \u00e9s B, az Afrodita, a Minerva \u00e9s a Diana \u2013, amelyek a t\u00f6rt\u00e9nelmi kupol\u00e1k \u00e9s oszlopsorok f\u00f6l\u00e9 magasodtak. Ezek a monolitikus \u00e9p\u00edtm\u00e9nyek, amelyek az 1960-as \u00e9vek t\u00f6megturizmus\u00e1nak jelk\u00e9pei voltak, gy\u00e1ri munk\u00e1sokat \u00e9s nyugd\u00edjasokat sz\u00e1ll\u00e1soltak el \u00e1llamilag t\u00e1mogatott eg\u00e9szs\u00e9g\u00fcgyi elvonul\u00e1sokon. Viharvert homlokzataik most a v\u00f6lgyet sziluettk\u00e9nt rajzolj\u00e1k ki, eml\u00e9keztetve arra az id\u0151re, amikor a kollekt\u00edv gy\u00f3gyf\u00fcrd\u0151i k\u00far\u00e1k h\u00e1tt\u00e9rbe szor\u00edtott\u00e1k az egy\u00e9ni szabadid\u0151s tev\u00e9kenys\u00e9geket.<\/p>\n<p>Az 1989 ut\u00e1ni privatiz\u00e1ci\u00f3 kett\u00e9osztott t\u00e1jk\u00e9pet hozott l\u00e9tre. Mag\u00e1npanzi\u00f3k \u00e9s butikhotelek hull\u00e1ma jelent meg a foly\u00f3partokon, teraszaik a Cserna tiszta sodr\u00e1s\u00e1ra n\u00e9ztek. M\u00e9gis sz\u00e1mos osztr\u00e1k-magyar kori f\u00fcrd\u0151 romlott az elhanyagol\u00e1s \u00e9s a rossz gazd\u00e1lkod\u00e1s miatt. V\u00e1laszul a helyi aktivist\u00e1k a 2010-es \u00e9vek v\u00e9g\u00e9n megalap\u00edtott\u00e1k a Herculane Projektet a t\u00f6rt\u00e9nelmi \u00e9p\u00edtm\u00e9nyek stabiliz\u00e1l\u00e1sa \u00e9s helyre\u00e1ll\u00edt\u00e1sa \u00e9rdek\u00e9ben. Munk\u00e1juk megkezd\u0151d\u00f6tt a pusztul\u00e1s meg\u00e1ll\u00edt\u00e1s\u00e1ra, a neoklasszicista homlokzatok \u00fajj\u00e1\u00e9leszt\u00e9s\u00e9re \u00e9s az alapok meger\u0151s\u00edt\u00e9s\u00e9re a j\u00f6v\u0151beni meg\u0151rz\u00e9s \u00e9rdek\u00e9ben.<\/p>\n<p>Herkulesf\u00fcrd\u0151 Rom\u00e1nia legr\u00e9gebbi gy\u00f3gyf\u00fcrd\u0151jek\u00e9nt szerzett h\u00edrnev\u00e9t nem csup\u00e1n legend\u00e1k t\u00e1masztj\u00e1k al\u00e1. Kelet-Eur\u00f3pa egyik legelismertebb \u00e1lland\u00f3 gy\u00f3gyf\u00fcrd\u0151helye. Ter\u00e1pi\u00e1i k\u00f6z\u00f6tt term\u00e1lf\u00fcrd\u0151k, aeroszolos inhal\u00e1ci\u00f3k, elektroter\u00e1pia, fizioter\u00e1pi\u00e1s programok \u00e9s paraffin-szapropelikus iszappakol\u00e1sok is szerepelnek. A mofett\u00e1k \u2013 sz\u00e9n-dioxid g\u00e1zt kibocs\u00e1t\u00f3 kezel\u0151kamr\u00e1k \u2013 a szauna \u00e9s a krioter\u00e1pi\u00e1s l\u00e9tes\u00edtm\u00e9nyek mellett helyezkednek el. A hidrokinetoter\u00e1pi\u00e1s medenc\u00e9k vezetett v\u00edzi gyakorlatokat k\u00edn\u00e1lnak, m\u00edg a reflexol\u00f3gia \u00e9s az akupunkt\u00far\u00e1s kezel\u00e9sek neurol\u00f3giai, b\u0151rgy\u00f3gy\u00e1szati \u200b\u200b\u00e9s gyermekgy\u00f3gy\u00e1szati \u200b\u200bbetegs\u00e9geket kezelnek. A sz\u00edv- \u00e9s \u00e9rrendszeri rehabilit\u00e1ci\u00f3 oszteop\u00e1ti\u00e1s \u00e9s reumatol\u00f3giai protokollokkal osztozik a t\u00e9rben. Az ilyen m\u00f3dszerek integr\u00e1ci\u00f3ja t\u00fckr\u00f6zi mind a forr\u00e1sok \u00e1sv\u00e1nyi gazdags\u00e1g\u00e1t, mind a k\u00f6r\u00fcl\u00f6tt\u00fck kialakult orvosi hagyom\u00e1nyokat.<\/p>\n<p>Term\u00e9szetes kir\u00e1ndul\u00e1si lehet\u0151s\u00e9gek a megm\u0171velt ter\u00fcletek sz\u00e9l\u00e9n tal\u00e1lhat\u00f3k. Az \u00fcd\u00fcl\u0151helyr\u0151l indul\u00f3 \u00f6sv\u00e9nyek a Domogled\u2013Cara\u015f-szurdok term\u00e9szetv\u00e9delmi ter\u00fcletre vezetnek, ahol a m\u00e9szk\u0151szikl\u00e1k a Nera mell\u00e9kfoly\u00f3ja f\u00f6l\u00e9 magasodnak. Beu\u0219ni\u021ba v\u00edzes\u00e9sei l\u00e9pcs\u0151sorokban ereszkednek al\u00e1, miel\u0151tt krist\u00e1lytiszta tavakba zuhann\u00e1nak. A B\u00e1n\u00e1ti Szfinx, egy \u00e9vezredek fagya \u00e1ltal fakasztott k\u00f3csag, csendes \u0151rszemk\u00e9nt tekint a v\u00f6lgyre. Az \u00d6rd\u00f6g-t\u00f3, amely egy f\u00f6ldcsuszaml\u00e1sban keletkezett, smaragdz\u00f6ld v\u00edzzel t\u00f6lt meg egy m\u00e9lyed\u00e9st, m\u00e9lys\u00e9g\u00e9t m\u00edtoszok bor\u00edtj\u00e1k. A B\u00e1n\u00e1t Semmering, egy korai vas\u00fatvonal, amely prizm\u00e1s erd\u0151k\u00f6n \u00e9s viaduktokon kereszt\u00fcl kanyarog, a 19. sz\u00e1zad szorgalmas szellem\u00e9t id\u00e9zi. A Comarnic-barlangban f\u00e1klyaf\u00e9nyben csillog\u00f3 barlangk\u00e9pz\u0151dm\u00e9nyek tal\u00e1lhat\u00f3k. Minden helysz\u00edn f\u00e9lnapos utaz\u00e1sra tal\u00e1lhat\u00f3, kiterjesztve a f\u00fcrd\u0151 ter\u00e1pi\u00e1s \u00edg\u00e9ret\u00e9t a term\u00e9szet fens\u00e9ges birodalm\u00e1ra.<\/p>\n<p>Az egyh\u00e1zi \u00e9p\u00edt\u00e9szet spiritu\u00e1lis dimenzi\u00f3kat ad a v\u00e1ros profilj\u00e1hoz. Az \u00c1tv\u00e1ltoz\u00e1s Rom\u00e1n Ortodox Temploma egy olyan helyen \u00e1ll, amelyet Nicolae Stoica de Ha\u0163eg f\u0151pap szentelt fel 1799-ben. A fakereszttel jel\u00f6lt ter\u00fclet \u00e1talak\u00edt\u00e1sa szerz\u0151d\u00e9ses meg\u00e1llapod\u00e1s alapj\u00e1n kezd\u0151d\u00f6tt ugyanazon \u00e9v szeptember 12-\u00e9n. Lorentz Seewald or\u015fovai k\u00e9zm\u0171ves 1804. augusztus 6-ra fejezte be a k\u0151m\u0171vesmunk\u00e1t, ezzel a Sz\u00ednev\u00e1ltoz\u00e1s \u00fcnnep\u00e9t a templom b\u00facs\u00fa\u00fcnnep\u00e9v\u00e9 avatta fel. A k\u00f6zelben tal\u00e1lhat\u00f3 az 1838-ban elk\u00e9sz\u00fclt Sz\u0171z M\u00e1ria Mennybev\u00e9tele r\u00f3mai katolikus k\u00e1polna, amely i\u00f3n oszlopokat foglal mag\u00e1ban egy oromzat alatt, amelyen a felszentel\u00e9s\u00e9nek d\u00e1tuma szerepel. H\u00e1tul egy karcs\u00fa harangtorony magasodik, amelyhez az erdei lejt\u0151be \u00e9p\u00edtett kanyarg\u00f3s l\u00e9pcs\u0151n lehet feljutni.<\/p>\n<p>A demogr\u00e1fiai adatok t\u00fckr\u00f6zik mind a n\u00e9pess\u00e9gfogy\u00e1s tendenci\u00e1it, mind a tart\u00f3s kultur\u00e1lis kont\u00farokat. A 2011-es \u00e9s 2021-es n\u00e9psz\u00e1ml\u00e1l\u00e1sok k\u00f6z\u00f6tt a lakosok sz\u00e1ma 5008-r\u00f3l 3787-re cs\u00f6kkent. Az etnikai \u00f6sszet\u00e9tel 83,81 sz\u00e1zal\u00e9k rom\u00e1n, 1,66 sz\u00e1zal\u00e9k roma \u00e9s 13,97 sz\u00e1zal\u00e9k meghat\u00e1rozatlan. Bevall\u00e1s szerint 82,31 sz\u00e1zal\u00e9k ortodoxnak \u00e9s 1,85 sz\u00e1zal\u00e9k r\u00f3mai katolikusnak vallja mag\u00e1t, 14,47 sz\u00e1zal\u00e9k pedig nem jelentett vall\u00e1s\u00fa. Ezek a sz\u00e1mok r\u00e1vil\u00e1g\u00edtanak a vid\u00e9k elv\u00e1ndorl\u00e1s\u00e1nak \u00e9s a v\u00e1rosi k\u00f6zpontok vonzerej\u00e9nek kett\u0151s nyom\u00e1s\u00e1ra, m\u00e9g akkor is, ha a f\u00fcrd\u0151 \u00fajb\u00f3li befektet\u00e9se \u00faj helyi lehet\u0151s\u00e9geket k\u00edn\u00e1l a vend\u00e9gl\u00e1t\u00e1sban \u00e9s a szolg\u00e1ltat\u00e1sokban.<\/p>\n<p>A k\u00f6zelm\u00faltbeli infrastruktur\u00e1lis fejleszt\u00e9seket k\u00f6vet\u0151en gazdas\u00e1gi fellend\u00fcl\u00e9s k\u00f6vetkezett be. A Herkulesf\u00fcrd\u0151t Resicab\u00e1ny\u00e1val \u00e9s Sz\u00f6r\u00e9nyv\u00e1rral \u00f6sszek\u00f6t\u0151 \u00fath\u00e1l\u00f3zatot fel\u00faj\u00edtott\u00e1k, ler\u00f6vid\u00edtve a helyi turist\u00e1k utaz\u00e1si idej\u00e9t. A Cserna v\u00e9g\u00e1llom\u00e1s\u00e1n tal\u00e1lhat\u00f3 v\u00edzer\u0151m\u0171 g\u00e1t ell\u00e1tja \u00e1rammal a v\u00e1ros h\u00e1l\u00f3zat\u00e1t, \u00e9s lehet\u0151v\u00e9 teszi a szab\u00e1lyozott foly\u00f3v\u00edzfoly\u00e1sokat, amelyek stabiliz\u00e1lj\u00e1k a v\u00edzi k\u00f6rnyezetet. A sz\u00e9less\u00e1v\u00fa internet mostanra a perif\u00e9rikus falvakba is eljut, megk\u00f6nny\u00edtve a t\u00e1vmunk\u00e1t \u00e9s vonz\u00f3bb\u00e1 t\u00e9ve a fiatalabb lakoss\u00e1got. Kisv\u00e1llalkoz\u00e1sok telep\u00fcltek le a kereskedelem, a k\u00e9zm\u0171vess\u00e9g \u00e9s a gasztron\u00f3mia ter\u00fclet\u00e9n, region\u00e1lis sajtokat, f\u00fcst\u00f6lt sonk\u00e1t, k\u00e9zm\u0171ves szeszes italokat \u00e9s p\u00e9ks\u00fctem\u00e9nyeket k\u00edn\u00e1lva, amelyek a b\u00e1n\u00e1ti hat\u00e1sokat az erd\u00e9lyi hagyom\u00e1nyokkal \u00f6tv\u00f6zik.<\/p>\n<p>Az orsz\u00e1ghat\u00e1rokhoz val\u00f3 strat\u00e9giai k\u00f6zels\u00e9g \u2013 nyolc kilom\u00e9terre Mehedin\u0163i megy\u00e9t\u0151l \u00e9s 25 kilom\u00e9terre Szerbi\u00e1t\u00f3l \u2013 Herkulesf\u00fcrd\u0151t kult\u00far\u00e1k keresztez\u0151d\u00e9s\u00e9nek tekinti. Temesv\u00e1rr\u00f3l, Belgr\u00e1db\u00f3l \u00e9s Z\u00e1gr\u00e1bb\u00f3l \u00e9rkeznek l\u00e1togat\u00f3k a forr\u00e1sokhoz, akiket a tektonika \u00e9s az id\u0151 \u00e1ltal form\u00e1lt t\u00e1jban rejl\u0151 l\u00e1badoz\u00e1s \u00edg\u00e9rete vonz. A rom\u00e1n \u00e9s magyar \u00f6r\u00f6ks\u00e9gben egyar\u00e1nt j\u00e1rtas helyi idegenvezet\u0151k Herkules legend\u00e1it mes\u00e9lik el, \u00e9s egyenl\u0151 lelkesed\u00e9ssel sz\u00e1molnak be az oszm\u00e1n-osztr\u00e1k konfront\u00e1ci\u00f3kr\u00f3l. Az ilyen, egyszerre tudom\u00e1nyos \u00e9s anekdotikus t\u00f6rt\u00e9netmes\u00e9l\u00e9s a v\u00e1ros sokr\u00e9t\u0171 identit\u00e1s\u00e1t bizony\u00edtja.<\/p>\n<p>A modern beruh\u00e1z\u00e1sok szigor\u00fa term\u00e9szetv\u00e9delmi el\u0151\u00edr\u00e1soknak felelnek meg. Az \u00faj sz\u00e1llod\u00e1k alacsony k\u00f6rnyezeti hat\u00e1s\u00fa anyagokat haszn\u00e1lnak, \u00e9s z\u00f6ldtet\u0151ket \u00e9p\u00edtenek be, hogy harmoniz\u00e1ljanak a k\u00f6rnyez\u0151 erd\u0151kkel. A korabeli st\u00edlusban fel\u00faj\u00edtott vend\u00e9gh\u00e1zak h\u0151szigetel\u00e9st alkalmaznak, amely cs\u00f6kkenti a t\u00e9li energiafogyaszt\u00e1st. A mag\u00e1nszektor \u00e9p\u00edt\u00e9si l\u00e1z\u00e1t az \u00f6nkorm\u00e1nyzati el\u0151\u00edr\u00e1sok m\u00e9rs\u00e9kelt\u00e9k, amelyek v\u00e9dik a kulcsfontoss\u00e1g\u00fa m\u0171eml\u00e9kekhez vezet\u0151 r\u00e1l\u00e1t\u00e1st, \u00e9s tiltj\u00e1k a t\u00falm\u00e9retezett betonblokkokat. A t\u00e1j\u00e9p\u00edt\u00e9szek \u0151shonos n\u00f6v\u00e9nyzettel \u2013 b\u00fckkkel, gyerty\u00e1nnal \u00e9s t\u00f6lgyfelekkel \u2013 \u00fcltett\u00e9k \u00fajra a teraszokat, helyre\u00e1ll\u00edtva az endemikus fauna biodiverzit\u00e1si folyos\u00f3it.<\/p>\n<p>Ahogy a koronav\u00edrus-j\u00e1rv\u00e1ny a 2020-as \u00e9vek elej\u00e9n al\u00e1bbhagyott, Herkulesf\u00fcrd\u0151n (B\u0103ile Herculane) megn\u0151tt a belf\u00f6ldi turizmus. Az eg\u00e9szs\u00e9gtudatos rom\u00e1n csal\u00e1dok \u00e9s az egy\u00e9ni utaz\u00f3k egyar\u00e1nt kerest\u00e9k az \u00e1sv\u00e1nyv\u00edzben val\u00f3 mer\u00fcl\u00e9s \u00e9s a hegyi leveg\u0151 el\u0151nyeit. A nem korm\u00e1nyzati szervezetek \u00e1ltal vezetett kultur\u00e1lis fesztiv\u00e1lok, amelyeken kamarazenei el\u0151ad\u00e1sok zajlottak az amfite\u00e1trum romjain bel\u00fcl, kihaszn\u00e1lt\u00e1k a v\u00e1ros akusztik\u00e1j\u00e1t \u00e9s hangulat\u00e1t. A nemzeti m\u00fazeumokb\u00f3l k\u00f6lcs\u00f6nz\u00f6tt r\u00f3mai m\u0171t\u00e1rgyak id\u0151szaki ki\u00e1ll\u00edt\u00e1sai a fiatalabb gener\u00e1ci\u00f3kat oktatt\u00e1k a helysz\u00edn klasszikus \u00f6r\u00f6ks\u00e9g\u00e9r\u0151l. A gy\u00f3gyf\u00fcrd\u0151-orvostan hallgat\u00f3k sz\u00e1m\u00e1ra ma m\u00e1r \u00e9vente megrendez\u00e9sre ker\u00fcl egy ny\u00e1ri akad\u00e9mia, amely Bukarestb\u0151l \u00e9s B\u00e9csb\u0151l vonzza az oktat\u00f3kat.<\/p>\n<p>Herkulesf\u00fcrd\u0151 \u00edg\u00e9rete az emberi t\u00f6rekv\u00e9sek \u00e9s a geol\u00f3giai adotts\u00e1gok egyens\u00faly\u00e1ban rejlik. A vizek, amelyek egykor megnyugtatt\u00e1k a r\u00f3mai l\u00e9gi\u00f3kat, ma is vonzz\u00e1k a 21. sz\u00e1zadi l\u00e1togat\u00f3kat. Herkulest \u00e1br\u00e1zol\u00f3 k\u0151faragv\u00e1nyok korszakokon \u00e1t\u00edvel\u0151 mitikus rezonanci\u00e1t testes\u00edtenek meg, m\u00edg a modern tervez\u00e9s\u0171 term\u00e1lmedenc\u00e9k a bizony\u00edt\u00e9kokon alapul\u00f3 rehabilit\u00e1ci\u00f3t szolg\u00e1lj\u00e1k. A hegyoldalak v\u00e9delmez\u0151 karokk\u00e9nt \u00f6lelik k\u00f6r\u00fcl a v\u00e1rost, gerinceiken \u0151skori l\u00e1bnyomok visszhangoznak. A m\u00falt \u00e9s a jelen itt metszi egym\u00e1st, ahol a kisv\u00e1rosi nyugalom \u00e1tadja hely\u00e9t a gy\u00f3gyul\u00e1s \u00e9s a t\u00f6rt\u00e9nelem \u00e1ramlat\u00e1nak.<\/p>\n<p>Herkulesf\u00fcrd\u0151 t\u00f6rt\u00e9nete \u00edratlan marad a kitaposott \u00f6sv\u00e9nyeken t\u00fal, mivel a v\u00e1ros p\u00e1rbesz\u00e9dben fejl\u0151dik forr\u00e1saival \u00e9s k\u00f6veivel. Minden korszak \u00faj fejezeteket \u00edrt le: \u0151skori t\u0171zhelyek, r\u00f3mai f\u00fcrd\u0151k, Habsburg-kertek, szocialista felh\u0151karcol\u00f3k \u00e9s posztkommunista k\u00fari\u00e1k. A Cserna foly\u00f3 m\u00e9gis fennmaradt, \u00e1lland\u00f3 \u00f6sv\u00e9nyt v\u00e1jva a szikl\u00e1kon \u00e9s az eml\u00e9kezeten kereszt\u00fcl. Herkulesf\u00fcrd\u0151re bel\u00e9pni az eur\u00f3pai f\u00fcrd\u0151kult\u00fara \u00e9l\u0151 palimpszesztj\u00e9be l\u00e9p\u00fcnk \u2013 a legend\u00e1k, a tudom\u00e1ny \u00e9s az egyszer\u0171 emberi helyre\u00e1ll\u00edt\u00e1si v\u00e1gy k\u00f6lcs\u00f6nhat\u00e1s\u00e1nak maradand\u00f3 bizony\u00edt\u00e9ka.<\/p>","protected":false},"excerpt":{"rendered":"<p>B\u0103ile Herculane, egy f\u00fcrd\u0151v\u00e1ros a Cserna foly\u00f3 v\u00f6lgy\u00e9ben, Rom\u00e1nia B\u00e1ns\u00e1g\u00e1ban, jelenleg 3787 lakosa van. Ez a b\u00e1jos v\u00e1ros a keleti Mehedin\u021bi-hegys\u00e9g \u00e9s nyugatra a Cerna-hegys\u00e9g k\u00f6z\u00f6tt helyezkedik el, 168 m\u00e9ter magasan.<\/p>","protected":false},"author":1,"featured_media":17482,"parent":11908,"menu_order":0,"comment_status":"closed","ping_status":"closed","template":"elementor_theme","meta":{"_eb_attr":"","footnotes":""},"class_list":["post-17029","page","type-page","status-publish","has-post-thumbnail"],"_links":{"self":[{"href":"https:\/\/travelshelper.com\/hu\/wp-json\/wp\/v2\/pages\/17029","targetHints":{"allow":["GET"]}}],"collection":[{"href":"https:\/\/travelshelper.com\/hu\/wp-json\/wp\/v2\/pages"}],"about":[{"href":"https:\/\/travelshelper.com\/hu\/wp-json\/wp\/v2\/types\/page"}],"author":[{"embeddable":true,"href":"https:\/\/travelshelper.com\/hu\/wp-json\/wp\/v2\/users\/1"}],"replies":[{"embeddable":true,"href":"https:\/\/travelshelper.com\/hu\/wp-json\/wp\/v2\/comments?post=17029"}],"version-history":[{"count":0,"href":"https:\/\/travelshelper.com\/hu\/wp-json\/wp\/v2\/pages\/17029\/revisions"}],"up":[{"embeddable":true,"href":"https:\/\/travelshelper.com\/hu\/wp-json\/wp\/v2\/pages\/11908"}],"wp:featuredmedia":[{"embeddable":true,"href":"https:\/\/travelshelper.com\/hu\/wp-json\/wp\/v2\/media\/17482"}],"wp:attachment":[{"href":"https:\/\/travelshelper.com\/hu\/wp-json\/wp\/v2\/media?parent=17029"}],"curies":[{"name":"wp","href":"https:\/\/api.w.org\/{rel}","templated":true}]}}