{"id":17023,"date":"2024-09-25T11:55:36","date_gmt":"2024-09-25T11:55:36","guid":{"rendered":"https:\/\/travelshelper.com\/staging\/?page_id=17023"},"modified":"2026-03-12T21:04:19","modified_gmt":"2026-03-12T21:04:19","slug":"baile-govora","status":"publish","type":"page","link":"https:\/\/travelshelper.com\/hu\/destinations\/europe\/romania\/baile-govora\/","title":{"rendered":"B\u0103ile Govora"},"content":{"rendered":"<p>B\u0103ile Govora, egy 2021-es n\u00e9psz\u00e1ml\u00e1l\u00e1s idej\u00e9n 2158 lakos\u00fa kisv\u00e1ros, Rom\u00e1nia Olt\u00e9nia r\u00e9gi\u00f3j\u00e1nak d\u00e9l-k\u00f6z\u00e9ps\u0151 r\u00e9sz\u00e9n fekszik, V\u00e2lcea megy\u00e9ben. Szer\u00e9ny kiterjed\u00e9se Cur\u0103turile, G\u0103teje\u015fti \u00e9s Prajila falvakat \u00f6leli fel. A R\u00e2mnicu V\u00e2lcea, Horezu \u00e9s T\u00e2rgu Jiu v\u00e1rosokat \u00f6sszek\u00f6t\u0151 DN67-es \u00fat ment\u00e9n fekv\u0151 telep\u00fcl\u00e9s, amelynek neve a tr\u00e1k-d\u00e1k \u201eforr\u00e1sokban gazdag v\u00f6lgy\u201d kifejez\u00e9sb\u0151l ered, k\u00f6zel m\u00e1sf\u00e9l \u00e9vsz\u00e1zada a gy\u00f3gyvizek gy\u00f3gy\u00edt\u00f3 erej\u00e9nek \u00e9s a kultur\u00e1lis \u00f6r\u00f6ks\u00e9g tart\u00f3ss\u00e1g\u00e1nak bizony\u00edt\u00e9ka.<\/p>\n<p>A B\u0103ile Govora t\u00f6rt\u00e9nete nem a nagy \u00e9p\u00edt\u00e9szek termeiben, hanem egy helyi paraszt, Gheorghe Ciurea kez\u00e9ben kezd\u0151dik, akinek 1876-os szer\u00e9ny k\u00fat\u00e1s\u00e1sa sor\u00e1n az \u00e1ltala \u201e\u00e9g\u0151 v\u00edznek\u201d nevezett anyagot, a helyiek \u00e1ltal neh\u00e9zvazelinnek nevezett anyagot tal\u00e1lt\u00e1k. E nyers folyad\u00e9k mellett s\u00f3s v\u00edz is megjelent, amely iv\u00e1sra alkalmatlan, de balj\u00f3slat\u00fa volt. Ami els\u0151re egy elt\u00e9vedt becsap\u00f3d\u00e1snak t\u0171nt, geol\u00f3giai felm\u00e9r\u00e9sek alapj\u00e1v\u00e1 v\u00e1lt, amelyek j\u00f3dozott, s\u00f3s forr\u00e1sokat \u00e9s szapropelikus iszapot t\u00e1rtak fel, amelyek egy\u00e9rtelm\u0171en ter\u00e1pi\u00e1s \u00edg\u00e9retet jelentettek. Felismerve ezen er\u0151forr\u00e1sok lehet\u0151s\u00e9geit, Zorileanu katonaorvos a reumatikus betegs\u00e9gek kezel\u00e9s\u00e9ben val\u00f3 alkalmaz\u00e1suk mellett \u00e9rvelt, ezzel szakmai meger\u0151s\u00edt\u00e9st ny\u00fajtva egy olyan k\u00f6z\u00f6ss\u00e9gnek, amely m\u00e9g nem volt j\u00e1rtas a balneol\u00f3gia hivatalos tudom\u00e1ny\u00e1ban.<\/p>\n<p>B\u00e1r a govorai kezel\u00e9sek m\u00e1r 1879-ben elkezd\u0151dtek, a legkor\u00e1bbi l\u00e9tes\u00edtm\u00e9nyek szigor\u00faak voltak. A betegek fak\u00e1dakban, vagy \u201ecopai\u201d-ban f\u00fcr\u00f6dtek, amelyeket a k\u00f6zeli govorai kolostor \u00fcres cell\u00e1iban helyeztek el, mintegy hat kilom\u00e9terre a forr\u00e1st\u00f3l. Az \u00e1sv\u00e1nyvizet \u00e1llati vontatta szekereken, nagy hord\u00f3kban, \u00fagynevezett \u201esak\u00e1lokban\u201d sz\u00e1ll\u00edtott\u00e1k s\u00e1ros utakon. Ez a kezdetleges gy\u00f3gym\u00f3d szolg\u00e1lt olvaszt\u00f3t\u00e9gelyk\u00e9nt, amelyben a v\u00e1ros j\u00f6v\u0151je kov\u00e1csol\u00f3dott. 1887-ben egy erre a c\u00e9lra l\u00e9trehozott f\u00fcrd\u0151\u00e9p\u00fclet \u00e9p\u00fclt, amely huszonkilenc forr\u00f3 f\u00fcrd\u0151kre alkalmas kabint tartalmazott; ez d\u00f6nt\u0151 elmozdul\u00e1st jelentett az improviz\u00e1lt kezel\u00e9sekt\u0151l a szervezett ter\u00e1pi\u00e1k fel\u00e9. M\u00e9gis csak 1910-ben, a Palace Hotel felavat\u00e1s\u00e1val nyerte el a B\u0103ile Govora igazi identit\u00e1s\u00e1t, mint modern \u00fcd\u00fcl\u0151hely. A sz\u00e1lloda kialak\u00edt\u00e1sa, amely biztos\u00edtotta, hogy minden szoba naponta legal\u00e1bb egy \u00f3r\u00e1nyi k\u00f6zvetlen napf\u00e9nyt kapjon, ahhoz a helyi humorhoz vezetett, hogy Govor\u00e1ban \u201e\u00f3r\u00e1ra b\u00e9relt\u00e9k a napot\u201d. A vend\u00e9gsz\u00e1ll\u00e1sok mellett egy \u00e1tfog\u00f3 kezel\u0151k\u00f6zpont is rendelkez\u00e9sre \u00e1llt, amely \u00f6nt\u00f6ttvas k\u00e1dakkal \u00e9s h\u0151er\u0151m\u0171vel volt felszerelve, \u00e9s eg\u00e9sz \u00e9vben biztos\u00edtott meleg vizet, ami a kort\u00e1rs lelem\u00e9nyess\u00e9g egyik v\u00e9djegye volt.<\/p>\n<p>A Palace Hotel mint vez\u00e9rcsillag, a k\u00f6vetkez\u0151 \u00e9vtizedekben a forr\u00e1sok k\u00f6r\u00fcl fokozatosan csoportosultak a fogad\u00f3k, panzi\u00f3k \u00e9s kezel\u0151int\u00e9zm\u00e9nyek. A 20. sz\u00e1zad k\u00f6zep\u00e9re ez a n\u00f6veked\u00e9s a f\u00fcrd\u0151v\u00e1rosb\u00f3l olyan polg\u00e1ri \u00e9s gazdas\u00e1gi rang\u00fa telep\u00fcl\u00e9ss\u00e9 alak\u00edtotta a telep\u00fcl\u00e9st, amely az 1950-es \u00e9vek ut\u00e1n elnyerte a v\u00e1rosi rangot. A l\u00e1togat\u00f3k a j\u00f3dozott v\u00edz miatt \u00e9rkeztek, amely enyh\u00fcl\u00e9st \u00edg\u00e9rt a reum\u00e1ra \u00e9s m\u00e1s betegs\u00e9gekre, valamint a s\u0171r\u0171, szerves iszap miatt, amelyr\u0151l azt mondt\u00e1k, hogy enyh\u00edti az \u00edz\u00fcleti f\u00e1jdalmakat \u00e9s a gyullad\u00e1sokat. Az \u00e9vszakok ritmusa alak\u00edtotta a v\u00e1ros \u00e9let\u00e9t: a melegebb h\u00f3napok rengeteg eg\u00e9szs\u00e9gkeres\u0151t hoztak, m\u00edg a t\u00e9li hideg hangs\u00falyozta a term\u00e1ler\u0151m\u0171 \u00e1lland\u00f3 meleg\u00e9nek fontoss\u00e1g\u00e1t.<\/p>\n<p>Demogr\u00e1fiailag B\u0103ile Govora t\u00falnyom\u00f3r\u00e9szt rom\u00e1n identit\u00e1st t\u00fckr\u00f6z. A 2021-es n\u00e9psz\u00e1ml\u00e1l\u00e1s a lakosok 88,00 sz\u00e1zal\u00e9k\u00e1t rom\u00e1n etnikai csoporthoz tartoz\u00f3nak, 0,23 sz\u00e1zal\u00e9k\u00e1t m\u00e1s csoportokhoz tartoz\u00f3nak, 11,77 sz\u00e1zal\u00e9kuk etnikai hovatartoz\u00e1s\u00e1t pedig nem r\u00f6gz\u00edtett\u00e9k. Vall\u00e1si k\u00e9rd\u00e9sekben a v\u00e1ros hasonl\u00f3an homog\u00e9n: az ortodox kereszt\u00e9nyek a lakoss\u00e1g 87,26 sz\u00e1zal\u00e9k\u00e1t teszik ki, az egy\u00e9b felekezet\u0171ek mind\u00f6ssze 0,51 sz\u00e1zal\u00e9kot, a lakoss\u00e1g 12,23 sz\u00e1zal\u00e9ka pedig nem jelentett. Ezek a legut\u00f3bbi n\u00e9psz\u00e1ml\u00e1l\u00e1sb\u00f3l sz\u00e1rmaz\u00f3 adatok enyhe n\u00e9pess\u00e9gcs\u00f6kken\u00e9st mutatnak 2011 \u00f3ta, amikor 2449 lakost regisztr\u00e1ltak. Ez a cs\u00f6kken\u00e9s a vid\u00e9ki \u00e9s kisv\u00e1rosi Rom\u00e1ni\u00e1ban bek\u00f6vetkezett sz\u00e9lesebb k\u00f6r\u0171 demogr\u00e1fiai v\u00e1ltoz\u00e1sokra utal, amelyeket a v\u00e1rosi migr\u00e1ci\u00f3 \u00e9s a v\u00e1ltoz\u00f3 sz\u00fclet\u00e9si ar\u00e1nyok vez\u00e9relnek.<\/p>\n<p>B\u0103ile Govora korm\u00e1nyz\u00e1sa a helyi k\u00f6zigazgat\u00e1s rom\u00e1n modellj\u00e9t k\u00f6veti: egy v\u00e1lasztott polg\u00e1rmester \u00e9s egy tizenegy tag\u00fa \u00f6nkorm\u00e1nyzati tan\u00e1cs fel\u00fcgyeli az \u00fcgyeket. 2000 \u00f3ta a polg\u00e1rmesteri tiszts\u00e9get Mihai Mateescu, a Szoci\u00e1ldemokrata P\u00e1rt tagja t\u00f6lti be, akinek t\u00f6bb cikluson \u00e1t tart\u00f3 hivatalba l\u00e9p\u00e9se a k\u00f6z\u00f6ss\u00e9gen bel\u00fcli politikai folytonoss\u00e1gra utal. A 2024-es helyhat\u00f3s\u00e1gi v\u00e1laszt\u00e1sokon a tan\u00e1cs egyenl\u0151en oszlott meg a Nemzeti Liber\u00e1lis P\u00e1rt \u00e9s a Szoci\u00e1ldemokrata P\u00e1rt k\u00f6z\u00f6tt, egyenk\u00e9nt n\u00e9gy mand\u00e1tummal. A fennmarad\u00f3 h\u00e1rom helyet Zotica Nicolae \u00e9s Mathew Constantine k\u00e9pvisel\u0151k \u2013 akik val\u00f3sz\u00edn\u0171leg f\u00fcggetlenek vagy helyi politikai form\u00e1ci\u00f3k tagjai \u2013, valamint a Rom\u00e1nok Egys\u00e9g\u00e9\u00e9rt Sz\u00f6vets\u00e9g egyik tagja t\u00f6lti be, t\u00fckr\u00f6zve azt a pluralizmust, amely m\u00e9g a kis politikai test\u00fcletekre is jellemz\u0151.<\/p>\n<p>A v\u00e1ros turisztikai infrastrukt\u00far\u00e1ja, b\u00e1r tiszteletre m\u00e9lt\u00f3, mind dinamizmus, mind nyugalom id\u0151szakait megtapasztalta. Az 1980-as \u00e9vek v\u00e9g\u00e9t megel\u0151z\u0151 nagyj\u00e1b\u00f3l \u00f6tven \u00e9vben ritk\u00e1k voltak az \u00faj gy\u00f3gyf\u00fcrd\u0151i \u00e9p\u00fcletekbe t\u00f6rt\u00e9n\u0151 jelent\u0151s beruh\u00e1z\u00e1sok. Ezt a stagn\u00e1l\u00e1st csak a szakszervezeti tagok sz\u00e1m\u00e1ra \u00e9p\u00fclt sz\u00e1llodakomplexum szak\u00edtotta meg, amelyet a kommunista id\u0151szak utols\u00f3 \u00e9veiben \u00e9p\u00edtettek. Ez a komplexum, amely modern kezel\u0151l\u00e9tes\u00edtm\u00e9nyeir\u0151l \u00e9s kib\u0151v\u00edtett sz\u00e1ll\u00e1skapacit\u00e1s\u00e1r\u00f3l ismert, \u00faj lend\u00fcletet adott Govora \u00fcd\u00fcl\u0151szektor\u00e1nak. A posztkommunista korszakban a r\u00e9gebbi \u00e9p\u00fcletek fel\u00faj\u00edt\u00e1s\u00e1ra \u00e9s a kort\u00e1rs wellness-szolg\u00e1ltat\u00e1sok bevezet\u00e9s\u00e9re ir\u00e1nyul\u00f3 er\u0151fesz\u00edt\u00e9sek vegyes sikerrel j\u00e1rtak, amelyeket gyakran korl\u00e1toztak a gazdas\u00e1gi realit\u00e1sok \u00e9s a t\u00f6rt\u00e9nelmi \u00e9p\u00edt\u00e9szet meg\u0151rz\u00e9s\u00e9nek k\u00e9nyszere.<\/p>\n<p>A v\u00e1ros kultur\u00e1lis \u00e9s t\u00f6rt\u00e9nelmi nevezetess\u00e9gei gy\u00f3gy\u00edt\u00f3 vizein t\u00fal is gazdag\u00edtj\u00e1k az \u00f6r\u00f6ks\u00e9get. A 15. sz\u00e1zad elej\u00e9n Nagy Radu herceg \u00e1ltal alap\u00edtott govora-kolostor a k\u00f6z\u00e9pkori ol\u00e1h vall\u00e1soss\u00e1g \u00e9s p\u00e1rtfog\u00e1s maradand\u00f3 eml\u00e9km\u0171ve. \u00c9p\u00edt\u00e9szeti sz\u00f6vete, amelyet t\u00f6bbsz\u00f6r is restaur\u00e1ltak \u2013 legf\u0151k\u00e9ppen Constantin Br\u00e2ncoveanu v\u00e9dn\u00f6ks\u00e9ge alatt a 17. sz\u00e1zad v\u00e9g\u00e9n \u00e9s a 18. sz\u00e1zad elej\u00e9n \u2013, biz\u00e1nci \u00e9s helyi mot\u00edvumokat \u00f6tv\u00f6z. A kolostor t\u00f6bb mint egy imah\u00e1z, egyed\u00fcl\u00e1ll\u00f3 helyet foglal el a rom\u00e1n szellemt\u00f6rt\u00e9net kr\u00f3nik\u00e1iban. 1640-ben Matei Basarab bevezette Havasalf\u00f6ld els\u0151 nyomd\u00e1j\u00e1t a falai k\u00f6z\u00f6tt, \u00e9s ezzel l\u00e9trehozta a \u201ePravila de la Govora\u201d-t, az els\u0151 rom\u00e1n nyelv\u0171 t\u00f6rv\u00e9nyk\u00f6nyvet. Ez a govorai nyomd\u00e1b\u00f3l el\u0151ker\u00fclt kodifik\u00e1ci\u00f3 pontoss\u00e1got \u00e9s tekint\u00e9lyt k\u00f6lcs\u00f6nz\u00f6tt a rom\u00e1n k\u00f6znyelvnek, olyan nyelvi \u00e9s jogi m\u00e9rc\u00e9t \u00e1ll\u00edtva fel, amely gener\u00e1ci\u00f3kon \u00e1t ir\u00e1ny\u00edtotta a r\u00e9gi\u00f3 korm\u00e1nyz\u00e1s\u00e1t \u00e9s \u00edr\u00f3it. A k\u00e9s\u0151bbi nyomtatv\u00e1nyok k\u00f6z\u00f6tt szerepeltek Antim ivirei metropolita m\u0171vei, akinek ford\u00edt\u00e1sai \u00e9s teol\u00f3giai hozz\u00e1j\u00e1rul\u00e1sai tov\u00e1bb gazdag\u00edtott\u00e1k a rom\u00e1n levelek anyag\u00e1t.<\/p>\n<p>Govor\u00e1t\u00f3l n\u00e9h\u00e1ny kilom\u00e9terre \u00e1ll a Dintr-un Lemn kolostor, amelyet \u00e1ll\u00edt\u00f3lag a tizenhatodik vagy tizenhetedik sz\u00e1zadban alap\u00edtottak. M\u00e1r a neve is \u2013 \u201eEgyetlen f\u00e1r\u00f3l\u201d \u2013 az Alepp\u00f3i P\u00e1l \u00e1ltal feljegyzett legend\u00e1s eredetre utal, amely szerint \u00e1ll\u00edt\u00f3lag egy mag\u00e1nyos t\u00f6lgyfa adta a templom f\u00e1j\u00e1t. B\u00e1r kisebb \u00e9s kev\u00e9sb\u00e9 d\u00edszes, mint a Govora kolostor, a Dintr-un Lemn egyar\u00e1nt vonzza a zar\u00e1ndokokat \u00e9s a tud\u00f3sokat, akik k\u00edv\u00e1ncsiak a hit, a folkl\u00f3r \u00e9s az \u00e9p\u00edt\u00e9szet k\u00f6lcs\u00f6nhat\u00e1s\u00e1ra, amelyet megtestes\u00edt.<\/p>\n<p>Ezek a szerzetesi k\u00f6zpontok egy\u00fcttesen a havasalf\u00f6ldi t\u00f6rt\u00e9nelem t\u00e1gabb m\u00e1trix\u00e1ba \u00e1gyazz\u00e1k B\u0103ile Govor\u00e1t, \u00f6sszekapcsolva a v\u00e1ros modern ter\u00e1pi\u00e1s szerep\u00e9t \u00e9vsz\u00e1zados vall\u00e1si, kultur\u00e1lis \u00e9s intellektu\u00e1lis tev\u00e9kenys\u00e9ggel. Ez a kett\u0151s identit\u00e1s \u2013 f\u00fcrd\u0151v\u00e1ros \u00e9s az \u00f6r\u00f6ks\u00e9g \u0151rz\u0151je \u2013 hat\u00e1rozza meg Govora vonzerej\u00e9t. Az \u00edz\u00fcleti \u00e9s egy\u00e9b kr\u00f3nikus betegs\u00e9gek kezel\u00e9s\u00e9re v\u00e1gy\u00f3 l\u00e1togat\u00f3k a forr\u00e1sokban bev\u00e1lt kezel\u00e9si m\u00f3dot tal\u00e1lnak, de azok, akiknek van szem\u00fck a t\u00f6rt\u00e9nelem ir\u00e1nt, a k\u00f6z\u00e9pkori kolostorokban a rom\u00e1n \u00e1llamis\u00e1g \u00e9s spiritualit\u00e1s form\u00e1l\u00f3d\u00f3 korszakaira bukkannak.<\/p>\n<p>A v\u00e1rost alkot\u00f3 falvak \u2013 Cur\u0103turile, G\u0103teje\u015fti \u00e9s Prajila \u2013 a helyi hagyom\u00e1nyok r\u00e9tegeivel j\u00e1rulnak hozz\u00e1 az \u00f6sszk\u00e9phez. Ezek a telep\u00fcl\u00e9sek meg\u0151rizt\u00e9k a vid\u00e9ki \u00e9let maradv\u00e1nyait, a kisgazdas\u00e1gokt\u00f3l a d\u00e9l-rom\u00e1niai n\u00e9pi \u00e9p\u00edt\u00e9szetig, \u00e9s fenntartj\u00e1k az arat\u00e1s \u00e9s a vall\u00e1si \u00fcnnepek ritmus\u00e1t, amelyek a napt\u00e1rat meghat\u00e1rozz\u00e1k. Prajila, mint k\u00f6zigazgat\u00e1si k\u00f6zpont, \u00f6nkorm\u00e1nyzati hivataloknak ad otthont, \u00e9s a k\u00f6zszolg\u00e1ltat\u00e1sok csom\u00f3pontjak\u00e9nt m\u0171k\u00f6dik, m\u00edg Cur\u0103turile \u00e9s G\u0103teje\u015fti csendesebb, lak\u00f3\u00f6vezeti l\u00e9gk\u00f6rt \u0151rz. Egy\u00fcttesen olyan k\u00f6z\u00f6ss\u00e9gek konstell\u00e1ci\u00f3j\u00e1t alkotj\u00e1k, amelyek sorsa \u00f6sszefon\u00f3dik a gy\u00f3gyf\u00fcrd\u0151i turizmus apad\u00e1s\u00e1val \u00e9s hull\u00e1mz\u00e1s\u00e1val.<\/p>\n<p>Szer\u00e9ny m\u00e9rete ellen\u00e9re B\u0103ile Govora a rom\u00e1n ellen\u00e1ll\u00f3 k\u00e9pess\u00e9g mikrokozmoszak\u00e9nt ragadja meg a k\u00e9pzeletet. M\u00e9lyen gy\u00f6kerez\u0151 geol\u00f3giai er\u0151kb\u0151l sz\u00fcletett vizei k\u00f6zel sz\u00e1z\u00f6tven \u00e9ve vonzz\u00e1k a lakosokat \u00e9s a l\u00e1togat\u00f3kat. \u00c9vsz\u00e1zadokkal ezel\u0151tt \u00e9p\u00fclt kolostorai tov\u00e1bbra is lelkes\u00edtik az \u00e1h\u00edtatot \u00e9s a tudom\u00e1nyos munk\u00e1t. Politikai int\u00e9zm\u00e9nyei t\u00fckr\u00f6zik a kort\u00e1rs helyi \u00f6nkorm\u00e1nyzatok kiegyens\u00falyozott pluralizmus\u00e1t. Demogr\u00e1fiai profilja, b\u00e1r v\u00e1ltoz\u00f3ban van, tov\u00e1bbra is t\u00falnyom\u00f3r\u00e9szt rom\u00e1n \u00e9s ortodox, meger\u0151s\u00edtve a kultur\u00e1lis folytonoss\u00e1got, m\u00e9g akkor is, amikor az \u00faj gener\u00e1ci\u00f3k a gazdas\u00e1gi lehet\u0151s\u00e9geket a helyi k\u00f6tel\u00e9kekkel szemben m\u00e9rlegelik.<\/p>\n<p>Govora viz\u00e9nek tiszt\u00edt\u00f3 tisztas\u00e1ga \u2013 meleg tapint\u00e1s\u00fa, j\u00f3dban gazdag, s\u00f3s \u00edz\u0171 \u2013 bev\u00e1lt gy\u00f3gym\u00f3dnak bizonyult reum\u00e1s f\u00e1jdalmak \u00e9s m\u00e1s kr\u00f3nikus betegs\u00e9gek eset\u00e9n. A gondosan gy\u0171jt\u00f6tt \u00e9s felvitt s\u0171r\u0171, s\u00f6t\u00e9t szapropelikus iszap kieg\u00e9sz\u00edt\u0151 ter\u00e1pi\u00e1t biztos\u00edt, amely kieg\u00e9sz\u00edti a hidroter\u00e1pi\u00e1t. Az elm\u00falt \u00e9vtizedekben a fizikoter\u00e1pi\u00e1ban \u00e9s rehabilit\u00e1ci\u00f3ban k\u00e9pzett szakemberek bevezett\u00e9k a massz\u00e1zst, a fizioter\u00e1pi\u00e1t \u00e9s az elektroter\u00e1pi\u00e1t a hagyom\u00e1nyos kezel\u00e9sek kieg\u00e9sz\u00edt\u00e9sek\u00e9nt. A modern technik\u00e1k \u00e9s a patin\u00e1s term\u00e9szeti er\u0151forr\u00e1sok ilyen integr\u00e1l\u00e1sa j\u00f3l p\u00e9ld\u00e1zza a v\u00e1ros elk\u00f6telezetts\u00e9g\u00e9t mind a meg\u0151rz\u00e9s, mind az innov\u00e1ci\u00f3 ir\u00e1nt.<\/p>\n<p>Ugyanakkor a huszadik sz\u00e1zad eleji \u00e9p\u00fcletek \u2013 amelyek k\u00f6z\u00fcl n\u00e9h\u00e1ny m\u0171eml\u00e9kv\u00e9delem alatt \u00e1ll \u2013 fenntart\u00e1s\u00e1nak p\u00e9nz\u00fcgyi \u00e9s logisztikai kih\u00edv\u00e1sai gondos gondoz\u00e1st ig\u00e9nyelnek. A naps\u00fct\u00f6tte szob\u00e1ival rendelkez\u0151 Palace Hotel tov\u00e1bbra is \u00e9rt\u00e9kes \u00e9p\u00edt\u00e9szeti p\u00e9ldak\u00e9p, de folyamatos beruh\u00e1z\u00e1sokra van sz\u00fcks\u00e9g ahhoz, hogy megfeleljen a kort\u00e1rs biztons\u00e1gi \u00e9s k\u00e9nyelmi el\u0151\u00edr\u00e1soknak. A helyi hat\u00f3s\u00e1gok \u00e9s a mag\u00e1nbefektet\u0151k id\u0151nk\u00e9nt elt\u00e9rtek a fel\u00faj\u00edt\u00e1s \u00e9s a kereskedelmi hasznos\u00edt\u00e1s priorit\u00e1sair\u00f3l, ami a gazdas\u00e1gi fejl\u0151d\u00e9s \u00e9s a kultur\u00e1lis meg\u0151rz\u00e9s k\u00f6z\u00f6tti sz\u00e9lesebb k\u00f6r\u0171 fesz\u00fclts\u00e9geket t\u00fckr\u00f6zi.<\/p>\n<p>A k\u00f6z\u00f6ss\u00e9gi fesztiv\u00e1lok \u00e9s megeml\u00e9kez\u00e9sek a k\u00f6z\u00f6s identit\u00e1s pillanatait k\u00edn\u00e1lj\u00e1k. Tavasszal a szerzetesalap\u00edt\u00f3k l\u00fadl\u00e9pt\u00e9hez kapcsol\u00f3d\u00f3 szentek \u00fcnnepei k\u00f6rmeneteket \u00e9s liturgikus szertart\u00e1sokat hoznak a kolostor udvaraiba. Ny\u00e1ron biz\u00e1nci \u00e9nekek \u00e9s n\u00e9pzenei koncertek vonzz\u00e1k a k\u00f6z\u00f6ns\u00e9get R\u00e2mnicu V\u00e2lce\u00e1b\u00f3l \u00e9s azon t\u00falr\u00f3l. \u0150sszel arat\u00e1si \u00fcnneps\u00e9geket tartanak a falvakban, ahol a helyi term\u00e9kek \u2013 alma, szilva a \u0163uic\u0103-hoz, m\u00e9z \u2013 eljutnak a piaci standokra \u00e9s a l\u00e1togat\u00f3 vend\u00e9gek asztalaira. A t\u00e9li istentiszteletek, amelyeket gyertyaf\u00e9nyn\u00e9l tartanak a boltozatos mennyezet alatt, egy olyan kor csendes pomp\u00e1j\u00e1t id\u00e9zik fel, amikor az ima \u00e9s a nyomtat\u00e1s egy\u00fctt l\u00e9tezett a k\u0151falak k\u00f6z\u00f6tt.<\/p>\n<p>B\u0103ile Govora t\u00f6rt\u00e9nete a folyamatos meg\u00fajul\u00e1sr\u00f3l sz\u00f3l. Az 1876-os v\u00e9letlen tal\u00e1lkoz\u00e1st\u00f3l az \u00e9g\u0151 v\u00edzzel eg\u00e9szen napjaink kifinomult rehabilit\u00e1ci\u00f3s kezel\u00e9s\u00e9ig a v\u00e1ros term\u00e9szeti adotts\u00e1gait a fejl\u0151d\u0151 orvosi ismeretekhez \u00e9s a t\u00e1rsadalmi ig\u00e9nyekhez igaz\u00edtotta. A szerzetesi cell\u00e1kban sorra sorakoz\u00f3 fak\u00e1dak hely\u00e9t speci\u00e1lis kezel\u0151k\u00f6zpontok vett\u00e9k \u00e1t; a szer\u00e9ny, hord\u00f3kkal megrakott szekerek hely\u00e9t a modern cs\u0151vezet\u00e9kek \u00e9s term\u00e1l\u00e1llom\u00e1sok vett\u00e9k \u00e1t. M\u00e9gis minden szakaszban a vez\u00e9rfonal ugyanaz maradt: a hit a f\u00f6ld gy\u00f3gy\u00edt\u00f3 erej\u00e9ben.<\/p>\n<p>Ahogy Rom\u00e1nia bet\u00f6lti hely\u00e9t a t\u00e1gabb eur\u00f3pai kontextusban, a Govor\u00e1hoz hasonl\u00f3 kisv\u00e1rosok meg\u00fajult jelent\u0151s\u00e9gre tesznek szert. A turizmus holisztikus modellj\u00e9t testes\u00edtik meg \u2013 olyat, amely az eg\u00e9szs\u00e9get, a t\u00f6rt\u00e9nelmet \u00e9s a k\u00f6z\u00f6ss\u00e9get integr\u00e1lja egy \u00e9vsz\u00e1zados emberi er\u0151fesz\u00edt\u00e9sek \u00e1ltal form\u00e1lt k\u00f6rnyezetben. A balneol\u00f3gia kutat\u00f3i \u00e9s a kult\u00fara zar\u00e1ndokai sz\u00e1m\u00e1ra egyar\u00e1nt Govora f\u00fcrd\u0151 tanuls\u00e1gos p\u00e9ld\u00e1t k\u00edn\u00e1l a helyteremt\u00e9sre, amely mind a geol\u00f3gi\u00e1ban, mind a geneal\u00f3gi\u00e1ban gy\u00f6kerezik.<\/p>\n<p>A v\u00f6lgyben, ahol sz\u00e1mos forr\u00e1s tal\u00e1lkozik, a jelen tal\u00e1lkozik a m\u00falttal. Govora n\u00e9pe, ak\u00e1r r\u00e9g\u00f3ta itt \u00e9l\u0151k, ak\u00e1r csak az\u00e9rt j\u00f6nnek, hogy \u201evizet mer\u00edtsenek\u201d, egy olyan kontinuum r\u00e9szesei, amely mag\u00e1ban foglalja a paraszti tal\u00e1l\u00e9konys\u00e1got, a katonai-orvosi t\u00e1mogat\u00e1st, a szerzetesi tudom\u00e1nyos munk\u00e1t \u00e9s a modern \u00f6nkorm\u00e1nyzati korm\u00e1nyz\u00e1st. V\u00e1rosuk a term\u00e9szet m\u00e9ly v\u00edzt\u00e1roz\u00f3i \u00e9s az emberi t\u00f6rekv\u00e9sek k\u00f6z\u00f6tti folyamatos p\u00e1rbesz\u00e9det testes\u00edti meg. Tr\u00e1k-d\u00e1k nev\u00e9nek nyelv\u00e9n sz\u00f3lva, m\u00e9lyed\u00e9sk\u00e9nt \u2013 v\u00f6lgyk\u00e9nt \u2013 \u00e1ll, de egyben az \u00e9leter\u0151 forr\u00e1sak\u00e9nt is, ahol az id\u0151t\u00e1ll\u00f3 elemek tov\u00e1bbra is gy\u00f3gy\u00edtanak \u00e9s inspir\u00e1lnak.<\/p>","protected":false},"excerpt":{"rendered":"<p>A rom\u00e1niai V\u00e2lcea megy\u00e9ben tal\u00e1lhat\u00f3 B\u0103ile Govora t\u00f6rt\u00e9nelmi jelent\u0151s\u00e9g\u00e9r\u0151l \u00e9s gy\u00f3gy\u00e1szati \u200b\u200btulajdons\u00e1gair\u00f3l h\u00edres f\u00fcrd\u0151v\u00e1ros. Az Olt-foly\u00f3t\u00f3l nyugatra \u00e9s R\u00e2mnicu V\u00e2lce\u00e1t\u00f3l mintegy 20 kilom\u00e9terre d\u00e9lnyugatra tal\u00e1lhat\u00f3 ez a kis v\u00e1rosi falu Olt\u00e9nia t\u00f6rt\u00e9nelmi \u00f6vezet\u00e9ben, a 19. sz\u00e1zad v\u00e9gi gy\u00f3gy\u00fcd\u00fcl\u0151hely kezdete \u00f3ta folyamatosan n\u00f6vekedett. A v\u00e1ros a t\u00f6rt\u00e9nelem kedvel\u0151ir\u0151l \u00e9s az eg\u00e9szs\u00e9gre v\u00e1gy\u00f3kr\u00f3l egyar\u00e1nt ismert a term\u00e9szeti gy\u00f3gy\u00edt\u00f3 tulajdons\u00e1gok \u00e9s a kultur\u00e1lis \u00e9rt\u00e9k k\u00fcl\u00f6nleges kever\u00e9ke miatt.<\/p>","protected":false},"author":1,"featured_media":17588,"parent":11908,"menu_order":0,"comment_status":"closed","ping_status":"closed","template":"elementor_theme","meta":{"_eb_attr":"","footnotes":""},"class_list":["post-17023","page","type-page","status-publish","has-post-thumbnail"],"_links":{"self":[{"href":"https:\/\/travelshelper.com\/hu\/wp-json\/wp\/v2\/pages\/17023","targetHints":{"allow":["GET"]}}],"collection":[{"href":"https:\/\/travelshelper.com\/hu\/wp-json\/wp\/v2\/pages"}],"about":[{"href":"https:\/\/travelshelper.com\/hu\/wp-json\/wp\/v2\/types\/page"}],"author":[{"embeddable":true,"href":"https:\/\/travelshelper.com\/hu\/wp-json\/wp\/v2\/users\/1"}],"replies":[{"embeddable":true,"href":"https:\/\/travelshelper.com\/hu\/wp-json\/wp\/v2\/comments?post=17023"}],"version-history":[{"count":0,"href":"https:\/\/travelshelper.com\/hu\/wp-json\/wp\/v2\/pages\/17023\/revisions"}],"up":[{"embeddable":true,"href":"https:\/\/travelshelper.com\/hu\/wp-json\/wp\/v2\/pages\/11908"}],"wp:featuredmedia":[{"embeddable":true,"href":"https:\/\/travelshelper.com\/hu\/wp-json\/wp\/v2\/media\/17588"}],"wp:attachment":[{"href":"https:\/\/travelshelper.com\/hu\/wp-json\/wp\/v2\/media?parent=17023"}],"curies":[{"name":"wp","href":"https:\/\/api.w.org\/{rel}","templated":true}]}}