{"id":17002,"date":"2024-09-25T11:16:38","date_gmt":"2024-09-25T11:16:38","guid":{"rendered":"https:\/\/travelshelper.com\/staging\/?page_id=17002"},"modified":"2026-03-12T19:44:11","modified_gmt":"2026-03-12T19:44:11","slug":"pedras-salgadas","status":"publish","type":"page","link":"https:\/\/travelshelper.com\/hu\/destinations\/europe\/portugal\/pedras-salgadas\/","title":{"rendered":"Pedras Salgadas"},"content":{"rendered":"<p>Pedras Salgadas \u00c9szak-Portug\u00e1lia lank\u00e1ir\u00f3l emelkedik ki, ahol a f\u00f6ld lass\u00fa alk\u00edmi\u00e1ja tal\u00e1lkozik az emberi tal\u00e1l\u00e9konys\u00e1ggal. Egy elszigetelt fenns\u00edkon, 1263 m\u00e9terrel a tengerszint felett, h\u00fasz hekt\u00e1ron ter\u00fcl el, amelyet nyolc kilom\u00e9ternyi kanyarg\u00f3s \u00f6sv\u00e9ny tark\u00edt, mind\u00f6ssze egy \u00f3ra t\u00edz percnyi aut\u00f3\u00fatra Port\u00f3t\u00f3l, m\u00e9gis furcs\u00e1n elszakadt a v\u00e1rosi \u00e9let ritmus\u00e1t\u00f3l. Itt, egy olyan r\u00e9gi\u00f3ban, amelyet \u00e9rintetlen leveg\u0151j\u00e9r\u0151l \u00e9s panor\u00e1m\u00e1s kil\u00e1t\u00e1sair\u00f3l h\u00edresek, a tizenkilencedik sz\u00e1zadban sz\u00fcletett \u00f6r\u00f6ks\u00e9g bontakozik ki egy modern gy\u00f3gyf\u00fcrd\u0151ben \u00e9s term\u00e9szetv\u00e9delmi parkban, valamint egy \u00e1sv\u00e1nyv\u00edzm\u00e1rk\u00e1ban, amelynek pezsg\u0151s\u00e9ge vil\u00e1gszerte elismer\u00e9st szerzett. Pedras Salgadas nem csup\u00e1n egy \u00fati c\u00e9l; a hagyom\u00e1ny \u00e9s az innov\u00e1ci\u00f3 k\u00f6z\u00f6tti helyre\u00e1ll\u00edt\u00f3 szinergia maradand\u00f3 bizony\u00edt\u00e9ka, ahol maga az id\u0151 a wellness \u00f6sszetev\u0151j\u00e9v\u00e9 v\u00e1lik.<\/p>\n<p>A park bej\u00e1rat\u00e1hoz k\u00f6zeledve a t\u00f6lgy- \u00e9s gesztenyefa bor\u00edtotta t\u00e1j tiszteletet \u00e9breszt. Az \u00f6sv\u00e9nyek enyh\u00e9n kanyarognak a fel\u00faj\u00edtott tizenkilencedik sz\u00e1zadi \u00e9p\u00fcletek \u00e9s a modern, k\u00f6rnyezetbar\u00e1t sz\u00e1ll\u00e1shelyek k\u00f6z\u00f6tt, a kim\u00e9rt nyugalom vil\u00e1g\u00e1ba cs\u00e1b\u00edtva a l\u00e1togat\u00f3kat. M\u00e1r a sz\u00e1ll\u00e1shelyek kialak\u00edt\u00e1sa is m\u00e9ly tiszteletet sugall a hely ir\u00e1nt. A tizenhat \u00f6koh\u00e1z pal\u00e1t \u00e9s helyi f\u00e1t haszn\u00e1l, hogy beleolvadjon az erd\u0151 talaj\u00e1ba, \u00e9s minden lak\u00f3hely diszkr\u00e9t kil\u00e1t\u00e1st ny\u00fajt a k\u00f6rnyez\u0151 erd\u0151re. N\u00e9melyik \u00e9p\u00fclet ak\u00e1r hat vend\u00e9g befogad\u00e1s\u00e1ra is alkalmas, \u00edgy alkalmas csal\u00e1dok vagy kisv\u00e1llalkoz\u00e1sok sz\u00e1m\u00e1ra, m\u00edg Lu\u00eds Rebelo de Andrade fah\u00e1zai az \u00e1gak k\u00f6z\u00f6tt magasodnak, tisztelegve az \u00e9p\u00edt\u00e9szeti precizit\u00e1ssal finom\u00edtott gyermekkori elk\u00e9pzel\u00e9sek el\u0151tt. Minden gerenda \u00e9s ablakt\u00e1bla egy sz\u00e1nd\u00e9kos v\u00e1laszt\u00e1st t\u00fckr\u00f6z: tiszteletben tartani a t\u00e1j jelleg\u00e9t, ahelyett, hogy r\u00e1er\u0151ltetn\u00e9 mag\u00e1t.<\/p>\n<p>E f\u00e1s birodalom sz\u00edv\u00e9ben \u00e1ll a Term\u00e1lf\u00fcrd\u0151, egy \u00c1lvaro Siza Vieira \u00e1ltal \u00fajragondolt pavilon, amely hidat k\u00e9pez a tizenkilencedik sz\u00e1zad \u00e9s a jelen k\u00f6z\u00f6tt. Itt a v\u00edz ugyanabb\u00f3l a forr\u00e1sb\u00f3l t\u00f6r fel, amely Pedras Salgadas nev\u00e9t adta, gazdag kalciumban, magn\u00e9ziumban, bikarbon\u00e1tban \u00e9s sz\u00e1mos nyomelemben, amelyeket \u00e9vtizedekig tart\u00f3 f\u00f6ldalatti utaz\u00e1s sor\u00e1n sz\u00edvott fel. Ahogy az es\u0151v\u00edz a gr\u00e1nit reped\u00e9sein kereszt\u00fcl ezer m\u00e9ter m\u00e9lyre sz\u0171r\u0151dik, elnyeri \u00e1sv\u00e1nyi kincseit \u00e9s term\u00e9szetes pezsg\u00e9s\u00e9t. Amikor a felsz\u00ednre t\u00f6r, minden csepp a geol\u00f3giai id\u0151 \u00e9s nyom\u00e1s lenyomat\u00e1t viseli mag\u00e1n, ter\u00e1pi\u00e1s \u00e9lm\u00e9nyek sorozat\u00e1t ny\u00fajtva a f\u00fcrd\u0151z\u0151knek \u2013 a hidromassz\u00e1zs f\u00fclk\u00e9kt\u0151l \u00e9s a Vichy-zuhanyokt\u00f3l a term\u00e1lpakol\u00e1sokig \u2013, amelyek mindegyike az izmok nyugtat\u00e1s\u00e1ra \u00e9s az elme megnyugtat\u00e1s\u00e1ra van kalibr\u00e1lva. A fedett medenc\u00e9k, szaun\u00e1k \u00e9s hammamok egy olyan k\u00f6rforg\u00e1st tesznek teljess\u00e9, amely a f\u00fcrd\u0151kult\u00fara \u0151si gy\u00f6kereir\u0151l \u00e9s a kort\u00e1rs wellness-tudom\u00e1ny pontoss\u00e1g\u00e1r\u00f3l sz\u00f3l.<\/p>\n<p>A Pedras Salgadas azonban nem korl\u00e1toz\u00f3dik a passz\u00edv pihen\u00e9sre. Az erd\u0151 lombkoron\u00e1ja utat nyit egy \u00f6sv\u00e9nyh\u00e1l\u00f3zatnak, ahol a gyalogos \u00e9s ker\u00e9kp\u00e1ros t\u00far\u00e1k \u00f6sszefon\u00f3dnak, elvezetve a felfedez\u0151ket rejtett forr\u00e1sokhoz \u00e9s kil\u00e1t\u00f3pontokhoz. A kih\u00edv\u00e1st jelent\u0151, m\u00e9gis a n\u00f6v\u00e9nyzettel harmoniz\u00e1l\u00f3 fam\u00e1sz\u00f3 l\u00e9tes\u00edtm\u00e9nyek mellett egy teniszp\u00e1lya \u00e9s egy lovas k\u00f6zpont is tal\u00e1lhat\u00f3, amelyet ist\u00e1ll\u00f3ir\u00f3l \u00e9s lovagl\u00e1si lehet\u0151s\u00e9geir\u0151l dics\u00e9rnek. A gyerekeknek mened\u00e9ket ny\u00fajt egy szabadt\u00e9ri j\u00e1tsz\u00f3t\u00e9r \u00e9s egy k\u00fcl\u00f6n gyerekklub, m\u00edg a k\u00e9tmedenc\u00e9s komplexum, k\u00fcl\u00f6n feln\u0151tteknek \u00e9s fiatal vend\u00e9geknek fenntartott ter\u00fcletekkel, a szabad \u00e9g alatti k\u00f6z\u00f6s nevet\u00e9sre \u00f6szt\u00f6n\u00f6z. A kultur\u00e1lis k\u00edv\u00e1ncsis\u00e1g a Pedras \u00c9lm\u00e9nym\u00fazeumban tal\u00e1lja meg a hely\u00e9t, egy interakt\u00edv ki\u00e1ll\u00edt\u00e1son, amely a v\u00edz f\u00f6ldalatti \u00fatj\u00e1t, a park fejl\u0151d\u00e9s\u00e9t \u00e9s az eg\u00e9szs\u00e9g\u00fcgyi ritu\u00e1l\u00e9kat mutatja be, amelyek t\u00f6bb mint 150 \u00e9ve vonzz\u00e1k a zar\u00e1ndokokat ide.<\/p>\n<p>A Casa de Ch\u00e1 \u2013 Restaurante \u00e9tterm\u00e9ben elt\u00f6lt\u00f6tt \u00e9tkez\u00e9sek a region\u00e1lis alapanyagok \u00e9s az \u00e1tgondolt t\u00e1lal\u00e1s ir\u00e1nti elk\u00f6telezetts\u00e9get hangs\u00falyozz\u00e1k. Az Avelames b\u00e1rban elt\u00f6lt\u00f6tt est\u00e9k bili\u00e1rd vagy csocs\u00f3 mellett, csendes filmvet\u00edt\u00e9ssel, vagy egyszer\u0171en csak l\u00e1mp\u00e1sf\u00e9ny alatt halk besz\u00e9lget\u00e9sek k\u00eds\u00e9ret\u00e9ben zajlanak. Az \u00fczleti \u00f6sszej\u00f6vetelek \u00e9s a csal\u00e1di \u00fcnneps\u00e9gek egyar\u00e1nt rugalmasan alak\u00edthat\u00f3 terekben zajlanak, amelyek huszon\u00f6t-h\u00e1romsz\u00e1z\u00f6tven vend\u00e9g befogad\u00e1s\u00e1ra alkalmasak, audiovizu\u00e1lis t\u00e1mogat\u00e1ssal \u00e9s szem\u00e9lyre szabott cateringgel. A k\u00f6zvetlen interakci\u00f3 \u00f6szt\u00f6nz\u00e9se \u00e9rdek\u00e9ben a hivatalos csatorn\u00e1kon kereszt\u00fcl lebonyol\u00edtott foglal\u00e1sok tartalmazz\u00e1k a parkol\u00e1st, a reggelit \u00e9s a vezet\u00e9k n\u00e9lk\u00fcli internetet, tisztelegve a kort\u00e1rs utaz\u00f3k ig\u00e9nyei el\u0151tt, \u00e9s eml\u00e9keztetve arra, hogy a luxus gyakran az apr\u00f3 k\u00e9nyelmi szolg\u00e1ltat\u00e1sok z\u00f6kken\u0151mentes \u00f6sszehangol\u00e1s\u00e1ban rejlik.<\/p>\n<p>Ez a r\u00e9szletekre val\u00f3 odafigyel\u00e9s visszhangzik azok hangj\u00e1ban, akik m\u00e1r j\u00e1rt\u00e1k ezeket az utakat. A hiteles\u00edtett vend\u00e9g\u00e9rt\u00e9kel\u00e9sek \u00e1tlagosan 8,6-ot kapnak a 10-b\u0151l 723 \u00e9rt\u00e9kel\u00e9s alapj\u00e1n, k\u00fcl\u00f6n\u00f6s tekintettel a szem\u00e9lyzet melegs\u00e9g\u00e9re \u2013 a szem\u00e9lyzet tagjai figyelemre m\u00e9lt\u00f3 9,4-es \u00e9rt\u00e9kel\u00e9st kapnak \u2013, valamint a k\u00e9nyelemre (9,0), az elhelyezked\u00e9sre (9,1), a tisztas\u00e1gra (8,9) \u00e9s a kapcsolatokra (9,0). A l\u00e1togat\u00f3k \u201eh\u00e1zakr\u00f3l a term\u00e9szet k\u00f6zep\u00e9n\u201d \u00e9s a \u201eleny\u0171g\u00f6z\u0151 gy\u00f3gyf\u00fcrd\u0151r\u0151l\u201d besz\u00e9lnek, amely el\u0151seg\u00edti a mag\u00e1nyt \u00e9s a t\u00e1rsas\u00e1gi \u00e9letet. Az \u0151szinte \u00e9rt\u00e9kel\u00e9sek azonban a lehet\u0151s\u00e9geket is kiemelik: egyes vend\u00e9gek megjegyzik, hogy bizonyos term\u00e1lforr\u00e1sok t\u00e9len z\u00e1rva tartanak, \u00e9s azt sugallj\u00e1k, hogy egy r\u00e9gi sz\u00e1lloda\u00e9p\u00fclet fel\u00faj\u00edt\u00e1sa gazdag\u00edtan\u00e1 a park t\u00f6rt\u00e9nelmi folytonoss\u00e1g\u00e1t. A 7,5-\u00f6s \u00e1r-\u00e9rt\u00e9k ar\u00e1ny a pr\u00e9mium \u00e1rakkal kapcsolatos v\u00e9leked\u00e9sekre utal, arra \u00f6szt\u00f6n\u00f6zve a vezet\u0151s\u00e9get, hogy fontolja meg az \u00e1tfog\u00f3bb csomagokat vagy a szezon\u00e1lis prom\u00f3ci\u00f3kat, hogy a k\u00f6lts\u00e9geket pontosabban \u00f6sszehangolj\u00e1k az \u00e9lm\u00e9nnyel.<\/p>\n<p>M\u00edg a modern luxus hat\u00e1rozza meg a gy\u00f3gyf\u00fcrd\u0151t \u00e9s a parkot, az \u00c1gua das Pedras ugyanezt a hiteless\u00e9g szellem\u00e9t viszi az asztalokra \u00e9s a boltok polcaira szerte a vil\u00e1gon. Ott sz\u00fcletik, ahol az es\u0151v\u00edz egy szennyezetlen v\u00f6lgyfen\u00e9kre hullik 580 m\u00e9teres tengerszint feletti magass\u00e1gban, \u00e9s egy f\u00f6ldalatti utaz\u00e1sra indul, amely ak\u00e1r \u00e9vtizedekig is eltarthat. A repedezett gr\u00e1niton kereszt\u00fcli leereszked\u00e9s sor\u00e1n a f\u00f6ld m\u00e9ly\u00e9b\u0151l sz\u00e1rmaz\u00f3 sz\u00e9nsavas g\u00e1z \u00e1thatja a vizet, olyan bubor\u00e9kokkal \u00e1titatva, amelyek term\u00e9szetes \u00faton, nem pedig mesters\u00e9ges folyamatok r\u00e9v\u00e9n emelkednek fel. A felsz\u00ednre ker\u00fcl\u0151 v\u00edz egyszerre friss \u00e9s b\u00e1rsonyos, \u00e1sv\u00e1nyi anyagprofilja jellegzetes sz\u00e1j\u00e9rzetet \u00e9s a term\u00e9szetesen sz\u00e9nsavas forr\u00e1sok \u00ednyencei k\u00f6r\u00e9ben elismert h\u00edrnevet k\u00f6lcs\u00f6n\u00f6z.<\/p>\n<p>Az \u00c1gua das Pedras kereskedelmi t\u00f6rt\u00e9nete 1871-ben kezd\u0151d\u00f6tt a term\u00e1lforr\u00e1sok hivatalos kiakn\u00e1z\u00e1s\u00e1val, \u00e9s k\u00e9t \u00e9vvel k\u00e9s\u0151bb, a B\u00e9csi Nemzetk\u00f6zi Ki\u00e1ll\u00edt\u00e1son elnyert d\u00edjjal \u00e9rte el els\u0151 nemzetk\u00f6zi k\u00f6z\u00f6ns\u00e9g\u00e9t. A palackoz\u00f3 infrastrukt\u00fara 1893-ban jelent meg, kezdetben az orvosi rezsimek kiszolg\u00e1l\u00e1s\u00e1ra, mivel a klinikai igazgat\u00f3k 1907-re kodifik\u00e1lt\u00e1k a haszn\u00e1lati szab\u00e1lyokat. II. D. M\u00e1ria kir\u00e1lyn\u0151, D. Augusto inf\u00e1ns \u00e9s D. Fernando kir\u00e1ly 1884-es l\u00e1togat\u00e1sai kir\u00e1lyi preszt\u00edzst k\u00f6lcs\u00f6n\u00f6ztek a bornak, ut\u00f3bbi tisztelet\u00e9re m\u00e9g egy forr\u00e1st is elneveztek r\u00f3la. Ez a p\u00e1rtfog\u00e1s emelte a forr\u00e1sok tekint\u00e9ly\u00e9t Eur\u00f3pa elitj\u00e9ben, \u00e9s mint\u00e1t adott a preszt\u00edzsnek, amelyet a m\u00e1rka az\u00f3ta is fenntart.<\/p>\n<p>A huszadik sz\u00e1zad folyam\u00e1n az \u00c1gua das Pedras k\u00f6r\u00fcltekint\u0151 marketinggel kezelte a fogyaszt\u00f3i \u00edzl\u00e9s v\u00e1ltoz\u00e1sait. Az 1970-es szlogen \u2013 \u201eMinden \u00f3ra alkalmas az \u00c1gua das Pedras fogyaszt\u00e1s\u00e1ra\u201d \u2013 sz\u00e9lesebb k\u00f6r\u0171 elfogadotts\u00e1got hozott a gy\u00f3gy\u00e1szati \u200b\u200bhat\u00e1rokon t\u00fal, m\u00edg egy high-tech palackoz\u00f3\u00fczem 1994-es megnyit\u00e1sa biztos\u00edtotta a glob\u00e1lis forgalmaz\u00e1s kapacit\u00e1s\u00e1t. A huszonegyedik sz\u00e1zad elej\u00e9n a kamp\u00e1nyok \u2013 \u201eEgyens\u00falyban\u201d, \u201eA term\u00e9szet hozta el neked\u201d \u00e9s a Daniela Ruah sz\u00edn\u00e9szn\u0151 \u00e1ltal vezetett \u201e\u00c9lettel teli v\u00edz\u201d \u2013 egy vir\u00e1gz\u00f3 wellness mozgalomr\u00f3l sz\u00f3ltak. Az olyan m\u00e9rf\u00f6ldk\u00f6vek, mint a 2021-es 150. \u00e9vfordul\u00f3t \u00fcnnepl\u0151 limit\u00e1lt kiad\u00e1s\u00fa palack, valamint az \u00e9lm\u00e9nyakci\u00f3k \u2013 a park 2012-es megnyit\u00e1sa \u00e9s a Pedras \u00c9lm\u00e9nym\u00fazeum 2018-as megnyit\u00e1sa \u2013 a m\u00e1rk\u00e1t \u00e1rucikkb\u0151l \u00e9letm\u00f3d-aj\u00e1nlatt\u00e1 alak\u00edtott\u00e1k, arra \u00f6szt\u00f6n\u00f6zve a fogyaszt\u00f3kat, hogy l\u00e9pjenek be a t\u00f6rt\u00e9netbe, ahelyett, hogy csup\u00e1n kortyoln\u00e1nak bel\u0151le.<\/p>\n<p>A v\u00edz \u00e9s az erd\u0151, az \u00f6r\u00f6ks\u00e9g \u00e9s a design k\u00f6lcs\u00f6nhat\u00e1sa \u00e9vszakonk\u00e9nt fenntartja Pedras Salgadas vonzerej\u00e9t. Eredeti k\u0151h\u00e1zai \u00e9s k\u00fariahomlokzatai egy let\u0171nt kor eml\u00e9km\u0171vei maradtak fenn, id\u0151j\u00e1r\u00e1s viszontags\u00e1gait\u00f3l kopott falaikat a faburkolat\u00fa bungal\u00f3k \u00e9s az \u00fcvegfal\u00fa pavilonok letisztult vonalai ellens\u00falyozz\u00e1k. A fenntarthat\u00f3 gyakorlatok \u2013 az es\u0151v\u00edzgy\u0171jt\u00e9s, a napelemek \u00e9s a geotermikus f\u0171t\u00e9s \u2013 egy\u00fctt l\u00e9teznek az \u0151shonos n\u00f6v\u00e9ny- \u00e9s \u00e1llatvil\u00e1g v\u00e9delm\u00e9re ir\u00e1nyul\u00f3 er\u0151fesz\u00edt\u00e9sekkel, biztos\u00edtva, hogy a park j\u00f6v\u0151je ugyanolyan biztons\u00e1gos legyen, mint amilyen gazdag a m\u00faltja. A vezet\u0151s\u00e9g 2019-ben ind\u00edtott Giving Back kezdem\u00e9nyez\u00e9se a bev\u00e9telek egy r\u00e9sz\u00e9t helyi k\u00f6rnyezetv\u00e9delmi \u00e9s t\u00e1rsadalmi projektekbe ford\u00edtja, m\u00edg a 2020-ban bevezetett \u201eHadd gondoskodjon r\u00f3lad a term\u00e9szet\u201d szellemis\u00e9ge azt a filoz\u00f3fi\u00e1t hangs\u00falyozza, amelyben az emberi j\u00f3l\u00e9t elv\u00e1laszthatatlan az \u00f6kosziszt\u00e9ma eg\u00e9szs\u00e9g\u00e9t\u0151l.<\/p>\n<p>V\u00e9gs\u0151 soron a Pedras Salgadas p\u00e9lda\u00e9rt\u00e9k\u0171 p\u00e9lda arra, hogyan egyes\u00fclhet a kultur\u00e1lis \u00f6r\u00f6ks\u00e9g \u00e9s a kort\u00e1rs ell\u00e1t\u00e1s, hogy t\u00e1pl\u00e1lja a testet \u00e9s a lelket. \u00c1sv\u00e1nyvizei, melyeket \u00e9letek sor\u00e1n lassan pr\u00e9selnek \u00e1t a f\u00f6ld m\u00e9ly\u00e9n, t\u00fckr\u00f6zik a l\u00e9tes\u00edtm\u00e9ny saj\u00e1t fejl\u0151d\u00e9s\u00e9t \u2013 a kir\u00e1lyi mened\u00e9kt\u0151l a modern wellness-c\u00e9lpontig. Ak\u00e1r az erdei \u00f6sv\u00e9nyek szolidarit\u00e1s\u00e1t, ak\u00e1r a term\u00e1lf\u00fcrd\u0151 helyre\u00e1ll\u00edt\u00f3 b\u00f6lcs\u0151j\u00e9t, ak\u00e1r egy poh\u00e1r sz\u00e9nsavas forr\u00e1sv\u00edz egyszer\u0171 \u00e9lvezet\u00e9t, ak\u00e1r a csal\u00e1di \u00f6sszej\u00f6vetelek k\u00f6z\u00f6s nevet\u00e9s\u00e9t keresi a vend\u00e9g, a Pedras Salgadas tart\u00f3s p\u00e1rbesz\u00e9det k\u00edn\u00e1l a m\u00falt \u00e9s a jelen k\u00f6z\u00f6tt. Ebben a p\u00e1rbesz\u00e9dben minden l\u00e9p\u00e9s a moh\u00e1val szeg\u00e9lyezett \u00f6sv\u00e9nyeken \u00e9s minden korty term\u00e9szetesen sz\u00e9nsavas v\u00edz meger\u0151s\u00edt egy \u0151si igazs\u00e1got: leg\u00e9rt\u00e9kesebb er\u0151forr\u00e1saink a felsz\u00edn alatt \u00e1ramlanak, \u00e9s arra v\u00e1rnak, hogy gondos gondoskod\u00e1s hozza \u0151ket napvil\u00e1gra.<\/p>","protected":false},"excerpt":{"rendered":"<p>Pedras Salgadas, egy kis f\u00fcrd\u0151v\u00e1ros, amely \u00c9szak-Portug\u00e1lia Vila Real ker\u00fclet\u00e9ben tal\u00e1lhat\u00f3, korl\u00e1tozott lakoss\u00e1g\u00fa, ami jav\u00edtja a nyugodt k\u00f6rnyezetet. A j\u00e1r\u00e1si sz\u00e9khelyt\u0151l mintegy 37 kilom\u00e9terre \u00e9szakra tal\u00e1lhat\u00f3 ez a kis v\u00e1ros egyed\u00fcl\u00e1ll\u00f3 \u00e1sv\u00e1nyv\u00edzforr\u00e1saival, amelyek m\u00e1ra meghat\u00e1rozz\u00e1k karakter\u00e9t \u00e9s gazdas\u00e1g\u00e1t.<\/p>","protected":false},"author":1,"featured_media":17474,"parent":12065,"menu_order":0,"comment_status":"closed","ping_status":"closed","template":"elementor_theme","meta":{"_eb_attr":"","footnotes":""},"class_list":["post-17002","page","type-page","status-publish","has-post-thumbnail"],"_links":{"self":[{"href":"https:\/\/travelshelper.com\/hu\/wp-json\/wp\/v2\/pages\/17002","targetHints":{"allow":["GET"]}}],"collection":[{"href":"https:\/\/travelshelper.com\/hu\/wp-json\/wp\/v2\/pages"}],"about":[{"href":"https:\/\/travelshelper.com\/hu\/wp-json\/wp\/v2\/types\/page"}],"author":[{"embeddable":true,"href":"https:\/\/travelshelper.com\/hu\/wp-json\/wp\/v2\/users\/1"}],"replies":[{"embeddable":true,"href":"https:\/\/travelshelper.com\/hu\/wp-json\/wp\/v2\/comments?post=17002"}],"version-history":[{"count":0,"href":"https:\/\/travelshelper.com\/hu\/wp-json\/wp\/v2\/pages\/17002\/revisions"}],"up":[{"embeddable":true,"href":"https:\/\/travelshelper.com\/hu\/wp-json\/wp\/v2\/pages\/12065"}],"wp:featuredmedia":[{"embeddable":true,"href":"https:\/\/travelshelper.com\/hu\/wp-json\/wp\/v2\/media\/17474"}],"wp:attachment":[{"href":"https:\/\/travelshelper.com\/hu\/wp-json\/wp\/v2\/media?parent=17002"}],"curies":[{"name":"wp","href":"https:\/\/api.w.org\/{rel}","templated":true}]}}