{"id":16989,"date":"2024-09-24T16:50:33","date_gmt":"2024-09-24T16:50:33","guid":{"rendered":"https:\/\/travelshelper.com\/staging\/?page_id=16989"},"modified":"2026-03-12T19:43:13","modified_gmt":"2026-03-12T19:43:13","slug":"monchique-hegyseg","status":"publish","type":"page","link":"https:\/\/travelshelper.com\/hu\/destinations\/europe\/portugal\/serra-de-monchique\/","title":{"rendered":"Monchique-hegys\u00e9g"},"content":{"rendered":"<p>A Serra de Monchique meredeken emelkedik ki a nyugati Algarve hull\u00e1mz\u00f3 s\u00edks\u00e1gaib\u00f3l, egy nagyj\u00e1b\u00f3l h\u00fasz kilom\u00e9terre a sz\u00e1razf\u00f6ld belsej\u00e9ben fekv\u0151, t\u00f6m\u00f6r hegyl\u00e1ncb\u00f3l, amely m\u00e9gis D\u00e9l-Portug\u00e1lia egyik legkiemelked\u0151bb magaslata. Legmagasabb cs\u00facsa, a F\u00f3ia, 902 m\u00e9terrel a tengerszint felett emelkedik, \u00e9s 172,69 kilom\u00e9teres elszigetelts\u00e9ggel rendelkezik, \u00edgy egyr\u00e9szt az Algarve legmagasabb pontja, m\u00e1sr\u00e9szt Portug\u00e1lia egyik legmag\u00e1nyosabb cs\u00facsa. Egy m\u00e1sodlagos cs\u00facs, a Picota, 774 m\u00e9tert \u00e9r el, m\u00e9lys\u00e9get adva a hegys\u00e9g szer\u00e9ny, m\u00e9gis felt\u0171n\u0151 profilj\u00e1hoz. A lejt\u0151k\u00f6n \u00e9s v\u00f6lgyekben sz\u00e9tsz\u00f3rva egy kis, sz\u00e9tsz\u00f3rt lakoss\u00e1g \u00e9vsz\u00e1zados kapcsolatokat \u00e1pol ezzel a vid\u00e9kkel, ahol a f\u00f6ldrajz, a geol\u00f3gia, a n\u00f6v\u00e9ny- \u00e9s \u00e1llatvil\u00e1g \u00f6sszefon\u00f3dik, hogy egyed\u00fcl\u00e1ll\u00f3 karakter\u0171 helyet alkosson.<\/p>\n<p>Az Ib\u00e9riai-f\u00e9lsziget legd\u00e9lnyugatibb hegyvonulatak\u00e9nt elfoglalt st\u00e1tusza al\u00e1t\u00e1masztja egyedi identit\u00e1s\u00e1t. Itt az Atlanti-\u00f3ce\u00e1n m\u00e9rs\u00e9kelt hat\u00e1sa \u00f6sszefon\u00f3dik a tengerszint feletti magass\u00e1ggal. Nedves szubtr\u00f3pusi k\u00f6r\u00fclm\u00e9nyek uralkodnak, amelyek \u00e1tlagos \u00e9ves csapad\u00e9kmennyis\u00e9ge 1000 \u00e9s 2000 millim\u00e9ter k\u00f6z\u00f6tt van. Az enyhe h\u0151m\u00e9rs\u00e9klet \u00e9s a b\u0151s\u00e9ges nedvess\u00e9g fenntartja a m\u00e9rs\u00e9kelt \u00e9g\u00f6vi r\u00e9gi\u00f3kra jellemz\u0151bb z\u00f6ld n\u00f6v\u00e9nyzetet, mint az Algarve \u00e1ltal\u00e1ban sz\u00e1raz k\u00f6rnyezet\u00e9t. A monchique-t\u00f6lgy \u00e9s a k\u00f6z\u00f6ns\u00e9ges t\u00f6lgy olyan fajok mellett vir\u00e1gzik, amelyek ritk\u00e1n fordulnak el\u0151 ilyen d\u00e9len \u2013 a gesztenyef\u00e1k, a portug\u00e1l t\u00f6lgyek \u00e9s a z\u00f6m\u00f6k t\u00f6lgyfa tark\u00edtja a lejt\u0151ket, egy erd\u0151s birodalmat id\u00e9zve az alf\u00f6ldi s\u00edks\u00e1gok ellenpontjak\u00e9nt.<\/p>\n<p>Ezeket az erd\u0151ket azonban az emberi tev\u00e9kenys\u00e9g m\u00e9lyrehat\u00f3an megv\u00e1ltoztatta. Az 1970-es \u00e9vek k\u00f6zep\u00e9n hatalmas \u0151shonos erd\u0151ter\u00fcleteket alak\u00edtottak \u00e1t eukaliptusz-, feny\u0151- \u00e9s ak\u00e1c\u00fcltetv\u00e9nyekk\u00e9. B\u00e1r ezek a gyorsan n\u00f6v\u0151 f\u00e1k kereskedelmi c\u00e9lokat \u00e9s a cellul\u00f3zipart t\u00e1mogatj\u00e1k, meredek \u00f6kol\u00f3giai k\u00e1rokat okoznak: kimer\u00edtik a talajv\u00edzk\u00e9szleteket, elnyomj\u00e1k az aljn\u00f6v\u00e9nyzet biodiverzit\u00e1s\u00e1t, \u00e9s olyan k\u00f6rnyezetet teremtenek, amelyben az egykor \u00e9vel\u0151 patakok az \u00e9v nagy r\u00e9sz\u00e9ben kisz\u00e1radnak. Az \u0151shonos erd\u0151kr\u0151l a haszonn\u00f6v\u00e9nyekkel t\u00f6rt\u00e9n\u0151 erd\u0151gazd\u00e1lkod\u00e1sra val\u00f3 \u00e1tt\u00e9r\u00e9s felbor\u00edtotta azt az egyens\u00falyt, amely mind a n\u00f6v\u00e9ny-, mind az \u00e1llatvil\u00e1got fenntartotta, sebezhet\u0151v\u00e9 t\u00e9ve az endemikus fajokat, \u00e9s a helyi v\u00edzi utak sz\u0171k\u00fclnek.<\/p>\n<p>A dombok \u00e1ltal t\u00e1pl\u00e1lt k\u00f6z\u00f6ss\u00e9gek k\u00f6z\u00fcl Monchique a nev\u00e9t adja az eg\u00e9sz hegys\u00e9gnek. A z\u00f6ldell\u0151 lejt\u0151k k\u00f6z\u00f6tt megb\u00fav\u00f3 v\u00e1ros a tart\u00f3s kultur\u00e1lis folytonoss\u00e1g bizony\u00edt\u00e9ka. Keskeny utc\u00e1i, feh\u00e9rre meszelt homlokzatai \u00e9s gr\u00e1nittal burkolt terei olyan gener\u00e1ci\u00f3kr\u00f3l tan\u00faskodnak, amelyek a mez\u0151gazdas\u00e1gb\u00f3l, az erd\u0151gazd\u00e1lkod\u00e1sb\u00f3l \u00e9s a hegyek gy\u00f3gy\u00edt\u00f3 viz\u00e9b\u0151l \u00e9ltek. A k\u00f6zelben tal\u00e1lhat\u00f3 Caldas de Monchique f\u00fcrd\u0151v\u00e1ros a ter\u00e1pi\u00e1s tulajdons\u00e1gokkal rendelkez\u0151 geotermikus forr\u00e1sokra \u00e9p\u00edt. Az ott tal\u00e1lhat\u00f3 k\u00e1polna, amely magn\u00f3lialigetekben \u2013 amelyek k\u00f6z\u00f6tt Eur\u00f3pa legnagyobbja tal\u00e1lhat\u00f3 \u2013 tal\u00e1lhat\u00f3, a term\u00e1lkomplexumra \u00e9s a buja n\u00f6v\u00e9nyzet\u0171 parkra n\u00e9z, amely a p\u00e1ratartalomnak \u00e9s a magm\u00e1s k\u0151zetb\u0151l sz\u00e1rmaz\u00f3 term\u00e9keny talajnak k\u00f6sz\u00f6nhet\u0151en vir\u00e1gzik.<\/p>\n<p>Ezek a talajok gazdags\u00e1gukat a foyaitnak k\u00f6sz\u00f6nhetik, amely a nefelin-szienit egy helyi fajt\u00e1ja, amelyet a F\u00f3ia-i t\u00edpuslel\u0151hely\u00e9r\u0151l neveztek el. A Serra de Monchique a k\u00e9s\u0151 kr\u00e9ta kori ib\u00e9riai alk\u00e1li magm\u00e1s tartom\u00e1ny r\u00e9sze, egy olyan geol\u00f3giai tartom\u00e1ny, amely sz\u00e1razf\u00f6ldi intr\u00fazi\u00f3kat egyes\u00edt olyan tengeri k\u00e9pz\u0151dm\u00e9nyekkel, mint a Gorringe-padk\u00e1n tal\u00e1lhat\u00f3 Mount Ormonde fen\u00e9khegy. Maga a Monchique-intr\u00fazi\u00f3 k\u00f6r\u00fclbel\u00fcl 63 n\u00e9gyzetkilom\u00e9tert foglal el, \u00e9s a negyedik legnagyobb dokument\u00e1lt miaskit nefelin-szienit k\u00e9pz\u0151dm\u00e9ny. Sz\u00e9les k\u00f6rben lakkolitikus form\u00e1j\u00e1ra a k\u00f6r\u00fcl\u00f6tte l\u00e9v\u0151 Breijera form\u00e1ci\u00f3val val\u00f3 sima \u00e9rintkez\u00e9sb\u0151l k\u00f6vetkeztetnek, ahol pszammit, agyagpala \u00e9s m\u00e1rga t\u00f6rt alak\u00fa kib\u00fav\u00e1sokban jelenik meg.<\/p>\n<p>A hegys\u00e9g magj\u00e1ban k\u00e9t k\u00fcl\u00f6n\u00e1ll\u00f3 helyen hasonl\u00f3 foyait \u00f6sszet\u00e9tel\u0171 pegmatitok jelennek meg, m\u00edg egy kapcsol\u00f3d\u00f3 lamprof\u00edrokb\u00f3l \u00e9s pikritekb\u0151l \u00e1ll\u00f3 tel\u00e9rraj k\u00f6zel h\u00e1rom kilom\u00e9terre ny\u00falik ki F\u00f3i\u00e1t\u00f3l. Ezek a k\u00e9pz\u0151dm\u00e9nyek betekint\u00e9st ny\u00fajtanak a plutonikus \u00e9s vulkanikus er\u0151kbe, amelyek a fogyatkoz\u00f3 kr\u00e9ta korban form\u00e1lt\u00e1k a r\u00e9gi\u00f3 alapk\u0151zet\u00e9t. Nyugaton a Breijera-form\u00e1ci\u00f3 zord domborzata dr\u00e1mai szurdokokat \u00e9s meredek kanyonokat v\u00e1j ki, csupasz pszamit- \u00e9s m\u00e1rgar\u00e9tegeik \u00e9les ellent\u00e9tben \u00e1llnak a szienit-hegys\u00e9g sim\u00e1bb lejt\u0151ivel.<\/p>\n<p>V\u00edzi szempontb\u00f3l a Serra de Monchique az Algarve sz\u00e1mos f\u0151 foly\u00f3j\u00e1nak forr\u00e1sak\u00e9nt szolg\u00e1l. A Ribeira de Seixe, a Ribeira de Aljezur (m\u00e1s n\u00e9ven da Cerca) \u00e9s a Ribeira de Odi\u00e1xere, valamint olyan kisebb patakok, mint a Ribeira de Monchique \u00e9s a Ribeira de Boina, mind a hegyvid\u00e9ken erednek. Ezek a v\u00edzi utak nemcsak az als\u00f3bb foly\u00e1sir\u00e1nyban fekv\u0151 mez\u0151gazdas\u00e1gi ter\u00fcleteket \u00f6nt\u00f6zik, hanem a parti \u00f6kosziszt\u00e9m\u00e1kat is t\u00e1pl\u00e1lj\u00e1k. T\u00f6rt\u00e9nelmileg ezek k\u00f6z\u00fcl a patakok k\u00f6z\u00fcl sok eg\u00e9sz \u00e9vben folyt; az eukaliptusztermeszt\u00e9s 1976-os intenz\u00edvebb\u00e9 v\u00e1l\u00e1sa \u00f3ta azonban gyakran kisz\u00e1radnak, \u00e9s a region\u00e1lis talajv\u00edzszint jelent\u0151sen cs\u00f6kkent, vesz\u00e9lyeztetve mind az emberi, mind az \u00f6kol\u00f3giai k\u00f6z\u00f6ss\u00e9geket.<\/p>\n<p>A Serra de Monchique jelent\u0151s term\u00e9szetv\u00e9delmi aggodalomra okot ad\u00f3 n\u00f6v\u00e9ny- \u00e9s \u00e1llatvil\u00e1gnak ad otthont. A bonelli sas, egy fens\u00e9ges ragadoz\u00f3 mad\u00e1r, amelynek vad\u00e1szter\u00fclete egykor D\u00e9l-Eur\u00f3pa nagy r\u00e9sz\u00e9re kiterjedt, most a helyi kipusztul\u00e1s sz\u00e9l\u00e9n \u00e1ll, mivel a megfelel\u0151 f\u00e9szkel\u0151helyek fogynak, \u00e9s a zs\u00e1km\u00e1ny megritkul. Hasonl\u00f3an vesz\u00e9lyeztetett az ib\u00e9riai smaragdgy\u00edk, egy \u00e9l\u00e9nk sz\u00edn\u0171 pikkelyes h\u00fcll\u0151, amely a hegys\u00e9g erd\u0151s lejt\u0151inek h\u0171v\u00f6sebb, nedvesebb mikrokl\u00edm\u00e1j\u00e1t\u00f3l f\u00fcgg. Mindk\u00e9t faj, t\u00f6bbek k\u00f6z\u00f6tt, az Eur\u00f3pai Uni\u00f3 ir\u00e1nyelvei v\u00e9delme alatt \u00e1ll, \u00e9s a ter\u00fclet Natura 2000 ter\u00fcletk\u00e9nt van kijel\u00f6lve a PTCON0037, amely mad\u00e1rv\u00e9delmi ter\u00fcletk\u00e9nt \u00e9s k\u00f6z\u00f6ss\u00e9gi jelent\u0151s\u00e9g\u0171 \u00e9l\u0151helyk\u00e9nt van nyilv\u00e1ntartva.<\/p>\n<p>B\u00e1r a Natura 2000 h\u00e1l\u00f3zat jogi keretet biztos\u00edt a term\u00e9szetv\u00e9delemhez, a hat\u00e9kony gazd\u00e1lkod\u00e1s tov\u00e1bbra is komoly kih\u00edv\u00e1st jelent. Az idegenhonos \u00fcltetv\u00e9nyek okozta hidrol\u00f3giai stressz tov\u00e1bbra is al\u00e1\u00e1ssa a parti folyos\u00f3kat. A talajv\u00edz kimer\u00fcl\u00e9se n\u00f6veli az erd\u0151t\u00fczek kock\u00e1zat\u00e1t \u00e9s rontja a talaj term\u00e9kenys\u00e9g\u00e9t. A monchique-i \u00e9s a k\u00f6z\u00f6ns\u00e9ges t\u00f6lgy, valamint a szel\u00eddt\u00f6lgy \u00e9s a portug\u00e1l t\u00f6lgy inherens ellen\u00e1ll\u00f3 k\u00e9pess\u00e9ge azonban olyan alapot k\u00edn\u00e1l, amelyre a helyre\u00e1ll\u00edt\u00e1si er\u0151fesz\u00edt\u00e9sek \u00e9p\u00fclhetnek. Elkezd\u0151dtek a helyi kezdem\u00e9nyez\u00e9sek az eukaliptusz\u00e1llom\u00e1nyok \u0151shonos fajokkal val\u00f3 helyettes\u00edt\u00e9s\u00e9re \u00e9s a parti v\u00e9d\u0151z\u00f3n\u00e1k \u00fajraerd\u0151s\u00edt\u00e9s\u00e9re, de a halad\u00e1s fokozatos.<\/p>\n<p>Ezen nyom\u00e1s ellen\u00e9re a Serra de Monchique szinte k\u00e9zzelfoghat\u00f3an meg\u0151rizte helyhez k\u00f6t\u00f6tts\u00e9g\u00e9t. Cs\u00facsai panor\u00e1m\u00e1s kil\u00e1t\u00e1st ny\u00fajtanak az Atlanti-\u00f3ce\u00e1nra \u00e9s az Algarve part menti s\u00edks\u00e1gaira; hajnalban gyakran k\u00f6d gy\u0171lik a v\u00f6lgyek alj\u00e1n, csendes nagyszer\u0171s\u00e9get k\u00f6lcs\u00f6n\u00f6zve a t\u00e1jnak. Caldas de Monchique magasod\u00f3 magn\u00f3li\u00e1ja n\u00e9ma tan\u00faja a geol\u00f3gia, az \u00e9ghajlat \u00e9s az emberi t\u00f6rt\u00e9nelem tal\u00e1lkoz\u00e1s\u00e1nak. \u00c1gai alatt az \u00e1sv\u00e1nyv\u00edzforr\u00e1sok az \u00f3kor \u00f3ta vonzz\u00e1k a l\u00e1togat\u00f3kat, viz\u00fck a m\u00e9lys\u00e9gben felmelegedett, repedezett k\u0151zetb\u0151l t\u00f6r fel.<\/p>\n<p>A r\u00e9gi\u00f3 vitalit\u00e1sa a haszn\u00e1lat \u00e9s a meg\u0151rz\u00e9s egyens\u00faly\u00e1t\u00f3l f\u00fcgg. A term\u00e9keny talaj \u2013 amelyet a p\u00e1r\u00e1s szubtr\u00f3pusi es\u0151k \u00e9s a foyait \u00e1sv\u00e1nyi gazdags\u00e1ga t\u00e1pl\u00e1l \u2013 mind a hagyom\u00e1nyos gy\u00fcm\u00f6lcs\u00f6s\u00f6ket, mind a felt\u00f6rekv\u0151, alacsony k\u00f6rnyezeti hat\u00e1s\u00fa mez\u0151gazdas\u00e1got t\u00e1mogatja. Az agroerd\u00e9szeti modellek, amelyek az \u0151shonos t\u00f6lgyeket gy\u00fcm\u00f6lcsf\u00e1kkal \u00e9s olajf\u00e1kkal tark\u00edtj\u00e1k, \u00edg\u00e9retesek a meg\u00e9lhet\u00e9s fenntart\u00e1sa \u00e9s a biol\u00f3giai sokf\u00e9les\u00e9g n\u00f6vel\u00e9se szempontj\u00e1b\u00f3l. Ahogy a term\u00e9szetre \u00e9s a wellnessre \u00f6sszpontos\u00edt\u00f3 turizmus n\u00f6vekszik, az \u00e9rdekelt felek azzal a feladattal szembes\u00fclnek, hogy a l\u00e1togat\u00f3kat an\u00e9lk\u00fcl fogadj\u00e1k, hogy azok k\u00e1ros\u00edtan\u00e1k a hegyeket \u00e9ltet\u0151 \u00e9rt\u00e9keket.<\/p>\n<p>A Serra de Monchique l\u00e9nyeg\u00e9ben a term\u00e9szeti er\u0151k \u00e9s az emberi er\u0151fesz\u00edt\u00e9sek k\u00f6lcs\u00f6nhat\u00e1s\u00e1t testes\u00edti meg. Gr\u00e1nittal burkolt \u00e9s \u00e1rny\u00e9kos \u00f6sv\u00e9nyei geol\u00f3giai felfordul\u00e1s \u00e1ltal kitaposott \u00f6sv\u00e9nyeket k\u00f6vetnek, ugyanakkor olyan gener\u00e1ci\u00f3k nyomdokait is k\u00f6vetik, akik f\u00e1t termeltek ki, sz\u0151l\u0151\u00fcltetv\u00e9nyeket m\u0171veltek \u00e9s term\u00e1lmedenc\u00e9kben kerestek vigaszt. Az itt ered\u0151 foly\u00f3k e magaslatok t\u00f6rt\u00e9net\u00e9t viszik a s\u00edks\u00e1gokra, \u00f6sszek\u00f6tve a felf\u00f6ldeket a parttal. Az el\u0151tt\u00fcnk \u00e1ll\u00f3 kih\u00edv\u00e1s a geol\u00f3gia, a hidrol\u00f3gia \u00e9s az \u00f6kol\u00f3gia integrit\u00e1s\u00e1nak meg\u0151rz\u00e9se, mik\u00f6zben fenntartjuk azokat a kultur\u00e1lis hagyom\u00e1nyokat, amelyek a hegys\u00e9g identit\u00e1s\u00e1t adj\u00e1k.<\/p>\n<p>A vulk\u00e1ni t\u00f6rt\u00e9nelem, az erdei \u00f6kol\u00f3gia \u00e9s az emberi telep\u00fcl\u00e9sek sz\u00e1lai elv\u00e1laszthatatlanok. Egyedi \u00f6kosziszt\u00e9m\u00e1inak \u2013 a gesztenyef\u00e1kt\u00f3l a sasf\u00e9szkel\u0151helyekig \u2013 meg\u0151rz\u00e9se elk\u00f6telezetts\u00e9get ig\u00e9nyel a k\u00e1ros f\u00f6ldhaszn\u00e1lat visszaford\u00edt\u00e1sa \u00e9s az \u0151shonos erd\u0151k \u00e1pol\u00e1sa ir\u00e1nt. A term\u00e9szetv\u00e9delem, a fenntarthat\u00f3 meg\u00e9lhet\u00e9s \u00e9s a tudatos turizmus \u00f6sszehangol\u00e1s\u00e1val a r\u00e9gi\u00f3 meg\u0151rizheti p\u00e1r\u00e1s \u00e9ghajlat\u00fa erdeit, \u00e9vel\u0151 patakjait \u00e9s term\u00e1lforr\u00e1sait. Ez\u00e1ltal biztos\u00edthat\u00f3, hogy a F\u00f3ia \u00e9s a Picota cs\u00facsai ne csup\u00e1n geol\u00f3giai eml\u00e9kek, hanem \u00e9l\u0151 t\u00e1jak maradjanak, ahol a term\u00e9szet m\u00e9ly ideje \u00e9s az emberis\u00e9g t\u00f6rt\u00e9nelme tov\u00e1bbra is kibontakozik.<\/p>","protected":false},"excerpt":{"rendered":"<p>A Serra de Monchique egy kiemelked\u0151 hegyl\u00e1nc Portug\u00e1lia nyugati Algarve r\u00e9gi\u00f3j\u00e1ban, k\u00f6r\u00fclbel\u00fcl 20 kilom\u00e9terre a partt\u00f3l. Az Ib\u00e9riai-f\u00e9lsziget d\u00e9lnyugati r\u00e9sz\u00e9n ez a csod\u00e1latos geol\u00f3giai k\u00e9pz\u0151dm\u00e9ny \u2013 a lejt\u0151in \u00e9s v\u00f6lgyeiben sz\u00e9tsz\u00f3rtan \u00e9l\u0151 kis n\u00e9pess\u00e9g otthona \u2013 term\u00e9szeti eml\u00e9ket alkot.<\/p>","protected":false},"author":1,"featured_media":17473,"parent":12065,"menu_order":0,"comment_status":"closed","ping_status":"closed","template":"elementor_theme","meta":{"_eb_attr":"","footnotes":""},"class_list":["post-16989","page","type-page","status-publish","has-post-thumbnail"],"_links":{"self":[{"href":"https:\/\/travelshelper.com\/hu\/wp-json\/wp\/v2\/pages\/16989","targetHints":{"allow":["GET"]}}],"collection":[{"href":"https:\/\/travelshelper.com\/hu\/wp-json\/wp\/v2\/pages"}],"about":[{"href":"https:\/\/travelshelper.com\/hu\/wp-json\/wp\/v2\/types\/page"}],"author":[{"embeddable":true,"href":"https:\/\/travelshelper.com\/hu\/wp-json\/wp\/v2\/users\/1"}],"replies":[{"embeddable":true,"href":"https:\/\/travelshelper.com\/hu\/wp-json\/wp\/v2\/comments?post=16989"}],"version-history":[{"count":0,"href":"https:\/\/travelshelper.com\/hu\/wp-json\/wp\/v2\/pages\/16989\/revisions"}],"up":[{"embeddable":true,"href":"https:\/\/travelshelper.com\/hu\/wp-json\/wp\/v2\/pages\/12065"}],"wp:featuredmedia":[{"embeddable":true,"href":"https:\/\/travelshelper.com\/hu\/wp-json\/wp\/v2\/media\/17473"}],"wp:attachment":[{"href":"https:\/\/travelshelper.com\/hu\/wp-json\/wp\/v2\/media?parent=16989"}],"curies":[{"name":"wp","href":"https:\/\/api.w.org\/{rel}","templated":true}]}}